{"id":11035,"date":"2024-01-06T17:51:24","date_gmt":"2024-01-06T17:51:24","guid":{"rendered":"https:\/\/indtesa-electronica.com\/?post_type=product&#038;p=11035"},"modified":"2025-02-26T00:27:59","modified_gmt":"2025-02-26T00:27:59","slug":"sonoff-dualr3-interruptor-inteligente-control-de-persiana-enrollable","status":"publish","type":"product","link":"https:\/\/indtesa-electronica.com\/en\/tienda-en-linea\/iot\/domotica\/sonoff-dualr3-interruptor-inteligente-control-de-persiana-enrollable\/","title":{"rendered":"Sonoff DUALR3, Interruptor Inteligente, Control de Persiana"},"content":{"rendered":"<p>SONOFF DUALR3 lleva su hogar al siguiente nivel. DUALR3 es un m\u00f3dulo de interruptor de rel\u00e9 doble inteligente Wi-Fi empotrado que se instala detr\u00e1s de cualquier interruptor est\u00e1ndar para convertirlo en un interruptor inteligente para el control remoto inal\u00e1mbrico con dispositivos m\u00f3viles o comandos de voz. Unifica sus electrodom\u00e9sticos en una red inal\u00e1mbrica integrada para que se comuniquen entre s\u00ed, lo que le resultar\u00e1 c\u00f3modo de gestionar y controlar, incluidas luces, electrodom\u00e9sticos e instalaciones motorizadas como persianas enrollables, persianas de ventana, persianas, toldos, etc. Cuenta con certificaci\u00f3n TUV que proporciona una cantidad fiable y una seguridad avanzada, sin tener que preocuparse por el riesgo potencial de incendio y sobrecalentamiento.<\/p>\n<p>&nbsp;<\/p>\n<p>Control de voz Siri. Mediante la configuraci\u00f3n de acceso directo Siri en eWeLink que le permite controlar sus cortinas con su voz. Incluso puedes crear una escena inteligente para que mantenga la conexi\u00f3n con otros dispositivos de tu hogar, por ejemplo, pedirle a Siri que cierre la cortina para activar la tira de luces L1 Lite y disfrutar de una noche de cine en casa.<\/p>\n<p><img loading=\"lazy\" decoding=\"async\" class=\"alignnone wp-image-11039 size-full\" src=\"https:\/\/indtesa-electronica.com\/wp-content\/uploads\/2024\/01\/DUALR3-Interruptor-Inteligente_4.translated.jpg\" alt=\"\" width=\"920\" height=\"530\" srcset=\"https:\/\/indtesa-electronica.com\/wp-content\/uploads\/2024\/01\/DUALR3-Interruptor-Inteligente_4.translated.jpg 920w, https:\/\/indtesa-electronica.com\/wp-content\/uploads\/2024\/01\/DUALR3-Interruptor-Inteligente_4.translated-300x173.jpg 300w, https:\/\/indtesa-electronica.com\/wp-content\/uploads\/2024\/01\/DUALR3-Interruptor-Inteligente_4.translated-768x442.jpg 768w, https:\/\/indtesa-electronica.com\/wp-content\/uploads\/2024\/01\/DUALR3-Interruptor-Inteligente_4.translated-18x10.jpg 18w, https:\/\/indtesa-electronica.com\/wp-content\/uploads\/2024\/01\/DUALR3-Interruptor-Inteligente_4.translated-500x288.jpg 500w\" sizes=\"auto, (max-width: 920px) 100vw, 920px\" \/><\/p>\n<p><img loading=\"lazy\" decoding=\"async\" class=\"alignnone wp-image-11040 size-full\" src=\"https:\/\/indtesa-electronica.com\/wp-content\/uploads\/2024\/01\/DUALR3-Interruptor-Inteligente_5.translated.jpg\" alt=\"\" width=\"750\" height=\"400\" srcset=\"https:\/\/indtesa-electronica.com\/wp-content\/uploads\/2024\/01\/DUALR3-Interruptor-Inteligente_5.translated.jpg 750w, https:\/\/indtesa-electronica.com\/wp-content\/uploads\/2024\/01\/DUALR3-Interruptor-Inteligente_5.translated-300x160.jpg 300w, https:\/\/indtesa-electronica.com\/wp-content\/uploads\/2024\/01\/DUALR3-Interruptor-Inteligente_5.translated-18x10.jpg 18w, https:\/\/indtesa-electronica.com\/wp-content\/uploads\/2024\/01\/DUALR3-Interruptor-Inteligente_5.translated-500x267.jpg 500w\" sizes=\"auto, (max-width: 750px) 100vw, 750px\" \/><\/p>","protected":false},"excerpt":{"rendered":"<p>SONOFF DUALR3 lleva su hogar al siguiente nivel. DUALR3 es un m\u00f3dulo de interruptor de rel\u00e9 doble inteligente Wi-Fi empotrado que se instala detr\u00e1s de cualquier interruptor est\u00e1ndar para convertirlo en un interruptor inteligente para el control remoto inal\u00e1mbrico con dispositivos m\u00f3viles o comandos de voz. Unifica sus electrodom\u00e9sticos en una red inal\u00e1mbrica integrada para [&hellip;]<\/p>\n","protected":false},"featured_media":11036,"template":"","meta":{"_gspb_post_css":""},"product_brand":[233],"product_cat":[111],"product_tag":[],"class_list":{"0":"post-11035","1":"product","2":"type-product","3":"status-publish","4":"has-post-thumbnail","6":"product_brand-sonoff","7":"product_cat-domotica","9":"first","10":"instock","11":"taxable","12":"shipping-taxable","13":"purchasable","14":"product-type-simple"},"ct_brands":[{"id":233,"name":"Sonoff","slug":"sonoff"}],"yoast_head":"<!-- This site is optimized with the Yoast SEO plugin v27.1.1 - https:\/\/yoast.com\/product\/yoast-seo-wordpress\/ -->\n<title>Sonoff DUALR3, Interruptor Inteligente, Control de Persiana | IndTESA<\/title>\n<meta name=\"robots\" content=\"index, follow, max-snippet:-1, max-image-preview:large, max-video-preview:-1\" \/>\n<link rel=\"canonical\" href=\"https:\/\/indtesa-electronica.com\/en\/tienda-en-linea\/iot\/domotica\/sonoff-dualr3-interruptor-inteligente-control-de-persiana-enrollable\/\" \/>\n<meta property=\"og:locale\" content=\"en_US\" \/>\n<meta property=\"og:type\" content=\"article\" \/>\n<meta property=\"og:title\" content=\"Sonoff DUALR3, Interruptor Inteligente, Control de Persiana | IndTESA\" \/>\n<meta property=\"og:description\" content=\"SONOFF DUALR3 lleva su hogar al siguiente nivel. DUALR3 es un m\u00f3dulo de interruptor de rel\u00e9 doble inteligente Wi-Fi empotrado que se instala detr\u00e1s de cualquier interruptor est\u00e1ndar para convertirlo en un interruptor inteligente para el control remoto inal\u00e1mbrico con dispositivos m\u00f3viles o comandos de voz. Unifica sus electrodom\u00e9sticos en una red inal\u00e1mbrica integrada para [&hellip;]\" \/>\n<meta property=\"og:url\" content=\"https:\/\/indtesa-electronica.com\/en\/tienda-en-linea\/iot\/domotica\/sonoff-dualr3-interruptor-inteligente-control-de-persiana-enrollable\/\" \/>\n<meta property=\"og:site_name\" content=\"IndTESA\" \/>\n<meta property=\"article:modified_time\" content=\"2025-02-26T00:27:59+00:00\" \/>\n<meta property=\"og:image\" content=\"https:\/\/indtesa-electronica.com\/wp-content\/uploads\/2024\/01\/DUALR3-Interruptor-Inteligente.png\" \/>\n\t<meta property=\"og:image:width\" content=\"700\" \/>\n\t<meta property=\"og:image:height\" content=\"700\" \/>\n\t<meta property=\"og:image:type\" content=\"image\/png\" \/>\n<meta name=\"twitter:card\" content=\"summary_large_image\" \/>\n<meta name=\"twitter:label1\" content=\"Est. reading time\" \/>\n\t<meta name=\"twitter:data1\" content=\"2 minutes\" \/>\n<script type=\"application\/ld+json\" class=\"yoast-schema-graph\">{\"@context\":\"https:\/\/schema.org\",\"@graph\":[{\"@type\":\"WebPage\",\"@id\":\"https:\/\/indtesa-electronica.com\/tienda-en-linea\/iot\/domotica\/sonoff-dualr3-interruptor-inteligente-control-de-persiana-enrollable\/\",\"url\":\"https:\/\/indtesa-electronica.com\/tienda-en-linea\/iot\/domotica\/sonoff-dualr3-interruptor-inteligente-control-de-persiana-enrollable\/\",\"name\":\"Sonoff DUALR3, Interruptor Inteligente, Control de Persiana | IndTESA\",\"isPartOf\":{\"@id\":\"https:\/\/indtesa-electronica.com\/#website\"},\"primaryImageOfPage\":{\"@id\":\"https:\/\/indtesa-electronica.com\/tienda-en-linea\/iot\/domotica\/sonoff-dualr3-interruptor-inteligente-control-de-persiana-enrollable\/#primaryimage\"},\"image\":{\"@id\":\"https:\/\/indtesa-electronica.com\/tienda-en-linea\/iot\/domotica\/sonoff-dualr3-interruptor-inteligente-control-de-persiana-enrollable\/#primaryimage\"},\"thumbnailUrl\":\"https:\/\/indtesa-electronica.com\/wp-content\/uploads\/2024\/01\/DUALR3-Interruptor-Inteligente.png\",\"datePublished\":\"2024-01-06T17:51:24+00:00\",\"dateModified\":\"2025-02-26T00:27:59+00:00\",\"breadcrumb\":{\"@id\":\"https:\/\/indtesa-electronica.com\/tienda-en-linea\/iot\/domotica\/sonoff-dualr3-interruptor-inteligente-control-de-persiana-enrollable\/#breadcrumb\"},\"inLanguage\":\"en-US\",\"potentialAction\":[{\"@type\":\"ReadAction\",\"target\":[\"https:\/\/indtesa-electronica.com\/tienda-en-linea\/iot\/domotica\/sonoff-dualr3-interruptor-inteligente-control-de-persiana-enrollable\/\"]}]},{\"@type\":\"ImageObject\",\"inLanguage\":\"en-US\",\"@id\":\"https:\/\/indtesa-electronica.com\/tienda-en-linea\/iot\/domotica\/sonoff-dualr3-interruptor-inteligente-control-de-persiana-enrollable\/#primaryimage\",\"url\":\"https:\/\/indtesa-electronica.com\/wp-content\/uploads\/2024\/01\/DUALR3-Interruptor-Inteligente.png\",\"contentUrl\":\"https:\/\/indtesa-electronica.com\/wp-content\/uploads\/2024\/01\/DUALR3-Interruptor-Inteligente.png\",\"width\":700,\"height\":700},{\"@type\":\"BreadcrumbList\",\"@id\":\"https:\/\/indtesa-electronica.com\/tienda-en-linea\/iot\/domotica\/sonoff-dualr3-interruptor-inteligente-control-de-persiana-enrollable\/#breadcrumb\",\"itemListElement\":[{\"@type\":\"ListItem\",\"position\":1,\"name\":\"Inicio\",\"item\":\"https:\/\/indtesa-electronica.com\/\"},{\"@type\":\"ListItem\",\"position\":2,\"name\":\"Tienda en linea\",\"item\":\"https:\/\/indtesa-electronica.com\/tienda-en-linea\/\"},{\"@type\":\"ListItem\",\"position\":3,\"name\":\"Sonoff DUALR3, Interruptor Inteligente, Control de Persiana\"}]},{\"@type\":\"WebSite\",\"@id\":\"https:\/\/indtesa-electronica.com\/#website\",\"url\":\"https:\/\/indtesa-electronica.com\/\",\"name\":\"Electronica - IndTESA\",\"description\":\"\",\"publisher\":{\"@id\":\"https:\/\/indtesa-electronica.com\/#organization\"},\"potentialAction\":[{\"@type\":\"SearchAction\",\"target\":{\"@type\":\"EntryPoint\",\"urlTemplate\":\"https:\/\/indtesa-electronica.com\/?s={search_term_string}\"},\"query-input\":{\"@type\":\"PropertyValueSpecification\",\"valueRequired\":true,\"valueName\":\"search_term_string\"}}],\"inLanguage\":\"en-US\"},{\"@type\":\"Organization\",\"@id\":\"https:\/\/indtesa-electronica.com\/#organization\",\"name\":\"Industrial TESA S.A.S. de C.V.\",\"url\":\"https:\/\/indtesa-electronica.com\/\",\"logo\":{\"@type\":\"ImageObject\",\"inLanguage\":\"en-US\",\"@id\":\"https:\/\/indtesa-electronica.com\/#\/schema\/logo\/image\/\",\"url\":\"\",\"contentUrl\":\"\",\"caption\":\"Industrial TESA S.A.S. de C.V.\"},\"image\":{\"@id\":\"https:\/\/indtesa-electronica.com\/#\/schema\/logo\/image\/\"}}]}<\/script>\n<!-- \/ Yoast SEO plugin. -->","yoast_head_json":{"title":"Sonoff DUALR3, Interruptor Inteligente, Control de Persiana | IndTESA","robots":{"index":"index","follow":"follow","max-snippet":"max-snippet:-1","max-image-preview":"max-image-preview:large","max-video-preview":"max-video-preview:-1"},"canonical":"https:\/\/indtesa-electronica.com\/en\/tienda-en-linea\/iot\/domotica\/sonoff-dualr3-interruptor-inteligente-control-de-persiana-enrollable\/","og_locale":"en_US","og_type":"article","og_title":"Sonoff DUALR3, Interruptor Inteligente, Control de Persiana | IndTESA","og_description":"SONOFF DUALR3 lleva su hogar al siguiente nivel. DUALR3 es un m\u00f3dulo de interruptor de rel\u00e9 doble inteligente Wi-Fi empotrado que se instala detr\u00e1s de cualquier interruptor est\u00e1ndar para convertirlo en un interruptor inteligente para el control remoto inal\u00e1mbrico con dispositivos m\u00f3viles o comandos de voz. Unifica sus electrodom\u00e9sticos en una red inal\u00e1mbrica integrada para [&hellip;]","og_url":"https:\/\/indtesa-electronica.com\/en\/tienda-en-linea\/iot\/domotica\/sonoff-dualr3-interruptor-inteligente-control-de-persiana-enrollable\/","og_site_name":"IndTESA","article_modified_time":"2025-02-26T00:27:59+00:00","og_image":[{"width":700,"height":700,"url":"https:\/\/indtesa-electronica.com\/wp-content\/uploads\/2024\/01\/DUALR3-Interruptor-Inteligente.png","type":"image\/png"}],"twitter_card":"summary_large_image","twitter_misc":{"Est. reading time":"2 minutes"},"schema":{"@context":"https:\/\/schema.org","@graph":[{"@type":"WebPage","@id":"https:\/\/indtesa-electronica.com\/tienda-en-linea\/iot\/domotica\/sonoff-dualr3-interruptor-inteligente-control-de-persiana-enrollable\/","url":"https:\/\/indtesa-electronica.com\/tienda-en-linea\/iot\/domotica\/sonoff-dualr3-interruptor-inteligente-control-de-persiana-enrollable\/","name":"Sonoff DUALR3, Interruptor Inteligente, Control de Persiana | IndTESA","isPartOf":{"@id":"https:\/\/indtesa-electronica.com\/#website"},"primaryImageOfPage":{"@id":"https:\/\/indtesa-electronica.com\/tienda-en-linea\/iot\/domotica\/sonoff-dualr3-interruptor-inteligente-control-de-persiana-enrollable\/#primaryimage"},"image":{"@id":"https:\/\/indtesa-electronica.com\/tienda-en-linea\/iot\/domotica\/sonoff-dualr3-interruptor-inteligente-control-de-persiana-enrollable\/#primaryimage"},"thumbnailUrl":"https:\/\/indtesa-electronica.com\/wp-content\/uploads\/2024\/01\/DUALR3-Interruptor-Inteligente.png","datePublished":"2024-01-06T17:51:24+00:00","dateModified":"2025-02-26T00:27:59+00:00","breadcrumb":{"@id":"https:\/\/indtesa-electronica.com\/tienda-en-linea\/iot\/domotica\/sonoff-dualr3-interruptor-inteligente-control-de-persiana-enrollable\/#breadcrumb"},"inLanguage":"en-US","potentialAction":[{"@type":"ReadAction","target":["https:\/\/indtesa-electronica.com\/tienda-en-linea\/iot\/domotica\/sonoff-dualr3-interruptor-inteligente-control-de-persiana-enrollable\/"]}]},{"@type":"ImageObject","inLanguage":"en-US","@id":"https:\/\/indtesa-electronica.com\/tienda-en-linea\/iot\/domotica\/sonoff-dualr3-interruptor-inteligente-control-de-persiana-enrollable\/#primaryimage","url":"https:\/\/indtesa-electronica.com\/wp-content\/uploads\/2024\/01\/DUALR3-Interruptor-Inteligente.png","contentUrl":"https:\/\/indtesa-electronica.com\/wp-content\/uploads\/2024\/01\/DUALR3-Interruptor-Inteligente.png","width":700,"height":700},{"@type":"BreadcrumbList","@id":"https:\/\/indtesa-electronica.com\/tienda-en-linea\/iot\/domotica\/sonoff-dualr3-interruptor-inteligente-control-de-persiana-enrollable\/#breadcrumb","itemListElement":[{"@type":"ListItem","position":1,"name":"Inicio","item":"https:\/\/indtesa-electronica.com\/"},{"@type":"ListItem","position":2,"name":"Tienda en linea","item":"https:\/\/indtesa-electronica.com\/tienda-en-linea\/"},{"@type":"ListItem","position":3,"name":"Sonoff DUALR3, Interruptor Inteligente, Control de Persiana"}]},{"@type":"WebSite","@id":"https:\/\/indtesa-electronica.com\/#website","url":"https:\/\/indtesa-electronica.com\/","name":"Electronica - IndTESA","description":"","publisher":{"@id":"https:\/\/indtesa-electronica.com\/#organization"},"potentialAction":[{"@type":"SearchAction","target":{"@type":"EntryPoint","urlTemplate":"https:\/\/indtesa-electronica.com\/?s={search_term_string}"},"query-input":{"@type":"PropertyValueSpecification","valueRequired":true,"valueName":"search_term_string"}}],"inLanguage":"en-US"},{"@type":"Organization","@id":"https:\/\/indtesa-electronica.com\/#organization","name":"Industrial TESA S.A.S. de C.V.","url":"https:\/\/indtesa-electronica.com\/","logo":{"@type":"ImageObject","inLanguage":"en-US","@id":"https:\/\/indtesa-electronica.com\/#\/schema\/logo\/image\/","url":"","contentUrl":"","caption":"Industrial TESA S.A.S. de C.V."},"image":{"@id":"https:\/\/indtesa-electronica.com\/#\/schema\/logo\/image\/"}}]}},"jetpack_sharing_enabled":true,"tiered_pricing_type":"fixed","tiered_pricing_fixed_rules":[],"tiered_pricing_product_settings":{"layout":"default","base_unit_name":{"singular":null,"plural":null},"default_variation":null},"tiered_pricing_minimum_quantity":null,"tiered_pricing_roles_data":[],"tiered_pricing_percentage_rules":[],"_links":{"self":[{"href":"https:\/\/indtesa-electronica.com\/en\/wp-json\/wp\/v2\/product\/11035","targetHints":{"allow":["GET"]}}],"collection":[{"href":"https:\/\/indtesa-electronica.com\/en\/wp-json\/wp\/v2\/product"}],"about":[{"href":"https:\/\/indtesa-electronica.com\/en\/wp-json\/wp\/v2\/types\/product"}],"wp:featuredmedia":[{"embeddable":true,"href":"https:\/\/indtesa-electronica.com\/en\/wp-json\/wp\/v2\/media\/11036"}],"wp:attachment":[{"href":"https:\/\/indtesa-electronica.com\/en\/wp-json\/wp\/v2\/media?parent=11035"}],"wp:term":[{"taxonomy":"product_brand","embeddable":true,"href":"https:\/\/indtesa-electronica.com\/en\/wp-json\/wp\/v2\/product_brand?post=11035"},{"taxonomy":"product_cat","embeddable":true,"href":"https:\/\/indtesa-electronica.com\/en\/wp-json\/wp\/v2\/product_cat?post=11035"},{"taxonomy":"product_tag","embeddable":true,"href":"https:\/\/indtesa-electronica.com\/en\/wp-json\/wp\/v2\/product_tag?post=11035"}],"curies":[{"name":"wp","href":"https:\/\/api.w.org\/{rel}","templated":true}]}}