{"id":11900,"date":"2024-01-27T00:32:41","date_gmt":"2024-01-27T00:32:41","guid":{"rendered":"https:\/\/indtesa-electronica.com\/?post_type=product&#038;p=11900"},"modified":"2025-02-26T00:27:16","modified_gmt":"2025-02-26T00:27:16","slug":"sonoff-minicamara-gk-200mp2-b-camara-inalambrica-inteligente-hd-360-ir","status":"publish","type":"product","link":"https:\/\/indtesa-electronica.com\/en\/tienda-en-linea\/iot\/domotica\/sonoff-minicamara-gk-200mp2-b-camara-inalambrica-inteligente-hd-360-ir\/","title":{"rendered":"Sonoff Minic\u00e1mara GK-200MP2-B, C\u00e1mara Inalambrica Inteligente HD, 360 IR"},"content":{"rendered":"<ul>\n<li>Modelo: GK-200MP2-B<\/li>\n<li>N\u00famero de serie: M080205000123<\/li>\n<li>Alimentaci\u00f3n: 5V DC<\/li>\n<li>Corriente Max.: 1A<\/li>\n<li>Resoluci\u00f3n: soporte 1080P<\/li>\n<li>Apertura de lente: F1.2<\/li>\n<li>Est\u00e1ndar de compresi\u00f3n de video: H.264<\/li>\n<li>\u00c1ngulo de visi\u00f3n: 340 \u00b0 horizontal \/ 120 \u00b0 vertical<\/li>\n<li>Almacenamiento: TFcard (M\u00e1x. 128G)<\/li>\n<li>Est\u00e1ndar inal\u00e1mbrico: IEEE 802.11 b\/g\/n<\/li>\n<li>Frecuencia de red: 2.4 GHz<\/li>\n<li>Mecanismo de seguridad: WPA-PSK \/ WPA2-PSK<\/li>\n<li>Temperatura de trabajo: 0\u00b0 C a 50\u00b0 C<\/li>\n<li>Material: ABS<\/li>\n<li>Dimensiones: 109 x 109 x 120 mm<\/li>\n<li>Peso aprox.: 235g<\/li>\n<li>Certificaci\u00f3n: CE \/ FCC \/ RoHS<\/li>\n<li>Color: Blanco<\/li>\n<\/ul>\n<h3><strong>\u00bfQu\u00e9 caracteristicas tiene la camara?<\/strong><\/h3>\n<p>La c\u00e1mara de seguridad Sonoff es un dispositivo dise\u00f1ado para permitirle monitorear su hogar de forma remota a trav\u00e9s de su dispositivo m\u00f3vil, incluso cuando no se encuentre en casa. Puede ser instalada en la pared, el techo o sobre un escritorio, y ofrece conectividad tanto a trav\u00e9s de Wi-Fi como de cable Ethernet.<\/p>\n<p>Con una resoluci\u00f3n Full HD 1080P y un \u00e1ngulo de visi\u00f3n de 360\u00b0, esta c\u00e1mara le brinda una visi\u00f3n completa de su entorno. A trav\u00e9s de la aplicaci\u00f3n eWeLink, puede controlar la c\u00e1mara y girarla tanto horizontal como verticalmente para visualizar diferentes \u00e1reas de su hogar.<\/p>\n<p>La funci\u00f3n de visi\u00f3n nocturna por infrarrojos le permite mantener su hogar seguro tanto de d\u00eda como de noche, ya que los LED infrarrojos se activan autom\u00e1ticamente en condiciones de poca luz, garantizando una visi\u00f3n clara en la oscuridad.<\/p>\n<p>Adem\u00e1s, la c\u00e1mara cuenta con audio bidireccional, lo que le permite ver, escuchar y hablar con sus familiares en cualquier momento y desde cualquier lugar. Esto hace que la c\u00e1mara sea \u00fatil como monitor para beb\u00e9s o para comunicarse con otras personas mientras se encuentra en otra habitaci\u00f3n o incluso fuera de casa.<\/p>\n<h3><strong>Notas:<\/strong><\/h3>\n<p>1. La c\u00e1mara tiene la capacidad de enviar notificaciones de alarma a su dispositivo m\u00f3vil cuando se detecta movimiento.<br \/>\n2. Es compatible con el protocolo RTSP, lo que le permite gestionar simult\u00e1neamente m\u00faltiples im\u00e1genes de monitoreo a trav\u00e9s de un NVR, VLC, Purecodec, entre otros.<br \/>\n3. Soporta una tarjeta de memoria TF de hasta 128GB para almacenar sus videos y luego verlos desde su computadora. (La tarjeta se vende por separado).<\/p>\n<h3>Instalaci\u00f3n y Detalles<\/h3>\n<p><a class=\"lm231\" href=\"https:\/\/www.youtube.com\/watch?v=H-GRmhJxjtw\">Instalaci\u00f3n Sonoff C\u00e1mara<\/a><\/p>\n<p><a class=\"lm231\" href=\"https:\/\/www.youtube.com\/watch?v=ccCtqel5njs\">Configuraci\u00f3n Sonoff<\/a><\/p>\n<p><a class=\"lm231\" href=\"https:\/\/www.youtube.com\/watch?v=Hxq7U8IfCKo\">Dom\u00f3tica C\u00e1mara Sonoff<\/a><\/p>\n<h3>Documentaci\u00f3n<\/h3>\n<p><a class=\"lm231\" href=\"https:\/\/tresdprinttech.com\/wp-content\/uploads\/2022\/04\/kuai-su-zhi-nan-GK-200MP2-B-V1.2-20200418.pdf\" target=\"_blank\" rel=\"noreferrer noopener\">Gu\u00eda r\u00e1pida<\/a><\/p>\n<p><a class=\"lm231\" href=\"https:\/\/tresdprinttech.com\/wp-content\/uploads\/2022\/04\/shuo-ming-shu-GK-200MP2-B-V1.1-20210305.pdf\" target=\"_blank\" rel=\"noreferrer noopener\">Manual<\/a><\/p>\n<p><a class=\"lm231\" href=\"https:\/\/tresdprinttech.com\/wp-content\/uploads\/2022\/04\/chan-pin-can-shu-biao-GK-200MP2-B-20201116.pdf\" target=\"_blank\" rel=\"noreferrer noopener\">Especificaciones<\/a><\/p>","protected":false},"excerpt":{"rendered":"<p>Sonoff C\u00e1mara Inteligente con Visi\u00f3n Nocturna, 360 IR con Wifi 1080P HD <strong>INCLUYE<\/strong> cable de corriente<\/p>","protected":false},"featured_media":11901,"template":"","meta":{"_gspb_post_css":""},"product_brand":[233],"product_cat":[111],"product_tag":[],"class_list":{"0":"post-11900","1":"product","2":"type-product","3":"status-publish","4":"has-post-thumbnail","6":"product_brand-sonoff","7":"product_cat-domotica","9":"first","10":"instock","11":"sold-individually","12":"taxable","13":"shipping-taxable","14":"purchasable","15":"product-type-simple"},"ct_brands":[{"id":233,"name":"Sonoff","slug":"sonoff"}],"yoast_head":"<!-- This site is optimized with the Yoast SEO plugin v27.1.1 - https:\/\/yoast.com\/product\/yoast-seo-wordpress\/ -->\n<title>Sonoff Minic\u00e1mara GK-200MP2-B, C\u00e1mara Inalambrica Inteligente HD, 360 IR | IndTESA<\/title>\n<meta name=\"robots\" content=\"index, follow, max-snippet:-1, max-image-preview:large, max-video-preview:-1\" \/>\n<link rel=\"canonical\" href=\"https:\/\/indtesa-electronica.com\/en\/tienda-en-linea\/iot\/domotica\/sonoff-minicamara-gk-200mp2-b-camara-inalambrica-inteligente-hd-360-ir\/\" \/>\n<meta property=\"og:locale\" content=\"en_US\" \/>\n<meta property=\"og:type\" content=\"article\" \/>\n<meta property=\"og:title\" content=\"Sonoff Minic\u00e1mara GK-200MP2-B, C\u00e1mara Inalambrica Inteligente HD, 360 IR | IndTESA\" \/>\n<meta property=\"og:description\" content=\"Sonoff C\u00e1mara Inteligente con Visi\u00f3n Nocturna, 360 IR con Wifi 1080P HD INCLUYE cable de corriente\" \/>\n<meta property=\"og:url\" content=\"https:\/\/indtesa-electronica.com\/en\/tienda-en-linea\/iot\/domotica\/sonoff-minicamara-gk-200mp2-b-camara-inalambrica-inteligente-hd-360-ir\/\" \/>\n<meta property=\"og:site_name\" content=\"IndTESA\" \/>\n<meta property=\"article:modified_time\" content=\"2025-02-26T00:27:16+00:00\" \/>\n<meta property=\"og:image\" content=\"https:\/\/indtesa-electronica.com\/wp-content\/uploads\/2024\/01\/Sonoff-Minicamara-GK-200MP2-B-Camara-Inalambrica-Inteligente-HD-360-IR.png\" \/>\n\t<meta property=\"og:image:width\" content=\"430\" \/>\n\t<meta property=\"og:image:height\" content=\"430\" \/>\n\t<meta property=\"og:image:type\" content=\"image\/png\" \/>\n<meta name=\"twitter:card\" content=\"summary_large_image\" \/>\n<meta name=\"twitter:label1\" content=\"Est. reading time\" \/>\n\t<meta name=\"twitter:data1\" content=\"2 minutes\" \/>\n<script type=\"application\/ld+json\" class=\"yoast-schema-graph\">{\"@context\":\"https:\/\/schema.org\",\"@graph\":[{\"@type\":\"WebPage\",\"@id\":\"https:\/\/indtesa-electronica.com\/tienda-en-linea\/iot\/domotica\/sonoff-minicamara-gk-200mp2-b-camara-inalambrica-inteligente-hd-360-ir\/\",\"url\":\"https:\/\/indtesa-electronica.com\/tienda-en-linea\/iot\/domotica\/sonoff-minicamara-gk-200mp2-b-camara-inalambrica-inteligente-hd-360-ir\/\",\"name\":\"Sonoff Minic\u00e1mara GK-200MP2-B, C\u00e1mara Inalambrica Inteligente HD, 360 IR | IndTESA\",\"isPartOf\":{\"@id\":\"https:\/\/indtesa-electronica.com\/#website\"},\"primaryImageOfPage\":{\"@id\":\"https:\/\/indtesa-electronica.com\/tienda-en-linea\/iot\/domotica\/sonoff-minicamara-gk-200mp2-b-camara-inalambrica-inteligente-hd-360-ir\/#primaryimage\"},\"image\":{\"@id\":\"https:\/\/indtesa-electronica.com\/tienda-en-linea\/iot\/domotica\/sonoff-minicamara-gk-200mp2-b-camara-inalambrica-inteligente-hd-360-ir\/#primaryimage\"},\"thumbnailUrl\":\"https:\/\/indtesa-electronica.com\/wp-content\/uploads\/2024\/01\/Sonoff-Minicamara-GK-200MP2-B-Camara-Inalambrica-Inteligente-HD-360-IR.png\",\"datePublished\":\"2024-01-27T00:32:41+00:00\",\"dateModified\":\"2025-02-26T00:27:16+00:00\",\"breadcrumb\":{\"@id\":\"https:\/\/indtesa-electronica.com\/tienda-en-linea\/iot\/domotica\/sonoff-minicamara-gk-200mp2-b-camara-inalambrica-inteligente-hd-360-ir\/#breadcrumb\"},\"inLanguage\":\"en-US\",\"potentialAction\":[{\"@type\":\"ReadAction\",\"target\":[\"https:\/\/indtesa-electronica.com\/tienda-en-linea\/iot\/domotica\/sonoff-minicamara-gk-200mp2-b-camara-inalambrica-inteligente-hd-360-ir\/\"]}]},{\"@type\":\"ImageObject\",\"inLanguage\":\"en-US\",\"@id\":\"https:\/\/indtesa-electronica.com\/tienda-en-linea\/iot\/domotica\/sonoff-minicamara-gk-200mp2-b-camara-inalambrica-inteligente-hd-360-ir\/#primaryimage\",\"url\":\"https:\/\/indtesa-electronica.com\/wp-content\/uploads\/2024\/01\/Sonoff-Minicamara-GK-200MP2-B-Camara-Inalambrica-Inteligente-HD-360-IR.png\",\"contentUrl\":\"https:\/\/indtesa-electronica.com\/wp-content\/uploads\/2024\/01\/Sonoff-Minicamara-GK-200MP2-B-Camara-Inalambrica-Inteligente-HD-360-IR.png\",\"width\":430,\"height\":430},{\"@type\":\"BreadcrumbList\",\"@id\":\"https:\/\/indtesa-electronica.com\/tienda-en-linea\/iot\/domotica\/sonoff-minicamara-gk-200mp2-b-camara-inalambrica-inteligente-hd-360-ir\/#breadcrumb\",\"itemListElement\":[{\"@type\":\"ListItem\",\"position\":1,\"name\":\"Inicio\",\"item\":\"https:\/\/indtesa-electronica.com\/\"},{\"@type\":\"ListItem\",\"position\":2,\"name\":\"Tienda en linea\",\"item\":\"https:\/\/indtesa-electronica.com\/tienda-en-linea\/\"},{\"@type\":\"ListItem\",\"position\":3,\"name\":\"Sonoff Minic\u00e1mara GK-200MP2-B, C\u00e1mara Inalambrica Inteligente HD, 360 IR\"}]},{\"@type\":\"WebSite\",\"@id\":\"https:\/\/indtesa-electronica.com\/#website\",\"url\":\"https:\/\/indtesa-electronica.com\/\",\"name\":\"Electronica - IndTESA\",\"description\":\"\",\"publisher\":{\"@id\":\"https:\/\/indtesa-electronica.com\/#organization\"},\"potentialAction\":[{\"@type\":\"SearchAction\",\"target\":{\"@type\":\"EntryPoint\",\"urlTemplate\":\"https:\/\/indtesa-electronica.com\/?s={search_term_string}\"},\"query-input\":{\"@type\":\"PropertyValueSpecification\",\"valueRequired\":true,\"valueName\":\"search_term_string\"}}],\"inLanguage\":\"en-US\"},{\"@type\":\"Organization\",\"@id\":\"https:\/\/indtesa-electronica.com\/#organization\",\"name\":\"Industrial TESA S.A.S. de C.V.\",\"url\":\"https:\/\/indtesa-electronica.com\/\",\"logo\":{\"@type\":\"ImageObject\",\"inLanguage\":\"en-US\",\"@id\":\"https:\/\/indtesa-electronica.com\/#\/schema\/logo\/image\/\",\"url\":\"\",\"contentUrl\":\"\",\"caption\":\"Industrial TESA S.A.S. de C.V.\"},\"image\":{\"@id\":\"https:\/\/indtesa-electronica.com\/#\/schema\/logo\/image\/\"}}]}<\/script>\n<!-- \/ Yoast SEO plugin. -->","yoast_head_json":{"title":"Sonoff Minic\u00e1mara GK-200MP2-B, C\u00e1mara Inalambrica Inteligente HD, 360 IR | IndTESA","robots":{"index":"index","follow":"follow","max-snippet":"max-snippet:-1","max-image-preview":"max-image-preview:large","max-video-preview":"max-video-preview:-1"},"canonical":"https:\/\/indtesa-electronica.com\/en\/tienda-en-linea\/iot\/domotica\/sonoff-minicamara-gk-200mp2-b-camara-inalambrica-inteligente-hd-360-ir\/","og_locale":"en_US","og_type":"article","og_title":"Sonoff Minic\u00e1mara GK-200MP2-B, C\u00e1mara Inalambrica Inteligente HD, 360 IR | IndTESA","og_description":"Sonoff C\u00e1mara Inteligente con Visi\u00f3n Nocturna, 360 IR con Wifi 1080P HD INCLUYE cable de corriente","og_url":"https:\/\/indtesa-electronica.com\/en\/tienda-en-linea\/iot\/domotica\/sonoff-minicamara-gk-200mp2-b-camara-inalambrica-inteligente-hd-360-ir\/","og_site_name":"IndTESA","article_modified_time":"2025-02-26T00:27:16+00:00","og_image":[{"width":430,"height":430,"url":"https:\/\/indtesa-electronica.com\/wp-content\/uploads\/2024\/01\/Sonoff-Minicamara-GK-200MP2-B-Camara-Inalambrica-Inteligente-HD-360-IR.png","type":"image\/png"}],"twitter_card":"summary_large_image","twitter_misc":{"Est. reading time":"2 minutes"},"schema":{"@context":"https:\/\/schema.org","@graph":[{"@type":"WebPage","@id":"https:\/\/indtesa-electronica.com\/tienda-en-linea\/iot\/domotica\/sonoff-minicamara-gk-200mp2-b-camara-inalambrica-inteligente-hd-360-ir\/","url":"https:\/\/indtesa-electronica.com\/tienda-en-linea\/iot\/domotica\/sonoff-minicamara-gk-200mp2-b-camara-inalambrica-inteligente-hd-360-ir\/","name":"Sonoff Minic\u00e1mara GK-200MP2-B, C\u00e1mara Inalambrica Inteligente HD, 360 IR | IndTESA","isPartOf":{"@id":"https:\/\/indtesa-electronica.com\/#website"},"primaryImageOfPage":{"@id":"https:\/\/indtesa-electronica.com\/tienda-en-linea\/iot\/domotica\/sonoff-minicamara-gk-200mp2-b-camara-inalambrica-inteligente-hd-360-ir\/#primaryimage"},"image":{"@id":"https:\/\/indtesa-electronica.com\/tienda-en-linea\/iot\/domotica\/sonoff-minicamara-gk-200mp2-b-camara-inalambrica-inteligente-hd-360-ir\/#primaryimage"},"thumbnailUrl":"https:\/\/indtesa-electronica.com\/wp-content\/uploads\/2024\/01\/Sonoff-Minicamara-GK-200MP2-B-Camara-Inalambrica-Inteligente-HD-360-IR.png","datePublished":"2024-01-27T00:32:41+00:00","dateModified":"2025-02-26T00:27:16+00:00","breadcrumb":{"@id":"https:\/\/indtesa-electronica.com\/tienda-en-linea\/iot\/domotica\/sonoff-minicamara-gk-200mp2-b-camara-inalambrica-inteligente-hd-360-ir\/#breadcrumb"},"inLanguage":"en-US","potentialAction":[{"@type":"ReadAction","target":["https:\/\/indtesa-electronica.com\/tienda-en-linea\/iot\/domotica\/sonoff-minicamara-gk-200mp2-b-camara-inalambrica-inteligente-hd-360-ir\/"]}]},{"@type":"ImageObject","inLanguage":"en-US","@id":"https:\/\/indtesa-electronica.com\/tienda-en-linea\/iot\/domotica\/sonoff-minicamara-gk-200mp2-b-camara-inalambrica-inteligente-hd-360-ir\/#primaryimage","url":"https:\/\/indtesa-electronica.com\/wp-content\/uploads\/2024\/01\/Sonoff-Minicamara-GK-200MP2-B-Camara-Inalambrica-Inteligente-HD-360-IR.png","contentUrl":"https:\/\/indtesa-electronica.com\/wp-content\/uploads\/2024\/01\/Sonoff-Minicamara-GK-200MP2-B-Camara-Inalambrica-Inteligente-HD-360-IR.png","width":430,"height":430},{"@type":"BreadcrumbList","@id":"https:\/\/indtesa-electronica.com\/tienda-en-linea\/iot\/domotica\/sonoff-minicamara-gk-200mp2-b-camara-inalambrica-inteligente-hd-360-ir\/#breadcrumb","itemListElement":[{"@type":"ListItem","position":1,"name":"Inicio","item":"https:\/\/indtesa-electronica.com\/"},{"@type":"ListItem","position":2,"name":"Tienda en linea","item":"https:\/\/indtesa-electronica.com\/tienda-en-linea\/"},{"@type":"ListItem","position":3,"name":"Sonoff Minic\u00e1mara GK-200MP2-B, C\u00e1mara Inalambrica Inteligente HD, 360 IR"}]},{"@type":"WebSite","@id":"https:\/\/indtesa-electronica.com\/#website","url":"https:\/\/indtesa-electronica.com\/","name":"Electronica - IndTESA","description":"","publisher":{"@id":"https:\/\/indtesa-electronica.com\/#organization"},"potentialAction":[{"@type":"SearchAction","target":{"@type":"EntryPoint","urlTemplate":"https:\/\/indtesa-electronica.com\/?s={search_term_string}"},"query-input":{"@type":"PropertyValueSpecification","valueRequired":true,"valueName":"search_term_string"}}],"inLanguage":"en-US"},{"@type":"Organization","@id":"https:\/\/indtesa-electronica.com\/#organization","name":"Industrial TESA S.A.S. de C.V.","url":"https:\/\/indtesa-electronica.com\/","logo":{"@type":"ImageObject","inLanguage":"en-US","@id":"https:\/\/indtesa-electronica.com\/#\/schema\/logo\/image\/","url":"","contentUrl":"","caption":"Industrial TESA S.A.S. de C.V."},"image":{"@id":"https:\/\/indtesa-electronica.com\/#\/schema\/logo\/image\/"}}]}},"jetpack_sharing_enabled":true,"tiered_pricing_type":"fixed","tiered_pricing_fixed_rules":[],"tiered_pricing_product_settings":{"layout":"default","base_unit_name":{"singular":null,"plural":null},"default_variation":null},"tiered_pricing_minimum_quantity":null,"tiered_pricing_roles_data":[],"tiered_pricing_percentage_rules":[],"_links":{"self":[{"href":"https:\/\/indtesa-electronica.com\/en\/wp-json\/wp\/v2\/product\/11900","targetHints":{"allow":["GET"]}}],"collection":[{"href":"https:\/\/indtesa-electronica.com\/en\/wp-json\/wp\/v2\/product"}],"about":[{"href":"https:\/\/indtesa-electronica.com\/en\/wp-json\/wp\/v2\/types\/product"}],"wp:featuredmedia":[{"embeddable":true,"href":"https:\/\/indtesa-electronica.com\/en\/wp-json\/wp\/v2\/media\/11901"}],"wp:attachment":[{"href":"https:\/\/indtesa-electronica.com\/en\/wp-json\/wp\/v2\/media?parent=11900"}],"wp:term":[{"taxonomy":"product_brand","embeddable":true,"href":"https:\/\/indtesa-electronica.com\/en\/wp-json\/wp\/v2\/product_brand?post=11900"},{"taxonomy":"product_cat","embeddable":true,"href":"https:\/\/indtesa-electronica.com\/en\/wp-json\/wp\/v2\/product_cat?post=11900"},{"taxonomy":"product_tag","embeddable":true,"href":"https:\/\/indtesa-electronica.com\/en\/wp-json\/wp\/v2\/product_tag?post=11900"}],"curies":[{"name":"wp","href":"https:\/\/api.w.org\/{rel}","templated":true}]}}