{"id":12519,"date":"2024-02-06T22:59:50","date_gmt":"2024-02-06T22:59:50","guid":{"rendered":"https:\/\/indtesa-electronica.com\/?post_type=product&#038;p=12519"},"modified":"2025-02-20T02:42:20","modified_gmt":"2025-02-20T02:42:20","slug":"cable-electrico-26-awg-8-conductores","status":"publish","type":"product","link":"https:\/\/indtesa-electronica.com\/en\/tienda-en-linea\/componentes\/cables\/cable-electrico-26-awg-8-conductores\/","title":{"rendered":"Cable Electrico, 26 AWG, 8 Conductores"},"content":{"rendered":"<p>Material del enrollado: Silicona Anti-Corrosi\u00f3n<br \/>\nN\u00famero de conductores: 8<br \/>\nDiametro Externo: 5.1mm<br \/>\nVoltaje: 300V<\/p>\n<p><img loading=\"lazy\" decoding=\"async\" class=\"alignleft wp-image-12520\" src=\"https:\/\/indtesa-electronica.com\/wp-content\/uploads\/2024\/02\/tabla.png\" alt=\"\" width=\"697\" height=\"445\" srcset=\"https:\/\/indtesa-electronica.com\/wp-content\/uploads\/2024\/02\/tabla.png 537w, https:\/\/indtesa-electronica.com\/wp-content\/uploads\/2024\/02\/tabla-300x192.png 300w, https:\/\/indtesa-electronica.com\/wp-content\/uploads\/2024\/02\/tabla-18x12.png 18w, https:\/\/indtesa-electronica.com\/wp-content\/uploads\/2024\/02\/tabla-500x319.png 500w\" sizes=\"auto, (max-width: 697px) 100vw, 697px\" \/><\/p>","protected":false},"excerpt":{"rendered":"<p>Cable Conductor Electrico, Tama\u00f1o de Cable 26 AWG<br \/>\nLongitud del Cable: <strong>1 Metro<\/strong><\/p>\n<p>Nota: Cada cantidad agregada al producto se contar\u00e1 como 1 metro m\u00e1s<\/p>","protected":false},"featured_media":12521,"template":"","meta":{"_gspb_post_css":""},"product_brand":[],"product_cat":[107],"product_tag":[],"class_list":{"0":"post-12519","1":"product","2":"type-product","3":"status-publish","4":"has-post-thumbnail","6":"product_cat-cables","8":"first","9":"instock","10":"taxable","11":"shipping-taxable","12":"purchasable","13":"product-type-simple"},"ct_brands":[],"yoast_head":"<!-- This site is optimized with the Yoast SEO plugin v27.1.1 - https:\/\/yoast.com\/product\/yoast-seo-wordpress\/ -->\n<title>Cable Electrico, 26 AWG, 8 Conductores | IndTESA<\/title>\n<meta name=\"robots\" content=\"index, follow, max-snippet:-1, max-image-preview:large, max-video-preview:-1\" \/>\n<link rel=\"canonical\" href=\"https:\/\/indtesa-electronica.com\/en\/tienda-en-linea\/componentes\/cables\/cable-electrico-26-awg-8-conductores\/\" \/>\n<meta property=\"og:locale\" content=\"en_US\" \/>\n<meta property=\"og:type\" content=\"article\" \/>\n<meta property=\"og:title\" content=\"Cable Electrico, 26 AWG, 8 Conductores | IndTESA\" \/>\n<meta property=\"og:description\" content=\"Cable Conductor Electrico, Tama\u00f1o de Cable 26 AWG Longitud del Cable: 1 Metro  Nota: Cada cantidad agregada al producto se contar\u00e1 como 1 metro m\u00e1s\" \/>\n<meta property=\"og:url\" content=\"https:\/\/indtesa-electronica.com\/en\/tienda-en-linea\/componentes\/cables\/cable-electrico-26-awg-8-conductores\/\" \/>\n<meta property=\"og:site_name\" content=\"IndTESA\" \/>\n<meta property=\"article:modified_time\" content=\"2025-02-20T02:42:20+00:00\" \/>\n<meta property=\"og:image\" content=\"https:\/\/indtesa-electronica.com\/wp-content\/uploads\/2024\/02\/Cable-Electrico-26-AWG-8-Conductores.png\" \/>\n\t<meta property=\"og:image:width\" content=\"460\" \/>\n\t<meta property=\"og:image:height\" content=\"460\" \/>\n\t<meta property=\"og:image:type\" content=\"image\/png\" \/>\n<meta name=\"twitter:card\" content=\"summary_large_image\" \/>\n<meta name=\"twitter:label1\" content=\"Est. reading time\" \/>\n\t<meta name=\"twitter:data1\" content=\"1 minute\" \/>\n<script type=\"application\/ld+json\" class=\"yoast-schema-graph\">{\"@context\":\"https:\/\/schema.org\",\"@graph\":[{\"@type\":\"WebPage\",\"@id\":\"https:\/\/indtesa-electronica.com\/tienda-en-linea\/componentes\/cables\/cable-electrico-26-awg-8-conductores\/\",\"url\":\"https:\/\/indtesa-electronica.com\/tienda-en-linea\/componentes\/cables\/cable-electrico-26-awg-8-conductores\/\",\"name\":\"Cable Electrico, 26 AWG, 8 Conductores | IndTESA\",\"isPartOf\":{\"@id\":\"https:\/\/indtesa-electronica.com\/#website\"},\"primaryImageOfPage\":{\"@id\":\"https:\/\/indtesa-electronica.com\/tienda-en-linea\/componentes\/cables\/cable-electrico-26-awg-8-conductores\/#primaryimage\"},\"image\":{\"@id\":\"https:\/\/indtesa-electronica.com\/tienda-en-linea\/componentes\/cables\/cable-electrico-26-awg-8-conductores\/#primaryimage\"},\"thumbnailUrl\":\"https:\/\/indtesa-electronica.com\/wp-content\/uploads\/2024\/02\/Cable-Electrico-26-AWG-8-Conductores.png\",\"datePublished\":\"2024-02-06T22:59:50+00:00\",\"dateModified\":\"2025-02-20T02:42:20+00:00\",\"breadcrumb\":{\"@id\":\"https:\/\/indtesa-electronica.com\/tienda-en-linea\/componentes\/cables\/cable-electrico-26-awg-8-conductores\/#breadcrumb\"},\"inLanguage\":\"en-US\",\"potentialAction\":[{\"@type\":\"ReadAction\",\"target\":[\"https:\/\/indtesa-electronica.com\/tienda-en-linea\/componentes\/cables\/cable-electrico-26-awg-8-conductores\/\"]}]},{\"@type\":\"ImageObject\",\"inLanguage\":\"en-US\",\"@id\":\"https:\/\/indtesa-electronica.com\/tienda-en-linea\/componentes\/cables\/cable-electrico-26-awg-8-conductores\/#primaryimage\",\"url\":\"https:\/\/indtesa-electronica.com\/wp-content\/uploads\/2024\/02\/Cable-Electrico-26-AWG-8-Conductores.png\",\"contentUrl\":\"https:\/\/indtesa-electronica.com\/wp-content\/uploads\/2024\/02\/Cable-Electrico-26-AWG-8-Conductores.png\",\"width\":460,\"height\":460},{\"@type\":\"BreadcrumbList\",\"@id\":\"https:\/\/indtesa-electronica.com\/tienda-en-linea\/componentes\/cables\/cable-electrico-26-awg-8-conductores\/#breadcrumb\",\"itemListElement\":[{\"@type\":\"ListItem\",\"position\":1,\"name\":\"Inicio\",\"item\":\"https:\/\/indtesa-electronica.com\/\"},{\"@type\":\"ListItem\",\"position\":2,\"name\":\"Tienda en linea\",\"item\":\"https:\/\/indtesa-electronica.com\/tienda-en-linea\/\"},{\"@type\":\"ListItem\",\"position\":3,\"name\":\"Cable Electrico, 26 AWG, 8 Conductores\"}]},{\"@type\":\"WebSite\",\"@id\":\"https:\/\/indtesa-electronica.com\/#website\",\"url\":\"https:\/\/indtesa-electronica.com\/\",\"name\":\"Electronica - IndTESA\",\"description\":\"\",\"publisher\":{\"@id\":\"https:\/\/indtesa-electronica.com\/#organization\"},\"potentialAction\":[{\"@type\":\"SearchAction\",\"target\":{\"@type\":\"EntryPoint\",\"urlTemplate\":\"https:\/\/indtesa-electronica.com\/?s={search_term_string}\"},\"query-input\":{\"@type\":\"PropertyValueSpecification\",\"valueRequired\":true,\"valueName\":\"search_term_string\"}}],\"inLanguage\":\"en-US\"},{\"@type\":\"Organization\",\"@id\":\"https:\/\/indtesa-electronica.com\/#organization\",\"name\":\"Industrial TESA S.A.S. de C.V.\",\"url\":\"https:\/\/indtesa-electronica.com\/\",\"logo\":{\"@type\":\"ImageObject\",\"inLanguage\":\"en-US\",\"@id\":\"https:\/\/indtesa-electronica.com\/#\/schema\/logo\/image\/\",\"url\":\"\",\"contentUrl\":\"\",\"caption\":\"Industrial TESA S.A.S. de C.V.\"},\"image\":{\"@id\":\"https:\/\/indtesa-electronica.com\/#\/schema\/logo\/image\/\"}}]}<\/script>\n<!-- \/ Yoast SEO plugin. -->","yoast_head_json":{"title":"Cable Electrico, 26 AWG, 8 Conductores | IndTESA","robots":{"index":"index","follow":"follow","max-snippet":"max-snippet:-1","max-image-preview":"max-image-preview:large","max-video-preview":"max-video-preview:-1"},"canonical":"https:\/\/indtesa-electronica.com\/en\/tienda-en-linea\/componentes\/cables\/cable-electrico-26-awg-8-conductores\/","og_locale":"en_US","og_type":"article","og_title":"Cable Electrico, 26 AWG, 8 Conductores | IndTESA","og_description":"Cable Conductor Electrico, Tama\u00f1o de Cable 26 AWG Longitud del Cable: 1 Metro  Nota: Cada cantidad agregada al producto se contar\u00e1 como 1 metro m\u00e1s","og_url":"https:\/\/indtesa-electronica.com\/en\/tienda-en-linea\/componentes\/cables\/cable-electrico-26-awg-8-conductores\/","og_site_name":"IndTESA","article_modified_time":"2025-02-20T02:42:20+00:00","og_image":[{"width":460,"height":460,"url":"https:\/\/indtesa-electronica.com\/wp-content\/uploads\/2024\/02\/Cable-Electrico-26-AWG-8-Conductores.png","type":"image\/png"}],"twitter_card":"summary_large_image","twitter_misc":{"Est. reading time":"1 minute"},"schema":{"@context":"https:\/\/schema.org","@graph":[{"@type":"WebPage","@id":"https:\/\/indtesa-electronica.com\/tienda-en-linea\/componentes\/cables\/cable-electrico-26-awg-8-conductores\/","url":"https:\/\/indtesa-electronica.com\/tienda-en-linea\/componentes\/cables\/cable-electrico-26-awg-8-conductores\/","name":"Cable Electrico, 26 AWG, 8 Conductores | IndTESA","isPartOf":{"@id":"https:\/\/indtesa-electronica.com\/#website"},"primaryImageOfPage":{"@id":"https:\/\/indtesa-electronica.com\/tienda-en-linea\/componentes\/cables\/cable-electrico-26-awg-8-conductores\/#primaryimage"},"image":{"@id":"https:\/\/indtesa-electronica.com\/tienda-en-linea\/componentes\/cables\/cable-electrico-26-awg-8-conductores\/#primaryimage"},"thumbnailUrl":"https:\/\/indtesa-electronica.com\/wp-content\/uploads\/2024\/02\/Cable-Electrico-26-AWG-8-Conductores.png","datePublished":"2024-02-06T22:59:50+00:00","dateModified":"2025-02-20T02:42:20+00:00","breadcrumb":{"@id":"https:\/\/indtesa-electronica.com\/tienda-en-linea\/componentes\/cables\/cable-electrico-26-awg-8-conductores\/#breadcrumb"},"inLanguage":"en-US","potentialAction":[{"@type":"ReadAction","target":["https:\/\/indtesa-electronica.com\/tienda-en-linea\/componentes\/cables\/cable-electrico-26-awg-8-conductores\/"]}]},{"@type":"ImageObject","inLanguage":"en-US","@id":"https:\/\/indtesa-electronica.com\/tienda-en-linea\/componentes\/cables\/cable-electrico-26-awg-8-conductores\/#primaryimage","url":"https:\/\/indtesa-electronica.com\/wp-content\/uploads\/2024\/02\/Cable-Electrico-26-AWG-8-Conductores.png","contentUrl":"https:\/\/indtesa-electronica.com\/wp-content\/uploads\/2024\/02\/Cable-Electrico-26-AWG-8-Conductores.png","width":460,"height":460},{"@type":"BreadcrumbList","@id":"https:\/\/indtesa-electronica.com\/tienda-en-linea\/componentes\/cables\/cable-electrico-26-awg-8-conductores\/#breadcrumb","itemListElement":[{"@type":"ListItem","position":1,"name":"Inicio","item":"https:\/\/indtesa-electronica.com\/"},{"@type":"ListItem","position":2,"name":"Tienda en linea","item":"https:\/\/indtesa-electronica.com\/tienda-en-linea\/"},{"@type":"ListItem","position":3,"name":"Cable Electrico, 26 AWG, 8 Conductores"}]},{"@type":"WebSite","@id":"https:\/\/indtesa-electronica.com\/#website","url":"https:\/\/indtesa-electronica.com\/","name":"Electronica - IndTESA","description":"","publisher":{"@id":"https:\/\/indtesa-electronica.com\/#organization"},"potentialAction":[{"@type":"SearchAction","target":{"@type":"EntryPoint","urlTemplate":"https:\/\/indtesa-electronica.com\/?s={search_term_string}"},"query-input":{"@type":"PropertyValueSpecification","valueRequired":true,"valueName":"search_term_string"}}],"inLanguage":"en-US"},{"@type":"Organization","@id":"https:\/\/indtesa-electronica.com\/#organization","name":"Industrial TESA S.A.S. de C.V.","url":"https:\/\/indtesa-electronica.com\/","logo":{"@type":"ImageObject","inLanguage":"en-US","@id":"https:\/\/indtesa-electronica.com\/#\/schema\/logo\/image\/","url":"","contentUrl":"","caption":"Industrial TESA S.A.S. de C.V."},"image":{"@id":"https:\/\/indtesa-electronica.com\/#\/schema\/logo\/image\/"}}]}},"jetpack_sharing_enabled":true,"tiered_pricing_type":"fixed","tiered_pricing_fixed_rules":[],"tiered_pricing_product_settings":{"layout":"default","base_unit_name":{"singular":null,"plural":null},"default_variation":null},"tiered_pricing_minimum_quantity":null,"tiered_pricing_roles_data":[],"tiered_pricing_percentage_rules":[],"_links":{"self":[{"href":"https:\/\/indtesa-electronica.com\/en\/wp-json\/wp\/v2\/product\/12519","targetHints":{"allow":["GET"]}}],"collection":[{"href":"https:\/\/indtesa-electronica.com\/en\/wp-json\/wp\/v2\/product"}],"about":[{"href":"https:\/\/indtesa-electronica.com\/en\/wp-json\/wp\/v2\/types\/product"}],"wp:featuredmedia":[{"embeddable":true,"href":"https:\/\/indtesa-electronica.com\/en\/wp-json\/wp\/v2\/media\/12521"}],"wp:attachment":[{"href":"https:\/\/indtesa-electronica.com\/en\/wp-json\/wp\/v2\/media?parent=12519"}],"wp:term":[{"taxonomy":"product_brand","embeddable":true,"href":"https:\/\/indtesa-electronica.com\/en\/wp-json\/wp\/v2\/product_brand?post=12519"},{"taxonomy":"product_cat","embeddable":true,"href":"https:\/\/indtesa-electronica.com\/en\/wp-json\/wp\/v2\/product_cat?post=12519"},{"taxonomy":"product_tag","embeddable":true,"href":"https:\/\/indtesa-electronica.com\/en\/wp-json\/wp\/v2\/product_tag?post=12519"}],"curies":[{"name":"wp","href":"https:\/\/api.w.org\/{rel}","templated":true}]}}