{"id":12643,"date":"2024-02-09T00:09:15","date_gmt":"2024-02-09T00:09:15","guid":{"rendered":"https:\/\/indtesa-electronica.com\/?post_type=product&#038;p=12643"},"modified":"2025-03-07T22:27:14","modified_gmt":"2025-03-07T22:27:14","slug":"kit-de-tornillos-de-cruz-460-pzs-15-tamanos","status":"publish","type":"product","link":"https:\/\/indtesa-electronica.com\/en\/tienda-en-linea\/montaje\/tornilleria\/kit-de-tornillos-de-cruz-460-pzs-15-tamanos\/","title":{"rendered":"Kit de Tornillos de Cruz 460 pzs, 15 Tama\u00f1os"},"content":{"rendered":"<p>Unidad de medida: milimetros<\/p>\n<table>\n<tbody>\n<tr>\n<th bgcolor=\"#f1f1f1\">Talla:<\/th>\n<th bgcolor=\"#f1f1f1\">Cantidad:<\/th>\n<\/tr>\n<tr>\n<td>M2 * 6<\/td>\n<td>50 piezas<\/td>\n<\/tr>\n<tr>\n<td>M2 * 8<\/td>\n<td>50 piezas<\/td>\n<\/tr>\n<tr>\n<td>M2 * 10<\/td>\n<td>50 piezas<\/td>\n<\/tr>\n<tr>\n<td>M3 * 8<\/td>\n<td>30 piezas<\/td>\n<\/tr>\n<tr>\n<td>M3 * 10<\/td>\n<td>30 piezas<\/td>\n<\/tr>\n<tr>\n<td>M3 * 12<\/td>\n<td>30 piezas<\/td>\n<\/tr>\n<tr>\n<td>M3 * 16<\/td>\n<td>30 piezas<\/td>\n<\/tr>\n<tr>\n<td>M4 * 8<\/td>\n<td>30 piezas<\/td>\n<\/tr>\n<tr>\n<td>M4 * 10<\/td>\n<td>30 piezas<\/td>\n<\/tr>\n<tr>\n<td>M4 * 12<\/td>\n<td>30 piezas<\/td>\n<\/tr>\n<tr>\n<td>M4 * 14<\/td>\n<td>20 piezas<\/td>\n<\/tr>\n<tr>\n<td>M4 * 16<\/td>\n<td>20 piezas<\/td>\n<\/tr>\n<tr>\n<td>M4 * 20<\/td>\n<td>20 piezas<\/td>\n<\/tr>\n<tr>\n<td>M4 * 25<\/td>\n<td>20 piezas<\/td>\n<\/tr>\n<tr>\n<td>M4 * 30<\/td>\n<td>20 piezas<\/td>\n<\/tr>\n<\/tbody>\n<\/table>","protected":false},"excerpt":{"rendered":"<p>Kit de Tornillos de Cruz, enroscables 460 piezas divididas en 15 tama\u00f1os distintos<br \/>\nTornillo hecho de acero al carbono con acabado de \u00f3xido negro<br \/>\nCabeza estilo plana<\/p>","protected":false},"featured_media":12644,"template":"","meta":{"_gspb_post_css":""},"product_brand":[],"product_cat":[101],"product_tag":[],"class_list":{"0":"post-12643","1":"product","2":"type-product","3":"status-publish","4":"has-post-thumbnail","6":"product_cat-tornilleria","8":"first","9":"instock","10":"taxable","11":"shipping-taxable","12":"purchasable","13":"product-type-simple"},"ct_brands":[],"yoast_head":"<!-- This site is optimized with the Yoast SEO plugin v27.1.1 - https:\/\/yoast.com\/product\/yoast-seo-wordpress\/ -->\n<title>Kit de Tornillos de Cruz 460 pzs, 15 Tama\u00f1os | IndTESA<\/title>\n<meta name=\"robots\" content=\"index, follow, max-snippet:-1, max-image-preview:large, max-video-preview:-1\" \/>\n<link rel=\"canonical\" href=\"https:\/\/indtesa-electronica.com\/en\/tienda-en-linea\/montaje\/tornilleria\/kit-de-tornillos-de-cruz-460-pzs-15-tamanos\/\" \/>\n<meta property=\"og:locale\" content=\"en_US\" \/>\n<meta property=\"og:type\" content=\"article\" \/>\n<meta property=\"og:title\" content=\"Kit de Tornillos de Cruz 460 pzs, 15 Tama\u00f1os | IndTESA\" \/>\n<meta property=\"og:description\" content=\"Kit de Tornillos de Cruz, enroscables 460 piezas divididas en 15 tama\u00f1os distintos Tornillo hecho de acero al carbono con acabado de \u00f3xido negro Cabeza estilo plana\" \/>\n<meta property=\"og:url\" content=\"https:\/\/indtesa-electronica.com\/en\/tienda-en-linea\/montaje\/tornilleria\/kit-de-tornillos-de-cruz-460-pzs-15-tamanos\/\" \/>\n<meta property=\"og:site_name\" content=\"IndTESA\" \/>\n<meta property=\"article:modified_time\" content=\"2025-03-07T22:27:14+00:00\" \/>\n<meta property=\"og:image\" content=\"https:\/\/indtesa-electronica.com\/wp-content\/uploads\/2024\/02\/Kit-de-Tornillos-de-Cruz-460-pzs-15-Tamanos.png\" \/>\n\t<meta property=\"og:image:width\" content=\"550\" \/>\n\t<meta property=\"og:image:height\" content=\"550\" \/>\n\t<meta property=\"og:image:type\" content=\"image\/png\" \/>\n<meta name=\"twitter:card\" content=\"summary_large_image\" \/>\n<meta name=\"twitter:label1\" content=\"Est. reading time\" \/>\n\t<meta name=\"twitter:data1\" content=\"1 minute\" \/>\n<script type=\"application\/ld+json\" class=\"yoast-schema-graph\">{\"@context\":\"https:\/\/schema.org\",\"@graph\":[{\"@type\":\"WebPage\",\"@id\":\"https:\/\/indtesa-electronica.com\/tienda-en-linea\/montaje\/tornilleria\/kit-de-tornillos-de-cruz-460-pzs-15-tamanos\/\",\"url\":\"https:\/\/indtesa-electronica.com\/tienda-en-linea\/montaje\/tornilleria\/kit-de-tornillos-de-cruz-460-pzs-15-tamanos\/\",\"name\":\"Kit de Tornillos de Cruz 460 pzs, 15 Tama\u00f1os | IndTESA\",\"isPartOf\":{\"@id\":\"https:\/\/indtesa-electronica.com\/#website\"},\"primaryImageOfPage\":{\"@id\":\"https:\/\/indtesa-electronica.com\/tienda-en-linea\/montaje\/tornilleria\/kit-de-tornillos-de-cruz-460-pzs-15-tamanos\/#primaryimage\"},\"image\":{\"@id\":\"https:\/\/indtesa-electronica.com\/tienda-en-linea\/montaje\/tornilleria\/kit-de-tornillos-de-cruz-460-pzs-15-tamanos\/#primaryimage\"},\"thumbnailUrl\":\"https:\/\/indtesa-electronica.com\/wp-content\/uploads\/2024\/02\/Kit-de-Tornillos-de-Cruz-460-pzs-15-Tamanos.png\",\"datePublished\":\"2024-02-09T00:09:15+00:00\",\"dateModified\":\"2025-03-07T22:27:14+00:00\",\"breadcrumb\":{\"@id\":\"https:\/\/indtesa-electronica.com\/tienda-en-linea\/montaje\/tornilleria\/kit-de-tornillos-de-cruz-460-pzs-15-tamanos\/#breadcrumb\"},\"inLanguage\":\"en-US\",\"potentialAction\":[{\"@type\":\"ReadAction\",\"target\":[\"https:\/\/indtesa-electronica.com\/tienda-en-linea\/montaje\/tornilleria\/kit-de-tornillos-de-cruz-460-pzs-15-tamanos\/\"]}]},{\"@type\":\"ImageObject\",\"inLanguage\":\"en-US\",\"@id\":\"https:\/\/indtesa-electronica.com\/tienda-en-linea\/montaje\/tornilleria\/kit-de-tornillos-de-cruz-460-pzs-15-tamanos\/#primaryimage\",\"url\":\"https:\/\/indtesa-electronica.com\/wp-content\/uploads\/2024\/02\/Kit-de-Tornillos-de-Cruz-460-pzs-15-Tamanos.png\",\"contentUrl\":\"https:\/\/indtesa-electronica.com\/wp-content\/uploads\/2024\/02\/Kit-de-Tornillos-de-Cruz-460-pzs-15-Tamanos.png\",\"width\":550,\"height\":550},{\"@type\":\"BreadcrumbList\",\"@id\":\"https:\/\/indtesa-electronica.com\/tienda-en-linea\/montaje\/tornilleria\/kit-de-tornillos-de-cruz-460-pzs-15-tamanos\/#breadcrumb\",\"itemListElement\":[{\"@type\":\"ListItem\",\"position\":1,\"name\":\"Inicio\",\"item\":\"https:\/\/indtesa-electronica.com\/\"},{\"@type\":\"ListItem\",\"position\":2,\"name\":\"Tienda en linea\",\"item\":\"https:\/\/indtesa-electronica.com\/tienda-en-linea\/\"},{\"@type\":\"ListItem\",\"position\":3,\"name\":\"Kit de Tornillos de Cruz 460 pzs, 15 Tama\u00f1os\"}]},{\"@type\":\"WebSite\",\"@id\":\"https:\/\/indtesa-electronica.com\/#website\",\"url\":\"https:\/\/indtesa-electronica.com\/\",\"name\":\"Electronica - IndTESA\",\"description\":\"\",\"publisher\":{\"@id\":\"https:\/\/indtesa-electronica.com\/#organization\"},\"potentialAction\":[{\"@type\":\"SearchAction\",\"target\":{\"@type\":\"EntryPoint\",\"urlTemplate\":\"https:\/\/indtesa-electronica.com\/?s={search_term_string}\"},\"query-input\":{\"@type\":\"PropertyValueSpecification\",\"valueRequired\":true,\"valueName\":\"search_term_string\"}}],\"inLanguage\":\"en-US\"},{\"@type\":\"Organization\",\"@id\":\"https:\/\/indtesa-electronica.com\/#organization\",\"name\":\"Industrial TESA S.A.S. de C.V.\",\"url\":\"https:\/\/indtesa-electronica.com\/\",\"logo\":{\"@type\":\"ImageObject\",\"inLanguage\":\"en-US\",\"@id\":\"https:\/\/indtesa-electronica.com\/#\/schema\/logo\/image\/\",\"url\":\"\",\"contentUrl\":\"\",\"caption\":\"Industrial TESA S.A.S. de C.V.\"},\"image\":{\"@id\":\"https:\/\/indtesa-electronica.com\/#\/schema\/logo\/image\/\"}}]}<\/script>\n<!-- \/ Yoast SEO plugin. -->","yoast_head_json":{"title":"Kit de Tornillos de Cruz 460 pzs, 15 Tama\u00f1os | IndTESA","robots":{"index":"index","follow":"follow","max-snippet":"max-snippet:-1","max-image-preview":"max-image-preview:large","max-video-preview":"max-video-preview:-1"},"canonical":"https:\/\/indtesa-electronica.com\/en\/tienda-en-linea\/montaje\/tornilleria\/kit-de-tornillos-de-cruz-460-pzs-15-tamanos\/","og_locale":"en_US","og_type":"article","og_title":"Kit de Tornillos de Cruz 460 pzs, 15 Tama\u00f1os | IndTESA","og_description":"Kit de Tornillos de Cruz, enroscables 460 piezas divididas en 15 tama\u00f1os distintos Tornillo hecho de acero al carbono con acabado de \u00f3xido negro Cabeza estilo plana","og_url":"https:\/\/indtesa-electronica.com\/en\/tienda-en-linea\/montaje\/tornilleria\/kit-de-tornillos-de-cruz-460-pzs-15-tamanos\/","og_site_name":"IndTESA","article_modified_time":"2025-03-07T22:27:14+00:00","og_image":[{"width":550,"height":550,"url":"https:\/\/indtesa-electronica.com\/wp-content\/uploads\/2024\/02\/Kit-de-Tornillos-de-Cruz-460-pzs-15-Tamanos.png","type":"image\/png"}],"twitter_card":"summary_large_image","twitter_misc":{"Est. reading time":"1 minute"},"schema":{"@context":"https:\/\/schema.org","@graph":[{"@type":"WebPage","@id":"https:\/\/indtesa-electronica.com\/tienda-en-linea\/montaje\/tornilleria\/kit-de-tornillos-de-cruz-460-pzs-15-tamanos\/","url":"https:\/\/indtesa-electronica.com\/tienda-en-linea\/montaje\/tornilleria\/kit-de-tornillos-de-cruz-460-pzs-15-tamanos\/","name":"Kit de Tornillos de Cruz 460 pzs, 15 Tama\u00f1os | IndTESA","isPartOf":{"@id":"https:\/\/indtesa-electronica.com\/#website"},"primaryImageOfPage":{"@id":"https:\/\/indtesa-electronica.com\/tienda-en-linea\/montaje\/tornilleria\/kit-de-tornillos-de-cruz-460-pzs-15-tamanos\/#primaryimage"},"image":{"@id":"https:\/\/indtesa-electronica.com\/tienda-en-linea\/montaje\/tornilleria\/kit-de-tornillos-de-cruz-460-pzs-15-tamanos\/#primaryimage"},"thumbnailUrl":"https:\/\/indtesa-electronica.com\/wp-content\/uploads\/2024\/02\/Kit-de-Tornillos-de-Cruz-460-pzs-15-Tamanos.png","datePublished":"2024-02-09T00:09:15+00:00","dateModified":"2025-03-07T22:27:14+00:00","breadcrumb":{"@id":"https:\/\/indtesa-electronica.com\/tienda-en-linea\/montaje\/tornilleria\/kit-de-tornillos-de-cruz-460-pzs-15-tamanos\/#breadcrumb"},"inLanguage":"en-US","potentialAction":[{"@type":"ReadAction","target":["https:\/\/indtesa-electronica.com\/tienda-en-linea\/montaje\/tornilleria\/kit-de-tornillos-de-cruz-460-pzs-15-tamanos\/"]}]},{"@type":"ImageObject","inLanguage":"en-US","@id":"https:\/\/indtesa-electronica.com\/tienda-en-linea\/montaje\/tornilleria\/kit-de-tornillos-de-cruz-460-pzs-15-tamanos\/#primaryimage","url":"https:\/\/indtesa-electronica.com\/wp-content\/uploads\/2024\/02\/Kit-de-Tornillos-de-Cruz-460-pzs-15-Tamanos.png","contentUrl":"https:\/\/indtesa-electronica.com\/wp-content\/uploads\/2024\/02\/Kit-de-Tornillos-de-Cruz-460-pzs-15-Tamanos.png","width":550,"height":550},{"@type":"BreadcrumbList","@id":"https:\/\/indtesa-electronica.com\/tienda-en-linea\/montaje\/tornilleria\/kit-de-tornillos-de-cruz-460-pzs-15-tamanos\/#breadcrumb","itemListElement":[{"@type":"ListItem","position":1,"name":"Inicio","item":"https:\/\/indtesa-electronica.com\/"},{"@type":"ListItem","position":2,"name":"Tienda en linea","item":"https:\/\/indtesa-electronica.com\/tienda-en-linea\/"},{"@type":"ListItem","position":3,"name":"Kit de Tornillos de Cruz 460 pzs, 15 Tama\u00f1os"}]},{"@type":"WebSite","@id":"https:\/\/indtesa-electronica.com\/#website","url":"https:\/\/indtesa-electronica.com\/","name":"Electronica - IndTESA","description":"","publisher":{"@id":"https:\/\/indtesa-electronica.com\/#organization"},"potentialAction":[{"@type":"SearchAction","target":{"@type":"EntryPoint","urlTemplate":"https:\/\/indtesa-electronica.com\/?s={search_term_string}"},"query-input":{"@type":"PropertyValueSpecification","valueRequired":true,"valueName":"search_term_string"}}],"inLanguage":"en-US"},{"@type":"Organization","@id":"https:\/\/indtesa-electronica.com\/#organization","name":"Industrial TESA S.A.S. de C.V.","url":"https:\/\/indtesa-electronica.com\/","logo":{"@type":"ImageObject","inLanguage":"en-US","@id":"https:\/\/indtesa-electronica.com\/#\/schema\/logo\/image\/","url":"","contentUrl":"","caption":"Industrial TESA S.A.S. de C.V."},"image":{"@id":"https:\/\/indtesa-electronica.com\/#\/schema\/logo\/image\/"}}]}},"jetpack_sharing_enabled":true,"tiered_pricing_type":"fixed","tiered_pricing_fixed_rules":[],"tiered_pricing_product_settings":{"layout":"default","base_unit_name":{"singular":null,"plural":null},"default_variation":null},"tiered_pricing_minimum_quantity":null,"tiered_pricing_roles_data":[],"tiered_pricing_percentage_rules":[],"_links":{"self":[{"href":"https:\/\/indtesa-electronica.com\/en\/wp-json\/wp\/v2\/product\/12643","targetHints":{"allow":["GET"]}}],"collection":[{"href":"https:\/\/indtesa-electronica.com\/en\/wp-json\/wp\/v2\/product"}],"about":[{"href":"https:\/\/indtesa-electronica.com\/en\/wp-json\/wp\/v2\/types\/product"}],"wp:featuredmedia":[{"embeddable":true,"href":"https:\/\/indtesa-electronica.com\/en\/wp-json\/wp\/v2\/media\/12644"}],"wp:attachment":[{"href":"https:\/\/indtesa-electronica.com\/en\/wp-json\/wp\/v2\/media?parent=12643"}],"wp:term":[{"taxonomy":"product_brand","embeddable":true,"href":"https:\/\/indtesa-electronica.com\/en\/wp-json\/wp\/v2\/product_brand?post=12643"},{"taxonomy":"product_cat","embeddable":true,"href":"https:\/\/indtesa-electronica.com\/en\/wp-json\/wp\/v2\/product_cat?post=12643"},{"taxonomy":"product_tag","embeddable":true,"href":"https:\/\/indtesa-electronica.com\/en\/wp-json\/wp\/v2\/product_tag?post=12643"}],"curies":[{"name":"wp","href":"https:\/\/api.w.org\/{rel}","templated":true}]}}