{"id":14504,"date":"2024-04-06T01:10:38","date_gmt":"2024-04-06T01:10:38","guid":{"rendered":"https:\/\/indtesa-electronica.com\/?post_type=product&#038;p=14504"},"modified":"2025-03-01T02:09:40","modified_gmt":"2025-03-01T02:09:40","slug":"manguera-de-aire-6x4mm-para-componentes-neumaticos","status":"publish","type":"product","link":"https:\/\/indtesa-electronica.com\/en\/tienda-en-linea\/neumatico\/componentes-de-flujo\/manguera-de-aire-6x4mm-para-componentes-neumaticos\/","title":{"rendered":"Manguera de Aire, 6x4mm para Componentes Neum\u00e1ticos"},"content":{"rendered":"<p>Material del tubo: poliuretano<br \/>\nDiametro interno: 4mm<br \/>\nDiametro externo: 6mm<br \/>\nTemperatura de trabajo: -4 \u2109 ~ 176 \u2109<br \/>\nResistencia a la compresi\u00f3n: 0.8mpa(8.5kgf\/cm\u2283 2;).<br \/>\nTensi\u00f3n de tracci\u00f3n: 550 kg\/cm \u2283 2;<br \/>\nUso: Herramientas neum\u00e1ticas; Instrumentos, gasoducto mec\u00e1nico; Equipo de automatizaci\u00f3n de laboratorio; Agua industrial general y jardiner\u00eda.<\/p>","protected":false},"excerpt":{"rendered":"<p>Tubo mangera de aire 6x4mm<br \/>\nLongitud del Cable: 1 Metro<\/p>\n<p>Nota: Cada cantidad agregada al producto se contar\u00e1 como 1 metro m\u00e1s<\/p>","protected":false},"featured_media":14505,"template":"","meta":{"_gspb_post_css":""},"product_brand":[],"product_cat":[427],"product_tag":[],"class_list":{"0":"post-14504","1":"product","2":"type-product","3":"status-publish","4":"has-post-thumbnail","6":"product_cat-componentes-de-flujo","8":"first","9":"instock","10":"taxable","11":"shipping-taxable","12":"purchasable","13":"product-type-simple"},"ct_brands":[],"yoast_head":"<!-- This site is optimized with the Yoast SEO plugin v27.1.1 - https:\/\/yoast.com\/product\/yoast-seo-wordpress\/ -->\n<title>Manguera de Aire, 6x4mm para Componentes Neum\u00e1ticos | IndTESA<\/title>\n<meta name=\"robots\" content=\"index, follow, max-snippet:-1, max-image-preview:large, max-video-preview:-1\" \/>\n<link rel=\"canonical\" href=\"https:\/\/indtesa-electronica.com\/en\/tienda-en-linea\/neumatico\/componentes-de-flujo\/manguera-de-aire-6x4mm-para-componentes-neumaticos\/\" \/>\n<meta property=\"og:locale\" content=\"en_US\" \/>\n<meta property=\"og:type\" content=\"article\" \/>\n<meta property=\"og:title\" content=\"Manguera de Aire, 6x4mm para Componentes Neum\u00e1ticos | IndTESA\" \/>\n<meta property=\"og:description\" content=\"Tubo mangera de aire 6x4mm Longitud del Cable: 1 Metro  Nota: Cada cantidad agregada al producto se contar\u00e1 como 1 metro m\u00e1s\" \/>\n<meta property=\"og:url\" content=\"https:\/\/indtesa-electronica.com\/en\/tienda-en-linea\/neumatico\/componentes-de-flujo\/manguera-de-aire-6x4mm-para-componentes-neumaticos\/\" \/>\n<meta property=\"og:site_name\" content=\"IndTESA\" \/>\n<meta property=\"article:modified_time\" content=\"2025-03-01T02:09:40+00:00\" \/>\n<meta property=\"og:image\" content=\"https:\/\/indtesa-electronica.com\/wp-content\/uploads\/2024\/04\/Tubo-Manguera-6x4mm-Neumatica-Azul.png\" \/>\n\t<meta property=\"og:image:width\" content=\"550\" \/>\n\t<meta property=\"og:image:height\" content=\"550\" \/>\n\t<meta property=\"og:image:type\" content=\"image\/png\" \/>\n<meta name=\"twitter:card\" content=\"summary_large_image\" \/>\n<meta name=\"twitter:label1\" content=\"Est. reading time\" \/>\n\t<meta name=\"twitter:data1\" content=\"1 minute\" \/>\n<script type=\"application\/ld+json\" class=\"yoast-schema-graph\">{\"@context\":\"https:\/\/schema.org\",\"@graph\":[{\"@type\":\"WebPage\",\"@id\":\"https:\/\/indtesa-electronica.com\/tienda-en-linea\/neumatico\/componentes-de-flujo\/manguera-de-aire-6x4mm-para-componentes-neumaticos\/\",\"url\":\"https:\/\/indtesa-electronica.com\/tienda-en-linea\/neumatico\/componentes-de-flujo\/manguera-de-aire-6x4mm-para-componentes-neumaticos\/\",\"name\":\"Manguera de Aire, 6x4mm para Componentes Neum\u00e1ticos | IndTESA\",\"isPartOf\":{\"@id\":\"https:\/\/indtesa-electronica.com\/#website\"},\"primaryImageOfPage\":{\"@id\":\"https:\/\/indtesa-electronica.com\/tienda-en-linea\/neumatico\/componentes-de-flujo\/manguera-de-aire-6x4mm-para-componentes-neumaticos\/#primaryimage\"},\"image\":{\"@id\":\"https:\/\/indtesa-electronica.com\/tienda-en-linea\/neumatico\/componentes-de-flujo\/manguera-de-aire-6x4mm-para-componentes-neumaticos\/#primaryimage\"},\"thumbnailUrl\":\"https:\/\/indtesa-electronica.com\/wp-content\/uploads\/2024\/04\/Tubo-Manguera-6x4mm-Neumatica-Azul.png\",\"datePublished\":\"2024-04-06T01:10:38+00:00\",\"dateModified\":\"2025-03-01T02:09:40+00:00\",\"breadcrumb\":{\"@id\":\"https:\/\/indtesa-electronica.com\/tienda-en-linea\/neumatico\/componentes-de-flujo\/manguera-de-aire-6x4mm-para-componentes-neumaticos\/#breadcrumb\"},\"inLanguage\":\"en-US\",\"potentialAction\":[{\"@type\":\"ReadAction\",\"target\":[\"https:\/\/indtesa-electronica.com\/tienda-en-linea\/neumatico\/componentes-de-flujo\/manguera-de-aire-6x4mm-para-componentes-neumaticos\/\"]}]},{\"@type\":\"ImageObject\",\"inLanguage\":\"en-US\",\"@id\":\"https:\/\/indtesa-electronica.com\/tienda-en-linea\/neumatico\/componentes-de-flujo\/manguera-de-aire-6x4mm-para-componentes-neumaticos\/#primaryimage\",\"url\":\"https:\/\/indtesa-electronica.com\/wp-content\/uploads\/2024\/04\/Tubo-Manguera-6x4mm-Neumatica-Azul.png\",\"contentUrl\":\"https:\/\/indtesa-electronica.com\/wp-content\/uploads\/2024\/04\/Tubo-Manguera-6x4mm-Neumatica-Azul.png\",\"width\":550,\"height\":550},{\"@type\":\"BreadcrumbList\",\"@id\":\"https:\/\/indtesa-electronica.com\/tienda-en-linea\/neumatico\/componentes-de-flujo\/manguera-de-aire-6x4mm-para-componentes-neumaticos\/#breadcrumb\",\"itemListElement\":[{\"@type\":\"ListItem\",\"position\":1,\"name\":\"Inicio\",\"item\":\"https:\/\/indtesa-electronica.com\/\"},{\"@type\":\"ListItem\",\"position\":2,\"name\":\"Tienda en linea\",\"item\":\"https:\/\/indtesa-electronica.com\/tienda-en-linea\/\"},{\"@type\":\"ListItem\",\"position\":3,\"name\":\"Manguera de Aire, 6x4mm para Componentes Neum\u00e1ticos\"}]},{\"@type\":\"WebSite\",\"@id\":\"https:\/\/indtesa-electronica.com\/#website\",\"url\":\"https:\/\/indtesa-electronica.com\/\",\"name\":\"Electronica - IndTESA\",\"description\":\"\",\"publisher\":{\"@id\":\"https:\/\/indtesa-electronica.com\/#organization\"},\"potentialAction\":[{\"@type\":\"SearchAction\",\"target\":{\"@type\":\"EntryPoint\",\"urlTemplate\":\"https:\/\/indtesa-electronica.com\/?s={search_term_string}\"},\"query-input\":{\"@type\":\"PropertyValueSpecification\",\"valueRequired\":true,\"valueName\":\"search_term_string\"}}],\"inLanguage\":\"en-US\"},{\"@type\":\"Organization\",\"@id\":\"https:\/\/indtesa-electronica.com\/#organization\",\"name\":\"Industrial TESA S.A.S. de C.V.\",\"url\":\"https:\/\/indtesa-electronica.com\/\",\"logo\":{\"@type\":\"ImageObject\",\"inLanguage\":\"en-US\",\"@id\":\"https:\/\/indtesa-electronica.com\/#\/schema\/logo\/image\/\",\"url\":\"\",\"contentUrl\":\"\",\"caption\":\"Industrial TESA S.A.S. de C.V.\"},\"image\":{\"@id\":\"https:\/\/indtesa-electronica.com\/#\/schema\/logo\/image\/\"}}]}<\/script>\n<!-- \/ Yoast SEO plugin. -->","yoast_head_json":{"title":"Manguera de Aire, 6x4mm para Componentes Neum\u00e1ticos | IndTESA","robots":{"index":"index","follow":"follow","max-snippet":"max-snippet:-1","max-image-preview":"max-image-preview:large","max-video-preview":"max-video-preview:-1"},"canonical":"https:\/\/indtesa-electronica.com\/en\/tienda-en-linea\/neumatico\/componentes-de-flujo\/manguera-de-aire-6x4mm-para-componentes-neumaticos\/","og_locale":"en_US","og_type":"article","og_title":"Manguera de Aire, 6x4mm para Componentes Neum\u00e1ticos | IndTESA","og_description":"Tubo mangera de aire 6x4mm Longitud del Cable: 1 Metro  Nota: Cada cantidad agregada al producto se contar\u00e1 como 1 metro m\u00e1s","og_url":"https:\/\/indtesa-electronica.com\/en\/tienda-en-linea\/neumatico\/componentes-de-flujo\/manguera-de-aire-6x4mm-para-componentes-neumaticos\/","og_site_name":"IndTESA","article_modified_time":"2025-03-01T02:09:40+00:00","og_image":[{"width":550,"height":550,"url":"https:\/\/indtesa-electronica.com\/wp-content\/uploads\/2024\/04\/Tubo-Manguera-6x4mm-Neumatica-Azul.png","type":"image\/png"}],"twitter_card":"summary_large_image","twitter_misc":{"Est. reading time":"1 minute"},"schema":{"@context":"https:\/\/schema.org","@graph":[{"@type":"WebPage","@id":"https:\/\/indtesa-electronica.com\/tienda-en-linea\/neumatico\/componentes-de-flujo\/manguera-de-aire-6x4mm-para-componentes-neumaticos\/","url":"https:\/\/indtesa-electronica.com\/tienda-en-linea\/neumatico\/componentes-de-flujo\/manguera-de-aire-6x4mm-para-componentes-neumaticos\/","name":"Manguera de Aire, 6x4mm para Componentes Neum\u00e1ticos | IndTESA","isPartOf":{"@id":"https:\/\/indtesa-electronica.com\/#website"},"primaryImageOfPage":{"@id":"https:\/\/indtesa-electronica.com\/tienda-en-linea\/neumatico\/componentes-de-flujo\/manguera-de-aire-6x4mm-para-componentes-neumaticos\/#primaryimage"},"image":{"@id":"https:\/\/indtesa-electronica.com\/tienda-en-linea\/neumatico\/componentes-de-flujo\/manguera-de-aire-6x4mm-para-componentes-neumaticos\/#primaryimage"},"thumbnailUrl":"https:\/\/indtesa-electronica.com\/wp-content\/uploads\/2024\/04\/Tubo-Manguera-6x4mm-Neumatica-Azul.png","datePublished":"2024-04-06T01:10:38+00:00","dateModified":"2025-03-01T02:09:40+00:00","breadcrumb":{"@id":"https:\/\/indtesa-electronica.com\/tienda-en-linea\/neumatico\/componentes-de-flujo\/manguera-de-aire-6x4mm-para-componentes-neumaticos\/#breadcrumb"},"inLanguage":"en-US","potentialAction":[{"@type":"ReadAction","target":["https:\/\/indtesa-electronica.com\/tienda-en-linea\/neumatico\/componentes-de-flujo\/manguera-de-aire-6x4mm-para-componentes-neumaticos\/"]}]},{"@type":"ImageObject","inLanguage":"en-US","@id":"https:\/\/indtesa-electronica.com\/tienda-en-linea\/neumatico\/componentes-de-flujo\/manguera-de-aire-6x4mm-para-componentes-neumaticos\/#primaryimage","url":"https:\/\/indtesa-electronica.com\/wp-content\/uploads\/2024\/04\/Tubo-Manguera-6x4mm-Neumatica-Azul.png","contentUrl":"https:\/\/indtesa-electronica.com\/wp-content\/uploads\/2024\/04\/Tubo-Manguera-6x4mm-Neumatica-Azul.png","width":550,"height":550},{"@type":"BreadcrumbList","@id":"https:\/\/indtesa-electronica.com\/tienda-en-linea\/neumatico\/componentes-de-flujo\/manguera-de-aire-6x4mm-para-componentes-neumaticos\/#breadcrumb","itemListElement":[{"@type":"ListItem","position":1,"name":"Inicio","item":"https:\/\/indtesa-electronica.com\/"},{"@type":"ListItem","position":2,"name":"Tienda en linea","item":"https:\/\/indtesa-electronica.com\/tienda-en-linea\/"},{"@type":"ListItem","position":3,"name":"Manguera de Aire, 6x4mm para Componentes Neum\u00e1ticos"}]},{"@type":"WebSite","@id":"https:\/\/indtesa-electronica.com\/#website","url":"https:\/\/indtesa-electronica.com\/","name":"Electronica - IndTESA","description":"","publisher":{"@id":"https:\/\/indtesa-electronica.com\/#organization"},"potentialAction":[{"@type":"SearchAction","target":{"@type":"EntryPoint","urlTemplate":"https:\/\/indtesa-electronica.com\/?s={search_term_string}"},"query-input":{"@type":"PropertyValueSpecification","valueRequired":true,"valueName":"search_term_string"}}],"inLanguage":"en-US"},{"@type":"Organization","@id":"https:\/\/indtesa-electronica.com\/#organization","name":"Industrial TESA S.A.S. de C.V.","url":"https:\/\/indtesa-electronica.com\/","logo":{"@type":"ImageObject","inLanguage":"en-US","@id":"https:\/\/indtesa-electronica.com\/#\/schema\/logo\/image\/","url":"","contentUrl":"","caption":"Industrial TESA S.A.S. de C.V."},"image":{"@id":"https:\/\/indtesa-electronica.com\/#\/schema\/logo\/image\/"}}]}},"jetpack_sharing_enabled":true,"tiered_pricing_type":"fixed","tiered_pricing_fixed_rules":[],"tiered_pricing_product_settings":{"layout":"default","base_unit_name":{"singular":null,"plural":null},"default_variation":null},"tiered_pricing_minimum_quantity":null,"tiered_pricing_roles_data":[],"tiered_pricing_percentage_rules":[],"_links":{"self":[{"href":"https:\/\/indtesa-electronica.com\/en\/wp-json\/wp\/v2\/product\/14504","targetHints":{"allow":["GET"]}}],"collection":[{"href":"https:\/\/indtesa-electronica.com\/en\/wp-json\/wp\/v2\/product"}],"about":[{"href":"https:\/\/indtesa-electronica.com\/en\/wp-json\/wp\/v2\/types\/product"}],"wp:featuredmedia":[{"embeddable":true,"href":"https:\/\/indtesa-electronica.com\/en\/wp-json\/wp\/v2\/media\/14505"}],"wp:attachment":[{"href":"https:\/\/indtesa-electronica.com\/en\/wp-json\/wp\/v2\/media?parent=14504"}],"wp:term":[{"taxonomy":"product_brand","embeddable":true,"href":"https:\/\/indtesa-electronica.com\/en\/wp-json\/wp\/v2\/product_brand?post=14504"},{"taxonomy":"product_cat","embeddable":true,"href":"https:\/\/indtesa-electronica.com\/en\/wp-json\/wp\/v2\/product_cat?post=14504"},{"taxonomy":"product_tag","embeddable":true,"href":"https:\/\/indtesa-electronica.com\/en\/wp-json\/wp\/v2\/product_tag?post=14504"}],"curies":[{"name":"wp","href":"https:\/\/api.w.org\/{rel}","templated":true}]}}