{"id":14843,"date":"2024-04-27T16:54:15","date_gmt":"2024-04-27T16:54:15","guid":{"rendered":"https:\/\/indtesa-electronica.com\/?post_type=product&#038;p=14843"},"modified":"2025-02-22T02:07:01","modified_gmt":"2025-02-22T02:07:01","slug":"placa-de-desarrollo-lorawan-la66","status":"publish","type":"product","link":"https:\/\/indtesa-electronica.com\/en\/tienda-en-linea\/iot\/lorawan\/placa-de-desarrollo-lorawan-la66\/","title":{"rendered":"Placa de Desarrollo LoRaWAN, Modelo LA66"},"content":{"rendered":"<p>LA66 es un m\u00f3dulo listo para usar que incluye el protocolo LoRaWAN v1.0.3 . La pila LoRaWAN utilizada en LA66 se utiliza en m\u00e1s de 1 mill\u00f3n de dispositivos finales LoRaWAN implementados en todo el mundo. Esta pila LoRaWAN madura reduce en gran medida el riesgo de crear sensores LoRaWAN estables que admitan diferentes servidores LoRaWAN y est\u00e1ndares de diferentes pa\u00edses. La MCU externa puede usar el comando AT para llamar a LA66 y comenzar a transmitir datos a trav\u00e9s del protocolo LoRaWAN.<\/p>\n<p>Cada m\u00f3dulo LA66 incluye una clave OTAA \u00fanica en el mundo para el registro de LoRaWAN.<\/p>\n<p>Adem\u00e1s de admitir el protocolo LoRaWAN, LA66 tambi\u00e9n admite el protocolo LoRa peer-to-peer de c\u00f3digo abierto para aplicaciones que no son LoRaWAN.<\/p>\n<p>LA66 est\u00e1 equipado con cristal TCXO que garantiza que el m\u00f3dulo pueda lograr un rendimiento estable en temperaturas extremas.<\/p>\n<p><strong>Especificaciones:<\/strong><\/p>\n<p>CPU: 32 bits 48 MHz<br \/>\nFlash: 256 KB<br \/>\nRAM: 64 KB<br \/>\nRango de potencia de entrada: 1.8v ~ 3.7v<br \/>\nConsumo de energ\u00eda: &lt; 4uA.<br \/>\nRango de Frecuencia: 150 MHz ~ 960 MHz<br \/>\nPotencia m\u00e1xima: +22 dBm de salida RF constante<br \/>\nAlta sensibilidad: -148 dBm<br \/>\nTemperatura:<br \/>\nAlmacenamiento: -55 ~ +125\u2103<br \/>\nFuncionamiento: -40 ~ +85\u2103<br \/>\nHumedad:<br \/>\nAlmacenamiento: 5 ~ 95% (sin condensaci\u00f3n)<br \/>\nEn funcionamiento: 10 ~ 95% (sin condensaci\u00f3n)<br \/>\nCorriente LoRa Tx: &lt;90 mA a +17 dBm, 108 mA a +22 dBm<br \/>\nCorriente LoRa Rx: &lt;9 mA<br \/>\nTensi\u00f3n de E\/S: 3,3 V<\/p>\n<p><strong>Caracter\u00edstica:<\/strong><\/p>\n<p>Base Arduino Shield en m\u00f3dulo LA66 LoRaWAN<br \/>\nAdmite protocolo LoRaWAN v1.0.3<br \/>\nAdmite protocolo de igual a igual<br \/>\nCristal TCXO para garantizar el rendimiento de RF a baja temperatura<br \/>\nConector SMA<br \/>\nDisponible en diferentes bandas de frecuencia LoRaWAN.<br \/>\nClaves OTAA \u00fanicas en el mundo.<br \/>\nComando AT a trav\u00e9s de interfaz UART-TTL<br \/>\nFirmware actualizable a trav\u00e9s de la interfaz UART<br \/>\nAlcance de RF ultralargo<\/p>\n<p><strong>Recursos:<\/strong><\/p>\n<p><a href=\"http:\/\/wiki.dragino.com\/xwiki\/bin\/view\/Main\/User%20Manual%20for%20LoRaWAN%20End%20Nodes\/LA66%20LoRaWAN%20Shield%20User%20Manual\/\">Manual de usuario<\/a><\/p>\n<p><a href=\"https:\/\/indtesa-electronica.com\/wp-content\/uploads\/2024\/04\/Hoja-de-datos-2.pdf\">Hoja de datos<\/a><\/p>","protected":false},"excerpt":{"rendered":"<p>LA66 LoRaWAN Shield es el escudo Arduino basado en LA66. Los usuarios pueden utilizar LA66 LoRaWAN Shield para a\u00f1adir r\u00e1pidamente LoRaWAN o peer-to-peer LoRa funci\u00f3n inal\u00e1mbrica para proyectos Arduino.<\/p>","protected":false},"featured_media":14844,"template":"","meta":{"_gspb_post_css":""},"product_brand":[389],"product_cat":[368],"product_tag":[],"class_list":{"0":"post-14843","1":"product","2":"type-product","3":"status-publish","4":"has-post-thumbnail","6":"product_brand-lorawan","7":"product_cat-lorawan","9":"first","10":"instock","11":"taxable","12":"shipping-taxable","13":"purchasable","14":"product-type-simple"},"ct_brands":[{"id":389,"name":"LoRaWAN","slug":"lorawan"}],"yoast_head":"<!-- This site is optimized with the Yoast SEO plugin v27.1.1 - https:\/\/yoast.com\/product\/yoast-seo-wordpress\/ -->\n<title>Placa de Desarrollo LoRaWAN, Modelo LA66 | IndTESA<\/title>\n<meta name=\"robots\" content=\"index, follow, max-snippet:-1, max-image-preview:large, max-video-preview:-1\" \/>\n<link rel=\"canonical\" href=\"https:\/\/indtesa-electronica.com\/en\/tienda-en-linea\/iot\/lorawan\/placa-de-desarrollo-lorawan-la66\/\" \/>\n<meta property=\"og:locale\" content=\"en_US\" \/>\n<meta property=\"og:type\" content=\"article\" \/>\n<meta property=\"og:title\" content=\"Placa de Desarrollo LoRaWAN, Modelo LA66 | IndTESA\" \/>\n<meta property=\"og:description\" content=\"LA66 LoRaWAN Shield es el escudo Arduino basado en LA66. Los usuarios pueden utilizar LA66 LoRaWAN Shield para a\u00f1adir r\u00e1pidamente LoRaWAN o peer-to-peer LoRa funci\u00f3n inal\u00e1mbrica para proyectos Arduino.\" \/>\n<meta property=\"og:url\" content=\"https:\/\/indtesa-electronica.com\/en\/tienda-en-linea\/iot\/lorawan\/placa-de-desarrollo-lorawan-la66\/\" \/>\n<meta property=\"og:site_name\" content=\"IndTESA\" \/>\n<meta property=\"article:modified_time\" content=\"2025-02-22T02:07:01+00:00\" \/>\n<meta property=\"og:image\" content=\"https:\/\/indtesa-electronica.com\/wp-content\/uploads\/2024\/04\/Placa-de-Desarrollo-LoRaWAN-LA66.png\" \/>\n\t<meta property=\"og:image:width\" content=\"330\" \/>\n\t<meta property=\"og:image:height\" content=\"330\" \/>\n\t<meta property=\"og:image:type\" content=\"image\/png\" \/>\n<meta name=\"twitter:card\" content=\"summary_large_image\" \/>\n<meta name=\"twitter:label1\" content=\"Est. reading time\" \/>\n\t<meta name=\"twitter:data1\" content=\"2 minutes\" \/>\n<script type=\"application\/ld+json\" class=\"yoast-schema-graph\">{\"@context\":\"https:\/\/schema.org\",\"@graph\":[{\"@type\":\"WebPage\",\"@id\":\"https:\/\/indtesa-electronica.com\/tienda-en-linea\/iot\/lorawan\/placa-de-desarrollo-lorawan-la66\/\",\"url\":\"https:\/\/indtesa-electronica.com\/tienda-en-linea\/iot\/lorawan\/placa-de-desarrollo-lorawan-la66\/\",\"name\":\"Placa de Desarrollo LoRaWAN, Modelo LA66 | IndTESA\",\"isPartOf\":{\"@id\":\"https:\/\/indtesa-electronica.com\/#website\"},\"primaryImageOfPage\":{\"@id\":\"https:\/\/indtesa-electronica.com\/tienda-en-linea\/iot\/lorawan\/placa-de-desarrollo-lorawan-la66\/#primaryimage\"},\"image\":{\"@id\":\"https:\/\/indtesa-electronica.com\/tienda-en-linea\/iot\/lorawan\/placa-de-desarrollo-lorawan-la66\/#primaryimage\"},\"thumbnailUrl\":\"https:\/\/indtesa-electronica.com\/wp-content\/uploads\/2024\/04\/Placa-de-Desarrollo-LoRaWAN-LA66.png\",\"datePublished\":\"2024-04-27T16:54:15+00:00\",\"dateModified\":\"2025-02-22T02:07:01+00:00\",\"breadcrumb\":{\"@id\":\"https:\/\/indtesa-electronica.com\/tienda-en-linea\/iot\/lorawan\/placa-de-desarrollo-lorawan-la66\/#breadcrumb\"},\"inLanguage\":\"en-US\",\"potentialAction\":[{\"@type\":\"ReadAction\",\"target\":[\"https:\/\/indtesa-electronica.com\/tienda-en-linea\/iot\/lorawan\/placa-de-desarrollo-lorawan-la66\/\"]}]},{\"@type\":\"ImageObject\",\"inLanguage\":\"en-US\",\"@id\":\"https:\/\/indtesa-electronica.com\/tienda-en-linea\/iot\/lorawan\/placa-de-desarrollo-lorawan-la66\/#primaryimage\",\"url\":\"https:\/\/indtesa-electronica.com\/wp-content\/uploads\/2024\/04\/Placa-de-Desarrollo-LoRaWAN-LA66.png\",\"contentUrl\":\"https:\/\/indtesa-electronica.com\/wp-content\/uploads\/2024\/04\/Placa-de-Desarrollo-LoRaWAN-LA66.png\",\"width\":330,\"height\":330},{\"@type\":\"BreadcrumbList\",\"@id\":\"https:\/\/indtesa-electronica.com\/tienda-en-linea\/iot\/lorawan\/placa-de-desarrollo-lorawan-la66\/#breadcrumb\",\"itemListElement\":[{\"@type\":\"ListItem\",\"position\":1,\"name\":\"Inicio\",\"item\":\"https:\/\/indtesa-electronica.com\/\"},{\"@type\":\"ListItem\",\"position\":2,\"name\":\"Tienda en linea\",\"item\":\"https:\/\/indtesa-electronica.com\/tienda-en-linea\/\"},{\"@type\":\"ListItem\",\"position\":3,\"name\":\"Placa de Desarrollo LoRaWAN, Modelo LA66\"}]},{\"@type\":\"WebSite\",\"@id\":\"https:\/\/indtesa-electronica.com\/#website\",\"url\":\"https:\/\/indtesa-electronica.com\/\",\"name\":\"Electronica - IndTESA\",\"description\":\"\",\"publisher\":{\"@id\":\"https:\/\/indtesa-electronica.com\/#organization\"},\"potentialAction\":[{\"@type\":\"SearchAction\",\"target\":{\"@type\":\"EntryPoint\",\"urlTemplate\":\"https:\/\/indtesa-electronica.com\/?s={search_term_string}\"},\"query-input\":{\"@type\":\"PropertyValueSpecification\",\"valueRequired\":true,\"valueName\":\"search_term_string\"}}],\"inLanguage\":\"en-US\"},{\"@type\":\"Organization\",\"@id\":\"https:\/\/indtesa-electronica.com\/#organization\",\"name\":\"Industrial TESA S.A.S. de C.V.\",\"url\":\"https:\/\/indtesa-electronica.com\/\",\"logo\":{\"@type\":\"ImageObject\",\"inLanguage\":\"en-US\",\"@id\":\"https:\/\/indtesa-electronica.com\/#\/schema\/logo\/image\/\",\"url\":\"\",\"contentUrl\":\"\",\"caption\":\"Industrial TESA S.A.S. de C.V.\"},\"image\":{\"@id\":\"https:\/\/indtesa-electronica.com\/#\/schema\/logo\/image\/\"}}]}<\/script>\n<!-- \/ Yoast SEO plugin. -->","yoast_head_json":{"title":"Placa de Desarrollo LoRaWAN, Modelo LA66 | IndTESA","robots":{"index":"index","follow":"follow","max-snippet":"max-snippet:-1","max-image-preview":"max-image-preview:large","max-video-preview":"max-video-preview:-1"},"canonical":"https:\/\/indtesa-electronica.com\/en\/tienda-en-linea\/iot\/lorawan\/placa-de-desarrollo-lorawan-la66\/","og_locale":"en_US","og_type":"article","og_title":"Placa de Desarrollo LoRaWAN, Modelo LA66 | IndTESA","og_description":"LA66 LoRaWAN Shield es el escudo Arduino basado en LA66. Los usuarios pueden utilizar LA66 LoRaWAN Shield para a\u00f1adir r\u00e1pidamente LoRaWAN o peer-to-peer LoRa funci\u00f3n inal\u00e1mbrica para proyectos Arduino.","og_url":"https:\/\/indtesa-electronica.com\/en\/tienda-en-linea\/iot\/lorawan\/placa-de-desarrollo-lorawan-la66\/","og_site_name":"IndTESA","article_modified_time":"2025-02-22T02:07:01+00:00","og_image":[{"width":330,"height":330,"url":"https:\/\/indtesa-electronica.com\/wp-content\/uploads\/2024\/04\/Placa-de-Desarrollo-LoRaWAN-LA66.png","type":"image\/png"}],"twitter_card":"summary_large_image","twitter_misc":{"Est. reading time":"2 minutes"},"schema":{"@context":"https:\/\/schema.org","@graph":[{"@type":"WebPage","@id":"https:\/\/indtesa-electronica.com\/tienda-en-linea\/iot\/lorawan\/placa-de-desarrollo-lorawan-la66\/","url":"https:\/\/indtesa-electronica.com\/tienda-en-linea\/iot\/lorawan\/placa-de-desarrollo-lorawan-la66\/","name":"Placa de Desarrollo LoRaWAN, Modelo LA66 | IndTESA","isPartOf":{"@id":"https:\/\/indtesa-electronica.com\/#website"},"primaryImageOfPage":{"@id":"https:\/\/indtesa-electronica.com\/tienda-en-linea\/iot\/lorawan\/placa-de-desarrollo-lorawan-la66\/#primaryimage"},"image":{"@id":"https:\/\/indtesa-electronica.com\/tienda-en-linea\/iot\/lorawan\/placa-de-desarrollo-lorawan-la66\/#primaryimage"},"thumbnailUrl":"https:\/\/indtesa-electronica.com\/wp-content\/uploads\/2024\/04\/Placa-de-Desarrollo-LoRaWAN-LA66.png","datePublished":"2024-04-27T16:54:15+00:00","dateModified":"2025-02-22T02:07:01+00:00","breadcrumb":{"@id":"https:\/\/indtesa-electronica.com\/tienda-en-linea\/iot\/lorawan\/placa-de-desarrollo-lorawan-la66\/#breadcrumb"},"inLanguage":"en-US","potentialAction":[{"@type":"ReadAction","target":["https:\/\/indtesa-electronica.com\/tienda-en-linea\/iot\/lorawan\/placa-de-desarrollo-lorawan-la66\/"]}]},{"@type":"ImageObject","inLanguage":"en-US","@id":"https:\/\/indtesa-electronica.com\/tienda-en-linea\/iot\/lorawan\/placa-de-desarrollo-lorawan-la66\/#primaryimage","url":"https:\/\/indtesa-electronica.com\/wp-content\/uploads\/2024\/04\/Placa-de-Desarrollo-LoRaWAN-LA66.png","contentUrl":"https:\/\/indtesa-electronica.com\/wp-content\/uploads\/2024\/04\/Placa-de-Desarrollo-LoRaWAN-LA66.png","width":330,"height":330},{"@type":"BreadcrumbList","@id":"https:\/\/indtesa-electronica.com\/tienda-en-linea\/iot\/lorawan\/placa-de-desarrollo-lorawan-la66\/#breadcrumb","itemListElement":[{"@type":"ListItem","position":1,"name":"Inicio","item":"https:\/\/indtesa-electronica.com\/"},{"@type":"ListItem","position":2,"name":"Tienda en linea","item":"https:\/\/indtesa-electronica.com\/tienda-en-linea\/"},{"@type":"ListItem","position":3,"name":"Placa de Desarrollo LoRaWAN, Modelo LA66"}]},{"@type":"WebSite","@id":"https:\/\/indtesa-electronica.com\/#website","url":"https:\/\/indtesa-electronica.com\/","name":"Electronica - IndTESA","description":"","publisher":{"@id":"https:\/\/indtesa-electronica.com\/#organization"},"potentialAction":[{"@type":"SearchAction","target":{"@type":"EntryPoint","urlTemplate":"https:\/\/indtesa-electronica.com\/?s={search_term_string}"},"query-input":{"@type":"PropertyValueSpecification","valueRequired":true,"valueName":"search_term_string"}}],"inLanguage":"en-US"},{"@type":"Organization","@id":"https:\/\/indtesa-electronica.com\/#organization","name":"Industrial TESA S.A.S. de C.V.","url":"https:\/\/indtesa-electronica.com\/","logo":{"@type":"ImageObject","inLanguage":"en-US","@id":"https:\/\/indtesa-electronica.com\/#\/schema\/logo\/image\/","url":"","contentUrl":"","caption":"Industrial TESA S.A.S. de C.V."},"image":{"@id":"https:\/\/indtesa-electronica.com\/#\/schema\/logo\/image\/"}}]}},"jetpack_sharing_enabled":true,"tiered_pricing_type":"fixed","tiered_pricing_fixed_rules":[],"tiered_pricing_product_settings":{"layout":"default","base_unit_name":{"singular":null,"plural":null},"default_variation":null},"tiered_pricing_minimum_quantity":null,"tiered_pricing_roles_data":[],"tiered_pricing_percentage_rules":[],"_links":{"self":[{"href":"https:\/\/indtesa-electronica.com\/en\/wp-json\/wp\/v2\/product\/14843","targetHints":{"allow":["GET"]}}],"collection":[{"href":"https:\/\/indtesa-electronica.com\/en\/wp-json\/wp\/v2\/product"}],"about":[{"href":"https:\/\/indtesa-electronica.com\/en\/wp-json\/wp\/v2\/types\/product"}],"wp:featuredmedia":[{"embeddable":true,"href":"https:\/\/indtesa-electronica.com\/en\/wp-json\/wp\/v2\/media\/14844"}],"wp:attachment":[{"href":"https:\/\/indtesa-electronica.com\/en\/wp-json\/wp\/v2\/media?parent=14843"}],"wp:term":[{"taxonomy":"product_brand","embeddable":true,"href":"https:\/\/indtesa-electronica.com\/en\/wp-json\/wp\/v2\/product_brand?post=14843"},{"taxonomy":"product_cat","embeddable":true,"href":"https:\/\/indtesa-electronica.com\/en\/wp-json\/wp\/v2\/product_cat?post=14843"},{"taxonomy":"product_tag","embeddable":true,"href":"https:\/\/indtesa-electronica.com\/en\/wp-json\/wp\/v2\/product_tag?post=14843"}],"curies":[{"name":"wp","href":"https:\/\/api.w.org\/{rel}","templated":true}]}}