{"id":14955,"date":"2024-05-04T20:08:11","date_gmt":"2024-05-04T20:08:11","guid":{"rendered":"https:\/\/indtesa-electronica.com\/?post_type=product&#038;p=14955"},"modified":"2025-04-04T00:33:02","modified_gmt":"2025-04-04T00:33:02","slug":"cables-puente-para-protoboard-840-piezas-14-longitudes-diferentes","status":"publish","type":"product","link":"https:\/\/indtesa-electronica.com\/en\/tienda-en-linea\/componentes\/cables\/cables-puente-para-protoboard-840-piezas-14-longitudes-diferentes\/","title":{"rendered":"Cables Puente para Protoboard, 840 Piezas, 14 Longitudes Diferentes"},"content":{"rendered":"<div class=\"_2lHZTmSd\">\n<h4>840 piezas de cables de puente en total, 14 longitudes, 60 piezas de cada una<\/h4>\n<div>Par\u00e1metros relacionados: forma de U, macho a macho<\/div>\n<div><strong>Caracter\u00edsticas<\/strong><\/div>\n<\/div>\n<div class=\"_2lHZTmSd\">\n<div>Amplias aplicaciones: dise\u00f1ado para funcionar bien con cualquier protoboard o en cualquier lugar donde se necesiten cables de puente, perfecto para proyectos de protoboard.<\/div>\n<div>F\u00e1cil de usar: todos los cables de puente de colores est\u00e1n pre-encintados y preformados en \u00e1ngulo recto, f\u00e1ciles de insertar en el protoboard. Estos cables de protoboard son ideales para usar con cualquier protoboard, prototipos, circuitos de prueba de tiras LED, circuitos de prueba, etc. Nota<\/div>\n<\/div>\n<div class=\"_2lHZTmSd\">\n<div>El cable de la placa de pruebas es un poco suave, lo que facilita cambiar su forma para realizar pruebas de conexi\u00f3n; si encuentra que no se puede insertar, verifique si el cable en el orificio del pin de la placa de pruebas est\u00e1 en buenas condiciones o no. Nuestros cables de placa de pruebas originales lo hicieron.<\/div>\n<\/div>\n<div class=\"_2jCYETGt\">\n<div class=\"_1JEUQB2s\" data-index=\"0\"><\/div>\n<\/div>","protected":false},"excerpt":{"rendered":"<p>840 piezas de cables de puente en total, 14 longitudes, 60 piezas de cada una Par\u00e1metros relacionados: forma de U, macho a macho Caracter\u00edsticas Amplias aplicaciones: dise\u00f1ado para funcionar bien con cualquier protoboard o en cualquier lugar donde se necesiten cables de puente, perfecto para proyectos de protoboard. F\u00e1cil de usar: todos los cables de [&hellip;]<\/p>\n","protected":false},"featured_media":14956,"template":"","meta":{"_gspb_post_css":""},"product_brand":[],"product_cat":[107],"product_tag":[],"class_list":{"0":"post-14955","1":"product","2":"type-product","3":"status-publish","4":"has-post-thumbnail","6":"product_cat-cables","8":"first","9":"onbackorder","10":"taxable","11":"shipping-taxable","12":"purchasable","13":"product-type-simple"},"ct_brands":[],"yoast_head":"<!-- This site is optimized with the Yoast SEO plugin v27.1.1 - https:\/\/yoast.com\/product\/yoast-seo-wordpress\/ -->\n<title>Cables Puente para Protoboard, 840 Piezas, 14 Longitudes Diferentes | IndTESA<\/title>\n<meta name=\"robots\" content=\"index, follow, max-snippet:-1, max-image-preview:large, max-video-preview:-1\" \/>\n<link rel=\"canonical\" href=\"https:\/\/indtesa-electronica.com\/en\/tienda-en-linea\/componentes\/cables\/cables-puente-para-protoboard-840-piezas-14-longitudes-diferentes\/\" \/>\n<meta property=\"og:locale\" content=\"en_US\" \/>\n<meta property=\"og:type\" content=\"article\" \/>\n<meta property=\"og:title\" content=\"Cables Puente para Protoboard, 840 Piezas, 14 Longitudes Diferentes | IndTESA\" \/>\n<meta property=\"og:description\" content=\"840 piezas de cables de puente en total, 14 longitudes, 60 piezas de cada una Par\u00e1metros relacionados: forma de U, macho a macho Caracter\u00edsticas Amplias aplicaciones: dise\u00f1ado para funcionar bien con cualquier protoboard o en cualquier lugar donde se necesiten cables de puente, perfecto para proyectos de protoboard. F\u00e1cil de usar: todos los cables de [&hellip;]\" \/>\n<meta property=\"og:url\" content=\"https:\/\/indtesa-electronica.com\/en\/tienda-en-linea\/componentes\/cables\/cables-puente-para-protoboard-840-piezas-14-longitudes-diferentes\/\" \/>\n<meta property=\"og:site_name\" content=\"IndTESA\" \/>\n<meta property=\"article:modified_time\" content=\"2025-04-04T00:33:02+00:00\" \/>\n<meta property=\"og:image\" content=\"https:\/\/indtesa-electronica.com\/wp-content\/uploads\/2024\/05\/Cables-Puente-para-Protoboard-840-Piezas-14-Longitudes-Diferentes.png\" \/>\n\t<meta property=\"og:image:width\" content=\"630\" \/>\n\t<meta property=\"og:image:height\" content=\"630\" \/>\n\t<meta property=\"og:image:type\" content=\"image\/png\" \/>\n<meta name=\"twitter:card\" content=\"summary_large_image\" \/>\n<meta name=\"twitter:label1\" content=\"Est. reading time\" \/>\n\t<meta name=\"twitter:data1\" content=\"1 minute\" \/>\n<script type=\"application\/ld+json\" class=\"yoast-schema-graph\">{\"@context\":\"https:\/\/schema.org\",\"@graph\":[{\"@type\":\"WebPage\",\"@id\":\"https:\/\/indtesa-electronica.com\/tienda-en-linea\/componentes\/cables\/cables-puente-para-protoboard-840-piezas-14-longitudes-diferentes\/\",\"url\":\"https:\/\/indtesa-electronica.com\/tienda-en-linea\/componentes\/cables\/cables-puente-para-protoboard-840-piezas-14-longitudes-diferentes\/\",\"name\":\"Cables Puente para Protoboard, 840 Piezas, 14 Longitudes Diferentes | IndTESA\",\"isPartOf\":{\"@id\":\"https:\/\/indtesa-electronica.com\/#website\"},\"primaryImageOfPage\":{\"@id\":\"https:\/\/indtesa-electronica.com\/tienda-en-linea\/componentes\/cables\/cables-puente-para-protoboard-840-piezas-14-longitudes-diferentes\/#primaryimage\"},\"image\":{\"@id\":\"https:\/\/indtesa-electronica.com\/tienda-en-linea\/componentes\/cables\/cables-puente-para-protoboard-840-piezas-14-longitudes-diferentes\/#primaryimage\"},\"thumbnailUrl\":\"https:\/\/indtesa-electronica.com\/wp-content\/uploads\/2024\/05\/Cables-Puente-para-Protoboard-840-Piezas-14-Longitudes-Diferentes.png\",\"datePublished\":\"2024-05-04T20:08:11+00:00\",\"dateModified\":\"2025-04-04T00:33:02+00:00\",\"breadcrumb\":{\"@id\":\"https:\/\/indtesa-electronica.com\/tienda-en-linea\/componentes\/cables\/cables-puente-para-protoboard-840-piezas-14-longitudes-diferentes\/#breadcrumb\"},\"inLanguage\":\"en-US\",\"potentialAction\":[{\"@type\":\"ReadAction\",\"target\":[\"https:\/\/indtesa-electronica.com\/tienda-en-linea\/componentes\/cables\/cables-puente-para-protoboard-840-piezas-14-longitudes-diferentes\/\"]}]},{\"@type\":\"ImageObject\",\"inLanguage\":\"en-US\",\"@id\":\"https:\/\/indtesa-electronica.com\/tienda-en-linea\/componentes\/cables\/cables-puente-para-protoboard-840-piezas-14-longitudes-diferentes\/#primaryimage\",\"url\":\"https:\/\/indtesa-electronica.com\/wp-content\/uploads\/2024\/05\/Cables-Puente-para-Protoboard-840-Piezas-14-Longitudes-Diferentes.png\",\"contentUrl\":\"https:\/\/indtesa-electronica.com\/wp-content\/uploads\/2024\/05\/Cables-Puente-para-Protoboard-840-Piezas-14-Longitudes-Diferentes.png\",\"width\":630,\"height\":630},{\"@type\":\"BreadcrumbList\",\"@id\":\"https:\/\/indtesa-electronica.com\/tienda-en-linea\/componentes\/cables\/cables-puente-para-protoboard-840-piezas-14-longitudes-diferentes\/#breadcrumb\",\"itemListElement\":[{\"@type\":\"ListItem\",\"position\":1,\"name\":\"Inicio\",\"item\":\"https:\/\/indtesa-electronica.com\/\"},{\"@type\":\"ListItem\",\"position\":2,\"name\":\"Tienda en linea\",\"item\":\"https:\/\/indtesa-electronica.com\/tienda-en-linea\/\"},{\"@type\":\"ListItem\",\"position\":3,\"name\":\"Cables Puente para Protoboard, 840 Piezas, 14 Longitudes Diferentes\"}]},{\"@type\":\"WebSite\",\"@id\":\"https:\/\/indtesa-electronica.com\/#website\",\"url\":\"https:\/\/indtesa-electronica.com\/\",\"name\":\"Electronica - IndTESA\",\"description\":\"\",\"publisher\":{\"@id\":\"https:\/\/indtesa-electronica.com\/#organization\"},\"potentialAction\":[{\"@type\":\"SearchAction\",\"target\":{\"@type\":\"EntryPoint\",\"urlTemplate\":\"https:\/\/indtesa-electronica.com\/?s={search_term_string}\"},\"query-input\":{\"@type\":\"PropertyValueSpecification\",\"valueRequired\":true,\"valueName\":\"search_term_string\"}}],\"inLanguage\":\"en-US\"},{\"@type\":\"Organization\",\"@id\":\"https:\/\/indtesa-electronica.com\/#organization\",\"name\":\"Industrial TESA S.A.S. de C.V.\",\"url\":\"https:\/\/indtesa-electronica.com\/\",\"logo\":{\"@type\":\"ImageObject\",\"inLanguage\":\"en-US\",\"@id\":\"https:\/\/indtesa-electronica.com\/#\/schema\/logo\/image\/\",\"url\":\"\",\"contentUrl\":\"\",\"caption\":\"Industrial TESA S.A.S. de C.V.\"},\"image\":{\"@id\":\"https:\/\/indtesa-electronica.com\/#\/schema\/logo\/image\/\"}}]}<\/script>\n<!-- \/ Yoast SEO plugin. -->","yoast_head_json":{"title":"Cables Puente para Protoboard, 840 Piezas, 14 Longitudes Diferentes | IndTESA","robots":{"index":"index","follow":"follow","max-snippet":"max-snippet:-1","max-image-preview":"max-image-preview:large","max-video-preview":"max-video-preview:-1"},"canonical":"https:\/\/indtesa-electronica.com\/en\/tienda-en-linea\/componentes\/cables\/cables-puente-para-protoboard-840-piezas-14-longitudes-diferentes\/","og_locale":"en_US","og_type":"article","og_title":"Cables Puente para Protoboard, 840 Piezas, 14 Longitudes Diferentes | IndTESA","og_description":"840 piezas de cables de puente en total, 14 longitudes, 60 piezas de cada una Par\u00e1metros relacionados: forma de U, macho a macho Caracter\u00edsticas Amplias aplicaciones: dise\u00f1ado para funcionar bien con cualquier protoboard o en cualquier lugar donde se necesiten cables de puente, perfecto para proyectos de protoboard. F\u00e1cil de usar: todos los cables de [&hellip;]","og_url":"https:\/\/indtesa-electronica.com\/en\/tienda-en-linea\/componentes\/cables\/cables-puente-para-protoboard-840-piezas-14-longitudes-diferentes\/","og_site_name":"IndTESA","article_modified_time":"2025-04-04T00:33:02+00:00","og_image":[{"width":630,"height":630,"url":"https:\/\/indtesa-electronica.com\/wp-content\/uploads\/2024\/05\/Cables-Puente-para-Protoboard-840-Piezas-14-Longitudes-Diferentes.png","type":"image\/png"}],"twitter_card":"summary_large_image","twitter_misc":{"Est. reading time":"1 minute"},"schema":{"@context":"https:\/\/schema.org","@graph":[{"@type":"WebPage","@id":"https:\/\/indtesa-electronica.com\/tienda-en-linea\/componentes\/cables\/cables-puente-para-protoboard-840-piezas-14-longitudes-diferentes\/","url":"https:\/\/indtesa-electronica.com\/tienda-en-linea\/componentes\/cables\/cables-puente-para-protoboard-840-piezas-14-longitudes-diferentes\/","name":"Cables Puente para Protoboard, 840 Piezas, 14 Longitudes Diferentes | IndTESA","isPartOf":{"@id":"https:\/\/indtesa-electronica.com\/#website"},"primaryImageOfPage":{"@id":"https:\/\/indtesa-electronica.com\/tienda-en-linea\/componentes\/cables\/cables-puente-para-protoboard-840-piezas-14-longitudes-diferentes\/#primaryimage"},"image":{"@id":"https:\/\/indtesa-electronica.com\/tienda-en-linea\/componentes\/cables\/cables-puente-para-protoboard-840-piezas-14-longitudes-diferentes\/#primaryimage"},"thumbnailUrl":"https:\/\/indtesa-electronica.com\/wp-content\/uploads\/2024\/05\/Cables-Puente-para-Protoboard-840-Piezas-14-Longitudes-Diferentes.png","datePublished":"2024-05-04T20:08:11+00:00","dateModified":"2025-04-04T00:33:02+00:00","breadcrumb":{"@id":"https:\/\/indtesa-electronica.com\/tienda-en-linea\/componentes\/cables\/cables-puente-para-protoboard-840-piezas-14-longitudes-diferentes\/#breadcrumb"},"inLanguage":"en-US","potentialAction":[{"@type":"ReadAction","target":["https:\/\/indtesa-electronica.com\/tienda-en-linea\/componentes\/cables\/cables-puente-para-protoboard-840-piezas-14-longitudes-diferentes\/"]}]},{"@type":"ImageObject","inLanguage":"en-US","@id":"https:\/\/indtesa-electronica.com\/tienda-en-linea\/componentes\/cables\/cables-puente-para-protoboard-840-piezas-14-longitudes-diferentes\/#primaryimage","url":"https:\/\/indtesa-electronica.com\/wp-content\/uploads\/2024\/05\/Cables-Puente-para-Protoboard-840-Piezas-14-Longitudes-Diferentes.png","contentUrl":"https:\/\/indtesa-electronica.com\/wp-content\/uploads\/2024\/05\/Cables-Puente-para-Protoboard-840-Piezas-14-Longitudes-Diferentes.png","width":630,"height":630},{"@type":"BreadcrumbList","@id":"https:\/\/indtesa-electronica.com\/tienda-en-linea\/componentes\/cables\/cables-puente-para-protoboard-840-piezas-14-longitudes-diferentes\/#breadcrumb","itemListElement":[{"@type":"ListItem","position":1,"name":"Inicio","item":"https:\/\/indtesa-electronica.com\/"},{"@type":"ListItem","position":2,"name":"Tienda en linea","item":"https:\/\/indtesa-electronica.com\/tienda-en-linea\/"},{"@type":"ListItem","position":3,"name":"Cables Puente para Protoboard, 840 Piezas, 14 Longitudes Diferentes"}]},{"@type":"WebSite","@id":"https:\/\/indtesa-electronica.com\/#website","url":"https:\/\/indtesa-electronica.com\/","name":"Electronica - IndTESA","description":"","publisher":{"@id":"https:\/\/indtesa-electronica.com\/#organization"},"potentialAction":[{"@type":"SearchAction","target":{"@type":"EntryPoint","urlTemplate":"https:\/\/indtesa-electronica.com\/?s={search_term_string}"},"query-input":{"@type":"PropertyValueSpecification","valueRequired":true,"valueName":"search_term_string"}}],"inLanguage":"en-US"},{"@type":"Organization","@id":"https:\/\/indtesa-electronica.com\/#organization","name":"Industrial TESA S.A.S. de C.V.","url":"https:\/\/indtesa-electronica.com\/","logo":{"@type":"ImageObject","inLanguage":"en-US","@id":"https:\/\/indtesa-electronica.com\/#\/schema\/logo\/image\/","url":"","contentUrl":"","caption":"Industrial TESA S.A.S. de C.V."},"image":{"@id":"https:\/\/indtesa-electronica.com\/#\/schema\/logo\/image\/"}}]}},"jetpack_sharing_enabled":true,"tiered_pricing_type":"fixed","tiered_pricing_fixed_rules":[],"tiered_pricing_product_settings":{"layout":"default","base_unit_name":{"singular":null,"plural":null},"default_variation":null},"tiered_pricing_minimum_quantity":null,"tiered_pricing_roles_data":[],"tiered_pricing_percentage_rules":[],"_links":{"self":[{"href":"https:\/\/indtesa-electronica.com\/en\/wp-json\/wp\/v2\/product\/14955","targetHints":{"allow":["GET"]}}],"collection":[{"href":"https:\/\/indtesa-electronica.com\/en\/wp-json\/wp\/v2\/product"}],"about":[{"href":"https:\/\/indtesa-electronica.com\/en\/wp-json\/wp\/v2\/types\/product"}],"wp:featuredmedia":[{"embeddable":true,"href":"https:\/\/indtesa-electronica.com\/en\/wp-json\/wp\/v2\/media\/14956"}],"wp:attachment":[{"href":"https:\/\/indtesa-electronica.com\/en\/wp-json\/wp\/v2\/media?parent=14955"}],"wp:term":[{"taxonomy":"product_brand","embeddable":true,"href":"https:\/\/indtesa-electronica.com\/en\/wp-json\/wp\/v2\/product_brand?post=14955"},{"taxonomy":"product_cat","embeddable":true,"href":"https:\/\/indtesa-electronica.com\/en\/wp-json\/wp\/v2\/product_cat?post=14955"},{"taxonomy":"product_tag","embeddable":true,"href":"https:\/\/indtesa-electronica.com\/en\/wp-json\/wp\/v2\/product_tag?post=14955"}],"curies":[{"name":"wp","href":"https:\/\/api.w.org\/{rel}","templated":true}]}}