{"id":14969,"date":"2024-05-11T18:22:39","date_gmt":"2024-05-11T18:22:39","guid":{"rendered":"https:\/\/indtesa-electronica.com\/?post_type=product&#038;p=14969"},"modified":"2025-03-01T02:22:00","modified_gmt":"2025-03-01T02:22:00","slug":"cable-de-configuracion-modelo-5200-cc","status":"publish","type":"product","link":"https:\/\/indtesa-electronica.com\/en\/tienda-en-linea\/herramientas\/control\/cable-de-configuracion-modelo-5200-cc\/","title":{"rendered":"Cable de Configuraci\u00f3n, Modelo 5200-CC"},"content":{"rendered":"<p>Compatible con todos los Flujometros de la serie 5000 Rev. 3<\/p>\n<ul>\n<li>Los par\u00e1metros ajustables por el usuario incluyen:<\/li>\n<li>Escala de miliamperios<\/li>\n<li>Escala de pulso<\/li>\n<li>Salida umbral<\/li>\n<li>Di\u00e1metro interno<\/li>\n<li>Presi\u00f3n<\/li>\n<li>Filtraci\u00f3n<\/li>\n<\/ul>","protected":false},"excerpt":{"rendered":"<p>Compatible con todos los Flujometros de la serie 5000 Rev. 3 Los par\u00e1metros ajustables por el usuario incluyen: Escala de miliamperios Escala de pulso Salida umbral Di\u00e1metro interno Presi\u00f3n Filtraci\u00f3n<\/p>","protected":false},"featured_media":14970,"template":"","meta":{"_gspb_post_css":""},"product_brand":[],"product_cat":[138],"product_tag":[],"class_list":{"0":"post-14969","1":"product","2":"type-product","3":"status-publish","4":"has-post-thumbnail","6":"product_cat-control","8":"first","9":"instock","10":"sold-individually","11":"taxable","12":"shipping-taxable","13":"purchasable","14":"product-type-simple"},"ct_brands":[],"yoast_head":"<!-- This site is optimized with the Yoast SEO plugin v27.1.1 - https:\/\/yoast.com\/product\/yoast-seo-wordpress\/ -->\n<title>Cable de Configuraci\u00f3n, Modelo 5200-CC | IndTESA<\/title>\n<meta name=\"robots\" content=\"index, follow, max-snippet:-1, max-image-preview:large, max-video-preview:-1\" \/>\n<link rel=\"canonical\" href=\"https:\/\/indtesa-electronica.com\/en\/tienda-en-linea\/herramientas\/control\/cable-de-configuracion-modelo-5200-cc\/\" \/>\n<meta property=\"og:locale\" content=\"en_US\" \/>\n<meta property=\"og:type\" content=\"article\" \/>\n<meta property=\"og:title\" content=\"Cable de Configuraci\u00f3n, Modelo 5200-CC | IndTESA\" \/>\n<meta property=\"og:description\" content=\"Compatible con todos los Flujometros de la serie 5000 Rev. 3 Los par\u00e1metros ajustables por el usuario incluyen: Escala de miliamperios Escala de pulso Salida umbral Di\u00e1metro interno Presi\u00f3n Filtraci\u00f3n\" \/>\n<meta property=\"og:url\" content=\"https:\/\/indtesa-electronica.com\/en\/tienda-en-linea\/herramientas\/control\/cable-de-configuracion-modelo-5200-cc\/\" \/>\n<meta property=\"og:site_name\" content=\"IndTESA\" \/>\n<meta property=\"article:modified_time\" content=\"2025-03-01T02:22:00+00:00\" \/>\n<meta property=\"og:image\" content=\"https:\/\/indtesa-electronica.com\/wp-content\/uploads\/2024\/05\/Cable-de-Configuracion-Modelo-5200-CC.png\" \/>\n\t<meta property=\"og:image:width\" content=\"640\" \/>\n\t<meta property=\"og:image:height\" content=\"640\" \/>\n\t<meta property=\"og:image:type\" content=\"image\/png\" \/>\n<meta name=\"twitter:card\" content=\"summary_large_image\" \/>\n<meta name=\"twitter:label1\" content=\"Est. reading time\" \/>\n\t<meta name=\"twitter:data1\" content=\"1 minute\" \/>\n<script type=\"application\/ld+json\" class=\"yoast-schema-graph\">{\"@context\":\"https:\/\/schema.org\",\"@graph\":[{\"@type\":\"WebPage\",\"@id\":\"https:\/\/indtesa-electronica.com\/tienda-en-linea\/herramientas\/control\/cable-de-configuracion-modelo-5200-cc\/\",\"url\":\"https:\/\/indtesa-electronica.com\/tienda-en-linea\/herramientas\/control\/cable-de-configuracion-modelo-5200-cc\/\",\"name\":\"Cable de Configuraci\u00f3n, Modelo 5200-CC | IndTESA\",\"isPartOf\":{\"@id\":\"https:\/\/indtesa-electronica.com\/#website\"},\"primaryImageOfPage\":{\"@id\":\"https:\/\/indtesa-electronica.com\/tienda-en-linea\/herramientas\/control\/cable-de-configuracion-modelo-5200-cc\/#primaryimage\"},\"image\":{\"@id\":\"https:\/\/indtesa-electronica.com\/tienda-en-linea\/herramientas\/control\/cable-de-configuracion-modelo-5200-cc\/#primaryimage\"},\"thumbnailUrl\":\"https:\/\/indtesa-electronica.com\/wp-content\/uploads\/2024\/05\/Cable-de-Configuracion-Modelo-5200-CC.png\",\"datePublished\":\"2024-05-11T18:22:39+00:00\",\"dateModified\":\"2025-03-01T02:22:00+00:00\",\"breadcrumb\":{\"@id\":\"https:\/\/indtesa-electronica.com\/tienda-en-linea\/herramientas\/control\/cable-de-configuracion-modelo-5200-cc\/#breadcrumb\"},\"inLanguage\":\"en-US\",\"potentialAction\":[{\"@type\":\"ReadAction\",\"target\":[\"https:\/\/indtesa-electronica.com\/tienda-en-linea\/herramientas\/control\/cable-de-configuracion-modelo-5200-cc\/\"]}]},{\"@type\":\"ImageObject\",\"inLanguage\":\"en-US\",\"@id\":\"https:\/\/indtesa-electronica.com\/tienda-en-linea\/herramientas\/control\/cable-de-configuracion-modelo-5200-cc\/#primaryimage\",\"url\":\"https:\/\/indtesa-electronica.com\/wp-content\/uploads\/2024\/05\/Cable-de-Configuracion-Modelo-5200-CC.png\",\"contentUrl\":\"https:\/\/indtesa-electronica.com\/wp-content\/uploads\/2024\/05\/Cable-de-Configuracion-Modelo-5200-CC.png\",\"width\":640,\"height\":640},{\"@type\":\"BreadcrumbList\",\"@id\":\"https:\/\/indtesa-electronica.com\/tienda-en-linea\/herramientas\/control\/cable-de-configuracion-modelo-5200-cc\/#breadcrumb\",\"itemListElement\":[{\"@type\":\"ListItem\",\"position\":1,\"name\":\"Inicio\",\"item\":\"https:\/\/indtesa-electronica.com\/\"},{\"@type\":\"ListItem\",\"position\":2,\"name\":\"Tienda en linea\",\"item\":\"https:\/\/indtesa-electronica.com\/tienda-en-linea\/\"},{\"@type\":\"ListItem\",\"position\":3,\"name\":\"Cable de Configuraci\u00f3n, Modelo 5200-CC\"}]},{\"@type\":\"WebSite\",\"@id\":\"https:\/\/indtesa-electronica.com\/#website\",\"url\":\"https:\/\/indtesa-electronica.com\/\",\"name\":\"Electronica - IndTESA\",\"description\":\"\",\"publisher\":{\"@id\":\"https:\/\/indtesa-electronica.com\/#organization\"},\"potentialAction\":[{\"@type\":\"SearchAction\",\"target\":{\"@type\":\"EntryPoint\",\"urlTemplate\":\"https:\/\/indtesa-electronica.com\/?s={search_term_string}\"},\"query-input\":{\"@type\":\"PropertyValueSpecification\",\"valueRequired\":true,\"valueName\":\"search_term_string\"}}],\"inLanguage\":\"en-US\"},{\"@type\":\"Organization\",\"@id\":\"https:\/\/indtesa-electronica.com\/#organization\",\"name\":\"Industrial TESA S.A.S. de C.V.\",\"url\":\"https:\/\/indtesa-electronica.com\/\",\"logo\":{\"@type\":\"ImageObject\",\"inLanguage\":\"en-US\",\"@id\":\"https:\/\/indtesa-electronica.com\/#\/schema\/logo\/image\/\",\"url\":\"\",\"contentUrl\":\"\",\"caption\":\"Industrial TESA S.A.S. de C.V.\"},\"image\":{\"@id\":\"https:\/\/indtesa-electronica.com\/#\/schema\/logo\/image\/\"}}]}<\/script>\n<!-- \/ Yoast SEO plugin. -->","yoast_head_json":{"title":"Cable de Configuraci\u00f3n, Modelo 5200-CC | IndTESA","robots":{"index":"index","follow":"follow","max-snippet":"max-snippet:-1","max-image-preview":"max-image-preview:large","max-video-preview":"max-video-preview:-1"},"canonical":"https:\/\/indtesa-electronica.com\/en\/tienda-en-linea\/herramientas\/control\/cable-de-configuracion-modelo-5200-cc\/","og_locale":"en_US","og_type":"article","og_title":"Cable de Configuraci\u00f3n, Modelo 5200-CC | IndTESA","og_description":"Compatible con todos los Flujometros de la serie 5000 Rev. 3 Los par\u00e1metros ajustables por el usuario incluyen: Escala de miliamperios Escala de pulso Salida umbral Di\u00e1metro interno Presi\u00f3n Filtraci\u00f3n","og_url":"https:\/\/indtesa-electronica.com\/en\/tienda-en-linea\/herramientas\/control\/cable-de-configuracion-modelo-5200-cc\/","og_site_name":"IndTESA","article_modified_time":"2025-03-01T02:22:00+00:00","og_image":[{"width":640,"height":640,"url":"https:\/\/indtesa-electronica.com\/wp-content\/uploads\/2024\/05\/Cable-de-Configuracion-Modelo-5200-CC.png","type":"image\/png"}],"twitter_card":"summary_large_image","twitter_misc":{"Est. reading time":"1 minute"},"schema":{"@context":"https:\/\/schema.org","@graph":[{"@type":"WebPage","@id":"https:\/\/indtesa-electronica.com\/tienda-en-linea\/herramientas\/control\/cable-de-configuracion-modelo-5200-cc\/","url":"https:\/\/indtesa-electronica.com\/tienda-en-linea\/herramientas\/control\/cable-de-configuracion-modelo-5200-cc\/","name":"Cable de Configuraci\u00f3n, Modelo 5200-CC | IndTESA","isPartOf":{"@id":"https:\/\/indtesa-electronica.com\/#website"},"primaryImageOfPage":{"@id":"https:\/\/indtesa-electronica.com\/tienda-en-linea\/herramientas\/control\/cable-de-configuracion-modelo-5200-cc\/#primaryimage"},"image":{"@id":"https:\/\/indtesa-electronica.com\/tienda-en-linea\/herramientas\/control\/cable-de-configuracion-modelo-5200-cc\/#primaryimage"},"thumbnailUrl":"https:\/\/indtesa-electronica.com\/wp-content\/uploads\/2024\/05\/Cable-de-Configuracion-Modelo-5200-CC.png","datePublished":"2024-05-11T18:22:39+00:00","dateModified":"2025-03-01T02:22:00+00:00","breadcrumb":{"@id":"https:\/\/indtesa-electronica.com\/tienda-en-linea\/herramientas\/control\/cable-de-configuracion-modelo-5200-cc\/#breadcrumb"},"inLanguage":"en-US","potentialAction":[{"@type":"ReadAction","target":["https:\/\/indtesa-electronica.com\/tienda-en-linea\/herramientas\/control\/cable-de-configuracion-modelo-5200-cc\/"]}]},{"@type":"ImageObject","inLanguage":"en-US","@id":"https:\/\/indtesa-electronica.com\/tienda-en-linea\/herramientas\/control\/cable-de-configuracion-modelo-5200-cc\/#primaryimage","url":"https:\/\/indtesa-electronica.com\/wp-content\/uploads\/2024\/05\/Cable-de-Configuracion-Modelo-5200-CC.png","contentUrl":"https:\/\/indtesa-electronica.com\/wp-content\/uploads\/2024\/05\/Cable-de-Configuracion-Modelo-5200-CC.png","width":640,"height":640},{"@type":"BreadcrumbList","@id":"https:\/\/indtesa-electronica.com\/tienda-en-linea\/herramientas\/control\/cable-de-configuracion-modelo-5200-cc\/#breadcrumb","itemListElement":[{"@type":"ListItem","position":1,"name":"Inicio","item":"https:\/\/indtesa-electronica.com\/"},{"@type":"ListItem","position":2,"name":"Tienda en linea","item":"https:\/\/indtesa-electronica.com\/tienda-en-linea\/"},{"@type":"ListItem","position":3,"name":"Cable de Configuraci\u00f3n, Modelo 5200-CC"}]},{"@type":"WebSite","@id":"https:\/\/indtesa-electronica.com\/#website","url":"https:\/\/indtesa-electronica.com\/","name":"Electronica - IndTESA","description":"","publisher":{"@id":"https:\/\/indtesa-electronica.com\/#organization"},"potentialAction":[{"@type":"SearchAction","target":{"@type":"EntryPoint","urlTemplate":"https:\/\/indtesa-electronica.com\/?s={search_term_string}"},"query-input":{"@type":"PropertyValueSpecification","valueRequired":true,"valueName":"search_term_string"}}],"inLanguage":"en-US"},{"@type":"Organization","@id":"https:\/\/indtesa-electronica.com\/#organization","name":"Industrial TESA S.A.S. de C.V.","url":"https:\/\/indtesa-electronica.com\/","logo":{"@type":"ImageObject","inLanguage":"en-US","@id":"https:\/\/indtesa-electronica.com\/#\/schema\/logo\/image\/","url":"","contentUrl":"","caption":"Industrial TESA S.A.S. de C.V."},"image":{"@id":"https:\/\/indtesa-electronica.com\/#\/schema\/logo\/image\/"}}]}},"jetpack_sharing_enabled":true,"tiered_pricing_type":"fixed","tiered_pricing_fixed_rules":[],"tiered_pricing_product_settings":{"layout":"default","base_unit_name":{"singular":null,"plural":null},"default_variation":null},"tiered_pricing_minimum_quantity":null,"tiered_pricing_roles_data":[],"tiered_pricing_percentage_rules":[],"_links":{"self":[{"href":"https:\/\/indtesa-electronica.com\/en\/wp-json\/wp\/v2\/product\/14969","targetHints":{"allow":["GET"]}}],"collection":[{"href":"https:\/\/indtesa-electronica.com\/en\/wp-json\/wp\/v2\/product"}],"about":[{"href":"https:\/\/indtesa-electronica.com\/en\/wp-json\/wp\/v2\/types\/product"}],"wp:featuredmedia":[{"embeddable":true,"href":"https:\/\/indtesa-electronica.com\/en\/wp-json\/wp\/v2\/media\/14970"}],"wp:attachment":[{"href":"https:\/\/indtesa-electronica.com\/en\/wp-json\/wp\/v2\/media?parent=14969"}],"wp:term":[{"taxonomy":"product_brand","embeddable":true,"href":"https:\/\/indtesa-electronica.com\/en\/wp-json\/wp\/v2\/product_brand?post=14969"},{"taxonomy":"product_cat","embeddable":true,"href":"https:\/\/indtesa-electronica.com\/en\/wp-json\/wp\/v2\/product_cat?post=14969"},{"taxonomy":"product_tag","embeddable":true,"href":"https:\/\/indtesa-electronica.com\/en\/wp-json\/wp\/v2\/product_tag?post=14969"}],"curies":[{"name":"wp","href":"https:\/\/api.w.org\/{rel}","templated":true}]}}