{"id":15047,"date":"2024-05-31T21:45:35","date_gmt":"2024-05-31T21:45:35","guid":{"rendered":"https:\/\/indtesa-electronica.com\/?post_type=product&#038;p=15047"},"modified":"2025-02-18T00:47:05","modified_gmt":"2025-02-18T00:47:05","slug":"conector-taa-0-de-traccion-empuje-de-plastico-de-soldadura-3-pines-macho-hembra","status":"publish","type":"product","link":"https:\/\/indtesa-electronica.com\/en\/tienda-en-linea\/componentes\/conexion\/conector-taa-0-de-traccion-empuje-de-plastico-de-soldadura-3-pines-macho-hembra\/","title":{"rendered":"Conector TAA 0\u00b0, de Tracci\u00f3n Empuje de Pl\u00e1stico de Soldadura 3 Pines Macho\/Hembra"},"content":{"rendered":"<p><strong>Rango maximo de cable<\/strong>: 20AWG<\/p>\n<p><strong>Pines<\/strong>: 3<\/p>\n<p><strong>Material de contacto<\/strong>: chapados en oro y n\u00edquel<\/p>\n<p>Materiales ligeros y resistentes, sistema de bloqueo r\u00e1pido de empuje: Outshell-policarbonato (PC), aislador-pps, certificado RoHs puede ser esterilizado por gas o por vapor.<br \/>\nAl menos 2000 ciclos de acoplamiento\/desacoplamiento sin afectar significativamente las caracter\u00edsticas el\u00e9ctricas.<\/p>\n<p><strong>Color<\/strong>: azul\/rojo\/amarillo\/verde y gris<\/p>\n<p><strong>Numero de llaves<\/strong>: 1 a 0\u00b0<\/p>\n<p><img loading=\"lazy\" decoding=\"async\" class=\"alignnone wp-image-15057\" src=\"https:\/\/indtesa-electronica.com\/wp-content\/uploads\/2024\/05\/diagrama-de-llaves-300x300.png\" alt=\"\" width=\"536\" height=\"536\" srcset=\"https:\/\/indtesa-electronica.com\/wp-content\/uploads\/2024\/05\/diagrama-de-llaves-300x300.png 300w, https:\/\/indtesa-electronica.com\/wp-content\/uploads\/2024\/05\/diagrama-de-llaves-150x150.png 150w, https:\/\/indtesa-electronica.com\/wp-content\/uploads\/2024\/05\/diagrama-de-llaves-12x12.png 12w, https:\/\/indtesa-electronica.com\/wp-content\/uploads\/2024\/05\/diagrama-de-llaves-100x100.png 100w, https:\/\/indtesa-electronica.com\/wp-content\/uploads\/2024\/05\/diagrama-de-llaves.png 380w\" sizes=\"auto, (max-width: 536px) 100vw, 536px\" \/><\/p>","protected":false},"excerpt":{"rendered":"<p>Tiene 3 pines, se utilizan en equipos m\u00e9dicos ECG, sistemas de detecci\u00f3n, sistema de prueba, instrumentaci\u00f3n, endoscopia, sistemas inform\u00e1ticos, equipo coaxial electr\u00f3nico\/mixto ilimitado, etc.<\/p>","protected":false},"featured_media":15052,"template":"","meta":{"_gspb_post_css":""},"product_brand":[],"product_cat":[433],"product_tag":[],"class_list":{"0":"post-15047","1":"product","2":"type-product","3":"status-publish","4":"has-post-thumbnail","6":"product_cat-conexion","8":"first","9":"instock","10":"taxable","11":"shipping-taxable","12":"purchasable","13":"product-type-variable"},"ct_brands":[],"yoast_head":"<!-- This site is optimized with the Yoast SEO plugin v27.1.1 - https:\/\/yoast.com\/product\/yoast-seo-wordpress\/ -->\n<title>Conector TAA 0\u00b0, de Tracci\u00f3n Empuje de Pl\u00e1stico de Soldadura 3 Pines Macho\/Hembra | IndTESA<\/title>\n<meta name=\"robots\" content=\"index, follow, max-snippet:-1, max-image-preview:large, max-video-preview:-1\" \/>\n<link rel=\"canonical\" href=\"https:\/\/indtesa-electronica.com\/en\/tienda-en-linea\/componentes\/conexion\/conector-taa-0-de-traccion-empuje-de-plastico-de-soldadura-3-pines-macho-hembra\/\" \/>\n<meta property=\"og:locale\" content=\"en_US\" \/>\n<meta property=\"og:type\" content=\"article\" \/>\n<meta property=\"og:title\" content=\"Conector TAA 0\u00b0, de Tracci\u00f3n Empuje de Pl\u00e1stico de Soldadura 3 Pines Macho\/Hembra | IndTESA\" \/>\n<meta property=\"og:description\" content=\"Tiene 3 pines, se utilizan en equipos m\u00e9dicos ECG, sistemas de detecci\u00f3n, sistema de prueba, instrumentaci\u00f3n, endoscopia, sistemas inform\u00e1ticos, equipo coaxial electr\u00f3nico\/mixto ilimitado, etc.\" \/>\n<meta property=\"og:url\" content=\"https:\/\/indtesa-electronica.com\/en\/tienda-en-linea\/componentes\/conexion\/conector-taa-0-de-traccion-empuje-de-plastico-de-soldadura-3-pines-macho-hembra\/\" \/>\n<meta property=\"og:site_name\" content=\"IndTESA\" \/>\n<meta property=\"article:modified_time\" content=\"2025-02-18T00:47:05+00:00\" \/>\n<meta property=\"og:image\" content=\"https:\/\/indtesa-electronica.com\/wp-content\/uploads\/2024\/05\/Conector-TAA-0\u00b0-de-Traccion-Empuje-de-Plastico-de-Soldadura-3-Pines-MachoHembra.png\" \/>\n\t<meta property=\"og:image:width\" content=\"600\" \/>\n\t<meta property=\"og:image:height\" content=\"600\" \/>\n\t<meta property=\"og:image:type\" content=\"image\/png\" \/>\n<meta name=\"twitter:card\" content=\"summary_large_image\" \/>\n<meta name=\"twitter:label1\" content=\"Est. reading time\" \/>\n\t<meta name=\"twitter:data1\" content=\"1 minute\" \/>\n<script type=\"application\/ld+json\" class=\"yoast-schema-graph\">{\"@context\":\"https:\/\/schema.org\",\"@graph\":[{\"@type\":\"WebPage\",\"@id\":\"https:\/\/indtesa-electronica.com\/tienda-en-linea\/componentes\/conexion\/conector-taa-0-de-traccion-empuje-de-plastico-de-soldadura-3-pines-macho-hembra\/\",\"url\":\"https:\/\/indtesa-electronica.com\/tienda-en-linea\/componentes\/conexion\/conector-taa-0-de-traccion-empuje-de-plastico-de-soldadura-3-pines-macho-hembra\/\",\"name\":\"Conector TAA 0\u00b0, de Tracci\u00f3n Empuje de Pl\u00e1stico de Soldadura 3 Pines Macho\/Hembra | IndTESA\",\"isPartOf\":{\"@id\":\"https:\/\/indtesa-electronica.com\/#website\"},\"primaryImageOfPage\":{\"@id\":\"https:\/\/indtesa-electronica.com\/tienda-en-linea\/componentes\/conexion\/conector-taa-0-de-traccion-empuje-de-plastico-de-soldadura-3-pines-macho-hembra\/#primaryimage\"},\"image\":{\"@id\":\"https:\/\/indtesa-electronica.com\/tienda-en-linea\/componentes\/conexion\/conector-taa-0-de-traccion-empuje-de-plastico-de-soldadura-3-pines-macho-hembra\/#primaryimage\"},\"thumbnailUrl\":\"https:\/\/indtesa-electronica.com\/wp-content\/uploads\/2024\/05\/Conector-TAA-0\u00b0-de-Traccion-Empuje-de-Plastico-de-Soldadura-3-Pines-MachoHembra.png\",\"datePublished\":\"2024-05-31T21:45:35+00:00\",\"dateModified\":\"2025-02-18T00:47:05+00:00\",\"breadcrumb\":{\"@id\":\"https:\/\/indtesa-electronica.com\/tienda-en-linea\/componentes\/conexion\/conector-taa-0-de-traccion-empuje-de-plastico-de-soldadura-3-pines-macho-hembra\/#breadcrumb\"},\"inLanguage\":\"en-US\",\"potentialAction\":[{\"@type\":\"ReadAction\",\"target\":[\"https:\/\/indtesa-electronica.com\/tienda-en-linea\/componentes\/conexion\/conector-taa-0-de-traccion-empuje-de-plastico-de-soldadura-3-pines-macho-hembra\/\"]}]},{\"@type\":\"ImageObject\",\"inLanguage\":\"en-US\",\"@id\":\"https:\/\/indtesa-electronica.com\/tienda-en-linea\/componentes\/conexion\/conector-taa-0-de-traccion-empuje-de-plastico-de-soldadura-3-pines-macho-hembra\/#primaryimage\",\"url\":\"https:\/\/indtesa-electronica.com\/wp-content\/uploads\/2024\/05\/Conector-TAA-0\u00b0-de-Traccion-Empuje-de-Plastico-de-Soldadura-3-Pines-MachoHembra.png\",\"contentUrl\":\"https:\/\/indtesa-electronica.com\/wp-content\/uploads\/2024\/05\/Conector-TAA-0\u00b0-de-Traccion-Empuje-de-Plastico-de-Soldadura-3-Pines-MachoHembra.png\",\"width\":600,\"height\":600},{\"@type\":\"BreadcrumbList\",\"@id\":\"https:\/\/indtesa-electronica.com\/tienda-en-linea\/componentes\/conexion\/conector-taa-0-de-traccion-empuje-de-plastico-de-soldadura-3-pines-macho-hembra\/#breadcrumb\",\"itemListElement\":[{\"@type\":\"ListItem\",\"position\":1,\"name\":\"Inicio\",\"item\":\"https:\/\/indtesa-electronica.com\/\"},{\"@type\":\"ListItem\",\"position\":2,\"name\":\"Tienda en linea\",\"item\":\"https:\/\/indtesa-electronica.com\/tienda-en-linea\/\"},{\"@type\":\"ListItem\",\"position\":3,\"name\":\"Conector TAA 0\u00b0, de Tracci\u00f3n Empuje de Pl\u00e1stico de Soldadura 3 Pines Macho\/Hembra\"}]},{\"@type\":\"WebSite\",\"@id\":\"https:\/\/indtesa-electronica.com\/#website\",\"url\":\"https:\/\/indtesa-electronica.com\/\",\"name\":\"Electronica - IndTESA\",\"description\":\"\",\"publisher\":{\"@id\":\"https:\/\/indtesa-electronica.com\/#organization\"},\"potentialAction\":[{\"@type\":\"SearchAction\",\"target\":{\"@type\":\"EntryPoint\",\"urlTemplate\":\"https:\/\/indtesa-electronica.com\/?s={search_term_string}\"},\"query-input\":{\"@type\":\"PropertyValueSpecification\",\"valueRequired\":true,\"valueName\":\"search_term_string\"}}],\"inLanguage\":\"en-US\"},{\"@type\":\"Organization\",\"@id\":\"https:\/\/indtesa-electronica.com\/#organization\",\"name\":\"Industrial TESA S.A.S. de C.V.\",\"url\":\"https:\/\/indtesa-electronica.com\/\",\"logo\":{\"@type\":\"ImageObject\",\"inLanguage\":\"en-US\",\"@id\":\"https:\/\/indtesa-electronica.com\/#\/schema\/logo\/image\/\",\"url\":\"\",\"contentUrl\":\"\",\"caption\":\"Industrial TESA S.A.S. de C.V.\"},\"image\":{\"@id\":\"https:\/\/indtesa-electronica.com\/#\/schema\/logo\/image\/\"}}]}<\/script>\n<!-- \/ Yoast SEO plugin. -->","yoast_head_json":{"title":"Conector TAA 0\u00b0, de Tracci\u00f3n Empuje de Pl\u00e1stico de Soldadura 3 Pines Macho\/Hembra | IndTESA","robots":{"index":"index","follow":"follow","max-snippet":"max-snippet:-1","max-image-preview":"max-image-preview:large","max-video-preview":"max-video-preview:-1"},"canonical":"https:\/\/indtesa-electronica.com\/en\/tienda-en-linea\/componentes\/conexion\/conector-taa-0-de-traccion-empuje-de-plastico-de-soldadura-3-pines-macho-hembra\/","og_locale":"en_US","og_type":"article","og_title":"Conector TAA 0\u00b0, de Tracci\u00f3n Empuje de Pl\u00e1stico de Soldadura 3 Pines Macho\/Hembra | IndTESA","og_description":"Tiene 3 pines, se utilizan en equipos m\u00e9dicos ECG, sistemas de detecci\u00f3n, sistema de prueba, instrumentaci\u00f3n, endoscopia, sistemas inform\u00e1ticos, equipo coaxial electr\u00f3nico\/mixto ilimitado, etc.","og_url":"https:\/\/indtesa-electronica.com\/en\/tienda-en-linea\/componentes\/conexion\/conector-taa-0-de-traccion-empuje-de-plastico-de-soldadura-3-pines-macho-hembra\/","og_site_name":"IndTESA","article_modified_time":"2025-02-18T00:47:05+00:00","og_image":[{"width":600,"height":600,"url":"https:\/\/indtesa-electronica.com\/wp-content\/uploads\/2024\/05\/Conector-TAA-0\u00b0-de-Traccion-Empuje-de-Plastico-de-Soldadura-3-Pines-MachoHembra.png","type":"image\/png"}],"twitter_card":"summary_large_image","twitter_misc":{"Est. reading time":"1 minute"},"schema":{"@context":"https:\/\/schema.org","@graph":[{"@type":"WebPage","@id":"https:\/\/indtesa-electronica.com\/tienda-en-linea\/componentes\/conexion\/conector-taa-0-de-traccion-empuje-de-plastico-de-soldadura-3-pines-macho-hembra\/","url":"https:\/\/indtesa-electronica.com\/tienda-en-linea\/componentes\/conexion\/conector-taa-0-de-traccion-empuje-de-plastico-de-soldadura-3-pines-macho-hembra\/","name":"Conector TAA 0\u00b0, de Tracci\u00f3n Empuje de Pl\u00e1stico de Soldadura 3 Pines Macho\/Hembra | IndTESA","isPartOf":{"@id":"https:\/\/indtesa-electronica.com\/#website"},"primaryImageOfPage":{"@id":"https:\/\/indtesa-electronica.com\/tienda-en-linea\/componentes\/conexion\/conector-taa-0-de-traccion-empuje-de-plastico-de-soldadura-3-pines-macho-hembra\/#primaryimage"},"image":{"@id":"https:\/\/indtesa-electronica.com\/tienda-en-linea\/componentes\/conexion\/conector-taa-0-de-traccion-empuje-de-plastico-de-soldadura-3-pines-macho-hembra\/#primaryimage"},"thumbnailUrl":"https:\/\/indtesa-electronica.com\/wp-content\/uploads\/2024\/05\/Conector-TAA-0\u00b0-de-Traccion-Empuje-de-Plastico-de-Soldadura-3-Pines-MachoHembra.png","datePublished":"2024-05-31T21:45:35+00:00","dateModified":"2025-02-18T00:47:05+00:00","breadcrumb":{"@id":"https:\/\/indtesa-electronica.com\/tienda-en-linea\/componentes\/conexion\/conector-taa-0-de-traccion-empuje-de-plastico-de-soldadura-3-pines-macho-hembra\/#breadcrumb"},"inLanguage":"en-US","potentialAction":[{"@type":"ReadAction","target":["https:\/\/indtesa-electronica.com\/tienda-en-linea\/componentes\/conexion\/conector-taa-0-de-traccion-empuje-de-plastico-de-soldadura-3-pines-macho-hembra\/"]}]},{"@type":"ImageObject","inLanguage":"en-US","@id":"https:\/\/indtesa-electronica.com\/tienda-en-linea\/componentes\/conexion\/conector-taa-0-de-traccion-empuje-de-plastico-de-soldadura-3-pines-macho-hembra\/#primaryimage","url":"https:\/\/indtesa-electronica.com\/wp-content\/uploads\/2024\/05\/Conector-TAA-0\u00b0-de-Traccion-Empuje-de-Plastico-de-Soldadura-3-Pines-MachoHembra.png","contentUrl":"https:\/\/indtesa-electronica.com\/wp-content\/uploads\/2024\/05\/Conector-TAA-0\u00b0-de-Traccion-Empuje-de-Plastico-de-Soldadura-3-Pines-MachoHembra.png","width":600,"height":600},{"@type":"BreadcrumbList","@id":"https:\/\/indtesa-electronica.com\/tienda-en-linea\/componentes\/conexion\/conector-taa-0-de-traccion-empuje-de-plastico-de-soldadura-3-pines-macho-hembra\/#breadcrumb","itemListElement":[{"@type":"ListItem","position":1,"name":"Inicio","item":"https:\/\/indtesa-electronica.com\/"},{"@type":"ListItem","position":2,"name":"Tienda en linea","item":"https:\/\/indtesa-electronica.com\/tienda-en-linea\/"},{"@type":"ListItem","position":3,"name":"Conector TAA 0\u00b0, de Tracci\u00f3n Empuje de Pl\u00e1stico de Soldadura 3 Pines Macho\/Hembra"}]},{"@type":"WebSite","@id":"https:\/\/indtesa-electronica.com\/#website","url":"https:\/\/indtesa-electronica.com\/","name":"Electronica - IndTESA","description":"","publisher":{"@id":"https:\/\/indtesa-electronica.com\/#organization"},"potentialAction":[{"@type":"SearchAction","target":{"@type":"EntryPoint","urlTemplate":"https:\/\/indtesa-electronica.com\/?s={search_term_string}"},"query-input":{"@type":"PropertyValueSpecification","valueRequired":true,"valueName":"search_term_string"}}],"inLanguage":"en-US"},{"@type":"Organization","@id":"https:\/\/indtesa-electronica.com\/#organization","name":"Industrial TESA S.A.S. de C.V.","url":"https:\/\/indtesa-electronica.com\/","logo":{"@type":"ImageObject","inLanguage":"en-US","@id":"https:\/\/indtesa-electronica.com\/#\/schema\/logo\/image\/","url":"","contentUrl":"","caption":"Industrial TESA S.A.S. de C.V."},"image":{"@id":"https:\/\/indtesa-electronica.com\/#\/schema\/logo\/image\/"}}]}},"jetpack_sharing_enabled":true,"tiered_pricing_type":"fixed","tiered_pricing_fixed_rules":[],"tiered_pricing_product_settings":{"layout":"default","base_unit_name":{"singular":null,"plural":null},"default_variation":null},"tiered_pricing_minimum_quantity":null,"tiered_pricing_roles_data":[],"tiered_pricing_percentage_rules":[],"_links":{"self":[{"href":"https:\/\/indtesa-electronica.com\/en\/wp-json\/wp\/v2\/product\/15047","targetHints":{"allow":["GET"]}}],"collection":[{"href":"https:\/\/indtesa-electronica.com\/en\/wp-json\/wp\/v2\/product"}],"about":[{"href":"https:\/\/indtesa-electronica.com\/en\/wp-json\/wp\/v2\/types\/product"}],"wp:featuredmedia":[{"embeddable":true,"href":"https:\/\/indtesa-electronica.com\/en\/wp-json\/wp\/v2\/media\/15052"}],"wp:attachment":[{"href":"https:\/\/indtesa-electronica.com\/en\/wp-json\/wp\/v2\/media?parent=15047"}],"wp:term":[{"taxonomy":"product_brand","embeddable":true,"href":"https:\/\/indtesa-electronica.com\/en\/wp-json\/wp\/v2\/product_brand?post=15047"},{"taxonomy":"product_cat","embeddable":true,"href":"https:\/\/indtesa-electronica.com\/en\/wp-json\/wp\/v2\/product_cat?post=15047"},{"taxonomy":"product_tag","embeddable":true,"href":"https:\/\/indtesa-electronica.com\/en\/wp-json\/wp\/v2\/product_tag?post=15047"}],"curies":[{"name":"wp","href":"https:\/\/api.w.org\/{rel}","templated":true}]}}