{"id":15088,"date":"2024-06-01T18:33:34","date_gmt":"2024-06-01T18:33:34","guid":{"rendered":"https:\/\/indtesa-electronica.com\/?post_type=product&#038;p=15088"},"modified":"2025-02-22T02:04:43","modified_gmt":"2025-02-22T02:04:43","slug":"sensor-de-temperatura-y-humedad-lorawan-modelo-s31-ls-us915","status":"publish","type":"product","link":"https:\/\/indtesa-electronica.com\/en\/tienda-en-linea\/iot\/lorawan\/sensor-de-temperatura-y-humedad-lorawan-modelo-s31-ls-us915\/","title":{"rendered":"Sensor de Temperatura y Humedad LoRaWAN, Modelo S31-LS-US915"},"content":{"rendered":"<ul>\n<li><span style=\"color: #3366ff;\"><strong><a style=\"color: #3366ff;\" href=\"https:\/\/indtesa-electronica.com\/en\/tienda-en-linea\/lorawan\/sensor-de-temperatura-y-humedad-lorawan-modelo-s31-ls-us915\/#Caracteristicas\">Caracteristicas<\/a><\/strong><\/span><\/li>\n<li><span style=\"color: #3366ff;\"><strong><a style=\"color: #3366ff;\" href=\"https:\/\/indtesa-electronica.com\/en\/tienda-en-linea\/lorawan\/sensor-de-temperatura-y-humedad-lorawan-modelo-s31-ls-us915\/#Aplicaciones\">Aplicaciones<\/a><\/strong><\/span><\/li>\n<li><span style=\"color: #3366ff;\"><strong><a style=\"color: #3366ff;\" href=\"https:\/\/indtesa-electronica.com\/en\/tienda-en-linea\/lorawan\/sensor-de-temperatura-y-humedad-lorawan-modelo-s31-ls-us915\/#Especificaciones\">Especificaciones<\/a><\/strong><\/span><\/li>\n<li><span style=\"color: #3366ff;\"><strong><a style=\"color: #3366ff;\" href=\"https:\/\/indtesa-electronica.com\/en\/tienda-en-linea\/lorawan\/sensor-de-temperatura-y-humedad-lorawan-modelo-s31-ls-us915\/#Hoja\">Recursos<\/a><\/strong><\/span><\/li>\n<\/ul>\n<p>El sensor de temperatura y humedad utilizado en S31-LS es SHT31, que es una salida digital totalmente calibrada, linealizada y con compensaci\u00f3n de temperatura de Sensirion, que proporciona una gran confiabilidad y estabilidad a largo plazo. El SHT31 est\u00e1 fijado en una carcasa anticondensaci\u00f3n impermeable para uso a largo plazo.<\/p>\n<p>La tecnolog\u00eda inal\u00e1mbrica LoRa utilizada en S31-LB \/LS permite que el dispositivo env\u00ede datos y alcance rangos extremadamente largos a velocidades de datos bajas. Proporciona comunicaci\u00f3n de espectro ensanchado de alcance ultralargo y alta inmunidad a las interferencias, al tiempo que minimiza el consumo de corriente.<\/p>\n<p>S31-LS admite la funci\u00f3n de alarma de temperatura y humedad, el usuario puede configurar la alarma de temperatura para recibir un aviso instant\u00e1neo. S31-LS admite la funci\u00f3n de registro de datos, puede guardar los datos cuando no hay una red LoRaWAN y realizar un enlace ascendente cuando la red se recupera.<\/p>\n<p>S31-LS admite configuraci\u00f3n BLE y actualizaci\u00f3n OTA inal\u00e1mbrica que facilitan el uso del usuario.<\/p>\n<p>El S31-LS funciona con una bater\u00eda Li-SOCI2 de 8500 mAh o con energ\u00eda solar + bater\u00eda de litio y est\u00e1 dise\u00f1ado para un uso prolongado de hasta 5 a\u00f1os.<\/p>\n<p>&nbsp;<\/p>\n<p><strong id=\"Caracteristicas\">Caracter\u00edsticas<\/strong>:<\/p>\n<p>LoRaWAN 1.0.3 Clase A<br \/>\nConsumo de energ\u00eda ultrabajo<br \/>\nSonda SHT31 externa de 3 metros (Para S31-LB)<br \/>\nRango de medida -40\u00b0C ~ 80\u00b0C<br \/>\nAlarma de temperatura y humedad<br \/>\nBanda: US915<br \/>\nAdmite configuraci\u00f3n remota Bluetooth v5.1 y LoRaWAN<br \/>\nAdmite actualizaci\u00f3n de firmware OTA inal\u00e1mbrica<br \/>\nEnlace ascendente peri\u00f3dicamente<br \/>\nEnlace descendente para cambiar la configuraci\u00f3n<br \/>\nCaja impermeable IP66<br \/>\nBater\u00eda de 8 500 mAh Li\/SOCl2 (S31-LB)<br \/>\nPanel solar + bater\u00eda de litio de 3000 mAh ( S31 -LS)<\/p>\n<p><strong id=\"Aplicaciones\">Aplicaciones<\/strong>:<\/p>\n<p>Sistemas inal\u00e1mbricos de alarma y seguridad<br \/>\nAutomatizaci\u00f3n de viviendas y edificios<br \/>\nLectura de medidor automatizada<br \/>\nMonitoreo y Control Industrial<br \/>\nSistemas de riego de largo alcance, etc.<\/p>\n<p><strong id=\"Especificaciones\">Especificaciones<\/strong>:<\/p>\n<p>Caracter\u00edsticas comunes de CC:<\/p>\n<p>Voltaje de suministro: bater\u00eda incorporada, 2,5 v ~ 3,6 v<br \/>\nTemperatura de funcionamiento: -40 ~ 85\u00b0C<br \/>\nSensor de temperatura:<\/p>\n<p>Rango: -40 a + 80\u00b0C<br \/>\nPrecisi\u00f3n: \u00b10,2 a 0-90 \u00b0C<br \/>\nResoluci\u00f3n: 0,1\u00b0C<br \/>\nCambio a largo plazo: &lt;0,03 \u00b0C\/a\u00f1o<br \/>\nSensor de humedad:<\/p>\n<p>Rango: 0 ~ 99,9% HR<br \/>\nPrecisi\u00f3n: \u00b1 2% RH (0 ~ 100% RH)<br \/>\nResoluci\u00f3n: 0,01% HR<br \/>\nCambio a largo plazo: &lt;0,25 % RH\/a\u00f1o<br \/>\nEspecificaciones de LoRa:<\/p>\n<p>Rango de frecuencia, Banda 1 (HF): 862 ~ 1020 Mhz<br \/>\nSalida RF constante m\u00e1xima de +22 dBm vs.<br \/>\nSensibilidad RX: hasta -139 dBm.<br \/>\nExcelente inmunidad de bloqueo<br \/>\nBater\u00eda:<\/p>\n<p>Bater\u00eda Li\/SOCI2 no recargable<br \/>\nCapacidad: 8500mAh<br \/>\nAutodescarga: &lt;1% \/ A\u00f1o @ 25\u00b0C<br \/>\nCorriente continua m\u00e1xima: 130 mA<br \/>\nCorriente de impulso m\u00e1xima: 2A, 1 segundo<br \/>\nEl consumo de energ\u00eda:<\/p>\n<p>Modo de suspensi\u00f3n: 5uA @ 3.3v<br \/>\nModo de transmisi\u00f3n LoRa: 125 mA a 20 dBm, 82 mA a 14 dBm<\/p>\n<p><strong>Recursos:<\/strong><\/p>\n<p><a href=\"https:\/\/indtesa-electronica.com\/wp-content\/uploads\/2024\/06\/Hoja-de-datos.pdf\">Hoja de datos sensor de temperatura y humedad<\/a><\/p>\n<p><a href=\"http:\/\/wiki.dragino.com\/xwiki\/bin\/view\/Main\/User%20Manual%20for%20LoRaWAN%20End%20Nodes\/S31-LB_S31B-LB\/\">Manual de usuario<\/a><\/p>","protected":false},"excerpt":{"rendered":"<p>El Dragino S31-LS es una soluci\u00f3n de sensor de temperatura y humedad LoRaWAN para Internet de las cosas. Se utiliza para medir con precisi\u00f3n la temperatura del entorno y la humedad relativa del aire y luego cargarlo en el servidor IoT a trav\u00e9s del protocolo inal\u00e1mbrico LoRaWAN.<\/p>","protected":false},"featured_media":15089,"template":"","meta":{"_gspb_post_css":""},"product_brand":[389],"product_cat":[368],"product_tag":[],"class_list":{"0":"post-15088","1":"product","2":"type-product","3":"status-publish","4":"has-post-thumbnail","6":"product_brand-lorawan","7":"product_cat-lorawan","9":"first","10":"instock","11":"taxable","12":"shipping-taxable","13":"purchasable","14":"product-type-simple"},"ct_brands":[{"id":389,"name":"LoRaWAN","slug":"lorawan"}],"yoast_head":"<!-- This site is optimized with the Yoast SEO plugin v27.1.1 - https:\/\/yoast.com\/product\/yoast-seo-wordpress\/ -->\n<title>Sensor de Temperatura y Humedad LoRaWAN, Modelo S31-LS-US915 | IndTESA<\/title>\n<meta name=\"robots\" content=\"index, follow, max-snippet:-1, max-image-preview:large, max-video-preview:-1\" \/>\n<link rel=\"canonical\" href=\"https:\/\/indtesa-electronica.com\/en\/tienda-en-linea\/iot\/lorawan\/sensor-de-temperatura-y-humedad-lorawan-modelo-s31-ls-us915\/\" \/>\n<meta property=\"og:locale\" content=\"en_US\" \/>\n<meta property=\"og:type\" content=\"article\" \/>\n<meta property=\"og:title\" content=\"Sensor de Temperatura y Humedad LoRaWAN, Modelo S31-LS-US915 | IndTESA\" \/>\n<meta property=\"og:description\" content=\"El Dragino S31-LS es una soluci\u00f3n de sensor de temperatura y humedad LoRaWAN para Internet de las cosas. Se utiliza para medir con precisi\u00f3n la temperatura del entorno y la humedad relativa del aire y luego cargarlo en el servidor IoT a trav\u00e9s del protocolo inal\u00e1mbrico LoRaWAN.\" \/>\n<meta property=\"og:url\" content=\"https:\/\/indtesa-electronica.com\/en\/tienda-en-linea\/iot\/lorawan\/sensor-de-temperatura-y-humedad-lorawan-modelo-s31-ls-us915\/\" \/>\n<meta property=\"og:site_name\" content=\"IndTESA\" \/>\n<meta property=\"article:modified_time\" content=\"2025-02-22T02:04:43+00:00\" \/>\n<meta property=\"og:image\" content=\"https:\/\/indtesa-electronica.com\/wp-content\/uploads\/2024\/06\/Sensor-de-Temperatura-y-Humedad-LoRaWAN-Modelo-S31-LS.png\" \/>\n\t<meta property=\"og:image:width\" content=\"700\" \/>\n\t<meta property=\"og:image:height\" content=\"700\" \/>\n\t<meta property=\"og:image:type\" content=\"image\/png\" \/>\n<meta name=\"twitter:card\" content=\"summary_large_image\" \/>\n<meta name=\"twitter:label1\" content=\"Est. reading time\" \/>\n\t<meta name=\"twitter:data1\" content=\"3 minutes\" \/>\n<script type=\"application\/ld+json\" class=\"yoast-schema-graph\">{\"@context\":\"https:\/\/schema.org\",\"@graph\":[{\"@type\":\"WebPage\",\"@id\":\"https:\/\/indtesa-electronica.com\/tienda-en-linea\/iot\/lorawan\/sensor-de-temperatura-y-humedad-lorawan-modelo-s31-ls-us915\/\",\"url\":\"https:\/\/indtesa-electronica.com\/tienda-en-linea\/iot\/lorawan\/sensor-de-temperatura-y-humedad-lorawan-modelo-s31-ls-us915\/\",\"name\":\"Sensor de Temperatura y Humedad LoRaWAN, Modelo S31-LS-US915 | IndTESA\",\"isPartOf\":{\"@id\":\"https:\/\/indtesa-electronica.com\/#website\"},\"primaryImageOfPage\":{\"@id\":\"https:\/\/indtesa-electronica.com\/tienda-en-linea\/iot\/lorawan\/sensor-de-temperatura-y-humedad-lorawan-modelo-s31-ls-us915\/#primaryimage\"},\"image\":{\"@id\":\"https:\/\/indtesa-electronica.com\/tienda-en-linea\/iot\/lorawan\/sensor-de-temperatura-y-humedad-lorawan-modelo-s31-ls-us915\/#primaryimage\"},\"thumbnailUrl\":\"https:\/\/indtesa-electronica.com\/wp-content\/uploads\/2024\/06\/Sensor-de-Temperatura-y-Humedad-LoRaWAN-Modelo-S31-LS.png\",\"datePublished\":\"2024-06-01T18:33:34+00:00\",\"dateModified\":\"2025-02-22T02:04:43+00:00\",\"breadcrumb\":{\"@id\":\"https:\/\/indtesa-electronica.com\/tienda-en-linea\/iot\/lorawan\/sensor-de-temperatura-y-humedad-lorawan-modelo-s31-ls-us915\/#breadcrumb\"},\"inLanguage\":\"en-US\",\"potentialAction\":[{\"@type\":\"ReadAction\",\"target\":[\"https:\/\/indtesa-electronica.com\/tienda-en-linea\/iot\/lorawan\/sensor-de-temperatura-y-humedad-lorawan-modelo-s31-ls-us915\/\"]}]},{\"@type\":\"ImageObject\",\"inLanguage\":\"en-US\",\"@id\":\"https:\/\/indtesa-electronica.com\/tienda-en-linea\/iot\/lorawan\/sensor-de-temperatura-y-humedad-lorawan-modelo-s31-ls-us915\/#primaryimage\",\"url\":\"https:\/\/indtesa-electronica.com\/wp-content\/uploads\/2024\/06\/Sensor-de-Temperatura-y-Humedad-LoRaWAN-Modelo-S31-LS.png\",\"contentUrl\":\"https:\/\/indtesa-electronica.com\/wp-content\/uploads\/2024\/06\/Sensor-de-Temperatura-y-Humedad-LoRaWAN-Modelo-S31-LS.png\",\"width\":700,\"height\":700},{\"@type\":\"BreadcrumbList\",\"@id\":\"https:\/\/indtesa-electronica.com\/tienda-en-linea\/iot\/lorawan\/sensor-de-temperatura-y-humedad-lorawan-modelo-s31-ls-us915\/#breadcrumb\",\"itemListElement\":[{\"@type\":\"ListItem\",\"position\":1,\"name\":\"Inicio\",\"item\":\"https:\/\/indtesa-electronica.com\/\"},{\"@type\":\"ListItem\",\"position\":2,\"name\":\"Tienda en linea\",\"item\":\"https:\/\/indtesa-electronica.com\/tienda-en-linea\/\"},{\"@type\":\"ListItem\",\"position\":3,\"name\":\"Sensor de Temperatura y Humedad LoRaWAN, Modelo S31-LS-US915\"}]},{\"@type\":\"WebSite\",\"@id\":\"https:\/\/indtesa-electronica.com\/#website\",\"url\":\"https:\/\/indtesa-electronica.com\/\",\"name\":\"Electronica - IndTESA\",\"description\":\"\",\"publisher\":{\"@id\":\"https:\/\/indtesa-electronica.com\/#organization\"},\"potentialAction\":[{\"@type\":\"SearchAction\",\"target\":{\"@type\":\"EntryPoint\",\"urlTemplate\":\"https:\/\/indtesa-electronica.com\/?s={search_term_string}\"},\"query-input\":{\"@type\":\"PropertyValueSpecification\",\"valueRequired\":true,\"valueName\":\"search_term_string\"}}],\"inLanguage\":\"en-US\"},{\"@type\":\"Organization\",\"@id\":\"https:\/\/indtesa-electronica.com\/#organization\",\"name\":\"Industrial TESA S.A.S. de C.V.\",\"url\":\"https:\/\/indtesa-electronica.com\/\",\"logo\":{\"@type\":\"ImageObject\",\"inLanguage\":\"en-US\",\"@id\":\"https:\/\/indtesa-electronica.com\/#\/schema\/logo\/image\/\",\"url\":\"\",\"contentUrl\":\"\",\"caption\":\"Industrial TESA S.A.S. de C.V.\"},\"image\":{\"@id\":\"https:\/\/indtesa-electronica.com\/#\/schema\/logo\/image\/\"}}]}<\/script>\n<!-- \/ Yoast SEO plugin. -->","yoast_head_json":{"title":"Sensor de Temperatura y Humedad LoRaWAN, Modelo S31-LS-US915 | IndTESA","robots":{"index":"index","follow":"follow","max-snippet":"max-snippet:-1","max-image-preview":"max-image-preview:large","max-video-preview":"max-video-preview:-1"},"canonical":"https:\/\/indtesa-electronica.com\/en\/tienda-en-linea\/iot\/lorawan\/sensor-de-temperatura-y-humedad-lorawan-modelo-s31-ls-us915\/","og_locale":"en_US","og_type":"article","og_title":"Sensor de Temperatura y Humedad LoRaWAN, Modelo S31-LS-US915 | IndTESA","og_description":"El Dragino S31-LS es una soluci\u00f3n de sensor de temperatura y humedad LoRaWAN para Internet de las cosas. Se utiliza para medir con precisi\u00f3n la temperatura del entorno y la humedad relativa del aire y luego cargarlo en el servidor IoT a trav\u00e9s del protocolo inal\u00e1mbrico LoRaWAN.","og_url":"https:\/\/indtesa-electronica.com\/en\/tienda-en-linea\/iot\/lorawan\/sensor-de-temperatura-y-humedad-lorawan-modelo-s31-ls-us915\/","og_site_name":"IndTESA","article_modified_time":"2025-02-22T02:04:43+00:00","og_image":[{"width":700,"height":700,"url":"https:\/\/indtesa-electronica.com\/wp-content\/uploads\/2024\/06\/Sensor-de-Temperatura-y-Humedad-LoRaWAN-Modelo-S31-LS.png","type":"image\/png"}],"twitter_card":"summary_large_image","twitter_misc":{"Est. reading time":"3 minutes"},"schema":{"@context":"https:\/\/schema.org","@graph":[{"@type":"WebPage","@id":"https:\/\/indtesa-electronica.com\/tienda-en-linea\/iot\/lorawan\/sensor-de-temperatura-y-humedad-lorawan-modelo-s31-ls-us915\/","url":"https:\/\/indtesa-electronica.com\/tienda-en-linea\/iot\/lorawan\/sensor-de-temperatura-y-humedad-lorawan-modelo-s31-ls-us915\/","name":"Sensor de Temperatura y Humedad LoRaWAN, Modelo S31-LS-US915 | IndTESA","isPartOf":{"@id":"https:\/\/indtesa-electronica.com\/#website"},"primaryImageOfPage":{"@id":"https:\/\/indtesa-electronica.com\/tienda-en-linea\/iot\/lorawan\/sensor-de-temperatura-y-humedad-lorawan-modelo-s31-ls-us915\/#primaryimage"},"image":{"@id":"https:\/\/indtesa-electronica.com\/tienda-en-linea\/iot\/lorawan\/sensor-de-temperatura-y-humedad-lorawan-modelo-s31-ls-us915\/#primaryimage"},"thumbnailUrl":"https:\/\/indtesa-electronica.com\/wp-content\/uploads\/2024\/06\/Sensor-de-Temperatura-y-Humedad-LoRaWAN-Modelo-S31-LS.png","datePublished":"2024-06-01T18:33:34+00:00","dateModified":"2025-02-22T02:04:43+00:00","breadcrumb":{"@id":"https:\/\/indtesa-electronica.com\/tienda-en-linea\/iot\/lorawan\/sensor-de-temperatura-y-humedad-lorawan-modelo-s31-ls-us915\/#breadcrumb"},"inLanguage":"en-US","potentialAction":[{"@type":"ReadAction","target":["https:\/\/indtesa-electronica.com\/tienda-en-linea\/iot\/lorawan\/sensor-de-temperatura-y-humedad-lorawan-modelo-s31-ls-us915\/"]}]},{"@type":"ImageObject","inLanguage":"en-US","@id":"https:\/\/indtesa-electronica.com\/tienda-en-linea\/iot\/lorawan\/sensor-de-temperatura-y-humedad-lorawan-modelo-s31-ls-us915\/#primaryimage","url":"https:\/\/indtesa-electronica.com\/wp-content\/uploads\/2024\/06\/Sensor-de-Temperatura-y-Humedad-LoRaWAN-Modelo-S31-LS.png","contentUrl":"https:\/\/indtesa-electronica.com\/wp-content\/uploads\/2024\/06\/Sensor-de-Temperatura-y-Humedad-LoRaWAN-Modelo-S31-LS.png","width":700,"height":700},{"@type":"BreadcrumbList","@id":"https:\/\/indtesa-electronica.com\/tienda-en-linea\/iot\/lorawan\/sensor-de-temperatura-y-humedad-lorawan-modelo-s31-ls-us915\/#breadcrumb","itemListElement":[{"@type":"ListItem","position":1,"name":"Inicio","item":"https:\/\/indtesa-electronica.com\/"},{"@type":"ListItem","position":2,"name":"Tienda en linea","item":"https:\/\/indtesa-electronica.com\/tienda-en-linea\/"},{"@type":"ListItem","position":3,"name":"Sensor de Temperatura y Humedad LoRaWAN, Modelo S31-LS-US915"}]},{"@type":"WebSite","@id":"https:\/\/indtesa-electronica.com\/#website","url":"https:\/\/indtesa-electronica.com\/","name":"Electronica - IndTESA","description":"","publisher":{"@id":"https:\/\/indtesa-electronica.com\/#organization"},"potentialAction":[{"@type":"SearchAction","target":{"@type":"EntryPoint","urlTemplate":"https:\/\/indtesa-electronica.com\/?s={search_term_string}"},"query-input":{"@type":"PropertyValueSpecification","valueRequired":true,"valueName":"search_term_string"}}],"inLanguage":"en-US"},{"@type":"Organization","@id":"https:\/\/indtesa-electronica.com\/#organization","name":"Industrial TESA S.A.S. de C.V.","url":"https:\/\/indtesa-electronica.com\/","logo":{"@type":"ImageObject","inLanguage":"en-US","@id":"https:\/\/indtesa-electronica.com\/#\/schema\/logo\/image\/","url":"","contentUrl":"","caption":"Industrial TESA S.A.S. de C.V."},"image":{"@id":"https:\/\/indtesa-electronica.com\/#\/schema\/logo\/image\/"}}]}},"jetpack_sharing_enabled":true,"tiered_pricing_type":"fixed","tiered_pricing_fixed_rules":[],"tiered_pricing_product_settings":{"layout":"default","base_unit_name":{"singular":null,"plural":null},"default_variation":null},"tiered_pricing_minimum_quantity":null,"tiered_pricing_roles_data":[],"tiered_pricing_percentage_rules":[],"_links":{"self":[{"href":"https:\/\/indtesa-electronica.com\/en\/wp-json\/wp\/v2\/product\/15088","targetHints":{"allow":["GET"]}}],"collection":[{"href":"https:\/\/indtesa-electronica.com\/en\/wp-json\/wp\/v2\/product"}],"about":[{"href":"https:\/\/indtesa-electronica.com\/en\/wp-json\/wp\/v2\/types\/product"}],"wp:featuredmedia":[{"embeddable":true,"href":"https:\/\/indtesa-electronica.com\/en\/wp-json\/wp\/v2\/media\/15089"}],"wp:attachment":[{"href":"https:\/\/indtesa-electronica.com\/en\/wp-json\/wp\/v2\/media?parent=15088"}],"wp:term":[{"taxonomy":"product_brand","embeddable":true,"href":"https:\/\/indtesa-electronica.com\/en\/wp-json\/wp\/v2\/product_brand?post=15088"},{"taxonomy":"product_cat","embeddable":true,"href":"https:\/\/indtesa-electronica.com\/en\/wp-json\/wp\/v2\/product_cat?post=15088"},{"taxonomy":"product_tag","embeddable":true,"href":"https:\/\/indtesa-electronica.com\/en\/wp-json\/wp\/v2\/product_tag?post=15088"}],"curies":[{"name":"wp","href":"https:\/\/api.w.org\/{rel}","templated":true}]}}