{"id":15092,"date":"2024-06-01T20:12:09","date_gmt":"2024-06-01T20:12:09","guid":{"rendered":"https:\/\/indtesa-electronica.com\/?post_type=product&#038;p=15092"},"modified":"2025-02-22T02:03:28","modified_gmt":"2025-02-22T02:03:28","slug":"convertidor-rs485-uart-a-lorawan-resistente-al-agua-modelo-rs485-ls-us915-m12","status":"publish","type":"product","link":"https:\/\/indtesa-electronica.com\/en\/tienda-en-linea\/iot\/lorawan\/convertidor-rs485-uart-a-lorawan-resistente-al-agua-modelo-rs485-ls-us915-m12\/","title":{"rendered":"Convertidor RS485\/UART a LoRaWAN Resistente al Agua, Modelo RS485-LS-US915-M12"},"content":{"rendered":"<ul>\n<li><span style=\"color: #3366ff;\"><strong><a style=\"color: #3366ff;\" href=\"https:\/\/indtesa-electronica.com\/en\/tienda-en-linea\/lorawan\/convertidor-rs485-uart-a-lorawan-resistente-al-agua-modelo-rs485-ls-us915-m12\/#Caracteristicas\">Caracteristicas<\/a><\/strong><\/span><\/li>\n<li><a href=\"https:\/\/indtesa-electronica.com\/en\/tienda-en-linea\/lorawan\/convertidor-rs485-uart-a-lorawan-resistente-al-agua-modelo-rs485-ls-us915-m12\/#Aplicaciones\"><span style=\"color: #3366ff;\"><strong>Aplicaciones<\/strong><\/span><\/a><\/li>\n<li><a href=\"https:\/\/indtesa-electronica.com\/en\/tienda-en-linea\/lorawan\/convertidor-rs485-uart-a-lorawan-resistente-al-agua-modelo-rs485-ls-us915-m12\/#Especificaciones\"><span style=\"color: #3366ff;\"><strong>Especificaciones<\/strong><\/span><\/a><\/li>\n<li><a href=\"https:\/\/indtesa-electronica.com\/en\/tienda-en-linea\/lorawan\/convertidor-rs485-uart-a-lorawan-resistente-al-agua-modelo-rs485-ls-us915-m12\/#Hoja\"><span style=\"color: #3366ff;\"><strong>Recursos<\/strong><\/span><\/a><\/li>\n<\/ul>\n<p>RS485-LS puede conectarse al sensor RS485, al sensor UART de 3,3 v\/5 v o al sensor de interrupci\u00f3n. RS485-LS proporciona una salida de 3,3 V y una salida de 5 V para alimentar sensores externos. Ambos voltajes de salida son controlables para minimizar el consumo total de energ\u00eda del sistema.<\/p>\n<p>RS485-LS es resistente al agua IP67 y funciona con una bater\u00eda Li-SOCI2 de 8500 mAh o una bater\u00eda de litio + energ\u00eda solar. Est\u00e1 dise\u00f1ado para uso a largo plazo durante varios a\u00f1os.<\/p>\n<p>RS485-LS ejecuta el est\u00e1ndar LoRaWAN 1.0.3 en Clase A. Puede alcanzar un largo alcance de transferencia y es f\u00e1cil de integrar con una puerta de enlace compatible con LoRaWAN y un servidor IoT.<\/p>\n<p>RS485-LS Admite configuraci\u00f3n BLE y actualizaci\u00f3n OTA inal\u00e1mbrica que facilitan el uso del usuario.<\/p>\n<p>Cada RS485-LS se carga previamente con un conjunto de claves \u00fanicas para el registro de LoRaWAN. Registre estas claves en el servidor LoRaWAN y se conectar\u00e1 autom\u00e1ticamente despu\u00e9s del encendido.<\/p>\n<p>&nbsp;<\/p>\n<p><strong id=\"Caracteristicas\">Caracter\u00edsticas:<\/strong><\/p>\n<p>LoRaWAN 1.0.3 Clase A<br \/>\nBandas de frecuencia: US915<br \/>\nConsumo de energ\u00eda ultrabajo<br \/>\nAdmite m\u00faltiples dispositivos RS485 mediante reglas flexibles<br \/>\nAdmite protocolo Modbus<br \/>\nSoporte Interrumpir enlace ascendente<br \/>\nAdmite la conexi\u00f3n de sensores UART con 3,3 V o 5 V<br \/>\nAdmite configuraci\u00f3n remota Bluetooth v5.1 y LoRaWAN<br \/>\nAdmite actualizaci\u00f3n de firmware OTA inal\u00e1mbrica<br \/>\nComandos AT para cambiar par\u00e1metros<br \/>\nEnlace ascendente peri\u00f3dicamente<br \/>\nEnlace descendente para cambiar la configuraci\u00f3n<br \/>\nPanel solar + bater\u00eda de litio de 3000 mAh (RS485-LS)<\/p>\n<p><strong id=\"Aplicaciones\">Aplicaciones:<\/strong><\/p>\n<p>Edificios inteligentes y automatizaci\u00f3n del hogar<br \/>\nGesti\u00f3n de log\u00edstica y cadena de suministro<br \/>\nMedici\u00f3n inteligente<br \/>\nAgricultura inteligente<br \/>\nCiudades inteligentes<br \/>\nF\u00e1brica inteligente<\/p>\n<p><strong id=\"Especificaciones\">Especificaciones:<\/strong><\/p>\n<p>Caracter\u00edsticas comunes de CC:<\/p>\n<p>Voltaje de suministro: bater\u00eda incorporada, 2,5 v ~ 3,6 v<br \/>\nTemperatura de funcionamiento: -40 ~ 85\u00b0C<br \/>\nInterfaz de E\/S:<\/p>\n<p>Salida controlable por bater\u00eda (2,6 V ~ 3,6 V depende de la bater\u00eda)<br \/>\nSalida controlable de +5v<br \/>\n1 interfaz RS485<br \/>\n1 interfaz UART, 3,3 v o 5 v<br \/>\n1 x pines de interrupci\u00f3n o entrada\/salida digital<br \/>\n1 interfaz I2C.<br \/>\n1 x interfaz de un cable<br \/>\nEspecificaciones de LoRa:<\/p>\n<p>Rango de frecuencia, Banda 1 (HF): 862 ~ 1020 Mhz<br \/>\nSalida RF constante m\u00e1xima de +22 dBm vs.<br \/>\nSensibilidad RX: hasta -139 dBm.<br \/>\nExcelente inmunidad de bloqueo<br \/>\nBater\u00eda:<\/p>\n<p>Bater\u00eda Li\/SOCI2 no recargable<br \/>\nCapacidad: 8500mAh<br \/>\nAutodescarga: &lt;1% \/ A\u00f1o @ 25\u00b0C<br \/>\nCorriente continua m\u00e1xima: 130 mA<br \/>\nCorriente de impulso m\u00e1xima: 2A, 1 segundo<br \/>\nEl consumo de energ\u00eda:<\/p>\n<p>Modo de suspensi\u00f3n: 5uA @ 3.3v<br \/>\nModo de transmisi\u00f3n LoRa: 125 mA a 20 dBm, 82 mA a 14 dBm<\/p>\n<p><strong id=\"Hoja\">Recursos:<\/strong><\/p>\n<p><a href=\"https:\/\/indtesa-electronica.com\/wp-content\/uploads\/2024\/06\/Hoja-de-datos-1.pdf\">Hoja de datos convertidor RS485\/UART a LoRaWAN<\/a><\/p>\n<p><a href=\"http:\/\/wiki.dragino.com\/xwiki\/bin\/view\/Main\/User%20Manual%20for%20LoRaWAN%20End%20Nodes\/RS485-LB_Waterproof_RS485UART_to_LoRaWAN_Converter\/\">Manual de usuario<\/a><\/p>","protected":false},"excerpt":{"rendered":"<p>El Dragino RS485-LS es un convertidor RS485\/UART a LoRaWAN para soluciones de Internet de las cosas. El usuario puede conectar el sensor RS485 o UART al convertidor RS485-LB\/LS y configurar RS485-LS para leer peri\u00f3dicamente los datos del sensor y cargarlos a trav\u00e9s de la red LoRaWAN al servidor IoT.<\/p>","protected":false},"featured_media":15094,"template":"","meta":{"_gspb_post_css":""},"product_brand":[389],"product_cat":[368],"product_tag":[],"class_list":{"0":"post-15092","1":"product","2":"type-product","3":"status-publish","4":"has-post-thumbnail","6":"product_brand-lorawan","7":"product_cat-lorawan","9":"first","10":"instock","11":"taxable","12":"shipping-taxable","13":"purchasable","14":"product-type-simple"},"ct_brands":[{"id":389,"name":"LoRaWAN","slug":"lorawan"}],"yoast_head":"<!-- This site is optimized with the Yoast SEO plugin v27.1.1 - https:\/\/yoast.com\/product\/yoast-seo-wordpress\/ -->\n<title>Convertidor RS485\/UART a LoRaWAN Resistente al Agua, Modelo RS485-LS-US915-M12 | IndTESA<\/title>\n<meta name=\"robots\" content=\"index, follow, max-snippet:-1, max-image-preview:large, max-video-preview:-1\" \/>\n<link rel=\"canonical\" href=\"https:\/\/indtesa-electronica.com\/en\/tienda-en-linea\/iot\/lorawan\/convertidor-rs485-uart-a-lorawan-resistente-al-agua-modelo-rs485-ls-us915-m12\/\" \/>\n<meta property=\"og:locale\" content=\"en_US\" \/>\n<meta property=\"og:type\" content=\"article\" \/>\n<meta property=\"og:title\" content=\"Convertidor RS485\/UART a LoRaWAN Resistente al Agua, Modelo RS485-LS-US915-M12 | IndTESA\" \/>\n<meta property=\"og:description\" content=\"El Dragino RS485-LS es un convertidor RS485\/UART a LoRaWAN para soluciones de Internet de las cosas. El usuario puede conectar el sensor RS485 o UART al convertidor RS485-LB\/LS y configurar RS485-LS para leer peri\u00f3dicamente los datos del sensor y cargarlos a trav\u00e9s de la red LoRaWAN al servidor IoT.\" \/>\n<meta property=\"og:url\" content=\"https:\/\/indtesa-electronica.com\/en\/tienda-en-linea\/iot\/lorawan\/convertidor-rs485-uart-a-lorawan-resistente-al-agua-modelo-rs485-ls-us915-m12\/\" \/>\n<meta property=\"og:site_name\" content=\"IndTESA\" \/>\n<meta property=\"article:modified_time\" content=\"2025-02-22T02:03:28+00:00\" \/>\n<meta property=\"og:image\" content=\"https:\/\/indtesa-electronica.com\/wp-content\/uploads\/2024\/06\/Convertidor-RS485-UART-a-LoRaWAN-Resistente-al-Agua-Modelo-RS485-LS-US915-M12.png\" \/>\n\t<meta property=\"og:image:width\" content=\"800\" \/>\n\t<meta property=\"og:image:height\" content=\"800\" \/>\n\t<meta property=\"og:image:type\" content=\"image\/png\" \/>\n<meta name=\"twitter:card\" content=\"summary_large_image\" \/>\n<meta name=\"twitter:label1\" content=\"Est. reading time\" \/>\n\t<meta name=\"twitter:data1\" content=\"3 minutes\" \/>\n<script type=\"application\/ld+json\" class=\"yoast-schema-graph\">{\"@context\":\"https:\/\/schema.org\",\"@graph\":[{\"@type\":\"WebPage\",\"@id\":\"https:\/\/indtesa-electronica.com\/tienda-en-linea\/iot\/lorawan\/convertidor-rs485-uart-a-lorawan-resistente-al-agua-modelo-rs485-ls-us915-m12\/\",\"url\":\"https:\/\/indtesa-electronica.com\/tienda-en-linea\/iot\/lorawan\/convertidor-rs485-uart-a-lorawan-resistente-al-agua-modelo-rs485-ls-us915-m12\/\",\"name\":\"Convertidor RS485\/UART a LoRaWAN Resistente al Agua, Modelo RS485-LS-US915-M12 | IndTESA\",\"isPartOf\":{\"@id\":\"https:\/\/indtesa-electronica.com\/#website\"},\"primaryImageOfPage\":{\"@id\":\"https:\/\/indtesa-electronica.com\/tienda-en-linea\/iot\/lorawan\/convertidor-rs485-uart-a-lorawan-resistente-al-agua-modelo-rs485-ls-us915-m12\/#primaryimage\"},\"image\":{\"@id\":\"https:\/\/indtesa-electronica.com\/tienda-en-linea\/iot\/lorawan\/convertidor-rs485-uart-a-lorawan-resistente-al-agua-modelo-rs485-ls-us915-m12\/#primaryimage\"},\"thumbnailUrl\":\"https:\/\/indtesa-electronica.com\/wp-content\/uploads\/2024\/06\/Convertidor-RS485-UART-a-LoRaWAN-Resistente-al-Agua-Modelo-RS485-LS-US915-M12.png\",\"datePublished\":\"2024-06-01T20:12:09+00:00\",\"dateModified\":\"2025-02-22T02:03:28+00:00\",\"breadcrumb\":{\"@id\":\"https:\/\/indtesa-electronica.com\/tienda-en-linea\/iot\/lorawan\/convertidor-rs485-uart-a-lorawan-resistente-al-agua-modelo-rs485-ls-us915-m12\/#breadcrumb\"},\"inLanguage\":\"en-US\",\"potentialAction\":[{\"@type\":\"ReadAction\",\"target\":[\"https:\/\/indtesa-electronica.com\/tienda-en-linea\/iot\/lorawan\/convertidor-rs485-uart-a-lorawan-resistente-al-agua-modelo-rs485-ls-us915-m12\/\"]}]},{\"@type\":\"ImageObject\",\"inLanguage\":\"en-US\",\"@id\":\"https:\/\/indtesa-electronica.com\/tienda-en-linea\/iot\/lorawan\/convertidor-rs485-uart-a-lorawan-resistente-al-agua-modelo-rs485-ls-us915-m12\/#primaryimage\",\"url\":\"https:\/\/indtesa-electronica.com\/wp-content\/uploads\/2024\/06\/Convertidor-RS485-UART-a-LoRaWAN-Resistente-al-Agua-Modelo-RS485-LS-US915-M12.png\",\"contentUrl\":\"https:\/\/indtesa-electronica.com\/wp-content\/uploads\/2024\/06\/Convertidor-RS485-UART-a-LoRaWAN-Resistente-al-Agua-Modelo-RS485-LS-US915-M12.png\",\"width\":800,\"height\":800},{\"@type\":\"BreadcrumbList\",\"@id\":\"https:\/\/indtesa-electronica.com\/tienda-en-linea\/iot\/lorawan\/convertidor-rs485-uart-a-lorawan-resistente-al-agua-modelo-rs485-ls-us915-m12\/#breadcrumb\",\"itemListElement\":[{\"@type\":\"ListItem\",\"position\":1,\"name\":\"Inicio\",\"item\":\"https:\/\/indtesa-electronica.com\/\"},{\"@type\":\"ListItem\",\"position\":2,\"name\":\"Tienda en linea\",\"item\":\"https:\/\/indtesa-electronica.com\/tienda-en-linea\/\"},{\"@type\":\"ListItem\",\"position\":3,\"name\":\"Convertidor RS485\/UART a LoRaWAN Resistente al Agua, Modelo RS485-LS-US915-M12\"}]},{\"@type\":\"WebSite\",\"@id\":\"https:\/\/indtesa-electronica.com\/#website\",\"url\":\"https:\/\/indtesa-electronica.com\/\",\"name\":\"Electronica - IndTESA\",\"description\":\"\",\"publisher\":{\"@id\":\"https:\/\/indtesa-electronica.com\/#organization\"},\"potentialAction\":[{\"@type\":\"SearchAction\",\"target\":{\"@type\":\"EntryPoint\",\"urlTemplate\":\"https:\/\/indtesa-electronica.com\/?s={search_term_string}\"},\"query-input\":{\"@type\":\"PropertyValueSpecification\",\"valueRequired\":true,\"valueName\":\"search_term_string\"}}],\"inLanguage\":\"en-US\"},{\"@type\":\"Organization\",\"@id\":\"https:\/\/indtesa-electronica.com\/#organization\",\"name\":\"Industrial TESA S.A.S. de C.V.\",\"url\":\"https:\/\/indtesa-electronica.com\/\",\"logo\":{\"@type\":\"ImageObject\",\"inLanguage\":\"en-US\",\"@id\":\"https:\/\/indtesa-electronica.com\/#\/schema\/logo\/image\/\",\"url\":\"\",\"contentUrl\":\"\",\"caption\":\"Industrial TESA S.A.S. de C.V.\"},\"image\":{\"@id\":\"https:\/\/indtesa-electronica.com\/#\/schema\/logo\/image\/\"}}]}<\/script>\n<!-- \/ Yoast SEO plugin. -->","yoast_head_json":{"title":"Convertidor RS485\/UART a LoRaWAN Resistente al Agua, Modelo RS485-LS-US915-M12 | IndTESA","robots":{"index":"index","follow":"follow","max-snippet":"max-snippet:-1","max-image-preview":"max-image-preview:large","max-video-preview":"max-video-preview:-1"},"canonical":"https:\/\/indtesa-electronica.com\/en\/tienda-en-linea\/iot\/lorawan\/convertidor-rs485-uart-a-lorawan-resistente-al-agua-modelo-rs485-ls-us915-m12\/","og_locale":"en_US","og_type":"article","og_title":"Convertidor RS485\/UART a LoRaWAN Resistente al Agua, Modelo RS485-LS-US915-M12 | IndTESA","og_description":"El Dragino RS485-LS es un convertidor RS485\/UART a LoRaWAN para soluciones de Internet de las cosas. El usuario puede conectar el sensor RS485 o UART al convertidor RS485-LB\/LS y configurar RS485-LS para leer peri\u00f3dicamente los datos del sensor y cargarlos a trav\u00e9s de la red LoRaWAN al servidor IoT.","og_url":"https:\/\/indtesa-electronica.com\/en\/tienda-en-linea\/iot\/lorawan\/convertidor-rs485-uart-a-lorawan-resistente-al-agua-modelo-rs485-ls-us915-m12\/","og_site_name":"IndTESA","article_modified_time":"2025-02-22T02:03:28+00:00","og_image":[{"width":800,"height":800,"url":"https:\/\/indtesa-electronica.com\/wp-content\/uploads\/2024\/06\/Convertidor-RS485-UART-a-LoRaWAN-Resistente-al-Agua-Modelo-RS485-LS-US915-M12.png","type":"image\/png"}],"twitter_card":"summary_large_image","twitter_misc":{"Est. reading time":"3 minutes"},"schema":{"@context":"https:\/\/schema.org","@graph":[{"@type":"WebPage","@id":"https:\/\/indtesa-electronica.com\/tienda-en-linea\/iot\/lorawan\/convertidor-rs485-uart-a-lorawan-resistente-al-agua-modelo-rs485-ls-us915-m12\/","url":"https:\/\/indtesa-electronica.com\/tienda-en-linea\/iot\/lorawan\/convertidor-rs485-uart-a-lorawan-resistente-al-agua-modelo-rs485-ls-us915-m12\/","name":"Convertidor RS485\/UART a LoRaWAN Resistente al Agua, Modelo RS485-LS-US915-M12 | IndTESA","isPartOf":{"@id":"https:\/\/indtesa-electronica.com\/#website"},"primaryImageOfPage":{"@id":"https:\/\/indtesa-electronica.com\/tienda-en-linea\/iot\/lorawan\/convertidor-rs485-uart-a-lorawan-resistente-al-agua-modelo-rs485-ls-us915-m12\/#primaryimage"},"image":{"@id":"https:\/\/indtesa-electronica.com\/tienda-en-linea\/iot\/lorawan\/convertidor-rs485-uart-a-lorawan-resistente-al-agua-modelo-rs485-ls-us915-m12\/#primaryimage"},"thumbnailUrl":"https:\/\/indtesa-electronica.com\/wp-content\/uploads\/2024\/06\/Convertidor-RS485-UART-a-LoRaWAN-Resistente-al-Agua-Modelo-RS485-LS-US915-M12.png","datePublished":"2024-06-01T20:12:09+00:00","dateModified":"2025-02-22T02:03:28+00:00","breadcrumb":{"@id":"https:\/\/indtesa-electronica.com\/tienda-en-linea\/iot\/lorawan\/convertidor-rs485-uart-a-lorawan-resistente-al-agua-modelo-rs485-ls-us915-m12\/#breadcrumb"},"inLanguage":"en-US","potentialAction":[{"@type":"ReadAction","target":["https:\/\/indtesa-electronica.com\/tienda-en-linea\/iot\/lorawan\/convertidor-rs485-uart-a-lorawan-resistente-al-agua-modelo-rs485-ls-us915-m12\/"]}]},{"@type":"ImageObject","inLanguage":"en-US","@id":"https:\/\/indtesa-electronica.com\/tienda-en-linea\/iot\/lorawan\/convertidor-rs485-uart-a-lorawan-resistente-al-agua-modelo-rs485-ls-us915-m12\/#primaryimage","url":"https:\/\/indtesa-electronica.com\/wp-content\/uploads\/2024\/06\/Convertidor-RS485-UART-a-LoRaWAN-Resistente-al-Agua-Modelo-RS485-LS-US915-M12.png","contentUrl":"https:\/\/indtesa-electronica.com\/wp-content\/uploads\/2024\/06\/Convertidor-RS485-UART-a-LoRaWAN-Resistente-al-Agua-Modelo-RS485-LS-US915-M12.png","width":800,"height":800},{"@type":"BreadcrumbList","@id":"https:\/\/indtesa-electronica.com\/tienda-en-linea\/iot\/lorawan\/convertidor-rs485-uart-a-lorawan-resistente-al-agua-modelo-rs485-ls-us915-m12\/#breadcrumb","itemListElement":[{"@type":"ListItem","position":1,"name":"Inicio","item":"https:\/\/indtesa-electronica.com\/"},{"@type":"ListItem","position":2,"name":"Tienda en linea","item":"https:\/\/indtesa-electronica.com\/tienda-en-linea\/"},{"@type":"ListItem","position":3,"name":"Convertidor RS485\/UART a LoRaWAN Resistente al Agua, Modelo RS485-LS-US915-M12"}]},{"@type":"WebSite","@id":"https:\/\/indtesa-electronica.com\/#website","url":"https:\/\/indtesa-electronica.com\/","name":"Electronica - IndTESA","description":"","publisher":{"@id":"https:\/\/indtesa-electronica.com\/#organization"},"potentialAction":[{"@type":"SearchAction","target":{"@type":"EntryPoint","urlTemplate":"https:\/\/indtesa-electronica.com\/?s={search_term_string}"},"query-input":{"@type":"PropertyValueSpecification","valueRequired":true,"valueName":"search_term_string"}}],"inLanguage":"en-US"},{"@type":"Organization","@id":"https:\/\/indtesa-electronica.com\/#organization","name":"Industrial TESA S.A.S. de C.V.","url":"https:\/\/indtesa-electronica.com\/","logo":{"@type":"ImageObject","inLanguage":"en-US","@id":"https:\/\/indtesa-electronica.com\/#\/schema\/logo\/image\/","url":"","contentUrl":"","caption":"Industrial TESA S.A.S. de C.V."},"image":{"@id":"https:\/\/indtesa-electronica.com\/#\/schema\/logo\/image\/"}}]}},"jetpack_sharing_enabled":true,"tiered_pricing_type":"fixed","tiered_pricing_fixed_rules":[],"tiered_pricing_product_settings":{"layout":"default","base_unit_name":{"singular":null,"plural":null},"default_variation":null},"tiered_pricing_minimum_quantity":null,"tiered_pricing_roles_data":[],"tiered_pricing_percentage_rules":[],"_links":{"self":[{"href":"https:\/\/indtesa-electronica.com\/en\/wp-json\/wp\/v2\/product\/15092","targetHints":{"allow":["GET"]}}],"collection":[{"href":"https:\/\/indtesa-electronica.com\/en\/wp-json\/wp\/v2\/product"}],"about":[{"href":"https:\/\/indtesa-electronica.com\/en\/wp-json\/wp\/v2\/types\/product"}],"wp:featuredmedia":[{"embeddable":true,"href":"https:\/\/indtesa-electronica.com\/en\/wp-json\/wp\/v2\/media\/15094"}],"wp:attachment":[{"href":"https:\/\/indtesa-electronica.com\/en\/wp-json\/wp\/v2\/media?parent=15092"}],"wp:term":[{"taxonomy":"product_brand","embeddable":true,"href":"https:\/\/indtesa-electronica.com\/en\/wp-json\/wp\/v2\/product_brand?post=15092"},{"taxonomy":"product_cat","embeddable":true,"href":"https:\/\/indtesa-electronica.com\/en\/wp-json\/wp\/v2\/product_cat?post=15092"},{"taxonomy":"product_tag","embeddable":true,"href":"https:\/\/indtesa-electronica.com\/en\/wp-json\/wp\/v2\/product_tag?post=15092"}],"curies":[{"name":"wp","href":"https:\/\/api.w.org\/{rel}","templated":true}]}}