{"id":15105,"date":"2024-06-03T23:41:25","date_gmt":"2024-06-03T23:41:25","guid":{"rendered":"https:\/\/indtesa-electronica.com\/?post_type=product&#038;p=15105"},"modified":"2025-02-22T01:57:39","modified_gmt":"2025-02-22T01:57:39","slug":"convertidor-rs485-modbus-a-lorawan-modelo-rs485-ln-us915","status":"publish","type":"product","link":"https:\/\/indtesa-electronica.com\/en\/tienda-en-linea\/iot\/lorawan\/convertidor-rs485-modbus-a-lorawan-modelo-rs485-ln-us915\/","title":{"rendered":"Convertidor RS485\/Modbus a LoRaWAN, Modelo RS485-LN-US915"},"content":{"rendered":"<p>Interfaz<\/p>\n<p><img loading=\"lazy\" decoding=\"async\" class=\"alignnone wp-image-15111\" src=\"https:\/\/indtesa-electronica.com\/wp-content\/uploads\/2024\/06\/Convertidor-RS485-Modbus-a-LoRaWAN-Modelo-RS485-LN-US915_5-300x146.png\" alt=\"\" width=\"885\" height=\"430\" srcset=\"https:\/\/indtesa-electronica.com\/wp-content\/uploads\/2024\/06\/Convertidor-RS485-Modbus-a-LoRaWAN-Modelo-RS485-LN-US915_5-300x146.png 300w, https:\/\/indtesa-electronica.com\/wp-content\/uploads\/2024\/06\/Convertidor-RS485-Modbus-a-LoRaWAN-Modelo-RS485-LN-US915_5-1024x497.png 1024w, https:\/\/indtesa-electronica.com\/wp-content\/uploads\/2024\/06\/Convertidor-RS485-Modbus-a-LoRaWAN-Modelo-RS485-LN-US915_5-768x373.png 768w, https:\/\/indtesa-electronica.com\/wp-content\/uploads\/2024\/06\/Convertidor-RS485-Modbus-a-LoRaWAN-Modelo-RS485-LN-US915_5-1536x745.png 1536w, https:\/\/indtesa-electronica.com\/wp-content\/uploads\/2024\/06\/Convertidor-RS485-Modbus-a-LoRaWAN-Modelo-RS485-LN-US915_5-18x9.png 18w, https:\/\/indtesa-electronica.com\/wp-content\/uploads\/2024\/06\/Convertidor-RS485-Modbus-a-LoRaWAN-Modelo-RS485-LN-US915_5-500x243.png 500w, https:\/\/indtesa-electronica.com\/wp-content\/uploads\/2024\/06\/Convertidor-RS485-Modbus-a-LoRaWAN-Modelo-RS485-LN-US915_5.png 1865w\" sizes=\"auto, (max-width: 885px) 100vw, 885px\" \/><\/p>\n<p>RS485-LN permite al usuario monitorear\/controlar dispositivos RS485 y alcanzar rangos extremadamente largos. Proporciona comunicaci\u00f3n de espectro ensanchado de alcance ultralargo y alta inmunidad a las interferencias, al tiempo que minimiza el consumo de corriente. Est\u00e1 dirigido a aplicaciones profesionales de redes de sensores inal\u00e1mbricos, como sistemas de riego, medici\u00f3n inteligente, ciudades inteligentes, automatizaci\u00f3n de edificios, etc.<\/p>\n<p>Para enlace ascendente de datos: RS485-LN env\u00eda comandos definidos por el usuario a dispositivos RS485 y obtiene el retorno de los dispositivos RS485. RS485-LN procesar\u00e1 estas devoluciones de acuerdo con la regla definida por el usuario para obtener la carga \u00fatil final para cargar en el servidor LoRaWAN.<\/p>\n<p>Para enlace descendente de datos: RS485-LN se ejecuta en LoRaWAN Clase C. Cuando haya comandos de enlace descendente desde el servidor LoRaWAN, RS485-LN reenviar\u00e1 los comandos desde el servidor LoRaWAN a los dispositivos RS485.<\/p>\n<p>Panel de demostraci\u00f3n para conectar RS485-LN a dos medidores de energ\u00eda: https:\/\/app.datacake.de\/dashboard\/d\/58844a26-378d-4c5a-aaf5-b5b5b153447a<\/p>\n<p><strong>Caracter\u00edsticas:<\/strong><\/p>\n<p>Protocolo LoRaWAN v1.0.3 Clase A y Clase C (Clase C predeterminada)<br \/>\nBandas de frecuencia: CN470\/EU433\/KR920\/US915\/EU868\/AS923\/AU915\/IN865\/RU864<br \/>\nComandos AT para cambiar par\u00e1metros<br \/>\nPar\u00e1metros de configuraci\u00f3n remota a trav\u00e9s de LoRa Downlink<br \/>\nFirmware actualizable a trav\u00e9s del puerto del programa<br \/>\nAdmite m\u00faltiples dispositivos RS485 mediante reglas flexibles<br \/>\nAdmite dispositivos con protocolo modbus<br \/>\nEnlace ascendente peri\u00f3dicamente o mediante encuestas<br \/>\nEnlace descendente para enviar comandos RS485<\/p>\n<p><strong>Aplicaciones:<\/strong><\/p>\n<p>Edificios inteligentes y automatizaci\u00f3n del hogar<br \/>\nGesti\u00f3n de log\u00edstica y cadena de suministro<br \/>\nMedici\u00f3n inteligente<br \/>\nAgricultura inteligente<br \/>\nCiudades inteligentes<br \/>\nF\u00e1brica inteligente<\/p>\n<p><strong>Recursos:<\/strong><\/p>\n<p><a href=\"http:\/\/wiki.dragino.com\/xwiki\/bin\/view\/Main\/User%20Manual%20for%20LoRaWAN%20End%20Nodes\/RS485-LN%20%E2%80%93%20RS485%20to%20LoRaWAN%20Converter\/\">Manual de usuario<\/a><\/p>\n<p><a href=\"https:\/\/indtesa-electronica.com\/wp-content\/uploads\/2024\/06\/Hoja-de-datos-3.pdf\">Hoja de datos<\/a><\/p>","protected":false},"excerpt":{"rendered":"<p>El Dragino RS485-LN es un convertidor RS485 a LoRaWAN . Convierte los dispositivos RS485 en una red inal\u00e1mbrica LoRaWAN que simplifica la instalaci\u00f3n de IoT y reduce el costo de instalaci\u00f3n\/mantenimiento.<\/p>","protected":false},"featured_media":15107,"template":"","meta":{"_gspb_post_css":""},"product_brand":[389],"product_cat":[368],"product_tag":[],"class_list":{"0":"post-15105","1":"product","2":"type-product","3":"status-publish","4":"has-post-thumbnail","6":"product_brand-lorawan","7":"product_cat-lorawan","9":"first","10":"instock","11":"taxable","12":"shipping-taxable","13":"purchasable","14":"product-type-simple"},"ct_brands":[{"id":389,"name":"LoRaWAN","slug":"lorawan"}],"yoast_head":"<!-- This site is optimized with the Yoast SEO plugin v27.1.1 - https:\/\/yoast.com\/product\/yoast-seo-wordpress\/ -->\n<title>Convertidor RS485\/Modbus a LoRaWAN, Modelo RS485-LN-US915 | IndTESA<\/title>\n<meta name=\"robots\" content=\"index, follow, max-snippet:-1, max-image-preview:large, max-video-preview:-1\" \/>\n<link rel=\"canonical\" href=\"https:\/\/indtesa-electronica.com\/en\/tienda-en-linea\/iot\/lorawan\/convertidor-rs485-modbus-a-lorawan-modelo-rs485-ln-us915\/\" \/>\n<meta property=\"og:locale\" content=\"en_US\" \/>\n<meta property=\"og:type\" content=\"article\" \/>\n<meta property=\"og:title\" content=\"Convertidor RS485\/Modbus a LoRaWAN, Modelo RS485-LN-US915 | IndTESA\" \/>\n<meta property=\"og:description\" content=\"El Dragino RS485-LN es un convertidor RS485 a LoRaWAN . Convierte los dispositivos RS485 en una red inal\u00e1mbrica LoRaWAN que simplifica la instalaci\u00f3n de IoT y reduce el costo de instalaci\u00f3n\/mantenimiento.\" \/>\n<meta property=\"og:url\" content=\"https:\/\/indtesa-electronica.com\/en\/tienda-en-linea\/iot\/lorawan\/convertidor-rs485-modbus-a-lorawan-modelo-rs485-ln-us915\/\" \/>\n<meta property=\"og:site_name\" content=\"IndTESA\" \/>\n<meta property=\"article:modified_time\" content=\"2025-02-22T01:57:39+00:00\" \/>\n<meta property=\"og:image\" content=\"https:\/\/indtesa-electronica.com\/wp-content\/uploads\/2024\/06\/Convertidor-RS485-Modbus-a-LoRaWAN-Modelo-RS485-LN-US915.png\" \/>\n\t<meta property=\"og:image:width\" content=\"800\" \/>\n\t<meta property=\"og:image:height\" content=\"800\" \/>\n\t<meta property=\"og:image:type\" content=\"image\/png\" \/>\n<meta name=\"twitter:card\" content=\"summary_large_image\" \/>\n<meta name=\"twitter:label1\" content=\"Est. reading time\" \/>\n\t<meta name=\"twitter:data1\" content=\"2 minutes\" \/>\n<script type=\"application\/ld+json\" class=\"yoast-schema-graph\">{\"@context\":\"https:\/\/schema.org\",\"@graph\":[{\"@type\":\"WebPage\",\"@id\":\"https:\/\/indtesa-electronica.com\/tienda-en-linea\/iot\/lorawan\/convertidor-rs485-modbus-a-lorawan-modelo-rs485-ln-us915\/\",\"url\":\"https:\/\/indtesa-electronica.com\/tienda-en-linea\/iot\/lorawan\/convertidor-rs485-modbus-a-lorawan-modelo-rs485-ln-us915\/\",\"name\":\"Convertidor RS485\/Modbus a LoRaWAN, Modelo RS485-LN-US915 | IndTESA\",\"isPartOf\":{\"@id\":\"https:\/\/indtesa-electronica.com\/#website\"},\"primaryImageOfPage\":{\"@id\":\"https:\/\/indtesa-electronica.com\/tienda-en-linea\/iot\/lorawan\/convertidor-rs485-modbus-a-lorawan-modelo-rs485-ln-us915\/#primaryimage\"},\"image\":{\"@id\":\"https:\/\/indtesa-electronica.com\/tienda-en-linea\/iot\/lorawan\/convertidor-rs485-modbus-a-lorawan-modelo-rs485-ln-us915\/#primaryimage\"},\"thumbnailUrl\":\"https:\/\/indtesa-electronica.com\/wp-content\/uploads\/2024\/06\/Convertidor-RS485-Modbus-a-LoRaWAN-Modelo-RS485-LN-US915.png\",\"datePublished\":\"2024-06-03T23:41:25+00:00\",\"dateModified\":\"2025-02-22T01:57:39+00:00\",\"breadcrumb\":{\"@id\":\"https:\/\/indtesa-electronica.com\/tienda-en-linea\/iot\/lorawan\/convertidor-rs485-modbus-a-lorawan-modelo-rs485-ln-us915\/#breadcrumb\"},\"inLanguage\":\"en-US\",\"potentialAction\":[{\"@type\":\"ReadAction\",\"target\":[\"https:\/\/indtesa-electronica.com\/tienda-en-linea\/iot\/lorawan\/convertidor-rs485-modbus-a-lorawan-modelo-rs485-ln-us915\/\"]}]},{\"@type\":\"ImageObject\",\"inLanguage\":\"en-US\",\"@id\":\"https:\/\/indtesa-electronica.com\/tienda-en-linea\/iot\/lorawan\/convertidor-rs485-modbus-a-lorawan-modelo-rs485-ln-us915\/#primaryimage\",\"url\":\"https:\/\/indtesa-electronica.com\/wp-content\/uploads\/2024\/06\/Convertidor-RS485-Modbus-a-LoRaWAN-Modelo-RS485-LN-US915.png\",\"contentUrl\":\"https:\/\/indtesa-electronica.com\/wp-content\/uploads\/2024\/06\/Convertidor-RS485-Modbus-a-LoRaWAN-Modelo-RS485-LN-US915.png\",\"width\":800,\"height\":800},{\"@type\":\"BreadcrumbList\",\"@id\":\"https:\/\/indtesa-electronica.com\/tienda-en-linea\/iot\/lorawan\/convertidor-rs485-modbus-a-lorawan-modelo-rs485-ln-us915\/#breadcrumb\",\"itemListElement\":[{\"@type\":\"ListItem\",\"position\":1,\"name\":\"Inicio\",\"item\":\"https:\/\/indtesa-electronica.com\/\"},{\"@type\":\"ListItem\",\"position\":2,\"name\":\"Tienda en linea\",\"item\":\"https:\/\/indtesa-electronica.com\/tienda-en-linea\/\"},{\"@type\":\"ListItem\",\"position\":3,\"name\":\"Convertidor RS485\/Modbus a LoRaWAN, Modelo RS485-LN-US915\"}]},{\"@type\":\"WebSite\",\"@id\":\"https:\/\/indtesa-electronica.com\/#website\",\"url\":\"https:\/\/indtesa-electronica.com\/\",\"name\":\"Electronica - IndTESA\",\"description\":\"\",\"publisher\":{\"@id\":\"https:\/\/indtesa-electronica.com\/#organization\"},\"potentialAction\":[{\"@type\":\"SearchAction\",\"target\":{\"@type\":\"EntryPoint\",\"urlTemplate\":\"https:\/\/indtesa-electronica.com\/?s={search_term_string}\"},\"query-input\":{\"@type\":\"PropertyValueSpecification\",\"valueRequired\":true,\"valueName\":\"search_term_string\"}}],\"inLanguage\":\"en-US\"},{\"@type\":\"Organization\",\"@id\":\"https:\/\/indtesa-electronica.com\/#organization\",\"name\":\"Industrial TESA S.A.S. de C.V.\",\"url\":\"https:\/\/indtesa-electronica.com\/\",\"logo\":{\"@type\":\"ImageObject\",\"inLanguage\":\"en-US\",\"@id\":\"https:\/\/indtesa-electronica.com\/#\/schema\/logo\/image\/\",\"url\":\"\",\"contentUrl\":\"\",\"caption\":\"Industrial TESA S.A.S. de C.V.\"},\"image\":{\"@id\":\"https:\/\/indtesa-electronica.com\/#\/schema\/logo\/image\/\"}}]}<\/script>\n<!-- \/ Yoast SEO plugin. -->","yoast_head_json":{"title":"Convertidor RS485\/Modbus a LoRaWAN, Modelo RS485-LN-US915 | IndTESA","robots":{"index":"index","follow":"follow","max-snippet":"max-snippet:-1","max-image-preview":"max-image-preview:large","max-video-preview":"max-video-preview:-1"},"canonical":"https:\/\/indtesa-electronica.com\/en\/tienda-en-linea\/iot\/lorawan\/convertidor-rs485-modbus-a-lorawan-modelo-rs485-ln-us915\/","og_locale":"en_US","og_type":"article","og_title":"Convertidor RS485\/Modbus a LoRaWAN, Modelo RS485-LN-US915 | IndTESA","og_description":"El Dragino RS485-LN es un convertidor RS485 a LoRaWAN . Convierte los dispositivos RS485 en una red inal\u00e1mbrica LoRaWAN que simplifica la instalaci\u00f3n de IoT y reduce el costo de instalaci\u00f3n\/mantenimiento.","og_url":"https:\/\/indtesa-electronica.com\/en\/tienda-en-linea\/iot\/lorawan\/convertidor-rs485-modbus-a-lorawan-modelo-rs485-ln-us915\/","og_site_name":"IndTESA","article_modified_time":"2025-02-22T01:57:39+00:00","og_image":[{"width":800,"height":800,"url":"https:\/\/indtesa-electronica.com\/wp-content\/uploads\/2024\/06\/Convertidor-RS485-Modbus-a-LoRaWAN-Modelo-RS485-LN-US915.png","type":"image\/png"}],"twitter_card":"summary_large_image","twitter_misc":{"Est. reading time":"2 minutes"},"schema":{"@context":"https:\/\/schema.org","@graph":[{"@type":"WebPage","@id":"https:\/\/indtesa-electronica.com\/tienda-en-linea\/iot\/lorawan\/convertidor-rs485-modbus-a-lorawan-modelo-rs485-ln-us915\/","url":"https:\/\/indtesa-electronica.com\/tienda-en-linea\/iot\/lorawan\/convertidor-rs485-modbus-a-lorawan-modelo-rs485-ln-us915\/","name":"Convertidor RS485\/Modbus a LoRaWAN, Modelo RS485-LN-US915 | IndTESA","isPartOf":{"@id":"https:\/\/indtesa-electronica.com\/#website"},"primaryImageOfPage":{"@id":"https:\/\/indtesa-electronica.com\/tienda-en-linea\/iot\/lorawan\/convertidor-rs485-modbus-a-lorawan-modelo-rs485-ln-us915\/#primaryimage"},"image":{"@id":"https:\/\/indtesa-electronica.com\/tienda-en-linea\/iot\/lorawan\/convertidor-rs485-modbus-a-lorawan-modelo-rs485-ln-us915\/#primaryimage"},"thumbnailUrl":"https:\/\/indtesa-electronica.com\/wp-content\/uploads\/2024\/06\/Convertidor-RS485-Modbus-a-LoRaWAN-Modelo-RS485-LN-US915.png","datePublished":"2024-06-03T23:41:25+00:00","dateModified":"2025-02-22T01:57:39+00:00","breadcrumb":{"@id":"https:\/\/indtesa-electronica.com\/tienda-en-linea\/iot\/lorawan\/convertidor-rs485-modbus-a-lorawan-modelo-rs485-ln-us915\/#breadcrumb"},"inLanguage":"en-US","potentialAction":[{"@type":"ReadAction","target":["https:\/\/indtesa-electronica.com\/tienda-en-linea\/iot\/lorawan\/convertidor-rs485-modbus-a-lorawan-modelo-rs485-ln-us915\/"]}]},{"@type":"ImageObject","inLanguage":"en-US","@id":"https:\/\/indtesa-electronica.com\/tienda-en-linea\/iot\/lorawan\/convertidor-rs485-modbus-a-lorawan-modelo-rs485-ln-us915\/#primaryimage","url":"https:\/\/indtesa-electronica.com\/wp-content\/uploads\/2024\/06\/Convertidor-RS485-Modbus-a-LoRaWAN-Modelo-RS485-LN-US915.png","contentUrl":"https:\/\/indtesa-electronica.com\/wp-content\/uploads\/2024\/06\/Convertidor-RS485-Modbus-a-LoRaWAN-Modelo-RS485-LN-US915.png","width":800,"height":800},{"@type":"BreadcrumbList","@id":"https:\/\/indtesa-electronica.com\/tienda-en-linea\/iot\/lorawan\/convertidor-rs485-modbus-a-lorawan-modelo-rs485-ln-us915\/#breadcrumb","itemListElement":[{"@type":"ListItem","position":1,"name":"Inicio","item":"https:\/\/indtesa-electronica.com\/"},{"@type":"ListItem","position":2,"name":"Tienda en linea","item":"https:\/\/indtesa-electronica.com\/tienda-en-linea\/"},{"@type":"ListItem","position":3,"name":"Convertidor RS485\/Modbus a LoRaWAN, Modelo RS485-LN-US915"}]},{"@type":"WebSite","@id":"https:\/\/indtesa-electronica.com\/#website","url":"https:\/\/indtesa-electronica.com\/","name":"Electronica - IndTESA","description":"","publisher":{"@id":"https:\/\/indtesa-electronica.com\/#organization"},"potentialAction":[{"@type":"SearchAction","target":{"@type":"EntryPoint","urlTemplate":"https:\/\/indtesa-electronica.com\/?s={search_term_string}"},"query-input":{"@type":"PropertyValueSpecification","valueRequired":true,"valueName":"search_term_string"}}],"inLanguage":"en-US"},{"@type":"Organization","@id":"https:\/\/indtesa-electronica.com\/#organization","name":"Industrial TESA S.A.S. de C.V.","url":"https:\/\/indtesa-electronica.com\/","logo":{"@type":"ImageObject","inLanguage":"en-US","@id":"https:\/\/indtesa-electronica.com\/#\/schema\/logo\/image\/","url":"","contentUrl":"","caption":"Industrial TESA S.A.S. de C.V."},"image":{"@id":"https:\/\/indtesa-electronica.com\/#\/schema\/logo\/image\/"}}]}},"jetpack_sharing_enabled":true,"tiered_pricing_type":"fixed","tiered_pricing_fixed_rules":[],"tiered_pricing_product_settings":{"layout":"default","base_unit_name":{"singular":null,"plural":null},"default_variation":null},"tiered_pricing_minimum_quantity":null,"tiered_pricing_roles_data":[],"tiered_pricing_percentage_rules":[],"_links":{"self":[{"href":"https:\/\/indtesa-electronica.com\/en\/wp-json\/wp\/v2\/product\/15105","targetHints":{"allow":["GET"]}}],"collection":[{"href":"https:\/\/indtesa-electronica.com\/en\/wp-json\/wp\/v2\/product"}],"about":[{"href":"https:\/\/indtesa-electronica.com\/en\/wp-json\/wp\/v2\/types\/product"}],"wp:featuredmedia":[{"embeddable":true,"href":"https:\/\/indtesa-electronica.com\/en\/wp-json\/wp\/v2\/media\/15107"}],"wp:attachment":[{"href":"https:\/\/indtesa-electronica.com\/en\/wp-json\/wp\/v2\/media?parent=15105"}],"wp:term":[{"taxonomy":"product_brand","embeddable":true,"href":"https:\/\/indtesa-electronica.com\/en\/wp-json\/wp\/v2\/product_brand?post=15105"},{"taxonomy":"product_cat","embeddable":true,"href":"https:\/\/indtesa-electronica.com\/en\/wp-json\/wp\/v2\/product_cat?post=15105"},{"taxonomy":"product_tag","embeddable":true,"href":"https:\/\/indtesa-electronica.com\/en\/wp-json\/wp\/v2\/product_tag?post=15105"}],"curies":[{"name":"wp","href":"https:\/\/api.w.org\/{rel}","templated":true}]}}