{"id":1516,"date":"2023-05-16T21:57:04","date_gmt":"2023-05-16T21:57:04","guid":{"rendered":"https:\/\/indtesa-electronica.com\/?post_type=product&#038;p=1516"},"modified":"2025-03-01T17:22:40","modified_gmt":"2025-03-01T17:22:40","slug":"manometro-digital","status":"publish","type":"product","link":"https:\/\/indtesa-electronica.com\/en\/tienda-en-linea\/herramientas\/instrumentos-de-medicion\/manometro-digital\/","title":{"rendered":"Medidor Presi\u00f3n de Aire Herramienta Digital"},"content":{"rendered":"<p>&nbsp;<\/p>\r\n\r\n<p>Unidades disponibles: PSI, BAR, KPA, KGF\/cm2<br \/>Material: cobre + goma<br \/>Di\u00e1metro del dial aproximado: 58mm<br \/>Interfaz: rosca NPT1 \/ 8<br \/>Rango de medici\u00f3n m\u00e1ximo: 150 &#8211; 199 PSI<\/p>","protected":false},"excerpt":{"rendered":"<p>Pantalla digital intuitiva para una f\u00e1cil lectura. F\u00e1cil de usar y transportar. Se utiliza para controlar la presi\u00f3n de los neum\u00e1ticos, extendiendo la vida \u00fatil del neum\u00e1tico y garantizando la seguridad. Chip digital de alta gama, monitor de pantalla LCD, pruebas m\u00e1s precisas, m\u00e1s confiables y rentables. Perfecto para coches, motocicletas, bicicletas, camiones, etc. Apagado automatico despues de 30 segundos (si no esta en uso)<\/p>","protected":false},"featured_media":2807,"template":"","meta":{"_gspb_post_css":""},"product_brand":[],"product_cat":[103],"product_tag":[],"class_list":{"0":"post-1516","1":"product","2":"type-product","3":"status-publish","4":"has-post-thumbnail","6":"product_cat-instrumentos-de-medicion","8":"first","9":"instock","10":"taxable","11":"shipping-taxable","12":"purchasable","13":"product-type-simple"},"ct_brands":[],"yoast_head":"<!-- This site is optimized with the Yoast SEO plugin v27.1.1 - https:\/\/yoast.com\/product\/yoast-seo-wordpress\/ -->\n<title>Medidor Presi\u00f3n de Aire Herramienta Digital | IndTESA<\/title>\n<meta name=\"robots\" content=\"index, follow, max-snippet:-1, max-image-preview:large, max-video-preview:-1\" \/>\n<link rel=\"canonical\" href=\"https:\/\/indtesa-electronica.com\/en\/tienda-en-linea\/herramientas\/instrumentos-de-medicion\/manometro-digital\/\" \/>\n<meta property=\"og:locale\" content=\"en_US\" \/>\n<meta property=\"og:type\" content=\"article\" \/>\n<meta property=\"og:title\" content=\"Medidor Presi\u00f3n de Aire Herramienta Digital | IndTESA\" \/>\n<meta property=\"og:description\" content=\"Pantalla digital intuitiva para una f\u00e1cil lectura. F\u00e1cil de usar y transportar. Se utiliza para controlar la presi\u00f3n de los neum\u00e1ticos, extendiendo la vida \u00fatil del neum\u00e1tico y garantizando la seguridad. Chip digital de alta gama, monitor de pantalla LCD, pruebas m\u00e1s precisas, m\u00e1s confiables y rentables. Perfecto para coches, motocicletas, bicicletas, camiones, etc. Apagado automatico despues de 30 segundos (si no esta en uso)\" \/>\n<meta property=\"og:url\" content=\"https:\/\/indtesa-electronica.com\/en\/tienda-en-linea\/herramientas\/instrumentos-de-medicion\/manometro-digital\/\" \/>\n<meta property=\"og:site_name\" content=\"IndTESA\" \/>\n<meta property=\"article:modified_time\" content=\"2025-03-01T17:22:40+00:00\" \/>\n<meta property=\"og:image\" content=\"https:\/\/indtesa-electronica.com\/wp-content\/uploads\/2023\/05\/manometro_1-1.png\" \/>\n\t<meta property=\"og:image:width\" content=\"500\" \/>\n\t<meta property=\"og:image:height\" content=\"500\" \/>\n\t<meta property=\"og:image:type\" content=\"image\/png\" \/>\n<meta name=\"twitter:card\" content=\"summary_large_image\" \/>\n<meta name=\"twitter:label1\" content=\"Est. reading time\" \/>\n\t<meta name=\"twitter:data1\" content=\"1 minute\" \/>\n<script type=\"application\/ld+json\" class=\"yoast-schema-graph\">{\"@context\":\"https:\/\/schema.org\",\"@graph\":[{\"@type\":\"WebPage\",\"@id\":\"https:\/\/indtesa-electronica.com\/tienda-en-linea\/herramientas\/instrumentos-de-medicion\/manometro-digital\/\",\"url\":\"https:\/\/indtesa-electronica.com\/tienda-en-linea\/herramientas\/instrumentos-de-medicion\/manometro-digital\/\",\"name\":\"Medidor Presi\u00f3n de Aire Herramienta Digital | IndTESA\",\"isPartOf\":{\"@id\":\"https:\/\/indtesa-electronica.com\/#website\"},\"primaryImageOfPage\":{\"@id\":\"https:\/\/indtesa-electronica.com\/tienda-en-linea\/herramientas\/instrumentos-de-medicion\/manometro-digital\/#primaryimage\"},\"image\":{\"@id\":\"https:\/\/indtesa-electronica.com\/tienda-en-linea\/herramientas\/instrumentos-de-medicion\/manometro-digital\/#primaryimage\"},\"thumbnailUrl\":\"https:\/\/indtesa-electronica.com\/wp-content\/uploads\/2023\/05\/manometro_1-1.png\",\"datePublished\":\"2023-05-16T21:57:04+00:00\",\"dateModified\":\"2025-03-01T17:22:40+00:00\",\"breadcrumb\":{\"@id\":\"https:\/\/indtesa-electronica.com\/tienda-en-linea\/herramientas\/instrumentos-de-medicion\/manometro-digital\/#breadcrumb\"},\"inLanguage\":\"en-US\",\"potentialAction\":[{\"@type\":\"ReadAction\",\"target\":[\"https:\/\/indtesa-electronica.com\/tienda-en-linea\/herramientas\/instrumentos-de-medicion\/manometro-digital\/\"]}]},{\"@type\":\"ImageObject\",\"inLanguage\":\"en-US\",\"@id\":\"https:\/\/indtesa-electronica.com\/tienda-en-linea\/herramientas\/instrumentos-de-medicion\/manometro-digital\/#primaryimage\",\"url\":\"https:\/\/indtesa-electronica.com\/wp-content\/uploads\/2023\/05\/manometro_1-1.png\",\"contentUrl\":\"https:\/\/indtesa-electronica.com\/wp-content\/uploads\/2023\/05\/manometro_1-1.png\",\"width\":500,\"height\":500},{\"@type\":\"BreadcrumbList\",\"@id\":\"https:\/\/indtesa-electronica.com\/tienda-en-linea\/herramientas\/instrumentos-de-medicion\/manometro-digital\/#breadcrumb\",\"itemListElement\":[{\"@type\":\"ListItem\",\"position\":1,\"name\":\"Inicio\",\"item\":\"https:\/\/indtesa-electronica.com\/\"},{\"@type\":\"ListItem\",\"position\":2,\"name\":\"Tienda en linea\",\"item\":\"https:\/\/indtesa-electronica.com\/tienda-en-linea\/\"},{\"@type\":\"ListItem\",\"position\":3,\"name\":\"Medidor Presi\u00f3n de Aire Herramienta Digital\"}]},{\"@type\":\"WebSite\",\"@id\":\"https:\/\/indtesa-electronica.com\/#website\",\"url\":\"https:\/\/indtesa-electronica.com\/\",\"name\":\"Electronica - IndTESA\",\"description\":\"\",\"publisher\":{\"@id\":\"https:\/\/indtesa-electronica.com\/#organization\"},\"potentialAction\":[{\"@type\":\"SearchAction\",\"target\":{\"@type\":\"EntryPoint\",\"urlTemplate\":\"https:\/\/indtesa-electronica.com\/?s={search_term_string}\"},\"query-input\":{\"@type\":\"PropertyValueSpecification\",\"valueRequired\":true,\"valueName\":\"search_term_string\"}}],\"inLanguage\":\"en-US\"},{\"@type\":\"Organization\",\"@id\":\"https:\/\/indtesa-electronica.com\/#organization\",\"name\":\"Industrial TESA S.A.S. de C.V.\",\"url\":\"https:\/\/indtesa-electronica.com\/\",\"logo\":{\"@type\":\"ImageObject\",\"inLanguage\":\"en-US\",\"@id\":\"https:\/\/indtesa-electronica.com\/#\/schema\/logo\/image\/\",\"url\":\"\",\"contentUrl\":\"\",\"caption\":\"Industrial TESA S.A.S. de C.V.\"},\"image\":{\"@id\":\"https:\/\/indtesa-electronica.com\/#\/schema\/logo\/image\/\"}}]}<\/script>\n<!-- \/ Yoast SEO plugin. -->","yoast_head_json":{"title":"Medidor Presi\u00f3n de Aire Herramienta Digital | IndTESA","robots":{"index":"index","follow":"follow","max-snippet":"max-snippet:-1","max-image-preview":"max-image-preview:large","max-video-preview":"max-video-preview:-1"},"canonical":"https:\/\/indtesa-electronica.com\/en\/tienda-en-linea\/herramientas\/instrumentos-de-medicion\/manometro-digital\/","og_locale":"en_US","og_type":"article","og_title":"Medidor Presi\u00f3n de Aire Herramienta Digital | IndTESA","og_description":"Pantalla digital intuitiva para una f\u00e1cil lectura. F\u00e1cil de usar y transportar. Se utiliza para controlar la presi\u00f3n de los neum\u00e1ticos, extendiendo la vida \u00fatil del neum\u00e1tico y garantizando la seguridad. Chip digital de alta gama, monitor de pantalla LCD, pruebas m\u00e1s precisas, m\u00e1s confiables y rentables. Perfecto para coches, motocicletas, bicicletas, camiones, etc. Apagado automatico despues de 30 segundos (si no esta en uso)","og_url":"https:\/\/indtesa-electronica.com\/en\/tienda-en-linea\/herramientas\/instrumentos-de-medicion\/manometro-digital\/","og_site_name":"IndTESA","article_modified_time":"2025-03-01T17:22:40+00:00","og_image":[{"width":500,"height":500,"url":"https:\/\/indtesa-electronica.com\/wp-content\/uploads\/2023\/05\/manometro_1-1.png","type":"image\/png"}],"twitter_card":"summary_large_image","twitter_misc":{"Est. reading time":"1 minute"},"schema":{"@context":"https:\/\/schema.org","@graph":[{"@type":"WebPage","@id":"https:\/\/indtesa-electronica.com\/tienda-en-linea\/herramientas\/instrumentos-de-medicion\/manometro-digital\/","url":"https:\/\/indtesa-electronica.com\/tienda-en-linea\/herramientas\/instrumentos-de-medicion\/manometro-digital\/","name":"Medidor Presi\u00f3n de Aire Herramienta Digital | IndTESA","isPartOf":{"@id":"https:\/\/indtesa-electronica.com\/#website"},"primaryImageOfPage":{"@id":"https:\/\/indtesa-electronica.com\/tienda-en-linea\/herramientas\/instrumentos-de-medicion\/manometro-digital\/#primaryimage"},"image":{"@id":"https:\/\/indtesa-electronica.com\/tienda-en-linea\/herramientas\/instrumentos-de-medicion\/manometro-digital\/#primaryimage"},"thumbnailUrl":"https:\/\/indtesa-electronica.com\/wp-content\/uploads\/2023\/05\/manometro_1-1.png","datePublished":"2023-05-16T21:57:04+00:00","dateModified":"2025-03-01T17:22:40+00:00","breadcrumb":{"@id":"https:\/\/indtesa-electronica.com\/tienda-en-linea\/herramientas\/instrumentos-de-medicion\/manometro-digital\/#breadcrumb"},"inLanguage":"en-US","potentialAction":[{"@type":"ReadAction","target":["https:\/\/indtesa-electronica.com\/tienda-en-linea\/herramientas\/instrumentos-de-medicion\/manometro-digital\/"]}]},{"@type":"ImageObject","inLanguage":"en-US","@id":"https:\/\/indtesa-electronica.com\/tienda-en-linea\/herramientas\/instrumentos-de-medicion\/manometro-digital\/#primaryimage","url":"https:\/\/indtesa-electronica.com\/wp-content\/uploads\/2023\/05\/manometro_1-1.png","contentUrl":"https:\/\/indtesa-electronica.com\/wp-content\/uploads\/2023\/05\/manometro_1-1.png","width":500,"height":500},{"@type":"BreadcrumbList","@id":"https:\/\/indtesa-electronica.com\/tienda-en-linea\/herramientas\/instrumentos-de-medicion\/manometro-digital\/#breadcrumb","itemListElement":[{"@type":"ListItem","position":1,"name":"Inicio","item":"https:\/\/indtesa-electronica.com\/"},{"@type":"ListItem","position":2,"name":"Tienda en linea","item":"https:\/\/indtesa-electronica.com\/tienda-en-linea\/"},{"@type":"ListItem","position":3,"name":"Medidor Presi\u00f3n de Aire Herramienta Digital"}]},{"@type":"WebSite","@id":"https:\/\/indtesa-electronica.com\/#website","url":"https:\/\/indtesa-electronica.com\/","name":"Electronica - IndTESA","description":"","publisher":{"@id":"https:\/\/indtesa-electronica.com\/#organization"},"potentialAction":[{"@type":"SearchAction","target":{"@type":"EntryPoint","urlTemplate":"https:\/\/indtesa-electronica.com\/?s={search_term_string}"},"query-input":{"@type":"PropertyValueSpecification","valueRequired":true,"valueName":"search_term_string"}}],"inLanguage":"en-US"},{"@type":"Organization","@id":"https:\/\/indtesa-electronica.com\/#organization","name":"Industrial TESA S.A.S. de C.V.","url":"https:\/\/indtesa-electronica.com\/","logo":{"@type":"ImageObject","inLanguage":"en-US","@id":"https:\/\/indtesa-electronica.com\/#\/schema\/logo\/image\/","url":"","contentUrl":"","caption":"Industrial TESA S.A.S. de C.V."},"image":{"@id":"https:\/\/indtesa-electronica.com\/#\/schema\/logo\/image\/"}}]}},"jetpack_sharing_enabled":true,"tiered_pricing_type":"fixed","tiered_pricing_fixed_rules":[],"tiered_pricing_product_settings":{"layout":"default","base_unit_name":{"singular":null,"plural":null},"default_variation":null},"tiered_pricing_minimum_quantity":null,"tiered_pricing_roles_data":[],"tiered_pricing_percentage_rules":[],"_links":{"self":[{"href":"https:\/\/indtesa-electronica.com\/en\/wp-json\/wp\/v2\/product\/1516","targetHints":{"allow":["GET"]}}],"collection":[{"href":"https:\/\/indtesa-electronica.com\/en\/wp-json\/wp\/v2\/product"}],"about":[{"href":"https:\/\/indtesa-electronica.com\/en\/wp-json\/wp\/v2\/types\/product"}],"wp:featuredmedia":[{"embeddable":true,"href":"https:\/\/indtesa-electronica.com\/en\/wp-json\/wp\/v2\/media\/2807"}],"wp:attachment":[{"href":"https:\/\/indtesa-electronica.com\/en\/wp-json\/wp\/v2\/media?parent=1516"}],"wp:term":[{"taxonomy":"product_brand","embeddable":true,"href":"https:\/\/indtesa-electronica.com\/en\/wp-json\/wp\/v2\/product_brand?post=1516"},{"taxonomy":"product_cat","embeddable":true,"href":"https:\/\/indtesa-electronica.com\/en\/wp-json\/wp\/v2\/product_cat?post=1516"},{"taxonomy":"product_tag","embeddable":true,"href":"https:\/\/indtesa-electronica.com\/en\/wp-json\/wp\/v2\/product_tag?post=1516"}],"curies":[{"name":"wp","href":"https:\/\/api.w.org\/{rel}","templated":true}]}}