{"id":15161,"date":"2024-06-06T19:31:03","date_gmt":"2024-06-06T19:31:03","guid":{"rendered":"https:\/\/indtesa-electronica.com\/?post_type=product&#038;p=15161"},"modified":"2025-02-22T01:56:19","modified_gmt":"2025-02-22T01:56:19","slug":"dragino-gateway-lps8v2-ec25","status":"publish","type":"product","link":"https:\/\/indtesa-electronica.com\/en\/tienda-en-linea\/iot\/lorawan\/dragino-gateway-lps8v2-ec25\/","title":{"rendered":"Dragino, Gateway, LPS8v2-EC25"},"content":{"rendered":"<p>El LPS8v2 es totalmente compatible con el protocolo LoRaWAN. Admite diferentes tipos de conexiones de red LoRaWAN, como: reenviador de paquetes UDP de Semtech, estaci\u00f3n b\u00e1sica LoRaWAN, puente ChirpStack MQTT , etc. Esto hace que LPS8V2 funcione con la mayor\u00eda de las plataformas LoRaWAN del mercado.<\/p>\n<p>LPS8v2 tambi\u00e9n incluye un servidor LoRaWAN y un servidor IoT integrados , que brindan la posibilidad al integrador de sistemas de implementar el servicio IoT sin servicio en la nube ni terceros servidores.<\/p>\n<p>Diferentes pa\u00edses utilizan diferentes bandas de frecuencia LoRaWAN. LPS8v2 tiene estas bandas preconfiguradas. Los usuarios tambi\u00e9n pueden personalizar las bandas de frecuencia para usar en su propia red LoRa.<\/p>\n<p>LPS8v2 admite gesti\u00f3n remota . System Integrator puede monitorear f\u00e1cilmente la puerta de enlace de forma remota y mantenerla.<\/p>\n<p><strong>Caracter\u00edsticas:<\/strong><\/p>\n<p>Sistema Debian de c\u00f3digo abierto<br \/>\nGestionado por Web GUI, SSH v\u00eda WAN o WiFi<br \/>\nGesti\u00f3n remota<br \/>\nAprovisionamiento autom\u00e1tico para implementaci\u00f3n y gesti\u00f3n por lotes<br \/>\nPuerta de enlace LoRaWAN<br \/>\n10 rutas de demodulaci\u00f3n paralelas programables<br \/>\nPreconfigurado para admitir diferentes configuraciones regionales de LoRaWAN.<br \/>\nPermitir personalizar los par\u00e1metros regionales de LoRaWAN.<br \/>\nDiferentes tipos de conexiones LoRaWAN como:<br \/>\nReenviador de paquetes UDP Semtech<br \/>\nEstaci\u00f3n b\u00e1sica LoRaWAN<br \/>\nPuente de puerta de enlace ChirpStack (MQTT)<br \/>\nServidor de aplicaciones local Node-Red integrado.<br \/>\nServidor LoRaWAN local ChirpStack incorporado .<br \/>\nAplicaciones:<br \/>\nEdificios inteligentes y automatizaci\u00f3n del hogar<br \/>\nGesti\u00f3n de log\u00edstica y cadena de suministro<br \/>\nMedici\u00f3n inteligente<br \/>\nAgricultura inteligente<br \/>\nCiudades inteligentes<br \/>\nF\u00e1brica inteligente<\/p>\n<p><strong>Especificaciones:<\/strong><\/p>\n<p>Sistema de hardware:<\/p>\n<p>CPU: Cortex-A7 de cuatro n\u00facleos a 1,2 Ghz<br \/>\nRAM: 512MB<br \/>\neMMC: 4GB<br \/>\nInterfaz:<\/p>\n<p>Puertos RJ45 de 10M\/100M x 1<br \/>\nInal\u00e1mbrico LoRaWAN multicanal<br \/>\nWi-Fi 802.11 b\/g\/n<br \/>\nPotencia de salida m\u00e1xima: 27 dBm<br \/>\nSensibilidad: -140dBm<br \/>\nCondici\u00f3n de uso:<\/p>\n<p>Temperatura de trabajo: -20 ~ 70\u00b0C<br \/>\nTemperatura de almacenamiento: -20 ~ 70\u00b0C<br \/>\nEntrada de energ\u00eda: 5V, 2A, CC<\/p>\n<p><strong>Recursos:<\/strong><\/p>\n<p><a href=\"https:\/\/indtesa-electronica.com\/wp-content\/uploads\/2024\/06\/Hoja-de-datos-5.pdf\">Hoja de datos<\/a><\/p>\n<p><a href=\"http:\/\/wiki.dragino.com\/xwiki\/bin\/view\/Main\/User%20Manual%20for%20All%20Gateway%20models\/HP0C\/\">Manual de usuario<\/a><\/p>","protected":false},"excerpt":{"rendered":"<p>El LPS8v2 es una puerta de enlace LoRaWAN de c\u00f3digo abierto . Le permite conectar la red inal\u00e1mbrica LoRa a una red IP a trav\u00e9s de WiFi, Ethernet y red celular (a trav\u00e9s del m\u00f3dulo 4G). La tecnolog\u00eda inal\u00e1mbrica LoRa permite a los usuarios enviar datos y alcanzar alcances extremadamente largos a velocidades de datos bajas.<\/p>","protected":false},"featured_media":15163,"template":"","meta":{"_gspb_post_css":""},"product_brand":[389],"product_cat":[368],"product_tag":[],"class_list":{"0":"post-15161","1":"product","2":"type-product","3":"status-publish","4":"has-post-thumbnail","6":"product_brand-lorawan","7":"product_cat-lorawan","9":"first","10":"instock","11":"taxable","12":"shipping-taxable","13":"purchasable","14":"product-type-simple"},"ct_brands":[{"id":389,"name":"LoRaWAN","slug":"lorawan"}],"yoast_head":"<!-- This site is optimized with the Yoast SEO plugin v27.1.1 - https:\/\/yoast.com\/product\/yoast-seo-wordpress\/ -->\n<title>Dragino, Gateway, LPS8v2-EC25 | IndTESA<\/title>\n<meta name=\"robots\" content=\"index, follow, max-snippet:-1, max-image-preview:large, max-video-preview:-1\" \/>\n<link rel=\"canonical\" href=\"https:\/\/indtesa-electronica.com\/en\/tienda-en-linea\/iot\/lorawan\/dragino-gateway-lps8v2-ec25\/\" \/>\n<meta property=\"og:locale\" content=\"en_US\" \/>\n<meta property=\"og:type\" content=\"article\" \/>\n<meta property=\"og:title\" content=\"Dragino, Gateway, LPS8v2-EC25 | IndTESA\" \/>\n<meta property=\"og:description\" content=\"El LPS8v2 es una puerta de enlace LoRaWAN de c\u00f3digo abierto . Le permite conectar la red inal\u00e1mbrica LoRa a una red IP a trav\u00e9s de WiFi, Ethernet y red celular (a trav\u00e9s del m\u00f3dulo 4G). La tecnolog\u00eda inal\u00e1mbrica LoRa permite a los usuarios enviar datos y alcanzar alcances extremadamente largos a velocidades de datos bajas.\" \/>\n<meta property=\"og:url\" content=\"https:\/\/indtesa-electronica.com\/en\/tienda-en-linea\/iot\/lorawan\/dragino-gateway-lps8v2-ec25\/\" \/>\n<meta property=\"og:site_name\" content=\"IndTESA\" \/>\n<meta property=\"article:modified_time\" content=\"2025-02-22T01:56:19+00:00\" \/>\n<meta property=\"og:image\" content=\"https:\/\/indtesa-electronica.com\/wp-content\/uploads\/2024\/06\/Dragino-Lowaran-Gateway-Red-Wifi-Abierta.png\" \/>\n\t<meta property=\"og:image:width\" content=\"560\" \/>\n\t<meta property=\"og:image:height\" content=\"560\" \/>\n\t<meta property=\"og:image:type\" content=\"image\/png\" \/>\n<meta name=\"twitter:card\" content=\"summary_large_image\" \/>\n<meta name=\"twitter:label1\" content=\"Est. reading time\" \/>\n\t<meta name=\"twitter:data1\" content=\"2 minutes\" \/>\n<script type=\"application\/ld+json\" class=\"yoast-schema-graph\">{\"@context\":\"https:\/\/schema.org\",\"@graph\":[{\"@type\":\"WebPage\",\"@id\":\"https:\/\/indtesa-electronica.com\/tienda-en-linea\/iot\/lorawan\/dragino-gateway-lps8v2-ec25\/\",\"url\":\"https:\/\/indtesa-electronica.com\/tienda-en-linea\/iot\/lorawan\/dragino-gateway-lps8v2-ec25\/\",\"name\":\"Dragino, Gateway, LPS8v2-EC25 | IndTESA\",\"isPartOf\":{\"@id\":\"https:\/\/indtesa-electronica.com\/#website\"},\"primaryImageOfPage\":{\"@id\":\"https:\/\/indtesa-electronica.com\/tienda-en-linea\/iot\/lorawan\/dragino-gateway-lps8v2-ec25\/#primaryimage\"},\"image\":{\"@id\":\"https:\/\/indtesa-electronica.com\/tienda-en-linea\/iot\/lorawan\/dragino-gateway-lps8v2-ec25\/#primaryimage\"},\"thumbnailUrl\":\"https:\/\/indtesa-electronica.com\/wp-content\/uploads\/2024\/06\/Dragino-Lowaran-Gateway-Red-Wifi-Abierta.png\",\"datePublished\":\"2024-06-06T19:31:03+00:00\",\"dateModified\":\"2025-02-22T01:56:19+00:00\",\"breadcrumb\":{\"@id\":\"https:\/\/indtesa-electronica.com\/tienda-en-linea\/iot\/lorawan\/dragino-gateway-lps8v2-ec25\/#breadcrumb\"},\"inLanguage\":\"en-US\",\"potentialAction\":[{\"@type\":\"ReadAction\",\"target\":[\"https:\/\/indtesa-electronica.com\/tienda-en-linea\/iot\/lorawan\/dragino-gateway-lps8v2-ec25\/\"]}]},{\"@type\":\"ImageObject\",\"inLanguage\":\"en-US\",\"@id\":\"https:\/\/indtesa-electronica.com\/tienda-en-linea\/iot\/lorawan\/dragino-gateway-lps8v2-ec25\/#primaryimage\",\"url\":\"https:\/\/indtesa-electronica.com\/wp-content\/uploads\/2024\/06\/Dragino-Lowaran-Gateway-Red-Wifi-Abierta.png\",\"contentUrl\":\"https:\/\/indtesa-electronica.com\/wp-content\/uploads\/2024\/06\/Dragino-Lowaran-Gateway-Red-Wifi-Abierta.png\",\"width\":560,\"height\":560},{\"@type\":\"BreadcrumbList\",\"@id\":\"https:\/\/indtesa-electronica.com\/tienda-en-linea\/iot\/lorawan\/dragino-gateway-lps8v2-ec25\/#breadcrumb\",\"itemListElement\":[{\"@type\":\"ListItem\",\"position\":1,\"name\":\"Inicio\",\"item\":\"https:\/\/indtesa-electronica.com\/\"},{\"@type\":\"ListItem\",\"position\":2,\"name\":\"Tienda en linea\",\"item\":\"https:\/\/indtesa-electronica.com\/tienda-en-linea\/\"},{\"@type\":\"ListItem\",\"position\":3,\"name\":\"Dragino, Gateway, LPS8v2-EC25\"}]},{\"@type\":\"WebSite\",\"@id\":\"https:\/\/indtesa-electronica.com\/#website\",\"url\":\"https:\/\/indtesa-electronica.com\/\",\"name\":\"Electronica - IndTESA\",\"description\":\"\",\"publisher\":{\"@id\":\"https:\/\/indtesa-electronica.com\/#organization\"},\"potentialAction\":[{\"@type\":\"SearchAction\",\"target\":{\"@type\":\"EntryPoint\",\"urlTemplate\":\"https:\/\/indtesa-electronica.com\/?s={search_term_string}\"},\"query-input\":{\"@type\":\"PropertyValueSpecification\",\"valueRequired\":true,\"valueName\":\"search_term_string\"}}],\"inLanguage\":\"en-US\"},{\"@type\":\"Organization\",\"@id\":\"https:\/\/indtesa-electronica.com\/#organization\",\"name\":\"Industrial TESA S.A.S. de C.V.\",\"url\":\"https:\/\/indtesa-electronica.com\/\",\"logo\":{\"@type\":\"ImageObject\",\"inLanguage\":\"en-US\",\"@id\":\"https:\/\/indtesa-electronica.com\/#\/schema\/logo\/image\/\",\"url\":\"\",\"contentUrl\":\"\",\"caption\":\"Industrial TESA S.A.S. de C.V.\"},\"image\":{\"@id\":\"https:\/\/indtesa-electronica.com\/#\/schema\/logo\/image\/\"}}]}<\/script>\n<!-- \/ Yoast SEO plugin. -->","yoast_head_json":{"title":"Dragino, Gateway, LPS8v2-EC25 | IndTESA","robots":{"index":"index","follow":"follow","max-snippet":"max-snippet:-1","max-image-preview":"max-image-preview:large","max-video-preview":"max-video-preview:-1"},"canonical":"https:\/\/indtesa-electronica.com\/en\/tienda-en-linea\/iot\/lorawan\/dragino-gateway-lps8v2-ec25\/","og_locale":"en_US","og_type":"article","og_title":"Dragino, Gateway, LPS8v2-EC25 | IndTESA","og_description":"El LPS8v2 es una puerta de enlace LoRaWAN de c\u00f3digo abierto . Le permite conectar la red inal\u00e1mbrica LoRa a una red IP a trav\u00e9s de WiFi, Ethernet y red celular (a trav\u00e9s del m\u00f3dulo 4G). La tecnolog\u00eda inal\u00e1mbrica LoRa permite a los usuarios enviar datos y alcanzar alcances extremadamente largos a velocidades de datos bajas.","og_url":"https:\/\/indtesa-electronica.com\/en\/tienda-en-linea\/iot\/lorawan\/dragino-gateway-lps8v2-ec25\/","og_site_name":"IndTESA","article_modified_time":"2025-02-22T01:56:19+00:00","og_image":[{"width":560,"height":560,"url":"https:\/\/indtesa-electronica.com\/wp-content\/uploads\/2024\/06\/Dragino-Lowaran-Gateway-Red-Wifi-Abierta.png","type":"image\/png"}],"twitter_card":"summary_large_image","twitter_misc":{"Est. reading time":"2 minutes"},"schema":{"@context":"https:\/\/schema.org","@graph":[{"@type":"WebPage","@id":"https:\/\/indtesa-electronica.com\/tienda-en-linea\/iot\/lorawan\/dragino-gateway-lps8v2-ec25\/","url":"https:\/\/indtesa-electronica.com\/tienda-en-linea\/iot\/lorawan\/dragino-gateway-lps8v2-ec25\/","name":"Dragino, Gateway, LPS8v2-EC25 | IndTESA","isPartOf":{"@id":"https:\/\/indtesa-electronica.com\/#website"},"primaryImageOfPage":{"@id":"https:\/\/indtesa-electronica.com\/tienda-en-linea\/iot\/lorawan\/dragino-gateway-lps8v2-ec25\/#primaryimage"},"image":{"@id":"https:\/\/indtesa-electronica.com\/tienda-en-linea\/iot\/lorawan\/dragino-gateway-lps8v2-ec25\/#primaryimage"},"thumbnailUrl":"https:\/\/indtesa-electronica.com\/wp-content\/uploads\/2024\/06\/Dragino-Lowaran-Gateway-Red-Wifi-Abierta.png","datePublished":"2024-06-06T19:31:03+00:00","dateModified":"2025-02-22T01:56:19+00:00","breadcrumb":{"@id":"https:\/\/indtesa-electronica.com\/tienda-en-linea\/iot\/lorawan\/dragino-gateway-lps8v2-ec25\/#breadcrumb"},"inLanguage":"en-US","potentialAction":[{"@type":"ReadAction","target":["https:\/\/indtesa-electronica.com\/tienda-en-linea\/iot\/lorawan\/dragino-gateway-lps8v2-ec25\/"]}]},{"@type":"ImageObject","inLanguage":"en-US","@id":"https:\/\/indtesa-electronica.com\/tienda-en-linea\/iot\/lorawan\/dragino-gateway-lps8v2-ec25\/#primaryimage","url":"https:\/\/indtesa-electronica.com\/wp-content\/uploads\/2024\/06\/Dragino-Lowaran-Gateway-Red-Wifi-Abierta.png","contentUrl":"https:\/\/indtesa-electronica.com\/wp-content\/uploads\/2024\/06\/Dragino-Lowaran-Gateway-Red-Wifi-Abierta.png","width":560,"height":560},{"@type":"BreadcrumbList","@id":"https:\/\/indtesa-electronica.com\/tienda-en-linea\/iot\/lorawan\/dragino-gateway-lps8v2-ec25\/#breadcrumb","itemListElement":[{"@type":"ListItem","position":1,"name":"Inicio","item":"https:\/\/indtesa-electronica.com\/"},{"@type":"ListItem","position":2,"name":"Tienda en linea","item":"https:\/\/indtesa-electronica.com\/tienda-en-linea\/"},{"@type":"ListItem","position":3,"name":"Dragino, Gateway, LPS8v2-EC25"}]},{"@type":"WebSite","@id":"https:\/\/indtesa-electronica.com\/#website","url":"https:\/\/indtesa-electronica.com\/","name":"Electronica - IndTESA","description":"","publisher":{"@id":"https:\/\/indtesa-electronica.com\/#organization"},"potentialAction":[{"@type":"SearchAction","target":{"@type":"EntryPoint","urlTemplate":"https:\/\/indtesa-electronica.com\/?s={search_term_string}"},"query-input":{"@type":"PropertyValueSpecification","valueRequired":true,"valueName":"search_term_string"}}],"inLanguage":"en-US"},{"@type":"Organization","@id":"https:\/\/indtesa-electronica.com\/#organization","name":"Industrial TESA S.A.S. de C.V.","url":"https:\/\/indtesa-electronica.com\/","logo":{"@type":"ImageObject","inLanguage":"en-US","@id":"https:\/\/indtesa-electronica.com\/#\/schema\/logo\/image\/","url":"","contentUrl":"","caption":"Industrial TESA S.A.S. de C.V."},"image":{"@id":"https:\/\/indtesa-electronica.com\/#\/schema\/logo\/image\/"}}]}},"jetpack_sharing_enabled":true,"tiered_pricing_type":"fixed","tiered_pricing_fixed_rules":[],"tiered_pricing_product_settings":{"layout":"default","base_unit_name":{"singular":null,"plural":null},"default_variation":null},"tiered_pricing_minimum_quantity":null,"tiered_pricing_roles_data":[],"tiered_pricing_percentage_rules":[],"_links":{"self":[{"href":"https:\/\/indtesa-electronica.com\/en\/wp-json\/wp\/v2\/product\/15161","targetHints":{"allow":["GET"]}}],"collection":[{"href":"https:\/\/indtesa-electronica.com\/en\/wp-json\/wp\/v2\/product"}],"about":[{"href":"https:\/\/indtesa-electronica.com\/en\/wp-json\/wp\/v2\/types\/product"}],"wp:featuredmedia":[{"embeddable":true,"href":"https:\/\/indtesa-electronica.com\/en\/wp-json\/wp\/v2\/media\/15163"}],"wp:attachment":[{"href":"https:\/\/indtesa-electronica.com\/en\/wp-json\/wp\/v2\/media?parent=15161"}],"wp:term":[{"taxonomy":"product_brand","embeddable":true,"href":"https:\/\/indtesa-electronica.com\/en\/wp-json\/wp\/v2\/product_brand?post=15161"},{"taxonomy":"product_cat","embeddable":true,"href":"https:\/\/indtesa-electronica.com\/en\/wp-json\/wp\/v2\/product_cat?post=15161"},{"taxonomy":"product_tag","embeddable":true,"href":"https:\/\/indtesa-electronica.com\/en\/wp-json\/wp\/v2\/product_tag?post=15161"}],"curies":[{"name":"wp","href":"https:\/\/api.w.org\/{rel}","templated":true}]}}