{"id":15177,"date":"2024-06-12T23:46:14","date_gmt":"2024-06-12T23:46:14","guid":{"rendered":"https:\/\/indtesa-electronica.com\/?post_type=product&#038;p=15177"},"modified":"2025-02-26T02:20:44","modified_gmt":"2025-02-26T02:20:44","slug":"enrutador-inalambrico-4g-lte-usb-modem-de-150mbps","status":"publish","type":"product","link":"https:\/\/indtesa-electronica.com\/en\/tienda-en-linea\/iot\/dispositivos-para-redes\/enrutador-inalambrico-4g-lte-usb-modem-de-150mbps\/","title":{"rendered":"Enrutador Inalambrico 4G LTE, USB M\u00f3dem de 150Mbps"},"content":{"rendered":"<p><strong>Caracter\u00edsticas:<\/strong><\/p>\n<p>El acceso inal\u00e1mbrico funciona en redes 3G, 4G y Wi-Fi.<\/p>\n<p>Pr\u00e1ctico y port\u00e1til, 4GDONG001 es f\u00e1cil de usar y elegante.<\/p>\n<p>Acceso a Internet de alta velocidad para la Oficina y el hogar.<\/p>\n<p>Tambi\u00e9n se puede utilizar con ordenadores port\u00e1tiles, port\u00e1tiles, para UMPC y dispositivos MID.<\/p>\n<p>Simplemente Inserte una tarjeta SIM para que act\u00fae como enrutador inal\u00e1mbrico, no se requiere configuraci\u00f3n.<\/p>\n<p>&nbsp;<\/p>\n<p><strong>Especificaci\u00f3nes:<\/strong><\/p>\n<p>Tipo: tarjeta de red<\/p>\n<p>Chip: Qualcomm<\/p>\n<p>Color: Blanco<\/p>\n<p>Tama\u00f1o: 96*33*12mm<\/p>\n<p>Peso: 26G<\/p>\n<p>Material: pl\u00e1stico<\/p>\n<p>Velocidad de transmisi\u00f3n: 150Mbps<\/p>\n<p>USB: Interfaz USB est\u00e1ndar<\/p>\n<p>Banda: 4G LTE FDD: B1\/B3\/B5; WCDMA UMTS: B1<\/p>\n<p>WiFi: compatible con la banda de frecuencia IEEE802.11b\/G\/N de 2,4G<\/p>\n<p>Velocidad 4G: enlace descendente 150Mbps<\/p>\n<p>La velocidad de transmisi\u00f3n WiFi es de 150Mbps, y la distancia WiFi es de aproximadamente 5-10m<\/p>\n<p>Admite 8 dispositivos que se pueden conectar a WiFi al mismo tiempo y 1 usuario USB para acceder a Internet<\/p>\n<p>Compatible con Windows OS<\/p>\n<p>Temperatura de funcionamiento: 0 \u00b0 a 35 \u00b0C<\/p>\n<p>Inserte una tarjeta SIM est\u00e1ndar, es decir, una tarjeta SIM grande.<\/p>\n<p>&nbsp;<\/p>\n<p><strong>Modo de uso:<\/strong><\/p>\n<p>Tipo: tarjeta de red<\/p>\n<p>Chip: Qualcomm<\/p>\n<p>Color: Blanco<\/p>\n<p>Tama\u00f1o: 96*33*12mm<\/p>\n<p>Peso: 26G<\/p>\n<p>Material: pl\u00e1stico<\/p>\n<p>Velocidad de transmisi\u00f3n: 150Mbps<\/p>\n<p>USB: Interfaz USB est\u00e1ndar<\/p>\n<p>Banda: 4G LTE FDD: B1\/B3\/B5; WCDMA UMTS: B1<\/p>\n<p>WiFi: compatible con la banda de frecuencia IEEE802.11b\/G\/N de 2,4G<\/p>\n<p>Velocidad 4G: enlace descendente 150Mbps<\/p>\n<p>La velocidad de transmisi\u00f3n WiFi es de 150Mbps, y la distancia WiFi es de aproximadamente 5-10m<\/p>\n<p>Admite 8 dispositivos que se pueden conectar a WiFi al mismo tiempo y 1 usuario USB para acceder a Internet<\/p>\n<p>Compatible con Windows OS<\/p>\n<p>Temperatura de funcionamiento: 0 \u00b0 a 35 \u00b0C<\/p>\n<p>Inserte una tarjeta SIM est\u00e1ndar, es decir, una tarjeta SIM grande.<\/p>\n<p><strong><span id=\"tl_41\">Por favor, lea antes de comprar:<\/span><\/strong><\/p>\n<p><span id=\"tl_42\">1. Antes de comprar, puede verificar la banda de frecuencia en el siguiente enlace para confirmar si est\u00e1 en l\u00ednea con el uso local<\/span><\/p>\n<p><span id=\"tl_43\">https:\/\/www.frequencycheck.com\/countries<\/span><\/p>\n<p><span id=\"tl_44\">2. La banda de frecuencia utilizada en el pa\u00eds local se puede encontrar en el siguiente enlace<\/span><\/p>\n<p><span id=\"tl_45\">https:\/\/www.gsmarena.com\/network-bands.php3?sCountry=IRAN<\/span><\/p>\n<p><span id=\"tl_46\">3. El enlace de consulta de banda de frecuencia utilizado por el operador nacional local<\/span><\/p>\n<p><span id=\"tl_47\">http:\/\/en.wikipedia.org\/wiki\/List_of_LTE_networks<\/span><\/p>","protected":false},"excerpt":{"rendered":"<p>Caracter\u00edsticas: El acceso inal\u00e1mbrico funciona en redes 3G, 4G y Wi-Fi. Pr\u00e1ctico y port\u00e1til, 4GDONG001 es f\u00e1cil de usar y elegante. Acceso a Internet de alta velocidad para la Oficina y el hogar. Tambi\u00e9n se puede utilizar con ordenadores port\u00e1tiles, port\u00e1tiles, para UMPC y dispositivos MID. Simplemente Inserte una tarjeta SIM para que act\u00fae como [&hellip;]<\/p>\n","protected":false},"featured_media":15178,"template":"","meta":{"_gspb_post_css":""},"product_brand":[],"product_cat":[384],"product_tag":[],"class_list":{"0":"post-15177","1":"product","2":"type-product","3":"status-publish","4":"has-post-thumbnail","6":"product_cat-dispositivos-para-redes","8":"first","9":"instock","10":"taxable","11":"shipping-taxable","12":"purchasable","13":"product-type-simple"},"ct_brands":[],"yoast_head":"<!-- This site is optimized with the Yoast SEO plugin v27.1.1 - https:\/\/yoast.com\/product\/yoast-seo-wordpress\/ -->\n<title>Enrutador Inalambrico 4G LTE, USB M\u00f3dem de 150Mbps | IndTESA<\/title>\n<meta name=\"robots\" content=\"index, follow, max-snippet:-1, max-image-preview:large, max-video-preview:-1\" \/>\n<link rel=\"canonical\" href=\"https:\/\/indtesa-electronica.com\/en\/tienda-en-linea\/iot\/dispositivos-para-redes\/enrutador-inalambrico-4g-lte-usb-modem-de-150mbps\/\" \/>\n<meta property=\"og:locale\" content=\"en_US\" \/>\n<meta property=\"og:type\" content=\"article\" \/>\n<meta property=\"og:title\" content=\"Enrutador Inalambrico 4G LTE, USB M\u00f3dem de 150Mbps | IndTESA\" \/>\n<meta property=\"og:description\" content=\"Caracter\u00edsticas: El acceso inal\u00e1mbrico funciona en redes 3G, 4G y Wi-Fi. Pr\u00e1ctico y port\u00e1til, 4GDONG001 es f\u00e1cil de usar y elegante. Acceso a Internet de alta velocidad para la Oficina y el hogar. Tambi\u00e9n se puede utilizar con ordenadores port\u00e1tiles, port\u00e1tiles, para UMPC y dispositivos MID. Simplemente Inserte una tarjeta SIM para que act\u00fae como [&hellip;]\" \/>\n<meta property=\"og:url\" content=\"https:\/\/indtesa-electronica.com\/en\/tienda-en-linea\/iot\/dispositivos-para-redes\/enrutador-inalambrico-4g-lte-usb-modem-de-150mbps\/\" \/>\n<meta property=\"og:site_name\" content=\"IndTESA\" \/>\n<meta property=\"article:modified_time\" content=\"2025-02-26T02:20:44+00:00\" \/>\n<meta property=\"og:image\" content=\"https:\/\/indtesa-electronica.com\/wp-content\/uploads\/2024\/06\/Enrutador-Inalambrico-4G-LTE-USB-Modem-de-150Mbps.png\" \/>\n\t<meta property=\"og:image:width\" content=\"500\" \/>\n\t<meta property=\"og:image:height\" content=\"500\" \/>\n\t<meta property=\"og:image:type\" content=\"image\/png\" \/>\n<meta name=\"twitter:card\" content=\"summary_large_image\" \/>\n<meta name=\"twitter:label1\" content=\"Est. reading time\" \/>\n\t<meta name=\"twitter:data1\" content=\"2 minutes\" \/>\n<script type=\"application\/ld+json\" class=\"yoast-schema-graph\">{\"@context\":\"https:\/\/schema.org\",\"@graph\":[{\"@type\":\"WebPage\",\"@id\":\"https:\/\/indtesa-electronica.com\/tienda-en-linea\/iot\/dispositivos-para-redes\/enrutador-inalambrico-4g-lte-usb-modem-de-150mbps\/\",\"url\":\"https:\/\/indtesa-electronica.com\/tienda-en-linea\/iot\/dispositivos-para-redes\/enrutador-inalambrico-4g-lte-usb-modem-de-150mbps\/\",\"name\":\"Enrutador Inalambrico 4G LTE, USB M\u00f3dem de 150Mbps | IndTESA\",\"isPartOf\":{\"@id\":\"https:\/\/indtesa-electronica.com\/#website\"},\"primaryImageOfPage\":{\"@id\":\"https:\/\/indtesa-electronica.com\/tienda-en-linea\/iot\/dispositivos-para-redes\/enrutador-inalambrico-4g-lte-usb-modem-de-150mbps\/#primaryimage\"},\"image\":{\"@id\":\"https:\/\/indtesa-electronica.com\/tienda-en-linea\/iot\/dispositivos-para-redes\/enrutador-inalambrico-4g-lte-usb-modem-de-150mbps\/#primaryimage\"},\"thumbnailUrl\":\"https:\/\/indtesa-electronica.com\/wp-content\/uploads\/2024\/06\/Enrutador-Inalambrico-4G-LTE-USB-Modem-de-150Mbps.png\",\"datePublished\":\"2024-06-12T23:46:14+00:00\",\"dateModified\":\"2025-02-26T02:20:44+00:00\",\"breadcrumb\":{\"@id\":\"https:\/\/indtesa-electronica.com\/tienda-en-linea\/iot\/dispositivos-para-redes\/enrutador-inalambrico-4g-lte-usb-modem-de-150mbps\/#breadcrumb\"},\"inLanguage\":\"en-US\",\"potentialAction\":[{\"@type\":\"ReadAction\",\"target\":[\"https:\/\/indtesa-electronica.com\/tienda-en-linea\/iot\/dispositivos-para-redes\/enrutador-inalambrico-4g-lte-usb-modem-de-150mbps\/\"]}]},{\"@type\":\"ImageObject\",\"inLanguage\":\"en-US\",\"@id\":\"https:\/\/indtesa-electronica.com\/tienda-en-linea\/iot\/dispositivos-para-redes\/enrutador-inalambrico-4g-lte-usb-modem-de-150mbps\/#primaryimage\",\"url\":\"https:\/\/indtesa-electronica.com\/wp-content\/uploads\/2024\/06\/Enrutador-Inalambrico-4G-LTE-USB-Modem-de-150Mbps.png\",\"contentUrl\":\"https:\/\/indtesa-electronica.com\/wp-content\/uploads\/2024\/06\/Enrutador-Inalambrico-4G-LTE-USB-Modem-de-150Mbps.png\",\"width\":500,\"height\":500},{\"@type\":\"BreadcrumbList\",\"@id\":\"https:\/\/indtesa-electronica.com\/tienda-en-linea\/iot\/dispositivos-para-redes\/enrutador-inalambrico-4g-lte-usb-modem-de-150mbps\/#breadcrumb\",\"itemListElement\":[{\"@type\":\"ListItem\",\"position\":1,\"name\":\"Inicio\",\"item\":\"https:\/\/indtesa-electronica.com\/\"},{\"@type\":\"ListItem\",\"position\":2,\"name\":\"Tienda en linea\",\"item\":\"https:\/\/indtesa-electronica.com\/tienda-en-linea\/\"},{\"@type\":\"ListItem\",\"position\":3,\"name\":\"Enrutador Inalambrico 4G LTE, USB M\u00f3dem de 150Mbps\"}]},{\"@type\":\"WebSite\",\"@id\":\"https:\/\/indtesa-electronica.com\/#website\",\"url\":\"https:\/\/indtesa-electronica.com\/\",\"name\":\"Electronica - IndTESA\",\"description\":\"\",\"publisher\":{\"@id\":\"https:\/\/indtesa-electronica.com\/#organization\"},\"potentialAction\":[{\"@type\":\"SearchAction\",\"target\":{\"@type\":\"EntryPoint\",\"urlTemplate\":\"https:\/\/indtesa-electronica.com\/?s={search_term_string}\"},\"query-input\":{\"@type\":\"PropertyValueSpecification\",\"valueRequired\":true,\"valueName\":\"search_term_string\"}}],\"inLanguage\":\"en-US\"},{\"@type\":\"Organization\",\"@id\":\"https:\/\/indtesa-electronica.com\/#organization\",\"name\":\"Industrial TESA S.A.S. de C.V.\",\"url\":\"https:\/\/indtesa-electronica.com\/\",\"logo\":{\"@type\":\"ImageObject\",\"inLanguage\":\"en-US\",\"@id\":\"https:\/\/indtesa-electronica.com\/#\/schema\/logo\/image\/\",\"url\":\"\",\"contentUrl\":\"\",\"caption\":\"Industrial TESA S.A.S. de C.V.\"},\"image\":{\"@id\":\"https:\/\/indtesa-electronica.com\/#\/schema\/logo\/image\/\"}}]}<\/script>\n<!-- \/ Yoast SEO plugin. -->","yoast_head_json":{"title":"Enrutador Inalambrico 4G LTE, USB M\u00f3dem de 150Mbps | IndTESA","robots":{"index":"index","follow":"follow","max-snippet":"max-snippet:-1","max-image-preview":"max-image-preview:large","max-video-preview":"max-video-preview:-1"},"canonical":"https:\/\/indtesa-electronica.com\/en\/tienda-en-linea\/iot\/dispositivos-para-redes\/enrutador-inalambrico-4g-lte-usb-modem-de-150mbps\/","og_locale":"en_US","og_type":"article","og_title":"Enrutador Inalambrico 4G LTE, USB M\u00f3dem de 150Mbps | IndTESA","og_description":"Caracter\u00edsticas: El acceso inal\u00e1mbrico funciona en redes 3G, 4G y Wi-Fi. Pr\u00e1ctico y port\u00e1til, 4GDONG001 es f\u00e1cil de usar y elegante. Acceso a Internet de alta velocidad para la Oficina y el hogar. Tambi\u00e9n se puede utilizar con ordenadores port\u00e1tiles, port\u00e1tiles, para UMPC y dispositivos MID. Simplemente Inserte una tarjeta SIM para que act\u00fae como [&hellip;]","og_url":"https:\/\/indtesa-electronica.com\/en\/tienda-en-linea\/iot\/dispositivos-para-redes\/enrutador-inalambrico-4g-lte-usb-modem-de-150mbps\/","og_site_name":"IndTESA","article_modified_time":"2025-02-26T02:20:44+00:00","og_image":[{"width":500,"height":500,"url":"https:\/\/indtesa-electronica.com\/wp-content\/uploads\/2024\/06\/Enrutador-Inalambrico-4G-LTE-USB-Modem-de-150Mbps.png","type":"image\/png"}],"twitter_card":"summary_large_image","twitter_misc":{"Est. reading time":"2 minutes"},"schema":{"@context":"https:\/\/schema.org","@graph":[{"@type":"WebPage","@id":"https:\/\/indtesa-electronica.com\/tienda-en-linea\/iot\/dispositivos-para-redes\/enrutador-inalambrico-4g-lte-usb-modem-de-150mbps\/","url":"https:\/\/indtesa-electronica.com\/tienda-en-linea\/iot\/dispositivos-para-redes\/enrutador-inalambrico-4g-lte-usb-modem-de-150mbps\/","name":"Enrutador Inalambrico 4G LTE, USB M\u00f3dem de 150Mbps | IndTESA","isPartOf":{"@id":"https:\/\/indtesa-electronica.com\/#website"},"primaryImageOfPage":{"@id":"https:\/\/indtesa-electronica.com\/tienda-en-linea\/iot\/dispositivos-para-redes\/enrutador-inalambrico-4g-lte-usb-modem-de-150mbps\/#primaryimage"},"image":{"@id":"https:\/\/indtesa-electronica.com\/tienda-en-linea\/iot\/dispositivos-para-redes\/enrutador-inalambrico-4g-lte-usb-modem-de-150mbps\/#primaryimage"},"thumbnailUrl":"https:\/\/indtesa-electronica.com\/wp-content\/uploads\/2024\/06\/Enrutador-Inalambrico-4G-LTE-USB-Modem-de-150Mbps.png","datePublished":"2024-06-12T23:46:14+00:00","dateModified":"2025-02-26T02:20:44+00:00","breadcrumb":{"@id":"https:\/\/indtesa-electronica.com\/tienda-en-linea\/iot\/dispositivos-para-redes\/enrutador-inalambrico-4g-lte-usb-modem-de-150mbps\/#breadcrumb"},"inLanguage":"en-US","potentialAction":[{"@type":"ReadAction","target":["https:\/\/indtesa-electronica.com\/tienda-en-linea\/iot\/dispositivos-para-redes\/enrutador-inalambrico-4g-lte-usb-modem-de-150mbps\/"]}]},{"@type":"ImageObject","inLanguage":"en-US","@id":"https:\/\/indtesa-electronica.com\/tienda-en-linea\/iot\/dispositivos-para-redes\/enrutador-inalambrico-4g-lte-usb-modem-de-150mbps\/#primaryimage","url":"https:\/\/indtesa-electronica.com\/wp-content\/uploads\/2024\/06\/Enrutador-Inalambrico-4G-LTE-USB-Modem-de-150Mbps.png","contentUrl":"https:\/\/indtesa-electronica.com\/wp-content\/uploads\/2024\/06\/Enrutador-Inalambrico-4G-LTE-USB-Modem-de-150Mbps.png","width":500,"height":500},{"@type":"BreadcrumbList","@id":"https:\/\/indtesa-electronica.com\/tienda-en-linea\/iot\/dispositivos-para-redes\/enrutador-inalambrico-4g-lte-usb-modem-de-150mbps\/#breadcrumb","itemListElement":[{"@type":"ListItem","position":1,"name":"Inicio","item":"https:\/\/indtesa-electronica.com\/"},{"@type":"ListItem","position":2,"name":"Tienda en linea","item":"https:\/\/indtesa-electronica.com\/tienda-en-linea\/"},{"@type":"ListItem","position":3,"name":"Enrutador Inalambrico 4G LTE, USB M\u00f3dem de 150Mbps"}]},{"@type":"WebSite","@id":"https:\/\/indtesa-electronica.com\/#website","url":"https:\/\/indtesa-electronica.com\/","name":"Electronica - IndTESA","description":"","publisher":{"@id":"https:\/\/indtesa-electronica.com\/#organization"},"potentialAction":[{"@type":"SearchAction","target":{"@type":"EntryPoint","urlTemplate":"https:\/\/indtesa-electronica.com\/?s={search_term_string}"},"query-input":{"@type":"PropertyValueSpecification","valueRequired":true,"valueName":"search_term_string"}}],"inLanguage":"en-US"},{"@type":"Organization","@id":"https:\/\/indtesa-electronica.com\/#organization","name":"Industrial TESA S.A.S. de C.V.","url":"https:\/\/indtesa-electronica.com\/","logo":{"@type":"ImageObject","inLanguage":"en-US","@id":"https:\/\/indtesa-electronica.com\/#\/schema\/logo\/image\/","url":"","contentUrl":"","caption":"Industrial TESA S.A.S. de C.V."},"image":{"@id":"https:\/\/indtesa-electronica.com\/#\/schema\/logo\/image\/"}}]}},"jetpack_sharing_enabled":true,"tiered_pricing_type":"fixed","tiered_pricing_fixed_rules":[],"tiered_pricing_product_settings":{"layout":"default","base_unit_name":{"singular":null,"plural":null},"default_variation":null},"tiered_pricing_minimum_quantity":null,"tiered_pricing_roles_data":[],"tiered_pricing_percentage_rules":[],"_links":{"self":[{"href":"https:\/\/indtesa-electronica.com\/en\/wp-json\/wp\/v2\/product\/15177","targetHints":{"allow":["GET"]}}],"collection":[{"href":"https:\/\/indtesa-electronica.com\/en\/wp-json\/wp\/v2\/product"}],"about":[{"href":"https:\/\/indtesa-electronica.com\/en\/wp-json\/wp\/v2\/types\/product"}],"wp:featuredmedia":[{"embeddable":true,"href":"https:\/\/indtesa-electronica.com\/en\/wp-json\/wp\/v2\/media\/15178"}],"wp:attachment":[{"href":"https:\/\/indtesa-electronica.com\/en\/wp-json\/wp\/v2\/media?parent=15177"}],"wp:term":[{"taxonomy":"product_brand","embeddable":true,"href":"https:\/\/indtesa-electronica.com\/en\/wp-json\/wp\/v2\/product_brand?post=15177"},{"taxonomy":"product_cat","embeddable":true,"href":"https:\/\/indtesa-electronica.com\/en\/wp-json\/wp\/v2\/product_cat?post=15177"},{"taxonomy":"product_tag","embeddable":true,"href":"https:\/\/indtesa-electronica.com\/en\/wp-json\/wp\/v2\/product_tag?post=15177"}],"curies":[{"name":"wp","href":"https:\/\/api.w.org\/{rel}","templated":true}]}}