{"id":15209,"date":"2024-06-13T17:58:57","date_gmt":"2024-06-13T17:58:57","guid":{"rendered":"https:\/\/indtesa-electronica.com\/?post_type=product&#038;p=15209"},"modified":"2025-03-08T00:29:15","modified_gmt":"2025-03-08T00:29:15","slug":"modulo-de-refuerzo-de-alimentacion-boost-potencia-ajustable","status":"publish","type":"product","link":"https:\/\/indtesa-electronica.com\/en\/tienda-en-linea\/proyectos-de-electronica\/placas-de-desarrollo\/modulo-de-refuerzo-de-alimentacion-boost-potencia-ajustable\/","title":{"rendered":"Modulo de Refuerzo de Alimentaci\u00f3n (Boost), Potencia Ajustable"},"content":{"rendered":"<p>Con una eficiencia de conversi\u00f3n de m\u00e1s del 93%, esta placa de refuerzo proporciona un rendimiento de alta calidad y una fuente de alimentaci\u00f3n fiable.<br \/>\nEl M\u00f3dulo de aumento se puede ajustar a voltajes de salida que van desde 5V a 28V, proporcionando flexibilidad y comodidad para diversas aplicaciones electr\u00f3nica.<\/p>\n<p><strong>Especificaci\u00f3n:<\/strong><\/p>\n<p>Voltaje de alimentaci\u00f3n: 2-24 V<br \/>\nPlaca de refuerzo MT3608 2a, m\u00f3dulo de fuente de alimentaci\u00f3n ajustable de 2\/24V a 5\/9\/12\/28V<\/p>\n<p><strong>Par\u00e1metros del producto:<\/strong><\/p>\n<p>Voltaje de salida:&gt;5V-28V<br \/>\nEficiencia:&gt;93%<br \/>\nCorriente de salida: 2A<br \/>\nTama\u00f1o del producto: 37*16*5mm<\/p>","protected":false},"excerpt":{"rendered":"<p>Este m\u00f3dulo de fuente de alimentaci\u00f3n de refuerzo es ajustable, lo que permite a los usuarios ajustar f\u00e1cilmente la salida de voltaje de impulso a su nivel deseado.<br \/>\nCon un rango de voltaje de entrada de 2-24V, esta placa elevadora es compatible con una amplia gama de dispositivos y fuentes de alimentaci\u00f3n.<\/p>","protected":false},"featured_media":15210,"template":"","meta":{"_gspb_post_css":""},"product_brand":[],"product_cat":[128],"product_tag":[],"class_list":{"0":"post-15209","1":"product","2":"type-product","3":"status-publish","4":"has-post-thumbnail","6":"product_cat-placas-de-desarrollo","8":"first","9":"instock","10":"taxable","11":"shipping-taxable","12":"purchasable","13":"product-type-simple"},"ct_brands":[],"yoast_head":"<!-- This site is optimized with the Yoast SEO plugin v27.1.1 - https:\/\/yoast.com\/product\/yoast-seo-wordpress\/ -->\n<title>Modulo de Refuerzo de Alimentaci\u00f3n (Boost), Potencia Ajustable | IndTESA<\/title>\n<meta name=\"robots\" content=\"index, follow, max-snippet:-1, max-image-preview:large, max-video-preview:-1\" \/>\n<link rel=\"canonical\" href=\"https:\/\/indtesa-electronica.com\/en\/tienda-en-linea\/proyectos-de-electronica\/placas-de-desarrollo\/modulo-de-refuerzo-de-alimentacion-boost-potencia-ajustable\/\" \/>\n<meta property=\"og:locale\" content=\"en_US\" \/>\n<meta property=\"og:type\" content=\"article\" \/>\n<meta property=\"og:title\" content=\"Modulo de Refuerzo de Alimentaci\u00f3n (Boost), Potencia Ajustable | IndTESA\" \/>\n<meta property=\"og:description\" content=\"Este m\u00f3dulo de fuente de alimentaci\u00f3n de refuerzo es ajustable, lo que permite a los usuarios ajustar f\u00e1cilmente la salida de voltaje de impulso a su nivel deseado. Con un rango de voltaje de entrada de 2-24V, esta placa elevadora es compatible con una amplia gama de dispositivos y fuentes de alimentaci\u00f3n.\" \/>\n<meta property=\"og:url\" content=\"https:\/\/indtesa-electronica.com\/en\/tienda-en-linea\/proyectos-de-electronica\/placas-de-desarrollo\/modulo-de-refuerzo-de-alimentacion-boost-potencia-ajustable\/\" \/>\n<meta property=\"og:site_name\" content=\"IndTESA\" \/>\n<meta property=\"article:modified_time\" content=\"2025-03-08T00:29:15+00:00\" \/>\n<meta property=\"og:image\" content=\"https:\/\/indtesa-electronica.com\/wp-content\/uploads\/2024\/06\/Modulo-de-Refuerzo-de-Alimentacion-Boost-Potencia-Ajustable.png\" \/>\n\t<meta property=\"og:image:width\" content=\"500\" \/>\n\t<meta property=\"og:image:height\" content=\"500\" \/>\n\t<meta property=\"og:image:type\" content=\"image\/png\" \/>\n<meta name=\"twitter:card\" content=\"summary_large_image\" \/>\n<meta name=\"twitter:label1\" content=\"Est. reading time\" \/>\n\t<meta name=\"twitter:data1\" content=\"1 minute\" \/>\n<script type=\"application\/ld+json\" class=\"yoast-schema-graph\">{\"@context\":\"https:\/\/schema.org\",\"@graph\":[{\"@type\":\"WebPage\",\"@id\":\"https:\/\/indtesa-electronica.com\/tienda-en-linea\/proyectos-de-electronica\/placas-de-desarrollo\/modulo-de-refuerzo-de-alimentacion-boost-potencia-ajustable\/\",\"url\":\"https:\/\/indtesa-electronica.com\/tienda-en-linea\/proyectos-de-electronica\/placas-de-desarrollo\/modulo-de-refuerzo-de-alimentacion-boost-potencia-ajustable\/\",\"name\":\"Modulo de Refuerzo de Alimentaci\u00f3n (Boost), Potencia Ajustable | IndTESA\",\"isPartOf\":{\"@id\":\"https:\/\/indtesa-electronica.com\/#website\"},\"primaryImageOfPage\":{\"@id\":\"https:\/\/indtesa-electronica.com\/tienda-en-linea\/proyectos-de-electronica\/placas-de-desarrollo\/modulo-de-refuerzo-de-alimentacion-boost-potencia-ajustable\/#primaryimage\"},\"image\":{\"@id\":\"https:\/\/indtesa-electronica.com\/tienda-en-linea\/proyectos-de-electronica\/placas-de-desarrollo\/modulo-de-refuerzo-de-alimentacion-boost-potencia-ajustable\/#primaryimage\"},\"thumbnailUrl\":\"https:\/\/indtesa-electronica.com\/wp-content\/uploads\/2024\/06\/Modulo-de-Refuerzo-de-Alimentacion-Boost-Potencia-Ajustable.png\",\"datePublished\":\"2024-06-13T17:58:57+00:00\",\"dateModified\":\"2025-03-08T00:29:15+00:00\",\"breadcrumb\":{\"@id\":\"https:\/\/indtesa-electronica.com\/tienda-en-linea\/proyectos-de-electronica\/placas-de-desarrollo\/modulo-de-refuerzo-de-alimentacion-boost-potencia-ajustable\/#breadcrumb\"},\"inLanguage\":\"en-US\",\"potentialAction\":[{\"@type\":\"ReadAction\",\"target\":[\"https:\/\/indtesa-electronica.com\/tienda-en-linea\/proyectos-de-electronica\/placas-de-desarrollo\/modulo-de-refuerzo-de-alimentacion-boost-potencia-ajustable\/\"]}]},{\"@type\":\"ImageObject\",\"inLanguage\":\"en-US\",\"@id\":\"https:\/\/indtesa-electronica.com\/tienda-en-linea\/proyectos-de-electronica\/placas-de-desarrollo\/modulo-de-refuerzo-de-alimentacion-boost-potencia-ajustable\/#primaryimage\",\"url\":\"https:\/\/indtesa-electronica.com\/wp-content\/uploads\/2024\/06\/Modulo-de-Refuerzo-de-Alimentacion-Boost-Potencia-Ajustable.png\",\"contentUrl\":\"https:\/\/indtesa-electronica.com\/wp-content\/uploads\/2024\/06\/Modulo-de-Refuerzo-de-Alimentacion-Boost-Potencia-Ajustable.png\",\"width\":500,\"height\":500},{\"@type\":\"BreadcrumbList\",\"@id\":\"https:\/\/indtesa-electronica.com\/tienda-en-linea\/proyectos-de-electronica\/placas-de-desarrollo\/modulo-de-refuerzo-de-alimentacion-boost-potencia-ajustable\/#breadcrumb\",\"itemListElement\":[{\"@type\":\"ListItem\",\"position\":1,\"name\":\"Inicio\",\"item\":\"https:\/\/indtesa-electronica.com\/\"},{\"@type\":\"ListItem\",\"position\":2,\"name\":\"Tienda en linea\",\"item\":\"https:\/\/indtesa-electronica.com\/tienda-en-linea\/\"},{\"@type\":\"ListItem\",\"position\":3,\"name\":\"Modulo de Refuerzo de Alimentaci\u00f3n (Boost), Potencia Ajustable\"}]},{\"@type\":\"WebSite\",\"@id\":\"https:\/\/indtesa-electronica.com\/#website\",\"url\":\"https:\/\/indtesa-electronica.com\/\",\"name\":\"Electronica - IndTESA\",\"description\":\"\",\"publisher\":{\"@id\":\"https:\/\/indtesa-electronica.com\/#organization\"},\"potentialAction\":[{\"@type\":\"SearchAction\",\"target\":{\"@type\":\"EntryPoint\",\"urlTemplate\":\"https:\/\/indtesa-electronica.com\/?s={search_term_string}\"},\"query-input\":{\"@type\":\"PropertyValueSpecification\",\"valueRequired\":true,\"valueName\":\"search_term_string\"}}],\"inLanguage\":\"en-US\"},{\"@type\":\"Organization\",\"@id\":\"https:\/\/indtesa-electronica.com\/#organization\",\"name\":\"Industrial TESA S.A.S. de C.V.\",\"url\":\"https:\/\/indtesa-electronica.com\/\",\"logo\":{\"@type\":\"ImageObject\",\"inLanguage\":\"en-US\",\"@id\":\"https:\/\/indtesa-electronica.com\/#\/schema\/logo\/image\/\",\"url\":\"\",\"contentUrl\":\"\",\"caption\":\"Industrial TESA S.A.S. de C.V.\"},\"image\":{\"@id\":\"https:\/\/indtesa-electronica.com\/#\/schema\/logo\/image\/\"}}]}<\/script>\n<!-- \/ Yoast SEO plugin. -->","yoast_head_json":{"title":"Modulo de Refuerzo de Alimentaci\u00f3n (Boost), Potencia Ajustable | IndTESA","robots":{"index":"index","follow":"follow","max-snippet":"max-snippet:-1","max-image-preview":"max-image-preview:large","max-video-preview":"max-video-preview:-1"},"canonical":"https:\/\/indtesa-electronica.com\/en\/tienda-en-linea\/proyectos-de-electronica\/placas-de-desarrollo\/modulo-de-refuerzo-de-alimentacion-boost-potencia-ajustable\/","og_locale":"en_US","og_type":"article","og_title":"Modulo de Refuerzo de Alimentaci\u00f3n (Boost), Potencia Ajustable | IndTESA","og_description":"Este m\u00f3dulo de fuente de alimentaci\u00f3n de refuerzo es ajustable, lo que permite a los usuarios ajustar f\u00e1cilmente la salida de voltaje de impulso a su nivel deseado. Con un rango de voltaje de entrada de 2-24V, esta placa elevadora es compatible con una amplia gama de dispositivos y fuentes de alimentaci\u00f3n.","og_url":"https:\/\/indtesa-electronica.com\/en\/tienda-en-linea\/proyectos-de-electronica\/placas-de-desarrollo\/modulo-de-refuerzo-de-alimentacion-boost-potencia-ajustable\/","og_site_name":"IndTESA","article_modified_time":"2025-03-08T00:29:15+00:00","og_image":[{"width":500,"height":500,"url":"https:\/\/indtesa-electronica.com\/wp-content\/uploads\/2024\/06\/Modulo-de-Refuerzo-de-Alimentacion-Boost-Potencia-Ajustable.png","type":"image\/png"}],"twitter_card":"summary_large_image","twitter_misc":{"Est. reading time":"1 minute"},"schema":{"@context":"https:\/\/schema.org","@graph":[{"@type":"WebPage","@id":"https:\/\/indtesa-electronica.com\/tienda-en-linea\/proyectos-de-electronica\/placas-de-desarrollo\/modulo-de-refuerzo-de-alimentacion-boost-potencia-ajustable\/","url":"https:\/\/indtesa-electronica.com\/tienda-en-linea\/proyectos-de-electronica\/placas-de-desarrollo\/modulo-de-refuerzo-de-alimentacion-boost-potencia-ajustable\/","name":"Modulo de Refuerzo de Alimentaci\u00f3n (Boost), Potencia Ajustable | IndTESA","isPartOf":{"@id":"https:\/\/indtesa-electronica.com\/#website"},"primaryImageOfPage":{"@id":"https:\/\/indtesa-electronica.com\/tienda-en-linea\/proyectos-de-electronica\/placas-de-desarrollo\/modulo-de-refuerzo-de-alimentacion-boost-potencia-ajustable\/#primaryimage"},"image":{"@id":"https:\/\/indtesa-electronica.com\/tienda-en-linea\/proyectos-de-electronica\/placas-de-desarrollo\/modulo-de-refuerzo-de-alimentacion-boost-potencia-ajustable\/#primaryimage"},"thumbnailUrl":"https:\/\/indtesa-electronica.com\/wp-content\/uploads\/2024\/06\/Modulo-de-Refuerzo-de-Alimentacion-Boost-Potencia-Ajustable.png","datePublished":"2024-06-13T17:58:57+00:00","dateModified":"2025-03-08T00:29:15+00:00","breadcrumb":{"@id":"https:\/\/indtesa-electronica.com\/tienda-en-linea\/proyectos-de-electronica\/placas-de-desarrollo\/modulo-de-refuerzo-de-alimentacion-boost-potencia-ajustable\/#breadcrumb"},"inLanguage":"en-US","potentialAction":[{"@type":"ReadAction","target":["https:\/\/indtesa-electronica.com\/tienda-en-linea\/proyectos-de-electronica\/placas-de-desarrollo\/modulo-de-refuerzo-de-alimentacion-boost-potencia-ajustable\/"]}]},{"@type":"ImageObject","inLanguage":"en-US","@id":"https:\/\/indtesa-electronica.com\/tienda-en-linea\/proyectos-de-electronica\/placas-de-desarrollo\/modulo-de-refuerzo-de-alimentacion-boost-potencia-ajustable\/#primaryimage","url":"https:\/\/indtesa-electronica.com\/wp-content\/uploads\/2024\/06\/Modulo-de-Refuerzo-de-Alimentacion-Boost-Potencia-Ajustable.png","contentUrl":"https:\/\/indtesa-electronica.com\/wp-content\/uploads\/2024\/06\/Modulo-de-Refuerzo-de-Alimentacion-Boost-Potencia-Ajustable.png","width":500,"height":500},{"@type":"BreadcrumbList","@id":"https:\/\/indtesa-electronica.com\/tienda-en-linea\/proyectos-de-electronica\/placas-de-desarrollo\/modulo-de-refuerzo-de-alimentacion-boost-potencia-ajustable\/#breadcrumb","itemListElement":[{"@type":"ListItem","position":1,"name":"Inicio","item":"https:\/\/indtesa-electronica.com\/"},{"@type":"ListItem","position":2,"name":"Tienda en linea","item":"https:\/\/indtesa-electronica.com\/tienda-en-linea\/"},{"@type":"ListItem","position":3,"name":"Modulo de Refuerzo de Alimentaci\u00f3n (Boost), Potencia Ajustable"}]},{"@type":"WebSite","@id":"https:\/\/indtesa-electronica.com\/#website","url":"https:\/\/indtesa-electronica.com\/","name":"Electronica - IndTESA","description":"","publisher":{"@id":"https:\/\/indtesa-electronica.com\/#organization"},"potentialAction":[{"@type":"SearchAction","target":{"@type":"EntryPoint","urlTemplate":"https:\/\/indtesa-electronica.com\/?s={search_term_string}"},"query-input":{"@type":"PropertyValueSpecification","valueRequired":true,"valueName":"search_term_string"}}],"inLanguage":"en-US"},{"@type":"Organization","@id":"https:\/\/indtesa-electronica.com\/#organization","name":"Industrial TESA S.A.S. de C.V.","url":"https:\/\/indtesa-electronica.com\/","logo":{"@type":"ImageObject","inLanguage":"en-US","@id":"https:\/\/indtesa-electronica.com\/#\/schema\/logo\/image\/","url":"","contentUrl":"","caption":"Industrial TESA S.A.S. de C.V."},"image":{"@id":"https:\/\/indtesa-electronica.com\/#\/schema\/logo\/image\/"}}]}},"jetpack_sharing_enabled":true,"tiered_pricing_type":"fixed","tiered_pricing_fixed_rules":[],"tiered_pricing_product_settings":{"layout":"default","base_unit_name":{"singular":null,"plural":null},"default_variation":null},"tiered_pricing_minimum_quantity":null,"tiered_pricing_roles_data":[],"tiered_pricing_percentage_rules":[],"_links":{"self":[{"href":"https:\/\/indtesa-electronica.com\/en\/wp-json\/wp\/v2\/product\/15209","targetHints":{"allow":["GET"]}}],"collection":[{"href":"https:\/\/indtesa-electronica.com\/en\/wp-json\/wp\/v2\/product"}],"about":[{"href":"https:\/\/indtesa-electronica.com\/en\/wp-json\/wp\/v2\/types\/product"}],"wp:featuredmedia":[{"embeddable":true,"href":"https:\/\/indtesa-electronica.com\/en\/wp-json\/wp\/v2\/media\/15210"}],"wp:attachment":[{"href":"https:\/\/indtesa-electronica.com\/en\/wp-json\/wp\/v2\/media?parent=15209"}],"wp:term":[{"taxonomy":"product_brand","embeddable":true,"href":"https:\/\/indtesa-electronica.com\/en\/wp-json\/wp\/v2\/product_brand?post=15209"},{"taxonomy":"product_cat","embeddable":true,"href":"https:\/\/indtesa-electronica.com\/en\/wp-json\/wp\/v2\/product_cat?post=15209"},{"taxonomy":"product_tag","embeddable":true,"href":"https:\/\/indtesa-electronica.com\/en\/wp-json\/wp\/v2\/product_tag?post=15209"}],"curies":[{"name":"wp","href":"https:\/\/api.w.org\/{rel}","templated":true}]}}