{"id":15288,"date":"2024-06-15T17:48:12","date_gmt":"2024-06-15T17:48:12","guid":{"rendered":"https:\/\/indtesa-electronica.com\/?post_type=product&#038;p=15288"},"modified":"2025-03-01T16:11:15","modified_gmt":"2025-03-01T16:11:15","slug":"jeringa-de-pasta-fundente-para-reparacion-de-componentes-electronicos","status":"publish","type":"product","link":"https:\/\/indtesa-electronica.com\/en\/tienda-en-linea\/herramientas\/herramientas-para-proyectos\/jeringa-de-pasta-fundente-para-reparacion-de-componentes-electronicos\/","title":{"rendered":"Jeringa de Pasta Fundente, para Reparaci\u00f3n de Componentes Electr\u00f3nicos"},"content":{"rendered":"<p>Cantidad: 10ml<\/p>\n<p>No es desagradable<br \/>\nMenor contaminaci\u00f3n<br \/>\nSin resistencia<br \/>\nSin retoques<br \/>\nNo es conductor<\/p>","protected":false},"excerpt":{"rendered":"<p>NC-559-ASME es respetuoso con el medio ambiente, sin plomo y sin hal\u00f3genos, adecuado para la reparaci\u00f3n de tel\u00e9fonos m\u00f3viles, BGA, chips, soldadura de reparaci\u00f3n, etc.<\/p>","protected":false},"featured_media":15289,"template":"","meta":{"_gspb_post_css":""},"product_brand":[],"product_cat":[125],"product_tag":[],"class_list":{"0":"post-15288","1":"product","2":"type-product","3":"status-publish","4":"has-post-thumbnail","6":"product_cat-herramientas-para-proyectos","8":"first","9":"instock","10":"taxable","11":"shipping-taxable","12":"purchasable","13":"product-type-simple"},"ct_brands":[],"yoast_head":"<!-- This site is optimized with the Yoast SEO plugin v27.1.1 - https:\/\/yoast.com\/product\/yoast-seo-wordpress\/ -->\n<title>Jeringa de Pasta Fundente, para Reparaci\u00f3n de Componentes Electr\u00f3nicos | IndTESA<\/title>\n<meta name=\"robots\" content=\"index, follow, max-snippet:-1, max-image-preview:large, max-video-preview:-1\" \/>\n<link rel=\"canonical\" href=\"https:\/\/indtesa-electronica.com\/en\/tienda-en-linea\/herramientas\/herramientas-para-proyectos\/jeringa-de-pasta-fundente-para-reparacion-de-componentes-electronicos\/\" \/>\n<meta property=\"og:locale\" content=\"en_US\" \/>\n<meta property=\"og:type\" content=\"article\" \/>\n<meta property=\"og:title\" content=\"Jeringa de Pasta Fundente, para Reparaci\u00f3n de Componentes Electr\u00f3nicos | IndTESA\" \/>\n<meta property=\"og:description\" content=\"NC-559-ASME es respetuoso con el medio ambiente, sin plomo y sin hal\u00f3genos, adecuado para la reparaci\u00f3n de tel\u00e9fonos m\u00f3viles, BGA, chips, soldadura de reparaci\u00f3n, etc.\" \/>\n<meta property=\"og:url\" content=\"https:\/\/indtesa-electronica.com\/en\/tienda-en-linea\/herramientas\/herramientas-para-proyectos\/jeringa-de-pasta-fundente-para-reparacion-de-componentes-electronicos\/\" \/>\n<meta property=\"og:site_name\" content=\"IndTESA\" \/>\n<meta property=\"article:modified_time\" content=\"2025-03-01T16:11:15+00:00\" \/>\n<meta property=\"og:image\" content=\"https:\/\/indtesa-electronica.com\/wp-content\/uploads\/2024\/06\/Jeringa-de-Pasta-Fundente-para-Reparacion-de-Componentes-Electronicos.png\" \/>\n\t<meta property=\"og:image:width\" content=\"380\" \/>\n\t<meta property=\"og:image:height\" content=\"380\" \/>\n\t<meta property=\"og:image:type\" content=\"image\/png\" \/>\n<meta name=\"twitter:card\" content=\"summary_large_image\" \/>\n<meta name=\"twitter:label1\" content=\"Est. reading time\" \/>\n\t<meta name=\"twitter:data1\" content=\"1 minute\" \/>\n<script type=\"application\/ld+json\" class=\"yoast-schema-graph\">{\"@context\":\"https:\/\/schema.org\",\"@graph\":[{\"@type\":\"WebPage\",\"@id\":\"https:\/\/indtesa-electronica.com\/tienda-en-linea\/herramientas\/herramientas-para-proyectos\/jeringa-de-pasta-fundente-para-reparacion-de-componentes-electronicos\/\",\"url\":\"https:\/\/indtesa-electronica.com\/tienda-en-linea\/herramientas\/herramientas-para-proyectos\/jeringa-de-pasta-fundente-para-reparacion-de-componentes-electronicos\/\",\"name\":\"Jeringa de Pasta Fundente, para Reparaci\u00f3n de Componentes Electr\u00f3nicos | IndTESA\",\"isPartOf\":{\"@id\":\"https:\/\/indtesa-electronica.com\/#website\"},\"primaryImageOfPage\":{\"@id\":\"https:\/\/indtesa-electronica.com\/tienda-en-linea\/herramientas\/herramientas-para-proyectos\/jeringa-de-pasta-fundente-para-reparacion-de-componentes-electronicos\/#primaryimage\"},\"image\":{\"@id\":\"https:\/\/indtesa-electronica.com\/tienda-en-linea\/herramientas\/herramientas-para-proyectos\/jeringa-de-pasta-fundente-para-reparacion-de-componentes-electronicos\/#primaryimage\"},\"thumbnailUrl\":\"https:\/\/indtesa-electronica.com\/wp-content\/uploads\/2024\/06\/Jeringa-de-Pasta-Fundente-para-Reparacion-de-Componentes-Electronicos.png\",\"datePublished\":\"2024-06-15T17:48:12+00:00\",\"dateModified\":\"2025-03-01T16:11:15+00:00\",\"breadcrumb\":{\"@id\":\"https:\/\/indtesa-electronica.com\/tienda-en-linea\/herramientas\/herramientas-para-proyectos\/jeringa-de-pasta-fundente-para-reparacion-de-componentes-electronicos\/#breadcrumb\"},\"inLanguage\":\"en-US\",\"potentialAction\":[{\"@type\":\"ReadAction\",\"target\":[\"https:\/\/indtesa-electronica.com\/tienda-en-linea\/herramientas\/herramientas-para-proyectos\/jeringa-de-pasta-fundente-para-reparacion-de-componentes-electronicos\/\"]}]},{\"@type\":\"ImageObject\",\"inLanguage\":\"en-US\",\"@id\":\"https:\/\/indtesa-electronica.com\/tienda-en-linea\/herramientas\/herramientas-para-proyectos\/jeringa-de-pasta-fundente-para-reparacion-de-componentes-electronicos\/#primaryimage\",\"url\":\"https:\/\/indtesa-electronica.com\/wp-content\/uploads\/2024\/06\/Jeringa-de-Pasta-Fundente-para-Reparacion-de-Componentes-Electronicos.png\",\"contentUrl\":\"https:\/\/indtesa-electronica.com\/wp-content\/uploads\/2024\/06\/Jeringa-de-Pasta-Fundente-para-Reparacion-de-Componentes-Electronicos.png\",\"width\":380,\"height\":380},{\"@type\":\"BreadcrumbList\",\"@id\":\"https:\/\/indtesa-electronica.com\/tienda-en-linea\/herramientas\/herramientas-para-proyectos\/jeringa-de-pasta-fundente-para-reparacion-de-componentes-electronicos\/#breadcrumb\",\"itemListElement\":[{\"@type\":\"ListItem\",\"position\":1,\"name\":\"Inicio\",\"item\":\"https:\/\/indtesa-electronica.com\/\"},{\"@type\":\"ListItem\",\"position\":2,\"name\":\"Tienda en linea\",\"item\":\"https:\/\/indtesa-electronica.com\/tienda-en-linea\/\"},{\"@type\":\"ListItem\",\"position\":3,\"name\":\"Jeringa de Pasta Fundente, para Reparaci\u00f3n de Componentes Electr\u00f3nicos\"}]},{\"@type\":\"WebSite\",\"@id\":\"https:\/\/indtesa-electronica.com\/#website\",\"url\":\"https:\/\/indtesa-electronica.com\/\",\"name\":\"Electronica - IndTESA\",\"description\":\"\",\"publisher\":{\"@id\":\"https:\/\/indtesa-electronica.com\/#organization\"},\"potentialAction\":[{\"@type\":\"SearchAction\",\"target\":{\"@type\":\"EntryPoint\",\"urlTemplate\":\"https:\/\/indtesa-electronica.com\/?s={search_term_string}\"},\"query-input\":{\"@type\":\"PropertyValueSpecification\",\"valueRequired\":true,\"valueName\":\"search_term_string\"}}],\"inLanguage\":\"en-US\"},{\"@type\":\"Organization\",\"@id\":\"https:\/\/indtesa-electronica.com\/#organization\",\"name\":\"Industrial TESA S.A.S. de C.V.\",\"url\":\"https:\/\/indtesa-electronica.com\/\",\"logo\":{\"@type\":\"ImageObject\",\"inLanguage\":\"en-US\",\"@id\":\"https:\/\/indtesa-electronica.com\/#\/schema\/logo\/image\/\",\"url\":\"\",\"contentUrl\":\"\",\"caption\":\"Industrial TESA S.A.S. de C.V.\"},\"image\":{\"@id\":\"https:\/\/indtesa-electronica.com\/#\/schema\/logo\/image\/\"}}]}<\/script>\n<!-- \/ Yoast SEO plugin. -->","yoast_head_json":{"title":"Jeringa de Pasta Fundente, para Reparaci\u00f3n de Componentes Electr\u00f3nicos | IndTESA","robots":{"index":"index","follow":"follow","max-snippet":"max-snippet:-1","max-image-preview":"max-image-preview:large","max-video-preview":"max-video-preview:-1"},"canonical":"https:\/\/indtesa-electronica.com\/en\/tienda-en-linea\/herramientas\/herramientas-para-proyectos\/jeringa-de-pasta-fundente-para-reparacion-de-componentes-electronicos\/","og_locale":"en_US","og_type":"article","og_title":"Jeringa de Pasta Fundente, para Reparaci\u00f3n de Componentes Electr\u00f3nicos | IndTESA","og_description":"NC-559-ASME es respetuoso con el medio ambiente, sin plomo y sin hal\u00f3genos, adecuado para la reparaci\u00f3n de tel\u00e9fonos m\u00f3viles, BGA, chips, soldadura de reparaci\u00f3n, etc.","og_url":"https:\/\/indtesa-electronica.com\/en\/tienda-en-linea\/herramientas\/herramientas-para-proyectos\/jeringa-de-pasta-fundente-para-reparacion-de-componentes-electronicos\/","og_site_name":"IndTESA","article_modified_time":"2025-03-01T16:11:15+00:00","og_image":[{"width":380,"height":380,"url":"https:\/\/indtesa-electronica.com\/wp-content\/uploads\/2024\/06\/Jeringa-de-Pasta-Fundente-para-Reparacion-de-Componentes-Electronicos.png","type":"image\/png"}],"twitter_card":"summary_large_image","twitter_misc":{"Est. reading time":"1 minute"},"schema":{"@context":"https:\/\/schema.org","@graph":[{"@type":"WebPage","@id":"https:\/\/indtesa-electronica.com\/tienda-en-linea\/herramientas\/herramientas-para-proyectos\/jeringa-de-pasta-fundente-para-reparacion-de-componentes-electronicos\/","url":"https:\/\/indtesa-electronica.com\/tienda-en-linea\/herramientas\/herramientas-para-proyectos\/jeringa-de-pasta-fundente-para-reparacion-de-componentes-electronicos\/","name":"Jeringa de Pasta Fundente, para Reparaci\u00f3n de Componentes Electr\u00f3nicos | IndTESA","isPartOf":{"@id":"https:\/\/indtesa-electronica.com\/#website"},"primaryImageOfPage":{"@id":"https:\/\/indtesa-electronica.com\/tienda-en-linea\/herramientas\/herramientas-para-proyectos\/jeringa-de-pasta-fundente-para-reparacion-de-componentes-electronicos\/#primaryimage"},"image":{"@id":"https:\/\/indtesa-electronica.com\/tienda-en-linea\/herramientas\/herramientas-para-proyectos\/jeringa-de-pasta-fundente-para-reparacion-de-componentes-electronicos\/#primaryimage"},"thumbnailUrl":"https:\/\/indtesa-electronica.com\/wp-content\/uploads\/2024\/06\/Jeringa-de-Pasta-Fundente-para-Reparacion-de-Componentes-Electronicos.png","datePublished":"2024-06-15T17:48:12+00:00","dateModified":"2025-03-01T16:11:15+00:00","breadcrumb":{"@id":"https:\/\/indtesa-electronica.com\/tienda-en-linea\/herramientas\/herramientas-para-proyectos\/jeringa-de-pasta-fundente-para-reparacion-de-componentes-electronicos\/#breadcrumb"},"inLanguage":"en-US","potentialAction":[{"@type":"ReadAction","target":["https:\/\/indtesa-electronica.com\/tienda-en-linea\/herramientas\/herramientas-para-proyectos\/jeringa-de-pasta-fundente-para-reparacion-de-componentes-electronicos\/"]}]},{"@type":"ImageObject","inLanguage":"en-US","@id":"https:\/\/indtesa-electronica.com\/tienda-en-linea\/herramientas\/herramientas-para-proyectos\/jeringa-de-pasta-fundente-para-reparacion-de-componentes-electronicos\/#primaryimage","url":"https:\/\/indtesa-electronica.com\/wp-content\/uploads\/2024\/06\/Jeringa-de-Pasta-Fundente-para-Reparacion-de-Componentes-Electronicos.png","contentUrl":"https:\/\/indtesa-electronica.com\/wp-content\/uploads\/2024\/06\/Jeringa-de-Pasta-Fundente-para-Reparacion-de-Componentes-Electronicos.png","width":380,"height":380},{"@type":"BreadcrumbList","@id":"https:\/\/indtesa-electronica.com\/tienda-en-linea\/herramientas\/herramientas-para-proyectos\/jeringa-de-pasta-fundente-para-reparacion-de-componentes-electronicos\/#breadcrumb","itemListElement":[{"@type":"ListItem","position":1,"name":"Inicio","item":"https:\/\/indtesa-electronica.com\/"},{"@type":"ListItem","position":2,"name":"Tienda en linea","item":"https:\/\/indtesa-electronica.com\/tienda-en-linea\/"},{"@type":"ListItem","position":3,"name":"Jeringa de Pasta Fundente, para Reparaci\u00f3n de Componentes Electr\u00f3nicos"}]},{"@type":"WebSite","@id":"https:\/\/indtesa-electronica.com\/#website","url":"https:\/\/indtesa-electronica.com\/","name":"Electronica - IndTESA","description":"","publisher":{"@id":"https:\/\/indtesa-electronica.com\/#organization"},"potentialAction":[{"@type":"SearchAction","target":{"@type":"EntryPoint","urlTemplate":"https:\/\/indtesa-electronica.com\/?s={search_term_string}"},"query-input":{"@type":"PropertyValueSpecification","valueRequired":true,"valueName":"search_term_string"}}],"inLanguage":"en-US"},{"@type":"Organization","@id":"https:\/\/indtesa-electronica.com\/#organization","name":"Industrial TESA S.A.S. de C.V.","url":"https:\/\/indtesa-electronica.com\/","logo":{"@type":"ImageObject","inLanguage":"en-US","@id":"https:\/\/indtesa-electronica.com\/#\/schema\/logo\/image\/","url":"","contentUrl":"","caption":"Industrial TESA S.A.S. de C.V."},"image":{"@id":"https:\/\/indtesa-electronica.com\/#\/schema\/logo\/image\/"}}]}},"jetpack_sharing_enabled":true,"tiered_pricing_type":"fixed","tiered_pricing_fixed_rules":[],"tiered_pricing_product_settings":{"layout":"default","base_unit_name":{"singular":null,"plural":null},"default_variation":null},"tiered_pricing_minimum_quantity":null,"tiered_pricing_roles_data":[],"tiered_pricing_percentage_rules":[],"_links":{"self":[{"href":"https:\/\/indtesa-electronica.com\/en\/wp-json\/wp\/v2\/product\/15288","targetHints":{"allow":["GET"]}}],"collection":[{"href":"https:\/\/indtesa-electronica.com\/en\/wp-json\/wp\/v2\/product"}],"about":[{"href":"https:\/\/indtesa-electronica.com\/en\/wp-json\/wp\/v2\/types\/product"}],"wp:featuredmedia":[{"embeddable":true,"href":"https:\/\/indtesa-electronica.com\/en\/wp-json\/wp\/v2\/media\/15289"}],"wp:attachment":[{"href":"https:\/\/indtesa-electronica.com\/en\/wp-json\/wp\/v2\/media?parent=15288"}],"wp:term":[{"taxonomy":"product_brand","embeddable":true,"href":"https:\/\/indtesa-electronica.com\/en\/wp-json\/wp\/v2\/product_brand?post=15288"},{"taxonomy":"product_cat","embeddable":true,"href":"https:\/\/indtesa-electronica.com\/en\/wp-json\/wp\/v2\/product_cat?post=15288"},{"taxonomy":"product_tag","embeddable":true,"href":"https:\/\/indtesa-electronica.com\/en\/wp-json\/wp\/v2\/product_tag?post=15288"}],"curies":[{"name":"wp","href":"https:\/\/api.w.org\/{rel}","templated":true}]}}