{"id":15413,"date":"2024-06-18T18:58:06","date_gmt":"2024-06-18T18:58:06","guid":{"rendered":"https:\/\/indtesa-electronica.com\/?post_type=product&#038;p=15413"},"modified":"2025-03-01T02:41:18","modified_gmt":"2025-03-01T02:41:18","slug":"placa-de-aluminio-plana-para-proyectos-300x300mm","status":"publish","type":"product","link":"https:\/\/indtesa-electronica.com\/en\/tienda-en-linea\/herramientas\/herramientas-para-proyectos\/placa-de-aluminio-plana-para-proyectos-300x300mm\/","title":{"rendered":"Placa de Aluminio Plana para Proyectos, 300x300mm"},"content":{"rendered":"<p>Placa de aluminio AL material de placa de aluminio puro piezas de coche modelo marco de estructura de barco de metal suave y f\u00e1cil.<br \/>\nResistente al desgaste y f\u00e1cil de limpiar.<\/p>\n<p>Excelente trabajabilidad, Soldabilidad y alta resistencia.<br \/>\nEl aluminio se puede soldar utilizando todas las t\u00e9cnicas de soldadura comunes.<\/p>\n<p><strong>Usos<\/strong>: diversas estructuras industriales que requieren cierta resistencia, Soldabilidad y antibi\u00f3ticos altamente corrosivos, como la fabricaci\u00f3n de camiones, barcos, tranv\u00edas, muebles, piezas mec\u00e1nicas, procesamiento de precisi\u00f3n, etc.<\/p>\n<p><img loading=\"lazy\" decoding=\"async\" class=\"alignnone size-medium wp-image-15416\" src=\"https:\/\/indtesa-electronica.com\/wp-content\/uploads\/2024\/06\/Placa-de-Aluminio-Plana-para-Proyectos-300x300mm_3-300x300.png\" alt=\"\" width=\"300\" height=\"300\" srcset=\"https:\/\/indtesa-electronica.com\/wp-content\/uploads\/2024\/06\/Placa-de-Aluminio-Plana-para-Proyectos-300x300mm_3-300x300.png 300w, https:\/\/indtesa-electronica.com\/wp-content\/uploads\/2024\/06\/Placa-de-Aluminio-Plana-para-Proyectos-300x300mm_3-150x150.png 150w, https:\/\/indtesa-electronica.com\/wp-content\/uploads\/2024\/06\/Placa-de-Aluminio-Plana-para-Proyectos-300x300mm_3-12x12.png 12w, https:\/\/indtesa-electronica.com\/wp-content\/uploads\/2024\/06\/Placa-de-Aluminio-Plana-para-Proyectos-300x300mm_3-100x100.png 100w, https:\/\/indtesa-electronica.com\/wp-content\/uploads\/2024\/06\/Placa-de-Aluminio-Plana-para-Proyectos-300x300mm_3.png 490w\" sizes=\"auto, (max-width: 300px) 100vw, 300px\" \/><img loading=\"lazy\" decoding=\"async\" class=\"alignnone size-medium wp-image-15417\" src=\"https:\/\/indtesa-electronica.com\/wp-content\/uploads\/2024\/06\/Placa-de-Aluminio-Plana-para-Proyectos-300x300mm_4-300x300.png\" alt=\"\" width=\"300\" height=\"300\" srcset=\"https:\/\/indtesa-electronica.com\/wp-content\/uploads\/2024\/06\/Placa-de-Aluminio-Plana-para-Proyectos-300x300mm_4-300x300.png 300w, https:\/\/indtesa-electronica.com\/wp-content\/uploads\/2024\/06\/Placa-de-Aluminio-Plana-para-Proyectos-300x300mm_4-150x150.png 150w, https:\/\/indtesa-electronica.com\/wp-content\/uploads\/2024\/06\/Placa-de-Aluminio-Plana-para-Proyectos-300x300mm_4-12x12.png 12w, https:\/\/indtesa-electronica.com\/wp-content\/uploads\/2024\/06\/Placa-de-Aluminio-Plana-para-Proyectos-300x300mm_4-100x100.png 100w, https:\/\/indtesa-electronica.com\/wp-content\/uploads\/2024\/06\/Placa-de-Aluminio-Plana-para-Proyectos-300x300mm_4.png 490w\" sizes=\"auto, (max-width: 300px) 100vw, 300px\" \/><br \/>\nMaterial: aleaci\u00f3n de aluminio<br \/>\nTipo: Piezas de herramientas el\u00e9ctricas<\/p>","protected":false},"excerpt":{"rendered":"<p>Placa de aluminio AL material de placa de aluminio puro piezas de coche modelo marco de estructura de barco de metal suave y f\u00e1cil. Resistente al desgaste y f\u00e1cil de limpiar. Excelente trabajabilidad, Soldabilidad y alta resistencia. El aluminio se puede soldar utilizando todas las t\u00e9cnicas de soldadura comunes. Usos: diversas estructuras industriales que requieren [&hellip;]<\/p>\n","protected":false},"featured_media":15414,"template":"","meta":{"_gspb_post_css":""},"product_brand":[],"product_cat":[125],"product_tag":[],"class_list":{"0":"post-15413","1":"product","2":"type-product","3":"status-publish","4":"has-post-thumbnail","6":"product_cat-herramientas-para-proyectos","8":"first","9":"instock","10":"taxable","11":"shipping-taxable","12":"purchasable","13":"product-type-simple"},"ct_brands":[],"yoast_head":"<!-- This site is optimized with the Yoast SEO plugin v27.1.1 - https:\/\/yoast.com\/product\/yoast-seo-wordpress\/ -->\n<title>Placa de Aluminio Plana para Proyectos, 300x300mm | IndTESA<\/title>\n<meta name=\"robots\" content=\"index, follow, max-snippet:-1, max-image-preview:large, max-video-preview:-1\" \/>\n<link rel=\"canonical\" href=\"https:\/\/indtesa-electronica.com\/en\/tienda-en-linea\/herramientas\/herramientas-para-proyectos\/placa-de-aluminio-plana-para-proyectos-300x300mm\/\" \/>\n<meta property=\"og:locale\" content=\"en_US\" \/>\n<meta property=\"og:type\" content=\"article\" \/>\n<meta property=\"og:title\" content=\"Placa de Aluminio Plana para Proyectos, 300x300mm | IndTESA\" \/>\n<meta property=\"og:description\" content=\"Placa de aluminio AL material de placa de aluminio puro piezas de coche modelo marco de estructura de barco de metal suave y f\u00e1cil. Resistente al desgaste y f\u00e1cil de limpiar. Excelente trabajabilidad, Soldabilidad y alta resistencia. El aluminio se puede soldar utilizando todas las t\u00e9cnicas de soldadura comunes. Usos: diversas estructuras industriales que requieren [&hellip;]\" \/>\n<meta property=\"og:url\" content=\"https:\/\/indtesa-electronica.com\/en\/tienda-en-linea\/herramientas\/herramientas-para-proyectos\/placa-de-aluminio-plana-para-proyectos-300x300mm\/\" \/>\n<meta property=\"og:site_name\" content=\"IndTESA\" \/>\n<meta property=\"article:modified_time\" content=\"2025-03-01T02:41:18+00:00\" \/>\n<meta property=\"og:image\" content=\"https:\/\/indtesa-electronica.com\/wp-content\/uploads\/2024\/06\/Placa-de-Aluminio-Plana-para-Proyectos-300x300mm.png\" \/>\n\t<meta property=\"og:image:width\" content=\"500\" \/>\n\t<meta property=\"og:image:height\" content=\"500\" \/>\n\t<meta property=\"og:image:type\" content=\"image\/png\" \/>\n<meta name=\"twitter:card\" content=\"summary_large_image\" \/>\n<meta name=\"twitter:label1\" content=\"Est. reading time\" \/>\n\t<meta name=\"twitter:data1\" content=\"1 minute\" \/>\n<script type=\"application\/ld+json\" class=\"yoast-schema-graph\">{\"@context\":\"https:\/\/schema.org\",\"@graph\":[{\"@type\":\"WebPage\",\"@id\":\"https:\/\/indtesa-electronica.com\/tienda-en-linea\/herramientas\/herramientas-para-proyectos\/placa-de-aluminio-plana-para-proyectos-300x300mm\/\",\"url\":\"https:\/\/indtesa-electronica.com\/tienda-en-linea\/herramientas\/herramientas-para-proyectos\/placa-de-aluminio-plana-para-proyectos-300x300mm\/\",\"name\":\"Placa de Aluminio Plana para Proyectos, 300x300mm | IndTESA\",\"isPartOf\":{\"@id\":\"https:\/\/indtesa-electronica.com\/#website\"},\"primaryImageOfPage\":{\"@id\":\"https:\/\/indtesa-electronica.com\/tienda-en-linea\/herramientas\/herramientas-para-proyectos\/placa-de-aluminio-plana-para-proyectos-300x300mm\/#primaryimage\"},\"image\":{\"@id\":\"https:\/\/indtesa-electronica.com\/tienda-en-linea\/herramientas\/herramientas-para-proyectos\/placa-de-aluminio-plana-para-proyectos-300x300mm\/#primaryimage\"},\"thumbnailUrl\":\"https:\/\/indtesa-electronica.com\/wp-content\/uploads\/2024\/06\/Placa-de-Aluminio-Plana-para-Proyectos-300x300mm.png\",\"datePublished\":\"2024-06-18T18:58:06+00:00\",\"dateModified\":\"2025-03-01T02:41:18+00:00\",\"breadcrumb\":{\"@id\":\"https:\/\/indtesa-electronica.com\/tienda-en-linea\/herramientas\/herramientas-para-proyectos\/placa-de-aluminio-plana-para-proyectos-300x300mm\/#breadcrumb\"},\"inLanguage\":\"en-US\",\"potentialAction\":[{\"@type\":\"ReadAction\",\"target\":[\"https:\/\/indtesa-electronica.com\/tienda-en-linea\/herramientas\/herramientas-para-proyectos\/placa-de-aluminio-plana-para-proyectos-300x300mm\/\"]}]},{\"@type\":\"ImageObject\",\"inLanguage\":\"en-US\",\"@id\":\"https:\/\/indtesa-electronica.com\/tienda-en-linea\/herramientas\/herramientas-para-proyectos\/placa-de-aluminio-plana-para-proyectos-300x300mm\/#primaryimage\",\"url\":\"https:\/\/indtesa-electronica.com\/wp-content\/uploads\/2024\/06\/Placa-de-Aluminio-Plana-para-Proyectos-300x300mm.png\",\"contentUrl\":\"https:\/\/indtesa-electronica.com\/wp-content\/uploads\/2024\/06\/Placa-de-Aluminio-Plana-para-Proyectos-300x300mm.png\",\"width\":500,\"height\":500},{\"@type\":\"BreadcrumbList\",\"@id\":\"https:\/\/indtesa-electronica.com\/tienda-en-linea\/herramientas\/herramientas-para-proyectos\/placa-de-aluminio-plana-para-proyectos-300x300mm\/#breadcrumb\",\"itemListElement\":[{\"@type\":\"ListItem\",\"position\":1,\"name\":\"Inicio\",\"item\":\"https:\/\/indtesa-electronica.com\/\"},{\"@type\":\"ListItem\",\"position\":2,\"name\":\"Tienda en linea\",\"item\":\"https:\/\/indtesa-electronica.com\/tienda-en-linea\/\"},{\"@type\":\"ListItem\",\"position\":3,\"name\":\"Placa de Aluminio Plana para Proyectos, 300x300mm\"}]},{\"@type\":\"WebSite\",\"@id\":\"https:\/\/indtesa-electronica.com\/#website\",\"url\":\"https:\/\/indtesa-electronica.com\/\",\"name\":\"Electronica - IndTESA\",\"description\":\"\",\"publisher\":{\"@id\":\"https:\/\/indtesa-electronica.com\/#organization\"},\"potentialAction\":[{\"@type\":\"SearchAction\",\"target\":{\"@type\":\"EntryPoint\",\"urlTemplate\":\"https:\/\/indtesa-electronica.com\/?s={search_term_string}\"},\"query-input\":{\"@type\":\"PropertyValueSpecification\",\"valueRequired\":true,\"valueName\":\"search_term_string\"}}],\"inLanguage\":\"en-US\"},{\"@type\":\"Organization\",\"@id\":\"https:\/\/indtesa-electronica.com\/#organization\",\"name\":\"Industrial TESA S.A.S. de C.V.\",\"url\":\"https:\/\/indtesa-electronica.com\/\",\"logo\":{\"@type\":\"ImageObject\",\"inLanguage\":\"en-US\",\"@id\":\"https:\/\/indtesa-electronica.com\/#\/schema\/logo\/image\/\",\"url\":\"\",\"contentUrl\":\"\",\"caption\":\"Industrial TESA S.A.S. de C.V.\"},\"image\":{\"@id\":\"https:\/\/indtesa-electronica.com\/#\/schema\/logo\/image\/\"}}]}<\/script>\n<!-- \/ Yoast SEO plugin. -->","yoast_head_json":{"title":"Placa de Aluminio Plana para Proyectos, 300x300mm | IndTESA","robots":{"index":"index","follow":"follow","max-snippet":"max-snippet:-1","max-image-preview":"max-image-preview:large","max-video-preview":"max-video-preview:-1"},"canonical":"https:\/\/indtesa-electronica.com\/en\/tienda-en-linea\/herramientas\/herramientas-para-proyectos\/placa-de-aluminio-plana-para-proyectos-300x300mm\/","og_locale":"en_US","og_type":"article","og_title":"Placa de Aluminio Plana para Proyectos, 300x300mm | IndTESA","og_description":"Placa de aluminio AL material de placa de aluminio puro piezas de coche modelo marco de estructura de barco de metal suave y f\u00e1cil. Resistente al desgaste y f\u00e1cil de limpiar. Excelente trabajabilidad, Soldabilidad y alta resistencia. El aluminio se puede soldar utilizando todas las t\u00e9cnicas de soldadura comunes. Usos: diversas estructuras industriales que requieren [&hellip;]","og_url":"https:\/\/indtesa-electronica.com\/en\/tienda-en-linea\/herramientas\/herramientas-para-proyectos\/placa-de-aluminio-plana-para-proyectos-300x300mm\/","og_site_name":"IndTESA","article_modified_time":"2025-03-01T02:41:18+00:00","og_image":[{"width":500,"height":500,"url":"https:\/\/indtesa-electronica.com\/wp-content\/uploads\/2024\/06\/Placa-de-Aluminio-Plana-para-Proyectos-300x300mm.png","type":"image\/png"}],"twitter_card":"summary_large_image","twitter_misc":{"Est. reading time":"1 minute"},"schema":{"@context":"https:\/\/schema.org","@graph":[{"@type":"WebPage","@id":"https:\/\/indtesa-electronica.com\/tienda-en-linea\/herramientas\/herramientas-para-proyectos\/placa-de-aluminio-plana-para-proyectos-300x300mm\/","url":"https:\/\/indtesa-electronica.com\/tienda-en-linea\/herramientas\/herramientas-para-proyectos\/placa-de-aluminio-plana-para-proyectos-300x300mm\/","name":"Placa de Aluminio Plana para Proyectos, 300x300mm | IndTESA","isPartOf":{"@id":"https:\/\/indtesa-electronica.com\/#website"},"primaryImageOfPage":{"@id":"https:\/\/indtesa-electronica.com\/tienda-en-linea\/herramientas\/herramientas-para-proyectos\/placa-de-aluminio-plana-para-proyectos-300x300mm\/#primaryimage"},"image":{"@id":"https:\/\/indtesa-electronica.com\/tienda-en-linea\/herramientas\/herramientas-para-proyectos\/placa-de-aluminio-plana-para-proyectos-300x300mm\/#primaryimage"},"thumbnailUrl":"https:\/\/indtesa-electronica.com\/wp-content\/uploads\/2024\/06\/Placa-de-Aluminio-Plana-para-Proyectos-300x300mm.png","datePublished":"2024-06-18T18:58:06+00:00","dateModified":"2025-03-01T02:41:18+00:00","breadcrumb":{"@id":"https:\/\/indtesa-electronica.com\/tienda-en-linea\/herramientas\/herramientas-para-proyectos\/placa-de-aluminio-plana-para-proyectos-300x300mm\/#breadcrumb"},"inLanguage":"en-US","potentialAction":[{"@type":"ReadAction","target":["https:\/\/indtesa-electronica.com\/tienda-en-linea\/herramientas\/herramientas-para-proyectos\/placa-de-aluminio-plana-para-proyectos-300x300mm\/"]}]},{"@type":"ImageObject","inLanguage":"en-US","@id":"https:\/\/indtesa-electronica.com\/tienda-en-linea\/herramientas\/herramientas-para-proyectos\/placa-de-aluminio-plana-para-proyectos-300x300mm\/#primaryimage","url":"https:\/\/indtesa-electronica.com\/wp-content\/uploads\/2024\/06\/Placa-de-Aluminio-Plana-para-Proyectos-300x300mm.png","contentUrl":"https:\/\/indtesa-electronica.com\/wp-content\/uploads\/2024\/06\/Placa-de-Aluminio-Plana-para-Proyectos-300x300mm.png","width":500,"height":500},{"@type":"BreadcrumbList","@id":"https:\/\/indtesa-electronica.com\/tienda-en-linea\/herramientas\/herramientas-para-proyectos\/placa-de-aluminio-plana-para-proyectos-300x300mm\/#breadcrumb","itemListElement":[{"@type":"ListItem","position":1,"name":"Inicio","item":"https:\/\/indtesa-electronica.com\/"},{"@type":"ListItem","position":2,"name":"Tienda en linea","item":"https:\/\/indtesa-electronica.com\/tienda-en-linea\/"},{"@type":"ListItem","position":3,"name":"Placa de Aluminio Plana para Proyectos, 300x300mm"}]},{"@type":"WebSite","@id":"https:\/\/indtesa-electronica.com\/#website","url":"https:\/\/indtesa-electronica.com\/","name":"Electronica - IndTESA","description":"","publisher":{"@id":"https:\/\/indtesa-electronica.com\/#organization"},"potentialAction":[{"@type":"SearchAction","target":{"@type":"EntryPoint","urlTemplate":"https:\/\/indtesa-electronica.com\/?s={search_term_string}"},"query-input":{"@type":"PropertyValueSpecification","valueRequired":true,"valueName":"search_term_string"}}],"inLanguage":"en-US"},{"@type":"Organization","@id":"https:\/\/indtesa-electronica.com\/#organization","name":"Industrial TESA S.A.S. de C.V.","url":"https:\/\/indtesa-electronica.com\/","logo":{"@type":"ImageObject","inLanguage":"en-US","@id":"https:\/\/indtesa-electronica.com\/#\/schema\/logo\/image\/","url":"","contentUrl":"","caption":"Industrial TESA S.A.S. de C.V."},"image":{"@id":"https:\/\/indtesa-electronica.com\/#\/schema\/logo\/image\/"}}]}},"jetpack_sharing_enabled":true,"tiered_pricing_type":"fixed","tiered_pricing_fixed_rules":[],"tiered_pricing_product_settings":{"layout":"default","base_unit_name":{"singular":null,"plural":null},"default_variation":null},"tiered_pricing_minimum_quantity":null,"tiered_pricing_roles_data":[],"tiered_pricing_percentage_rules":[],"_links":{"self":[{"href":"https:\/\/indtesa-electronica.com\/en\/wp-json\/wp\/v2\/product\/15413","targetHints":{"allow":["GET"]}}],"collection":[{"href":"https:\/\/indtesa-electronica.com\/en\/wp-json\/wp\/v2\/product"}],"about":[{"href":"https:\/\/indtesa-electronica.com\/en\/wp-json\/wp\/v2\/types\/product"}],"wp:featuredmedia":[{"embeddable":true,"href":"https:\/\/indtesa-electronica.com\/en\/wp-json\/wp\/v2\/media\/15414"}],"wp:attachment":[{"href":"https:\/\/indtesa-electronica.com\/en\/wp-json\/wp\/v2\/media?parent=15413"}],"wp:term":[{"taxonomy":"product_brand","embeddable":true,"href":"https:\/\/indtesa-electronica.com\/en\/wp-json\/wp\/v2\/product_brand?post=15413"},{"taxonomy":"product_cat","embeddable":true,"href":"https:\/\/indtesa-electronica.com\/en\/wp-json\/wp\/v2\/product_cat?post=15413"},{"taxonomy":"product_tag","embeddable":true,"href":"https:\/\/indtesa-electronica.com\/en\/wp-json\/wp\/v2\/product_tag?post=15413"}],"curies":[{"name":"wp","href":"https:\/\/api.w.org\/{rel}","templated":true}]}}