{"id":1578,"date":"2023-05-16T23:20:23","date_gmt":"2023-05-16T23:20:23","guid":{"rendered":"https:\/\/indtesa-electronica.com\/?post_type=product&#038;p=1578"},"modified":"2025-09-05T20:57:57","modified_gmt":"2025-09-05T20:57:57","slug":"valvula-de-drenaje-con-temporizador","status":"publish","type":"product","link":"https:\/\/indtesa-electronica.com\/en\/tienda-en-linea\/herramientas\/instrumentos-de-regulacion\/valvula-de-drenaje-con-temporizador\/","title":{"rendered":"Valvula de Drenaje con Temporizador DN15 1\/2 pulgadas"},"content":{"rendered":"<p>Color: negro + oro<br \/>Material: metal<br \/>Poder: 22VA<br \/>Temperatura de ambiente: 24 &#8211; 240V AC\/DC 50\/60Hz<br \/>Conector: DIN43650A<\/p>\r\n\r\n<p><img loading=\"lazy\" decoding=\"async\" class=\"aligncenter wp-image-2782 size-full\" src=\"https:\/\/indtesa-electronica.com\/wp-content\/uploads\/2023\/05\/Imagen1.jpg\" alt=\"\" width=\"627\" height=\"293\" srcset=\"https:\/\/indtesa-electronica.com\/wp-content\/uploads\/2023\/05\/Imagen1.jpg 627w, https:\/\/indtesa-electronica.com\/wp-content\/uploads\/2023\/05\/Imagen1-500x234.jpg 500w, https:\/\/indtesa-electronica.com\/wp-content\/uploads\/2023\/05\/Imagen1-64x30.jpg 64w, https:\/\/indtesa-electronica.com\/wp-content\/uploads\/2023\/05\/Imagen1-300x140.jpg 300w\" sizes=\"auto, (max-width: 627px) 100vw, 627px\" \/><\/p>\r\n<p>&nbsp;<\/p>\r\n<p><img loading=\"lazy\" decoding=\"async\" class=\"aligncenter wp-image-2783 size-full\" src=\"https:\/\/indtesa-electronica.com\/wp-content\/uploads\/2023\/05\/Imagen2.jpg\" alt=\"\" width=\"630\" height=\"291\" srcset=\"https:\/\/indtesa-electronica.com\/wp-content\/uploads\/2023\/05\/Imagen2.jpg 630w, https:\/\/indtesa-electronica.com\/wp-content\/uploads\/2023\/05\/Imagen2-500x231.jpg 500w, https:\/\/indtesa-electronica.com\/wp-content\/uploads\/2023\/05\/Imagen2-64x30.jpg 64w, https:\/\/indtesa-electronica.com\/wp-content\/uploads\/2023\/05\/Imagen2-300x139.jpg 300w\" sizes=\"auto, (max-width: 630px) 100vw, 630px\" \/><\/p>","protected":false},"excerpt":{"rendered":"<p>V\u00e1lvula Solenoide electr\u00f3nica de drenaje para compresor de aire, temporizador el\u00e9ctrico autom\u00e1tico, 1\/2 \u201c, DN15, 110 Volts<\/p>","protected":false},"featured_media":2784,"template":"","meta":{"_gspb_post_css":""},"product_brand":[],"product_cat":[106],"product_tag":[],"class_list":{"0":"post-1578","1":"product","2":"type-product","3":"status-publish","4":"has-post-thumbnail","6":"product_cat-instrumentos-de-regulacion","8":"first","9":"onbackorder","10":"taxable","11":"shipping-taxable","12":"purchasable","13":"product-type-simple"},"ct_brands":[],"yoast_head":"<!-- This site is optimized with the Yoast SEO plugin v27.1.1 - https:\/\/yoast.com\/product\/yoast-seo-wordpress\/ -->\n<title>Valvula de Drenaje con Temporizador DN15 1\/2 pulgadas | IndTESA<\/title>\n<meta name=\"robots\" content=\"index, follow, max-snippet:-1, max-image-preview:large, max-video-preview:-1\" \/>\n<link rel=\"canonical\" href=\"https:\/\/indtesa-electronica.com\/en\/tienda-en-linea\/herramientas\/instrumentos-de-regulacion\/valvula-de-drenaje-con-temporizador\/\" \/>\n<meta property=\"og:locale\" content=\"en_US\" \/>\n<meta property=\"og:type\" content=\"article\" \/>\n<meta property=\"og:title\" content=\"Valvula de Drenaje con Temporizador DN15 1\/2 pulgadas | IndTESA\" \/>\n<meta property=\"og:description\" content=\"V\u00e1lvula Solenoide electr\u00f3nica de drenaje para compresor de aire, temporizador el\u00e9ctrico autom\u00e1tico, 1\/2 \u201c, DN15, 110 Volts\" \/>\n<meta property=\"og:url\" content=\"https:\/\/indtesa-electronica.com\/en\/tienda-en-linea\/herramientas\/instrumentos-de-regulacion\/valvula-de-drenaje-con-temporizador\/\" \/>\n<meta property=\"og:site_name\" content=\"IndTESA\" \/>\n<meta property=\"article:modified_time\" content=\"2025-09-05T20:57:57+00:00\" \/>\n<meta property=\"og:image\" content=\"https:\/\/indtesa-electronica.com\/wp-content\/uploads\/2023\/05\/Valvula-Solenoide-electronica-de-drenaje-para-compresor-de-aire-temporizador-electrico-automatico-12-DN15-110-Volts.png\" \/>\n\t<meta property=\"og:image:width\" content=\"500\" \/>\n\t<meta property=\"og:image:height\" content=\"500\" \/>\n\t<meta property=\"og:image:type\" content=\"image\/png\" \/>\n<meta name=\"twitter:card\" content=\"summary_large_image\" \/>\n<meta name=\"twitter:label1\" content=\"Est. reading time\" \/>\n\t<meta name=\"twitter:data1\" content=\"1 minute\" \/>\n<script type=\"application\/ld+json\" class=\"yoast-schema-graph\">{\"@context\":\"https:\/\/schema.org\",\"@graph\":[{\"@type\":\"WebPage\",\"@id\":\"https:\/\/indtesa-electronica.com\/tienda-en-linea\/herramientas\/instrumentos-de-regulacion\/valvula-de-drenaje-con-temporizador\/\",\"url\":\"https:\/\/indtesa-electronica.com\/tienda-en-linea\/herramientas\/instrumentos-de-regulacion\/valvula-de-drenaje-con-temporizador\/\",\"name\":\"Valvula de Drenaje con Temporizador DN15 1\/2 pulgadas | IndTESA\",\"isPartOf\":{\"@id\":\"https:\/\/indtesa-electronica.com\/#website\"},\"primaryImageOfPage\":{\"@id\":\"https:\/\/indtesa-electronica.com\/tienda-en-linea\/herramientas\/instrumentos-de-regulacion\/valvula-de-drenaje-con-temporizador\/#primaryimage\"},\"image\":{\"@id\":\"https:\/\/indtesa-electronica.com\/tienda-en-linea\/herramientas\/instrumentos-de-regulacion\/valvula-de-drenaje-con-temporizador\/#primaryimage\"},\"thumbnailUrl\":\"https:\/\/indtesa-electronica.com\/wp-content\/uploads\/2023\/05\/Valvula-Solenoide-electronica-de-drenaje-para-compresor-de-aire-temporizador-electrico-automatico-12-DN15-110-Volts.png\",\"datePublished\":\"2023-05-16T23:20:23+00:00\",\"dateModified\":\"2025-09-05T20:57:57+00:00\",\"breadcrumb\":{\"@id\":\"https:\/\/indtesa-electronica.com\/tienda-en-linea\/herramientas\/instrumentos-de-regulacion\/valvula-de-drenaje-con-temporizador\/#breadcrumb\"},\"inLanguage\":\"en-US\",\"potentialAction\":[{\"@type\":\"ReadAction\",\"target\":[\"https:\/\/indtesa-electronica.com\/tienda-en-linea\/herramientas\/instrumentos-de-regulacion\/valvula-de-drenaje-con-temporizador\/\"]}]},{\"@type\":\"ImageObject\",\"inLanguage\":\"en-US\",\"@id\":\"https:\/\/indtesa-electronica.com\/tienda-en-linea\/herramientas\/instrumentos-de-regulacion\/valvula-de-drenaje-con-temporizador\/#primaryimage\",\"url\":\"https:\/\/indtesa-electronica.com\/wp-content\/uploads\/2023\/05\/Valvula-Solenoide-electronica-de-drenaje-para-compresor-de-aire-temporizador-electrico-automatico-12-DN15-110-Volts.png\",\"contentUrl\":\"https:\/\/indtesa-electronica.com\/wp-content\/uploads\/2023\/05\/Valvula-Solenoide-electronica-de-drenaje-para-compresor-de-aire-temporizador-electrico-automatico-12-DN15-110-Volts.png\",\"width\":500,\"height\":500},{\"@type\":\"BreadcrumbList\",\"@id\":\"https:\/\/indtesa-electronica.com\/tienda-en-linea\/herramientas\/instrumentos-de-regulacion\/valvula-de-drenaje-con-temporizador\/#breadcrumb\",\"itemListElement\":[{\"@type\":\"ListItem\",\"position\":1,\"name\":\"Inicio\",\"item\":\"https:\/\/indtesa-electronica.com\/\"},{\"@type\":\"ListItem\",\"position\":2,\"name\":\"Tienda en linea\",\"item\":\"https:\/\/indtesa-electronica.com\/tienda-en-linea\/\"},{\"@type\":\"ListItem\",\"position\":3,\"name\":\"Valvula de Drenaje con Temporizador DN15 1\/2 pulgadas\"}]},{\"@type\":\"WebSite\",\"@id\":\"https:\/\/indtesa-electronica.com\/#website\",\"url\":\"https:\/\/indtesa-electronica.com\/\",\"name\":\"Electronica - IndTESA\",\"description\":\"\",\"publisher\":{\"@id\":\"https:\/\/indtesa-electronica.com\/#organization\"},\"potentialAction\":[{\"@type\":\"SearchAction\",\"target\":{\"@type\":\"EntryPoint\",\"urlTemplate\":\"https:\/\/indtesa-electronica.com\/?s={search_term_string}\"},\"query-input\":{\"@type\":\"PropertyValueSpecification\",\"valueRequired\":true,\"valueName\":\"search_term_string\"}}],\"inLanguage\":\"en-US\"},{\"@type\":\"Organization\",\"@id\":\"https:\/\/indtesa-electronica.com\/#organization\",\"name\":\"Industrial TESA S.A.S. de C.V.\",\"url\":\"https:\/\/indtesa-electronica.com\/\",\"logo\":{\"@type\":\"ImageObject\",\"inLanguage\":\"en-US\",\"@id\":\"https:\/\/indtesa-electronica.com\/#\/schema\/logo\/image\/\",\"url\":\"\",\"contentUrl\":\"\",\"caption\":\"Industrial TESA S.A.S. de C.V.\"},\"image\":{\"@id\":\"https:\/\/indtesa-electronica.com\/#\/schema\/logo\/image\/\"}}]}<\/script>\n<!-- \/ Yoast SEO plugin. -->","yoast_head_json":{"title":"Valvula de Drenaje con Temporizador DN15 1\/2 pulgadas | IndTESA","robots":{"index":"index","follow":"follow","max-snippet":"max-snippet:-1","max-image-preview":"max-image-preview:large","max-video-preview":"max-video-preview:-1"},"canonical":"https:\/\/indtesa-electronica.com\/en\/tienda-en-linea\/herramientas\/instrumentos-de-regulacion\/valvula-de-drenaje-con-temporizador\/","og_locale":"en_US","og_type":"article","og_title":"Valvula de Drenaje con Temporizador DN15 1\/2 pulgadas | IndTESA","og_description":"V\u00e1lvula Solenoide electr\u00f3nica de drenaje para compresor de aire, temporizador el\u00e9ctrico autom\u00e1tico, 1\/2 \u201c, DN15, 110 Volts","og_url":"https:\/\/indtesa-electronica.com\/en\/tienda-en-linea\/herramientas\/instrumentos-de-regulacion\/valvula-de-drenaje-con-temporizador\/","og_site_name":"IndTESA","article_modified_time":"2025-09-05T20:57:57+00:00","og_image":[{"width":500,"height":500,"url":"https:\/\/indtesa-electronica.com\/wp-content\/uploads\/2023\/05\/Valvula-Solenoide-electronica-de-drenaje-para-compresor-de-aire-temporizador-electrico-automatico-12-DN15-110-Volts.png","type":"image\/png"}],"twitter_card":"summary_large_image","twitter_misc":{"Est. reading time":"1 minute"},"schema":{"@context":"https:\/\/schema.org","@graph":[{"@type":"WebPage","@id":"https:\/\/indtesa-electronica.com\/tienda-en-linea\/herramientas\/instrumentos-de-regulacion\/valvula-de-drenaje-con-temporizador\/","url":"https:\/\/indtesa-electronica.com\/tienda-en-linea\/herramientas\/instrumentos-de-regulacion\/valvula-de-drenaje-con-temporizador\/","name":"Valvula de Drenaje con Temporizador DN15 1\/2 pulgadas | IndTESA","isPartOf":{"@id":"https:\/\/indtesa-electronica.com\/#website"},"primaryImageOfPage":{"@id":"https:\/\/indtesa-electronica.com\/tienda-en-linea\/herramientas\/instrumentos-de-regulacion\/valvula-de-drenaje-con-temporizador\/#primaryimage"},"image":{"@id":"https:\/\/indtesa-electronica.com\/tienda-en-linea\/herramientas\/instrumentos-de-regulacion\/valvula-de-drenaje-con-temporizador\/#primaryimage"},"thumbnailUrl":"https:\/\/indtesa-electronica.com\/wp-content\/uploads\/2023\/05\/Valvula-Solenoide-electronica-de-drenaje-para-compresor-de-aire-temporizador-electrico-automatico-12-DN15-110-Volts.png","datePublished":"2023-05-16T23:20:23+00:00","dateModified":"2025-09-05T20:57:57+00:00","breadcrumb":{"@id":"https:\/\/indtesa-electronica.com\/tienda-en-linea\/herramientas\/instrumentos-de-regulacion\/valvula-de-drenaje-con-temporizador\/#breadcrumb"},"inLanguage":"en-US","potentialAction":[{"@type":"ReadAction","target":["https:\/\/indtesa-electronica.com\/tienda-en-linea\/herramientas\/instrumentos-de-regulacion\/valvula-de-drenaje-con-temporizador\/"]}]},{"@type":"ImageObject","inLanguage":"en-US","@id":"https:\/\/indtesa-electronica.com\/tienda-en-linea\/herramientas\/instrumentos-de-regulacion\/valvula-de-drenaje-con-temporizador\/#primaryimage","url":"https:\/\/indtesa-electronica.com\/wp-content\/uploads\/2023\/05\/Valvula-Solenoide-electronica-de-drenaje-para-compresor-de-aire-temporizador-electrico-automatico-12-DN15-110-Volts.png","contentUrl":"https:\/\/indtesa-electronica.com\/wp-content\/uploads\/2023\/05\/Valvula-Solenoide-electronica-de-drenaje-para-compresor-de-aire-temporizador-electrico-automatico-12-DN15-110-Volts.png","width":500,"height":500},{"@type":"BreadcrumbList","@id":"https:\/\/indtesa-electronica.com\/tienda-en-linea\/herramientas\/instrumentos-de-regulacion\/valvula-de-drenaje-con-temporizador\/#breadcrumb","itemListElement":[{"@type":"ListItem","position":1,"name":"Inicio","item":"https:\/\/indtesa-electronica.com\/"},{"@type":"ListItem","position":2,"name":"Tienda en linea","item":"https:\/\/indtesa-electronica.com\/tienda-en-linea\/"},{"@type":"ListItem","position":3,"name":"Valvula de Drenaje con Temporizador DN15 1\/2 pulgadas"}]},{"@type":"WebSite","@id":"https:\/\/indtesa-electronica.com\/#website","url":"https:\/\/indtesa-electronica.com\/","name":"Electronica - IndTESA","description":"","publisher":{"@id":"https:\/\/indtesa-electronica.com\/#organization"},"potentialAction":[{"@type":"SearchAction","target":{"@type":"EntryPoint","urlTemplate":"https:\/\/indtesa-electronica.com\/?s={search_term_string}"},"query-input":{"@type":"PropertyValueSpecification","valueRequired":true,"valueName":"search_term_string"}}],"inLanguage":"en-US"},{"@type":"Organization","@id":"https:\/\/indtesa-electronica.com\/#organization","name":"Industrial TESA S.A.S. de C.V.","url":"https:\/\/indtesa-electronica.com\/","logo":{"@type":"ImageObject","inLanguage":"en-US","@id":"https:\/\/indtesa-electronica.com\/#\/schema\/logo\/image\/","url":"","contentUrl":"","caption":"Industrial TESA S.A.S. de C.V."},"image":{"@id":"https:\/\/indtesa-electronica.com\/#\/schema\/logo\/image\/"}}]}},"jetpack_sharing_enabled":true,"tiered_pricing_type":"fixed","tiered_pricing_fixed_rules":[],"tiered_pricing_product_settings":{"layout":"default","base_unit_name":{"singular":null,"plural":null},"default_variation":null},"tiered_pricing_minimum_quantity":null,"tiered_pricing_roles_data":[],"tiered_pricing_percentage_rules":[],"_links":{"self":[{"href":"https:\/\/indtesa-electronica.com\/en\/wp-json\/wp\/v2\/product\/1578","targetHints":{"allow":["GET"]}}],"collection":[{"href":"https:\/\/indtesa-electronica.com\/en\/wp-json\/wp\/v2\/product"}],"about":[{"href":"https:\/\/indtesa-electronica.com\/en\/wp-json\/wp\/v2\/types\/product"}],"wp:featuredmedia":[{"embeddable":true,"href":"https:\/\/indtesa-electronica.com\/en\/wp-json\/wp\/v2\/media\/2784"}],"wp:attachment":[{"href":"https:\/\/indtesa-electronica.com\/en\/wp-json\/wp\/v2\/media?parent=1578"}],"wp:term":[{"taxonomy":"product_brand","embeddable":true,"href":"https:\/\/indtesa-electronica.com\/en\/wp-json\/wp\/v2\/product_brand?post=1578"},{"taxonomy":"product_cat","embeddable":true,"href":"https:\/\/indtesa-electronica.com\/en\/wp-json\/wp\/v2\/product_cat?post=1578"},{"taxonomy":"product_tag","embeddable":true,"href":"https:\/\/indtesa-electronica.com\/en\/wp-json\/wp\/v2\/product_tag?post=1578"}],"curies":[{"name":"wp","href":"https:\/\/api.w.org\/{rel}","templated":true}]}}