{"id":15904,"date":"2024-07-29T23:56:37","date_gmt":"2024-07-29T23:56:37","guid":{"rendered":"https:\/\/indtesa-electronica.com\/?post_type=product&#038;p=15904"},"modified":"2025-04-03T23:41:15","modified_gmt":"2025-04-03T23:41:15","slug":"transmisor-de-temperatura-y-humedad-sensor-sht20-modbus-rs485","status":"publish","type":"product","link":"https:\/\/indtesa-electronica.com\/en\/tienda-en-linea\/herramientas\/control\/transmisor-de-temperatura-y-humedad-sensor-sht20-modbus-rs485\/","title":{"rendered":"Transmisor de Temperatura y Humedad Sensor SHT20 Modbus RS485"},"content":{"rendered":"<p>El producto adopta chips de grado industrial, sensores de temperatura y humedad SHT20 de alta precisi\u00f3n, garantizan los productos con buena fiabilidad, alta precisi\u00f3n e intercambiabilidad.<br \/>\nAdopta la interfaz de hardware RS485 (con el dise\u00f1o de protecci\u00f3n contra rayos), la capa de protocolo compatible con el protocolo industrial est\u00e1ndar Modbus Rtu.<br \/>\nEste producto integra el protocolo MODBUS con el ordinario, los usuarios pueden elegir protocolos de comunicaci\u00f3n, acuerdo com\u00fan con funci\u00f3n de carga autom\u00e1tica (Conecte la herramienta de modo de interfaz serie RS485 emitiendo autom\u00e1ticamente la temperatura y la humedad).<\/p>\n<p><strong>Modelo<\/strong>: XY-MD02<br \/>\n<strong>Alimentaci\u00f3n<\/strong> DC: DC 6-24V<br \/>\n<strong>Se\u00f1al de Salida<\/strong>: RS-485<br \/>\n<strong>Protocolo de Comunicaci\u00f3n<\/strong>: Protocolo Modbus-RTU y Protocolo Genera Personalizado<br \/>\n<strong>Precisi\u00f3n de la Temperatura<\/strong>: \u00b10.5\u00b0C (25\u00b0C)<br \/>\n<strong>Precisi\u00f3n de la Humedad<\/strong>: \u00b13%RH<br \/>\n<strong>Rango de Temperatura<\/strong>: -40\u00b0C ~ + 60\u00b0C<br \/>\n<strong>Rango de Humedad<\/strong>: 0%RH ~ 80%RH<br \/>\n<strong>Resoluci\u00f3n de Temperatura<\/strong>: 0.1\u00b0C<br \/>\n<strong>Resoluci\u00f3n de Humedad<\/strong>: 0.1%RH<br \/>\n<strong>Consumo de Potencia<\/strong>: \u2264 0.2W<\/p>\n<p><strong>Hoja de Datos<\/strong>: <a href=\"https:\/\/indtesa-electronica.com\/wp-content\/uploads\/2024\/07\/Hoja-de-Datos-Sensor-SHT20.pdf\">Hoja de Datos Sensor SHT20<\/a><\/p>","protected":false},"excerpt":{"rendered":"<p>Este producto integra el protocolo MODBUS con el ordinario, los usuarios pueden elegir protocolos de comunicaci\u00f3n, acuerdo com\u00fan con funci\u00f3n de carga autom\u00e1tica<\/p>","protected":false},"featured_media":15906,"template":"","meta":{"_gspb_post_css":""},"product_brand":[],"product_cat":[138],"product_tag":[],"class_list":{"0":"post-15904","1":"product","2":"type-product","3":"status-publish","4":"has-post-thumbnail","6":"product_cat-control","8":"first","9":"instock","10":"taxable","11":"shipping-taxable","12":"purchasable","13":"product-type-simple"},"ct_brands":[],"yoast_head":"<!-- This site is optimized with the Yoast SEO plugin v27.1.1 - https:\/\/yoast.com\/product\/yoast-seo-wordpress\/ -->\n<title>Transmisor de Temperatura y Humedad Sensor SHT20 Modbus RS485 | IndTESA<\/title>\n<meta name=\"robots\" content=\"index, follow, max-snippet:-1, max-image-preview:large, max-video-preview:-1\" \/>\n<link rel=\"canonical\" href=\"https:\/\/indtesa-electronica.com\/en\/tienda-en-linea\/herramientas\/control\/transmisor-de-temperatura-y-humedad-sensor-sht20-modbus-rs485\/\" \/>\n<meta property=\"og:locale\" content=\"en_US\" \/>\n<meta property=\"og:type\" content=\"article\" \/>\n<meta property=\"og:title\" content=\"Transmisor de Temperatura y Humedad Sensor SHT20 Modbus RS485 | IndTESA\" \/>\n<meta property=\"og:description\" content=\"Este producto integra el protocolo MODBUS con el ordinario, los usuarios pueden elegir protocolos de comunicaci\u00f3n, acuerdo com\u00fan con funci\u00f3n de carga autom\u00e1tica\" \/>\n<meta property=\"og:url\" content=\"https:\/\/indtesa-electronica.com\/en\/tienda-en-linea\/herramientas\/control\/transmisor-de-temperatura-y-humedad-sensor-sht20-modbus-rs485\/\" \/>\n<meta property=\"og:site_name\" content=\"IndTESA\" \/>\n<meta property=\"article:modified_time\" content=\"2025-04-03T23:41:15+00:00\" \/>\n<meta property=\"og:image\" content=\"https:\/\/indtesa-electronica.com\/wp-content\/uploads\/2024\/07\/Transmisor-de-Temperatura-y-Humedad-Sensor-SHT20-Modbus-RS485.png\" \/>\n\t<meta property=\"og:image:width\" content=\"500\" \/>\n\t<meta property=\"og:image:height\" content=\"500\" \/>\n\t<meta property=\"og:image:type\" content=\"image\/png\" \/>\n<meta name=\"twitter:card\" content=\"summary_large_image\" \/>\n<meta name=\"twitter:label1\" content=\"Est. reading time\" \/>\n\t<meta name=\"twitter:data1\" content=\"1 minute\" \/>\n<script type=\"application\/ld+json\" class=\"yoast-schema-graph\">{\"@context\":\"https:\/\/schema.org\",\"@graph\":[{\"@type\":\"WebPage\",\"@id\":\"https:\/\/indtesa-electronica.com\/tienda-en-linea\/herramientas\/control\/transmisor-de-temperatura-y-humedad-sensor-sht20-modbus-rs485\/\",\"url\":\"https:\/\/indtesa-electronica.com\/tienda-en-linea\/herramientas\/control\/transmisor-de-temperatura-y-humedad-sensor-sht20-modbus-rs485\/\",\"name\":\"Transmisor de Temperatura y Humedad Sensor SHT20 Modbus RS485 | IndTESA\",\"isPartOf\":{\"@id\":\"https:\/\/indtesa-electronica.com\/#website\"},\"primaryImageOfPage\":{\"@id\":\"https:\/\/indtesa-electronica.com\/tienda-en-linea\/herramientas\/control\/transmisor-de-temperatura-y-humedad-sensor-sht20-modbus-rs485\/#primaryimage\"},\"image\":{\"@id\":\"https:\/\/indtesa-electronica.com\/tienda-en-linea\/herramientas\/control\/transmisor-de-temperatura-y-humedad-sensor-sht20-modbus-rs485\/#primaryimage\"},\"thumbnailUrl\":\"https:\/\/indtesa-electronica.com\/wp-content\/uploads\/2024\/07\/Transmisor-de-Temperatura-y-Humedad-Sensor-SHT20-Modbus-RS485.png\",\"datePublished\":\"2024-07-29T23:56:37+00:00\",\"dateModified\":\"2025-04-03T23:41:15+00:00\",\"breadcrumb\":{\"@id\":\"https:\/\/indtesa-electronica.com\/tienda-en-linea\/herramientas\/control\/transmisor-de-temperatura-y-humedad-sensor-sht20-modbus-rs485\/#breadcrumb\"},\"inLanguage\":\"en-US\",\"potentialAction\":[{\"@type\":\"ReadAction\",\"target\":[\"https:\/\/indtesa-electronica.com\/tienda-en-linea\/herramientas\/control\/transmisor-de-temperatura-y-humedad-sensor-sht20-modbus-rs485\/\"]}]},{\"@type\":\"ImageObject\",\"inLanguage\":\"en-US\",\"@id\":\"https:\/\/indtesa-electronica.com\/tienda-en-linea\/herramientas\/control\/transmisor-de-temperatura-y-humedad-sensor-sht20-modbus-rs485\/#primaryimage\",\"url\":\"https:\/\/indtesa-electronica.com\/wp-content\/uploads\/2024\/07\/Transmisor-de-Temperatura-y-Humedad-Sensor-SHT20-Modbus-RS485.png\",\"contentUrl\":\"https:\/\/indtesa-electronica.com\/wp-content\/uploads\/2024\/07\/Transmisor-de-Temperatura-y-Humedad-Sensor-SHT20-Modbus-RS485.png\",\"width\":500,\"height\":500},{\"@type\":\"BreadcrumbList\",\"@id\":\"https:\/\/indtesa-electronica.com\/tienda-en-linea\/herramientas\/control\/transmisor-de-temperatura-y-humedad-sensor-sht20-modbus-rs485\/#breadcrumb\",\"itemListElement\":[{\"@type\":\"ListItem\",\"position\":1,\"name\":\"Inicio\",\"item\":\"https:\/\/indtesa-electronica.com\/\"},{\"@type\":\"ListItem\",\"position\":2,\"name\":\"Tienda en linea\",\"item\":\"https:\/\/indtesa-electronica.com\/tienda-en-linea\/\"},{\"@type\":\"ListItem\",\"position\":3,\"name\":\"Transmisor de Temperatura y Humedad Sensor SHT20 Modbus RS485\"}]},{\"@type\":\"WebSite\",\"@id\":\"https:\/\/indtesa-electronica.com\/#website\",\"url\":\"https:\/\/indtesa-electronica.com\/\",\"name\":\"Electronica - IndTESA\",\"description\":\"\",\"publisher\":{\"@id\":\"https:\/\/indtesa-electronica.com\/#organization\"},\"potentialAction\":[{\"@type\":\"SearchAction\",\"target\":{\"@type\":\"EntryPoint\",\"urlTemplate\":\"https:\/\/indtesa-electronica.com\/?s={search_term_string}\"},\"query-input\":{\"@type\":\"PropertyValueSpecification\",\"valueRequired\":true,\"valueName\":\"search_term_string\"}}],\"inLanguage\":\"en-US\"},{\"@type\":\"Organization\",\"@id\":\"https:\/\/indtesa-electronica.com\/#organization\",\"name\":\"Industrial TESA S.A.S. de C.V.\",\"url\":\"https:\/\/indtesa-electronica.com\/\",\"logo\":{\"@type\":\"ImageObject\",\"inLanguage\":\"en-US\",\"@id\":\"https:\/\/indtesa-electronica.com\/#\/schema\/logo\/image\/\",\"url\":\"\",\"contentUrl\":\"\",\"caption\":\"Industrial TESA S.A.S. de C.V.\"},\"image\":{\"@id\":\"https:\/\/indtesa-electronica.com\/#\/schema\/logo\/image\/\"}}]}<\/script>\n<!-- \/ Yoast SEO plugin. -->","yoast_head_json":{"title":"Transmisor de Temperatura y Humedad Sensor SHT20 Modbus RS485 | IndTESA","robots":{"index":"index","follow":"follow","max-snippet":"max-snippet:-1","max-image-preview":"max-image-preview:large","max-video-preview":"max-video-preview:-1"},"canonical":"https:\/\/indtesa-electronica.com\/en\/tienda-en-linea\/herramientas\/control\/transmisor-de-temperatura-y-humedad-sensor-sht20-modbus-rs485\/","og_locale":"en_US","og_type":"article","og_title":"Transmisor de Temperatura y Humedad Sensor SHT20 Modbus RS485 | IndTESA","og_description":"Este producto integra el protocolo MODBUS con el ordinario, los usuarios pueden elegir protocolos de comunicaci\u00f3n, acuerdo com\u00fan con funci\u00f3n de carga autom\u00e1tica","og_url":"https:\/\/indtesa-electronica.com\/en\/tienda-en-linea\/herramientas\/control\/transmisor-de-temperatura-y-humedad-sensor-sht20-modbus-rs485\/","og_site_name":"IndTESA","article_modified_time":"2025-04-03T23:41:15+00:00","og_image":[{"width":500,"height":500,"url":"https:\/\/indtesa-electronica.com\/wp-content\/uploads\/2024\/07\/Transmisor-de-Temperatura-y-Humedad-Sensor-SHT20-Modbus-RS485.png","type":"image\/png"}],"twitter_card":"summary_large_image","twitter_misc":{"Est. reading time":"1 minute"},"schema":{"@context":"https:\/\/schema.org","@graph":[{"@type":"WebPage","@id":"https:\/\/indtesa-electronica.com\/tienda-en-linea\/herramientas\/control\/transmisor-de-temperatura-y-humedad-sensor-sht20-modbus-rs485\/","url":"https:\/\/indtesa-electronica.com\/tienda-en-linea\/herramientas\/control\/transmisor-de-temperatura-y-humedad-sensor-sht20-modbus-rs485\/","name":"Transmisor de Temperatura y Humedad Sensor SHT20 Modbus RS485 | IndTESA","isPartOf":{"@id":"https:\/\/indtesa-electronica.com\/#website"},"primaryImageOfPage":{"@id":"https:\/\/indtesa-electronica.com\/tienda-en-linea\/herramientas\/control\/transmisor-de-temperatura-y-humedad-sensor-sht20-modbus-rs485\/#primaryimage"},"image":{"@id":"https:\/\/indtesa-electronica.com\/tienda-en-linea\/herramientas\/control\/transmisor-de-temperatura-y-humedad-sensor-sht20-modbus-rs485\/#primaryimage"},"thumbnailUrl":"https:\/\/indtesa-electronica.com\/wp-content\/uploads\/2024\/07\/Transmisor-de-Temperatura-y-Humedad-Sensor-SHT20-Modbus-RS485.png","datePublished":"2024-07-29T23:56:37+00:00","dateModified":"2025-04-03T23:41:15+00:00","breadcrumb":{"@id":"https:\/\/indtesa-electronica.com\/tienda-en-linea\/herramientas\/control\/transmisor-de-temperatura-y-humedad-sensor-sht20-modbus-rs485\/#breadcrumb"},"inLanguage":"en-US","potentialAction":[{"@type":"ReadAction","target":["https:\/\/indtesa-electronica.com\/tienda-en-linea\/herramientas\/control\/transmisor-de-temperatura-y-humedad-sensor-sht20-modbus-rs485\/"]}]},{"@type":"ImageObject","inLanguage":"en-US","@id":"https:\/\/indtesa-electronica.com\/tienda-en-linea\/herramientas\/control\/transmisor-de-temperatura-y-humedad-sensor-sht20-modbus-rs485\/#primaryimage","url":"https:\/\/indtesa-electronica.com\/wp-content\/uploads\/2024\/07\/Transmisor-de-Temperatura-y-Humedad-Sensor-SHT20-Modbus-RS485.png","contentUrl":"https:\/\/indtesa-electronica.com\/wp-content\/uploads\/2024\/07\/Transmisor-de-Temperatura-y-Humedad-Sensor-SHT20-Modbus-RS485.png","width":500,"height":500},{"@type":"BreadcrumbList","@id":"https:\/\/indtesa-electronica.com\/tienda-en-linea\/herramientas\/control\/transmisor-de-temperatura-y-humedad-sensor-sht20-modbus-rs485\/#breadcrumb","itemListElement":[{"@type":"ListItem","position":1,"name":"Inicio","item":"https:\/\/indtesa-electronica.com\/"},{"@type":"ListItem","position":2,"name":"Tienda en linea","item":"https:\/\/indtesa-electronica.com\/tienda-en-linea\/"},{"@type":"ListItem","position":3,"name":"Transmisor de Temperatura y Humedad Sensor SHT20 Modbus RS485"}]},{"@type":"WebSite","@id":"https:\/\/indtesa-electronica.com\/#website","url":"https:\/\/indtesa-electronica.com\/","name":"Electronica - IndTESA","description":"","publisher":{"@id":"https:\/\/indtesa-electronica.com\/#organization"},"potentialAction":[{"@type":"SearchAction","target":{"@type":"EntryPoint","urlTemplate":"https:\/\/indtesa-electronica.com\/?s={search_term_string}"},"query-input":{"@type":"PropertyValueSpecification","valueRequired":true,"valueName":"search_term_string"}}],"inLanguage":"en-US"},{"@type":"Organization","@id":"https:\/\/indtesa-electronica.com\/#organization","name":"Industrial TESA S.A.S. de C.V.","url":"https:\/\/indtesa-electronica.com\/","logo":{"@type":"ImageObject","inLanguage":"en-US","@id":"https:\/\/indtesa-electronica.com\/#\/schema\/logo\/image\/","url":"","contentUrl":"","caption":"Industrial TESA S.A.S. de C.V."},"image":{"@id":"https:\/\/indtesa-electronica.com\/#\/schema\/logo\/image\/"}}]}},"jetpack_sharing_enabled":true,"tiered_pricing_type":"fixed","tiered_pricing_fixed_rules":[],"tiered_pricing_product_settings":{"layout":"default","base_unit_name":{"singular":null,"plural":null},"default_variation":null},"tiered_pricing_minimum_quantity":null,"tiered_pricing_roles_data":[],"tiered_pricing_percentage_rules":[],"_links":{"self":[{"href":"https:\/\/indtesa-electronica.com\/en\/wp-json\/wp\/v2\/product\/15904","targetHints":{"allow":["GET"]}}],"collection":[{"href":"https:\/\/indtesa-electronica.com\/en\/wp-json\/wp\/v2\/product"}],"about":[{"href":"https:\/\/indtesa-electronica.com\/en\/wp-json\/wp\/v2\/types\/product"}],"wp:featuredmedia":[{"embeddable":true,"href":"https:\/\/indtesa-electronica.com\/en\/wp-json\/wp\/v2\/media\/15906"}],"wp:attachment":[{"href":"https:\/\/indtesa-electronica.com\/en\/wp-json\/wp\/v2\/media?parent=15904"}],"wp:term":[{"taxonomy":"product_brand","embeddable":true,"href":"https:\/\/indtesa-electronica.com\/en\/wp-json\/wp\/v2\/product_brand?post=15904"},{"taxonomy":"product_cat","embeddable":true,"href":"https:\/\/indtesa-electronica.com\/en\/wp-json\/wp\/v2\/product_cat?post=15904"},{"taxonomy":"product_tag","embeddable":true,"href":"https:\/\/indtesa-electronica.com\/en\/wp-json\/wp\/v2\/product_tag?post=15904"}],"curies":[{"name":"wp","href":"https:\/\/api.w.org\/{rel}","templated":true}]}}