{"id":16049,"date":"2024-09-12T23:27:05","date_gmt":"2024-09-12T23:27:05","guid":{"rendered":"https:\/\/indtesa-electronica.com\/?post_type=product&#038;p=16049"},"modified":"2025-03-01T01:59:07","modified_gmt":"2025-03-01T01:59:07","slug":"resina-rigida-color-negro-1kg","status":"publish","type":"product","link":"https:\/\/indtesa-electronica.com\/en\/tienda-en-linea\/impresion-3d\/material-de-impresion\/resina-rigida-color-negro-1kg\/","title":{"rendered":"Resina Rigida, Color Negro, 1KG"},"content":{"rendered":"<p>Piezas para impresoras 3D<br \/>\nLa resina no es tan duradera como el filamento, para piezas funcionales, o impresiones FDM como kit RC, tambi\u00e9n puede considerar la resina r\u00edgida ahora.<\/p>\n<p>La resina r\u00edgida tiene una buena rigidez y dureza juntas, y se supone que imprime una estructura similar al ABS. como la mayor\u00eda de las impresoras FDM, esta resina proporciona una opci\u00f3n para una impresi\u00f3n m\u00e1s r\u00e1pida y de alta calidad.<\/p>\n<p>Con su baja contracci\u00f3n (0,2 ~ 0,7%) se puede esperar 100% tama\u00f1o correcto como su dise\u00f1o.<br \/>\nAmbas resinas Conjure son resistentes, depende de lo que vayas a imprimir.<\/p>\n<p>Para miniaturas o figuras, los detalles y irrompible son demandas clave, puede utilizar la resina Conjure Sculpt, o mezclar el Siraya tenaz con resina normal.<br \/>\nPara piezas de impresi\u00f3n FDM. puedes usar la Conjure Rigid o Tough, tiene una mejor superficie y es mucho m\u00e1s r\u00e1pida que las impresoras FDM, despu\u00e9s de pintar obtienes casi la misma durabilidad.<br \/>\nPara uso dental o de otro tipo puede que tengas que buscar otras series profesionales personalizadas como Formlabs.<\/p>\n<p><img loading=\"lazy\" decoding=\"async\" class=\"alignnone wp-image-16051 size-full\" src=\"https:\/\/indtesa-electronica.com\/wp-content\/uploads\/2024\/09\/Informacion-tecnica.png\" alt=\"\" width=\"1600\" height=\"840\" srcset=\"https:\/\/indtesa-electronica.com\/wp-content\/uploads\/2024\/09\/Informacion-tecnica.png 1600w, https:\/\/indtesa-electronica.com\/wp-content\/uploads\/2024\/09\/Informacion-tecnica-300x158.png 300w, https:\/\/indtesa-electronica.com\/wp-content\/uploads\/2024\/09\/Informacion-tecnica-1024x538.png 1024w, https:\/\/indtesa-electronica.com\/wp-content\/uploads\/2024\/09\/Informacion-tecnica-768x403.png 768w, https:\/\/indtesa-electronica.com\/wp-content\/uploads\/2024\/09\/Informacion-tecnica-1536x806.png 1536w, https:\/\/indtesa-electronica.com\/wp-content\/uploads\/2024\/09\/Informacion-tecnica-18x9.png 18w, https:\/\/indtesa-electronica.com\/wp-content\/uploads\/2024\/09\/Informacion-tecnica-500x263.png 500w\" sizes=\"auto, (max-width: 1600px) 100vw, 1600px\" \/><\/p>","protected":false},"excerpt":{"rendered":"<p>La resina Conjure Rigid tiene una gran contracci\u00f3n del 0,2%~0,7%.<br \/>\nCuando se fabrican prototipos de piezas r\u00edgidas que deben resistir la flexi\u00f3n, se necesita resistencia qu\u00edmica y estabilidad dimensional bajo carga, que no pueden satisfacer las resinas est\u00e1ndar habituales.<\/p>","protected":false},"featured_media":16050,"template":"","meta":{"_gspb_post_css":""},"product_brand":[],"product_cat":[393],"product_tag":[],"class_list":{"0":"post-16049","1":"product","2":"type-product","3":"status-publish","4":"has-post-thumbnail","6":"product_cat-material-de-impresion","8":"first","9":"instock","10":"taxable","11":"shipping-taxable","12":"purchasable","13":"product-type-simple"},"ct_brands":[],"yoast_head":"<!-- This site is optimized with the Yoast SEO plugin v27.1.1 - https:\/\/yoast.com\/product\/yoast-seo-wordpress\/ -->\n<title>Resina Rigida, Color Negro, 1KG | IndTESA<\/title>\n<meta name=\"robots\" content=\"index, follow, max-snippet:-1, max-image-preview:large, max-video-preview:-1\" \/>\n<link rel=\"canonical\" href=\"https:\/\/indtesa-electronica.com\/en\/tienda-en-linea\/impresion-3d\/material-de-impresion\/resina-rigida-color-negro-1kg\/\" \/>\n<meta property=\"og:locale\" content=\"en_US\" \/>\n<meta property=\"og:type\" content=\"article\" \/>\n<meta property=\"og:title\" content=\"Resina Rigida, Color Negro, 1KG | IndTESA\" \/>\n<meta property=\"og:description\" content=\"La resina Conjure Rigid tiene una gran contracci\u00f3n del 0,2%~0,7%. Cuando se fabrican prototipos de piezas r\u00edgidas que deben resistir la flexi\u00f3n, se necesita resistencia qu\u00edmica y estabilidad dimensional bajo carga, que no pueden satisfacer las resinas est\u00e1ndar habituales.\" \/>\n<meta property=\"og:url\" content=\"https:\/\/indtesa-electronica.com\/en\/tienda-en-linea\/impresion-3d\/material-de-impresion\/resina-rigida-color-negro-1kg\/\" \/>\n<meta property=\"og:site_name\" content=\"IndTESA\" \/>\n<meta property=\"article:modified_time\" content=\"2025-03-01T01:59:07+00:00\" \/>\n<meta property=\"og:image\" content=\"https:\/\/indtesa-electronica.com\/wp-content\/uploads\/2024\/09\/Resina-Rigida-Conjure.png\" \/>\n\t<meta property=\"og:image:width\" content=\"440\" \/>\n\t<meta property=\"og:image:height\" content=\"440\" \/>\n\t<meta property=\"og:image:type\" content=\"image\/png\" \/>\n<meta name=\"twitter:card\" content=\"summary_large_image\" \/>\n<meta name=\"twitter:label1\" content=\"Est. reading time\" \/>\n\t<meta name=\"twitter:data1\" content=\"2 minutes\" \/>\n<script type=\"application\/ld+json\" class=\"yoast-schema-graph\">{\"@context\":\"https:\/\/schema.org\",\"@graph\":[{\"@type\":\"WebPage\",\"@id\":\"https:\/\/indtesa-electronica.com\/tienda-en-linea\/impresion-3d\/material-de-impresion\/resina-rigida-color-negro-1kg\/\",\"url\":\"https:\/\/indtesa-electronica.com\/tienda-en-linea\/impresion-3d\/material-de-impresion\/resina-rigida-color-negro-1kg\/\",\"name\":\"Resina Rigida, Color Negro, 1KG | IndTESA\",\"isPartOf\":{\"@id\":\"https:\/\/indtesa-electronica.com\/#website\"},\"primaryImageOfPage\":{\"@id\":\"https:\/\/indtesa-electronica.com\/tienda-en-linea\/impresion-3d\/material-de-impresion\/resina-rigida-color-negro-1kg\/#primaryimage\"},\"image\":{\"@id\":\"https:\/\/indtesa-electronica.com\/tienda-en-linea\/impresion-3d\/material-de-impresion\/resina-rigida-color-negro-1kg\/#primaryimage\"},\"thumbnailUrl\":\"https:\/\/indtesa-electronica.com\/wp-content\/uploads\/2024\/09\/Resina-Rigida-Conjure.png\",\"datePublished\":\"2024-09-12T23:27:05+00:00\",\"dateModified\":\"2025-03-01T01:59:07+00:00\",\"breadcrumb\":{\"@id\":\"https:\/\/indtesa-electronica.com\/tienda-en-linea\/impresion-3d\/material-de-impresion\/resina-rigida-color-negro-1kg\/#breadcrumb\"},\"inLanguage\":\"en-US\",\"potentialAction\":[{\"@type\":\"ReadAction\",\"target\":[\"https:\/\/indtesa-electronica.com\/tienda-en-linea\/impresion-3d\/material-de-impresion\/resina-rigida-color-negro-1kg\/\"]}]},{\"@type\":\"ImageObject\",\"inLanguage\":\"en-US\",\"@id\":\"https:\/\/indtesa-electronica.com\/tienda-en-linea\/impresion-3d\/material-de-impresion\/resina-rigida-color-negro-1kg\/#primaryimage\",\"url\":\"https:\/\/indtesa-electronica.com\/wp-content\/uploads\/2024\/09\/Resina-Rigida-Conjure.png\",\"contentUrl\":\"https:\/\/indtesa-electronica.com\/wp-content\/uploads\/2024\/09\/Resina-Rigida-Conjure.png\",\"width\":440,\"height\":440},{\"@type\":\"BreadcrumbList\",\"@id\":\"https:\/\/indtesa-electronica.com\/tienda-en-linea\/impresion-3d\/material-de-impresion\/resina-rigida-color-negro-1kg\/#breadcrumb\",\"itemListElement\":[{\"@type\":\"ListItem\",\"position\":1,\"name\":\"Inicio\",\"item\":\"https:\/\/indtesa-electronica.com\/\"},{\"@type\":\"ListItem\",\"position\":2,\"name\":\"Tienda en linea\",\"item\":\"https:\/\/indtesa-electronica.com\/tienda-en-linea\/\"},{\"@type\":\"ListItem\",\"position\":3,\"name\":\"Resina Rigida, Color Negro, 1KG\"}]},{\"@type\":\"WebSite\",\"@id\":\"https:\/\/indtesa-electronica.com\/#website\",\"url\":\"https:\/\/indtesa-electronica.com\/\",\"name\":\"Electronica - IndTESA\",\"description\":\"\",\"publisher\":{\"@id\":\"https:\/\/indtesa-electronica.com\/#organization\"},\"potentialAction\":[{\"@type\":\"SearchAction\",\"target\":{\"@type\":\"EntryPoint\",\"urlTemplate\":\"https:\/\/indtesa-electronica.com\/?s={search_term_string}\"},\"query-input\":{\"@type\":\"PropertyValueSpecification\",\"valueRequired\":true,\"valueName\":\"search_term_string\"}}],\"inLanguage\":\"en-US\"},{\"@type\":\"Organization\",\"@id\":\"https:\/\/indtesa-electronica.com\/#organization\",\"name\":\"Industrial TESA S.A.S. de C.V.\",\"url\":\"https:\/\/indtesa-electronica.com\/\",\"logo\":{\"@type\":\"ImageObject\",\"inLanguage\":\"en-US\",\"@id\":\"https:\/\/indtesa-electronica.com\/#\/schema\/logo\/image\/\",\"url\":\"\",\"contentUrl\":\"\",\"caption\":\"Industrial TESA S.A.S. de C.V.\"},\"image\":{\"@id\":\"https:\/\/indtesa-electronica.com\/#\/schema\/logo\/image\/\"}}]}<\/script>\n<!-- \/ Yoast SEO plugin. -->","yoast_head_json":{"title":"Resina Rigida, Color Negro, 1KG | IndTESA","robots":{"index":"index","follow":"follow","max-snippet":"max-snippet:-1","max-image-preview":"max-image-preview:large","max-video-preview":"max-video-preview:-1"},"canonical":"https:\/\/indtesa-electronica.com\/en\/tienda-en-linea\/impresion-3d\/material-de-impresion\/resina-rigida-color-negro-1kg\/","og_locale":"en_US","og_type":"article","og_title":"Resina Rigida, Color Negro, 1KG | IndTESA","og_description":"La resina Conjure Rigid tiene una gran contracci\u00f3n del 0,2%~0,7%. Cuando se fabrican prototipos de piezas r\u00edgidas que deben resistir la flexi\u00f3n, se necesita resistencia qu\u00edmica y estabilidad dimensional bajo carga, que no pueden satisfacer las resinas est\u00e1ndar habituales.","og_url":"https:\/\/indtesa-electronica.com\/en\/tienda-en-linea\/impresion-3d\/material-de-impresion\/resina-rigida-color-negro-1kg\/","og_site_name":"IndTESA","article_modified_time":"2025-03-01T01:59:07+00:00","og_image":[{"width":440,"height":440,"url":"https:\/\/indtesa-electronica.com\/wp-content\/uploads\/2024\/09\/Resina-Rigida-Conjure.png","type":"image\/png"}],"twitter_card":"summary_large_image","twitter_misc":{"Est. reading time":"2 minutes"},"schema":{"@context":"https:\/\/schema.org","@graph":[{"@type":"WebPage","@id":"https:\/\/indtesa-electronica.com\/tienda-en-linea\/impresion-3d\/material-de-impresion\/resina-rigida-color-negro-1kg\/","url":"https:\/\/indtesa-electronica.com\/tienda-en-linea\/impresion-3d\/material-de-impresion\/resina-rigida-color-negro-1kg\/","name":"Resina Rigida, Color Negro, 1KG | IndTESA","isPartOf":{"@id":"https:\/\/indtesa-electronica.com\/#website"},"primaryImageOfPage":{"@id":"https:\/\/indtesa-electronica.com\/tienda-en-linea\/impresion-3d\/material-de-impresion\/resina-rigida-color-negro-1kg\/#primaryimage"},"image":{"@id":"https:\/\/indtesa-electronica.com\/tienda-en-linea\/impresion-3d\/material-de-impresion\/resina-rigida-color-negro-1kg\/#primaryimage"},"thumbnailUrl":"https:\/\/indtesa-electronica.com\/wp-content\/uploads\/2024\/09\/Resina-Rigida-Conjure.png","datePublished":"2024-09-12T23:27:05+00:00","dateModified":"2025-03-01T01:59:07+00:00","breadcrumb":{"@id":"https:\/\/indtesa-electronica.com\/tienda-en-linea\/impresion-3d\/material-de-impresion\/resina-rigida-color-negro-1kg\/#breadcrumb"},"inLanguage":"en-US","potentialAction":[{"@type":"ReadAction","target":["https:\/\/indtesa-electronica.com\/tienda-en-linea\/impresion-3d\/material-de-impresion\/resina-rigida-color-negro-1kg\/"]}]},{"@type":"ImageObject","inLanguage":"en-US","@id":"https:\/\/indtesa-electronica.com\/tienda-en-linea\/impresion-3d\/material-de-impresion\/resina-rigida-color-negro-1kg\/#primaryimage","url":"https:\/\/indtesa-electronica.com\/wp-content\/uploads\/2024\/09\/Resina-Rigida-Conjure.png","contentUrl":"https:\/\/indtesa-electronica.com\/wp-content\/uploads\/2024\/09\/Resina-Rigida-Conjure.png","width":440,"height":440},{"@type":"BreadcrumbList","@id":"https:\/\/indtesa-electronica.com\/tienda-en-linea\/impresion-3d\/material-de-impresion\/resina-rigida-color-negro-1kg\/#breadcrumb","itemListElement":[{"@type":"ListItem","position":1,"name":"Inicio","item":"https:\/\/indtesa-electronica.com\/"},{"@type":"ListItem","position":2,"name":"Tienda en linea","item":"https:\/\/indtesa-electronica.com\/tienda-en-linea\/"},{"@type":"ListItem","position":3,"name":"Resina Rigida, Color Negro, 1KG"}]},{"@type":"WebSite","@id":"https:\/\/indtesa-electronica.com\/#website","url":"https:\/\/indtesa-electronica.com\/","name":"Electronica - IndTESA","description":"","publisher":{"@id":"https:\/\/indtesa-electronica.com\/#organization"},"potentialAction":[{"@type":"SearchAction","target":{"@type":"EntryPoint","urlTemplate":"https:\/\/indtesa-electronica.com\/?s={search_term_string}"},"query-input":{"@type":"PropertyValueSpecification","valueRequired":true,"valueName":"search_term_string"}}],"inLanguage":"en-US"},{"@type":"Organization","@id":"https:\/\/indtesa-electronica.com\/#organization","name":"Industrial TESA S.A.S. de C.V.","url":"https:\/\/indtesa-electronica.com\/","logo":{"@type":"ImageObject","inLanguage":"en-US","@id":"https:\/\/indtesa-electronica.com\/#\/schema\/logo\/image\/","url":"","contentUrl":"","caption":"Industrial TESA S.A.S. de C.V."},"image":{"@id":"https:\/\/indtesa-electronica.com\/#\/schema\/logo\/image\/"}}]}},"jetpack_sharing_enabled":true,"tiered_pricing_type":"fixed","tiered_pricing_fixed_rules":[],"tiered_pricing_product_settings":{"layout":"default","base_unit_name":{"singular":null,"plural":null},"default_variation":null},"tiered_pricing_minimum_quantity":null,"tiered_pricing_roles_data":[],"tiered_pricing_percentage_rules":[],"_links":{"self":[{"href":"https:\/\/indtesa-electronica.com\/en\/wp-json\/wp\/v2\/product\/16049","targetHints":{"allow":["GET"]}}],"collection":[{"href":"https:\/\/indtesa-electronica.com\/en\/wp-json\/wp\/v2\/product"}],"about":[{"href":"https:\/\/indtesa-electronica.com\/en\/wp-json\/wp\/v2\/types\/product"}],"wp:featuredmedia":[{"embeddable":true,"href":"https:\/\/indtesa-electronica.com\/en\/wp-json\/wp\/v2\/media\/16050"}],"wp:attachment":[{"href":"https:\/\/indtesa-electronica.com\/en\/wp-json\/wp\/v2\/media?parent=16049"}],"wp:term":[{"taxonomy":"product_brand","embeddable":true,"href":"https:\/\/indtesa-electronica.com\/en\/wp-json\/wp\/v2\/product_brand?post=16049"},{"taxonomy":"product_cat","embeddable":true,"href":"https:\/\/indtesa-electronica.com\/en\/wp-json\/wp\/v2\/product_cat?post=16049"},{"taxonomy":"product_tag","embeddable":true,"href":"https:\/\/indtesa-electronica.com\/en\/wp-json\/wp\/v2\/product_tag?post=16049"}],"curies":[{"name":"wp","href":"https:\/\/api.w.org\/{rel}","templated":true}]}}