{"id":16095,"date":"2024-10-01T00:23:42","date_gmt":"2024-10-01T00:23:42","guid":{"rendered":"https:\/\/indtesa-electronica.com\/?post_type=product&#038;p=16095"},"modified":"2025-04-04T00:39:13","modified_gmt":"2025-04-04T00:39:13","slug":"pantalla-nextion-modelo-nx1060p101","status":"publish","type":"product","link":"https:\/\/indtesa-electronica.com\/en\/tienda-en-linea\/proyectos-de-electronica\/placas-de-desarrollo\/pantalla-nextion-modelo-nx1060p101\/","title":{"rendered":"Pantalla Nextion, Modelo NX1060P101"},"content":{"rendered":"<p>La Serie Inteligente ofrece un hardware m\u00e1s potente que las Series B\u00e1sica y Mejorada, con mayor MCU, Flash y SRAM. Adem\u00e1s, incluye reproducci\u00f3n de audio, v\u00eddeo y animaciones, y soporta funciones avanzadas como componentes transparentes y efectos de carga de p\u00e1gina.<\/p>\n<h3 style=\"text-align: center;\"><strong>Especificaciones de la Pantalla NEXTION NX1060P101<\/strong><\/h3>\n<p>Especificaciones<\/p>\n<table>\n<tbody>\n<tr>\n<th style=\"background-color: #f3f3f3;\"><\/th>\n<th style=\"background-color: #f3f3f3;\"><span style=\"font-weight: 600;\">Datos<\/span><\/th>\n<th style=\"background-color: #f3f3f3;\"><span style=\"font-weight: 600;\">Descripci\u00f3n<\/span><\/th>\n<\/tr>\n<tr>\n<td>Color<\/td>\n<td>IPS 65K 65536 colores<\/td>\n<td>16 bit 565, 5R-6G-5B<\/td>\n<\/tr>\n<tr>\n<td>Tama\u00f1o<\/td>\n<td>258mm(L)\u00d7152mm(W)\u00d711.5mm(H)<\/td>\n<td><\/td>\n<\/tr>\n<tr>\n<td>Area Visual<\/td>\n<td>235.00mm(L)\u00d7143.00mm(W)<\/td>\n<td><\/td>\n<\/tr>\n<tr>\n<td>Area Activa<\/td>\n<td>222.72mm(L)\u00d7125.28mm(W)<\/td>\n<td><\/td>\n<\/tr>\n<tr>\n<td>Resoluci\u00f3n<\/td>\n<td>1024\u00d7600 pixel<\/td>\n<td>Tambi\u00e9n se puede configurar como 600\u00d71024<\/td>\n<\/tr>\n<tr>\n<td>Tipo de Touch<\/td>\n<td>Capacitivo (NX1060P101-011C-I) \u00f3<\/p>\n<p>Resistivo (NX1060P101-011R-I)<\/td>\n<td><\/td>\n<\/tr>\n<tr>\n<td>Touches<\/td>\n<td>&gt; 1 mill\u00f3n<\/td>\n<td><\/td>\n<\/tr>\n<tr>\n<td>Retroiluminaci\u00f3n<\/td>\n<td>LED<\/td>\n<td><\/td>\n<\/tr>\n<tr>\n<td>Vida \u00fatil de la retroiluminaci\u00f3n (media)<\/td>\n<td>&gt;30,000 Horas<\/td>\n<td><\/td>\n<\/tr>\n<tr>\n<td>Brillo<\/td>\n<td>300nit<\/td>\n<td>0% a 100%, el intervalo de ajuste es del 1%.<\/td>\n<\/tr>\n<tr>\n<td>Peso<\/td>\n<td>535 gramos<\/td>\n<td><\/td>\n<\/tr>\n<\/tbody>\n<\/table>\n<p>&nbsp;<\/p>\n<p>Caracteristicas Electronicas<\/p>\n<table>\n<tbody>\n<tr>\n<th style=\"background-color: #f3f3f3;\"><\/th>\n<th style=\"background-color: #f3f3f3;\">Condiciones de Prueba<\/th>\n<th style=\"background-color: #f3f3f3;\">Min<\/th>\n<th style=\"background-color: #f3f3f3;\">Tipicas<\/th>\n<th style=\"background-color: #f3f3f3;\">Max<\/th>\n<th style=\"background-color: #f3f3f3;\">Unidad<\/th>\n<\/tr>\n<tr>\n<td>Voltaje de Funcionamiento<\/td>\n<td><\/td>\n<td>4.75<\/td>\n<td>5<\/td>\n<td>6.5<\/td>\n<td>V<\/td>\n<\/tr>\n<tr>\n<td rowspan=\"2\">Corriente de Funcionamiento<\/td>\n<td>VCC=+5V, Brillo al 100%<\/td>\n<td>&#8211;<\/td>\n<td>800<\/td>\n<td>&#8211;<\/td>\n<td>mA<\/td>\n<\/tr>\n<tr>\n<td>Modo SLEEP<\/td>\n<td>&#8211;<\/td>\n<td>170<\/td>\n<td>&#8211;<\/td>\n<td>mA<\/td>\n<\/tr>\n<tr>\n<td colspan=\"6\">Alimentaci\u00f3n recomendada\uff1a5V, 2.0A, DC<\/td>\n<\/tr>\n<\/tbody>\n<\/table>\n<p>&nbsp;<\/p>\n<p>Entorno de trabajo y par\u00e1metros de fiabilidad<\/p>\n<table>\n<tbody>\n<tr>\n<th style=\"background-color: #f3f3f3;\"><span style=\"font-weight: 400;\">\u00a0<\/span><\/th>\n<th style=\"background-color: #f3f3f3;\"><span style=\"font-weight: 400;\">Condiciones de Prueba<\/span><\/th>\n<th style=\"background-color: #f3f3f3;\"><span style=\"font-weight: 400;\">Min<\/span><\/th>\n<th style=\"background-color: #f3f3f3;\"><span style=\"font-weight: 400;\">Tipicas<\/span><\/th>\n<th style=\"background-color: #f3f3f3;\"><span style=\"font-weight: 400;\">Max<\/span><\/th>\n<th style=\"background-color: #f3f3f3;\"><span style=\"font-weight: 400;\">Unidad<\/span><\/th>\n<\/tr>\n<tr>\n<td>Temperatura de trabajo<\/td>\n<td>5V, Humedad 60%<\/td>\n<td>-20<\/td>\n<td>25<\/td>\n<td>70<\/td>\n<td>\u00b0C<\/td>\n<\/tr>\n<tr>\n<td>Temperatura de almacenamiento<\/td>\n<td><\/td>\n<td>-30<\/td>\n<td>25<\/td>\n<td>85<\/td>\n<td>\u00b0C<\/td>\n<\/tr>\n<tr>\n<td>Humedad de trabajo<\/td>\n<td>25\u00b0C<\/td>\n<td>10%<\/td>\n<td>60%<\/td>\n<td>90%<\/td>\n<td>RH<\/td>\n<\/tr>\n<\/tbody>\n<\/table>\n<p>&nbsp;<\/p>\n<p>Rendimiento de interfaces<\/p>\n<table>\n<tbody>\n<tr>\n<th style=\"background-color: #f3f3f3;\"><span style=\"font-weight: 400;\">\u00a0<\/span><\/th>\n<th style=\"background-color: #f3f3f3;\"><span style=\"font-weight: 400;\">Condiciones de Prueba<\/span><\/th>\n<th style=\"background-color: #f3f3f3;\"><span style=\"font-weight: 400;\">Min<\/span><\/th>\n<th style=\"background-color: #f3f3f3;\"><span style=\"font-weight: 400;\">Tipicas<\/span><\/th>\n<th style=\"background-color: #f3f3f3;\"><span style=\"font-weight: 400;\">Max<\/span><\/th>\n<th style=\"background-color: #f3f3f3;\"><span style=\"font-weight: 400;\">Unidad<\/span><\/th>\n<\/tr>\n<tr>\n<td>Velocidad de transmisi\u00f3n del puerto serie<\/td>\n<td>Est\u00e1ndar<\/td>\n<td>2400<\/td>\n<td>9600<\/td>\n<td>921600<\/td>\n<td>bps<\/td>\n<\/tr>\n<tr>\n<td>Salida de alta tensi\u00f3n (TXD)<\/td>\n<td>IOH=1mA<\/td>\n<td>3.0<\/td>\n<td>5.0<\/td>\n<td>Vin<\/td>\n<td>V<\/td>\n<\/tr>\n<tr>\n<td>Salida baja tensi\u00f3n (TXD)<\/td>\n<td>IOL=-1mA<\/td>\n<td><\/td>\n<td>0.1<\/td>\n<td>0.2<\/td>\n<td>V<\/td>\n<\/tr>\n<tr>\n<td>Entrada de alta tensi\u00f3n (RXD)<\/td>\n<td><\/td>\n<td>3.0<\/td>\n<td>5.0<\/td>\n<td>Vin<\/td>\n<td>V<\/td>\n<\/tr>\n<tr>\n<td>Entrada de baja tensi\u00f3n (RXD)<\/td>\n<td><\/td>\n<td>-0.7<\/td>\n<td>0.0<\/td>\n<td>1.3<\/td>\n<td>V<\/td>\n<\/tr>\n<tr>\n<td>Modo puerto serie<\/td>\n<td colspan=\"5\">3,3V\/5,0V TTL<\/td>\n<\/tr>\n<tr>\n<td>Puerto Serie<\/td>\n<td colspan=\"5\">4Pin_2.54mm<\/td>\n<\/tr>\n<tr>\n<td>Interfaz USB<\/td>\n<td colspan=\"5\">NO<\/td>\n<\/tr>\n<tr>\n<td>Conexi\u00f3n para tarjeta SD<\/td>\n<td colspan=\"5\">S\u00ed (formato FAT32), soporta tarjeta Micro SD de 32G como m\u00e1ximo<br \/>\n* Presencia de archivo *.tft en microSD: el z\u00f3calo es exclusivo para actualizar el firmware Nextion \/ dise\u00f1o HMI<br \/>\n* S\u00f3lo Serie Inteligente: ver Manual de Instrucciones \/ Gu\u00eda del Editor para el uso de la tarjeta microSD<\/td>\n<\/tr>\n<tr>\n<td rowspan=\"3\">IO ampliada<\/td>\n<td colspan=\"5\">8 GPIO digitales ampliados<\/td>\n<\/tr>\n<tr>\n<td colspan=\"5\">IO0-IO7 soportan entrada, salida y evento de uni\u00f3n de componentes<br \/>\n* Los pines \/ puertos IO no son exclusivos, se recomienda limitar el consumo de corriente a 1mA<\/td>\n<\/tr>\n<tr>\n<td colspan=\"5\">IO6-IO7 soportan PWM<\/td>\n<\/tr>\n<tr>\n<td>RTC<\/td>\n<td colspan=\"5\">Soporte RTC integrado (tipo de pila: CR1220)<\/td>\n<\/tr>\n<\/tbody>\n<\/table>\n<p>Vin: tensi\u00f3n de entrada de la fuente de alimentaci\u00f3n<\/p>\n<p>&nbsp;<\/p>\n<p>Funciones de memoria<\/p>\n<table>\n<tbody>\n<tr>\n<th style=\"background-color: #f3f3f3;\"><span style=\"font-weight: 400;\"> Tipo de memoria\u00a0<\/span><\/th>\n<th style=\"background-color: #f3f3f3;\"><span style=\"font-weight: 400;\">Condiciones de Prueba<\/span><\/th>\n<th style=\"background-color: #f3f3f3;\"><span style=\"font-weight: 400;\">Min<\/span><\/th>\n<th style=\"background-color: #f3f3f3;\"><span style=\"font-weight: 400;\">Tipicas<\/span><\/th>\n<th style=\"background-color: #f3f3f3;\"><span style=\"font-weight: 400;\">Max<\/span><\/th>\n<th style=\"background-color: #f3f3f3;\"><span style=\"font-weight: 400;\">Unidad<\/span><\/th>\n<\/tr>\n<tr>\n<td>Memoria FLASH<\/td>\n<td>Almacenar fuentes e im\u00e1genes<\/td>\n<td><\/td>\n<td><\/td>\n<td>120<\/td>\n<td>MB<\/td>\n<\/tr>\n<tr>\n<td>Almacenamiento del usuario<\/td>\n<td>EEPROM<\/td>\n<td><\/td>\n<td><\/td>\n<td>1024<\/td>\n<td>BYTE<\/td>\n<\/tr>\n<tr>\n<td>Memoria RAM<\/td>\n<td>Almacenar variables<\/td>\n<td><\/td>\n<td><\/td>\n<td>512<\/td>\n<td>KB<\/td>\n<\/tr>\n<tr>\n<td>Buffer de instrucciones<\/td>\n<td>Buffer de instrucciones<\/td>\n<td><\/td>\n<td><\/td>\n<td>4096<\/td>\n<td>BYTE<\/td>\n<\/tr>\n<\/tbody>\n<\/table>\n<p>&nbsp;<\/p>\n<p>Caracteristicas Electronicas<\/p>\n<table>\n<tbody>\n<tr>\n<th style=\"background-color: #f3f3f3;\">Altavoz<\/th>\n<th style=\"background-color: #f3f3f3;\">Par\u00e1metro<\/th>\n<th style=\"background-color: #f3f3f3;\">Min<\/th>\n<th style=\"background-color: #f3f3f3;\">Tipicas<\/th>\n<th style=\"background-color: #f3f3f3;\">Max<\/th>\n<th style=\"background-color: #f3f3f3;\">Unidad<\/th>\n<\/tr>\n<tr>\n<td>Potencia<\/td>\n<td>&#8211;<\/td>\n<td>0.5<\/td>\n<td>&#8211;<\/td>\n<td>1.5<\/td>\n<td>W<\/td>\n<\/tr>\n<tr>\n<td colspan=\"6\">Tipo de conector de audio\uff1a1,25T-2-2A (carcasa de 2 patillas con paso de 1,25 mm)<\/td>\n<\/tr>\n<\/tbody>\n<\/table>\n<p><img loading=\"lazy\" decoding=\"async\" class=\"alignnone wp-image-16102\" src=\"https:\/\/indtesa-electronica.com\/wp-content\/uploads\/2024\/10\/Pantalla-Nextion-Modelo-NX1060P101-300x163.webp\" alt=\"\" width=\"786\" height=\"427\" srcset=\"https:\/\/indtesa-electronica.com\/wp-content\/uploads\/2024\/10\/Pantalla-Nextion-Modelo-NX1060P101-300x163.webp 300w, https:\/\/indtesa-electronica.com\/wp-content\/uploads\/2024\/10\/Pantalla-Nextion-Modelo-NX1060P101-18x10.webp 18w, https:\/\/indtesa-electronica.com\/wp-content\/uploads\/2024\/10\/Pantalla-Nextion-Modelo-NX1060P101-500x272.webp 500w, https:\/\/indtesa-electronica.com\/wp-content\/uploads\/2024\/10\/Pantalla-Nextion-Modelo-NX1060P101-jpg.webp 1024w\" sizes=\"auto, (max-width: 786px) 100vw, 786px\" \/><\/p>","protected":false},"excerpt":{"rendered":"<p>Nextion es una soluci\u00f3n HMI que combina un procesador integrado y una pantalla t\u00e1ctil con el software Nextion Editor para el desarrollo de interfaces gr\u00e1ficas. Con Nextion Editor, puedes crear r\u00e1pidamente interfaces HMI arrastrando componentes (gr\u00e1ficos, texto, botones, etc.) y usando instrucciones en texto ASCII para definir la interacci\u00f3n entre ellos. La pantalla se conecta a la MCU v\u00eda TTL Serial (5V, TX, RX, GND), permitiendo que la MCU reciba eventos y actualice el estado en la pantalla mediante simples comandos ASCII.<\/p>","protected":false},"featured_media":16099,"template":"","meta":{"_gspb_post_css":""},"product_brand":[],"product_cat":[128],"product_tag":[],"class_list":{"0":"post-16095","1":"product","2":"type-product","3":"status-publish","4":"has-post-thumbnail","6":"product_cat-placas-de-desarrollo","8":"first","9":"onbackorder","10":"taxable","11":"shipping-taxable","12":"product-type-variable"},"ct_brands":[],"yoast_head":"<!-- This site is optimized with the Yoast SEO plugin v27.1.1 - https:\/\/yoast.com\/product\/yoast-seo-wordpress\/ -->\n<title>Pantalla Nextion, Modelo NX1060P101 | IndTESA<\/title>\n<meta name=\"robots\" content=\"index, follow, max-snippet:-1, max-image-preview:large, max-video-preview:-1\" \/>\n<link rel=\"canonical\" href=\"https:\/\/indtesa-electronica.com\/en\/tienda-en-linea\/proyectos-de-electronica\/placas-de-desarrollo\/pantalla-nextion-modelo-nx1060p101\/\" \/>\n<meta property=\"og:locale\" content=\"en_US\" \/>\n<meta property=\"og:type\" content=\"article\" \/>\n<meta property=\"og:title\" content=\"Pantalla Nextion, Modelo NX1060P101 | IndTESA\" \/>\n<meta property=\"og:description\" content=\"Nextion es una soluci\u00f3n HMI que combina un procesador integrado y una pantalla t\u00e1ctil con el software Nextion Editor para el desarrollo de interfaces gr\u00e1ficas. Con Nextion Editor, puedes crear r\u00e1pidamente interfaces HMI arrastrando componentes (gr\u00e1ficos, texto, botones, etc.) y usando instrucciones en texto ASCII para definir la interacci\u00f3n entre ellos. La pantalla se conecta a la MCU v\u00eda TTL Serial (5V, TX, RX, GND), permitiendo que la MCU reciba eventos y actualice el estado en la pantalla mediante simples comandos ASCII.\" \/>\n<meta property=\"og:url\" content=\"https:\/\/indtesa-electronica.com\/en\/tienda-en-linea\/proyectos-de-electronica\/placas-de-desarrollo\/pantalla-nextion-modelo-nx1060p101\/\" \/>\n<meta property=\"og:site_name\" content=\"IndTESA\" \/>\n<meta property=\"article:modified_time\" content=\"2025-04-04T00:39:13+00:00\" \/>\n<meta property=\"og:image\" content=\"https:\/\/indtesa-electronica.com\/wp-content\/uploads\/2024\/09\/NX1060P101-011R-I-png.webp\" \/>\n\t<meta property=\"og:image:width\" content=\"650\" \/>\n\t<meta property=\"og:image:height\" content=\"650\" \/>\n\t<meta property=\"og:image:type\" content=\"image\/png\" \/>\n<meta name=\"twitter:card\" content=\"summary_large_image\" \/>\n<meta name=\"twitter:label1\" content=\"Est. reading time\" \/>\n\t<meta name=\"twitter:data1\" content=\"3 minutes\" \/>\n<script type=\"application\/ld+json\" class=\"yoast-schema-graph\">{\"@context\":\"https:\/\/schema.org\",\"@graph\":[{\"@type\":\"WebPage\",\"@id\":\"https:\/\/indtesa-electronica.com\/tienda-en-linea\/proyectos-de-electronica\/placas-de-desarrollo\/pantalla-nextion-modelo-nx1060p101\/\",\"url\":\"https:\/\/indtesa-electronica.com\/tienda-en-linea\/proyectos-de-electronica\/placas-de-desarrollo\/pantalla-nextion-modelo-nx1060p101\/\",\"name\":\"Pantalla Nextion, Modelo NX1060P101 | IndTESA\",\"isPartOf\":{\"@id\":\"https:\/\/indtesa-electronica.com\/#website\"},\"primaryImageOfPage\":{\"@id\":\"https:\/\/indtesa-electronica.com\/tienda-en-linea\/proyectos-de-electronica\/placas-de-desarrollo\/pantalla-nextion-modelo-nx1060p101\/#primaryimage\"},\"image\":{\"@id\":\"https:\/\/indtesa-electronica.com\/tienda-en-linea\/proyectos-de-electronica\/placas-de-desarrollo\/pantalla-nextion-modelo-nx1060p101\/#primaryimage\"},\"thumbnailUrl\":\"https:\/\/indtesa-electronica.com\/wp-content\/uploads\/2024\/09\/NX1060P101-011R-I-png.webp\",\"datePublished\":\"2024-10-01T00:23:42+00:00\",\"dateModified\":\"2025-04-04T00:39:13+00:00\",\"breadcrumb\":{\"@id\":\"https:\/\/indtesa-electronica.com\/tienda-en-linea\/proyectos-de-electronica\/placas-de-desarrollo\/pantalla-nextion-modelo-nx1060p101\/#breadcrumb\"},\"inLanguage\":\"en-US\",\"potentialAction\":[{\"@type\":\"ReadAction\",\"target\":[\"https:\/\/indtesa-electronica.com\/tienda-en-linea\/proyectos-de-electronica\/placas-de-desarrollo\/pantalla-nextion-modelo-nx1060p101\/\"]}]},{\"@type\":\"ImageObject\",\"inLanguage\":\"en-US\",\"@id\":\"https:\/\/indtesa-electronica.com\/tienda-en-linea\/proyectos-de-electronica\/placas-de-desarrollo\/pantalla-nextion-modelo-nx1060p101\/#primaryimage\",\"url\":\"https:\/\/indtesa-electronica.com\/wp-content\/uploads\/2024\/09\/NX1060P101-011R-I-png.webp\",\"contentUrl\":\"https:\/\/indtesa-electronica.com\/wp-content\/uploads\/2024\/09\/NX1060P101-011R-I-png.webp\",\"width\":650,\"height\":650},{\"@type\":\"BreadcrumbList\",\"@id\":\"https:\/\/indtesa-electronica.com\/tienda-en-linea\/proyectos-de-electronica\/placas-de-desarrollo\/pantalla-nextion-modelo-nx1060p101\/#breadcrumb\",\"itemListElement\":[{\"@type\":\"ListItem\",\"position\":1,\"name\":\"Inicio\",\"item\":\"https:\/\/indtesa-electronica.com\/\"},{\"@type\":\"ListItem\",\"position\":2,\"name\":\"Tienda en linea\",\"item\":\"https:\/\/indtesa-electronica.com\/tienda-en-linea\/\"},{\"@type\":\"ListItem\",\"position\":3,\"name\":\"Pantalla Nextion, Modelo NX1060P101\"}]},{\"@type\":\"WebSite\",\"@id\":\"https:\/\/indtesa-electronica.com\/#website\",\"url\":\"https:\/\/indtesa-electronica.com\/\",\"name\":\"Electronica - IndTESA\",\"description\":\"\",\"publisher\":{\"@id\":\"https:\/\/indtesa-electronica.com\/#organization\"},\"potentialAction\":[{\"@type\":\"SearchAction\",\"target\":{\"@type\":\"EntryPoint\",\"urlTemplate\":\"https:\/\/indtesa-electronica.com\/?s={search_term_string}\"},\"query-input\":{\"@type\":\"PropertyValueSpecification\",\"valueRequired\":true,\"valueName\":\"search_term_string\"}}],\"inLanguage\":\"en-US\"},{\"@type\":\"Organization\",\"@id\":\"https:\/\/indtesa-electronica.com\/#organization\",\"name\":\"Industrial TESA S.A.S. de C.V.\",\"url\":\"https:\/\/indtesa-electronica.com\/\",\"logo\":{\"@type\":\"ImageObject\",\"inLanguage\":\"en-US\",\"@id\":\"https:\/\/indtesa-electronica.com\/#\/schema\/logo\/image\/\",\"url\":\"\",\"contentUrl\":\"\",\"caption\":\"Industrial TESA S.A.S. de C.V.\"},\"image\":{\"@id\":\"https:\/\/indtesa-electronica.com\/#\/schema\/logo\/image\/\"}}]}<\/script>\n<!-- \/ Yoast SEO plugin. -->","yoast_head_json":{"title":"Pantalla Nextion, Modelo NX1060P101 | IndTESA","robots":{"index":"index","follow":"follow","max-snippet":"max-snippet:-1","max-image-preview":"max-image-preview:large","max-video-preview":"max-video-preview:-1"},"canonical":"https:\/\/indtesa-electronica.com\/en\/tienda-en-linea\/proyectos-de-electronica\/placas-de-desarrollo\/pantalla-nextion-modelo-nx1060p101\/","og_locale":"en_US","og_type":"article","og_title":"Pantalla Nextion, Modelo NX1060P101 | IndTESA","og_description":"Nextion es una soluci\u00f3n HMI que combina un procesador integrado y una pantalla t\u00e1ctil con el software Nextion Editor para el desarrollo de interfaces gr\u00e1ficas. Con Nextion Editor, puedes crear r\u00e1pidamente interfaces HMI arrastrando componentes (gr\u00e1ficos, texto, botones, etc.) y usando instrucciones en texto ASCII para definir la interacci\u00f3n entre ellos. La pantalla se conecta a la MCU v\u00eda TTL Serial (5V, TX, RX, GND), permitiendo que la MCU reciba eventos y actualice el estado en la pantalla mediante simples comandos ASCII.","og_url":"https:\/\/indtesa-electronica.com\/en\/tienda-en-linea\/proyectos-de-electronica\/placas-de-desarrollo\/pantalla-nextion-modelo-nx1060p101\/","og_site_name":"IndTESA","article_modified_time":"2025-04-04T00:39:13+00:00","og_image":[{"width":650,"height":650,"url":"https:\/\/indtesa-electronica.com\/wp-content\/uploads\/2024\/09\/NX1060P101-011R-I-png.webp","type":"image\/png"}],"twitter_card":"summary_large_image","twitter_misc":{"Est. reading time":"3 minutes"},"schema":{"@context":"https:\/\/schema.org","@graph":[{"@type":"WebPage","@id":"https:\/\/indtesa-electronica.com\/tienda-en-linea\/proyectos-de-electronica\/placas-de-desarrollo\/pantalla-nextion-modelo-nx1060p101\/","url":"https:\/\/indtesa-electronica.com\/tienda-en-linea\/proyectos-de-electronica\/placas-de-desarrollo\/pantalla-nextion-modelo-nx1060p101\/","name":"Pantalla Nextion, Modelo NX1060P101 | IndTESA","isPartOf":{"@id":"https:\/\/indtesa-electronica.com\/#website"},"primaryImageOfPage":{"@id":"https:\/\/indtesa-electronica.com\/tienda-en-linea\/proyectos-de-electronica\/placas-de-desarrollo\/pantalla-nextion-modelo-nx1060p101\/#primaryimage"},"image":{"@id":"https:\/\/indtesa-electronica.com\/tienda-en-linea\/proyectos-de-electronica\/placas-de-desarrollo\/pantalla-nextion-modelo-nx1060p101\/#primaryimage"},"thumbnailUrl":"https:\/\/indtesa-electronica.com\/wp-content\/uploads\/2024\/09\/NX1060P101-011R-I-png.webp","datePublished":"2024-10-01T00:23:42+00:00","dateModified":"2025-04-04T00:39:13+00:00","breadcrumb":{"@id":"https:\/\/indtesa-electronica.com\/tienda-en-linea\/proyectos-de-electronica\/placas-de-desarrollo\/pantalla-nextion-modelo-nx1060p101\/#breadcrumb"},"inLanguage":"en-US","potentialAction":[{"@type":"ReadAction","target":["https:\/\/indtesa-electronica.com\/tienda-en-linea\/proyectos-de-electronica\/placas-de-desarrollo\/pantalla-nextion-modelo-nx1060p101\/"]}]},{"@type":"ImageObject","inLanguage":"en-US","@id":"https:\/\/indtesa-electronica.com\/tienda-en-linea\/proyectos-de-electronica\/placas-de-desarrollo\/pantalla-nextion-modelo-nx1060p101\/#primaryimage","url":"https:\/\/indtesa-electronica.com\/wp-content\/uploads\/2024\/09\/NX1060P101-011R-I-png.webp","contentUrl":"https:\/\/indtesa-electronica.com\/wp-content\/uploads\/2024\/09\/NX1060P101-011R-I-png.webp","width":650,"height":650},{"@type":"BreadcrumbList","@id":"https:\/\/indtesa-electronica.com\/tienda-en-linea\/proyectos-de-electronica\/placas-de-desarrollo\/pantalla-nextion-modelo-nx1060p101\/#breadcrumb","itemListElement":[{"@type":"ListItem","position":1,"name":"Inicio","item":"https:\/\/indtesa-electronica.com\/"},{"@type":"ListItem","position":2,"name":"Tienda en linea","item":"https:\/\/indtesa-electronica.com\/tienda-en-linea\/"},{"@type":"ListItem","position":3,"name":"Pantalla Nextion, Modelo NX1060P101"}]},{"@type":"WebSite","@id":"https:\/\/indtesa-electronica.com\/#website","url":"https:\/\/indtesa-electronica.com\/","name":"Electronica - IndTESA","description":"","publisher":{"@id":"https:\/\/indtesa-electronica.com\/#organization"},"potentialAction":[{"@type":"SearchAction","target":{"@type":"EntryPoint","urlTemplate":"https:\/\/indtesa-electronica.com\/?s={search_term_string}"},"query-input":{"@type":"PropertyValueSpecification","valueRequired":true,"valueName":"search_term_string"}}],"inLanguage":"en-US"},{"@type":"Organization","@id":"https:\/\/indtesa-electronica.com\/#organization","name":"Industrial TESA S.A.S. de C.V.","url":"https:\/\/indtesa-electronica.com\/","logo":{"@type":"ImageObject","inLanguage":"en-US","@id":"https:\/\/indtesa-electronica.com\/#\/schema\/logo\/image\/","url":"","contentUrl":"","caption":"Industrial TESA S.A.S. de C.V."},"image":{"@id":"https:\/\/indtesa-electronica.com\/#\/schema\/logo\/image\/"}}]}},"jetpack_sharing_enabled":true,"tiered_pricing_type":"fixed","tiered_pricing_fixed_rules":[],"tiered_pricing_product_settings":{"layout":"default","base_unit_name":{"singular":null,"plural":null},"default_variation":null},"tiered_pricing_minimum_quantity":null,"tiered_pricing_roles_data":[],"tiered_pricing_percentage_rules":[],"_links":{"self":[{"href":"https:\/\/indtesa-electronica.com\/en\/wp-json\/wp\/v2\/product\/16095","targetHints":{"allow":["GET"]}}],"collection":[{"href":"https:\/\/indtesa-electronica.com\/en\/wp-json\/wp\/v2\/product"}],"about":[{"href":"https:\/\/indtesa-electronica.com\/en\/wp-json\/wp\/v2\/types\/product"}],"wp:featuredmedia":[{"embeddable":true,"href":"https:\/\/indtesa-electronica.com\/en\/wp-json\/wp\/v2\/media\/16099"}],"wp:attachment":[{"href":"https:\/\/indtesa-electronica.com\/en\/wp-json\/wp\/v2\/media?parent=16095"}],"wp:term":[{"taxonomy":"product_brand","embeddable":true,"href":"https:\/\/indtesa-electronica.com\/en\/wp-json\/wp\/v2\/product_brand?post=16095"},{"taxonomy":"product_cat","embeddable":true,"href":"https:\/\/indtesa-electronica.com\/en\/wp-json\/wp\/v2\/product_cat?post=16095"},{"taxonomy":"product_tag","embeddable":true,"href":"https:\/\/indtesa-electronica.com\/en\/wp-json\/wp\/v2\/product_tag?post=16095"}],"curies":[{"name":"wp","href":"https:\/\/api.w.org\/{rel}","templated":true}]}}