{"id":16374,"date":"2024-11-16T21:04:47","date_gmt":"2024-11-16T21:04:47","guid":{"rendered":"https:\/\/indtesa-electronica.com\/?post_type=product&#038;p=16374"},"modified":"2025-11-20T20:09:29","modified_gmt":"2025-11-20T20:09:29","slug":"sensor-de-temperatura-y-humedad-lorawan-para-interiores-modelo-lht52-us915","status":"publish","type":"product","link":"https:\/\/indtesa-electronica.com\/en\/tienda-en-linea\/iot\/lorawan\/sensor-de-temperatura-y-humedad-lorawan-para-interiores-modelo-lht52-us915\/","title":{"rendered":"Sensor de Temperatura y Humedad LoRaWAN para Interiores, Modelo LHT52-US915"},"content":{"rendered":"<p>LHT52 detecta la temperatura y la humedad ambiental y env\u00eda estos valores a trav\u00e9s del protocolo LoRaWAN inal\u00e1mbrico de largo alcance. Est\u00e1 dirigido a aplicaciones profesionales de redes de sensores inal\u00e1mbricos, como servicios de alimentaci\u00f3n, medici\u00f3n inteligente, ciudades inteligentes, automatizaci\u00f3n de edificios, etc.<\/p>\n<p>LHT52 admite 2 pilas AAA y funciona durante mucho tiempo, hasta varios a\u00f1os. El uso puede reemplazar las bater\u00edas f\u00e1cilmente despu\u00e9s de que se terminen.<\/p>\n<p>LHT52 es totalmente compatible con el protocolo LoRaWAN v1.0.3, puede trabajar con pasarela LoRaWAN est\u00e1ndar.<\/p>\n<p>El LHT52 admite la funci\u00f3n de alarma de temperatura. Puede enviar una alarma en un intervalo corto cuando la temperatura excede los l\u00edmites preestablecidos.<\/p>\n<p><strong>Recursos:<\/strong><\/p>\n<p><a class=\"lm231\" href=\"https:\/\/indtesa-electronica.com\/wp-content\/uploads\/2024\/11\/Datasheet_LHT52_LoRaWAN_Temperature_Humidity_Sensor.pdf\">Hoja de Datos LHT52<\/a><\/p>\n<p><a class=\"lm231\" href=\"https:\/\/wiki.dragino.com\/xwiki\/bin\/view\/Main\/User%20Manual%20for%20LoRaWAN%20End%20Nodes\/LHT52%20-%20LoRaWAN%20Temperature%20%26%20Humidity%20Sensor%20User%20Manual\/\">Manual de Usuario LHT52<\/a><\/p>\n<p><strong>Caracter\u00edsticas<\/strong><\/p>\n<p>Fijable a la pared.<br \/>\nProtocolo LoRaWAN v1.0.3 Clase A.<br \/>\nSensor de temperatura y humedad incorporado<br \/>\nSonda externa opcional<br \/>\nBandas de frecuencia: CN470\/EU433\/KR920\/US915\/EU868\/AS923\/AU915<br \/>\nComandos AT para cambiar par\u00e1metros<br \/>\nConfiguraci\u00f3n remota de par\u00e1metros mediante enlace descendente LoRaWAN<br \/>\nFirmware actualizable a trav\u00e9s del puerto de programa<br \/>\nSoporta 2 pilas AAA LR03<br \/>\nFunci\u00f3n de registro de datos<br \/>\nClasificaci\u00f3n IP: IP52<\/p>\n<p><strong>Aplicaciones: <\/strong><\/p>\n<p>Edificios inteligentes y dom\u00f3tica<br \/>\nLog\u00edstica y gesti\u00f3n de la cadena de suministro<br \/>\nContadores inteligentes<br \/>\nAgricultura inteligente<br \/>\nCiudades inteligentes<br \/>\nF\u00e1brica inteligente<\/p>\n<p><strong>Especificaciones:<\/strong><\/p>\n<p>Sensor de temperatura incorporado:<\/p>\n<p>Resoluci\u00f3n: 0.01 \u00b0C<br \/>\nTolerancia de precisi\u00f3n: T\u00edpica \u00b10,3 \u00b0C<br \/>\nDeriva a largo plazo: &lt; 0,02 \u00b0C\/a\u00f1o<br \/>\nRango de funcionamiento: -20 ~ 50 \u00b0C<br \/>\nSensor de humedad incorporado:<\/p>\n<p>Resoluci\u00f3n 0,1 %HR<br \/>\nTolerancia de precisi\u00f3n: T\u00edpica \u00b13 %RH<br \/>\nDeriva a largo plazo: &lt; 0,25 HR\/a\u00f1o<br \/>\nRango de funcionamiento: 0 ~ 99,0 % HR (sin roc\u00edo)<\/p>","protected":false},"excerpt":{"rendered":"<p>El sensor de temperatura y humedad Dragino LHT52 es un sensor LoRaWAN de largo alcance. Incluye un sensor de temperatura y humedad integrado y un conector de sensor USB Type-C para conectarlo a sensores externos, como un sensor de temperatura externo.<\/p>","protected":false},"featured_media":16376,"template":"","meta":{"_gspb_post_css":""},"product_brand":[],"product_cat":[368],"product_tag":[],"class_list":{"0":"post-16374","1":"product","2":"type-product","3":"status-publish","4":"has-post-thumbnail","6":"product_cat-lorawan","8":"first","9":"instock","10":"taxable","11":"shipping-taxable","12":"purchasable","13":"product-type-simple"},"ct_brands":[],"yoast_head":"<!-- This site is optimized with the Yoast SEO plugin v27.1.1 - https:\/\/yoast.com\/product\/yoast-seo-wordpress\/ -->\n<title>Sensor de Temperatura y Humedad LoRaWAN para Interiores, Modelo LHT52-US915 | IndTESA<\/title>\n<meta name=\"robots\" content=\"index, follow, max-snippet:-1, max-image-preview:large, max-video-preview:-1\" \/>\n<link rel=\"canonical\" href=\"https:\/\/indtesa-electronica.com\/en\/tienda-en-linea\/iot\/lorawan\/sensor-de-temperatura-y-humedad-lorawan-para-interiores-modelo-lht52-us915\/\" \/>\n<meta property=\"og:locale\" content=\"en_US\" \/>\n<meta property=\"og:type\" content=\"article\" \/>\n<meta property=\"og:title\" content=\"Sensor de Temperatura y Humedad LoRaWAN para Interiores, Modelo LHT52-US915 | IndTESA\" \/>\n<meta property=\"og:description\" content=\"El sensor de temperatura y humedad Dragino LHT52 es un sensor LoRaWAN de largo alcance. Incluye un sensor de temperatura y humedad integrado y un conector de sensor USB Type-C para conectarlo a sensores externos, como un sensor de temperatura externo.\" \/>\n<meta property=\"og:url\" content=\"https:\/\/indtesa-electronica.com\/en\/tienda-en-linea\/iot\/lorawan\/sensor-de-temperatura-y-humedad-lorawan-para-interiores-modelo-lht52-us915\/\" \/>\n<meta property=\"og:site_name\" content=\"IndTESA\" \/>\n<meta property=\"article:modified_time\" content=\"2025-11-20T20:09:29+00:00\" \/>\n<meta property=\"og:image\" content=\"https:\/\/indtesa-electronica.com\/wp-content\/uploads\/2024\/11\/LHT52-US915-png.webp\" \/>\n\t<meta property=\"og:image:width\" content=\"600\" \/>\n\t<meta property=\"og:image:height\" content=\"600\" \/>\n\t<meta property=\"og:image:type\" content=\"image\/png\" \/>\n<meta name=\"twitter:card\" content=\"summary_large_image\" \/>\n<meta name=\"twitter:label1\" content=\"Est. reading time\" \/>\n\t<meta name=\"twitter:data1\" content=\"2 minutes\" \/>\n<script type=\"application\/ld+json\" class=\"yoast-schema-graph\">{\"@context\":\"https:\/\/schema.org\",\"@graph\":[{\"@type\":\"WebPage\",\"@id\":\"https:\/\/indtesa-electronica.com\/tienda-en-linea\/iot\/lorawan\/sensor-de-temperatura-y-humedad-lorawan-para-interiores-modelo-lht52-us915\/\",\"url\":\"https:\/\/indtesa-electronica.com\/tienda-en-linea\/iot\/lorawan\/sensor-de-temperatura-y-humedad-lorawan-para-interiores-modelo-lht52-us915\/\",\"name\":\"Sensor de Temperatura y Humedad LoRaWAN para Interiores, Modelo LHT52-US915 | IndTESA\",\"isPartOf\":{\"@id\":\"https:\/\/indtesa-electronica.com\/#website\"},\"primaryImageOfPage\":{\"@id\":\"https:\/\/indtesa-electronica.com\/tienda-en-linea\/iot\/lorawan\/sensor-de-temperatura-y-humedad-lorawan-para-interiores-modelo-lht52-us915\/#primaryimage\"},\"image\":{\"@id\":\"https:\/\/indtesa-electronica.com\/tienda-en-linea\/iot\/lorawan\/sensor-de-temperatura-y-humedad-lorawan-para-interiores-modelo-lht52-us915\/#primaryimage\"},\"thumbnailUrl\":\"https:\/\/indtesa-electronica.com\/wp-content\/uploads\/2024\/11\/LHT52-US915-png.webp\",\"datePublished\":\"2024-11-16T21:04:47+00:00\",\"dateModified\":\"2025-11-20T20:09:29+00:00\",\"breadcrumb\":{\"@id\":\"https:\/\/indtesa-electronica.com\/tienda-en-linea\/iot\/lorawan\/sensor-de-temperatura-y-humedad-lorawan-para-interiores-modelo-lht52-us915\/#breadcrumb\"},\"inLanguage\":\"en-US\",\"potentialAction\":[{\"@type\":\"ReadAction\",\"target\":[\"https:\/\/indtesa-electronica.com\/tienda-en-linea\/iot\/lorawan\/sensor-de-temperatura-y-humedad-lorawan-para-interiores-modelo-lht52-us915\/\"]}]},{\"@type\":\"ImageObject\",\"inLanguage\":\"en-US\",\"@id\":\"https:\/\/indtesa-electronica.com\/tienda-en-linea\/iot\/lorawan\/sensor-de-temperatura-y-humedad-lorawan-para-interiores-modelo-lht52-us915\/#primaryimage\",\"url\":\"https:\/\/indtesa-electronica.com\/wp-content\/uploads\/2024\/11\/LHT52-US915-png.webp\",\"contentUrl\":\"https:\/\/indtesa-electronica.com\/wp-content\/uploads\/2024\/11\/LHT52-US915-png.webp\",\"width\":600,\"height\":600},{\"@type\":\"BreadcrumbList\",\"@id\":\"https:\/\/indtesa-electronica.com\/tienda-en-linea\/iot\/lorawan\/sensor-de-temperatura-y-humedad-lorawan-para-interiores-modelo-lht52-us915\/#breadcrumb\",\"itemListElement\":[{\"@type\":\"ListItem\",\"position\":1,\"name\":\"Inicio\",\"item\":\"https:\/\/indtesa-electronica.com\/\"},{\"@type\":\"ListItem\",\"position\":2,\"name\":\"Tienda en linea\",\"item\":\"https:\/\/indtesa-electronica.com\/tienda-en-linea\/\"},{\"@type\":\"ListItem\",\"position\":3,\"name\":\"Sensor de Temperatura y Humedad LoRaWAN para Interiores, Modelo LHT52-US915\"}]},{\"@type\":\"WebSite\",\"@id\":\"https:\/\/indtesa-electronica.com\/#website\",\"url\":\"https:\/\/indtesa-electronica.com\/\",\"name\":\"Electronica - IndTESA\",\"description\":\"\",\"publisher\":{\"@id\":\"https:\/\/indtesa-electronica.com\/#organization\"},\"potentialAction\":[{\"@type\":\"SearchAction\",\"target\":{\"@type\":\"EntryPoint\",\"urlTemplate\":\"https:\/\/indtesa-electronica.com\/?s={search_term_string}\"},\"query-input\":{\"@type\":\"PropertyValueSpecification\",\"valueRequired\":true,\"valueName\":\"search_term_string\"}}],\"inLanguage\":\"en-US\"},{\"@type\":\"Organization\",\"@id\":\"https:\/\/indtesa-electronica.com\/#organization\",\"name\":\"Industrial TESA S.A.S. de C.V.\",\"url\":\"https:\/\/indtesa-electronica.com\/\",\"logo\":{\"@type\":\"ImageObject\",\"inLanguage\":\"en-US\",\"@id\":\"https:\/\/indtesa-electronica.com\/#\/schema\/logo\/image\/\",\"url\":\"\",\"contentUrl\":\"\",\"caption\":\"Industrial TESA S.A.S. de C.V.\"},\"image\":{\"@id\":\"https:\/\/indtesa-electronica.com\/#\/schema\/logo\/image\/\"}}]}<\/script>\n<!-- \/ Yoast SEO plugin. -->","yoast_head_json":{"title":"Sensor de Temperatura y Humedad LoRaWAN para Interiores, Modelo LHT52-US915 | IndTESA","robots":{"index":"index","follow":"follow","max-snippet":"max-snippet:-1","max-image-preview":"max-image-preview:large","max-video-preview":"max-video-preview:-1"},"canonical":"https:\/\/indtesa-electronica.com\/en\/tienda-en-linea\/iot\/lorawan\/sensor-de-temperatura-y-humedad-lorawan-para-interiores-modelo-lht52-us915\/","og_locale":"en_US","og_type":"article","og_title":"Sensor de Temperatura y Humedad LoRaWAN para Interiores, Modelo LHT52-US915 | IndTESA","og_description":"El sensor de temperatura y humedad Dragino LHT52 es un sensor LoRaWAN de largo alcance. Incluye un sensor de temperatura y humedad integrado y un conector de sensor USB Type-C para conectarlo a sensores externos, como un sensor de temperatura externo.","og_url":"https:\/\/indtesa-electronica.com\/en\/tienda-en-linea\/iot\/lorawan\/sensor-de-temperatura-y-humedad-lorawan-para-interiores-modelo-lht52-us915\/","og_site_name":"IndTESA","article_modified_time":"2025-11-20T20:09:29+00:00","og_image":[{"width":600,"height":600,"url":"https:\/\/indtesa-electronica.com\/wp-content\/uploads\/2024\/11\/LHT52-US915-png.webp","type":"image\/png"}],"twitter_card":"summary_large_image","twitter_misc":{"Est. reading time":"2 minutes"},"schema":{"@context":"https:\/\/schema.org","@graph":[{"@type":"WebPage","@id":"https:\/\/indtesa-electronica.com\/tienda-en-linea\/iot\/lorawan\/sensor-de-temperatura-y-humedad-lorawan-para-interiores-modelo-lht52-us915\/","url":"https:\/\/indtesa-electronica.com\/tienda-en-linea\/iot\/lorawan\/sensor-de-temperatura-y-humedad-lorawan-para-interiores-modelo-lht52-us915\/","name":"Sensor de Temperatura y Humedad LoRaWAN para Interiores, Modelo LHT52-US915 | IndTESA","isPartOf":{"@id":"https:\/\/indtesa-electronica.com\/#website"},"primaryImageOfPage":{"@id":"https:\/\/indtesa-electronica.com\/tienda-en-linea\/iot\/lorawan\/sensor-de-temperatura-y-humedad-lorawan-para-interiores-modelo-lht52-us915\/#primaryimage"},"image":{"@id":"https:\/\/indtesa-electronica.com\/tienda-en-linea\/iot\/lorawan\/sensor-de-temperatura-y-humedad-lorawan-para-interiores-modelo-lht52-us915\/#primaryimage"},"thumbnailUrl":"https:\/\/indtesa-electronica.com\/wp-content\/uploads\/2024\/11\/LHT52-US915-png.webp","datePublished":"2024-11-16T21:04:47+00:00","dateModified":"2025-11-20T20:09:29+00:00","breadcrumb":{"@id":"https:\/\/indtesa-electronica.com\/tienda-en-linea\/iot\/lorawan\/sensor-de-temperatura-y-humedad-lorawan-para-interiores-modelo-lht52-us915\/#breadcrumb"},"inLanguage":"en-US","potentialAction":[{"@type":"ReadAction","target":["https:\/\/indtesa-electronica.com\/tienda-en-linea\/iot\/lorawan\/sensor-de-temperatura-y-humedad-lorawan-para-interiores-modelo-lht52-us915\/"]}]},{"@type":"ImageObject","inLanguage":"en-US","@id":"https:\/\/indtesa-electronica.com\/tienda-en-linea\/iot\/lorawan\/sensor-de-temperatura-y-humedad-lorawan-para-interiores-modelo-lht52-us915\/#primaryimage","url":"https:\/\/indtesa-electronica.com\/wp-content\/uploads\/2024\/11\/LHT52-US915-png.webp","contentUrl":"https:\/\/indtesa-electronica.com\/wp-content\/uploads\/2024\/11\/LHT52-US915-png.webp","width":600,"height":600},{"@type":"BreadcrumbList","@id":"https:\/\/indtesa-electronica.com\/tienda-en-linea\/iot\/lorawan\/sensor-de-temperatura-y-humedad-lorawan-para-interiores-modelo-lht52-us915\/#breadcrumb","itemListElement":[{"@type":"ListItem","position":1,"name":"Inicio","item":"https:\/\/indtesa-electronica.com\/"},{"@type":"ListItem","position":2,"name":"Tienda en linea","item":"https:\/\/indtesa-electronica.com\/tienda-en-linea\/"},{"@type":"ListItem","position":3,"name":"Sensor de Temperatura y Humedad LoRaWAN para Interiores, Modelo LHT52-US915"}]},{"@type":"WebSite","@id":"https:\/\/indtesa-electronica.com\/#website","url":"https:\/\/indtesa-electronica.com\/","name":"Electronica - IndTESA","description":"","publisher":{"@id":"https:\/\/indtesa-electronica.com\/#organization"},"potentialAction":[{"@type":"SearchAction","target":{"@type":"EntryPoint","urlTemplate":"https:\/\/indtesa-electronica.com\/?s={search_term_string}"},"query-input":{"@type":"PropertyValueSpecification","valueRequired":true,"valueName":"search_term_string"}}],"inLanguage":"en-US"},{"@type":"Organization","@id":"https:\/\/indtesa-electronica.com\/#organization","name":"Industrial TESA S.A.S. de C.V.","url":"https:\/\/indtesa-electronica.com\/","logo":{"@type":"ImageObject","inLanguage":"en-US","@id":"https:\/\/indtesa-electronica.com\/#\/schema\/logo\/image\/","url":"","contentUrl":"","caption":"Industrial TESA S.A.S. de C.V."},"image":{"@id":"https:\/\/indtesa-electronica.com\/#\/schema\/logo\/image\/"}}]}},"jetpack_sharing_enabled":true,"tiered_pricing_type":"fixed","tiered_pricing_fixed_rules":[],"tiered_pricing_product_settings":{"layout":"default","base_unit_name":{"singular":null,"plural":null},"default_variation":null},"tiered_pricing_minimum_quantity":null,"tiered_pricing_roles_data":[],"tiered_pricing_percentage_rules":[],"_links":{"self":[{"href":"https:\/\/indtesa-electronica.com\/en\/wp-json\/wp\/v2\/product\/16374","targetHints":{"allow":["GET"]}}],"collection":[{"href":"https:\/\/indtesa-electronica.com\/en\/wp-json\/wp\/v2\/product"}],"about":[{"href":"https:\/\/indtesa-electronica.com\/en\/wp-json\/wp\/v2\/types\/product"}],"wp:featuredmedia":[{"embeddable":true,"href":"https:\/\/indtesa-electronica.com\/en\/wp-json\/wp\/v2\/media\/16376"}],"wp:attachment":[{"href":"https:\/\/indtesa-electronica.com\/en\/wp-json\/wp\/v2\/media?parent=16374"}],"wp:term":[{"taxonomy":"product_brand","embeddable":true,"href":"https:\/\/indtesa-electronica.com\/en\/wp-json\/wp\/v2\/product_brand?post=16374"},{"taxonomy":"product_cat","embeddable":true,"href":"https:\/\/indtesa-electronica.com\/en\/wp-json\/wp\/v2\/product_cat?post=16374"},{"taxonomy":"product_tag","embeddable":true,"href":"https:\/\/indtesa-electronica.com\/en\/wp-json\/wp\/v2\/product_tag?post=16374"}],"curies":[{"name":"wp","href":"https:\/\/api.w.org\/{rel}","templated":true}]}}