{"id":16388,"date":"2024-11-19T21:09:30","date_gmt":"2024-11-19T21:09:30","guid":{"rendered":"https:\/\/indtesa-electronica.com\/?post_type=product&#038;p=16388"},"modified":"2025-02-22T20:35:33","modified_gmt":"2025-02-22T20:35:33","slug":"tarjeta-de-memoria-16gb-de-capacidad-con-lector-de-tarjeta-y-adaptador-usb-2-0","status":"publish","type":"product","link":"https:\/\/indtesa-electronica.com\/en\/tienda-en-linea\/computacion\/accesorios-de-computacion\/tarjeta-de-memoria-16gb-de-capacidad-con-lector-de-tarjeta-y-adaptador-usb-2-0\/","title":{"rendered":"Tarjeta de Memoria, 16GB de Capacidad con Lector de Tarjeta y Adaptador USB 2.0"},"content":{"rendered":"<p><span id=\"tl_8\" data-spm-anchor-id=\"a2g0o.detail.1000023.i2.8d85BUdYBUdYU3\">Acerca de la capacidad:<\/span><\/p>\n<p><span id=\"tl_9\">16GB = aproximadamente 14GB-15GB<\/span><\/p>\n<p>&nbsp;<\/p>\n<p><span id=\"tl_15\" data-spm-anchor-id=\"a2g0o.detail.1000023.i4.8d85BUdYBUdYU3\">Dispositivos compatibles:<\/span><\/p>\n<p><span id=\"tl_16\">Las tarjetas de memoria digitales se pueden utilizar para: C\u00e1maras Deportivas, navegaci\u00f3n, grabadoras de conducci\u00f3n, c\u00e1maras, tel\u00e9fonos m\u00f3viles, consolas de juegos PSP, altavoces de tarjetas, MP3, MP4, amplificadores, SLR y otros productos digitales, siempre y cuando los dispositivos que se pueden utilizar para tarjetas de memoria sean perfectamente compatibles.<\/span><\/p>\n<p>&nbsp;<\/p>\n<p>&nbsp;<\/p>","protected":false},"excerpt":{"rendered":"<p>Acerca de la capacidad: 16GB = aproximadamente 14GB-15GB &nbsp; Dispositivos compatibles: Las tarjetas de memoria digitales se pueden utilizar para: C\u00e1maras Deportivas, navegaci\u00f3n, grabadoras de conducci\u00f3n, c\u00e1maras, tel\u00e9fonos m\u00f3viles, consolas de juegos PSP, altavoces de tarjetas, MP3, MP4, amplificadores, SLR y otros productos digitales, siempre y cuando los dispositivos que se pueden utilizar para tarjetas [&hellip;]<\/p>\n","protected":false},"featured_media":16389,"template":"","meta":{"_gspb_post_css":""},"product_brand":[],"product_cat":[219],"product_tag":[],"class_list":{"0":"post-16388","1":"product","2":"type-product","3":"status-publish","4":"has-post-thumbnail","6":"product_cat-accesorios-de-computacion","8":"first","9":"instock","10":"taxable","11":"shipping-taxable","12":"purchasable","13":"product-type-simple"},"ct_brands":[],"yoast_head":"<!-- This site is optimized with the Yoast SEO plugin v27.1.1 - https:\/\/yoast.com\/product\/yoast-seo-wordpress\/ -->\n<title>Tarjeta de Memoria, 16GB de Capacidad con Lector de Tarjeta y Adaptador USB 2.0 | IndTESA<\/title>\n<meta name=\"robots\" content=\"index, follow, max-snippet:-1, max-image-preview:large, max-video-preview:-1\" \/>\n<link rel=\"canonical\" href=\"https:\/\/indtesa-electronica.com\/en\/tienda-en-linea\/computacion\/accesorios-de-computacion\/tarjeta-de-memoria-16gb-de-capacidad-con-lector-de-tarjeta-y-adaptador-usb-2-0\/\" \/>\n<meta property=\"og:locale\" content=\"en_US\" \/>\n<meta property=\"og:type\" content=\"article\" \/>\n<meta property=\"og:title\" content=\"Tarjeta de Memoria, 16GB de Capacidad con Lector de Tarjeta y Adaptador USB 2.0 | IndTESA\" \/>\n<meta property=\"og:description\" content=\"Acerca de la capacidad: 16GB = aproximadamente 14GB-15GB &nbsp; Dispositivos compatibles: Las tarjetas de memoria digitales se pueden utilizar para: C\u00e1maras Deportivas, navegaci\u00f3n, grabadoras de conducci\u00f3n, c\u00e1maras, tel\u00e9fonos m\u00f3viles, consolas de juegos PSP, altavoces de tarjetas, MP3, MP4, amplificadores, SLR y otros productos digitales, siempre y cuando los dispositivos que se pueden utilizar para tarjetas [&hellip;]\" \/>\n<meta property=\"og:url\" content=\"https:\/\/indtesa-electronica.com\/en\/tienda-en-linea\/computacion\/accesorios-de-computacion\/tarjeta-de-memoria-16gb-de-capacidad-con-lector-de-tarjeta-y-adaptador-usb-2-0\/\" \/>\n<meta property=\"og:site_name\" content=\"IndTESA\" \/>\n<meta property=\"article:modified_time\" content=\"2025-02-22T20:35:33+00:00\" \/>\n<meta property=\"og:image\" content=\"https:\/\/indtesa-electronica.com\/wp-content\/uploads\/2024\/11\/Tarjeta-de-Memoria-16GB-de-Capacidad-con-Lector-de-Tarjeta-y-Adaptador-USB-2.0-png.webp\" \/>\n\t<meta property=\"og:image:width\" content=\"800\" \/>\n\t<meta property=\"og:image:height\" content=\"800\" \/>\n\t<meta property=\"og:image:type\" content=\"image\/png\" \/>\n<meta name=\"twitter:card\" content=\"summary_large_image\" \/>\n<meta name=\"twitter:label1\" content=\"Est. reading time\" \/>\n\t<meta name=\"twitter:data1\" content=\"1 minute\" \/>\n<script type=\"application\/ld+json\" class=\"yoast-schema-graph\">{\"@context\":\"https:\/\/schema.org\",\"@graph\":[{\"@type\":\"WebPage\",\"@id\":\"https:\/\/indtesa-electronica.com\/tienda-en-linea\/computacion\/accesorios-de-computacion\/tarjeta-de-memoria-16gb-de-capacidad-con-lector-de-tarjeta-y-adaptador-usb-2-0\/\",\"url\":\"https:\/\/indtesa-electronica.com\/tienda-en-linea\/computacion\/accesorios-de-computacion\/tarjeta-de-memoria-16gb-de-capacidad-con-lector-de-tarjeta-y-adaptador-usb-2-0\/\",\"name\":\"Tarjeta de Memoria, 16GB de Capacidad con Lector de Tarjeta y Adaptador USB 2.0 | IndTESA\",\"isPartOf\":{\"@id\":\"https:\/\/indtesa-electronica.com\/#website\"},\"primaryImageOfPage\":{\"@id\":\"https:\/\/indtesa-electronica.com\/tienda-en-linea\/computacion\/accesorios-de-computacion\/tarjeta-de-memoria-16gb-de-capacidad-con-lector-de-tarjeta-y-adaptador-usb-2-0\/#primaryimage\"},\"image\":{\"@id\":\"https:\/\/indtesa-electronica.com\/tienda-en-linea\/computacion\/accesorios-de-computacion\/tarjeta-de-memoria-16gb-de-capacidad-con-lector-de-tarjeta-y-adaptador-usb-2-0\/#primaryimage\"},\"thumbnailUrl\":\"https:\/\/indtesa-electronica.com\/wp-content\/uploads\/2024\/11\/Tarjeta-de-Memoria-16GB-de-Capacidad-con-Lector-de-Tarjeta-y-Adaptador-USB-2.0-png.webp\",\"datePublished\":\"2024-11-19T21:09:30+00:00\",\"dateModified\":\"2025-02-22T20:35:33+00:00\",\"breadcrumb\":{\"@id\":\"https:\/\/indtesa-electronica.com\/tienda-en-linea\/computacion\/accesorios-de-computacion\/tarjeta-de-memoria-16gb-de-capacidad-con-lector-de-tarjeta-y-adaptador-usb-2-0\/#breadcrumb\"},\"inLanguage\":\"en-US\",\"potentialAction\":[{\"@type\":\"ReadAction\",\"target\":[\"https:\/\/indtesa-electronica.com\/tienda-en-linea\/computacion\/accesorios-de-computacion\/tarjeta-de-memoria-16gb-de-capacidad-con-lector-de-tarjeta-y-adaptador-usb-2-0\/\"]}]},{\"@type\":\"ImageObject\",\"inLanguage\":\"en-US\",\"@id\":\"https:\/\/indtesa-electronica.com\/tienda-en-linea\/computacion\/accesorios-de-computacion\/tarjeta-de-memoria-16gb-de-capacidad-con-lector-de-tarjeta-y-adaptador-usb-2-0\/#primaryimage\",\"url\":\"https:\/\/indtesa-electronica.com\/wp-content\/uploads\/2024\/11\/Tarjeta-de-Memoria-16GB-de-Capacidad-con-Lector-de-Tarjeta-y-Adaptador-USB-2.0-png.webp\",\"contentUrl\":\"https:\/\/indtesa-electronica.com\/wp-content\/uploads\/2024\/11\/Tarjeta-de-Memoria-16GB-de-Capacidad-con-Lector-de-Tarjeta-y-Adaptador-USB-2.0-png.webp\",\"width\":800,\"height\":800},{\"@type\":\"BreadcrumbList\",\"@id\":\"https:\/\/indtesa-electronica.com\/tienda-en-linea\/computacion\/accesorios-de-computacion\/tarjeta-de-memoria-16gb-de-capacidad-con-lector-de-tarjeta-y-adaptador-usb-2-0\/#breadcrumb\",\"itemListElement\":[{\"@type\":\"ListItem\",\"position\":1,\"name\":\"Inicio\",\"item\":\"https:\/\/indtesa-electronica.com\/\"},{\"@type\":\"ListItem\",\"position\":2,\"name\":\"Tienda en linea\",\"item\":\"https:\/\/indtesa-electronica.com\/tienda-en-linea\/\"},{\"@type\":\"ListItem\",\"position\":3,\"name\":\"Tarjeta de Memoria, 16GB de Capacidad con Lector de Tarjeta y Adaptador USB 2.0\"}]},{\"@type\":\"WebSite\",\"@id\":\"https:\/\/indtesa-electronica.com\/#website\",\"url\":\"https:\/\/indtesa-electronica.com\/\",\"name\":\"Electronica - IndTESA\",\"description\":\"\",\"publisher\":{\"@id\":\"https:\/\/indtesa-electronica.com\/#organization\"},\"potentialAction\":[{\"@type\":\"SearchAction\",\"target\":{\"@type\":\"EntryPoint\",\"urlTemplate\":\"https:\/\/indtesa-electronica.com\/?s={search_term_string}\"},\"query-input\":{\"@type\":\"PropertyValueSpecification\",\"valueRequired\":true,\"valueName\":\"search_term_string\"}}],\"inLanguage\":\"en-US\"},{\"@type\":\"Organization\",\"@id\":\"https:\/\/indtesa-electronica.com\/#organization\",\"name\":\"Industrial TESA S.A.S. de C.V.\",\"url\":\"https:\/\/indtesa-electronica.com\/\",\"logo\":{\"@type\":\"ImageObject\",\"inLanguage\":\"en-US\",\"@id\":\"https:\/\/indtesa-electronica.com\/#\/schema\/logo\/image\/\",\"url\":\"\",\"contentUrl\":\"\",\"caption\":\"Industrial TESA S.A.S. de C.V.\"},\"image\":{\"@id\":\"https:\/\/indtesa-electronica.com\/#\/schema\/logo\/image\/\"}}]}<\/script>\n<!-- \/ Yoast SEO plugin. -->","yoast_head_json":{"title":"Tarjeta de Memoria, 16GB de Capacidad con Lector de Tarjeta y Adaptador USB 2.0 | IndTESA","robots":{"index":"index","follow":"follow","max-snippet":"max-snippet:-1","max-image-preview":"max-image-preview:large","max-video-preview":"max-video-preview:-1"},"canonical":"https:\/\/indtesa-electronica.com\/en\/tienda-en-linea\/computacion\/accesorios-de-computacion\/tarjeta-de-memoria-16gb-de-capacidad-con-lector-de-tarjeta-y-adaptador-usb-2-0\/","og_locale":"en_US","og_type":"article","og_title":"Tarjeta de Memoria, 16GB de Capacidad con Lector de Tarjeta y Adaptador USB 2.0 | IndTESA","og_description":"Acerca de la capacidad: 16GB = aproximadamente 14GB-15GB &nbsp; Dispositivos compatibles: Las tarjetas de memoria digitales se pueden utilizar para: C\u00e1maras Deportivas, navegaci\u00f3n, grabadoras de conducci\u00f3n, c\u00e1maras, tel\u00e9fonos m\u00f3viles, consolas de juegos PSP, altavoces de tarjetas, MP3, MP4, amplificadores, SLR y otros productos digitales, siempre y cuando los dispositivos que se pueden utilizar para tarjetas [&hellip;]","og_url":"https:\/\/indtesa-electronica.com\/en\/tienda-en-linea\/computacion\/accesorios-de-computacion\/tarjeta-de-memoria-16gb-de-capacidad-con-lector-de-tarjeta-y-adaptador-usb-2-0\/","og_site_name":"IndTESA","article_modified_time":"2025-02-22T20:35:33+00:00","og_image":[{"width":800,"height":800,"url":"https:\/\/indtesa-electronica.com\/wp-content\/uploads\/2024\/11\/Tarjeta-de-Memoria-16GB-de-Capacidad-con-Lector-de-Tarjeta-y-Adaptador-USB-2.0-png.webp","type":"image\/png"}],"twitter_card":"summary_large_image","twitter_misc":{"Est. reading time":"1 minute"},"schema":{"@context":"https:\/\/schema.org","@graph":[{"@type":"WebPage","@id":"https:\/\/indtesa-electronica.com\/tienda-en-linea\/computacion\/accesorios-de-computacion\/tarjeta-de-memoria-16gb-de-capacidad-con-lector-de-tarjeta-y-adaptador-usb-2-0\/","url":"https:\/\/indtesa-electronica.com\/tienda-en-linea\/computacion\/accesorios-de-computacion\/tarjeta-de-memoria-16gb-de-capacidad-con-lector-de-tarjeta-y-adaptador-usb-2-0\/","name":"Tarjeta de Memoria, 16GB de Capacidad con Lector de Tarjeta y Adaptador USB 2.0 | IndTESA","isPartOf":{"@id":"https:\/\/indtesa-electronica.com\/#website"},"primaryImageOfPage":{"@id":"https:\/\/indtesa-electronica.com\/tienda-en-linea\/computacion\/accesorios-de-computacion\/tarjeta-de-memoria-16gb-de-capacidad-con-lector-de-tarjeta-y-adaptador-usb-2-0\/#primaryimage"},"image":{"@id":"https:\/\/indtesa-electronica.com\/tienda-en-linea\/computacion\/accesorios-de-computacion\/tarjeta-de-memoria-16gb-de-capacidad-con-lector-de-tarjeta-y-adaptador-usb-2-0\/#primaryimage"},"thumbnailUrl":"https:\/\/indtesa-electronica.com\/wp-content\/uploads\/2024\/11\/Tarjeta-de-Memoria-16GB-de-Capacidad-con-Lector-de-Tarjeta-y-Adaptador-USB-2.0-png.webp","datePublished":"2024-11-19T21:09:30+00:00","dateModified":"2025-02-22T20:35:33+00:00","breadcrumb":{"@id":"https:\/\/indtesa-electronica.com\/tienda-en-linea\/computacion\/accesorios-de-computacion\/tarjeta-de-memoria-16gb-de-capacidad-con-lector-de-tarjeta-y-adaptador-usb-2-0\/#breadcrumb"},"inLanguage":"en-US","potentialAction":[{"@type":"ReadAction","target":["https:\/\/indtesa-electronica.com\/tienda-en-linea\/computacion\/accesorios-de-computacion\/tarjeta-de-memoria-16gb-de-capacidad-con-lector-de-tarjeta-y-adaptador-usb-2-0\/"]}]},{"@type":"ImageObject","inLanguage":"en-US","@id":"https:\/\/indtesa-electronica.com\/tienda-en-linea\/computacion\/accesorios-de-computacion\/tarjeta-de-memoria-16gb-de-capacidad-con-lector-de-tarjeta-y-adaptador-usb-2-0\/#primaryimage","url":"https:\/\/indtesa-electronica.com\/wp-content\/uploads\/2024\/11\/Tarjeta-de-Memoria-16GB-de-Capacidad-con-Lector-de-Tarjeta-y-Adaptador-USB-2.0-png.webp","contentUrl":"https:\/\/indtesa-electronica.com\/wp-content\/uploads\/2024\/11\/Tarjeta-de-Memoria-16GB-de-Capacidad-con-Lector-de-Tarjeta-y-Adaptador-USB-2.0-png.webp","width":800,"height":800},{"@type":"BreadcrumbList","@id":"https:\/\/indtesa-electronica.com\/tienda-en-linea\/computacion\/accesorios-de-computacion\/tarjeta-de-memoria-16gb-de-capacidad-con-lector-de-tarjeta-y-adaptador-usb-2-0\/#breadcrumb","itemListElement":[{"@type":"ListItem","position":1,"name":"Inicio","item":"https:\/\/indtesa-electronica.com\/"},{"@type":"ListItem","position":2,"name":"Tienda en linea","item":"https:\/\/indtesa-electronica.com\/tienda-en-linea\/"},{"@type":"ListItem","position":3,"name":"Tarjeta de Memoria, 16GB de Capacidad con Lector de Tarjeta y Adaptador USB 2.0"}]},{"@type":"WebSite","@id":"https:\/\/indtesa-electronica.com\/#website","url":"https:\/\/indtesa-electronica.com\/","name":"Electronica - IndTESA","description":"","publisher":{"@id":"https:\/\/indtesa-electronica.com\/#organization"},"potentialAction":[{"@type":"SearchAction","target":{"@type":"EntryPoint","urlTemplate":"https:\/\/indtesa-electronica.com\/?s={search_term_string}"},"query-input":{"@type":"PropertyValueSpecification","valueRequired":true,"valueName":"search_term_string"}}],"inLanguage":"en-US"},{"@type":"Organization","@id":"https:\/\/indtesa-electronica.com\/#organization","name":"Industrial TESA S.A.S. de C.V.","url":"https:\/\/indtesa-electronica.com\/","logo":{"@type":"ImageObject","inLanguage":"en-US","@id":"https:\/\/indtesa-electronica.com\/#\/schema\/logo\/image\/","url":"","contentUrl":"","caption":"Industrial TESA S.A.S. de C.V."},"image":{"@id":"https:\/\/indtesa-electronica.com\/#\/schema\/logo\/image\/"}}]}},"jetpack_sharing_enabled":true,"tiered_pricing_type":"fixed","tiered_pricing_fixed_rules":[],"tiered_pricing_product_settings":{"layout":"default","base_unit_name":{"singular":null,"plural":null},"default_variation":null},"tiered_pricing_minimum_quantity":null,"tiered_pricing_roles_data":[],"tiered_pricing_percentage_rules":[],"_links":{"self":[{"href":"https:\/\/indtesa-electronica.com\/en\/wp-json\/wp\/v2\/product\/16388","targetHints":{"allow":["GET"]}}],"collection":[{"href":"https:\/\/indtesa-electronica.com\/en\/wp-json\/wp\/v2\/product"}],"about":[{"href":"https:\/\/indtesa-electronica.com\/en\/wp-json\/wp\/v2\/types\/product"}],"wp:featuredmedia":[{"embeddable":true,"href":"https:\/\/indtesa-electronica.com\/en\/wp-json\/wp\/v2\/media\/16389"}],"wp:attachment":[{"href":"https:\/\/indtesa-electronica.com\/en\/wp-json\/wp\/v2\/media?parent=16388"}],"wp:term":[{"taxonomy":"product_brand","embeddable":true,"href":"https:\/\/indtesa-electronica.com\/en\/wp-json\/wp\/v2\/product_brand?post=16388"},{"taxonomy":"product_cat","embeddable":true,"href":"https:\/\/indtesa-electronica.com\/en\/wp-json\/wp\/v2\/product_cat?post=16388"},{"taxonomy":"product_tag","embeddable":true,"href":"https:\/\/indtesa-electronica.com\/en\/wp-json\/wp\/v2\/product_tag?post=16388"}],"curies":[{"name":"wp","href":"https:\/\/api.w.org\/{rel}","templated":true}]}}