{"id":16394,"date":"2024-11-23T19:28:33","date_gmt":"2024-11-23T19:28:33","guid":{"rendered":"https:\/\/indtesa-electronica.com\/?post_type=product&#038;p=16394"},"modified":"2025-03-01T17:20:19","modified_gmt":"2025-03-01T17:20:19","slug":"multimetro-modelo-ut33a","status":"publish","type":"product","link":"https:\/\/indtesa-electronica.com\/en\/tienda-en-linea\/herramientas\/instrumentos-de-medicion\/multimetro-modelo-ut33a\/","title":{"rendered":"Multimetro, Modelo UT33A+"},"content":{"rendered":"<p><a href=\"https:\/\/www.tiktok.com\/@indtesa_electronica\/video\/7443162037452016952?is_from_webapp=1&amp;sender_device=pc&amp;web_id=7432707544412096005\"><img loading=\"lazy\" decoding=\"async\" class=\"banner alignnone wp-image-16434 size-full\" src=\"https:\/\/indtesa-electronica.com\/wp-content\/uploads\/2024\/11\/Banner-de-Producto-Multimetro-png.webp\" alt=\"\" width=\"1024\" height=\"480\" srcset=\"https:\/\/indtesa-electronica.com\/wp-content\/uploads\/2024\/11\/Banner-de-Producto-Multimetro-png.webp 1024w, https:\/\/indtesa-electronica.com\/wp-content\/uploads\/2024\/11\/Banner-de-Producto-Multimetro-300x141.webp 300w, https:\/\/indtesa-electronica.com\/wp-content\/uploads\/2024\/11\/Banner-de-Producto-Multimetro-768x360.webp 768w, https:\/\/indtesa-electronica.com\/wp-content\/uploads\/2024\/11\/Banner-de-Producto-Multimetro-18x8.webp 18w, https:\/\/indtesa-electronica.com\/wp-content\/uploads\/2024\/11\/Banner-de-Producto-Multimetro-500x234.webp 500w\" sizes=\"auto, (max-width: 1024px) 100vw, 1024px\" \/><\/a><\/p>\n<p>La nueva generaci\u00f3n de la serie UT33+ redefine los est\u00e1ndares de rendimiento de los mult\u00edmetros digitales b\u00e1sicos. Nuestro innovador dise\u00f1o industrial garantiza que estos productos puedan soportar ca\u00eddas de 2 metros. La nueva disposici\u00f3n de la pantalla LCD proporciona una mejor experiencia de usuario. Esta serie garantiza que los usuarios puedan trabajar con seguridad en entornos CAT II 600V. Las caracter\u00edsticas especiales son, prueba de capacitancia de 2mF (UT33A+)<\/p>\n<p>Caracter\u00edsticas de los mult\u00edmetros de la serie UT33+ del tama\u00f1o de la palma de la mano<\/p>\n<p>\u25cf Pantalla LCD clara<br \/>\n\u25cf C\u00f3moda cubierta protectora, con ranura para colgar el cable de prueba<br \/>\n\u25cf Prueba de ca\u00edda de 2 metros, protecci\u00f3n de precisi\u00f3n<br \/>\n\u25cf Sonido de zumbador fuerte; Dise\u00f1o ergon\u00f3mico.<\/p>\n<p>&nbsp;<\/p>\n<p>Especificaciones T\u00e9cnicas<\/p>\n<table class=\"smalltable\" width=\"658\">\n<tbody>\n<tr>\n<td width=\"199\">Especificaciones<\/td>\n<td width=\"163\">Rango<\/td>\n<td width=\"74\">UT33A+<\/td>\n<td width=\"74\">UT33B+<\/td>\n<td width=\"74\">UT33C+<\/td>\n<td width=\"74\">UT33D+<\/td>\n<\/tr>\n<tr>\n<td>DC voltaje (V)<\/td>\n<td>200mV\/2V\/20V\/200V\/600V<\/td>\n<td>\u00b1(0.5%\uff0b2)<\/td>\n<td>\u00b1(0.5%\uff0b2)<\/td>\n<td>\u00b1(0.5%\uff0b2)<\/td>\n<td>\u00b1(0.5%\uff0b2)<\/td>\n<\/tr>\n<tr>\n<td rowspan=\"2\">AC voltaje (V)<\/td>\n<td>600V<\/td>\n<td>\u00b1(0.7%+3)<\/td>\n<td><\/td>\n<td><\/td>\n<td><\/td>\n<\/tr>\n<tr>\n<td>200V\/600V<\/td>\n<td><\/td>\n<td>\u00b1(1.2%+3)<\/td>\n<td>\u00b1(1.2%+3)<\/td>\n<td>\u00b1(1.2%+3)<\/td>\n<\/tr>\n<tr>\n<td rowspan=\"3\">DC corriente (A)<\/td>\n<td>10A<\/td>\n<td>\u00b1(1%+2)<\/td>\n<td><\/td>\n<td><\/td>\n<td><\/td>\n<\/tr>\n<tr>\n<td>200\u03bcA\/200mA\/10A<\/td>\n<td><\/td>\n<td>\u00b1(1%+2)<\/td>\n<td><\/td>\n<td><\/td>\n<\/tr>\n<tr>\n<td>2000\u03bcA\/20mA\/200mA\/10A<\/td>\n<td><\/td>\n<td><\/td>\n<td>\u00b1(1%+2)<\/td>\n<td>\u00b1(1%+2)<\/td>\n<\/tr>\n<tr>\n<td>AC corriente (A)<\/td>\n<td>10A<\/td>\n<td>\u00b1(1.2%+3)<\/td>\n<td><\/td>\n<td><\/td>\n<td><\/td>\n<\/tr>\n<tr>\n<td rowspan=\"3\">Resistencia (\u03a9)<\/td>\n<td width=\"163\">200\u03a9\/2k\u03a9\/20k\u03a9\/200k\u03a9<br \/>\n\/2M\u03a9\/20M\u03a9\/200M\u03a9<\/td>\n<td>\u00b1(0.8%+2)<\/td>\n<td><\/td>\n<td><\/td>\n<td><\/td>\n<\/tr>\n<tr>\n<td width=\"163\">200\u03a9\/2k\u03a9\/20k\u03a9<br \/>\n\/200k\u03a9\/20M\u03a9\/200M\u03a9<\/td>\n<td><\/td>\n<td><\/td>\n<td><\/td>\n<td>\u00b1(0.8%+2)<\/td>\n<\/tr>\n<tr>\n<td width=\"163\">200\u03a9\/2k\u03a9\/20k\u03a9<br \/>\n\/200k\u03a9\/20M\u03a9<\/td>\n<td><\/td>\n<td>\u00b1(0.8%+2)<\/td>\n<td>\u00b1(0.8%+2)<\/td>\n<td><\/td>\n<\/tr>\n<tr>\n<td>Capacitancia (F)<\/td>\n<td>2mF<\/td>\n<td>\u00b1(4%+8)<\/td>\n<td><\/td>\n<td><\/td>\n<td><\/td>\n<\/tr>\n<tr>\n<td rowspan=\"2\">Temperatura<\/td>\n<td>-40\u2103~1000\u2103<\/td>\n<td><\/td>\n<td><\/td>\n<td>\u00b1(1%+4)<\/td>\n<td><\/td>\n<\/tr>\n<tr>\n<td>-40\u2109~1832\u2109<\/td>\n<td><\/td>\n<td><\/td>\n<td>\u00b1(1.5%+5)<\/td>\n<td><\/td>\n<\/tr>\n<tr>\n<td style=\"background-color: #f2f2f2;\" colspan=\"6\">Caracter\u00edsticas<\/td>\n<\/tr>\n<tr>\n<td>Contador de Display<\/td>\n<td><\/td>\n<td>2000<\/td>\n<td>2000<\/td>\n<td>2000<\/td>\n<td>2000<\/td>\n<\/tr>\n<tr>\n<td width=\"199\">Apagado autom\u00e1tico\/Apagado autom\u00e1tico de la retroiluminaci\u00f3n<\/td>\n<td><\/td>\n<td>\u221a<\/td>\n<td>\u221a<\/td>\n<td>\u221a<\/td>\n<td>\u221a<\/td>\n<\/tr>\n<tr>\n<td width=\"199\">Prueba de diodos\/Zumbador de continuidad<\/td>\n<td><\/td>\n<td>\u221a<\/td>\n<td>\u221a<\/td>\n<td>\u221a<\/td>\n<td>\u221a<\/td>\n<\/tr>\n<tr>\n<td width=\"199\">Prueba de ca\u00edda de 2 m\/ Soporte para sonda de prueba<\/td>\n<td><\/td>\n<td>\u221a<\/td>\n<td>\u221a<\/td>\n<td>\u221a<\/td>\n<td>\u221a<\/td>\n<\/tr>\n<tr>\n<td>Rango de Selecci\u00f3n<\/td>\n<td><\/td>\n<td>Auto<\/td>\n<td>Manual<\/td>\n<td>Manual<\/td>\n<td>Manual<\/td>\n<\/tr>\n<tr>\n<td>Prueba de bater\u00eda<\/td>\n<td><\/td>\n<td><\/td>\n<td>1.5V\/9V\/12V<\/td>\n<td><\/td>\n<td><\/td>\n<\/tr>\n<tr>\n<td>NCV<\/td>\n<td><\/td>\n<td><\/td>\n<td><\/td>\n<td><\/td>\n<td>\u221a<\/td>\n<\/tr>\n<tr>\n<td style=\"background-color: #f2f2f2;\" colspan=\"6\">Caracter\u00edsticas Generales<\/td>\n<\/tr>\n<tr>\n<td>Potencia<\/td>\n<td colspan=\"5\">Pila de 1,5 V (R03) x 2<\/td>\n<\/tr>\n<tr>\n<td>Display<\/td>\n<td colspan=\"5\">66mm x 51mm<\/td>\n<\/tr>\n<tr>\n<td>Peso neto del producto<\/td>\n<td colspan=\"5\">206 g (pilas incluidas)<\/td>\n<\/tr>\n<tr>\n<td>Color del producto<\/td>\n<td colspan=\"5\">Rojo y gris<\/td>\n<\/tr>\n<tr>\n<td>Tama\u00f1o del producto<\/td>\n<td colspan=\"5\">134mm x 77mm x 47mm<\/td>\n<\/tr>\n<tr>\n<td>Accesorios est\u00e1ndar<\/td>\n<td colspan=\"5\" width=\"459\">Pilas, cables de prueba, termopar tipo K (UT33C+)<\/td>\n<\/tr>\n<tr>\n<td>Embalaje individual est\u00e1ndar<\/td>\n<td colspan=\"5\">Caja de regalo, manual en ingl\u00e9s<\/td>\n<\/tr>\n<tr>\n<td>Cantidad est\u00e1ndar por caja<\/td>\n<td colspan=\"5\">60 piezas<\/td>\n<\/tr>\n<tr>\n<td>Medida est\u00e1ndar del cart\u00f3n<\/td>\n<td colspan=\"5\">640mm x 310mm x 350mm<\/td>\n<\/tr>\n<tr>\n<td>Peso bruto de la caja est\u00e1ndar<\/td>\n<td colspan=\"5\" width=\"459\">UT33A+: 18.6kg; UT33B+: 19.4kg; UT33C+: 20.6kg; UT33D+: 19.8kg<\/td>\n<\/tr>\n<\/tbody>\n<\/table>","protected":false},"excerpt":{"rendered":"<p>La nueva generaci\u00f3n de la serie UT33+ redefine los est\u00e1ndares de rendimiento de los mult\u00edmetros digitales b\u00e1sicos. Nuestro innovador dise\u00f1o industrial garantiza que estos productos puedan soportar ca\u00eddas de 2 metros. La nueva disposici\u00f3n de la pantalla LCD proporciona una mejor experiencia de usuario. Esta serie garantiza que los usuarios puedan trabajar con seguridad en [&hellip;]<\/p>\n","protected":false},"featured_media":16395,"template":"","meta":{"_gspb_post_css":""},"product_brand":[],"product_cat":[103],"product_tag":[],"class_list":{"0":"post-16394","1":"product","2":"type-product","3":"status-publish","4":"has-post-thumbnail","6":"product_cat-instrumentos-de-medicion","8":"first","9":"instock","10":"taxable","11":"shipping-taxable","12":"purchasable","13":"product-type-simple"},"ct_brands":[],"yoast_head":"<!-- This site is optimized with the Yoast SEO plugin v27.1.1 - https:\/\/yoast.com\/product\/yoast-seo-wordpress\/ -->\n<title>Multimetro, Modelo UT33A+ | IndTESA<\/title>\n<meta name=\"robots\" content=\"index, follow, max-snippet:-1, max-image-preview:large, max-video-preview:-1\" \/>\n<link rel=\"canonical\" href=\"https:\/\/indtesa-electronica.com\/en\/tienda-en-linea\/herramientas\/instrumentos-de-medicion\/multimetro-modelo-ut33a\/\" \/>\n<meta property=\"og:locale\" content=\"en_US\" \/>\n<meta property=\"og:type\" content=\"article\" \/>\n<meta property=\"og:title\" content=\"Multimetro, Modelo UT33A+ | IndTESA\" \/>\n<meta property=\"og:description\" content=\"La nueva generaci\u00f3n de la serie UT33+ redefine los est\u00e1ndares de rendimiento de los mult\u00edmetros digitales b\u00e1sicos. Nuestro innovador dise\u00f1o industrial garantiza que estos productos puedan soportar ca\u00eddas de 2 metros. La nueva disposici\u00f3n de la pantalla LCD proporciona una mejor experiencia de usuario. Esta serie garantiza que los usuarios puedan trabajar con seguridad en [&hellip;]\" \/>\n<meta property=\"og:url\" content=\"https:\/\/indtesa-electronica.com\/en\/tienda-en-linea\/herramientas\/instrumentos-de-medicion\/multimetro-modelo-ut33a\/\" \/>\n<meta property=\"og:site_name\" content=\"IndTESA\" \/>\n<meta property=\"article:modified_time\" content=\"2025-03-01T17:20:19+00:00\" \/>\n<meta property=\"og:image\" content=\"https:\/\/indtesa-electronica.com\/wp-content\/uploads\/2024\/11\/Multimetro-Modelo-UT33A-png.webp\" \/>\n\t<meta property=\"og:image:width\" content=\"599\" \/>\n\t<meta property=\"og:image:height\" content=\"600\" \/>\n\t<meta property=\"og:image:type\" content=\"image\/png\" \/>\n<meta name=\"twitter:card\" content=\"summary_large_image\" \/>\n<meta name=\"twitter:label1\" content=\"Est. reading time\" \/>\n\t<meta name=\"twitter:data1\" content=\"2 minutes\" \/>\n<script type=\"application\/ld+json\" class=\"yoast-schema-graph\">{\"@context\":\"https:\/\/schema.org\",\"@graph\":[{\"@type\":\"WebPage\",\"@id\":\"https:\/\/indtesa-electronica.com\/tienda-en-linea\/herramientas\/instrumentos-de-medicion\/multimetro-modelo-ut33a\/\",\"url\":\"https:\/\/indtesa-electronica.com\/tienda-en-linea\/herramientas\/instrumentos-de-medicion\/multimetro-modelo-ut33a\/\",\"name\":\"Multimetro, Modelo UT33A+ | IndTESA\",\"isPartOf\":{\"@id\":\"https:\/\/indtesa-electronica.com\/#website\"},\"primaryImageOfPage\":{\"@id\":\"https:\/\/indtesa-electronica.com\/tienda-en-linea\/herramientas\/instrumentos-de-medicion\/multimetro-modelo-ut33a\/#primaryimage\"},\"image\":{\"@id\":\"https:\/\/indtesa-electronica.com\/tienda-en-linea\/herramientas\/instrumentos-de-medicion\/multimetro-modelo-ut33a\/#primaryimage\"},\"thumbnailUrl\":\"https:\/\/indtesa-electronica.com\/wp-content\/uploads\/2024\/11\/Multimetro-Modelo-UT33A-png.webp\",\"datePublished\":\"2024-11-23T19:28:33+00:00\",\"dateModified\":\"2025-03-01T17:20:19+00:00\",\"breadcrumb\":{\"@id\":\"https:\/\/indtesa-electronica.com\/tienda-en-linea\/herramientas\/instrumentos-de-medicion\/multimetro-modelo-ut33a\/#breadcrumb\"},\"inLanguage\":\"en-US\",\"potentialAction\":[{\"@type\":\"ReadAction\",\"target\":[\"https:\/\/indtesa-electronica.com\/tienda-en-linea\/herramientas\/instrumentos-de-medicion\/multimetro-modelo-ut33a\/\"]}]},{\"@type\":\"ImageObject\",\"inLanguage\":\"en-US\",\"@id\":\"https:\/\/indtesa-electronica.com\/tienda-en-linea\/herramientas\/instrumentos-de-medicion\/multimetro-modelo-ut33a\/#primaryimage\",\"url\":\"https:\/\/indtesa-electronica.com\/wp-content\/uploads\/2024\/11\/Multimetro-Modelo-UT33A-png.webp\",\"contentUrl\":\"https:\/\/indtesa-electronica.com\/wp-content\/uploads\/2024\/11\/Multimetro-Modelo-UT33A-png.webp\",\"width\":599,\"height\":600},{\"@type\":\"BreadcrumbList\",\"@id\":\"https:\/\/indtesa-electronica.com\/tienda-en-linea\/herramientas\/instrumentos-de-medicion\/multimetro-modelo-ut33a\/#breadcrumb\",\"itemListElement\":[{\"@type\":\"ListItem\",\"position\":1,\"name\":\"Inicio\",\"item\":\"https:\/\/indtesa-electronica.com\/\"},{\"@type\":\"ListItem\",\"position\":2,\"name\":\"Tienda en linea\",\"item\":\"https:\/\/indtesa-electronica.com\/tienda-en-linea\/\"},{\"@type\":\"ListItem\",\"position\":3,\"name\":\"Multimetro, Modelo UT33A+\"}]},{\"@type\":\"WebSite\",\"@id\":\"https:\/\/indtesa-electronica.com\/#website\",\"url\":\"https:\/\/indtesa-electronica.com\/\",\"name\":\"Electronica - IndTESA\",\"description\":\"\",\"publisher\":{\"@id\":\"https:\/\/indtesa-electronica.com\/#organization\"},\"potentialAction\":[{\"@type\":\"SearchAction\",\"target\":{\"@type\":\"EntryPoint\",\"urlTemplate\":\"https:\/\/indtesa-electronica.com\/?s={search_term_string}\"},\"query-input\":{\"@type\":\"PropertyValueSpecification\",\"valueRequired\":true,\"valueName\":\"search_term_string\"}}],\"inLanguage\":\"en-US\"},{\"@type\":\"Organization\",\"@id\":\"https:\/\/indtesa-electronica.com\/#organization\",\"name\":\"Industrial TESA S.A.S. de C.V.\",\"url\":\"https:\/\/indtesa-electronica.com\/\",\"logo\":{\"@type\":\"ImageObject\",\"inLanguage\":\"en-US\",\"@id\":\"https:\/\/indtesa-electronica.com\/#\/schema\/logo\/image\/\",\"url\":\"\",\"contentUrl\":\"\",\"caption\":\"Industrial TESA S.A.S. de C.V.\"},\"image\":{\"@id\":\"https:\/\/indtesa-electronica.com\/#\/schema\/logo\/image\/\"}}]}<\/script>\n<!-- \/ Yoast SEO plugin. -->","yoast_head_json":{"title":"Multimetro, Modelo UT33A+ | IndTESA","robots":{"index":"index","follow":"follow","max-snippet":"max-snippet:-1","max-image-preview":"max-image-preview:large","max-video-preview":"max-video-preview:-1"},"canonical":"https:\/\/indtesa-electronica.com\/en\/tienda-en-linea\/herramientas\/instrumentos-de-medicion\/multimetro-modelo-ut33a\/","og_locale":"en_US","og_type":"article","og_title":"Multimetro, Modelo UT33A+ | IndTESA","og_description":"La nueva generaci\u00f3n de la serie UT33+ redefine los est\u00e1ndares de rendimiento de los mult\u00edmetros digitales b\u00e1sicos. Nuestro innovador dise\u00f1o industrial garantiza que estos productos puedan soportar ca\u00eddas de 2 metros. La nueva disposici\u00f3n de la pantalla LCD proporciona una mejor experiencia de usuario. Esta serie garantiza que los usuarios puedan trabajar con seguridad en [&hellip;]","og_url":"https:\/\/indtesa-electronica.com\/en\/tienda-en-linea\/herramientas\/instrumentos-de-medicion\/multimetro-modelo-ut33a\/","og_site_name":"IndTESA","article_modified_time":"2025-03-01T17:20:19+00:00","og_image":[{"width":599,"height":600,"url":"https:\/\/indtesa-electronica.com\/wp-content\/uploads\/2024\/11\/Multimetro-Modelo-UT33A-png.webp","type":"image\/png"}],"twitter_card":"summary_large_image","twitter_misc":{"Est. reading time":"2 minutes"},"schema":{"@context":"https:\/\/schema.org","@graph":[{"@type":"WebPage","@id":"https:\/\/indtesa-electronica.com\/tienda-en-linea\/herramientas\/instrumentos-de-medicion\/multimetro-modelo-ut33a\/","url":"https:\/\/indtesa-electronica.com\/tienda-en-linea\/herramientas\/instrumentos-de-medicion\/multimetro-modelo-ut33a\/","name":"Multimetro, Modelo UT33A+ | IndTESA","isPartOf":{"@id":"https:\/\/indtesa-electronica.com\/#website"},"primaryImageOfPage":{"@id":"https:\/\/indtesa-electronica.com\/tienda-en-linea\/herramientas\/instrumentos-de-medicion\/multimetro-modelo-ut33a\/#primaryimage"},"image":{"@id":"https:\/\/indtesa-electronica.com\/tienda-en-linea\/herramientas\/instrumentos-de-medicion\/multimetro-modelo-ut33a\/#primaryimage"},"thumbnailUrl":"https:\/\/indtesa-electronica.com\/wp-content\/uploads\/2024\/11\/Multimetro-Modelo-UT33A-png.webp","datePublished":"2024-11-23T19:28:33+00:00","dateModified":"2025-03-01T17:20:19+00:00","breadcrumb":{"@id":"https:\/\/indtesa-electronica.com\/tienda-en-linea\/herramientas\/instrumentos-de-medicion\/multimetro-modelo-ut33a\/#breadcrumb"},"inLanguage":"en-US","potentialAction":[{"@type":"ReadAction","target":["https:\/\/indtesa-electronica.com\/tienda-en-linea\/herramientas\/instrumentos-de-medicion\/multimetro-modelo-ut33a\/"]}]},{"@type":"ImageObject","inLanguage":"en-US","@id":"https:\/\/indtesa-electronica.com\/tienda-en-linea\/herramientas\/instrumentos-de-medicion\/multimetro-modelo-ut33a\/#primaryimage","url":"https:\/\/indtesa-electronica.com\/wp-content\/uploads\/2024\/11\/Multimetro-Modelo-UT33A-png.webp","contentUrl":"https:\/\/indtesa-electronica.com\/wp-content\/uploads\/2024\/11\/Multimetro-Modelo-UT33A-png.webp","width":599,"height":600},{"@type":"BreadcrumbList","@id":"https:\/\/indtesa-electronica.com\/tienda-en-linea\/herramientas\/instrumentos-de-medicion\/multimetro-modelo-ut33a\/#breadcrumb","itemListElement":[{"@type":"ListItem","position":1,"name":"Inicio","item":"https:\/\/indtesa-electronica.com\/"},{"@type":"ListItem","position":2,"name":"Tienda en linea","item":"https:\/\/indtesa-electronica.com\/tienda-en-linea\/"},{"@type":"ListItem","position":3,"name":"Multimetro, Modelo UT33A+"}]},{"@type":"WebSite","@id":"https:\/\/indtesa-electronica.com\/#website","url":"https:\/\/indtesa-electronica.com\/","name":"Electronica - IndTESA","description":"","publisher":{"@id":"https:\/\/indtesa-electronica.com\/#organization"},"potentialAction":[{"@type":"SearchAction","target":{"@type":"EntryPoint","urlTemplate":"https:\/\/indtesa-electronica.com\/?s={search_term_string}"},"query-input":{"@type":"PropertyValueSpecification","valueRequired":true,"valueName":"search_term_string"}}],"inLanguage":"en-US"},{"@type":"Organization","@id":"https:\/\/indtesa-electronica.com\/#organization","name":"Industrial TESA S.A.S. de C.V.","url":"https:\/\/indtesa-electronica.com\/","logo":{"@type":"ImageObject","inLanguage":"en-US","@id":"https:\/\/indtesa-electronica.com\/#\/schema\/logo\/image\/","url":"","contentUrl":"","caption":"Industrial TESA S.A.S. de C.V."},"image":{"@id":"https:\/\/indtesa-electronica.com\/#\/schema\/logo\/image\/"}}]}},"jetpack_sharing_enabled":true,"tiered_pricing_type":"fixed","tiered_pricing_fixed_rules":[],"tiered_pricing_product_settings":{"layout":"default","base_unit_name":{"singular":null,"plural":null},"default_variation":null},"tiered_pricing_minimum_quantity":null,"tiered_pricing_roles_data":[],"tiered_pricing_percentage_rules":[],"_links":{"self":[{"href":"https:\/\/indtesa-electronica.com\/en\/wp-json\/wp\/v2\/product\/16394","targetHints":{"allow":["GET"]}}],"collection":[{"href":"https:\/\/indtesa-electronica.com\/en\/wp-json\/wp\/v2\/product"}],"about":[{"href":"https:\/\/indtesa-electronica.com\/en\/wp-json\/wp\/v2\/types\/product"}],"wp:featuredmedia":[{"embeddable":true,"href":"https:\/\/indtesa-electronica.com\/en\/wp-json\/wp\/v2\/media\/16395"}],"wp:attachment":[{"href":"https:\/\/indtesa-electronica.com\/en\/wp-json\/wp\/v2\/media?parent=16394"}],"wp:term":[{"taxonomy":"product_brand","embeddable":true,"href":"https:\/\/indtesa-electronica.com\/en\/wp-json\/wp\/v2\/product_brand?post=16394"},{"taxonomy":"product_cat","embeddable":true,"href":"https:\/\/indtesa-electronica.com\/en\/wp-json\/wp\/v2\/product_cat?post=16394"},{"taxonomy":"product_tag","embeddable":true,"href":"https:\/\/indtesa-electronica.com\/en\/wp-json\/wp\/v2\/product_tag?post=16394"}],"curies":[{"name":"wp","href":"https:\/\/api.w.org\/{rel}","templated":true}]}}