{"id":16399,"date":"2024-11-23T20:31:34","date_gmt":"2024-11-23T20:31:34","guid":{"rendered":"https:\/\/indtesa-electronica.com\/?post_type=product&#038;p=16399"},"modified":"2025-03-01T17:19:50","modified_gmt":"2025-03-01T17:19:50","slug":"multimetro-automotriz-modelo-ut105","status":"publish","type":"product","link":"https:\/\/indtesa-electronica.com\/en\/tienda-en-linea\/herramientas\/instrumentos-de-medicion\/multimetro-automotriz-modelo-ut105\/","title":{"rendered":"Multimetro Automotriz, Modelo UT105+"},"content":{"rendered":"<p>Los Multimetros Automotriz UT105+ presentan funciones de medici\u00f3n, precisi\u00f3n y carcasa del medidor actualizadas para realizar pruebas en veh\u00edculos convencionales e h\u00edbridos. Esta serie contiene todas las funciones fiables del mult\u00edmetro tradicional y, adem\u00e1s, ofrece RPM, \u00e1ngulo de permanencia, ancho de pulso y prueba de bater\u00eda.<\/p>\n<p>El rango de medici\u00f3n de 1000 V de tensi\u00f3n CA\/CC y 10 A de corriente CA\/CC (20 A durante 10 s como m\u00e1ximo) es adecuado para la mayor\u00eda de las instalaciones el\u00e9ctricas y de mantenimiento de veh\u00edculos. El modo VFC hasta 1000 V permite a los usuarios realizar mediciones precisas en accionamientos de motores de frecuencia variable, bombas de agua y sistemas HVAC.<\/p>\n<p>El UT105+ es un Multimetro Automotriz True RMS que cumple la clasificaci\u00f3n de seguridad CAT II 1000V\/CAT III 600V. El UT105+ est\u00e1 dise\u00f1ado para la localizaci\u00f3n b\u00e1sica de aver\u00edas en veh\u00edculos con una pantalla de 4000 recuentos.<\/p>\n<p>Caracter\u00edsticas de Multimetro Automotriz UT105+<\/p>\n<p>\u25cf True RMS<br \/>\n\u25cf Medici\u00f3n de tensi\u00f3n CA\/CC de 1000V<br \/>\n\u25cf Medici\u00f3n de corriente CA\/CC de 20A (20A durante 10s como m\u00e1ximo).<br \/>\n\u25cf Medici\u00f3n de tensi\u00f3n VFC 1000V<br \/>\n\u25cf \u00c1ngulo de permanencia 1-8CYL<br \/>\n\u25cf RPM 2STR\/4STR<\/p>\n<p>\u25cf Temperatura\/Resistencia\/Frecuencia<br \/>\n\u25cf Retenci\u00f3n de datos\/Modo relativo\/Ciclo de trabajo<br \/>\n\u25cf Diodo\/Transistor<br \/>\n\u25cf Luz de fondo<br \/>\n\u25cf CAT II 1000V \/ CAT III 600V<\/p>\n<p>&nbsp;<\/p>\n<div class=\"vc_section pro-detail-tab-section vc_custom_1635995671130 wpex-vc-row-stretched\" data-vc-full-width=\"true\" data-vc-full-width-init=\"true\" data-vc-stretch-content=\"true\">\n<div class=\"vc_row wpb_row vc_row-fluid product-tab-row vc_custom_1635996350878 wpex-vc-row-stretched\" data-vc-full-width=\"true\" data-vc-full-width-init=\"true\">\n<div class=\"wpb_column vc_column_container vc_col-sm-12\">\n<div class=\"vc_column-inner\">\n<div class=\"wpb_wrapper\">\n<div class=\"vc_tta-container\" data-vc-action=\"collapse\">\n<div class=\"vc_general vc_tta vc_tta-tabs vc_tta-color-white vc_tta-style-classic vc_tta-shape-rounded vc_tta-spacing-1 vc_tta-tabs-position-top vc_tta-controls-align-center\">\n<div class=\"vc_tta-panels-container\">\n<div class=\"vc_tta-panels\">\n<div id=\"Specifications\" class=\"vc_tta-panel vc_active\" data-vc-content=\".vc_tta-panel-body\">\n<div class=\"vc_tta-panel-body\" role=\"tabpanel\">\n<div class=\"vc_row wpb_row vc_inner vc_row-fluid vc_custom_1636008127764\">\n<div class=\"wpb_column product-table-col vc_column_container vc_col-sm-12\">\n<div class=\"vc_column-inner\">\n<div class=\"wpb_wrapper\">\n<div class=\"wpb_text_column wpb_content_element product-table-style2 columns-4 wpex-rcss-4\" data-wpex-rcss=\"{&quot;font-size&quot;:{&quot;d&quot;:&quot;16px&quot;,&quot;pl&quot;:&quot;14px&quot;,&quot;pp&quot;:&quot;13px&quot;}}\">\n<div class=\"wpb_wrapper\">\n<table class=\"smalltable\" width=\"808\">\n<tbody>\n<tr>\n<td width=\"223\">Especificaciones<\/td>\n<td width=\"335\">Rango<\/td>\n<td width=\"125\">UT105+<\/td>\n<td width=\"125\">UT107+<\/td>\n<\/tr>\n<tr>\n<td rowspan=\"2\">DC voltaje (V)<\/td>\n<td width=\"335\">400mV\/4V\/40V\/400V\/1000V<\/td>\n<td>\u00b1(0.5%+3)<\/td>\n<td><\/td>\n<\/tr>\n<tr>\n<td width=\"335\">600mV\/6V\/60V\/600V\/1000V<\/td>\n<td><\/td>\n<td>\u00b1(0.5%+3)<\/td>\n<\/tr>\n<tr>\n<td rowspan=\"2\">AC voltaje (V)<\/td>\n<td width=\"335\">4V\/40V\/400V\/1000V<\/td>\n<td>\u00b1(0.8%+3)<\/td>\n<td><\/td>\n<\/tr>\n<tr>\n<td width=\"335\">6V\/60V\/600V\/1000V<\/td>\n<td><\/td>\n<td>\u00b1(0.8%+3)<\/td>\n<\/tr>\n<tr>\n<td rowspan=\"2\">AC corriente (A)<\/td>\n<td width=\"335\">4mA\/40mA\/400mA\/10A (20A for 10s max)<\/td>\n<td>\u00b1(1.0%+8)<\/td>\n<td><\/td>\n<\/tr>\n<tr>\n<td width=\"335\">6mA\/60mA\/600mA\/10A (20A for 10s max)<\/td>\n<td><\/td>\n<td>\u00b1(1.0%+8)<\/td>\n<\/tr>\n<tr>\n<td rowspan=\"2\">DC corriente (A)<\/td>\n<td width=\"335\">4mA\/40mA\/400mA\/10A (20A for 10s max)<\/td>\n<td>\u00b1(0.8%+8)<\/td>\n<td><\/td>\n<\/tr>\n<tr>\n<td width=\"335\">6mA\/60mA\/600mA\/10A (20A for 10s max)<\/td>\n<td><\/td>\n<td>\u00b1(0.8%+8)<\/td>\n<\/tr>\n<tr>\n<td rowspan=\"2\">Resistencia (\u03a9)<\/td>\n<td>400\u03a9\/4K\u03a9\/40K\u03a9\/400K\u03a9\/4M\u03a9\/40M\u03a9<\/td>\n<td>\u00b1(0.8%+3)<\/td>\n<td><\/td>\n<\/tr>\n<tr>\n<td>600\u03a9\/6K\u03a9\/60K\u03a9\/600K\u03a9\/6M\u03a9\/60M\u03a9<\/td>\n<td><\/td>\n<td>\u00b1(0.8%+3)<\/td>\n<\/tr>\n<tr>\n<td>Capacitancia (F)<\/td>\n<td>6nF\/60nF\/600nF\/6uF\/60uF\/600uF\/6mF\/60mF\/100mF<\/td>\n<td><\/td>\n<td>\u00b1(3%+10)<\/td>\n<\/tr>\n<tr>\n<td>Frecuencia (Hz)<\/td>\n<td>10Hz~10MHz<\/td>\n<td>\u00b1(0.1%+5\uff09<\/td>\n<td>\u00b1(0.1%+5)<\/td>\n<\/tr>\n<tr>\n<td>Temperatura (\u2103)<\/td>\n<td>-40\u2103~1000\u2103<\/td>\n<td>\u00b1(1.0%+3)<\/td>\n<td>\u00b1(1.0%+3)<\/td>\n<\/tr>\n<tr>\n<td>Temperatura (\u2109)<\/td>\n<td>-40\u2109~1832\u2109<\/td>\n<td>\u00b1(1.5%+5)<\/td>\n<td>\u00b1(1.5%+5)<\/td>\n<\/tr>\n<tr>\n<td>VFC<\/td>\n<td>1000V<\/td>\n<td>\u00b1(2.0%+10)<\/td>\n<td>\u00b1(2.0%+10)<\/td>\n<\/tr>\n<tr>\n<td rowspan=\"2\">RPM<\/td>\n<td>2STR<\/td>\n<td>\u00b1(3.0%+5)<\/td>\n<td>\u00b1(3.0%+5)<\/td>\n<\/tr>\n<tr>\n<td>4STR<\/td>\n<td>\u00b1(3.0%+3)<\/td>\n<td>\u00b1(3.0%+3)<\/td>\n<\/tr>\n<tr>\n<td>\u00c1ngulo de permanencia<\/td>\n<td width=\"335\">1CYL(0\uff5e356.4\u00b0)\/2CYL(0\uff5e178.2\u00b0)\/3CYL(0\uff5e118.8\u00b0)\/4CYL(0\uff5e89.1\u00b0)\/5CYL(0\uff5e71.3\u00b0)\/6CYL(0\uff5e59.4\u00b0)\/8CYL(0\uff5e44.5\u00b0)<\/td>\n<td>\u00b1(3.0%+5)<\/td>\n<td>\u00b1(3.0%+5)<\/td>\n<\/tr>\n<tr>\n<td>Ancho de pulso<\/td>\n<td>999.9mS<\/td>\n<td><\/td>\n<td>\u00b1(1.5%+10)<\/td>\n<\/tr>\n<tr>\n<td colspan=\"4\">Caracter\u00edsticas<\/td>\n<\/tr>\n<tr>\n<td>Contador de Display<\/td>\n<td><\/td>\n<td width=\"125\">4000<\/td>\n<td width=\"125\">6000<\/td>\n<\/tr>\n<tr>\n<td>Rango Manual<\/td>\n<td><\/td>\n<td width=\"125\">\u221a<\/td>\n<td width=\"125\">\u221a<\/td>\n<\/tr>\n<tr>\n<td>Continuidad\/diodos\/transistores<\/td>\n<td><\/td>\n<td width=\"125\">\u221a<\/td>\n<td width=\"125\">\u221a<\/td>\n<\/tr>\n<tr>\n<td>Ciclo de trabajo<\/td>\n<td><\/td>\n<td width=\"125\">\u221a<\/td>\n<td width=\"125\">\u221a<\/td>\n<\/tr>\n<tr>\n<td>Alarma de alta tensi\u00f3n<\/td>\n<td><\/td>\n<td width=\"125\">\u221a<\/td>\n<td width=\"125\">\u221a<\/td>\n<\/tr>\n<tr>\n<td>Alarma de sobrecarga de alta tensi\u00f3n<\/td>\n<td><\/td>\n<td width=\"125\">\u221a<\/td>\n<td width=\"125\">\u221a<\/td>\n<\/tr>\n<tr>\n<td>Alarma de corriente grande<\/td>\n<td><\/td>\n<td width=\"125\">\u221a<\/td>\n<td width=\"125\">\u221a<\/td>\n<\/tr>\n<tr>\n<td>Indicaci\u00f3n de bater\u00eda baja<\/td>\n<td>\uff1c Aproximadamente 2.4V<\/td>\n<td width=\"125\">\u221a<\/td>\n<td width=\"125\">\u221a<\/td>\n<\/tr>\n<tr>\n<td>Luz de fondo<\/td>\n<td><\/td>\n<td width=\"125\">\u221a<\/td>\n<td width=\"125\">\u221a<\/td>\n<\/tr>\n<tr>\n<td>Apagado autom\u00e1tico<\/td>\n<td>\u00a0Aproximadamente 15 minutos<\/td>\n<td width=\"125\">\u221a<\/td>\n<td width=\"125\">\u221a<\/td>\n<\/tr>\n<tr>\n<td>Retenci\u00f3n de datos<\/td>\n<td><\/td>\n<td width=\"125\">\u221a<\/td>\n<td width=\"125\">\u221a<\/td>\n<\/tr>\n<tr>\n<td>Modo Max\/Min\/Relativo<\/td>\n<td><\/td>\n<td width=\"125\">\u221a<\/td>\n<td width=\"125\">\u221a<\/td>\n<\/tr>\n<tr>\n<td>VFC<\/td>\n<td><\/td>\n<td width=\"125\">\u221a<\/td>\n<td width=\"125\">\u221a<\/td>\n<\/tr>\n<tr>\n<td>Prueba de bater\u00eda de 12 V<\/td>\n<td><\/td>\n<td width=\"125\"><\/td>\n<td width=\"125\">\u221a<\/td>\n<\/tr>\n<tr>\n<td>\u00cdndice de seguridad<\/td>\n<td colspan=\"3\" width=\"585\">CAT II 1000V\/CAT III 600V<\/td>\n<\/tr>\n<tr>\n<td colspan=\"4\">Caracter\u00edsticas generales<\/td>\n<\/tr>\n<tr>\n<td>Potencia<\/td>\n<td colspan=\"3\" width=\"585\">AAA 1.5V x2<\/td>\n<\/tr>\n<tr>\n<td>Color del producto<\/td>\n<td colspan=\"3\" width=\"585\">Rojo y gris<\/td>\n<\/tr>\n<tr>\n<td>Peso neto del producto<\/td>\n<td colspan=\"3\">348 g (pilas incluidas)<\/td>\n<\/tr>\n<tr>\n<td>Tama\u00f1o del producto<\/td>\n<td colspan=\"3\" width=\"585\">183 x 88 x 56mm<\/td>\n<\/tr>\n<tr>\n<td>Accesorios est\u00e1ndar<\/td>\n<td colspan=\"3\" width=\"585\">Manual en ingl\u00e9s, cables de prueba, pilas, sonda de temperatura<\/td>\n<\/tr>\n<tr>\n<td>Embalaje individual est\u00e1ndar<\/td>\n<td colspan=\"3\" width=\"585\">Caja de regalo, bolsa de transporte<\/td>\n<\/tr>\n<tr>\n<td>Cantidad est\u00e1ndar por caja<\/td>\n<td colspan=\"3\" width=\"585\">20 piezas<\/td>\n<\/tr>\n<tr>\n<td>Medida est\u00e1ndar del cart\u00f3n<\/td>\n<td colspan=\"3\" width=\"585\">420\u00d7320\u00d7300mm<\/td>\n<\/tr>\n<\/tbody>\n<\/table>\n<\/div>\n<\/div>\n<\/div>\n<\/div>\n<\/div>\n<\/div>\n<\/div>\n<\/div>\n<\/div>\n<\/div>\n<\/div>\n<\/div>\n<\/div>\n<\/div>\n<\/div>\n<\/div>\n<\/div>","protected":false},"excerpt":{"rendered":"<p>Los Multimetros Automotriz UT105+ presentan funciones de medici\u00f3n, precisi\u00f3n y carcasa del medidor actualizadas para realizar pruebas en veh\u00edculos convencionales e h\u00edbridos. Esta serie contiene todas las funciones fiables del mult\u00edmetro tradicional y, adem\u00e1s, ofrece RPM, \u00e1ngulo de permanencia, ancho de pulso y prueba de bater\u00eda. El rango de medici\u00f3n de 1000 V de tensi\u00f3n [&hellip;]<\/p>\n","protected":false},"featured_media":16400,"template":"","meta":{"_gspb_post_css":""},"product_brand":[],"product_cat":[103],"product_tag":[],"class_list":{"0":"post-16399","1":"product","2":"type-product","3":"status-publish","4":"has-post-thumbnail","6":"product_cat-instrumentos-de-medicion","8":"first","9":"instock","10":"taxable","11":"shipping-taxable","12":"product-type-simple"},"ct_brands":[],"yoast_head":"<!-- This site is optimized with the Yoast SEO plugin v27.1.1 - https:\/\/yoast.com\/product\/yoast-seo-wordpress\/ -->\n<title>Multimetro Automotriz, Modelo UT105+ | IndTESA<\/title>\n<meta name=\"robots\" content=\"index, follow, max-snippet:-1, max-image-preview:large, max-video-preview:-1\" \/>\n<link rel=\"canonical\" href=\"https:\/\/indtesa-electronica.com\/en\/tienda-en-linea\/herramientas\/instrumentos-de-medicion\/multimetro-automotriz-modelo-ut105\/\" \/>\n<meta property=\"og:locale\" content=\"en_US\" \/>\n<meta property=\"og:type\" content=\"article\" \/>\n<meta property=\"og:title\" content=\"Multimetro Automotriz, Modelo UT105+ | IndTESA\" \/>\n<meta property=\"og:description\" content=\"Los Multimetros Automotriz UT105+ presentan funciones de medici\u00f3n, precisi\u00f3n y carcasa del medidor actualizadas para realizar pruebas en veh\u00edculos convencionales e h\u00edbridos. Esta serie contiene todas las funciones fiables del mult\u00edmetro tradicional y, adem\u00e1s, ofrece RPM, \u00e1ngulo de permanencia, ancho de pulso y prueba de bater\u00eda. El rango de medici\u00f3n de 1000 V de tensi\u00f3n [&hellip;]\" \/>\n<meta property=\"og:url\" content=\"https:\/\/indtesa-electronica.com\/en\/tienda-en-linea\/herramientas\/instrumentos-de-medicion\/multimetro-automotriz-modelo-ut105\/\" \/>\n<meta property=\"og:site_name\" content=\"IndTESA\" \/>\n<meta property=\"article:modified_time\" content=\"2025-03-01T17:19:50+00:00\" \/>\n<meta property=\"og:image\" content=\"https:\/\/indtesa-electronica.com\/wp-content\/uploads\/2024\/11\/Multimetro-Modelo-UT105-png.webp\" \/>\n\t<meta property=\"og:image:width\" content=\"600\" \/>\n\t<meta property=\"og:image:height\" content=\"600\" \/>\n\t<meta property=\"og:image:type\" content=\"image\/png\" \/>\n<meta name=\"twitter:card\" content=\"summary_large_image\" \/>\n<meta name=\"twitter:label1\" content=\"Est. reading time\" \/>\n\t<meta name=\"twitter:data1\" content=\"3 minutes\" \/>\n<script type=\"application\/ld+json\" class=\"yoast-schema-graph\">{\"@context\":\"https:\/\/schema.org\",\"@graph\":[{\"@type\":\"WebPage\",\"@id\":\"https:\/\/indtesa-electronica.com\/tienda-en-linea\/herramientas\/instrumentos-de-medicion\/multimetro-automotriz-modelo-ut105\/\",\"url\":\"https:\/\/indtesa-electronica.com\/tienda-en-linea\/herramientas\/instrumentos-de-medicion\/multimetro-automotriz-modelo-ut105\/\",\"name\":\"Multimetro Automotriz, Modelo UT105+ | IndTESA\",\"isPartOf\":{\"@id\":\"https:\/\/indtesa-electronica.com\/#website\"},\"primaryImageOfPage\":{\"@id\":\"https:\/\/indtesa-electronica.com\/tienda-en-linea\/herramientas\/instrumentos-de-medicion\/multimetro-automotriz-modelo-ut105\/#primaryimage\"},\"image\":{\"@id\":\"https:\/\/indtesa-electronica.com\/tienda-en-linea\/herramientas\/instrumentos-de-medicion\/multimetro-automotriz-modelo-ut105\/#primaryimage\"},\"thumbnailUrl\":\"https:\/\/indtesa-electronica.com\/wp-content\/uploads\/2024\/11\/Multimetro-Modelo-UT105-png.webp\",\"datePublished\":\"2024-11-23T20:31:34+00:00\",\"dateModified\":\"2025-03-01T17:19:50+00:00\",\"breadcrumb\":{\"@id\":\"https:\/\/indtesa-electronica.com\/tienda-en-linea\/herramientas\/instrumentos-de-medicion\/multimetro-automotriz-modelo-ut105\/#breadcrumb\"},\"inLanguage\":\"en-US\",\"potentialAction\":[{\"@type\":\"ReadAction\",\"target\":[\"https:\/\/indtesa-electronica.com\/tienda-en-linea\/herramientas\/instrumentos-de-medicion\/multimetro-automotriz-modelo-ut105\/\"]}]},{\"@type\":\"ImageObject\",\"inLanguage\":\"en-US\",\"@id\":\"https:\/\/indtesa-electronica.com\/tienda-en-linea\/herramientas\/instrumentos-de-medicion\/multimetro-automotriz-modelo-ut105\/#primaryimage\",\"url\":\"https:\/\/indtesa-electronica.com\/wp-content\/uploads\/2024\/11\/Multimetro-Modelo-UT105-png.webp\",\"contentUrl\":\"https:\/\/indtesa-electronica.com\/wp-content\/uploads\/2024\/11\/Multimetro-Modelo-UT105-png.webp\",\"width\":600,\"height\":600},{\"@type\":\"BreadcrumbList\",\"@id\":\"https:\/\/indtesa-electronica.com\/tienda-en-linea\/herramientas\/instrumentos-de-medicion\/multimetro-automotriz-modelo-ut105\/#breadcrumb\",\"itemListElement\":[{\"@type\":\"ListItem\",\"position\":1,\"name\":\"Inicio\",\"item\":\"https:\/\/indtesa-electronica.com\/\"},{\"@type\":\"ListItem\",\"position\":2,\"name\":\"Tienda en linea\",\"item\":\"https:\/\/indtesa-electronica.com\/tienda-en-linea\/\"},{\"@type\":\"ListItem\",\"position\":3,\"name\":\"Multimetro Automotriz, Modelo UT105+\"}]},{\"@type\":\"WebSite\",\"@id\":\"https:\/\/indtesa-electronica.com\/#website\",\"url\":\"https:\/\/indtesa-electronica.com\/\",\"name\":\"Electronica - IndTESA\",\"description\":\"\",\"publisher\":{\"@id\":\"https:\/\/indtesa-electronica.com\/#organization\"},\"potentialAction\":[{\"@type\":\"SearchAction\",\"target\":{\"@type\":\"EntryPoint\",\"urlTemplate\":\"https:\/\/indtesa-electronica.com\/?s={search_term_string}\"},\"query-input\":{\"@type\":\"PropertyValueSpecification\",\"valueRequired\":true,\"valueName\":\"search_term_string\"}}],\"inLanguage\":\"en-US\"},{\"@type\":\"Organization\",\"@id\":\"https:\/\/indtesa-electronica.com\/#organization\",\"name\":\"Industrial TESA S.A.S. de C.V.\",\"url\":\"https:\/\/indtesa-electronica.com\/\",\"logo\":{\"@type\":\"ImageObject\",\"inLanguage\":\"en-US\",\"@id\":\"https:\/\/indtesa-electronica.com\/#\/schema\/logo\/image\/\",\"url\":\"\",\"contentUrl\":\"\",\"caption\":\"Industrial TESA S.A.S. de C.V.\"},\"image\":{\"@id\":\"https:\/\/indtesa-electronica.com\/#\/schema\/logo\/image\/\"}}]}<\/script>\n<!-- \/ Yoast SEO plugin. -->","yoast_head_json":{"title":"Multimetro Automotriz, Modelo UT105+ | IndTESA","robots":{"index":"index","follow":"follow","max-snippet":"max-snippet:-1","max-image-preview":"max-image-preview:large","max-video-preview":"max-video-preview:-1"},"canonical":"https:\/\/indtesa-electronica.com\/en\/tienda-en-linea\/herramientas\/instrumentos-de-medicion\/multimetro-automotriz-modelo-ut105\/","og_locale":"en_US","og_type":"article","og_title":"Multimetro Automotriz, Modelo UT105+ | IndTESA","og_description":"Los Multimetros Automotriz UT105+ presentan funciones de medici\u00f3n, precisi\u00f3n y carcasa del medidor actualizadas para realizar pruebas en veh\u00edculos convencionales e h\u00edbridos. Esta serie contiene todas las funciones fiables del mult\u00edmetro tradicional y, adem\u00e1s, ofrece RPM, \u00e1ngulo de permanencia, ancho de pulso y prueba de bater\u00eda. El rango de medici\u00f3n de 1000 V de tensi\u00f3n [&hellip;]","og_url":"https:\/\/indtesa-electronica.com\/en\/tienda-en-linea\/herramientas\/instrumentos-de-medicion\/multimetro-automotriz-modelo-ut105\/","og_site_name":"IndTESA","article_modified_time":"2025-03-01T17:19:50+00:00","og_image":[{"width":600,"height":600,"url":"https:\/\/indtesa-electronica.com\/wp-content\/uploads\/2024\/11\/Multimetro-Modelo-UT105-png.webp","type":"image\/png"}],"twitter_card":"summary_large_image","twitter_misc":{"Est. reading time":"3 minutes"},"schema":{"@context":"https:\/\/schema.org","@graph":[{"@type":"WebPage","@id":"https:\/\/indtesa-electronica.com\/tienda-en-linea\/herramientas\/instrumentos-de-medicion\/multimetro-automotriz-modelo-ut105\/","url":"https:\/\/indtesa-electronica.com\/tienda-en-linea\/herramientas\/instrumentos-de-medicion\/multimetro-automotriz-modelo-ut105\/","name":"Multimetro Automotriz, Modelo UT105+ | IndTESA","isPartOf":{"@id":"https:\/\/indtesa-electronica.com\/#website"},"primaryImageOfPage":{"@id":"https:\/\/indtesa-electronica.com\/tienda-en-linea\/herramientas\/instrumentos-de-medicion\/multimetro-automotriz-modelo-ut105\/#primaryimage"},"image":{"@id":"https:\/\/indtesa-electronica.com\/tienda-en-linea\/herramientas\/instrumentos-de-medicion\/multimetro-automotriz-modelo-ut105\/#primaryimage"},"thumbnailUrl":"https:\/\/indtesa-electronica.com\/wp-content\/uploads\/2024\/11\/Multimetro-Modelo-UT105-png.webp","datePublished":"2024-11-23T20:31:34+00:00","dateModified":"2025-03-01T17:19:50+00:00","breadcrumb":{"@id":"https:\/\/indtesa-electronica.com\/tienda-en-linea\/herramientas\/instrumentos-de-medicion\/multimetro-automotriz-modelo-ut105\/#breadcrumb"},"inLanguage":"en-US","potentialAction":[{"@type":"ReadAction","target":["https:\/\/indtesa-electronica.com\/tienda-en-linea\/herramientas\/instrumentos-de-medicion\/multimetro-automotriz-modelo-ut105\/"]}]},{"@type":"ImageObject","inLanguage":"en-US","@id":"https:\/\/indtesa-electronica.com\/tienda-en-linea\/herramientas\/instrumentos-de-medicion\/multimetro-automotriz-modelo-ut105\/#primaryimage","url":"https:\/\/indtesa-electronica.com\/wp-content\/uploads\/2024\/11\/Multimetro-Modelo-UT105-png.webp","contentUrl":"https:\/\/indtesa-electronica.com\/wp-content\/uploads\/2024\/11\/Multimetro-Modelo-UT105-png.webp","width":600,"height":600},{"@type":"BreadcrumbList","@id":"https:\/\/indtesa-electronica.com\/tienda-en-linea\/herramientas\/instrumentos-de-medicion\/multimetro-automotriz-modelo-ut105\/#breadcrumb","itemListElement":[{"@type":"ListItem","position":1,"name":"Inicio","item":"https:\/\/indtesa-electronica.com\/"},{"@type":"ListItem","position":2,"name":"Tienda en linea","item":"https:\/\/indtesa-electronica.com\/tienda-en-linea\/"},{"@type":"ListItem","position":3,"name":"Multimetro Automotriz, Modelo UT105+"}]},{"@type":"WebSite","@id":"https:\/\/indtesa-electronica.com\/#website","url":"https:\/\/indtesa-electronica.com\/","name":"Electronica - IndTESA","description":"","publisher":{"@id":"https:\/\/indtesa-electronica.com\/#organization"},"potentialAction":[{"@type":"SearchAction","target":{"@type":"EntryPoint","urlTemplate":"https:\/\/indtesa-electronica.com\/?s={search_term_string}"},"query-input":{"@type":"PropertyValueSpecification","valueRequired":true,"valueName":"search_term_string"}}],"inLanguage":"en-US"},{"@type":"Organization","@id":"https:\/\/indtesa-electronica.com\/#organization","name":"Industrial TESA S.A.S. de C.V.","url":"https:\/\/indtesa-electronica.com\/","logo":{"@type":"ImageObject","inLanguage":"en-US","@id":"https:\/\/indtesa-electronica.com\/#\/schema\/logo\/image\/","url":"","contentUrl":"","caption":"Industrial TESA S.A.S. de C.V."},"image":{"@id":"https:\/\/indtesa-electronica.com\/#\/schema\/logo\/image\/"}}]}},"jetpack_sharing_enabled":true,"tiered_pricing_type":"fixed","tiered_pricing_fixed_rules":[],"tiered_pricing_product_settings":{"layout":"default","base_unit_name":{"singular":null,"plural":null},"default_variation":null},"tiered_pricing_minimum_quantity":null,"tiered_pricing_roles_data":[],"tiered_pricing_percentage_rules":[],"_links":{"self":[{"href":"https:\/\/indtesa-electronica.com\/en\/wp-json\/wp\/v2\/product\/16399","targetHints":{"allow":["GET"]}}],"collection":[{"href":"https:\/\/indtesa-electronica.com\/en\/wp-json\/wp\/v2\/product"}],"about":[{"href":"https:\/\/indtesa-electronica.com\/en\/wp-json\/wp\/v2\/types\/product"}],"wp:featuredmedia":[{"embeddable":true,"href":"https:\/\/indtesa-electronica.com\/en\/wp-json\/wp\/v2\/media\/16400"}],"wp:attachment":[{"href":"https:\/\/indtesa-electronica.com\/en\/wp-json\/wp\/v2\/media?parent=16399"}],"wp:term":[{"taxonomy":"product_brand","embeddable":true,"href":"https:\/\/indtesa-electronica.com\/en\/wp-json\/wp\/v2\/product_brand?post=16399"},{"taxonomy":"product_cat","embeddable":true,"href":"https:\/\/indtesa-electronica.com\/en\/wp-json\/wp\/v2\/product_cat?post=16399"},{"taxonomy":"product_tag","embeddable":true,"href":"https:\/\/indtesa-electronica.com\/en\/wp-json\/wp\/v2\/product_tag?post=16399"}],"curies":[{"name":"wp","href":"https:\/\/api.w.org\/{rel}","templated":true}]}}