{"id":16403,"date":"2024-11-30T17:22:16","date_gmt":"2024-11-30T17:22:16","guid":{"rendered":"https:\/\/indtesa-electronica.com\/?post_type=product&#038;p=16403"},"modified":"2025-03-07T23:48:32","modified_gmt":"2025-03-07T23:48:32","slug":"protoboard-de-830-puntos-modelo-mb-102","status":"publish","type":"product","link":"https:\/\/indtesa-electronica.com\/en\/tienda-en-linea\/proyectos-de-electronica\/herramientas-proyectos-de-electronica\/protoboard-de-830-puntos-modelo-mb-102\/","title":{"rendered":"Protoboard de 830 puntos, Modelo MB-102"},"content":{"rendered":"<p><a href=\"https:\/\/www.tiktok.com\/@indtesa_electronica\/video\/7443167573090323767?is_from_webapp=1&amp;sender_device=pc\"><img loading=\"lazy\" decoding=\"async\" class=\"banner alignnone wp-image-16419 size-full\" src=\"https:\/\/indtesa-electronica.com\/wp-content\/uploads\/2024\/11\/BANNERP-png.webp\" alt=\"\" width=\"1024\" height=\"480\" srcset=\"https:\/\/indtesa-electronica.com\/wp-content\/uploads\/2024\/11\/BANNERP-png.webp 1024w, https:\/\/indtesa-electronica.com\/wp-content\/uploads\/2024\/11\/BANNERP-300x141.webp 300w, https:\/\/indtesa-electronica.com\/wp-content\/uploads\/2024\/11\/BANNERP-768x360.webp 768w, https:\/\/indtesa-electronica.com\/wp-content\/uploads\/2024\/11\/BANNERP-18x8.webp 18w, https:\/\/indtesa-electronica.com\/wp-content\/uploads\/2024\/11\/BANNERP-500x234.webp 500w\" sizes=\"auto, (max-width: 1024px) 100vw, 1024px\" \/><\/a><\/p>\n<p>Tipo: Circuitos integrados<br \/>\nCondici\u00f3n: nuevo<br \/>\nPlaca de pruebas 830 agujeros de prueba mb102 Placa de prueba de agujeros<\/p>\n<p><strong>Par\u00e1metros del producto<\/strong><br \/>\nDos tiras de distribuci\u00f3n: 200 tomas<br \/>\nPinza de resorte niquelada de bronce fosforado<br \/>\nPuente a juego, di\u00e1metro del cable 0,8 M<br \/>\nPiezas de pl\u00e1stico: ABS<br \/>\nUso: experimento, prueba<br \/>\nTama\u00f1o del producto: 165*54*9mm\/6,49*2,12*0.35in<br \/>\nCaracter\u00edsticas:<br \/>\nSe puede reciclar, reciclar<br \/>\nEl color de la estructura es claro, f\u00e1cil de usar<br \/>\nLa Placa de pruebas se puede montar mediante unidades fijas<\/p>","protected":false},"excerpt":{"rendered":"<p>Tipo: Circuitos integrados Condici\u00f3n: nuevo Placa de pruebas 830 agujeros de prueba mb102 Placa de prueba de agujeros Par\u00e1metros del producto Dos tiras de distribuci\u00f3n: 200 tomas Pinza de resorte niquelada de bronce fosforado Puente a juego, di\u00e1metro del cable 0,8 M Piezas de pl\u00e1stico: ABS Uso: experimento, prueba Tama\u00f1o del producto: 165*54*9mm\/6,49*2,12*0.35in Caracter\u00edsticas: Se [&hellip;]<\/p>\n","protected":false},"featured_media":16405,"template":"","meta":{"_gspb_post_css":""},"product_brand":[],"product_cat":[458],"product_tag":[],"class_list":{"0":"post-16403","1":"product","2":"type-product","3":"status-publish","4":"has-post-thumbnail","6":"product_cat-herramientas-proyectos-de-electronica","8":"first","9":"instock","10":"taxable","11":"shipping-taxable","12":"purchasable","13":"product-type-simple"},"ct_brands":[],"yoast_head":"<!-- This site is optimized with the Yoast SEO plugin v27.1.1 - https:\/\/yoast.com\/product\/yoast-seo-wordpress\/ -->\n<title>Protoboard de 830 puntos, Modelo MB-102 | IndTESA<\/title>\n<meta name=\"robots\" content=\"index, follow, max-snippet:-1, max-image-preview:large, max-video-preview:-1\" \/>\n<link rel=\"canonical\" href=\"https:\/\/indtesa-electronica.com\/en\/tienda-en-linea\/proyectos-de-electronica\/herramientas-proyectos-de-electronica\/protoboard-de-830-puntos-modelo-mb-102\/\" \/>\n<meta property=\"og:locale\" content=\"en_US\" \/>\n<meta property=\"og:type\" content=\"article\" \/>\n<meta property=\"og:title\" content=\"Protoboard de 830 puntos, Modelo MB-102 | IndTESA\" \/>\n<meta property=\"og:description\" content=\"Tipo: Circuitos integrados Condici\u00f3n: nuevo Placa de pruebas 830 agujeros de prueba mb102 Placa de prueba de agujeros Par\u00e1metros del producto Dos tiras de distribuci\u00f3n: 200 tomas Pinza de resorte niquelada de bronce fosforado Puente a juego, di\u00e1metro del cable 0,8 M Piezas de pl\u00e1stico: ABS Uso: experimento, prueba Tama\u00f1o del producto: 165*54*9mm\/6,49*2,12*0.35in Caracter\u00edsticas: Se [&hellip;]\" \/>\n<meta property=\"og:url\" content=\"https:\/\/indtesa-electronica.com\/en\/tienda-en-linea\/proyectos-de-electronica\/herramientas-proyectos-de-electronica\/protoboard-de-830-puntos-modelo-mb-102\/\" \/>\n<meta property=\"og:site_name\" content=\"IndTESA\" \/>\n<meta property=\"article:modified_time\" content=\"2025-03-07T23:48:32+00:00\" \/>\n<meta property=\"og:image\" content=\"https:\/\/indtesa-electronica.com\/wp-content\/uploads\/2024\/11\/Proto-830-pts-png.webp\" \/>\n\t<meta property=\"og:image:width\" content=\"480\" \/>\n\t<meta property=\"og:image:height\" content=\"480\" \/>\n\t<meta property=\"og:image:type\" content=\"image\/png\" \/>\n<meta name=\"twitter:card\" content=\"summary_large_image\" \/>\n<meta name=\"twitter:label1\" content=\"Est. reading time\" \/>\n\t<meta name=\"twitter:data1\" content=\"1 minute\" \/>\n<script type=\"application\/ld+json\" class=\"yoast-schema-graph\">{\"@context\":\"https:\/\/schema.org\",\"@graph\":[{\"@type\":\"WebPage\",\"@id\":\"https:\/\/indtesa-electronica.com\/tienda-en-linea\/proyectos-de-electronica\/herramientas-proyectos-de-electronica\/protoboard-de-830-puntos-modelo-mb-102\/\",\"url\":\"https:\/\/indtesa-electronica.com\/tienda-en-linea\/proyectos-de-electronica\/herramientas-proyectos-de-electronica\/protoboard-de-830-puntos-modelo-mb-102\/\",\"name\":\"Protoboard de 830 puntos, Modelo MB-102 | IndTESA\",\"isPartOf\":{\"@id\":\"https:\/\/indtesa-electronica.com\/#website\"},\"primaryImageOfPage\":{\"@id\":\"https:\/\/indtesa-electronica.com\/tienda-en-linea\/proyectos-de-electronica\/herramientas-proyectos-de-electronica\/protoboard-de-830-puntos-modelo-mb-102\/#primaryimage\"},\"image\":{\"@id\":\"https:\/\/indtesa-electronica.com\/tienda-en-linea\/proyectos-de-electronica\/herramientas-proyectos-de-electronica\/protoboard-de-830-puntos-modelo-mb-102\/#primaryimage\"},\"thumbnailUrl\":\"https:\/\/indtesa-electronica.com\/wp-content\/uploads\/2024\/11\/Proto-830-pts-png.webp\",\"datePublished\":\"2024-11-30T17:22:16+00:00\",\"dateModified\":\"2025-03-07T23:48:32+00:00\",\"breadcrumb\":{\"@id\":\"https:\/\/indtesa-electronica.com\/tienda-en-linea\/proyectos-de-electronica\/herramientas-proyectos-de-electronica\/protoboard-de-830-puntos-modelo-mb-102\/#breadcrumb\"},\"inLanguage\":\"en-US\",\"potentialAction\":[{\"@type\":\"ReadAction\",\"target\":[\"https:\/\/indtesa-electronica.com\/tienda-en-linea\/proyectos-de-electronica\/herramientas-proyectos-de-electronica\/protoboard-de-830-puntos-modelo-mb-102\/\"]}]},{\"@type\":\"ImageObject\",\"inLanguage\":\"en-US\",\"@id\":\"https:\/\/indtesa-electronica.com\/tienda-en-linea\/proyectos-de-electronica\/herramientas-proyectos-de-electronica\/protoboard-de-830-puntos-modelo-mb-102\/#primaryimage\",\"url\":\"https:\/\/indtesa-electronica.com\/wp-content\/uploads\/2024\/11\/Proto-830-pts-png.webp\",\"contentUrl\":\"https:\/\/indtesa-electronica.com\/wp-content\/uploads\/2024\/11\/Proto-830-pts-png.webp\",\"width\":480,\"height\":480},{\"@type\":\"BreadcrumbList\",\"@id\":\"https:\/\/indtesa-electronica.com\/tienda-en-linea\/proyectos-de-electronica\/herramientas-proyectos-de-electronica\/protoboard-de-830-puntos-modelo-mb-102\/#breadcrumb\",\"itemListElement\":[{\"@type\":\"ListItem\",\"position\":1,\"name\":\"Inicio\",\"item\":\"https:\/\/indtesa-electronica.com\/\"},{\"@type\":\"ListItem\",\"position\":2,\"name\":\"Tienda en linea\",\"item\":\"https:\/\/indtesa-electronica.com\/tienda-en-linea\/\"},{\"@type\":\"ListItem\",\"position\":3,\"name\":\"Protoboard de 830 puntos, Modelo MB-102\"}]},{\"@type\":\"WebSite\",\"@id\":\"https:\/\/indtesa-electronica.com\/#website\",\"url\":\"https:\/\/indtesa-electronica.com\/\",\"name\":\"Electronica - IndTESA\",\"description\":\"\",\"publisher\":{\"@id\":\"https:\/\/indtesa-electronica.com\/#organization\"},\"potentialAction\":[{\"@type\":\"SearchAction\",\"target\":{\"@type\":\"EntryPoint\",\"urlTemplate\":\"https:\/\/indtesa-electronica.com\/?s={search_term_string}\"},\"query-input\":{\"@type\":\"PropertyValueSpecification\",\"valueRequired\":true,\"valueName\":\"search_term_string\"}}],\"inLanguage\":\"en-US\"},{\"@type\":\"Organization\",\"@id\":\"https:\/\/indtesa-electronica.com\/#organization\",\"name\":\"Industrial TESA S.A.S. de C.V.\",\"url\":\"https:\/\/indtesa-electronica.com\/\",\"logo\":{\"@type\":\"ImageObject\",\"inLanguage\":\"en-US\",\"@id\":\"https:\/\/indtesa-electronica.com\/#\/schema\/logo\/image\/\",\"url\":\"\",\"contentUrl\":\"\",\"caption\":\"Industrial TESA S.A.S. de C.V.\"},\"image\":{\"@id\":\"https:\/\/indtesa-electronica.com\/#\/schema\/logo\/image\/\"}}]}<\/script>\n<!-- \/ Yoast SEO plugin. -->","yoast_head_json":{"title":"Protoboard de 830 puntos, Modelo MB-102 | IndTESA","robots":{"index":"index","follow":"follow","max-snippet":"max-snippet:-1","max-image-preview":"max-image-preview:large","max-video-preview":"max-video-preview:-1"},"canonical":"https:\/\/indtesa-electronica.com\/en\/tienda-en-linea\/proyectos-de-electronica\/herramientas-proyectos-de-electronica\/protoboard-de-830-puntos-modelo-mb-102\/","og_locale":"en_US","og_type":"article","og_title":"Protoboard de 830 puntos, Modelo MB-102 | IndTESA","og_description":"Tipo: Circuitos integrados Condici\u00f3n: nuevo Placa de pruebas 830 agujeros de prueba mb102 Placa de prueba de agujeros Par\u00e1metros del producto Dos tiras de distribuci\u00f3n: 200 tomas Pinza de resorte niquelada de bronce fosforado Puente a juego, di\u00e1metro del cable 0,8 M Piezas de pl\u00e1stico: ABS Uso: experimento, prueba Tama\u00f1o del producto: 165*54*9mm\/6,49*2,12*0.35in Caracter\u00edsticas: Se [&hellip;]","og_url":"https:\/\/indtesa-electronica.com\/en\/tienda-en-linea\/proyectos-de-electronica\/herramientas-proyectos-de-electronica\/protoboard-de-830-puntos-modelo-mb-102\/","og_site_name":"IndTESA","article_modified_time":"2025-03-07T23:48:32+00:00","og_image":[{"width":480,"height":480,"url":"https:\/\/indtesa-electronica.com\/wp-content\/uploads\/2024\/11\/Proto-830-pts-png.webp","type":"image\/png"}],"twitter_card":"summary_large_image","twitter_misc":{"Est. reading time":"1 minute"},"schema":{"@context":"https:\/\/schema.org","@graph":[{"@type":"WebPage","@id":"https:\/\/indtesa-electronica.com\/tienda-en-linea\/proyectos-de-electronica\/herramientas-proyectos-de-electronica\/protoboard-de-830-puntos-modelo-mb-102\/","url":"https:\/\/indtesa-electronica.com\/tienda-en-linea\/proyectos-de-electronica\/herramientas-proyectos-de-electronica\/protoboard-de-830-puntos-modelo-mb-102\/","name":"Protoboard de 830 puntos, Modelo MB-102 | IndTESA","isPartOf":{"@id":"https:\/\/indtesa-electronica.com\/#website"},"primaryImageOfPage":{"@id":"https:\/\/indtesa-electronica.com\/tienda-en-linea\/proyectos-de-electronica\/herramientas-proyectos-de-electronica\/protoboard-de-830-puntos-modelo-mb-102\/#primaryimage"},"image":{"@id":"https:\/\/indtesa-electronica.com\/tienda-en-linea\/proyectos-de-electronica\/herramientas-proyectos-de-electronica\/protoboard-de-830-puntos-modelo-mb-102\/#primaryimage"},"thumbnailUrl":"https:\/\/indtesa-electronica.com\/wp-content\/uploads\/2024\/11\/Proto-830-pts-png.webp","datePublished":"2024-11-30T17:22:16+00:00","dateModified":"2025-03-07T23:48:32+00:00","breadcrumb":{"@id":"https:\/\/indtesa-electronica.com\/tienda-en-linea\/proyectos-de-electronica\/herramientas-proyectos-de-electronica\/protoboard-de-830-puntos-modelo-mb-102\/#breadcrumb"},"inLanguage":"en-US","potentialAction":[{"@type":"ReadAction","target":["https:\/\/indtesa-electronica.com\/tienda-en-linea\/proyectos-de-electronica\/herramientas-proyectos-de-electronica\/protoboard-de-830-puntos-modelo-mb-102\/"]}]},{"@type":"ImageObject","inLanguage":"en-US","@id":"https:\/\/indtesa-electronica.com\/tienda-en-linea\/proyectos-de-electronica\/herramientas-proyectos-de-electronica\/protoboard-de-830-puntos-modelo-mb-102\/#primaryimage","url":"https:\/\/indtesa-electronica.com\/wp-content\/uploads\/2024\/11\/Proto-830-pts-png.webp","contentUrl":"https:\/\/indtesa-electronica.com\/wp-content\/uploads\/2024\/11\/Proto-830-pts-png.webp","width":480,"height":480},{"@type":"BreadcrumbList","@id":"https:\/\/indtesa-electronica.com\/tienda-en-linea\/proyectos-de-electronica\/herramientas-proyectos-de-electronica\/protoboard-de-830-puntos-modelo-mb-102\/#breadcrumb","itemListElement":[{"@type":"ListItem","position":1,"name":"Inicio","item":"https:\/\/indtesa-electronica.com\/"},{"@type":"ListItem","position":2,"name":"Tienda en linea","item":"https:\/\/indtesa-electronica.com\/tienda-en-linea\/"},{"@type":"ListItem","position":3,"name":"Protoboard de 830 puntos, Modelo MB-102"}]},{"@type":"WebSite","@id":"https:\/\/indtesa-electronica.com\/#website","url":"https:\/\/indtesa-electronica.com\/","name":"Electronica - IndTESA","description":"","publisher":{"@id":"https:\/\/indtesa-electronica.com\/#organization"},"potentialAction":[{"@type":"SearchAction","target":{"@type":"EntryPoint","urlTemplate":"https:\/\/indtesa-electronica.com\/?s={search_term_string}"},"query-input":{"@type":"PropertyValueSpecification","valueRequired":true,"valueName":"search_term_string"}}],"inLanguage":"en-US"},{"@type":"Organization","@id":"https:\/\/indtesa-electronica.com\/#organization","name":"Industrial TESA S.A.S. de C.V.","url":"https:\/\/indtesa-electronica.com\/","logo":{"@type":"ImageObject","inLanguage":"en-US","@id":"https:\/\/indtesa-electronica.com\/#\/schema\/logo\/image\/","url":"","contentUrl":"","caption":"Industrial TESA S.A.S. de C.V."},"image":{"@id":"https:\/\/indtesa-electronica.com\/#\/schema\/logo\/image\/"}}]}},"jetpack_sharing_enabled":true,"tiered_pricing_type":"fixed","tiered_pricing_fixed_rules":[],"tiered_pricing_product_settings":{"layout":"default","base_unit_name":{"singular":null,"plural":null},"default_variation":null},"tiered_pricing_minimum_quantity":null,"tiered_pricing_roles_data":[],"tiered_pricing_percentage_rules":[],"_links":{"self":[{"href":"https:\/\/indtesa-electronica.com\/en\/wp-json\/wp\/v2\/product\/16403","targetHints":{"allow":["GET"]}}],"collection":[{"href":"https:\/\/indtesa-electronica.com\/en\/wp-json\/wp\/v2\/product"}],"about":[{"href":"https:\/\/indtesa-electronica.com\/en\/wp-json\/wp\/v2\/types\/product"}],"wp:featuredmedia":[{"embeddable":true,"href":"https:\/\/indtesa-electronica.com\/en\/wp-json\/wp\/v2\/media\/16405"}],"wp:attachment":[{"href":"https:\/\/indtesa-electronica.com\/en\/wp-json\/wp\/v2\/media?parent=16403"}],"wp:term":[{"taxonomy":"product_brand","embeddable":true,"href":"https:\/\/indtesa-electronica.com\/en\/wp-json\/wp\/v2\/product_brand?post=16403"},{"taxonomy":"product_cat","embeddable":true,"href":"https:\/\/indtesa-electronica.com\/en\/wp-json\/wp\/v2\/product_cat?post=16403"},{"taxonomy":"product_tag","embeddable":true,"href":"https:\/\/indtesa-electronica.com\/en\/wp-json\/wp\/v2\/product_tag?post=16403"}],"curies":[{"name":"wp","href":"https:\/\/api.w.org\/{rel}","templated":true}]}}