{"id":16495,"date":"2024-12-23T16:41:49","date_gmt":"2024-12-23T16:41:49","guid":{"rendered":"https:\/\/indtesa-electronica.com\/?post_type=product&#038;p=16495"},"modified":"2025-02-26T00:26:46","modified_gmt":"2025-02-26T00:26:46","slug":"sonoff-tx-t0us1c-switch-inteligente","status":"publish","type":"product","link":"https:\/\/indtesa-electronica.com\/en\/tienda-en-linea\/iot\/domotica\/sonoff-tx-t0us1c-switch-inteligente\/","title":{"rendered":"Sonoff TX, T0US1C Switch Inteligente"},"content":{"rendered":"<p><img loading=\"lazy\" decoding=\"async\" class=\"alignnone wp-image-9048 size-full\" src=\"https:\/\/indtesa-electronica.com\/wp-content\/uploads\/2023\/11\/Sonoff-TX-T0US3C_3-1.png\" alt=\"\" width=\"750\" height=\"750\" srcset=\"https:\/\/indtesa-electronica.com\/wp-content\/uploads\/2023\/11\/Sonoff-TX-T0US3C_3-1.png 750w, https:\/\/indtesa-electronica.com\/wp-content\/uploads\/2023\/11\/Sonoff-TX-T0US3C_3-1-300x300.png 300w, https:\/\/indtesa-electronica.com\/wp-content\/uploads\/2023\/11\/Sonoff-TX-T0US3C_3-1-100x100.png 100w, https:\/\/indtesa-electronica.com\/wp-content\/uploads\/2023\/11\/Sonoff-TX-T0US3C_3-1-500x500.png 500w, https:\/\/indtesa-electronica.com\/wp-content\/uploads\/2023\/11\/Sonoff-TX-T0US3C_3-1-150x150.png 150w, https:\/\/indtesa-electronica.com\/wp-content\/uploads\/2023\/11\/Sonoff-TX-T0US3C_3-1-12x12.png 12w\" sizes=\"auto, (max-width: 750px) 100vw, 750px\" \/> <img loading=\"lazy\" decoding=\"async\" class=\"alignnone wp-image-9045 size-full\" src=\"https:\/\/indtesa-electronica.com\/wp-content\/uploads\/2023\/11\/Sonoff-TX-T0US3C_5.png\" alt=\"\" width=\"739\" height=\"589\" srcset=\"https:\/\/indtesa-electronica.com\/wp-content\/uploads\/2023\/11\/Sonoff-TX-T0US3C_5.png 739w, https:\/\/indtesa-electronica.com\/wp-content\/uploads\/2023\/11\/Sonoff-TX-T0US3C_5-500x399.png 500w, https:\/\/indtesa-electronica.com\/wp-content\/uploads\/2023\/11\/Sonoff-TX-T0US3C_5-300x239.png 300w, https:\/\/indtesa-electronica.com\/wp-content\/uploads\/2023\/11\/Sonoff-TX-T0US3C_5-15x12.png 15w\" sizes=\"auto, (max-width: 739px) 100vw, 739px\" \/> <img loading=\"lazy\" decoding=\"async\" class=\"alignnone wp-image-16496 size-full\" src=\"https:\/\/indtesa-electronica.com\/wp-content\/uploads\/2024\/12\/Sonoff-TX-T0US1C-png.webp\" alt=\"\" width=\"500\" height=\"500\" srcset=\"https:\/\/indtesa-electronica.com\/wp-content\/uploads\/2024\/12\/Sonoff-TX-T0US1C-png.webp 500w, https:\/\/indtesa-electronica.com\/wp-content\/uploads\/2024\/12\/Sonoff-TX-T0US1C-300x300.webp 300w, https:\/\/indtesa-electronica.com\/wp-content\/uploads\/2024\/12\/Sonoff-TX-T0US1C-150x150.webp 150w, https:\/\/indtesa-electronica.com\/wp-content\/uploads\/2024\/12\/Sonoff-TX-T0US1C-12x12.webp 12w, https:\/\/indtesa-electronica.com\/wp-content\/uploads\/2024\/12\/Sonoff-TX-T0US1C-100x100.webp 100w\" sizes=\"auto, (max-width: 500px) 100vw, 500px\" \/><\/p>","protected":false},"excerpt":{"rendered":"<p>se pueden controlar de forma remota usando su tel\u00e9fono, y los dispositivos conectados con interruptores pueden funcionar de forma independiente. Funciona con Amazon Alexa y Google Assistant que le permiten encender o apagar sus electrodom\u00e9sticos con un comando de voz, perfecto para aquellos que necesitan manejar muchas tareas dom\u00e9sticas simult\u00e1neamente.<\/p>","protected":false},"featured_media":16496,"template":"","meta":{"_gspb_post_css":""},"product_brand":[233],"product_cat":[111],"product_tag":[],"class_list":{"0":"post-16495","1":"product","2":"type-product","3":"status-publish","4":"has-post-thumbnail","6":"product_brand-sonoff","7":"product_cat-domotica","9":"first","10":"instock","11":"taxable","12":"shipping-taxable","13":"purchasable","14":"product-type-simple"},"ct_brands":[{"id":233,"name":"Sonoff","slug":"sonoff"}],"yoast_head":"<!-- This site is optimized with the Yoast SEO plugin v27.1.1 - https:\/\/yoast.com\/product\/yoast-seo-wordpress\/ -->\n<title>Sonoff TX, T0US1C Switch Inteligente | IndTESA<\/title>\n<meta name=\"robots\" content=\"index, follow, max-snippet:-1, max-image-preview:large, max-video-preview:-1\" \/>\n<link rel=\"canonical\" href=\"https:\/\/indtesa-electronica.com\/en\/tienda-en-linea\/iot\/domotica\/sonoff-tx-t0us1c-switch-inteligente\/\" \/>\n<meta property=\"og:locale\" content=\"en_US\" \/>\n<meta property=\"og:type\" content=\"article\" \/>\n<meta property=\"og:title\" content=\"Sonoff TX, T0US1C Switch Inteligente | IndTESA\" \/>\n<meta property=\"og:description\" content=\"se pueden controlar de forma remota usando su tel\u00e9fono, y los dispositivos conectados con interruptores pueden funcionar de forma independiente. Funciona con Amazon Alexa y Google Assistant que le permiten encender o apagar sus electrodom\u00e9sticos con un comando de voz, perfecto para aquellos que necesitan manejar muchas tareas dom\u00e9sticas simult\u00e1neamente.\" \/>\n<meta property=\"og:url\" content=\"https:\/\/indtesa-electronica.com\/en\/tienda-en-linea\/iot\/domotica\/sonoff-tx-t0us1c-switch-inteligente\/\" \/>\n<meta property=\"og:site_name\" content=\"IndTESA\" \/>\n<meta property=\"article:modified_time\" content=\"2025-02-26T00:26:46+00:00\" \/>\n<meta property=\"og:image\" content=\"https:\/\/indtesa-electronica.com\/wp-content\/uploads\/2024\/12\/Sonoff-TX-T0US1C-png.webp\" \/>\n\t<meta property=\"og:image:width\" content=\"500\" \/>\n\t<meta property=\"og:image:height\" content=\"500\" \/>\n\t<meta property=\"og:image:type\" content=\"image\/png\" \/>\n<meta name=\"twitter:card\" content=\"summary_large_image\" \/>\n<meta name=\"twitter:label1\" content=\"Est. reading time\" \/>\n\t<meta name=\"twitter:data1\" content=\"1 minute\" \/>\n<script type=\"application\/ld+json\" class=\"yoast-schema-graph\">{\"@context\":\"https:\/\/schema.org\",\"@graph\":[{\"@type\":\"WebPage\",\"@id\":\"https:\/\/indtesa-electronica.com\/tienda-en-linea\/iot\/domotica\/sonoff-tx-t0us1c-switch-inteligente\/\",\"url\":\"https:\/\/indtesa-electronica.com\/tienda-en-linea\/iot\/domotica\/sonoff-tx-t0us1c-switch-inteligente\/\",\"name\":\"Sonoff TX, T0US1C Switch Inteligente | IndTESA\",\"isPartOf\":{\"@id\":\"https:\/\/indtesa-electronica.com\/#website\"},\"primaryImageOfPage\":{\"@id\":\"https:\/\/indtesa-electronica.com\/tienda-en-linea\/iot\/domotica\/sonoff-tx-t0us1c-switch-inteligente\/#primaryimage\"},\"image\":{\"@id\":\"https:\/\/indtesa-electronica.com\/tienda-en-linea\/iot\/domotica\/sonoff-tx-t0us1c-switch-inteligente\/#primaryimage\"},\"thumbnailUrl\":\"https:\/\/indtesa-electronica.com\/wp-content\/uploads\/2024\/12\/Sonoff-TX-T0US1C-png.webp\",\"datePublished\":\"2024-12-23T16:41:49+00:00\",\"dateModified\":\"2025-02-26T00:26:46+00:00\",\"breadcrumb\":{\"@id\":\"https:\/\/indtesa-electronica.com\/tienda-en-linea\/iot\/domotica\/sonoff-tx-t0us1c-switch-inteligente\/#breadcrumb\"},\"inLanguage\":\"en-US\",\"potentialAction\":[{\"@type\":\"ReadAction\",\"target\":[\"https:\/\/indtesa-electronica.com\/tienda-en-linea\/iot\/domotica\/sonoff-tx-t0us1c-switch-inteligente\/\"]}]},{\"@type\":\"ImageObject\",\"inLanguage\":\"en-US\",\"@id\":\"https:\/\/indtesa-electronica.com\/tienda-en-linea\/iot\/domotica\/sonoff-tx-t0us1c-switch-inteligente\/#primaryimage\",\"url\":\"https:\/\/indtesa-electronica.com\/wp-content\/uploads\/2024\/12\/Sonoff-TX-T0US1C-png.webp\",\"contentUrl\":\"https:\/\/indtesa-electronica.com\/wp-content\/uploads\/2024\/12\/Sonoff-TX-T0US1C-png.webp\",\"width\":500,\"height\":500},{\"@type\":\"BreadcrumbList\",\"@id\":\"https:\/\/indtesa-electronica.com\/tienda-en-linea\/iot\/domotica\/sonoff-tx-t0us1c-switch-inteligente\/#breadcrumb\",\"itemListElement\":[{\"@type\":\"ListItem\",\"position\":1,\"name\":\"Inicio\",\"item\":\"https:\/\/indtesa-electronica.com\/\"},{\"@type\":\"ListItem\",\"position\":2,\"name\":\"Tienda en linea\",\"item\":\"https:\/\/indtesa-electronica.com\/tienda-en-linea\/\"},{\"@type\":\"ListItem\",\"position\":3,\"name\":\"Sonoff TX, T0US1C Switch Inteligente\"}]},{\"@type\":\"WebSite\",\"@id\":\"https:\/\/indtesa-electronica.com\/#website\",\"url\":\"https:\/\/indtesa-electronica.com\/\",\"name\":\"Electronica - IndTESA\",\"description\":\"\",\"publisher\":{\"@id\":\"https:\/\/indtesa-electronica.com\/#organization\"},\"potentialAction\":[{\"@type\":\"SearchAction\",\"target\":{\"@type\":\"EntryPoint\",\"urlTemplate\":\"https:\/\/indtesa-electronica.com\/?s={search_term_string}\"},\"query-input\":{\"@type\":\"PropertyValueSpecification\",\"valueRequired\":true,\"valueName\":\"search_term_string\"}}],\"inLanguage\":\"en-US\"},{\"@type\":\"Organization\",\"@id\":\"https:\/\/indtesa-electronica.com\/#organization\",\"name\":\"Industrial TESA S.A.S. de C.V.\",\"url\":\"https:\/\/indtesa-electronica.com\/\",\"logo\":{\"@type\":\"ImageObject\",\"inLanguage\":\"en-US\",\"@id\":\"https:\/\/indtesa-electronica.com\/#\/schema\/logo\/image\/\",\"url\":\"\",\"contentUrl\":\"\",\"caption\":\"Industrial TESA S.A.S. de C.V.\"},\"image\":{\"@id\":\"https:\/\/indtesa-electronica.com\/#\/schema\/logo\/image\/\"}}]}<\/script>\n<!-- \/ Yoast SEO plugin. -->","yoast_head_json":{"title":"Sonoff TX, T0US1C Switch Inteligente | IndTESA","robots":{"index":"index","follow":"follow","max-snippet":"max-snippet:-1","max-image-preview":"max-image-preview:large","max-video-preview":"max-video-preview:-1"},"canonical":"https:\/\/indtesa-electronica.com\/en\/tienda-en-linea\/iot\/domotica\/sonoff-tx-t0us1c-switch-inteligente\/","og_locale":"en_US","og_type":"article","og_title":"Sonoff TX, T0US1C Switch Inteligente | IndTESA","og_description":"se pueden controlar de forma remota usando su tel\u00e9fono, y los dispositivos conectados con interruptores pueden funcionar de forma independiente. Funciona con Amazon Alexa y Google Assistant que le permiten encender o apagar sus electrodom\u00e9sticos con un comando de voz, perfecto para aquellos que necesitan manejar muchas tareas dom\u00e9sticas simult\u00e1neamente.","og_url":"https:\/\/indtesa-electronica.com\/en\/tienda-en-linea\/iot\/domotica\/sonoff-tx-t0us1c-switch-inteligente\/","og_site_name":"IndTESA","article_modified_time":"2025-02-26T00:26:46+00:00","og_image":[{"width":500,"height":500,"url":"https:\/\/indtesa-electronica.com\/wp-content\/uploads\/2024\/12\/Sonoff-TX-T0US1C-png.webp","type":"image\/png"}],"twitter_card":"summary_large_image","twitter_misc":{"Est. reading time":"1 minute"},"schema":{"@context":"https:\/\/schema.org","@graph":[{"@type":"WebPage","@id":"https:\/\/indtesa-electronica.com\/tienda-en-linea\/iot\/domotica\/sonoff-tx-t0us1c-switch-inteligente\/","url":"https:\/\/indtesa-electronica.com\/tienda-en-linea\/iot\/domotica\/sonoff-tx-t0us1c-switch-inteligente\/","name":"Sonoff TX, T0US1C Switch Inteligente | IndTESA","isPartOf":{"@id":"https:\/\/indtesa-electronica.com\/#website"},"primaryImageOfPage":{"@id":"https:\/\/indtesa-electronica.com\/tienda-en-linea\/iot\/domotica\/sonoff-tx-t0us1c-switch-inteligente\/#primaryimage"},"image":{"@id":"https:\/\/indtesa-electronica.com\/tienda-en-linea\/iot\/domotica\/sonoff-tx-t0us1c-switch-inteligente\/#primaryimage"},"thumbnailUrl":"https:\/\/indtesa-electronica.com\/wp-content\/uploads\/2024\/12\/Sonoff-TX-T0US1C-png.webp","datePublished":"2024-12-23T16:41:49+00:00","dateModified":"2025-02-26T00:26:46+00:00","breadcrumb":{"@id":"https:\/\/indtesa-electronica.com\/tienda-en-linea\/iot\/domotica\/sonoff-tx-t0us1c-switch-inteligente\/#breadcrumb"},"inLanguage":"en-US","potentialAction":[{"@type":"ReadAction","target":["https:\/\/indtesa-electronica.com\/tienda-en-linea\/iot\/domotica\/sonoff-tx-t0us1c-switch-inteligente\/"]}]},{"@type":"ImageObject","inLanguage":"en-US","@id":"https:\/\/indtesa-electronica.com\/tienda-en-linea\/iot\/domotica\/sonoff-tx-t0us1c-switch-inteligente\/#primaryimage","url":"https:\/\/indtesa-electronica.com\/wp-content\/uploads\/2024\/12\/Sonoff-TX-T0US1C-png.webp","contentUrl":"https:\/\/indtesa-electronica.com\/wp-content\/uploads\/2024\/12\/Sonoff-TX-T0US1C-png.webp","width":500,"height":500},{"@type":"BreadcrumbList","@id":"https:\/\/indtesa-electronica.com\/tienda-en-linea\/iot\/domotica\/sonoff-tx-t0us1c-switch-inteligente\/#breadcrumb","itemListElement":[{"@type":"ListItem","position":1,"name":"Inicio","item":"https:\/\/indtesa-electronica.com\/"},{"@type":"ListItem","position":2,"name":"Tienda en linea","item":"https:\/\/indtesa-electronica.com\/tienda-en-linea\/"},{"@type":"ListItem","position":3,"name":"Sonoff TX, T0US1C Switch Inteligente"}]},{"@type":"WebSite","@id":"https:\/\/indtesa-electronica.com\/#website","url":"https:\/\/indtesa-electronica.com\/","name":"Electronica - IndTESA","description":"","publisher":{"@id":"https:\/\/indtesa-electronica.com\/#organization"},"potentialAction":[{"@type":"SearchAction","target":{"@type":"EntryPoint","urlTemplate":"https:\/\/indtesa-electronica.com\/?s={search_term_string}"},"query-input":{"@type":"PropertyValueSpecification","valueRequired":true,"valueName":"search_term_string"}}],"inLanguage":"en-US"},{"@type":"Organization","@id":"https:\/\/indtesa-electronica.com\/#organization","name":"Industrial TESA S.A.S. de C.V.","url":"https:\/\/indtesa-electronica.com\/","logo":{"@type":"ImageObject","inLanguage":"en-US","@id":"https:\/\/indtesa-electronica.com\/#\/schema\/logo\/image\/","url":"","contentUrl":"","caption":"Industrial TESA S.A.S. de C.V."},"image":{"@id":"https:\/\/indtesa-electronica.com\/#\/schema\/logo\/image\/"}}]}},"jetpack_sharing_enabled":true,"tiered_pricing_type":"fixed","tiered_pricing_fixed_rules":[],"tiered_pricing_product_settings":{"layout":"default","base_unit_name":{"singular":null,"plural":null},"default_variation":null},"tiered_pricing_minimum_quantity":null,"tiered_pricing_roles_data":[],"tiered_pricing_percentage_rules":[],"_links":{"self":[{"href":"https:\/\/indtesa-electronica.com\/en\/wp-json\/wp\/v2\/product\/16495","targetHints":{"allow":["GET"]}}],"collection":[{"href":"https:\/\/indtesa-electronica.com\/en\/wp-json\/wp\/v2\/product"}],"about":[{"href":"https:\/\/indtesa-electronica.com\/en\/wp-json\/wp\/v2\/types\/product"}],"wp:featuredmedia":[{"embeddable":true,"href":"https:\/\/indtesa-electronica.com\/en\/wp-json\/wp\/v2\/media\/16496"}],"wp:attachment":[{"href":"https:\/\/indtesa-electronica.com\/en\/wp-json\/wp\/v2\/media?parent=16495"}],"wp:term":[{"taxonomy":"product_brand","embeddable":true,"href":"https:\/\/indtesa-electronica.com\/en\/wp-json\/wp\/v2\/product_brand?post=16495"},{"taxonomy":"product_cat","embeddable":true,"href":"https:\/\/indtesa-electronica.com\/en\/wp-json\/wp\/v2\/product_cat?post=16495"},{"taxonomy":"product_tag","embeddable":true,"href":"https:\/\/indtesa-electronica.com\/en\/wp-json\/wp\/v2\/product_tag?post=16495"}],"curies":[{"name":"wp","href":"https:\/\/api.w.org\/{rel}","templated":true}]}}