{"id":16502,"date":"2024-12-23T17:44:02","date_gmt":"2024-12-23T17:44:02","guid":{"rendered":"https:\/\/indtesa-electronica.com\/?post_type=product&#038;p=16502"},"modified":"2025-11-22T15:26:00","modified_gmt":"2025-11-22T15:26:00","slug":"enchufe-inteligente-wifi-sonoff-s31","status":"publish","type":"product","link":"https:\/\/indtesa-electronica.com\/en\/tienda-en-linea\/iot\/domotica\/enchufe-inteligente-wifi-sonoff-s31\/","title":{"rendered":"Enchufe Inteligente Wifi, Sonoff S31"},"content":{"rendered":"<p>M\u00e1x. Corriente<br \/>\n15A<\/p>\n<p>Voltaje de entrada:<br \/>\n120V AC 60HZ<\/p>\n<p>Est\u00e1ndar inal\u00e1mbrico:<br \/>\n2.4GHz, 802.11 b\/g\/n<\/p>\n<p>Sensibilidad de recepci\u00f3n:<br \/>\n802.11b: &lt;-84dBm(11Mbps); 802.11g: &lt;-68dBm(54Mbps)<\/p>\n<p>Potencia de salida:<br \/>\n802.11b:16\u00b12dBm; 802.11g:13\u00b12dBm<\/p>\n<p>Mecanismo de seguridad:<br \/>\nWEP\/WPA-PSK\/WPA2-PSK<\/p>\n<p>Cifrado:<br \/>\nAES\/TKIP<\/p>\n<p>Temperatura de trabajo<br \/>\n-20 \u00b0C ~ 75 \u00b0C<\/p>\n<p>Humedad de trabajo:<br \/>\n10%-80%<\/p>\n<p>Dimensiones del producto:<br \/>\n75.7\u00d739.7x32mm<\/p>\n<p>Recursos:<\/p>\n<p><a class=\"lm231\" href=\"https:\/\/indtesa-electronica.com\/wp-content\/uploads\/2024\/12\/Sonoff-S31-Hoja-de-Datos.pdf\">Sonoff S31 Hoja de Datos<\/a><\/p>\n<p>&nbsp;<\/p>\n<p><a class=\"lm231\" href=\"https:\/\/indtesa-electronica.com\/wp-content\/uploads\/2024\/12\/Sonoff-S31-Manual-de-Usuario.pdf\">Sonoff S31 Manual de Usuario<\/a><\/p>","protected":false},"excerpt":{"rendered":"<ul>\n<li>Encienda y apague los dispositivos conectados de forma inal\u00e1mbrica a trav\u00e9s de su tel\u00e9fono. Soporta para establecer 8 temporizadores programados \/ de corte para los dispositivos.<\/li>\n<li>Funciona con Alexa y Google Assistant para iniciar un control manos libres.<\/li>\n<li>Forma de cuerpo peque\u00f1a y compacta, no bloquear\u00e1 los tomacorrientes adyacentes. Conveniente para enchufar y jugar.<\/li>\n<\/ul>","protected":false},"featured_media":16505,"template":"","meta":{"_gspb_post_css":""},"product_brand":[233],"product_cat":[111],"product_tag":[],"class_list":{"0":"post-16502","1":"product","2":"type-product","3":"status-publish","4":"has-post-thumbnail","6":"product_brand-sonoff","7":"product_cat-domotica","9":"first","10":"instock","11":"taxable","12":"shipping-taxable","13":"purchasable","14":"product-type-simple"},"ct_brands":[{"id":233,"name":"Sonoff","slug":"sonoff"}],"yoast_head":"<!-- This site is optimized with the Yoast SEO plugin v27.1.1 - https:\/\/yoast.com\/product\/yoast-seo-wordpress\/ -->\n<title>Enchufe Inteligente Wifi, Sonoff S31 | IndTESA<\/title>\n<meta name=\"robots\" content=\"index, follow, max-snippet:-1, max-image-preview:large, max-video-preview:-1\" \/>\n<link rel=\"canonical\" href=\"https:\/\/indtesa-electronica.com\/en\/tienda-en-linea\/iot\/domotica\/enchufe-inteligente-wifi-sonoff-s31\/\" \/>\n<meta property=\"og:locale\" content=\"en_US\" \/>\n<meta property=\"og:type\" content=\"article\" \/>\n<meta property=\"og:title\" content=\"Enchufe Inteligente Wifi, Sonoff S31 | IndTESA\" \/>\n<meta property=\"og:description\" content=\"Encienda y apague los dispositivos conectados de forma inal\u00e1mbrica a trav\u00e9s de su tel\u00e9fono. Soporta para establecer 8 temporizadores programados \/ de corte para los dispositivos.  Funciona con Alexa y Google Assistant para iniciar un control manos libres.  Forma de cuerpo peque\u00f1a y compacta, no bloquear\u00e1 los tomacorrientes adyacentes. Conveniente para enchufar y jugar.\" \/>\n<meta property=\"og:url\" content=\"https:\/\/indtesa-electronica.com\/en\/tienda-en-linea\/iot\/domotica\/enchufe-inteligente-wifi-sonoff-s31\/\" \/>\n<meta property=\"og:site_name\" content=\"IndTESA\" \/>\n<meta property=\"article:modified_time\" content=\"2025-11-22T15:26:00+00:00\" \/>\n<meta property=\"og:image\" content=\"https:\/\/indtesa-electronica.com\/wp-content\/uploads\/2024\/12\/Enchufe-Inteligente-Wifi-Sonoff-S31-png.webp\" \/>\n\t<meta property=\"og:image:width\" content=\"460\" \/>\n\t<meta property=\"og:image:height\" content=\"460\" \/>\n\t<meta property=\"og:image:type\" content=\"image\/png\" \/>\n<meta name=\"twitter:card\" content=\"summary_large_image\" \/>\n<meta name=\"twitter:label1\" content=\"Est. reading time\" \/>\n\t<meta name=\"twitter:data1\" content=\"1 minute\" \/>\n<script type=\"application\/ld+json\" class=\"yoast-schema-graph\">{\"@context\":\"https:\/\/schema.org\",\"@graph\":[{\"@type\":\"WebPage\",\"@id\":\"https:\/\/indtesa-electronica.com\/tienda-en-linea\/iot\/domotica\/enchufe-inteligente-wifi-sonoff-s31\/\",\"url\":\"https:\/\/indtesa-electronica.com\/tienda-en-linea\/iot\/domotica\/enchufe-inteligente-wifi-sonoff-s31\/\",\"name\":\"Enchufe Inteligente Wifi, Sonoff S31 | IndTESA\",\"isPartOf\":{\"@id\":\"https:\/\/indtesa-electronica.com\/#website\"},\"primaryImageOfPage\":{\"@id\":\"https:\/\/indtesa-electronica.com\/tienda-en-linea\/iot\/domotica\/enchufe-inteligente-wifi-sonoff-s31\/#primaryimage\"},\"image\":{\"@id\":\"https:\/\/indtesa-electronica.com\/tienda-en-linea\/iot\/domotica\/enchufe-inteligente-wifi-sonoff-s31\/#primaryimage\"},\"thumbnailUrl\":\"https:\/\/indtesa-electronica.com\/wp-content\/uploads\/2024\/12\/Enchufe-Inteligente-Wifi-Sonoff-S31-png.webp\",\"datePublished\":\"2024-12-23T17:44:02+00:00\",\"dateModified\":\"2025-11-22T15:26:00+00:00\",\"breadcrumb\":{\"@id\":\"https:\/\/indtesa-electronica.com\/tienda-en-linea\/iot\/domotica\/enchufe-inteligente-wifi-sonoff-s31\/#breadcrumb\"},\"inLanguage\":\"en-US\",\"potentialAction\":[{\"@type\":\"ReadAction\",\"target\":[\"https:\/\/indtesa-electronica.com\/tienda-en-linea\/iot\/domotica\/enchufe-inteligente-wifi-sonoff-s31\/\"]}]},{\"@type\":\"ImageObject\",\"inLanguage\":\"en-US\",\"@id\":\"https:\/\/indtesa-electronica.com\/tienda-en-linea\/iot\/domotica\/enchufe-inteligente-wifi-sonoff-s31\/#primaryimage\",\"url\":\"https:\/\/indtesa-electronica.com\/wp-content\/uploads\/2024\/12\/Enchufe-Inteligente-Wifi-Sonoff-S31-png.webp\",\"contentUrl\":\"https:\/\/indtesa-electronica.com\/wp-content\/uploads\/2024\/12\/Enchufe-Inteligente-Wifi-Sonoff-S31-png.webp\",\"width\":460,\"height\":460},{\"@type\":\"BreadcrumbList\",\"@id\":\"https:\/\/indtesa-electronica.com\/tienda-en-linea\/iot\/domotica\/enchufe-inteligente-wifi-sonoff-s31\/#breadcrumb\",\"itemListElement\":[{\"@type\":\"ListItem\",\"position\":1,\"name\":\"Inicio\",\"item\":\"https:\/\/indtesa-electronica.com\/\"},{\"@type\":\"ListItem\",\"position\":2,\"name\":\"Tienda en linea\",\"item\":\"https:\/\/indtesa-electronica.com\/tienda-en-linea\/\"},{\"@type\":\"ListItem\",\"position\":3,\"name\":\"Enchufe Inteligente Wifi, Sonoff S31\"}]},{\"@type\":\"WebSite\",\"@id\":\"https:\/\/indtesa-electronica.com\/#website\",\"url\":\"https:\/\/indtesa-electronica.com\/\",\"name\":\"Electronica - IndTESA\",\"description\":\"\",\"publisher\":{\"@id\":\"https:\/\/indtesa-electronica.com\/#organization\"},\"potentialAction\":[{\"@type\":\"SearchAction\",\"target\":{\"@type\":\"EntryPoint\",\"urlTemplate\":\"https:\/\/indtesa-electronica.com\/?s={search_term_string}\"},\"query-input\":{\"@type\":\"PropertyValueSpecification\",\"valueRequired\":true,\"valueName\":\"search_term_string\"}}],\"inLanguage\":\"en-US\"},{\"@type\":\"Organization\",\"@id\":\"https:\/\/indtesa-electronica.com\/#organization\",\"name\":\"Industrial TESA S.A.S. de C.V.\",\"url\":\"https:\/\/indtesa-electronica.com\/\",\"logo\":{\"@type\":\"ImageObject\",\"inLanguage\":\"en-US\",\"@id\":\"https:\/\/indtesa-electronica.com\/#\/schema\/logo\/image\/\",\"url\":\"\",\"contentUrl\":\"\",\"caption\":\"Industrial TESA S.A.S. de C.V.\"},\"image\":{\"@id\":\"https:\/\/indtesa-electronica.com\/#\/schema\/logo\/image\/\"}}]}<\/script>\n<!-- \/ Yoast SEO plugin. -->","yoast_head_json":{"title":"Enchufe Inteligente Wifi, Sonoff S31 | IndTESA","robots":{"index":"index","follow":"follow","max-snippet":"max-snippet:-1","max-image-preview":"max-image-preview:large","max-video-preview":"max-video-preview:-1"},"canonical":"https:\/\/indtesa-electronica.com\/en\/tienda-en-linea\/iot\/domotica\/enchufe-inteligente-wifi-sonoff-s31\/","og_locale":"en_US","og_type":"article","og_title":"Enchufe Inteligente Wifi, Sonoff S31 | IndTESA","og_description":"Encienda y apague los dispositivos conectados de forma inal\u00e1mbrica a trav\u00e9s de su tel\u00e9fono. Soporta para establecer 8 temporizadores programados \/ de corte para los dispositivos.  Funciona con Alexa y Google Assistant para iniciar un control manos libres.  Forma de cuerpo peque\u00f1a y compacta, no bloquear\u00e1 los tomacorrientes adyacentes. Conveniente para enchufar y jugar.","og_url":"https:\/\/indtesa-electronica.com\/en\/tienda-en-linea\/iot\/domotica\/enchufe-inteligente-wifi-sonoff-s31\/","og_site_name":"IndTESA","article_modified_time":"2025-11-22T15:26:00+00:00","og_image":[{"width":460,"height":460,"url":"https:\/\/indtesa-electronica.com\/wp-content\/uploads\/2024\/12\/Enchufe-Inteligente-Wifi-Sonoff-S31-png.webp","type":"image\/png"}],"twitter_card":"summary_large_image","twitter_misc":{"Est. reading time":"1 minute"},"schema":{"@context":"https:\/\/schema.org","@graph":[{"@type":"WebPage","@id":"https:\/\/indtesa-electronica.com\/tienda-en-linea\/iot\/domotica\/enchufe-inteligente-wifi-sonoff-s31\/","url":"https:\/\/indtesa-electronica.com\/tienda-en-linea\/iot\/domotica\/enchufe-inteligente-wifi-sonoff-s31\/","name":"Enchufe Inteligente Wifi, Sonoff S31 | IndTESA","isPartOf":{"@id":"https:\/\/indtesa-electronica.com\/#website"},"primaryImageOfPage":{"@id":"https:\/\/indtesa-electronica.com\/tienda-en-linea\/iot\/domotica\/enchufe-inteligente-wifi-sonoff-s31\/#primaryimage"},"image":{"@id":"https:\/\/indtesa-electronica.com\/tienda-en-linea\/iot\/domotica\/enchufe-inteligente-wifi-sonoff-s31\/#primaryimage"},"thumbnailUrl":"https:\/\/indtesa-electronica.com\/wp-content\/uploads\/2024\/12\/Enchufe-Inteligente-Wifi-Sonoff-S31-png.webp","datePublished":"2024-12-23T17:44:02+00:00","dateModified":"2025-11-22T15:26:00+00:00","breadcrumb":{"@id":"https:\/\/indtesa-electronica.com\/tienda-en-linea\/iot\/domotica\/enchufe-inteligente-wifi-sonoff-s31\/#breadcrumb"},"inLanguage":"en-US","potentialAction":[{"@type":"ReadAction","target":["https:\/\/indtesa-electronica.com\/tienda-en-linea\/iot\/domotica\/enchufe-inteligente-wifi-sonoff-s31\/"]}]},{"@type":"ImageObject","inLanguage":"en-US","@id":"https:\/\/indtesa-electronica.com\/tienda-en-linea\/iot\/domotica\/enchufe-inteligente-wifi-sonoff-s31\/#primaryimage","url":"https:\/\/indtesa-electronica.com\/wp-content\/uploads\/2024\/12\/Enchufe-Inteligente-Wifi-Sonoff-S31-png.webp","contentUrl":"https:\/\/indtesa-electronica.com\/wp-content\/uploads\/2024\/12\/Enchufe-Inteligente-Wifi-Sonoff-S31-png.webp","width":460,"height":460},{"@type":"BreadcrumbList","@id":"https:\/\/indtesa-electronica.com\/tienda-en-linea\/iot\/domotica\/enchufe-inteligente-wifi-sonoff-s31\/#breadcrumb","itemListElement":[{"@type":"ListItem","position":1,"name":"Inicio","item":"https:\/\/indtesa-electronica.com\/"},{"@type":"ListItem","position":2,"name":"Tienda en linea","item":"https:\/\/indtesa-electronica.com\/tienda-en-linea\/"},{"@type":"ListItem","position":3,"name":"Enchufe Inteligente Wifi, Sonoff S31"}]},{"@type":"WebSite","@id":"https:\/\/indtesa-electronica.com\/#website","url":"https:\/\/indtesa-electronica.com\/","name":"Electronica - IndTESA","description":"","publisher":{"@id":"https:\/\/indtesa-electronica.com\/#organization"},"potentialAction":[{"@type":"SearchAction","target":{"@type":"EntryPoint","urlTemplate":"https:\/\/indtesa-electronica.com\/?s={search_term_string}"},"query-input":{"@type":"PropertyValueSpecification","valueRequired":true,"valueName":"search_term_string"}}],"inLanguage":"en-US"},{"@type":"Organization","@id":"https:\/\/indtesa-electronica.com\/#organization","name":"Industrial TESA S.A.S. de C.V.","url":"https:\/\/indtesa-electronica.com\/","logo":{"@type":"ImageObject","inLanguage":"en-US","@id":"https:\/\/indtesa-electronica.com\/#\/schema\/logo\/image\/","url":"","contentUrl":"","caption":"Industrial TESA S.A.S. de C.V."},"image":{"@id":"https:\/\/indtesa-electronica.com\/#\/schema\/logo\/image\/"}}]}},"jetpack_sharing_enabled":true,"tiered_pricing_type":"fixed","tiered_pricing_fixed_rules":[],"tiered_pricing_product_settings":{"layout":"default","base_unit_name":{"singular":null,"plural":null},"default_variation":null},"tiered_pricing_minimum_quantity":null,"tiered_pricing_roles_data":[],"tiered_pricing_percentage_rules":[],"_links":{"self":[{"href":"https:\/\/indtesa-electronica.com\/en\/wp-json\/wp\/v2\/product\/16502","targetHints":{"allow":["GET"]}}],"collection":[{"href":"https:\/\/indtesa-electronica.com\/en\/wp-json\/wp\/v2\/product"}],"about":[{"href":"https:\/\/indtesa-electronica.com\/en\/wp-json\/wp\/v2\/types\/product"}],"wp:featuredmedia":[{"embeddable":true,"href":"https:\/\/indtesa-electronica.com\/en\/wp-json\/wp\/v2\/media\/16505"}],"wp:attachment":[{"href":"https:\/\/indtesa-electronica.com\/en\/wp-json\/wp\/v2\/media?parent=16502"}],"wp:term":[{"taxonomy":"product_brand","embeddable":true,"href":"https:\/\/indtesa-electronica.com\/en\/wp-json\/wp\/v2\/product_brand?post=16502"},{"taxonomy":"product_cat","embeddable":true,"href":"https:\/\/indtesa-electronica.com\/en\/wp-json\/wp\/v2\/product_cat?post=16502"},{"taxonomy":"product_tag","embeddable":true,"href":"https:\/\/indtesa-electronica.com\/en\/wp-json\/wp\/v2\/product_tag?post=16502"}],"curies":[{"name":"wp","href":"https:\/\/api.w.org\/{rel}","templated":true}]}}