{"id":16509,"date":"2024-12-23T19:00:56","date_gmt":"2024-12-23T19:00:56","guid":{"rendered":"https:\/\/indtesa-electronica.com\/?post_type=product&#038;p=16509"},"modified":"2025-03-01T02:39:12","modified_gmt":"2025-03-01T02:39:12","slug":"llave-fija-ajustable-para-grifos-de-m5-m20","status":"publish","type":"product","link":"https:\/\/indtesa-electronica.com\/en\/tienda-en-linea\/herramientas\/herramientas-para-proyectos\/llave-fija-ajustable-para-grifos-de-m5-m20\/","title":{"rendered":"Llave Fija Ajustable para Grifos de M5 &#8211; M20"},"content":{"rendered":"<p>Caracter\u00edsticas:<\/p>\n<p>&#8211; Recubrimiento de \u00f3xido negro para una buena resistencia a la abrasi\u00f3n y protecci\u00f3n contra el \u00f3xido. Bloque deslizante de acero al carbono endurecido para una gran dureza y resistencia.<\/p>\n<p>&#8211; El mango sumergido en pl\u00e1stico proporciona un agarre firme y c\u00f3modo durante el uso cuando est\u00e1 expuesto a l\u00edquidos o humedad.<\/p>\n<p>&#8211; La llave para grifos tiene 1 mango r\u00edgido y 1 mango regulable que ajusta las mordazas para sujetar las herramientas con facilidad y firmeza. La llave para grifos recta proporciona un gran apalancamiento y es especialmente adecuada para grifos de mayor di\u00e1metro.<\/p>\n<p>&#8211; La llave para machos de roscar manual puede sujetar varios machos de roscar para operaciones de roscado. Tambi\u00e9n se puede utilizar con taladros, escariadores, extractores de tornillos y otras herramientas peque\u00f1as.<\/p>\n<p>&nbsp;<\/p>\n<p><img loading=\"lazy\" decoding=\"async\" class=\"alignnone wp-image-16513\" src=\"https:\/\/indtesa-electronica.com\/wp-content\/uploads\/2024\/12\/Llave-Fija-Ajustable-para-Grifos-de-M5-M20_4-png.webp\" alt=\"\" width=\"790\" height=\"604\" srcset=\"https:\/\/indtesa-electronica.com\/wp-content\/uploads\/2024\/12\/Llave-Fija-Ajustable-para-Grifos-de-M5-M20_4-png.webp 510w, https:\/\/indtesa-electronica.com\/wp-content\/uploads\/2024\/12\/Llave-Fija-Ajustable-para-Grifos-de-M5-M20_4-300x229.webp 300w, https:\/\/indtesa-electronica.com\/wp-content\/uploads\/2024\/12\/Llave-Fija-Ajustable-para-Grifos-de-M5-M20_4-16x12.webp 16w, https:\/\/indtesa-electronica.com\/wp-content\/uploads\/2024\/12\/Llave-Fija-Ajustable-para-Grifos-de-M5-M20_4-500x382.webp 500w\" sizes=\"auto, (max-width: 790px) 100vw, 790px\" \/><\/p>","protected":false},"excerpt":{"rendered":"<p>Caracter\u00edsticas: &#8211; Recubrimiento de \u00f3xido negro para una buena resistencia a la abrasi\u00f3n y protecci\u00f3n contra el \u00f3xido. Bloque deslizante de acero al carbono endurecido para una gran dureza y resistencia. &#8211; El mango sumergido en pl\u00e1stico proporciona un agarre firme y c\u00f3modo durante el uso cuando est\u00e1 expuesto a l\u00edquidos o humedad. &#8211; La [&hellip;]<\/p>\n","protected":false},"featured_media":16510,"template":"","meta":{"_gspb_post_css":""},"product_brand":[],"product_cat":[125],"product_tag":[],"class_list":{"0":"post-16509","1":"product","2":"type-product","3":"status-publish","4":"has-post-thumbnail","6":"product_cat-herramientas-para-proyectos","8":"first","9":"instock","10":"taxable","11":"shipping-taxable","12":"purchasable","13":"product-type-simple"},"ct_brands":[],"yoast_head":"<!-- This site is optimized with the Yoast SEO plugin v27.1.1 - https:\/\/yoast.com\/product\/yoast-seo-wordpress\/ -->\n<title>Llave Fija Ajustable para Grifos de M5 - M20 | IndTESA<\/title>\n<meta name=\"robots\" content=\"index, follow, max-snippet:-1, max-image-preview:large, max-video-preview:-1\" \/>\n<link rel=\"canonical\" href=\"https:\/\/indtesa-electronica.com\/en\/tienda-en-linea\/herramientas\/herramientas-para-proyectos\/llave-fija-ajustable-para-grifos-de-m5-m20\/\" \/>\n<meta property=\"og:locale\" content=\"en_US\" \/>\n<meta property=\"og:type\" content=\"article\" \/>\n<meta property=\"og:title\" content=\"Llave Fija Ajustable para Grifos de M5 - M20 | IndTESA\" \/>\n<meta property=\"og:description\" content=\"Caracter\u00edsticas: &#8211; Recubrimiento de \u00f3xido negro para una buena resistencia a la abrasi\u00f3n y protecci\u00f3n contra el \u00f3xido. Bloque deslizante de acero al carbono endurecido para una gran dureza y resistencia. &#8211; El mango sumergido en pl\u00e1stico proporciona un agarre firme y c\u00f3modo durante el uso cuando est\u00e1 expuesto a l\u00edquidos o humedad. &#8211; La [&hellip;]\" \/>\n<meta property=\"og:url\" content=\"https:\/\/indtesa-electronica.com\/en\/tienda-en-linea\/herramientas\/herramientas-para-proyectos\/llave-fija-ajustable-para-grifos-de-m5-m20\/\" \/>\n<meta property=\"og:site_name\" content=\"IndTESA\" \/>\n<meta property=\"article:modified_time\" content=\"2025-03-01T02:39:12+00:00\" \/>\n<meta property=\"og:image\" content=\"https:\/\/indtesa-electronica.com\/wp-content\/uploads\/2024\/12\/Llave-Fija-Ajustable-para-Grifos-de-M5-M20-png.webp\" \/>\n\t<meta property=\"og:image:width\" content=\"560\" \/>\n\t<meta property=\"og:image:height\" content=\"560\" \/>\n\t<meta property=\"og:image:type\" content=\"image\/png\" \/>\n<meta name=\"twitter:card\" content=\"summary_large_image\" \/>\n<meta name=\"twitter:label1\" content=\"Est. reading time\" \/>\n\t<meta name=\"twitter:data1\" content=\"1 minute\" \/>\n<script type=\"application\/ld+json\" class=\"yoast-schema-graph\">{\"@context\":\"https:\/\/schema.org\",\"@graph\":[{\"@type\":\"WebPage\",\"@id\":\"https:\/\/indtesa-electronica.com\/tienda-en-linea\/herramientas\/herramientas-para-proyectos\/llave-fija-ajustable-para-grifos-de-m5-m20\/\",\"url\":\"https:\/\/indtesa-electronica.com\/tienda-en-linea\/herramientas\/herramientas-para-proyectos\/llave-fija-ajustable-para-grifos-de-m5-m20\/\",\"name\":\"Llave Fija Ajustable para Grifos de M5 - M20 | IndTESA\",\"isPartOf\":{\"@id\":\"https:\/\/indtesa-electronica.com\/#website\"},\"primaryImageOfPage\":{\"@id\":\"https:\/\/indtesa-electronica.com\/tienda-en-linea\/herramientas\/herramientas-para-proyectos\/llave-fija-ajustable-para-grifos-de-m5-m20\/#primaryimage\"},\"image\":{\"@id\":\"https:\/\/indtesa-electronica.com\/tienda-en-linea\/herramientas\/herramientas-para-proyectos\/llave-fija-ajustable-para-grifos-de-m5-m20\/#primaryimage\"},\"thumbnailUrl\":\"https:\/\/indtesa-electronica.com\/wp-content\/uploads\/2024\/12\/Llave-Fija-Ajustable-para-Grifos-de-M5-M20-png.webp\",\"datePublished\":\"2024-12-23T19:00:56+00:00\",\"dateModified\":\"2025-03-01T02:39:12+00:00\",\"breadcrumb\":{\"@id\":\"https:\/\/indtesa-electronica.com\/tienda-en-linea\/herramientas\/herramientas-para-proyectos\/llave-fija-ajustable-para-grifos-de-m5-m20\/#breadcrumb\"},\"inLanguage\":\"en-US\",\"potentialAction\":[{\"@type\":\"ReadAction\",\"target\":[\"https:\/\/indtesa-electronica.com\/tienda-en-linea\/herramientas\/herramientas-para-proyectos\/llave-fija-ajustable-para-grifos-de-m5-m20\/\"]}]},{\"@type\":\"ImageObject\",\"inLanguage\":\"en-US\",\"@id\":\"https:\/\/indtesa-electronica.com\/tienda-en-linea\/herramientas\/herramientas-para-proyectos\/llave-fija-ajustable-para-grifos-de-m5-m20\/#primaryimage\",\"url\":\"https:\/\/indtesa-electronica.com\/wp-content\/uploads\/2024\/12\/Llave-Fija-Ajustable-para-Grifos-de-M5-M20-png.webp\",\"contentUrl\":\"https:\/\/indtesa-electronica.com\/wp-content\/uploads\/2024\/12\/Llave-Fija-Ajustable-para-Grifos-de-M5-M20-png.webp\",\"width\":560,\"height\":560},{\"@type\":\"BreadcrumbList\",\"@id\":\"https:\/\/indtesa-electronica.com\/tienda-en-linea\/herramientas\/herramientas-para-proyectos\/llave-fija-ajustable-para-grifos-de-m5-m20\/#breadcrumb\",\"itemListElement\":[{\"@type\":\"ListItem\",\"position\":1,\"name\":\"Inicio\",\"item\":\"https:\/\/indtesa-electronica.com\/\"},{\"@type\":\"ListItem\",\"position\":2,\"name\":\"Tienda en linea\",\"item\":\"https:\/\/indtesa-electronica.com\/tienda-en-linea\/\"},{\"@type\":\"ListItem\",\"position\":3,\"name\":\"Llave Fija Ajustable para Grifos de M5 &#8211; M20\"}]},{\"@type\":\"WebSite\",\"@id\":\"https:\/\/indtesa-electronica.com\/#website\",\"url\":\"https:\/\/indtesa-electronica.com\/\",\"name\":\"Electronica - IndTESA\",\"description\":\"\",\"publisher\":{\"@id\":\"https:\/\/indtesa-electronica.com\/#organization\"},\"potentialAction\":[{\"@type\":\"SearchAction\",\"target\":{\"@type\":\"EntryPoint\",\"urlTemplate\":\"https:\/\/indtesa-electronica.com\/?s={search_term_string}\"},\"query-input\":{\"@type\":\"PropertyValueSpecification\",\"valueRequired\":true,\"valueName\":\"search_term_string\"}}],\"inLanguage\":\"en-US\"},{\"@type\":\"Organization\",\"@id\":\"https:\/\/indtesa-electronica.com\/#organization\",\"name\":\"Industrial TESA S.A.S. de C.V.\",\"url\":\"https:\/\/indtesa-electronica.com\/\",\"logo\":{\"@type\":\"ImageObject\",\"inLanguage\":\"en-US\",\"@id\":\"https:\/\/indtesa-electronica.com\/#\/schema\/logo\/image\/\",\"url\":\"\",\"contentUrl\":\"\",\"caption\":\"Industrial TESA S.A.S. de C.V.\"},\"image\":{\"@id\":\"https:\/\/indtesa-electronica.com\/#\/schema\/logo\/image\/\"}}]}<\/script>\n<!-- \/ Yoast SEO plugin. -->","yoast_head_json":{"title":"Llave Fija Ajustable para Grifos de M5 - M20 | IndTESA","robots":{"index":"index","follow":"follow","max-snippet":"max-snippet:-1","max-image-preview":"max-image-preview:large","max-video-preview":"max-video-preview:-1"},"canonical":"https:\/\/indtesa-electronica.com\/en\/tienda-en-linea\/herramientas\/herramientas-para-proyectos\/llave-fija-ajustable-para-grifos-de-m5-m20\/","og_locale":"en_US","og_type":"article","og_title":"Llave Fija Ajustable para Grifos de M5 - M20 | IndTESA","og_description":"Caracter\u00edsticas: &#8211; Recubrimiento de \u00f3xido negro para una buena resistencia a la abrasi\u00f3n y protecci\u00f3n contra el \u00f3xido. Bloque deslizante de acero al carbono endurecido para una gran dureza y resistencia. &#8211; El mango sumergido en pl\u00e1stico proporciona un agarre firme y c\u00f3modo durante el uso cuando est\u00e1 expuesto a l\u00edquidos o humedad. &#8211; La [&hellip;]","og_url":"https:\/\/indtesa-electronica.com\/en\/tienda-en-linea\/herramientas\/herramientas-para-proyectos\/llave-fija-ajustable-para-grifos-de-m5-m20\/","og_site_name":"IndTESA","article_modified_time":"2025-03-01T02:39:12+00:00","og_image":[{"width":560,"height":560,"url":"https:\/\/indtesa-electronica.com\/wp-content\/uploads\/2024\/12\/Llave-Fija-Ajustable-para-Grifos-de-M5-M20-png.webp","type":"image\/png"}],"twitter_card":"summary_large_image","twitter_misc":{"Est. reading time":"1 minute"},"schema":{"@context":"https:\/\/schema.org","@graph":[{"@type":"WebPage","@id":"https:\/\/indtesa-electronica.com\/tienda-en-linea\/herramientas\/herramientas-para-proyectos\/llave-fija-ajustable-para-grifos-de-m5-m20\/","url":"https:\/\/indtesa-electronica.com\/tienda-en-linea\/herramientas\/herramientas-para-proyectos\/llave-fija-ajustable-para-grifos-de-m5-m20\/","name":"Llave Fija Ajustable para Grifos de M5 - M20 | IndTESA","isPartOf":{"@id":"https:\/\/indtesa-electronica.com\/#website"},"primaryImageOfPage":{"@id":"https:\/\/indtesa-electronica.com\/tienda-en-linea\/herramientas\/herramientas-para-proyectos\/llave-fija-ajustable-para-grifos-de-m5-m20\/#primaryimage"},"image":{"@id":"https:\/\/indtesa-electronica.com\/tienda-en-linea\/herramientas\/herramientas-para-proyectos\/llave-fija-ajustable-para-grifos-de-m5-m20\/#primaryimage"},"thumbnailUrl":"https:\/\/indtesa-electronica.com\/wp-content\/uploads\/2024\/12\/Llave-Fija-Ajustable-para-Grifos-de-M5-M20-png.webp","datePublished":"2024-12-23T19:00:56+00:00","dateModified":"2025-03-01T02:39:12+00:00","breadcrumb":{"@id":"https:\/\/indtesa-electronica.com\/tienda-en-linea\/herramientas\/herramientas-para-proyectos\/llave-fija-ajustable-para-grifos-de-m5-m20\/#breadcrumb"},"inLanguage":"en-US","potentialAction":[{"@type":"ReadAction","target":["https:\/\/indtesa-electronica.com\/tienda-en-linea\/herramientas\/herramientas-para-proyectos\/llave-fija-ajustable-para-grifos-de-m5-m20\/"]}]},{"@type":"ImageObject","inLanguage":"en-US","@id":"https:\/\/indtesa-electronica.com\/tienda-en-linea\/herramientas\/herramientas-para-proyectos\/llave-fija-ajustable-para-grifos-de-m5-m20\/#primaryimage","url":"https:\/\/indtesa-electronica.com\/wp-content\/uploads\/2024\/12\/Llave-Fija-Ajustable-para-Grifos-de-M5-M20-png.webp","contentUrl":"https:\/\/indtesa-electronica.com\/wp-content\/uploads\/2024\/12\/Llave-Fija-Ajustable-para-Grifos-de-M5-M20-png.webp","width":560,"height":560},{"@type":"BreadcrumbList","@id":"https:\/\/indtesa-electronica.com\/tienda-en-linea\/herramientas\/herramientas-para-proyectos\/llave-fija-ajustable-para-grifos-de-m5-m20\/#breadcrumb","itemListElement":[{"@type":"ListItem","position":1,"name":"Inicio","item":"https:\/\/indtesa-electronica.com\/"},{"@type":"ListItem","position":2,"name":"Tienda en linea","item":"https:\/\/indtesa-electronica.com\/tienda-en-linea\/"},{"@type":"ListItem","position":3,"name":"Llave Fija Ajustable para Grifos de M5 &#8211; M20"}]},{"@type":"WebSite","@id":"https:\/\/indtesa-electronica.com\/#website","url":"https:\/\/indtesa-electronica.com\/","name":"Electronica - IndTESA","description":"","publisher":{"@id":"https:\/\/indtesa-electronica.com\/#organization"},"potentialAction":[{"@type":"SearchAction","target":{"@type":"EntryPoint","urlTemplate":"https:\/\/indtesa-electronica.com\/?s={search_term_string}"},"query-input":{"@type":"PropertyValueSpecification","valueRequired":true,"valueName":"search_term_string"}}],"inLanguage":"en-US"},{"@type":"Organization","@id":"https:\/\/indtesa-electronica.com\/#organization","name":"Industrial TESA S.A.S. de C.V.","url":"https:\/\/indtesa-electronica.com\/","logo":{"@type":"ImageObject","inLanguage":"en-US","@id":"https:\/\/indtesa-electronica.com\/#\/schema\/logo\/image\/","url":"","contentUrl":"","caption":"Industrial TESA S.A.S. de C.V."},"image":{"@id":"https:\/\/indtesa-electronica.com\/#\/schema\/logo\/image\/"}}]}},"jetpack_sharing_enabled":true,"tiered_pricing_type":"fixed","tiered_pricing_fixed_rules":[],"tiered_pricing_product_settings":{"layout":"default","base_unit_name":{"singular":null,"plural":null},"default_variation":null},"tiered_pricing_minimum_quantity":null,"tiered_pricing_roles_data":[],"tiered_pricing_percentage_rules":[],"_links":{"self":[{"href":"https:\/\/indtesa-electronica.com\/en\/wp-json\/wp\/v2\/product\/16509","targetHints":{"allow":["GET"]}}],"collection":[{"href":"https:\/\/indtesa-electronica.com\/en\/wp-json\/wp\/v2\/product"}],"about":[{"href":"https:\/\/indtesa-electronica.com\/en\/wp-json\/wp\/v2\/types\/product"}],"wp:featuredmedia":[{"embeddable":true,"href":"https:\/\/indtesa-electronica.com\/en\/wp-json\/wp\/v2\/media\/16510"}],"wp:attachment":[{"href":"https:\/\/indtesa-electronica.com\/en\/wp-json\/wp\/v2\/media?parent=16509"}],"wp:term":[{"taxonomy":"product_brand","embeddable":true,"href":"https:\/\/indtesa-electronica.com\/en\/wp-json\/wp\/v2\/product_brand?post=16509"},{"taxonomy":"product_cat","embeddable":true,"href":"https:\/\/indtesa-electronica.com\/en\/wp-json\/wp\/v2\/product_cat?post=16509"},{"taxonomy":"product_tag","embeddable":true,"href":"https:\/\/indtesa-electronica.com\/en\/wp-json\/wp\/v2\/product_tag?post=16509"}],"curies":[{"name":"wp","href":"https:\/\/api.w.org\/{rel}","templated":true}]}}