{"id":16518,"date":"2024-12-26T23:33:23","date_gmt":"2024-12-26T23:33:23","guid":{"rendered":"https:\/\/indtesa-electronica.com\/?post_type=product&#038;p=16518"},"modified":"2025-02-20T02:20:29","modified_gmt":"2025-02-20T02:20:29","slug":"electrodo-positivo-fijo-5-0v-800ma","status":"publish","type":"product","link":"https:\/\/indtesa-electronica.com\/en\/tienda-en-linea\/componentes\/pasivos\/electrodo-positivo-fijo-5-0v-800ma\/","title":{"rendered":"Electrodo Positivo Fijo, 5.0V, 800mA"},"content":{"rendered":"<p>Envase SOT-223-3<br \/>\nCorriente de salida 800 mA<br \/>\nCa\u00edda de tensi\u00f3n 1,5V@(1A)<br \/>\nTipo de salida Fija<br \/>\nTensi\u00f3n de salida 5V<br \/>\nPolaridad de salida Electrodo positivo<br \/>\nN\u00famero de salidas 1<br \/>\nTensi\u00f3n m\u00e1xima de entrada 18V<br \/>\nCaracter\u00edstica Protecci\u00f3n t\u00e9rmica (TSD)<\/p>","protected":false},"excerpt":{"rendered":"<p>Envase SOT-223-3 Corriente de salida 800 mA Ca\u00edda de tensi\u00f3n 1,5V@(1A) Tipo de salida Fija Tensi\u00f3n de salida 5V Polaridad de salida Electrodo positivo N\u00famero de salidas 1 Tensi\u00f3n m\u00e1xima de entrada 18V Caracter\u00edstica Protecci\u00f3n t\u00e9rmica (TSD)<\/p>","protected":false},"featured_media":16519,"template":"","meta":{"_gspb_post_css":""},"product_brand":[],"product_cat":[432],"product_tag":[],"class_list":{"0":"post-16518","1":"product","2":"type-product","3":"status-publish","4":"has-post-thumbnail","6":"product_cat-pasivos","8":"first","9":"instock","10":"taxable","11":"shipping-taxable","12":"purchasable","13":"product-type-simple"},"ct_brands":[],"yoast_head":"<!-- This site is optimized with the Yoast SEO plugin v27.1.1 - https:\/\/yoast.com\/product\/yoast-seo-wordpress\/ -->\n<title>Electrodo Positivo Fijo, 5.0V, 800mA | IndTESA<\/title>\n<meta name=\"robots\" content=\"index, follow, max-snippet:-1, max-image-preview:large, max-video-preview:-1\" \/>\n<link rel=\"canonical\" href=\"https:\/\/indtesa-electronica.com\/en\/tienda-en-linea\/componentes\/pasivos\/electrodo-positivo-fijo-5-0v-800ma\/\" \/>\n<meta property=\"og:locale\" content=\"en_US\" \/>\n<meta property=\"og:type\" content=\"article\" \/>\n<meta property=\"og:title\" content=\"Electrodo Positivo Fijo, 5.0V, 800mA | IndTESA\" \/>\n<meta property=\"og:description\" content=\"Envase SOT-223-3 Corriente de salida 800 mA Ca\u00edda de tensi\u00f3n 1,5V@(1A) Tipo de salida Fija Tensi\u00f3n de salida 5V Polaridad de salida Electrodo positivo N\u00famero de salidas 1 Tensi\u00f3n m\u00e1xima de entrada 18V Caracter\u00edstica Protecci\u00f3n t\u00e9rmica (TSD)\" \/>\n<meta property=\"og:url\" content=\"https:\/\/indtesa-electronica.com\/en\/tienda-en-linea\/componentes\/pasivos\/electrodo-positivo-fijo-5-0v-800ma\/\" \/>\n<meta property=\"og:site_name\" content=\"IndTESA\" \/>\n<meta property=\"article:modified_time\" content=\"2025-02-20T02:20:29+00:00\" \/>\n<meta property=\"og:image\" content=\"https:\/\/indtesa-electronica.com\/wp-content\/uploads\/2024\/12\/Electrodo-Positivo-Fijo-5.0V-800mA-png.webp\" \/>\n\t<meta property=\"og:image:width\" content=\"380\" \/>\n\t<meta property=\"og:image:height\" content=\"380\" \/>\n\t<meta property=\"og:image:type\" content=\"image\/png\" \/>\n<meta name=\"twitter:card\" content=\"summary_large_image\" \/>\n<meta name=\"twitter:label1\" content=\"Est. reading time\" \/>\n\t<meta name=\"twitter:data1\" content=\"1 minute\" \/>\n<script type=\"application\/ld+json\" class=\"yoast-schema-graph\">{\"@context\":\"https:\/\/schema.org\",\"@graph\":[{\"@type\":\"WebPage\",\"@id\":\"https:\/\/indtesa-electronica.com\/tienda-en-linea\/componentes\/pasivos\/electrodo-positivo-fijo-5-0v-800ma\/\",\"url\":\"https:\/\/indtesa-electronica.com\/tienda-en-linea\/componentes\/pasivos\/electrodo-positivo-fijo-5-0v-800ma\/\",\"name\":\"Electrodo Positivo Fijo, 5.0V, 800mA | IndTESA\",\"isPartOf\":{\"@id\":\"https:\/\/indtesa-electronica.com\/#website\"},\"primaryImageOfPage\":{\"@id\":\"https:\/\/indtesa-electronica.com\/tienda-en-linea\/componentes\/pasivos\/electrodo-positivo-fijo-5-0v-800ma\/#primaryimage\"},\"image\":{\"@id\":\"https:\/\/indtesa-electronica.com\/tienda-en-linea\/componentes\/pasivos\/electrodo-positivo-fijo-5-0v-800ma\/#primaryimage\"},\"thumbnailUrl\":\"https:\/\/indtesa-electronica.com\/wp-content\/uploads\/2024\/12\/Electrodo-Positivo-Fijo-5.0V-800mA-png.webp\",\"datePublished\":\"2024-12-26T23:33:23+00:00\",\"dateModified\":\"2025-02-20T02:20:29+00:00\",\"breadcrumb\":{\"@id\":\"https:\/\/indtesa-electronica.com\/tienda-en-linea\/componentes\/pasivos\/electrodo-positivo-fijo-5-0v-800ma\/#breadcrumb\"},\"inLanguage\":\"en-US\",\"potentialAction\":[{\"@type\":\"ReadAction\",\"target\":[\"https:\/\/indtesa-electronica.com\/tienda-en-linea\/componentes\/pasivos\/electrodo-positivo-fijo-5-0v-800ma\/\"]}]},{\"@type\":\"ImageObject\",\"inLanguage\":\"en-US\",\"@id\":\"https:\/\/indtesa-electronica.com\/tienda-en-linea\/componentes\/pasivos\/electrodo-positivo-fijo-5-0v-800ma\/#primaryimage\",\"url\":\"https:\/\/indtesa-electronica.com\/wp-content\/uploads\/2024\/12\/Electrodo-Positivo-Fijo-5.0V-800mA-png.webp\",\"contentUrl\":\"https:\/\/indtesa-electronica.com\/wp-content\/uploads\/2024\/12\/Electrodo-Positivo-Fijo-5.0V-800mA-png.webp\",\"width\":380,\"height\":380},{\"@type\":\"BreadcrumbList\",\"@id\":\"https:\/\/indtesa-electronica.com\/tienda-en-linea\/componentes\/pasivos\/electrodo-positivo-fijo-5-0v-800ma\/#breadcrumb\",\"itemListElement\":[{\"@type\":\"ListItem\",\"position\":1,\"name\":\"Inicio\",\"item\":\"https:\/\/indtesa-electronica.com\/\"},{\"@type\":\"ListItem\",\"position\":2,\"name\":\"Tienda en linea\",\"item\":\"https:\/\/indtesa-electronica.com\/tienda-en-linea\/\"},{\"@type\":\"ListItem\",\"position\":3,\"name\":\"Electrodo Positivo Fijo, 5.0V, 800mA\"}]},{\"@type\":\"WebSite\",\"@id\":\"https:\/\/indtesa-electronica.com\/#website\",\"url\":\"https:\/\/indtesa-electronica.com\/\",\"name\":\"Electronica - IndTESA\",\"description\":\"\",\"publisher\":{\"@id\":\"https:\/\/indtesa-electronica.com\/#organization\"},\"potentialAction\":[{\"@type\":\"SearchAction\",\"target\":{\"@type\":\"EntryPoint\",\"urlTemplate\":\"https:\/\/indtesa-electronica.com\/?s={search_term_string}\"},\"query-input\":{\"@type\":\"PropertyValueSpecification\",\"valueRequired\":true,\"valueName\":\"search_term_string\"}}],\"inLanguage\":\"en-US\"},{\"@type\":\"Organization\",\"@id\":\"https:\/\/indtesa-electronica.com\/#organization\",\"name\":\"Industrial TESA S.A.S. de C.V.\",\"url\":\"https:\/\/indtesa-electronica.com\/\",\"logo\":{\"@type\":\"ImageObject\",\"inLanguage\":\"en-US\",\"@id\":\"https:\/\/indtesa-electronica.com\/#\/schema\/logo\/image\/\",\"url\":\"\",\"contentUrl\":\"\",\"caption\":\"Industrial TESA S.A.S. de C.V.\"},\"image\":{\"@id\":\"https:\/\/indtesa-electronica.com\/#\/schema\/logo\/image\/\"}}]}<\/script>\n<!-- \/ Yoast SEO plugin. -->","yoast_head_json":{"title":"Electrodo Positivo Fijo, 5.0V, 800mA | IndTESA","robots":{"index":"index","follow":"follow","max-snippet":"max-snippet:-1","max-image-preview":"max-image-preview:large","max-video-preview":"max-video-preview:-1"},"canonical":"https:\/\/indtesa-electronica.com\/en\/tienda-en-linea\/componentes\/pasivos\/electrodo-positivo-fijo-5-0v-800ma\/","og_locale":"en_US","og_type":"article","og_title":"Electrodo Positivo Fijo, 5.0V, 800mA | IndTESA","og_description":"Envase SOT-223-3 Corriente de salida 800 mA Ca\u00edda de tensi\u00f3n 1,5V@(1A) Tipo de salida Fija Tensi\u00f3n de salida 5V Polaridad de salida Electrodo positivo N\u00famero de salidas 1 Tensi\u00f3n m\u00e1xima de entrada 18V Caracter\u00edstica Protecci\u00f3n t\u00e9rmica (TSD)","og_url":"https:\/\/indtesa-electronica.com\/en\/tienda-en-linea\/componentes\/pasivos\/electrodo-positivo-fijo-5-0v-800ma\/","og_site_name":"IndTESA","article_modified_time":"2025-02-20T02:20:29+00:00","og_image":[{"width":380,"height":380,"url":"https:\/\/indtesa-electronica.com\/wp-content\/uploads\/2024\/12\/Electrodo-Positivo-Fijo-5.0V-800mA-png.webp","type":"image\/png"}],"twitter_card":"summary_large_image","twitter_misc":{"Est. reading time":"1 minute"},"schema":{"@context":"https:\/\/schema.org","@graph":[{"@type":"WebPage","@id":"https:\/\/indtesa-electronica.com\/tienda-en-linea\/componentes\/pasivos\/electrodo-positivo-fijo-5-0v-800ma\/","url":"https:\/\/indtesa-electronica.com\/tienda-en-linea\/componentes\/pasivos\/electrodo-positivo-fijo-5-0v-800ma\/","name":"Electrodo Positivo Fijo, 5.0V, 800mA | IndTESA","isPartOf":{"@id":"https:\/\/indtesa-electronica.com\/#website"},"primaryImageOfPage":{"@id":"https:\/\/indtesa-electronica.com\/tienda-en-linea\/componentes\/pasivos\/electrodo-positivo-fijo-5-0v-800ma\/#primaryimage"},"image":{"@id":"https:\/\/indtesa-electronica.com\/tienda-en-linea\/componentes\/pasivos\/electrodo-positivo-fijo-5-0v-800ma\/#primaryimage"},"thumbnailUrl":"https:\/\/indtesa-electronica.com\/wp-content\/uploads\/2024\/12\/Electrodo-Positivo-Fijo-5.0V-800mA-png.webp","datePublished":"2024-12-26T23:33:23+00:00","dateModified":"2025-02-20T02:20:29+00:00","breadcrumb":{"@id":"https:\/\/indtesa-electronica.com\/tienda-en-linea\/componentes\/pasivos\/electrodo-positivo-fijo-5-0v-800ma\/#breadcrumb"},"inLanguage":"en-US","potentialAction":[{"@type":"ReadAction","target":["https:\/\/indtesa-electronica.com\/tienda-en-linea\/componentes\/pasivos\/electrodo-positivo-fijo-5-0v-800ma\/"]}]},{"@type":"ImageObject","inLanguage":"en-US","@id":"https:\/\/indtesa-electronica.com\/tienda-en-linea\/componentes\/pasivos\/electrodo-positivo-fijo-5-0v-800ma\/#primaryimage","url":"https:\/\/indtesa-electronica.com\/wp-content\/uploads\/2024\/12\/Electrodo-Positivo-Fijo-5.0V-800mA-png.webp","contentUrl":"https:\/\/indtesa-electronica.com\/wp-content\/uploads\/2024\/12\/Electrodo-Positivo-Fijo-5.0V-800mA-png.webp","width":380,"height":380},{"@type":"BreadcrumbList","@id":"https:\/\/indtesa-electronica.com\/tienda-en-linea\/componentes\/pasivos\/electrodo-positivo-fijo-5-0v-800ma\/#breadcrumb","itemListElement":[{"@type":"ListItem","position":1,"name":"Inicio","item":"https:\/\/indtesa-electronica.com\/"},{"@type":"ListItem","position":2,"name":"Tienda en linea","item":"https:\/\/indtesa-electronica.com\/tienda-en-linea\/"},{"@type":"ListItem","position":3,"name":"Electrodo Positivo Fijo, 5.0V, 800mA"}]},{"@type":"WebSite","@id":"https:\/\/indtesa-electronica.com\/#website","url":"https:\/\/indtesa-electronica.com\/","name":"Electronica - IndTESA","description":"","publisher":{"@id":"https:\/\/indtesa-electronica.com\/#organization"},"potentialAction":[{"@type":"SearchAction","target":{"@type":"EntryPoint","urlTemplate":"https:\/\/indtesa-electronica.com\/?s={search_term_string}"},"query-input":{"@type":"PropertyValueSpecification","valueRequired":true,"valueName":"search_term_string"}}],"inLanguage":"en-US"},{"@type":"Organization","@id":"https:\/\/indtesa-electronica.com\/#organization","name":"Industrial TESA S.A.S. de C.V.","url":"https:\/\/indtesa-electronica.com\/","logo":{"@type":"ImageObject","inLanguage":"en-US","@id":"https:\/\/indtesa-electronica.com\/#\/schema\/logo\/image\/","url":"","contentUrl":"","caption":"Industrial TESA S.A.S. de C.V."},"image":{"@id":"https:\/\/indtesa-electronica.com\/#\/schema\/logo\/image\/"}}]}},"jetpack_sharing_enabled":true,"tiered_pricing_type":"fixed","tiered_pricing_fixed_rules":[],"tiered_pricing_product_settings":{"layout":"default","base_unit_name":{"singular":null,"plural":null},"default_variation":null},"tiered_pricing_minimum_quantity":null,"tiered_pricing_roles_data":[],"tiered_pricing_percentage_rules":[],"_links":{"self":[{"href":"https:\/\/indtesa-electronica.com\/en\/wp-json\/wp\/v2\/product\/16518","targetHints":{"allow":["GET"]}}],"collection":[{"href":"https:\/\/indtesa-electronica.com\/en\/wp-json\/wp\/v2\/product"}],"about":[{"href":"https:\/\/indtesa-electronica.com\/en\/wp-json\/wp\/v2\/types\/product"}],"wp:featuredmedia":[{"embeddable":true,"href":"https:\/\/indtesa-electronica.com\/en\/wp-json\/wp\/v2\/media\/16519"}],"wp:attachment":[{"href":"https:\/\/indtesa-electronica.com\/en\/wp-json\/wp\/v2\/media?parent=16518"}],"wp:term":[{"taxonomy":"product_brand","embeddable":true,"href":"https:\/\/indtesa-electronica.com\/en\/wp-json\/wp\/v2\/product_brand?post=16518"},{"taxonomy":"product_cat","embeddable":true,"href":"https:\/\/indtesa-electronica.com\/en\/wp-json\/wp\/v2\/product_cat?post=16518"},{"taxonomy":"product_tag","embeddable":true,"href":"https:\/\/indtesa-electronica.com\/en\/wp-json\/wp\/v2\/product_tag?post=16518"}],"curies":[{"name":"wp","href":"https:\/\/api.w.org\/{rel}","templated":true}]}}