{"id":16665,"date":"2025-01-02T22:49:42","date_gmt":"2025-01-02T22:49:42","guid":{"rendered":"https:\/\/indtesa-electronica.com\/?post_type=product&#038;p=16665"},"modified":"2025-03-07T20:46:37","modified_gmt":"2025-03-07T20:46:37","slug":"led-montaje-superficial-smd-naranja-rojo","status":"publish","type":"product","link":"https:\/\/indtesa-electronica.com\/en\/tienda-en-linea\/iluminacion\/leds\/led-montaje-superficial-smd-naranja-rojo\/","title":{"rendered":"LED, Montaje Superficial (SMD) Naranja\/Rojo"},"content":{"rendered":"<p>Paquete 0805<br \/>\nCorriente de Avance 20mA<br \/>\nLongitud de onda pico 632nm<br \/>\nIntensidad luminosa 60mcd<br \/>\nLente Lente transparente incolora<br \/>\nLongitud de onda dominante 624nm<br \/>\nTemperatura de funcionamiento -40\u2103~+85\u2103<br \/>\nColor emitido Naranja-rojo<br \/>\n\u00c1ngulo de visi\u00f3n 140<br \/>\nDisipaci\u00f3n de potencia 60mW<br \/>\nTensi\u00f3n directa (VF) 2V<\/p>","protected":false},"excerpt":{"rendered":"<p>Paquete 0805 Corriente de Avance 20mA Longitud de onda pico 632nm Intensidad luminosa 60mcd Lente Lente transparente incolora Longitud de onda dominante 624nm Temperatura de funcionamiento -40\u2103~+85\u2103 Color emitido Naranja-rojo \u00c1ngulo de visi\u00f3n 140 Disipaci\u00f3n de potencia 60mW Tensi\u00f3n directa (VF) 2V<\/p>","protected":false},"featured_media":16666,"template":"","meta":{"_gspb_post_css":""},"product_brand":[],"product_cat":[441],"product_tag":[],"class_list":{"0":"post-16665","1":"product","2":"type-product","3":"status-publish","4":"has-post-thumbnail","6":"product_cat-leds","8":"first","9":"instock","10":"taxable","11":"shipping-taxable","12":"purchasable","13":"product-type-simple"},"ct_brands":[],"yoast_head":"<!-- This site is optimized with the Yoast SEO plugin v27.1.1 - https:\/\/yoast.com\/product\/yoast-seo-wordpress\/ -->\n<title>LED, Montaje Superficial (SMD) Naranja\/Rojo | IndTESA<\/title>\n<meta name=\"robots\" content=\"index, follow, max-snippet:-1, max-image-preview:large, max-video-preview:-1\" \/>\n<link rel=\"canonical\" href=\"https:\/\/indtesa-electronica.com\/en\/tienda-en-linea\/iluminacion\/leds\/led-montaje-superficial-smd-naranja-rojo\/\" \/>\n<meta property=\"og:locale\" content=\"en_US\" \/>\n<meta property=\"og:type\" content=\"article\" \/>\n<meta property=\"og:title\" content=\"LED, Montaje Superficial (SMD) Naranja\/Rojo | IndTESA\" \/>\n<meta property=\"og:description\" content=\"Paquete 0805 Corriente de Avance 20mA Longitud de onda pico 632nm Intensidad luminosa 60mcd Lente Lente transparente incolora Longitud de onda dominante 624nm Temperatura de funcionamiento -40\u2103~+85\u2103 Color emitido Naranja-rojo \u00c1ngulo de visi\u00f3n 140 Disipaci\u00f3n de potencia 60mW Tensi\u00f3n directa (VF) 2V\" \/>\n<meta property=\"og:url\" content=\"https:\/\/indtesa-electronica.com\/en\/tienda-en-linea\/iluminacion\/leds\/led-montaje-superficial-smd-naranja-rojo\/\" \/>\n<meta property=\"og:site_name\" content=\"IndTESA\" \/>\n<meta property=\"article:modified_time\" content=\"2025-03-07T20:46:37+00:00\" \/>\n<meta property=\"og:image\" content=\"https:\/\/indtesa-electronica.com\/wp-content\/uploads\/2025\/01\/LED-Montaje-Superficial-SMD-NaranjaRojo-png.webp\" \/>\n\t<meta property=\"og:image:width\" content=\"340\" \/>\n\t<meta property=\"og:image:height\" content=\"340\" \/>\n\t<meta property=\"og:image:type\" content=\"image\/png\" \/>\n<meta name=\"twitter:card\" content=\"summary_large_image\" \/>\n<meta name=\"twitter:label1\" content=\"Est. reading time\" \/>\n\t<meta name=\"twitter:data1\" content=\"1 minute\" \/>\n<script type=\"application\/ld+json\" class=\"yoast-schema-graph\">{\"@context\":\"https:\/\/schema.org\",\"@graph\":[{\"@type\":\"WebPage\",\"@id\":\"https:\/\/indtesa-electronica.com\/tienda-en-linea\/iluminacion\/leds\/led-montaje-superficial-smd-naranja-rojo\/\",\"url\":\"https:\/\/indtesa-electronica.com\/tienda-en-linea\/iluminacion\/leds\/led-montaje-superficial-smd-naranja-rojo\/\",\"name\":\"LED, Montaje Superficial (SMD) Naranja\/Rojo | IndTESA\",\"isPartOf\":{\"@id\":\"https:\/\/indtesa-electronica.com\/#website\"},\"primaryImageOfPage\":{\"@id\":\"https:\/\/indtesa-electronica.com\/tienda-en-linea\/iluminacion\/leds\/led-montaje-superficial-smd-naranja-rojo\/#primaryimage\"},\"image\":{\"@id\":\"https:\/\/indtesa-electronica.com\/tienda-en-linea\/iluminacion\/leds\/led-montaje-superficial-smd-naranja-rojo\/#primaryimage\"},\"thumbnailUrl\":\"https:\/\/indtesa-electronica.com\/wp-content\/uploads\/2025\/01\/LED-Montaje-Superficial-SMD-NaranjaRojo-png.webp\",\"datePublished\":\"2025-01-02T22:49:42+00:00\",\"dateModified\":\"2025-03-07T20:46:37+00:00\",\"breadcrumb\":{\"@id\":\"https:\/\/indtesa-electronica.com\/tienda-en-linea\/iluminacion\/leds\/led-montaje-superficial-smd-naranja-rojo\/#breadcrumb\"},\"inLanguage\":\"en-US\",\"potentialAction\":[{\"@type\":\"ReadAction\",\"target\":[\"https:\/\/indtesa-electronica.com\/tienda-en-linea\/iluminacion\/leds\/led-montaje-superficial-smd-naranja-rojo\/\"]}]},{\"@type\":\"ImageObject\",\"inLanguage\":\"en-US\",\"@id\":\"https:\/\/indtesa-electronica.com\/tienda-en-linea\/iluminacion\/leds\/led-montaje-superficial-smd-naranja-rojo\/#primaryimage\",\"url\":\"https:\/\/indtesa-electronica.com\/wp-content\/uploads\/2025\/01\/LED-Montaje-Superficial-SMD-NaranjaRojo-png.webp\",\"contentUrl\":\"https:\/\/indtesa-electronica.com\/wp-content\/uploads\/2025\/01\/LED-Montaje-Superficial-SMD-NaranjaRojo-png.webp\",\"width\":340,\"height\":340},{\"@type\":\"BreadcrumbList\",\"@id\":\"https:\/\/indtesa-electronica.com\/tienda-en-linea\/iluminacion\/leds\/led-montaje-superficial-smd-naranja-rojo\/#breadcrumb\",\"itemListElement\":[{\"@type\":\"ListItem\",\"position\":1,\"name\":\"Inicio\",\"item\":\"https:\/\/indtesa-electronica.com\/\"},{\"@type\":\"ListItem\",\"position\":2,\"name\":\"Tienda en linea\",\"item\":\"https:\/\/indtesa-electronica.com\/tienda-en-linea\/\"},{\"@type\":\"ListItem\",\"position\":3,\"name\":\"LED, Montaje Superficial (SMD) Naranja\/Rojo\"}]},{\"@type\":\"WebSite\",\"@id\":\"https:\/\/indtesa-electronica.com\/#website\",\"url\":\"https:\/\/indtesa-electronica.com\/\",\"name\":\"Electronica - IndTESA\",\"description\":\"\",\"publisher\":{\"@id\":\"https:\/\/indtesa-electronica.com\/#organization\"},\"potentialAction\":[{\"@type\":\"SearchAction\",\"target\":{\"@type\":\"EntryPoint\",\"urlTemplate\":\"https:\/\/indtesa-electronica.com\/?s={search_term_string}\"},\"query-input\":{\"@type\":\"PropertyValueSpecification\",\"valueRequired\":true,\"valueName\":\"search_term_string\"}}],\"inLanguage\":\"en-US\"},{\"@type\":\"Organization\",\"@id\":\"https:\/\/indtesa-electronica.com\/#organization\",\"name\":\"Industrial TESA S.A.S. de C.V.\",\"url\":\"https:\/\/indtesa-electronica.com\/\",\"logo\":{\"@type\":\"ImageObject\",\"inLanguage\":\"en-US\",\"@id\":\"https:\/\/indtesa-electronica.com\/#\/schema\/logo\/image\/\",\"url\":\"\",\"contentUrl\":\"\",\"caption\":\"Industrial TESA S.A.S. de C.V.\"},\"image\":{\"@id\":\"https:\/\/indtesa-electronica.com\/#\/schema\/logo\/image\/\"}}]}<\/script>\n<!-- \/ Yoast SEO plugin. -->","yoast_head_json":{"title":"LED, Montaje Superficial (SMD) Naranja\/Rojo | IndTESA","robots":{"index":"index","follow":"follow","max-snippet":"max-snippet:-1","max-image-preview":"max-image-preview:large","max-video-preview":"max-video-preview:-1"},"canonical":"https:\/\/indtesa-electronica.com\/en\/tienda-en-linea\/iluminacion\/leds\/led-montaje-superficial-smd-naranja-rojo\/","og_locale":"en_US","og_type":"article","og_title":"LED, Montaje Superficial (SMD) Naranja\/Rojo | IndTESA","og_description":"Paquete 0805 Corriente de Avance 20mA Longitud de onda pico 632nm Intensidad luminosa 60mcd Lente Lente transparente incolora Longitud de onda dominante 624nm Temperatura de funcionamiento -40\u2103~+85\u2103 Color emitido Naranja-rojo \u00c1ngulo de visi\u00f3n 140 Disipaci\u00f3n de potencia 60mW Tensi\u00f3n directa (VF) 2V","og_url":"https:\/\/indtesa-electronica.com\/en\/tienda-en-linea\/iluminacion\/leds\/led-montaje-superficial-smd-naranja-rojo\/","og_site_name":"IndTESA","article_modified_time":"2025-03-07T20:46:37+00:00","og_image":[{"width":340,"height":340,"url":"https:\/\/indtesa-electronica.com\/wp-content\/uploads\/2025\/01\/LED-Montaje-Superficial-SMD-NaranjaRojo-png.webp","type":"image\/png"}],"twitter_card":"summary_large_image","twitter_misc":{"Est. reading time":"1 minute"},"schema":{"@context":"https:\/\/schema.org","@graph":[{"@type":"WebPage","@id":"https:\/\/indtesa-electronica.com\/tienda-en-linea\/iluminacion\/leds\/led-montaje-superficial-smd-naranja-rojo\/","url":"https:\/\/indtesa-electronica.com\/tienda-en-linea\/iluminacion\/leds\/led-montaje-superficial-smd-naranja-rojo\/","name":"LED, Montaje Superficial (SMD) Naranja\/Rojo | IndTESA","isPartOf":{"@id":"https:\/\/indtesa-electronica.com\/#website"},"primaryImageOfPage":{"@id":"https:\/\/indtesa-electronica.com\/tienda-en-linea\/iluminacion\/leds\/led-montaje-superficial-smd-naranja-rojo\/#primaryimage"},"image":{"@id":"https:\/\/indtesa-electronica.com\/tienda-en-linea\/iluminacion\/leds\/led-montaje-superficial-smd-naranja-rojo\/#primaryimage"},"thumbnailUrl":"https:\/\/indtesa-electronica.com\/wp-content\/uploads\/2025\/01\/LED-Montaje-Superficial-SMD-NaranjaRojo-png.webp","datePublished":"2025-01-02T22:49:42+00:00","dateModified":"2025-03-07T20:46:37+00:00","breadcrumb":{"@id":"https:\/\/indtesa-electronica.com\/tienda-en-linea\/iluminacion\/leds\/led-montaje-superficial-smd-naranja-rojo\/#breadcrumb"},"inLanguage":"en-US","potentialAction":[{"@type":"ReadAction","target":["https:\/\/indtesa-electronica.com\/tienda-en-linea\/iluminacion\/leds\/led-montaje-superficial-smd-naranja-rojo\/"]}]},{"@type":"ImageObject","inLanguage":"en-US","@id":"https:\/\/indtesa-electronica.com\/tienda-en-linea\/iluminacion\/leds\/led-montaje-superficial-smd-naranja-rojo\/#primaryimage","url":"https:\/\/indtesa-electronica.com\/wp-content\/uploads\/2025\/01\/LED-Montaje-Superficial-SMD-NaranjaRojo-png.webp","contentUrl":"https:\/\/indtesa-electronica.com\/wp-content\/uploads\/2025\/01\/LED-Montaje-Superficial-SMD-NaranjaRojo-png.webp","width":340,"height":340},{"@type":"BreadcrumbList","@id":"https:\/\/indtesa-electronica.com\/tienda-en-linea\/iluminacion\/leds\/led-montaje-superficial-smd-naranja-rojo\/#breadcrumb","itemListElement":[{"@type":"ListItem","position":1,"name":"Inicio","item":"https:\/\/indtesa-electronica.com\/"},{"@type":"ListItem","position":2,"name":"Tienda en linea","item":"https:\/\/indtesa-electronica.com\/tienda-en-linea\/"},{"@type":"ListItem","position":3,"name":"LED, Montaje Superficial (SMD) Naranja\/Rojo"}]},{"@type":"WebSite","@id":"https:\/\/indtesa-electronica.com\/#website","url":"https:\/\/indtesa-electronica.com\/","name":"Electronica - IndTESA","description":"","publisher":{"@id":"https:\/\/indtesa-electronica.com\/#organization"},"potentialAction":[{"@type":"SearchAction","target":{"@type":"EntryPoint","urlTemplate":"https:\/\/indtesa-electronica.com\/?s={search_term_string}"},"query-input":{"@type":"PropertyValueSpecification","valueRequired":true,"valueName":"search_term_string"}}],"inLanguage":"en-US"},{"@type":"Organization","@id":"https:\/\/indtesa-electronica.com\/#organization","name":"Industrial TESA S.A.S. de C.V.","url":"https:\/\/indtesa-electronica.com\/","logo":{"@type":"ImageObject","inLanguage":"en-US","@id":"https:\/\/indtesa-electronica.com\/#\/schema\/logo\/image\/","url":"","contentUrl":"","caption":"Industrial TESA S.A.S. de C.V."},"image":{"@id":"https:\/\/indtesa-electronica.com\/#\/schema\/logo\/image\/"}}]}},"jetpack_sharing_enabled":true,"tiered_pricing_type":"fixed","tiered_pricing_fixed_rules":[],"tiered_pricing_product_settings":{"layout":"default","base_unit_name":{"singular":null,"plural":null},"default_variation":null},"tiered_pricing_minimum_quantity":null,"tiered_pricing_roles_data":[],"tiered_pricing_percentage_rules":[],"_links":{"self":[{"href":"https:\/\/indtesa-electronica.com\/en\/wp-json\/wp\/v2\/product\/16665","targetHints":{"allow":["GET"]}}],"collection":[{"href":"https:\/\/indtesa-electronica.com\/en\/wp-json\/wp\/v2\/product"}],"about":[{"href":"https:\/\/indtesa-electronica.com\/en\/wp-json\/wp\/v2\/types\/product"}],"wp:featuredmedia":[{"embeddable":true,"href":"https:\/\/indtesa-electronica.com\/en\/wp-json\/wp\/v2\/media\/16666"}],"wp:attachment":[{"href":"https:\/\/indtesa-electronica.com\/en\/wp-json\/wp\/v2\/media?parent=16665"}],"wp:term":[{"taxonomy":"product_brand","embeddable":true,"href":"https:\/\/indtesa-electronica.com\/en\/wp-json\/wp\/v2\/product_brand?post=16665"},{"taxonomy":"product_cat","embeddable":true,"href":"https:\/\/indtesa-electronica.com\/en\/wp-json\/wp\/v2\/product_cat?post=16665"},{"taxonomy":"product_tag","embeddable":true,"href":"https:\/\/indtesa-electronica.com\/en\/wp-json\/wp\/v2\/product_tag?post=16665"}],"curies":[{"name":"wp","href":"https:\/\/api.w.org\/{rel}","templated":true}]}}