{"id":16669,"date":"2025-01-02T23:46:53","date_gmt":"2025-01-02T23:46:53","guid":{"rendered":"https:\/\/indtesa-electronica.com\/?post_type=product&#038;p=16669"},"modified":"2025-02-20T02:18:20","modified_gmt":"2025-02-20T02:18:20","slug":"resistencia-de-chip-0805-smd-470-ohms-5-tolerancia","status":"publish","type":"product","link":"https:\/\/indtesa-electronica.com\/en\/tienda-en-linea\/componentes\/pasivos\/resistencia-de-chip-0805-smd-470-ohms-5-tolerancia\/","title":{"rendered":"Resistencia de Chip 0805 SMD, 470 Ohms 5% Tolerancia"},"content":{"rendered":"<p>Envase 0805<br \/>\nPotencia (vatios) 125mW<br \/>\nTipo Resistencias de pel\u00edcula gruesa<br \/>\nTensi\u00f3n de sobrecarga (m\u00e1x.) 150V<br \/>\nCoeficiente de temperatura \u00b1100ppm\/\u2103<br \/>\nTolerancia \u00b15<br \/>\nRango de temperatura de funcionamiento -55\u2103~+155\u2103<br \/>\nResistencia 470\u03a9<\/p>","protected":false},"excerpt":{"rendered":"<p>Envase 0805 Potencia (vatios) 125mW Tipo Resistencias de pel\u00edcula gruesa Tensi\u00f3n de sobrecarga (m\u00e1x.) 150V Coeficiente de temperatura \u00b1100ppm\/\u2103 Tolerancia \u00b15 Rango de temperatura de funcionamiento -55\u2103~+155\u2103 Resistencia 470\u03a9<\/p>","protected":false},"featured_media":16670,"template":"","meta":{"_gspb_post_css":""},"product_brand":[],"product_cat":[432],"product_tag":[],"class_list":{"0":"post-16669","1":"product","2":"type-product","3":"status-publish","4":"has-post-thumbnail","6":"product_cat-pasivos","8":"first","9":"instock","10":"taxable","11":"shipping-taxable","12":"purchasable","13":"product-type-simple"},"ct_brands":[],"yoast_head":"<!-- This site is optimized with the Yoast SEO plugin v27.1.1 - https:\/\/yoast.com\/product\/yoast-seo-wordpress\/ -->\n<title>Resistencia de Chip 0805 SMD, 470 Ohms 5% Tolerancia | IndTESA<\/title>\n<meta name=\"robots\" content=\"index, follow, max-snippet:-1, max-image-preview:large, max-video-preview:-1\" \/>\n<link rel=\"canonical\" href=\"https:\/\/indtesa-electronica.com\/en\/tienda-en-linea\/componentes\/pasivos\/resistencia-de-chip-0805-smd-470-ohms-5-tolerancia\/\" \/>\n<meta property=\"og:locale\" content=\"en_US\" \/>\n<meta property=\"og:type\" content=\"article\" \/>\n<meta property=\"og:title\" content=\"Resistencia de Chip 0805 SMD, 470 Ohms 5% Tolerancia | IndTESA\" \/>\n<meta property=\"og:description\" content=\"Envase 0805 Potencia (vatios) 125mW Tipo Resistencias de pel\u00edcula gruesa Tensi\u00f3n de sobrecarga (m\u00e1x.) 150V Coeficiente de temperatura \u00b1100ppm\/\u2103 Tolerancia \u00b15 Rango de temperatura de funcionamiento -55\u2103~+155\u2103 Resistencia 470\u03a9\" \/>\n<meta property=\"og:url\" content=\"https:\/\/indtesa-electronica.com\/en\/tienda-en-linea\/componentes\/pasivos\/resistencia-de-chip-0805-smd-470-ohms-5-tolerancia\/\" \/>\n<meta property=\"og:site_name\" content=\"IndTESA\" \/>\n<meta property=\"article:modified_time\" content=\"2025-02-20T02:18:20+00:00\" \/>\n<meta property=\"og:image\" content=\"https:\/\/indtesa-electronica.com\/wp-content\/uploads\/2025\/01\/Resistencia-de-Chip-0805-470-Ohms-5-Tolerancia-png.webp\" \/>\n\t<meta property=\"og:image:width\" content=\"220\" \/>\n\t<meta property=\"og:image:height\" content=\"220\" \/>\n\t<meta property=\"og:image:type\" content=\"image\/png\" \/>\n<meta name=\"twitter:card\" content=\"summary_large_image\" \/>\n<meta name=\"twitter:label1\" content=\"Est. reading time\" \/>\n\t<meta name=\"twitter:data1\" content=\"1 minute\" \/>\n<script type=\"application\/ld+json\" class=\"yoast-schema-graph\">{\"@context\":\"https:\/\/schema.org\",\"@graph\":[{\"@type\":\"WebPage\",\"@id\":\"https:\/\/indtesa-electronica.com\/tienda-en-linea\/componentes\/pasivos\/resistencia-de-chip-0805-smd-470-ohms-5-tolerancia\/\",\"url\":\"https:\/\/indtesa-electronica.com\/tienda-en-linea\/componentes\/pasivos\/resistencia-de-chip-0805-smd-470-ohms-5-tolerancia\/\",\"name\":\"Resistencia de Chip 0805 SMD, 470 Ohms 5% Tolerancia | IndTESA\",\"isPartOf\":{\"@id\":\"https:\/\/indtesa-electronica.com\/#website\"},\"primaryImageOfPage\":{\"@id\":\"https:\/\/indtesa-electronica.com\/tienda-en-linea\/componentes\/pasivos\/resistencia-de-chip-0805-smd-470-ohms-5-tolerancia\/#primaryimage\"},\"image\":{\"@id\":\"https:\/\/indtesa-electronica.com\/tienda-en-linea\/componentes\/pasivos\/resistencia-de-chip-0805-smd-470-ohms-5-tolerancia\/#primaryimage\"},\"thumbnailUrl\":\"https:\/\/indtesa-electronica.com\/wp-content\/uploads\/2025\/01\/Resistencia-de-Chip-0805-470-Ohms-5-Tolerancia-png.webp\",\"datePublished\":\"2025-01-02T23:46:53+00:00\",\"dateModified\":\"2025-02-20T02:18:20+00:00\",\"breadcrumb\":{\"@id\":\"https:\/\/indtesa-electronica.com\/tienda-en-linea\/componentes\/pasivos\/resistencia-de-chip-0805-smd-470-ohms-5-tolerancia\/#breadcrumb\"},\"inLanguage\":\"en-US\",\"potentialAction\":[{\"@type\":\"ReadAction\",\"target\":[\"https:\/\/indtesa-electronica.com\/tienda-en-linea\/componentes\/pasivos\/resistencia-de-chip-0805-smd-470-ohms-5-tolerancia\/\"]}]},{\"@type\":\"ImageObject\",\"inLanguage\":\"en-US\",\"@id\":\"https:\/\/indtesa-electronica.com\/tienda-en-linea\/componentes\/pasivos\/resistencia-de-chip-0805-smd-470-ohms-5-tolerancia\/#primaryimage\",\"url\":\"https:\/\/indtesa-electronica.com\/wp-content\/uploads\/2025\/01\/Resistencia-de-Chip-0805-470-Ohms-5-Tolerancia-png.webp\",\"contentUrl\":\"https:\/\/indtesa-electronica.com\/wp-content\/uploads\/2025\/01\/Resistencia-de-Chip-0805-470-Ohms-5-Tolerancia-png.webp\",\"width\":220,\"height\":220},{\"@type\":\"BreadcrumbList\",\"@id\":\"https:\/\/indtesa-electronica.com\/tienda-en-linea\/componentes\/pasivos\/resistencia-de-chip-0805-smd-470-ohms-5-tolerancia\/#breadcrumb\",\"itemListElement\":[{\"@type\":\"ListItem\",\"position\":1,\"name\":\"Inicio\",\"item\":\"https:\/\/indtesa-electronica.com\/\"},{\"@type\":\"ListItem\",\"position\":2,\"name\":\"Tienda en linea\",\"item\":\"https:\/\/indtesa-electronica.com\/tienda-en-linea\/\"},{\"@type\":\"ListItem\",\"position\":3,\"name\":\"Resistencia de Chip 0805 SMD, 470 Ohms 5% Tolerancia\"}]},{\"@type\":\"WebSite\",\"@id\":\"https:\/\/indtesa-electronica.com\/#website\",\"url\":\"https:\/\/indtesa-electronica.com\/\",\"name\":\"Electronica - IndTESA\",\"description\":\"\",\"publisher\":{\"@id\":\"https:\/\/indtesa-electronica.com\/#organization\"},\"potentialAction\":[{\"@type\":\"SearchAction\",\"target\":{\"@type\":\"EntryPoint\",\"urlTemplate\":\"https:\/\/indtesa-electronica.com\/?s={search_term_string}\"},\"query-input\":{\"@type\":\"PropertyValueSpecification\",\"valueRequired\":true,\"valueName\":\"search_term_string\"}}],\"inLanguage\":\"en-US\"},{\"@type\":\"Organization\",\"@id\":\"https:\/\/indtesa-electronica.com\/#organization\",\"name\":\"Industrial TESA S.A.S. de C.V.\",\"url\":\"https:\/\/indtesa-electronica.com\/\",\"logo\":{\"@type\":\"ImageObject\",\"inLanguage\":\"en-US\",\"@id\":\"https:\/\/indtesa-electronica.com\/#\/schema\/logo\/image\/\",\"url\":\"\",\"contentUrl\":\"\",\"caption\":\"Industrial TESA S.A.S. de C.V.\"},\"image\":{\"@id\":\"https:\/\/indtesa-electronica.com\/#\/schema\/logo\/image\/\"}}]}<\/script>\n<!-- \/ Yoast SEO plugin. -->","yoast_head_json":{"title":"Resistencia de Chip 0805 SMD, 470 Ohms 5% Tolerancia | IndTESA","robots":{"index":"index","follow":"follow","max-snippet":"max-snippet:-1","max-image-preview":"max-image-preview:large","max-video-preview":"max-video-preview:-1"},"canonical":"https:\/\/indtesa-electronica.com\/en\/tienda-en-linea\/componentes\/pasivos\/resistencia-de-chip-0805-smd-470-ohms-5-tolerancia\/","og_locale":"en_US","og_type":"article","og_title":"Resistencia de Chip 0805 SMD, 470 Ohms 5% Tolerancia | IndTESA","og_description":"Envase 0805 Potencia (vatios) 125mW Tipo Resistencias de pel\u00edcula gruesa Tensi\u00f3n de sobrecarga (m\u00e1x.) 150V Coeficiente de temperatura \u00b1100ppm\/\u2103 Tolerancia \u00b15 Rango de temperatura de funcionamiento -55\u2103~+155\u2103 Resistencia 470\u03a9","og_url":"https:\/\/indtesa-electronica.com\/en\/tienda-en-linea\/componentes\/pasivos\/resistencia-de-chip-0805-smd-470-ohms-5-tolerancia\/","og_site_name":"IndTESA","article_modified_time":"2025-02-20T02:18:20+00:00","og_image":[{"width":220,"height":220,"url":"https:\/\/indtesa-electronica.com\/wp-content\/uploads\/2025\/01\/Resistencia-de-Chip-0805-470-Ohms-5-Tolerancia-png.webp","type":"image\/png"}],"twitter_card":"summary_large_image","twitter_misc":{"Est. reading time":"1 minute"},"schema":{"@context":"https:\/\/schema.org","@graph":[{"@type":"WebPage","@id":"https:\/\/indtesa-electronica.com\/tienda-en-linea\/componentes\/pasivos\/resistencia-de-chip-0805-smd-470-ohms-5-tolerancia\/","url":"https:\/\/indtesa-electronica.com\/tienda-en-linea\/componentes\/pasivos\/resistencia-de-chip-0805-smd-470-ohms-5-tolerancia\/","name":"Resistencia de Chip 0805 SMD, 470 Ohms 5% Tolerancia | IndTESA","isPartOf":{"@id":"https:\/\/indtesa-electronica.com\/#website"},"primaryImageOfPage":{"@id":"https:\/\/indtesa-electronica.com\/tienda-en-linea\/componentes\/pasivos\/resistencia-de-chip-0805-smd-470-ohms-5-tolerancia\/#primaryimage"},"image":{"@id":"https:\/\/indtesa-electronica.com\/tienda-en-linea\/componentes\/pasivos\/resistencia-de-chip-0805-smd-470-ohms-5-tolerancia\/#primaryimage"},"thumbnailUrl":"https:\/\/indtesa-electronica.com\/wp-content\/uploads\/2025\/01\/Resistencia-de-Chip-0805-470-Ohms-5-Tolerancia-png.webp","datePublished":"2025-01-02T23:46:53+00:00","dateModified":"2025-02-20T02:18:20+00:00","breadcrumb":{"@id":"https:\/\/indtesa-electronica.com\/tienda-en-linea\/componentes\/pasivos\/resistencia-de-chip-0805-smd-470-ohms-5-tolerancia\/#breadcrumb"},"inLanguage":"en-US","potentialAction":[{"@type":"ReadAction","target":["https:\/\/indtesa-electronica.com\/tienda-en-linea\/componentes\/pasivos\/resistencia-de-chip-0805-smd-470-ohms-5-tolerancia\/"]}]},{"@type":"ImageObject","inLanguage":"en-US","@id":"https:\/\/indtesa-electronica.com\/tienda-en-linea\/componentes\/pasivos\/resistencia-de-chip-0805-smd-470-ohms-5-tolerancia\/#primaryimage","url":"https:\/\/indtesa-electronica.com\/wp-content\/uploads\/2025\/01\/Resistencia-de-Chip-0805-470-Ohms-5-Tolerancia-png.webp","contentUrl":"https:\/\/indtesa-electronica.com\/wp-content\/uploads\/2025\/01\/Resistencia-de-Chip-0805-470-Ohms-5-Tolerancia-png.webp","width":220,"height":220},{"@type":"BreadcrumbList","@id":"https:\/\/indtesa-electronica.com\/tienda-en-linea\/componentes\/pasivos\/resistencia-de-chip-0805-smd-470-ohms-5-tolerancia\/#breadcrumb","itemListElement":[{"@type":"ListItem","position":1,"name":"Inicio","item":"https:\/\/indtesa-electronica.com\/"},{"@type":"ListItem","position":2,"name":"Tienda en linea","item":"https:\/\/indtesa-electronica.com\/tienda-en-linea\/"},{"@type":"ListItem","position":3,"name":"Resistencia de Chip 0805 SMD, 470 Ohms 5% Tolerancia"}]},{"@type":"WebSite","@id":"https:\/\/indtesa-electronica.com\/#website","url":"https:\/\/indtesa-electronica.com\/","name":"Electronica - IndTESA","description":"","publisher":{"@id":"https:\/\/indtesa-electronica.com\/#organization"},"potentialAction":[{"@type":"SearchAction","target":{"@type":"EntryPoint","urlTemplate":"https:\/\/indtesa-electronica.com\/?s={search_term_string}"},"query-input":{"@type":"PropertyValueSpecification","valueRequired":true,"valueName":"search_term_string"}}],"inLanguage":"en-US"},{"@type":"Organization","@id":"https:\/\/indtesa-electronica.com\/#organization","name":"Industrial TESA S.A.S. de C.V.","url":"https:\/\/indtesa-electronica.com\/","logo":{"@type":"ImageObject","inLanguage":"en-US","@id":"https:\/\/indtesa-electronica.com\/#\/schema\/logo\/image\/","url":"","contentUrl":"","caption":"Industrial TESA S.A.S. de C.V."},"image":{"@id":"https:\/\/indtesa-electronica.com\/#\/schema\/logo\/image\/"}}]}},"jetpack_sharing_enabled":true,"tiered_pricing_type":"fixed","tiered_pricing_fixed_rules":[],"tiered_pricing_product_settings":{"layout":"default","base_unit_name":{"singular":null,"plural":null},"default_variation":null},"tiered_pricing_minimum_quantity":null,"tiered_pricing_roles_data":[],"tiered_pricing_percentage_rules":[],"_links":{"self":[{"href":"https:\/\/indtesa-electronica.com\/en\/wp-json\/wp\/v2\/product\/16669","targetHints":{"allow":["GET"]}}],"collection":[{"href":"https:\/\/indtesa-electronica.com\/en\/wp-json\/wp\/v2\/product"}],"about":[{"href":"https:\/\/indtesa-electronica.com\/en\/wp-json\/wp\/v2\/types\/product"}],"wp:featuredmedia":[{"embeddable":true,"href":"https:\/\/indtesa-electronica.com\/en\/wp-json\/wp\/v2\/media\/16670"}],"wp:attachment":[{"href":"https:\/\/indtesa-electronica.com\/en\/wp-json\/wp\/v2\/media?parent=16669"}],"wp:term":[{"taxonomy":"product_brand","embeddable":true,"href":"https:\/\/indtesa-electronica.com\/en\/wp-json\/wp\/v2\/product_brand?post=16669"},{"taxonomy":"product_cat","embeddable":true,"href":"https:\/\/indtesa-electronica.com\/en\/wp-json\/wp\/v2\/product_cat?post=16669"},{"taxonomy":"product_tag","embeddable":true,"href":"https:\/\/indtesa-electronica.com\/en\/wp-json\/wp\/v2\/product_tag?post=16669"}],"curies":[{"name":"wp","href":"https:\/\/api.w.org\/{rel}","templated":true}]}}