{"id":16736,"date":"2025-01-06T21:59:21","date_gmt":"2025-01-06T21:59:21","guid":{"rendered":"https:\/\/indtesa-electronica.com\/?post_type=product&#038;p=16736"},"modified":"2025-02-18T00:30:45","modified_gmt":"2025-02-18T00:30:45","slug":"conector-b4b-ph-k-slfsn-tipo-macho-2mm","status":"publish","type":"product","link":"https:\/\/indtesa-electronica.com\/en\/tienda-en-linea\/componentes\/conexion\/conector-b4b-ph-k-slfsn-tipo-macho-2mm\/","title":{"rendered":"Conector B4B-PH-K-S(LF)(SN) Tipo Macho, 2mm"},"content":{"rendered":"<p>Paquete Plugin,P=2mm<br \/>\nAncho Y del borde inferior de la placa 4,5 mm<br \/>\nEstructura de Pines 1x4P<br \/>\nN\u00famero de pines 4P<br \/>\nSerie de referencia PH<br \/>\nEsta\u00f1ado de contactos<br \/>\nN\u00famero de PINs por Fila 4<br \/>\nRango de temperatura de funcionamiento -25\u2103~+85\u2103<br \/>\nCorriente nominal (m\u00e1x.) 2A<br \/>\nMaterial pl\u00e1stico PA66<br \/>\nColor Blanco<br \/>\nCaracter\u00edsticas suplementarias Punz\u00f3n de pata K<br \/>\nN\u00famero de filas 1<br \/>\nRetardante de llama UL94V-0<br \/>\nPaso 2mm<br \/>\nTensi\u00f3n nominal (m\u00e1x.) 100 V<br \/>\nMaterial de contacto Lat\u00f3n<br \/>\nLongitud X del borde inferior de la placa (l\u00ednea de separaci\u00f3n) 9,9 mm<br \/>\nAltura Z de la placa 6mm<br \/>\nEstilo de montaje Inserci\u00f3n directa<\/p>\n<p><a href=\"https:\/\/indtesa-electronica.com\/wp-content\/uploads\/2025\/01\/Hoja-de-Datos-Conector-PH-2A-Tipo-Macho-2mm.pdf\">Hoja de Datos Conector PH-2A Tipo Macho, 2mm<\/a><\/p>","protected":false},"excerpt":{"rendered":"<p>Paquete Plugin,P=2mm Ancho Y del borde inferior de la placa 4,5 mm Estructura de Pines 1x4P N\u00famero de pines 4P Serie de referencia PH Esta\u00f1ado de contactos N\u00famero de PINs por Fila 4 Rango de temperatura de funcionamiento -25\u2103~+85\u2103 Corriente nominal (m\u00e1x.) 2A Material pl\u00e1stico PA66 Color Blanco Caracter\u00edsticas suplementarias Punz\u00f3n de pata K N\u00famero [&hellip;]<\/p>\n","protected":false},"featured_media":16738,"template":"","meta":{"_gspb_post_css":""},"product_brand":[],"product_cat":[433],"product_tag":[],"class_list":{"0":"post-16736","1":"product","2":"type-product","3":"status-publish","4":"has-post-thumbnail","6":"product_cat-conexion","8":"first","9":"instock","10":"taxable","11":"shipping-taxable","12":"purchasable","13":"product-type-simple"},"ct_brands":[],"yoast_head":"<!-- This site is optimized with the Yoast SEO plugin v27.1.1 - https:\/\/yoast.com\/product\/yoast-seo-wordpress\/ -->\n<title>Conector B4B-PH-K-S(LF)(SN) Tipo Macho, 2mm | IndTESA<\/title>\n<meta name=\"robots\" content=\"index, follow, max-snippet:-1, max-image-preview:large, max-video-preview:-1\" \/>\n<link rel=\"canonical\" href=\"https:\/\/indtesa-electronica.com\/en\/tienda-en-linea\/componentes\/conexion\/conector-b4b-ph-k-slfsn-tipo-macho-2mm\/\" \/>\n<meta property=\"og:locale\" content=\"en_US\" \/>\n<meta property=\"og:type\" content=\"article\" \/>\n<meta property=\"og:title\" content=\"Conector B4B-PH-K-S(LF)(SN) Tipo Macho, 2mm | IndTESA\" \/>\n<meta property=\"og:description\" content=\"Paquete Plugin,P=2mm Ancho Y del borde inferior de la placa 4,5 mm Estructura de Pines 1x4P N\u00famero de pines 4P Serie de referencia PH Esta\u00f1ado de contactos N\u00famero de PINs por Fila 4 Rango de temperatura de funcionamiento -25\u2103~+85\u2103 Corriente nominal (m\u00e1x.) 2A Material pl\u00e1stico PA66 Color Blanco Caracter\u00edsticas suplementarias Punz\u00f3n de pata K N\u00famero [&hellip;]\" \/>\n<meta property=\"og:url\" content=\"https:\/\/indtesa-electronica.com\/en\/tienda-en-linea\/componentes\/conexion\/conector-b4b-ph-k-slfsn-tipo-macho-2mm\/\" \/>\n<meta property=\"og:site_name\" content=\"IndTESA\" \/>\n<meta property=\"article:modified_time\" content=\"2025-02-18T00:30:45+00:00\" \/>\n<meta property=\"og:image\" content=\"https:\/\/indtesa-electronica.com\/wp-content\/uploads\/2025\/01\/Conector-B4B-PH-K-SLFSN-Tipo-Macho-2mm-png.webp\" \/>\n\t<meta property=\"og:image:width\" content=\"530\" \/>\n\t<meta property=\"og:image:height\" content=\"530\" \/>\n\t<meta property=\"og:image:type\" content=\"image\/png\" \/>\n<meta name=\"twitter:card\" content=\"summary_large_image\" \/>\n<meta name=\"twitter:label1\" content=\"Est. reading time\" \/>\n\t<meta name=\"twitter:data1\" content=\"1 minute\" \/>\n<script type=\"application\/ld+json\" class=\"yoast-schema-graph\">{\"@context\":\"https:\/\/schema.org\",\"@graph\":[{\"@type\":\"WebPage\",\"@id\":\"https:\/\/indtesa-electronica.com\/tienda-en-linea\/componentes\/conexion\/conector-b4b-ph-k-slfsn-tipo-macho-2mm\/\",\"url\":\"https:\/\/indtesa-electronica.com\/tienda-en-linea\/componentes\/conexion\/conector-b4b-ph-k-slfsn-tipo-macho-2mm\/\",\"name\":\"Conector B4B-PH-K-S(LF)(SN) Tipo Macho, 2mm | IndTESA\",\"isPartOf\":{\"@id\":\"https:\/\/indtesa-electronica.com\/#website\"},\"primaryImageOfPage\":{\"@id\":\"https:\/\/indtesa-electronica.com\/tienda-en-linea\/componentes\/conexion\/conector-b4b-ph-k-slfsn-tipo-macho-2mm\/#primaryimage\"},\"image\":{\"@id\":\"https:\/\/indtesa-electronica.com\/tienda-en-linea\/componentes\/conexion\/conector-b4b-ph-k-slfsn-tipo-macho-2mm\/#primaryimage\"},\"thumbnailUrl\":\"https:\/\/indtesa-electronica.com\/wp-content\/uploads\/2025\/01\/Conector-B4B-PH-K-SLFSN-Tipo-Macho-2mm-png.webp\",\"datePublished\":\"2025-01-06T21:59:21+00:00\",\"dateModified\":\"2025-02-18T00:30:45+00:00\",\"breadcrumb\":{\"@id\":\"https:\/\/indtesa-electronica.com\/tienda-en-linea\/componentes\/conexion\/conector-b4b-ph-k-slfsn-tipo-macho-2mm\/#breadcrumb\"},\"inLanguage\":\"en-US\",\"potentialAction\":[{\"@type\":\"ReadAction\",\"target\":[\"https:\/\/indtesa-electronica.com\/tienda-en-linea\/componentes\/conexion\/conector-b4b-ph-k-slfsn-tipo-macho-2mm\/\"]}]},{\"@type\":\"ImageObject\",\"inLanguage\":\"en-US\",\"@id\":\"https:\/\/indtesa-electronica.com\/tienda-en-linea\/componentes\/conexion\/conector-b4b-ph-k-slfsn-tipo-macho-2mm\/#primaryimage\",\"url\":\"https:\/\/indtesa-electronica.com\/wp-content\/uploads\/2025\/01\/Conector-B4B-PH-K-SLFSN-Tipo-Macho-2mm-png.webp\",\"contentUrl\":\"https:\/\/indtesa-electronica.com\/wp-content\/uploads\/2025\/01\/Conector-B4B-PH-K-SLFSN-Tipo-Macho-2mm-png.webp\",\"width\":530,\"height\":530},{\"@type\":\"BreadcrumbList\",\"@id\":\"https:\/\/indtesa-electronica.com\/tienda-en-linea\/componentes\/conexion\/conector-b4b-ph-k-slfsn-tipo-macho-2mm\/#breadcrumb\",\"itemListElement\":[{\"@type\":\"ListItem\",\"position\":1,\"name\":\"Inicio\",\"item\":\"https:\/\/indtesa-electronica.com\/\"},{\"@type\":\"ListItem\",\"position\":2,\"name\":\"Tienda en linea\",\"item\":\"https:\/\/indtesa-electronica.com\/tienda-en-linea\/\"},{\"@type\":\"ListItem\",\"position\":3,\"name\":\"Conector B4B-PH-K-S(LF)(SN) Tipo Macho, 2mm\"}]},{\"@type\":\"WebSite\",\"@id\":\"https:\/\/indtesa-electronica.com\/#website\",\"url\":\"https:\/\/indtesa-electronica.com\/\",\"name\":\"Electronica - IndTESA\",\"description\":\"\",\"publisher\":{\"@id\":\"https:\/\/indtesa-electronica.com\/#organization\"},\"potentialAction\":[{\"@type\":\"SearchAction\",\"target\":{\"@type\":\"EntryPoint\",\"urlTemplate\":\"https:\/\/indtesa-electronica.com\/?s={search_term_string}\"},\"query-input\":{\"@type\":\"PropertyValueSpecification\",\"valueRequired\":true,\"valueName\":\"search_term_string\"}}],\"inLanguage\":\"en-US\"},{\"@type\":\"Organization\",\"@id\":\"https:\/\/indtesa-electronica.com\/#organization\",\"name\":\"Industrial TESA S.A.S. de C.V.\",\"url\":\"https:\/\/indtesa-electronica.com\/\",\"logo\":{\"@type\":\"ImageObject\",\"inLanguage\":\"en-US\",\"@id\":\"https:\/\/indtesa-electronica.com\/#\/schema\/logo\/image\/\",\"url\":\"\",\"contentUrl\":\"\",\"caption\":\"Industrial TESA S.A.S. de C.V.\"},\"image\":{\"@id\":\"https:\/\/indtesa-electronica.com\/#\/schema\/logo\/image\/\"}}]}<\/script>\n<!-- \/ Yoast SEO plugin. -->","yoast_head_json":{"title":"Conector B4B-PH-K-S(LF)(SN) Tipo Macho, 2mm | IndTESA","robots":{"index":"index","follow":"follow","max-snippet":"max-snippet:-1","max-image-preview":"max-image-preview:large","max-video-preview":"max-video-preview:-1"},"canonical":"https:\/\/indtesa-electronica.com\/en\/tienda-en-linea\/componentes\/conexion\/conector-b4b-ph-k-slfsn-tipo-macho-2mm\/","og_locale":"en_US","og_type":"article","og_title":"Conector B4B-PH-K-S(LF)(SN) Tipo Macho, 2mm | IndTESA","og_description":"Paquete Plugin,P=2mm Ancho Y del borde inferior de la placa 4,5 mm Estructura de Pines 1x4P N\u00famero de pines 4P Serie de referencia PH Esta\u00f1ado de contactos N\u00famero de PINs por Fila 4 Rango de temperatura de funcionamiento -25\u2103~+85\u2103 Corriente nominal (m\u00e1x.) 2A Material pl\u00e1stico PA66 Color Blanco Caracter\u00edsticas suplementarias Punz\u00f3n de pata K N\u00famero [&hellip;]","og_url":"https:\/\/indtesa-electronica.com\/en\/tienda-en-linea\/componentes\/conexion\/conector-b4b-ph-k-slfsn-tipo-macho-2mm\/","og_site_name":"IndTESA","article_modified_time":"2025-02-18T00:30:45+00:00","og_image":[{"width":530,"height":530,"url":"https:\/\/indtesa-electronica.com\/wp-content\/uploads\/2025\/01\/Conector-B4B-PH-K-SLFSN-Tipo-Macho-2mm-png.webp","type":"image\/png"}],"twitter_card":"summary_large_image","twitter_misc":{"Est. reading time":"1 minute"},"schema":{"@context":"https:\/\/schema.org","@graph":[{"@type":"WebPage","@id":"https:\/\/indtesa-electronica.com\/tienda-en-linea\/componentes\/conexion\/conector-b4b-ph-k-slfsn-tipo-macho-2mm\/","url":"https:\/\/indtesa-electronica.com\/tienda-en-linea\/componentes\/conexion\/conector-b4b-ph-k-slfsn-tipo-macho-2mm\/","name":"Conector B4B-PH-K-S(LF)(SN) Tipo Macho, 2mm | IndTESA","isPartOf":{"@id":"https:\/\/indtesa-electronica.com\/#website"},"primaryImageOfPage":{"@id":"https:\/\/indtesa-electronica.com\/tienda-en-linea\/componentes\/conexion\/conector-b4b-ph-k-slfsn-tipo-macho-2mm\/#primaryimage"},"image":{"@id":"https:\/\/indtesa-electronica.com\/tienda-en-linea\/componentes\/conexion\/conector-b4b-ph-k-slfsn-tipo-macho-2mm\/#primaryimage"},"thumbnailUrl":"https:\/\/indtesa-electronica.com\/wp-content\/uploads\/2025\/01\/Conector-B4B-PH-K-SLFSN-Tipo-Macho-2mm-png.webp","datePublished":"2025-01-06T21:59:21+00:00","dateModified":"2025-02-18T00:30:45+00:00","breadcrumb":{"@id":"https:\/\/indtesa-electronica.com\/tienda-en-linea\/componentes\/conexion\/conector-b4b-ph-k-slfsn-tipo-macho-2mm\/#breadcrumb"},"inLanguage":"en-US","potentialAction":[{"@type":"ReadAction","target":["https:\/\/indtesa-electronica.com\/tienda-en-linea\/componentes\/conexion\/conector-b4b-ph-k-slfsn-tipo-macho-2mm\/"]}]},{"@type":"ImageObject","inLanguage":"en-US","@id":"https:\/\/indtesa-electronica.com\/tienda-en-linea\/componentes\/conexion\/conector-b4b-ph-k-slfsn-tipo-macho-2mm\/#primaryimage","url":"https:\/\/indtesa-electronica.com\/wp-content\/uploads\/2025\/01\/Conector-B4B-PH-K-SLFSN-Tipo-Macho-2mm-png.webp","contentUrl":"https:\/\/indtesa-electronica.com\/wp-content\/uploads\/2025\/01\/Conector-B4B-PH-K-SLFSN-Tipo-Macho-2mm-png.webp","width":530,"height":530},{"@type":"BreadcrumbList","@id":"https:\/\/indtesa-electronica.com\/tienda-en-linea\/componentes\/conexion\/conector-b4b-ph-k-slfsn-tipo-macho-2mm\/#breadcrumb","itemListElement":[{"@type":"ListItem","position":1,"name":"Inicio","item":"https:\/\/indtesa-electronica.com\/"},{"@type":"ListItem","position":2,"name":"Tienda en linea","item":"https:\/\/indtesa-electronica.com\/tienda-en-linea\/"},{"@type":"ListItem","position":3,"name":"Conector B4B-PH-K-S(LF)(SN) Tipo Macho, 2mm"}]},{"@type":"WebSite","@id":"https:\/\/indtesa-electronica.com\/#website","url":"https:\/\/indtesa-electronica.com\/","name":"Electronica - IndTESA","description":"","publisher":{"@id":"https:\/\/indtesa-electronica.com\/#organization"},"potentialAction":[{"@type":"SearchAction","target":{"@type":"EntryPoint","urlTemplate":"https:\/\/indtesa-electronica.com\/?s={search_term_string}"},"query-input":{"@type":"PropertyValueSpecification","valueRequired":true,"valueName":"search_term_string"}}],"inLanguage":"en-US"},{"@type":"Organization","@id":"https:\/\/indtesa-electronica.com\/#organization","name":"Industrial TESA S.A.S. de C.V.","url":"https:\/\/indtesa-electronica.com\/","logo":{"@type":"ImageObject","inLanguage":"en-US","@id":"https:\/\/indtesa-electronica.com\/#\/schema\/logo\/image\/","url":"","contentUrl":"","caption":"Industrial TESA S.A.S. de C.V."},"image":{"@id":"https:\/\/indtesa-electronica.com\/#\/schema\/logo\/image\/"}}]}},"jetpack_sharing_enabled":true,"tiered_pricing_type":"fixed","tiered_pricing_fixed_rules":[],"tiered_pricing_product_settings":{"layout":"default","base_unit_name":{"singular":null,"plural":null},"default_variation":null},"tiered_pricing_minimum_quantity":null,"tiered_pricing_roles_data":[],"tiered_pricing_percentage_rules":[],"_links":{"self":[{"href":"https:\/\/indtesa-electronica.com\/en\/wp-json\/wp\/v2\/product\/16736","targetHints":{"allow":["GET"]}}],"collection":[{"href":"https:\/\/indtesa-electronica.com\/en\/wp-json\/wp\/v2\/product"}],"about":[{"href":"https:\/\/indtesa-electronica.com\/en\/wp-json\/wp\/v2\/types\/product"}],"wp:featuredmedia":[{"embeddable":true,"href":"https:\/\/indtesa-electronica.com\/en\/wp-json\/wp\/v2\/media\/16738"}],"wp:attachment":[{"href":"https:\/\/indtesa-electronica.com\/en\/wp-json\/wp\/v2\/media?parent=16736"}],"wp:term":[{"taxonomy":"product_brand","embeddable":true,"href":"https:\/\/indtesa-electronica.com\/en\/wp-json\/wp\/v2\/product_brand?post=16736"},{"taxonomy":"product_cat","embeddable":true,"href":"https:\/\/indtesa-electronica.com\/en\/wp-json\/wp\/v2\/product_cat?post=16736"},{"taxonomy":"product_tag","embeddable":true,"href":"https:\/\/indtesa-electronica.com\/en\/wp-json\/wp\/v2\/product_tag?post=16736"}],"curies":[{"name":"wp","href":"https:\/\/api.w.org\/{rel}","templated":true}]}}