{"id":16746,"date":"2025-01-06T22:42:52","date_gmt":"2025-01-06T22:42:52","guid":{"rendered":"https:\/\/indtesa-electronica.com\/?post_type=product&#038;p=16746"},"modified":"2025-02-17T22:59:59","modified_gmt":"2025-02-17T22:59:59","slug":"relevador-jzc-32f-5v-10a","status":"publish","type":"product","link":"https:\/\/indtesa-electronica.com\/en\/tienda-en-linea\/componentes\/activos\/relevador-jzc-32f-5v-10a\/","title":{"rendered":"Relevador JZC-32F, 5V 10A"},"content":{"rendered":"<p>Embalaje Plugin,10.2&#215;18.4mm<br \/>\nMaterial de contacto AgNi<br \/>\nVoltaje de la bobina 5V<br \/>\nCapacidad de contacto 10A@125VAC;5A@250VAC;5A@30VDC<br \/>\nResistencia de contacto 100m\u03a9<br \/>\nTiempo de liberaci\u00f3n 5ms<br \/>\nTiempo de funcionamiento 8ms<br \/>\nResistencia de la bobina 55\u03a9<br \/>\nTensi\u00f3n de conmutaci\u00f3n m\u00e1xima 250V@AC;30V@DC<br \/>\nCorriente de conmutaci\u00f3n m\u00e1xima 10A<br \/>\nForma de contacto uno normalmente abierto: 1A (SPST-NO)<br \/>\nPotencia nominal de la bobina 450mW<br \/>\nTemperatura de funcionamiento -40\u2103~+70\u2103<br \/>\nTipo de bobina No polar &#8211; Bobina simple<br \/>\nN\u00famero de pin 4<\/p>\n<p><a href=\"https:\/\/indtesa-electronica.com\/wp-content\/uploads\/2025\/01\/Hoja-de-Datos-Relevador-JZC-32F-5V-10A.pdf\">Hoja de Datos Relevador JZC-32F, 5V 10A<\/a><\/p>","protected":false},"excerpt":{"rendered":"<p>Embalaje Plugin,10.2&#215;18.4mm Material de contacto AgNi Voltaje de la bobina 5V Capacidad de contacto 10A@125VAC;5A@250VAC;5A@30VDC Resistencia de contacto 100m\u03a9 Tiempo de liberaci\u00f3n 5ms Tiempo de funcionamiento 8ms Resistencia de la bobina 55\u03a9 Tensi\u00f3n de conmutaci\u00f3n m\u00e1xima 250V@AC;30V@DC Corriente de conmutaci\u00f3n m\u00e1xima 10A Forma de contacto uno normalmente abierto: 1A (SPST-NO) Potencia nominal de la bobina [&hellip;]<\/p>\n","protected":false},"featured_media":16750,"template":"","meta":{"_gspb_post_css":""},"product_brand":[],"product_cat":[431],"product_tag":[],"class_list":{"0":"post-16746","1":"product","2":"type-product","3":"status-publish","4":"has-post-thumbnail","6":"product_cat-activos","8":"first","9":"instock","10":"taxable","11":"shipping-taxable","12":"purchasable","13":"product-type-simple"},"ct_brands":[],"yoast_head":"<!-- This site is optimized with the Yoast SEO plugin v27.1.1 - https:\/\/yoast.com\/product\/yoast-seo-wordpress\/ -->\n<title>Relevador JZC-32F, 5V 10A | IndTESA<\/title>\n<meta name=\"robots\" content=\"index, follow, max-snippet:-1, max-image-preview:large, max-video-preview:-1\" \/>\n<link rel=\"canonical\" href=\"https:\/\/indtesa-electronica.com\/en\/tienda-en-linea\/componentes\/activos\/relevador-jzc-32f-5v-10a\/\" \/>\n<meta property=\"og:locale\" content=\"en_US\" \/>\n<meta property=\"og:type\" content=\"article\" \/>\n<meta property=\"og:title\" content=\"Relevador JZC-32F, 5V 10A | IndTESA\" \/>\n<meta property=\"og:description\" content=\"Embalaje Plugin,10.2&#215;18.4mm Material de contacto AgNi Voltaje de la bobina 5V Capacidad de contacto 10A@125VAC;5A@250VAC;5A@30VDC Resistencia de contacto 100m\u03a9 Tiempo de liberaci\u00f3n 5ms Tiempo de funcionamiento 8ms Resistencia de la bobina 55\u03a9 Tensi\u00f3n de conmutaci\u00f3n m\u00e1xima 250V@AC;30V@DC Corriente de conmutaci\u00f3n m\u00e1xima 10A Forma de contacto uno normalmente abierto: 1A (SPST-NO) Potencia nominal de la bobina [&hellip;]\" \/>\n<meta property=\"og:url\" content=\"https:\/\/indtesa-electronica.com\/en\/tienda-en-linea\/componentes\/activos\/relevador-jzc-32f-5v-10a\/\" \/>\n<meta property=\"og:site_name\" content=\"IndTESA\" \/>\n<meta property=\"article:modified_time\" content=\"2025-02-17T22:59:59+00:00\" \/>\n<meta property=\"og:image\" content=\"https:\/\/indtesa-electronica.com\/wp-content\/uploads\/2025\/01\/Relevador-JZC-32F-5V-10AcR.webp\" \/>\n\t<meta property=\"og:image:width\" content=\"1001\" \/>\n\t<meta property=\"og:image:height\" content=\"1000\" \/>\n\t<meta property=\"og:image:type\" content=\"image\/jpeg\" \/>\n<meta name=\"twitter:card\" content=\"summary_large_image\" \/>\n<meta name=\"twitter:label1\" content=\"Est. reading time\" \/>\n\t<meta name=\"twitter:data1\" content=\"1 minute\" \/>\n<script type=\"application\/ld+json\" class=\"yoast-schema-graph\">{\"@context\":\"https:\/\/schema.org\",\"@graph\":[{\"@type\":\"WebPage\",\"@id\":\"https:\/\/indtesa-electronica.com\/tienda-en-linea\/componentes\/activos\/relevador-jzc-32f-5v-10a\/\",\"url\":\"https:\/\/indtesa-electronica.com\/tienda-en-linea\/componentes\/activos\/relevador-jzc-32f-5v-10a\/\",\"name\":\"Relevador JZC-32F, 5V 10A | IndTESA\",\"isPartOf\":{\"@id\":\"https:\/\/indtesa-electronica.com\/#website\"},\"primaryImageOfPage\":{\"@id\":\"https:\/\/indtesa-electronica.com\/tienda-en-linea\/componentes\/activos\/relevador-jzc-32f-5v-10a\/#primaryimage\"},\"image\":{\"@id\":\"https:\/\/indtesa-electronica.com\/tienda-en-linea\/componentes\/activos\/relevador-jzc-32f-5v-10a\/#primaryimage\"},\"thumbnailUrl\":\"https:\/\/indtesa-electronica.com\/wp-content\/uploads\/2025\/01\/Relevador-JZC-32F-5V-10AcR.webp\",\"datePublished\":\"2025-01-06T22:42:52+00:00\",\"dateModified\":\"2025-02-17T22:59:59+00:00\",\"breadcrumb\":{\"@id\":\"https:\/\/indtesa-electronica.com\/tienda-en-linea\/componentes\/activos\/relevador-jzc-32f-5v-10a\/#breadcrumb\"},\"inLanguage\":\"en-US\",\"potentialAction\":[{\"@type\":\"ReadAction\",\"target\":[\"https:\/\/indtesa-electronica.com\/tienda-en-linea\/componentes\/activos\/relevador-jzc-32f-5v-10a\/\"]}]},{\"@type\":\"ImageObject\",\"inLanguage\":\"en-US\",\"@id\":\"https:\/\/indtesa-electronica.com\/tienda-en-linea\/componentes\/activos\/relevador-jzc-32f-5v-10a\/#primaryimage\",\"url\":\"https:\/\/indtesa-electronica.com\/wp-content\/uploads\/2025\/01\/Relevador-JZC-32F-5V-10AcR.webp\",\"contentUrl\":\"https:\/\/indtesa-electronica.com\/wp-content\/uploads\/2025\/01\/Relevador-JZC-32F-5V-10AcR.webp\",\"width\":1001,\"height\":1000},{\"@type\":\"BreadcrumbList\",\"@id\":\"https:\/\/indtesa-electronica.com\/tienda-en-linea\/componentes\/activos\/relevador-jzc-32f-5v-10a\/#breadcrumb\",\"itemListElement\":[{\"@type\":\"ListItem\",\"position\":1,\"name\":\"Inicio\",\"item\":\"https:\/\/indtesa-electronica.com\/\"},{\"@type\":\"ListItem\",\"position\":2,\"name\":\"Tienda en linea\",\"item\":\"https:\/\/indtesa-electronica.com\/tienda-en-linea\/\"},{\"@type\":\"ListItem\",\"position\":3,\"name\":\"Relevador JZC-32F, 5V 10A\"}]},{\"@type\":\"WebSite\",\"@id\":\"https:\/\/indtesa-electronica.com\/#website\",\"url\":\"https:\/\/indtesa-electronica.com\/\",\"name\":\"Electronica - IndTESA\",\"description\":\"\",\"publisher\":{\"@id\":\"https:\/\/indtesa-electronica.com\/#organization\"},\"potentialAction\":[{\"@type\":\"SearchAction\",\"target\":{\"@type\":\"EntryPoint\",\"urlTemplate\":\"https:\/\/indtesa-electronica.com\/?s={search_term_string}\"},\"query-input\":{\"@type\":\"PropertyValueSpecification\",\"valueRequired\":true,\"valueName\":\"search_term_string\"}}],\"inLanguage\":\"en-US\"},{\"@type\":\"Organization\",\"@id\":\"https:\/\/indtesa-electronica.com\/#organization\",\"name\":\"Industrial TESA S.A.S. de C.V.\",\"url\":\"https:\/\/indtesa-electronica.com\/\",\"logo\":{\"@type\":\"ImageObject\",\"inLanguage\":\"en-US\",\"@id\":\"https:\/\/indtesa-electronica.com\/#\/schema\/logo\/image\/\",\"url\":\"\",\"contentUrl\":\"\",\"caption\":\"Industrial TESA S.A.S. de C.V.\"},\"image\":{\"@id\":\"https:\/\/indtesa-electronica.com\/#\/schema\/logo\/image\/\"}}]}<\/script>\n<!-- \/ Yoast SEO plugin. -->","yoast_head_json":{"title":"Relevador JZC-32F, 5V 10A | IndTESA","robots":{"index":"index","follow":"follow","max-snippet":"max-snippet:-1","max-image-preview":"max-image-preview:large","max-video-preview":"max-video-preview:-1"},"canonical":"https:\/\/indtesa-electronica.com\/en\/tienda-en-linea\/componentes\/activos\/relevador-jzc-32f-5v-10a\/","og_locale":"en_US","og_type":"article","og_title":"Relevador JZC-32F, 5V 10A | IndTESA","og_description":"Embalaje Plugin,10.2&#215;18.4mm Material de contacto AgNi Voltaje de la bobina 5V Capacidad de contacto 10A@125VAC;5A@250VAC;5A@30VDC Resistencia de contacto 100m\u03a9 Tiempo de liberaci\u00f3n 5ms Tiempo de funcionamiento 8ms Resistencia de la bobina 55\u03a9 Tensi\u00f3n de conmutaci\u00f3n m\u00e1xima 250V@AC;30V@DC Corriente de conmutaci\u00f3n m\u00e1xima 10A Forma de contacto uno normalmente abierto: 1A (SPST-NO) Potencia nominal de la bobina [&hellip;]","og_url":"https:\/\/indtesa-electronica.com\/en\/tienda-en-linea\/componentes\/activos\/relevador-jzc-32f-5v-10a\/","og_site_name":"IndTESA","article_modified_time":"2025-02-17T22:59:59+00:00","og_image":[{"width":1001,"height":1000,"url":"https:\/\/indtesa-electronica.com\/wp-content\/uploads\/2025\/01\/Relevador-JZC-32F-5V-10AcR.webp","type":"image\/jpeg"}],"twitter_card":"summary_large_image","twitter_misc":{"Est. reading time":"1 minute"},"schema":{"@context":"https:\/\/schema.org","@graph":[{"@type":"WebPage","@id":"https:\/\/indtesa-electronica.com\/tienda-en-linea\/componentes\/activos\/relevador-jzc-32f-5v-10a\/","url":"https:\/\/indtesa-electronica.com\/tienda-en-linea\/componentes\/activos\/relevador-jzc-32f-5v-10a\/","name":"Relevador JZC-32F, 5V 10A | IndTESA","isPartOf":{"@id":"https:\/\/indtesa-electronica.com\/#website"},"primaryImageOfPage":{"@id":"https:\/\/indtesa-electronica.com\/tienda-en-linea\/componentes\/activos\/relevador-jzc-32f-5v-10a\/#primaryimage"},"image":{"@id":"https:\/\/indtesa-electronica.com\/tienda-en-linea\/componentes\/activos\/relevador-jzc-32f-5v-10a\/#primaryimage"},"thumbnailUrl":"https:\/\/indtesa-electronica.com\/wp-content\/uploads\/2025\/01\/Relevador-JZC-32F-5V-10AcR.webp","datePublished":"2025-01-06T22:42:52+00:00","dateModified":"2025-02-17T22:59:59+00:00","breadcrumb":{"@id":"https:\/\/indtesa-electronica.com\/tienda-en-linea\/componentes\/activos\/relevador-jzc-32f-5v-10a\/#breadcrumb"},"inLanguage":"en-US","potentialAction":[{"@type":"ReadAction","target":["https:\/\/indtesa-electronica.com\/tienda-en-linea\/componentes\/activos\/relevador-jzc-32f-5v-10a\/"]}]},{"@type":"ImageObject","inLanguage":"en-US","@id":"https:\/\/indtesa-electronica.com\/tienda-en-linea\/componentes\/activos\/relevador-jzc-32f-5v-10a\/#primaryimage","url":"https:\/\/indtesa-electronica.com\/wp-content\/uploads\/2025\/01\/Relevador-JZC-32F-5V-10AcR.webp","contentUrl":"https:\/\/indtesa-electronica.com\/wp-content\/uploads\/2025\/01\/Relevador-JZC-32F-5V-10AcR.webp","width":1001,"height":1000},{"@type":"BreadcrumbList","@id":"https:\/\/indtesa-electronica.com\/tienda-en-linea\/componentes\/activos\/relevador-jzc-32f-5v-10a\/#breadcrumb","itemListElement":[{"@type":"ListItem","position":1,"name":"Inicio","item":"https:\/\/indtesa-electronica.com\/"},{"@type":"ListItem","position":2,"name":"Tienda en linea","item":"https:\/\/indtesa-electronica.com\/tienda-en-linea\/"},{"@type":"ListItem","position":3,"name":"Relevador JZC-32F, 5V 10A"}]},{"@type":"WebSite","@id":"https:\/\/indtesa-electronica.com\/#website","url":"https:\/\/indtesa-electronica.com\/","name":"Electronica - IndTESA","description":"","publisher":{"@id":"https:\/\/indtesa-electronica.com\/#organization"},"potentialAction":[{"@type":"SearchAction","target":{"@type":"EntryPoint","urlTemplate":"https:\/\/indtesa-electronica.com\/?s={search_term_string}"},"query-input":{"@type":"PropertyValueSpecification","valueRequired":true,"valueName":"search_term_string"}}],"inLanguage":"en-US"},{"@type":"Organization","@id":"https:\/\/indtesa-electronica.com\/#organization","name":"Industrial TESA S.A.S. de C.V.","url":"https:\/\/indtesa-electronica.com\/","logo":{"@type":"ImageObject","inLanguage":"en-US","@id":"https:\/\/indtesa-electronica.com\/#\/schema\/logo\/image\/","url":"","contentUrl":"","caption":"Industrial TESA S.A.S. de C.V."},"image":{"@id":"https:\/\/indtesa-electronica.com\/#\/schema\/logo\/image\/"}}]}},"jetpack_sharing_enabled":true,"tiered_pricing_type":"fixed","tiered_pricing_fixed_rules":[],"tiered_pricing_product_settings":{"layout":"default","base_unit_name":{"singular":null,"plural":null},"default_variation":null},"tiered_pricing_minimum_quantity":null,"tiered_pricing_roles_data":[],"tiered_pricing_percentage_rules":[],"_links":{"self":[{"href":"https:\/\/indtesa-electronica.com\/en\/wp-json\/wp\/v2\/product\/16746","targetHints":{"allow":["GET"]}}],"collection":[{"href":"https:\/\/indtesa-electronica.com\/en\/wp-json\/wp\/v2\/product"}],"about":[{"href":"https:\/\/indtesa-electronica.com\/en\/wp-json\/wp\/v2\/types\/product"}],"wp:featuredmedia":[{"embeddable":true,"href":"https:\/\/indtesa-electronica.com\/en\/wp-json\/wp\/v2\/media\/16750"}],"wp:attachment":[{"href":"https:\/\/indtesa-electronica.com\/en\/wp-json\/wp\/v2\/media?parent=16746"}],"wp:term":[{"taxonomy":"product_brand","embeddable":true,"href":"https:\/\/indtesa-electronica.com\/en\/wp-json\/wp\/v2\/product_brand?post=16746"},{"taxonomy":"product_cat","embeddable":true,"href":"https:\/\/indtesa-electronica.com\/en\/wp-json\/wp\/v2\/product_cat?post=16746"},{"taxonomy":"product_tag","embeddable":true,"href":"https:\/\/indtesa-electronica.com\/en\/wp-json\/wp\/v2\/product_tag?post=16746"}],"curies":[{"name":"wp","href":"https:\/\/api.w.org\/{rel}","templated":true}]}}