{"id":1678,"date":"2023-05-17T21:54:54","date_gmt":"2023-05-17T21:54:54","guid":{"rendered":"https:\/\/indtesa-electronica.com\/?post_type=product&#038;p=1678"},"modified":"2025-11-05T22:16:23","modified_gmt":"2025-11-05T22:16:23","slug":"convertidor-usb-a-rs-485","status":"publish","type":"product","link":"https:\/\/indtesa-electronica.com\/en\/tienda-en-linea\/componentes\/conexion\/convertidor-usb-a-rs-485\/","title":{"rendered":"Convertidor USB a RS-485"},"content":{"rendered":"<p>Largo: 53mm<br \/>\nAlto: 14.6mm<br \/>\nAncho: 23.5mm<\/p>\n<p>Color: negro<br \/>\nMaterial:ABS<br \/>\nVelocidad: 300-921600bps<br \/>\nPuerto host: USB<br \/>\nPuerto del dispositivo: RS485<br \/>\nUSB: Voltaje de funcionamiento: 5V, Conector:<br \/>\nProtecci\u00f3n: fusible de autorecuperaci\u00f3n de 200mA, protecci\u00f3n ESD<br \/>\nDistancia de transmisi\u00f3n: 5m (aproximadamente)<br \/>\nConector: terminal de tornillo<br \/>\nPines: A +, B-, GND<br \/>\nControl de direcci\u00f3n: control autom\u00e1tico de hardware<br \/>\nProtecci\u00f3n: 600W para la interfaz Apple a prueba de sobretensiones, protecci\u00f3n ESD de 15KV (resistencia de equilibrio 120R incorporada)<br \/>\nDistancia de transmisi\u00f3n: aproximadamente 1200m (velocidad baja)<br \/>\nModo de transmisi\u00f3n: punto a multipunto (hasta 32 nodos, se recomienda utilizar repetidores para 16 nodos o m\u00e1s)<br \/>\nIndicadores LED:<br \/>\nPWR: Indicador de encendido rojo, se ilumina cuando hay conexi\u00f3n USB y se detecta voltaje<br \/>\nTXD: Indicador TX rojo, se ilumina cuando el puerto USB env\u00eda datos<br \/>\nRXD: Indicador RX rojo, se ilumina cuando los puertos del dispositivo env\u00edan datos.<br \/>\nEntorno operativo:<br \/>\nTemperatura:-15 \u00b0 ~ 70 \u00b0<br \/>\nHumedad: 5% RH ~ 95% RH<br \/>\nSistema operativo: Mac, Linux, Android, WinCE, Windows 10\/8,1\/8 \/ 7 \/ XP<br \/>\nTipo de placa de demostraci\u00f3n: ARM<\/p>","protected":false},"excerpt":{"rendered":"<p>Comunicaci\u00f3n USB a RS485, adopta FT232RL original, comunicaci\u00f3n r\u00e1pida, estable y confiable, mejor compatibilidad<br \/>\nTVS integrado (supresor de voltaje transitorio), suprime eficazmente las sobretensiones y el voltaje de pico transitorio en el circuito<br \/>\n3 LED para indicar la potencia y el estado del transceptor<br \/>\nEl USB TO RS485 es muy f\u00e1cil de usar, permite la transmisi\u00f3n autom\u00e1tica.<br \/>\nEste es un convertidor industrial de USB a RS485 con FT232RL original.<\/p>","protected":false},"featured_media":2728,"template":"","meta":{"_gspb_post_css":""},"product_brand":[],"product_cat":[433],"product_tag":[],"class_list":{"0":"post-1678","1":"product","2":"type-product","3":"status-publish","4":"has-post-thumbnail","6":"product_cat-conexion","8":"first","9":"outofstock","10":"taxable","11":"shipping-taxable","12":"purchasable","13":"product-type-simple"},"ct_brands":[],"yoast_head":"<!-- This site is optimized with the Yoast SEO plugin v27.1.1 - https:\/\/yoast.com\/product\/yoast-seo-wordpress\/ -->\n<title>Convertidor USB a RS-485 | IndTESA<\/title>\n<meta name=\"robots\" content=\"index, follow, max-snippet:-1, max-image-preview:large, max-video-preview:-1\" \/>\n<link rel=\"canonical\" href=\"https:\/\/indtesa-electronica.com\/en\/tienda-en-linea\/componentes\/conexion\/convertidor-usb-a-rs-485\/\" \/>\n<meta property=\"og:locale\" content=\"en_US\" \/>\n<meta property=\"og:type\" content=\"article\" \/>\n<meta property=\"og:title\" content=\"Convertidor USB a RS-485 | IndTESA\" \/>\n<meta property=\"og:description\" content=\"Comunicaci\u00f3n USB a RS485, adopta FT232RL original, comunicaci\u00f3n r\u00e1pida, estable y confiable, mejor compatibilidad TVS integrado (supresor de voltaje transitorio), suprime eficazmente las sobretensiones y el voltaje de pico transitorio en el circuito 3 LED para indicar la potencia y el estado del transceptor El USB TO RS485 es muy f\u00e1cil de usar, permite la transmisi\u00f3n autom\u00e1tica. Este es un convertidor industrial de USB a RS485 con FT232RL original.\" \/>\n<meta property=\"og:url\" content=\"https:\/\/indtesa-electronica.com\/en\/tienda-en-linea\/componentes\/conexion\/convertidor-usb-a-rs-485\/\" \/>\n<meta property=\"og:site_name\" content=\"IndTESA\" \/>\n<meta property=\"article:modified_time\" content=\"2025-11-05T22:16:23+00:00\" \/>\n<meta property=\"og:image\" content=\"https:\/\/indtesa-electronica.com\/wp-content\/uploads\/2023\/05\/usb_to_rs485_2-1.png\" \/>\n\t<meta property=\"og:image:width\" content=\"500\" \/>\n\t<meta property=\"og:image:height\" content=\"500\" \/>\n\t<meta property=\"og:image:type\" content=\"image\/png\" \/>\n<meta name=\"twitter:card\" content=\"summary_large_image\" \/>\n<meta name=\"twitter:label1\" content=\"Est. reading time\" \/>\n\t<meta name=\"twitter:data1\" content=\"1 minute\" \/>\n<script type=\"application\/ld+json\" class=\"yoast-schema-graph\">{\"@context\":\"https:\/\/schema.org\",\"@graph\":[{\"@type\":\"WebPage\",\"@id\":\"https:\/\/indtesa-electronica.com\/tienda-en-linea\/componentes\/conexion\/convertidor-usb-a-rs-485\/\",\"url\":\"https:\/\/indtesa-electronica.com\/tienda-en-linea\/componentes\/conexion\/convertidor-usb-a-rs-485\/\",\"name\":\"Convertidor USB a RS-485 | IndTESA\",\"isPartOf\":{\"@id\":\"https:\/\/indtesa-electronica.com\/#website\"},\"primaryImageOfPage\":{\"@id\":\"https:\/\/indtesa-electronica.com\/tienda-en-linea\/componentes\/conexion\/convertidor-usb-a-rs-485\/#primaryimage\"},\"image\":{\"@id\":\"https:\/\/indtesa-electronica.com\/tienda-en-linea\/componentes\/conexion\/convertidor-usb-a-rs-485\/#primaryimage\"},\"thumbnailUrl\":\"https:\/\/indtesa-electronica.com\/wp-content\/uploads\/2023\/05\/usb_to_rs485_2-1.png\",\"datePublished\":\"2023-05-17T21:54:54+00:00\",\"dateModified\":\"2025-11-05T22:16:23+00:00\",\"breadcrumb\":{\"@id\":\"https:\/\/indtesa-electronica.com\/tienda-en-linea\/componentes\/conexion\/convertidor-usb-a-rs-485\/#breadcrumb\"},\"inLanguage\":\"en-US\",\"potentialAction\":[{\"@type\":\"ReadAction\",\"target\":[\"https:\/\/indtesa-electronica.com\/tienda-en-linea\/componentes\/conexion\/convertidor-usb-a-rs-485\/\"]}]},{\"@type\":\"ImageObject\",\"inLanguage\":\"en-US\",\"@id\":\"https:\/\/indtesa-electronica.com\/tienda-en-linea\/componentes\/conexion\/convertidor-usb-a-rs-485\/#primaryimage\",\"url\":\"https:\/\/indtesa-electronica.com\/wp-content\/uploads\/2023\/05\/usb_to_rs485_2-1.png\",\"contentUrl\":\"https:\/\/indtesa-electronica.com\/wp-content\/uploads\/2023\/05\/usb_to_rs485_2-1.png\",\"width\":500,\"height\":500},{\"@type\":\"BreadcrumbList\",\"@id\":\"https:\/\/indtesa-electronica.com\/tienda-en-linea\/componentes\/conexion\/convertidor-usb-a-rs-485\/#breadcrumb\",\"itemListElement\":[{\"@type\":\"ListItem\",\"position\":1,\"name\":\"Inicio\",\"item\":\"https:\/\/indtesa-electronica.com\/\"},{\"@type\":\"ListItem\",\"position\":2,\"name\":\"Tienda en linea\",\"item\":\"https:\/\/indtesa-electronica.com\/tienda-en-linea\/\"},{\"@type\":\"ListItem\",\"position\":3,\"name\":\"Convertidor USB a RS-485\"}]},{\"@type\":\"WebSite\",\"@id\":\"https:\/\/indtesa-electronica.com\/#website\",\"url\":\"https:\/\/indtesa-electronica.com\/\",\"name\":\"Electronica - IndTESA\",\"description\":\"\",\"publisher\":{\"@id\":\"https:\/\/indtesa-electronica.com\/#organization\"},\"potentialAction\":[{\"@type\":\"SearchAction\",\"target\":{\"@type\":\"EntryPoint\",\"urlTemplate\":\"https:\/\/indtesa-electronica.com\/?s={search_term_string}\"},\"query-input\":{\"@type\":\"PropertyValueSpecification\",\"valueRequired\":true,\"valueName\":\"search_term_string\"}}],\"inLanguage\":\"en-US\"},{\"@type\":\"Organization\",\"@id\":\"https:\/\/indtesa-electronica.com\/#organization\",\"name\":\"Industrial TESA S.A.S. de C.V.\",\"url\":\"https:\/\/indtesa-electronica.com\/\",\"logo\":{\"@type\":\"ImageObject\",\"inLanguage\":\"en-US\",\"@id\":\"https:\/\/indtesa-electronica.com\/#\/schema\/logo\/image\/\",\"url\":\"\",\"contentUrl\":\"\",\"caption\":\"Industrial TESA S.A.S. de C.V.\"},\"image\":{\"@id\":\"https:\/\/indtesa-electronica.com\/#\/schema\/logo\/image\/\"}}]}<\/script>\n<!-- \/ Yoast SEO plugin. -->","yoast_head_json":{"title":"Convertidor USB a RS-485 | IndTESA","robots":{"index":"index","follow":"follow","max-snippet":"max-snippet:-1","max-image-preview":"max-image-preview:large","max-video-preview":"max-video-preview:-1"},"canonical":"https:\/\/indtesa-electronica.com\/en\/tienda-en-linea\/componentes\/conexion\/convertidor-usb-a-rs-485\/","og_locale":"en_US","og_type":"article","og_title":"Convertidor USB a RS-485 | IndTESA","og_description":"Comunicaci\u00f3n USB a RS485, adopta FT232RL original, comunicaci\u00f3n r\u00e1pida, estable y confiable, mejor compatibilidad TVS integrado (supresor de voltaje transitorio), suprime eficazmente las sobretensiones y el voltaje de pico transitorio en el circuito 3 LED para indicar la potencia y el estado del transceptor El USB TO RS485 es muy f\u00e1cil de usar, permite la transmisi\u00f3n autom\u00e1tica. Este es un convertidor industrial de USB a RS485 con FT232RL original.","og_url":"https:\/\/indtesa-electronica.com\/en\/tienda-en-linea\/componentes\/conexion\/convertidor-usb-a-rs-485\/","og_site_name":"IndTESA","article_modified_time":"2025-11-05T22:16:23+00:00","og_image":[{"width":500,"height":500,"url":"https:\/\/indtesa-electronica.com\/wp-content\/uploads\/2023\/05\/usb_to_rs485_2-1.png","type":"image\/png"}],"twitter_card":"summary_large_image","twitter_misc":{"Est. reading time":"1 minute"},"schema":{"@context":"https:\/\/schema.org","@graph":[{"@type":"WebPage","@id":"https:\/\/indtesa-electronica.com\/tienda-en-linea\/componentes\/conexion\/convertidor-usb-a-rs-485\/","url":"https:\/\/indtesa-electronica.com\/tienda-en-linea\/componentes\/conexion\/convertidor-usb-a-rs-485\/","name":"Convertidor USB a RS-485 | IndTESA","isPartOf":{"@id":"https:\/\/indtesa-electronica.com\/#website"},"primaryImageOfPage":{"@id":"https:\/\/indtesa-electronica.com\/tienda-en-linea\/componentes\/conexion\/convertidor-usb-a-rs-485\/#primaryimage"},"image":{"@id":"https:\/\/indtesa-electronica.com\/tienda-en-linea\/componentes\/conexion\/convertidor-usb-a-rs-485\/#primaryimage"},"thumbnailUrl":"https:\/\/indtesa-electronica.com\/wp-content\/uploads\/2023\/05\/usb_to_rs485_2-1.png","datePublished":"2023-05-17T21:54:54+00:00","dateModified":"2025-11-05T22:16:23+00:00","breadcrumb":{"@id":"https:\/\/indtesa-electronica.com\/tienda-en-linea\/componentes\/conexion\/convertidor-usb-a-rs-485\/#breadcrumb"},"inLanguage":"en-US","potentialAction":[{"@type":"ReadAction","target":["https:\/\/indtesa-electronica.com\/tienda-en-linea\/componentes\/conexion\/convertidor-usb-a-rs-485\/"]}]},{"@type":"ImageObject","inLanguage":"en-US","@id":"https:\/\/indtesa-electronica.com\/tienda-en-linea\/componentes\/conexion\/convertidor-usb-a-rs-485\/#primaryimage","url":"https:\/\/indtesa-electronica.com\/wp-content\/uploads\/2023\/05\/usb_to_rs485_2-1.png","contentUrl":"https:\/\/indtesa-electronica.com\/wp-content\/uploads\/2023\/05\/usb_to_rs485_2-1.png","width":500,"height":500},{"@type":"BreadcrumbList","@id":"https:\/\/indtesa-electronica.com\/tienda-en-linea\/componentes\/conexion\/convertidor-usb-a-rs-485\/#breadcrumb","itemListElement":[{"@type":"ListItem","position":1,"name":"Inicio","item":"https:\/\/indtesa-electronica.com\/"},{"@type":"ListItem","position":2,"name":"Tienda en linea","item":"https:\/\/indtesa-electronica.com\/tienda-en-linea\/"},{"@type":"ListItem","position":3,"name":"Convertidor USB a RS-485"}]},{"@type":"WebSite","@id":"https:\/\/indtesa-electronica.com\/#website","url":"https:\/\/indtesa-electronica.com\/","name":"Electronica - IndTESA","description":"","publisher":{"@id":"https:\/\/indtesa-electronica.com\/#organization"},"potentialAction":[{"@type":"SearchAction","target":{"@type":"EntryPoint","urlTemplate":"https:\/\/indtesa-electronica.com\/?s={search_term_string}"},"query-input":{"@type":"PropertyValueSpecification","valueRequired":true,"valueName":"search_term_string"}}],"inLanguage":"en-US"},{"@type":"Organization","@id":"https:\/\/indtesa-electronica.com\/#organization","name":"Industrial TESA S.A.S. de C.V.","url":"https:\/\/indtesa-electronica.com\/","logo":{"@type":"ImageObject","inLanguage":"en-US","@id":"https:\/\/indtesa-electronica.com\/#\/schema\/logo\/image\/","url":"","contentUrl":"","caption":"Industrial TESA S.A.S. de C.V."},"image":{"@id":"https:\/\/indtesa-electronica.com\/#\/schema\/logo\/image\/"}}]}},"jetpack_sharing_enabled":true,"tiered_pricing_type":"fixed","tiered_pricing_fixed_rules":[],"tiered_pricing_product_settings":{"layout":"default","base_unit_name":{"singular":null,"plural":null},"default_variation":null},"tiered_pricing_minimum_quantity":null,"tiered_pricing_roles_data":[],"tiered_pricing_percentage_rules":[],"_links":{"self":[{"href":"https:\/\/indtesa-electronica.com\/en\/wp-json\/wp\/v2\/product\/1678","targetHints":{"allow":["GET"]}}],"collection":[{"href":"https:\/\/indtesa-electronica.com\/en\/wp-json\/wp\/v2\/product"}],"about":[{"href":"https:\/\/indtesa-electronica.com\/en\/wp-json\/wp\/v2\/types\/product"}],"wp:featuredmedia":[{"embeddable":true,"href":"https:\/\/indtesa-electronica.com\/en\/wp-json\/wp\/v2\/media\/2728"}],"wp:attachment":[{"href":"https:\/\/indtesa-electronica.com\/en\/wp-json\/wp\/v2\/media?parent=1678"}],"wp:term":[{"taxonomy":"product_brand","embeddable":true,"href":"https:\/\/indtesa-electronica.com\/en\/wp-json\/wp\/v2\/product_brand?post=1678"},{"taxonomy":"product_cat","embeddable":true,"href":"https:\/\/indtesa-electronica.com\/en\/wp-json\/wp\/v2\/product_cat?post=1678"},{"taxonomy":"product_tag","embeddable":true,"href":"https:\/\/indtesa-electronica.com\/en\/wp-json\/wp\/v2\/product_tag?post=1678"}],"curies":[{"name":"wp","href":"https:\/\/api.w.org\/{rel}","templated":true}]}}