{"id":16803,"date":"2025-01-18T16:59:39","date_gmt":"2025-01-18T16:59:39","guid":{"rendered":"https:\/\/indtesa-electronica.com\/?post_type=product&#038;p=16803"},"modified":"2025-02-26T00:19:08","modified_gmt":"2025-02-26T00:19:08","slug":"sonoff-basicr2-interruptor-inteligente-inalambrico-wifi","status":"publish","type":"product","link":"https:\/\/indtesa-electronica.com\/en\/tienda-en-linea\/iot\/domotica\/sonoff-basicr2-interruptor-inteligente-inalambrico-wifi\/","title":{"rendered":"Sonoff BASICR2, Interruptor Inteligente Inal\u00e1mbrico Wifi"},"content":{"rendered":"<p>Tipo: Modulo de interruptor inteligente<br \/>\nVoltaje: 100-240V AC 50\/60Hz<br \/>\nCarga M\u00e1xima: 10A\/2200W<br \/>\nDimensiones: 88x39x24mm<\/p>\n<p>&nbsp;<\/p>\n<p>Recursos:<\/p>\n<table>\n<tbody>\n<tr>\n<th><a class=\"lm231\" href=\"https:\/\/indtesa-electronica.com\/wp-content\/uploads\/2025\/01\/Hoja-de-datos-Sonoff-BASICR2-Interruptor-Inteligente-Inalambrico-Wifi.pdf\">Hoja de datos<\/a><\/th>\n<th><a class=\"lm231\" href=\"https:\/\/indtesa-electronica.com\/wp-content\/uploads\/2025\/01\/Manual-de-Usuario-Sonoff-BASICR2-Interruptor-Inteligente-Inalambrico-Wifi.pdf\">Manual de Usuario<\/a><\/th>\n<\/tr>\n<\/tbody>\n<\/table>","protected":false},"excerpt":{"rendered":"<p>Bas\u00e1ndose en el BASIC cl\u00e1sico, SONOFF ampl\u00eda constantemente la categor\u00eda de productos, as\u00ed como mejora y optimiza el rendimiento de los productos en secuencia. En \u00faltima instancia, sale BASICR2 con certificaci\u00f3n ETL.<\/p>\n<p>Sin cambiar sus caracter\u00edsticas inteligentes originales, BASICR2 hizo la actualizaci\u00f3n y optimizaci\u00f3n principalmente en su seguridad para proporcionar el mayor valor y experiencia de uso a nuestros usuarios.<\/p>\n<p><strong>Control de voz<\/strong> Compatible con Amazon Alexa, Google Assistant, SmartThings y Alice. S\u00f3lo hablar en voz alta su comando, el dispositivo inteligente puede hacer encendido \/ apagado como usted dice.<\/p>\n<p><strong>Seguro y fiable<\/strong> Las certificaciones ETL, CE, FCC y RoHS garantizan un producto m\u00e1s seguro y fiable.<\/p>","protected":false},"featured_media":16804,"template":"","meta":{"_gspb_post_css":""},"product_brand":[],"product_cat":[111],"product_tag":[],"class_list":{"0":"post-16803","1":"product","2":"type-product","3":"status-publish","4":"has-post-thumbnail","6":"product_cat-domotica","8":"first","9":"instock","10":"taxable","11":"shipping-taxable","12":"purchasable","13":"product-type-simple"},"ct_brands":[],"yoast_head":"<!-- This site is optimized with the Yoast SEO plugin v27.1.1 - https:\/\/yoast.com\/product\/yoast-seo-wordpress\/ -->\n<title>Sonoff BASICR2, Interruptor Inteligente Inal\u00e1mbrico Wifi | IndTESA<\/title>\n<meta name=\"robots\" content=\"index, follow, max-snippet:-1, max-image-preview:large, max-video-preview:-1\" \/>\n<link rel=\"canonical\" href=\"https:\/\/indtesa-electronica.com\/en\/tienda-en-linea\/iot\/domotica\/sonoff-basicr2-interruptor-inteligente-inalambrico-wifi\/\" \/>\n<meta property=\"og:locale\" content=\"en_US\" \/>\n<meta property=\"og:type\" content=\"article\" \/>\n<meta property=\"og:title\" content=\"Sonoff BASICR2, Interruptor Inteligente Inal\u00e1mbrico Wifi | IndTESA\" \/>\n<meta property=\"og:description\" content=\"Bas\u00e1ndose en el BASIC cl\u00e1sico, SONOFF ampl\u00eda constantemente la categor\u00eda de productos, as\u00ed como mejora y optimiza el rendimiento de los productos en secuencia. En \u00faltima instancia, sale BASICR2 con certificaci\u00f3n ETL.  Sin cambiar sus caracter\u00edsticas inteligentes originales, BASICR2 hizo la actualizaci\u00f3n y optimizaci\u00f3n principalmente en su seguridad para proporcionar el mayor valor y experiencia de uso a nuestros usuarios.  Control de voz Compatible con Amazon Alexa, Google Assistant, SmartThings y Alice. S\u00f3lo hablar en voz alta su comando, el dispositivo inteligente puede hacer encendido \/ apagado como usted dice.  Seguro y fiable Las certificaciones ETL, CE, FCC y RoHS garantizan un producto m\u00e1s seguro y fiable.\" \/>\n<meta property=\"og:url\" content=\"https:\/\/indtesa-electronica.com\/en\/tienda-en-linea\/iot\/domotica\/sonoff-basicr2-interruptor-inteligente-inalambrico-wifi\/\" \/>\n<meta property=\"og:site_name\" content=\"IndTESA\" \/>\n<meta property=\"article:modified_time\" content=\"2025-02-26T00:19:08+00:00\" \/>\n<meta property=\"og:image\" content=\"https:\/\/indtesa-electronica.com\/wp-content\/uploads\/2025\/01\/Sonoff-BASICR2-Interruptor-Inteligente-Inalambrico-Wifi-png.webp\" \/>\n\t<meta property=\"og:image:width\" content=\"600\" \/>\n\t<meta property=\"og:image:height\" content=\"600\" \/>\n\t<meta property=\"og:image:type\" content=\"image\/png\" \/>\n<meta name=\"twitter:card\" content=\"summary_large_image\" \/>\n<meta name=\"twitter:label1\" content=\"Est. reading time\" \/>\n\t<meta name=\"twitter:data1\" content=\"1 minute\" \/>\n<script type=\"application\/ld+json\" class=\"yoast-schema-graph\">{\"@context\":\"https:\/\/schema.org\",\"@graph\":[{\"@type\":\"WebPage\",\"@id\":\"https:\/\/indtesa-electronica.com\/tienda-en-linea\/iot\/domotica\/sonoff-basicr2-interruptor-inteligente-inalambrico-wifi\/\",\"url\":\"https:\/\/indtesa-electronica.com\/tienda-en-linea\/iot\/domotica\/sonoff-basicr2-interruptor-inteligente-inalambrico-wifi\/\",\"name\":\"Sonoff BASICR2, Interruptor Inteligente Inal\u00e1mbrico Wifi | IndTESA\",\"isPartOf\":{\"@id\":\"https:\/\/indtesa-electronica.com\/#website\"},\"primaryImageOfPage\":{\"@id\":\"https:\/\/indtesa-electronica.com\/tienda-en-linea\/iot\/domotica\/sonoff-basicr2-interruptor-inteligente-inalambrico-wifi\/#primaryimage\"},\"image\":{\"@id\":\"https:\/\/indtesa-electronica.com\/tienda-en-linea\/iot\/domotica\/sonoff-basicr2-interruptor-inteligente-inalambrico-wifi\/#primaryimage\"},\"thumbnailUrl\":\"https:\/\/indtesa-electronica.com\/wp-content\/uploads\/2025\/01\/Sonoff-BASICR2-Interruptor-Inteligente-Inalambrico-Wifi-png.webp\",\"datePublished\":\"2025-01-18T16:59:39+00:00\",\"dateModified\":\"2025-02-26T00:19:08+00:00\",\"breadcrumb\":{\"@id\":\"https:\/\/indtesa-electronica.com\/tienda-en-linea\/iot\/domotica\/sonoff-basicr2-interruptor-inteligente-inalambrico-wifi\/#breadcrumb\"},\"inLanguage\":\"en-US\",\"potentialAction\":[{\"@type\":\"ReadAction\",\"target\":[\"https:\/\/indtesa-electronica.com\/tienda-en-linea\/iot\/domotica\/sonoff-basicr2-interruptor-inteligente-inalambrico-wifi\/\"]}]},{\"@type\":\"ImageObject\",\"inLanguage\":\"en-US\",\"@id\":\"https:\/\/indtesa-electronica.com\/tienda-en-linea\/iot\/domotica\/sonoff-basicr2-interruptor-inteligente-inalambrico-wifi\/#primaryimage\",\"url\":\"https:\/\/indtesa-electronica.com\/wp-content\/uploads\/2025\/01\/Sonoff-BASICR2-Interruptor-Inteligente-Inalambrico-Wifi-png.webp\",\"contentUrl\":\"https:\/\/indtesa-electronica.com\/wp-content\/uploads\/2025\/01\/Sonoff-BASICR2-Interruptor-Inteligente-Inalambrico-Wifi-png.webp\",\"width\":600,\"height\":600},{\"@type\":\"BreadcrumbList\",\"@id\":\"https:\/\/indtesa-electronica.com\/tienda-en-linea\/iot\/domotica\/sonoff-basicr2-interruptor-inteligente-inalambrico-wifi\/#breadcrumb\",\"itemListElement\":[{\"@type\":\"ListItem\",\"position\":1,\"name\":\"Inicio\",\"item\":\"https:\/\/indtesa-electronica.com\/\"},{\"@type\":\"ListItem\",\"position\":2,\"name\":\"Tienda en linea\",\"item\":\"https:\/\/indtesa-electronica.com\/tienda-en-linea\/\"},{\"@type\":\"ListItem\",\"position\":3,\"name\":\"Sonoff BASICR2, Interruptor Inteligente Inal\u00e1mbrico Wifi\"}]},{\"@type\":\"WebSite\",\"@id\":\"https:\/\/indtesa-electronica.com\/#website\",\"url\":\"https:\/\/indtesa-electronica.com\/\",\"name\":\"Electronica - IndTESA\",\"description\":\"\",\"publisher\":{\"@id\":\"https:\/\/indtesa-electronica.com\/#organization\"},\"potentialAction\":[{\"@type\":\"SearchAction\",\"target\":{\"@type\":\"EntryPoint\",\"urlTemplate\":\"https:\/\/indtesa-electronica.com\/?s={search_term_string}\"},\"query-input\":{\"@type\":\"PropertyValueSpecification\",\"valueRequired\":true,\"valueName\":\"search_term_string\"}}],\"inLanguage\":\"en-US\"},{\"@type\":\"Organization\",\"@id\":\"https:\/\/indtesa-electronica.com\/#organization\",\"name\":\"Industrial TESA S.A.S. de C.V.\",\"url\":\"https:\/\/indtesa-electronica.com\/\",\"logo\":{\"@type\":\"ImageObject\",\"inLanguage\":\"en-US\",\"@id\":\"https:\/\/indtesa-electronica.com\/#\/schema\/logo\/image\/\",\"url\":\"\",\"contentUrl\":\"\",\"caption\":\"Industrial TESA S.A.S. de C.V.\"},\"image\":{\"@id\":\"https:\/\/indtesa-electronica.com\/#\/schema\/logo\/image\/\"}}]}<\/script>\n<!-- \/ Yoast SEO plugin. -->","yoast_head_json":{"title":"Sonoff BASICR2, Interruptor Inteligente Inal\u00e1mbrico Wifi | IndTESA","robots":{"index":"index","follow":"follow","max-snippet":"max-snippet:-1","max-image-preview":"max-image-preview:large","max-video-preview":"max-video-preview:-1"},"canonical":"https:\/\/indtesa-electronica.com\/en\/tienda-en-linea\/iot\/domotica\/sonoff-basicr2-interruptor-inteligente-inalambrico-wifi\/","og_locale":"en_US","og_type":"article","og_title":"Sonoff BASICR2, Interruptor Inteligente Inal\u00e1mbrico Wifi | IndTESA","og_description":"Bas\u00e1ndose en el BASIC cl\u00e1sico, SONOFF ampl\u00eda constantemente la categor\u00eda de productos, as\u00ed como mejora y optimiza el rendimiento de los productos en secuencia. En \u00faltima instancia, sale BASICR2 con certificaci\u00f3n ETL.  Sin cambiar sus caracter\u00edsticas inteligentes originales, BASICR2 hizo la actualizaci\u00f3n y optimizaci\u00f3n principalmente en su seguridad para proporcionar el mayor valor y experiencia de uso a nuestros usuarios.  Control de voz Compatible con Amazon Alexa, Google Assistant, SmartThings y Alice. S\u00f3lo hablar en voz alta su comando, el dispositivo inteligente puede hacer encendido \/ apagado como usted dice.  Seguro y fiable Las certificaciones ETL, CE, FCC y RoHS garantizan un producto m\u00e1s seguro y fiable.","og_url":"https:\/\/indtesa-electronica.com\/en\/tienda-en-linea\/iot\/domotica\/sonoff-basicr2-interruptor-inteligente-inalambrico-wifi\/","og_site_name":"IndTESA","article_modified_time":"2025-02-26T00:19:08+00:00","og_image":[{"width":600,"height":600,"url":"https:\/\/indtesa-electronica.com\/wp-content\/uploads\/2025\/01\/Sonoff-BASICR2-Interruptor-Inteligente-Inalambrico-Wifi-png.webp","type":"image\/png"}],"twitter_card":"summary_large_image","twitter_misc":{"Est. reading time":"1 minute"},"schema":{"@context":"https:\/\/schema.org","@graph":[{"@type":"WebPage","@id":"https:\/\/indtesa-electronica.com\/tienda-en-linea\/iot\/domotica\/sonoff-basicr2-interruptor-inteligente-inalambrico-wifi\/","url":"https:\/\/indtesa-electronica.com\/tienda-en-linea\/iot\/domotica\/sonoff-basicr2-interruptor-inteligente-inalambrico-wifi\/","name":"Sonoff BASICR2, Interruptor Inteligente Inal\u00e1mbrico Wifi | IndTESA","isPartOf":{"@id":"https:\/\/indtesa-electronica.com\/#website"},"primaryImageOfPage":{"@id":"https:\/\/indtesa-electronica.com\/tienda-en-linea\/iot\/domotica\/sonoff-basicr2-interruptor-inteligente-inalambrico-wifi\/#primaryimage"},"image":{"@id":"https:\/\/indtesa-electronica.com\/tienda-en-linea\/iot\/domotica\/sonoff-basicr2-interruptor-inteligente-inalambrico-wifi\/#primaryimage"},"thumbnailUrl":"https:\/\/indtesa-electronica.com\/wp-content\/uploads\/2025\/01\/Sonoff-BASICR2-Interruptor-Inteligente-Inalambrico-Wifi-png.webp","datePublished":"2025-01-18T16:59:39+00:00","dateModified":"2025-02-26T00:19:08+00:00","breadcrumb":{"@id":"https:\/\/indtesa-electronica.com\/tienda-en-linea\/iot\/domotica\/sonoff-basicr2-interruptor-inteligente-inalambrico-wifi\/#breadcrumb"},"inLanguage":"en-US","potentialAction":[{"@type":"ReadAction","target":["https:\/\/indtesa-electronica.com\/tienda-en-linea\/iot\/domotica\/sonoff-basicr2-interruptor-inteligente-inalambrico-wifi\/"]}]},{"@type":"ImageObject","inLanguage":"en-US","@id":"https:\/\/indtesa-electronica.com\/tienda-en-linea\/iot\/domotica\/sonoff-basicr2-interruptor-inteligente-inalambrico-wifi\/#primaryimage","url":"https:\/\/indtesa-electronica.com\/wp-content\/uploads\/2025\/01\/Sonoff-BASICR2-Interruptor-Inteligente-Inalambrico-Wifi-png.webp","contentUrl":"https:\/\/indtesa-electronica.com\/wp-content\/uploads\/2025\/01\/Sonoff-BASICR2-Interruptor-Inteligente-Inalambrico-Wifi-png.webp","width":600,"height":600},{"@type":"BreadcrumbList","@id":"https:\/\/indtesa-electronica.com\/tienda-en-linea\/iot\/domotica\/sonoff-basicr2-interruptor-inteligente-inalambrico-wifi\/#breadcrumb","itemListElement":[{"@type":"ListItem","position":1,"name":"Inicio","item":"https:\/\/indtesa-electronica.com\/"},{"@type":"ListItem","position":2,"name":"Tienda en linea","item":"https:\/\/indtesa-electronica.com\/tienda-en-linea\/"},{"@type":"ListItem","position":3,"name":"Sonoff BASICR2, Interruptor Inteligente Inal\u00e1mbrico Wifi"}]},{"@type":"WebSite","@id":"https:\/\/indtesa-electronica.com\/#website","url":"https:\/\/indtesa-electronica.com\/","name":"Electronica - IndTESA","description":"","publisher":{"@id":"https:\/\/indtesa-electronica.com\/#organization"},"potentialAction":[{"@type":"SearchAction","target":{"@type":"EntryPoint","urlTemplate":"https:\/\/indtesa-electronica.com\/?s={search_term_string}"},"query-input":{"@type":"PropertyValueSpecification","valueRequired":true,"valueName":"search_term_string"}}],"inLanguage":"en-US"},{"@type":"Organization","@id":"https:\/\/indtesa-electronica.com\/#organization","name":"Industrial TESA S.A.S. de C.V.","url":"https:\/\/indtesa-electronica.com\/","logo":{"@type":"ImageObject","inLanguage":"en-US","@id":"https:\/\/indtesa-electronica.com\/#\/schema\/logo\/image\/","url":"","contentUrl":"","caption":"Industrial TESA S.A.S. de C.V."},"image":{"@id":"https:\/\/indtesa-electronica.com\/#\/schema\/logo\/image\/"}}]}},"jetpack_sharing_enabled":true,"tiered_pricing_type":"fixed","tiered_pricing_fixed_rules":[],"tiered_pricing_product_settings":{"layout":"default","base_unit_name":{"singular":null,"plural":null},"default_variation":null},"tiered_pricing_minimum_quantity":null,"tiered_pricing_roles_data":[],"tiered_pricing_percentage_rules":[],"_links":{"self":[{"href":"https:\/\/indtesa-electronica.com\/en\/wp-json\/wp\/v2\/product\/16803","targetHints":{"allow":["GET"]}}],"collection":[{"href":"https:\/\/indtesa-electronica.com\/en\/wp-json\/wp\/v2\/product"}],"about":[{"href":"https:\/\/indtesa-electronica.com\/en\/wp-json\/wp\/v2\/types\/product"}],"wp:featuredmedia":[{"embeddable":true,"href":"https:\/\/indtesa-electronica.com\/en\/wp-json\/wp\/v2\/media\/16804"}],"wp:attachment":[{"href":"https:\/\/indtesa-electronica.com\/en\/wp-json\/wp\/v2\/media?parent=16803"}],"wp:term":[{"taxonomy":"product_brand","embeddable":true,"href":"https:\/\/indtesa-electronica.com\/en\/wp-json\/wp\/v2\/product_brand?post=16803"},{"taxonomy":"product_cat","embeddable":true,"href":"https:\/\/indtesa-electronica.com\/en\/wp-json\/wp\/v2\/product_cat?post=16803"},{"taxonomy":"product_tag","embeddable":true,"href":"https:\/\/indtesa-electronica.com\/en\/wp-json\/wp\/v2\/product_tag?post=16803"}],"curies":[{"name":"wp","href":"https:\/\/api.w.org\/{rel}","templated":true}]}}