{"id":16957,"date":"2025-01-28T00:53:17","date_gmt":"2025-01-28T00:53:17","guid":{"rendered":"https:\/\/indtesa-electronica.com\/?post_type=product&#038;p=16957"},"modified":"2025-02-26T00:14:26","modified_gmt":"2025-02-26T00:14:26","slug":"sonoff-snzb-02d-sensor-inteligente-de-temperatura-y-humedad-zigbee","status":"publish","type":"product","link":"https:\/\/indtesa-electronica.com\/en\/tienda-en-linea\/iot\/domotica\/sonoff-snzb-02d-sensor-inteligente-de-temperatura-y-humedad-zigbee\/","title":{"rendered":"Sonoff SNZB-02D, Sensor Inteligente de Temperatura y Humedad, Zigbee"},"content":{"rendered":"<p>SONOFF SNZB-02D es un sensor de temperatura y humedad Zigbee con pantalla LCD de 2,5 pulgadas con grandes n\u00fameros en negrita que puede trabajar con Zigbee 3. 0 como SONOFF Zigbee Bridge Pro, SONOFF NSPanel Pro, SONOFF ZBDongle-P\/E, Alexa con Built-in Zigbee Hub, etc para controlar la temperatura y la humedad de su hogar para una vida c\u00f3moda, y hay iconos para indicar caliente \/ fr\u00edo \/ seco \/ h\u00famedo condiciones del aire, record\u00e1ndole que debe ajustar su humidificador o deshumidificador en consecuencia para lograr un confort \u00f3ptimo, tambi\u00e9n iconos de energ\u00eda para que usted sepa el uso actual de energ\u00eda, el sensor de alta precisi\u00f3n incorporado hecho en Suiza garantiza una medici\u00f3n precisa de la temperatura ambiente y la humedad, la temperatura es precisa hasta \u00b10. 2\u2103 mientras que la humedad es \u00b12%RH, los datos se actualizan cada 5s, siempre le da los \u00faltimos cambios en el medio ambiente.<\/p>\n<p><strong>Monitorizaci\u00f3n remota en tiempo real:<\/strong> SNZB-02D sensor supervisar\u00e1 la temperatura y la humedad en tiempo real en la APP de forma remota o pantalla de visualizaci\u00f3n, con hasta 120m\/400ft coverate.<\/p>\n<p><strong>Alta precisi\u00f3n y 5s Fast Refresh:<\/strong> Sensor higr\u00f3metro inteligente incorporado de fabricaci\u00f3n suiza que le proporciona lecturas m\u00e1s precisas manteniendo \u00b10,2\u00b0C\/\u00b10,4\u00b0F de precisi\u00f3n en temperatura y \u00b12%RH de precisi\u00f3n en humedad, actualiza las lecturas cada 5 segundos.<\/p>\n<p><strong>Gran pantalla LCD:<\/strong> Utilice la gran pantalla LCD para ver los valores en tiempo real de temperatura humedad de forma clara y din\u00e1mica, los iconos intuitivos de la pantalla le permiten comprobar las condiciones de la habitaci\u00f3n y el estado de la bater\u00eda a\u00fan m\u00e1s f\u00e1cil que nunca.<\/p>\n<p><strong>Notificaciones de la aplicaci\u00f3n:<\/strong> Recibir\u00e1s alertas instant\u00e1neas en tu tel\u00e9fono cuando la temperatura o la humedad superen el nivel de confort establecido.<\/p>\n<p><strong>Almacenamiento y exportaci\u00f3n de datos:<\/strong> Hasta medio a\u00f1o de almacenamiento gratuito en la nube, y lo m\u00e1s preciso posible para ver los datos cada hora, tambi\u00e9n puedes comprobar los valores m\u00e1s altos y m\u00e1s bajos a cualquier hora o d\u00eda y los datos se pueden exportar como archivos.<\/p>\n<p>&nbsp;<\/p>\n<p>Modelo: SNZB-02D<br \/>\nConexi\u00f3n inalambrica: Zigbee 3.0<br \/>\nModelo de bateria: CR2450(3V)<br \/>\nTemperatura de trabajo: -9.9 ~ 60 \u00baC<br \/>\nHumedad de trabajo: 5 ~ 95%RH<\/p>\n<p>&nbsp;<\/p>\n<p>Recursos:<\/p>\n<p><a class=\"lm231\" href=\"https:\/\/indtesa-electronica.com\/wp-content\/uploads\/2025\/01\/Hoja-de-Datos-Sonoff-SNZB-02D.pdf\">Hoja de Datos Sonoff SNZB-02D<\/a><\/p>\n<p><a class=\"lm231\" href=\"https:\/\/indtesa-electronica.com\/wp-content\/uploads\/2025\/01\/Manual-de-Usuario-Sonoff-SNZB-02D.pdf\">Manual de Usuario Sonoff SNZB-02D<\/a><\/p>","protected":false},"excerpt":{"rendered":"<p>SONOFF SNZB-02D es un sensor de temperatura y humedad Zigbee con pantalla LCD de 2,5 pulgadas con grandes n\u00fameros en negrita que puede trabajar con Zigbee 3. 0 como SONOFF Zigbee Bridge Pro, SONOFF NSPanel Pro, SONOFF ZBDongle-P\/E, Alexa con Built-in Zigbee Hub, etc para controlar la temperatura y la humedad de su hogar para [&hellip;]<\/p>\n","protected":false},"featured_media":16960,"template":"","meta":{"_gspb_post_css":""},"product_brand":[],"product_cat":[111],"product_tag":[],"class_list":{"0":"post-16957","1":"product","2":"type-product","3":"status-publish","4":"has-post-thumbnail","6":"product_cat-domotica","8":"first","9":"instock","10":"taxable","11":"shipping-taxable","12":"purchasable","13":"product-type-simple"},"ct_brands":[],"yoast_head":"<!-- This site is optimized with the Yoast SEO plugin v27.1.1 - https:\/\/yoast.com\/product\/yoast-seo-wordpress\/ -->\n<title>Sonoff SNZB-02D, Sensor Inteligente de Temperatura y Humedad, Zigbee | IndTESA<\/title>\n<meta name=\"robots\" content=\"index, follow, max-snippet:-1, max-image-preview:large, max-video-preview:-1\" \/>\n<link rel=\"canonical\" href=\"https:\/\/indtesa-electronica.com\/en\/tienda-en-linea\/iot\/domotica\/sonoff-snzb-02d-sensor-inteligente-de-temperatura-y-humedad-zigbee\/\" \/>\n<meta property=\"og:locale\" content=\"en_US\" \/>\n<meta property=\"og:type\" content=\"article\" \/>\n<meta property=\"og:title\" content=\"Sonoff SNZB-02D, Sensor Inteligente de Temperatura y Humedad, Zigbee | IndTESA\" \/>\n<meta property=\"og:description\" content=\"SONOFF SNZB-02D es un sensor de temperatura y humedad Zigbee con pantalla LCD de 2,5 pulgadas con grandes n\u00fameros en negrita que puede trabajar con Zigbee 3. 0 como SONOFF Zigbee Bridge Pro, SONOFF NSPanel Pro, SONOFF ZBDongle-P\/E, Alexa con Built-in Zigbee Hub, etc para controlar la temperatura y la humedad de su hogar para [&hellip;]\" \/>\n<meta property=\"og:url\" content=\"https:\/\/indtesa-electronica.com\/en\/tienda-en-linea\/iot\/domotica\/sonoff-snzb-02d-sensor-inteligente-de-temperatura-y-humedad-zigbee\/\" \/>\n<meta property=\"og:site_name\" content=\"IndTESA\" \/>\n<meta property=\"article:modified_time\" content=\"2025-02-26T00:14:26+00:00\" \/>\n<meta property=\"og:image\" content=\"https:\/\/indtesa-electronica.com\/wp-content\/uploads\/2025\/01\/Sonoff-SNZB-02D-Sensor-Inteligente-de-Temperatura-y-Humedad-Zigbee-png.webp\" \/>\n\t<meta property=\"og:image:width\" content=\"500\" \/>\n\t<meta property=\"og:image:height\" content=\"500\" \/>\n\t<meta property=\"og:image:type\" content=\"image\/png\" \/>\n<meta name=\"twitter:card\" content=\"summary_large_image\" \/>\n<meta name=\"twitter:label1\" content=\"Est. reading time\" \/>\n\t<meta name=\"twitter:data1\" content=\"2 minutes\" \/>\n<script type=\"application\/ld+json\" class=\"yoast-schema-graph\">{\"@context\":\"https:\/\/schema.org\",\"@graph\":[{\"@type\":\"WebPage\",\"@id\":\"https:\/\/indtesa-electronica.com\/tienda-en-linea\/iot\/domotica\/sonoff-snzb-02d-sensor-inteligente-de-temperatura-y-humedad-zigbee\/\",\"url\":\"https:\/\/indtesa-electronica.com\/tienda-en-linea\/iot\/domotica\/sonoff-snzb-02d-sensor-inteligente-de-temperatura-y-humedad-zigbee\/\",\"name\":\"Sonoff SNZB-02D, Sensor Inteligente de Temperatura y Humedad, Zigbee | IndTESA\",\"isPartOf\":{\"@id\":\"https:\/\/indtesa-electronica.com\/#website\"},\"primaryImageOfPage\":{\"@id\":\"https:\/\/indtesa-electronica.com\/tienda-en-linea\/iot\/domotica\/sonoff-snzb-02d-sensor-inteligente-de-temperatura-y-humedad-zigbee\/#primaryimage\"},\"image\":{\"@id\":\"https:\/\/indtesa-electronica.com\/tienda-en-linea\/iot\/domotica\/sonoff-snzb-02d-sensor-inteligente-de-temperatura-y-humedad-zigbee\/#primaryimage\"},\"thumbnailUrl\":\"https:\/\/indtesa-electronica.com\/wp-content\/uploads\/2025\/01\/Sonoff-SNZB-02D-Sensor-Inteligente-de-Temperatura-y-Humedad-Zigbee-png.webp\",\"datePublished\":\"2025-01-28T00:53:17+00:00\",\"dateModified\":\"2025-02-26T00:14:26+00:00\",\"breadcrumb\":{\"@id\":\"https:\/\/indtesa-electronica.com\/tienda-en-linea\/iot\/domotica\/sonoff-snzb-02d-sensor-inteligente-de-temperatura-y-humedad-zigbee\/#breadcrumb\"},\"inLanguage\":\"en-US\",\"potentialAction\":[{\"@type\":\"ReadAction\",\"target\":[\"https:\/\/indtesa-electronica.com\/tienda-en-linea\/iot\/domotica\/sonoff-snzb-02d-sensor-inteligente-de-temperatura-y-humedad-zigbee\/\"]}]},{\"@type\":\"ImageObject\",\"inLanguage\":\"en-US\",\"@id\":\"https:\/\/indtesa-electronica.com\/tienda-en-linea\/iot\/domotica\/sonoff-snzb-02d-sensor-inteligente-de-temperatura-y-humedad-zigbee\/#primaryimage\",\"url\":\"https:\/\/indtesa-electronica.com\/wp-content\/uploads\/2025\/01\/Sonoff-SNZB-02D-Sensor-Inteligente-de-Temperatura-y-Humedad-Zigbee-png.webp\",\"contentUrl\":\"https:\/\/indtesa-electronica.com\/wp-content\/uploads\/2025\/01\/Sonoff-SNZB-02D-Sensor-Inteligente-de-Temperatura-y-Humedad-Zigbee-png.webp\",\"width\":500,\"height\":500},{\"@type\":\"BreadcrumbList\",\"@id\":\"https:\/\/indtesa-electronica.com\/tienda-en-linea\/iot\/domotica\/sonoff-snzb-02d-sensor-inteligente-de-temperatura-y-humedad-zigbee\/#breadcrumb\",\"itemListElement\":[{\"@type\":\"ListItem\",\"position\":1,\"name\":\"Inicio\",\"item\":\"https:\/\/indtesa-electronica.com\/\"},{\"@type\":\"ListItem\",\"position\":2,\"name\":\"Tienda en linea\",\"item\":\"https:\/\/indtesa-electronica.com\/tienda-en-linea\/\"},{\"@type\":\"ListItem\",\"position\":3,\"name\":\"Sonoff SNZB-02D, Sensor Inteligente de Temperatura y Humedad, Zigbee\"}]},{\"@type\":\"WebSite\",\"@id\":\"https:\/\/indtesa-electronica.com\/#website\",\"url\":\"https:\/\/indtesa-electronica.com\/\",\"name\":\"Electronica - IndTESA\",\"description\":\"\",\"publisher\":{\"@id\":\"https:\/\/indtesa-electronica.com\/#organization\"},\"potentialAction\":[{\"@type\":\"SearchAction\",\"target\":{\"@type\":\"EntryPoint\",\"urlTemplate\":\"https:\/\/indtesa-electronica.com\/?s={search_term_string}\"},\"query-input\":{\"@type\":\"PropertyValueSpecification\",\"valueRequired\":true,\"valueName\":\"search_term_string\"}}],\"inLanguage\":\"en-US\"},{\"@type\":\"Organization\",\"@id\":\"https:\/\/indtesa-electronica.com\/#organization\",\"name\":\"Industrial TESA S.A.S. de C.V.\",\"url\":\"https:\/\/indtesa-electronica.com\/\",\"logo\":{\"@type\":\"ImageObject\",\"inLanguage\":\"en-US\",\"@id\":\"https:\/\/indtesa-electronica.com\/#\/schema\/logo\/image\/\",\"url\":\"\",\"contentUrl\":\"\",\"caption\":\"Industrial TESA S.A.S. de C.V.\"},\"image\":{\"@id\":\"https:\/\/indtesa-electronica.com\/#\/schema\/logo\/image\/\"}}]}<\/script>\n<!-- \/ Yoast SEO plugin. -->","yoast_head_json":{"title":"Sonoff SNZB-02D, Sensor Inteligente de Temperatura y Humedad, Zigbee | IndTESA","robots":{"index":"index","follow":"follow","max-snippet":"max-snippet:-1","max-image-preview":"max-image-preview:large","max-video-preview":"max-video-preview:-1"},"canonical":"https:\/\/indtesa-electronica.com\/en\/tienda-en-linea\/iot\/domotica\/sonoff-snzb-02d-sensor-inteligente-de-temperatura-y-humedad-zigbee\/","og_locale":"en_US","og_type":"article","og_title":"Sonoff SNZB-02D, Sensor Inteligente de Temperatura y Humedad, Zigbee | IndTESA","og_description":"SONOFF SNZB-02D es un sensor de temperatura y humedad Zigbee con pantalla LCD de 2,5 pulgadas con grandes n\u00fameros en negrita que puede trabajar con Zigbee 3. 0 como SONOFF Zigbee Bridge Pro, SONOFF NSPanel Pro, SONOFF ZBDongle-P\/E, Alexa con Built-in Zigbee Hub, etc para controlar la temperatura y la humedad de su hogar para [&hellip;]","og_url":"https:\/\/indtesa-electronica.com\/en\/tienda-en-linea\/iot\/domotica\/sonoff-snzb-02d-sensor-inteligente-de-temperatura-y-humedad-zigbee\/","og_site_name":"IndTESA","article_modified_time":"2025-02-26T00:14:26+00:00","og_image":[{"width":500,"height":500,"url":"https:\/\/indtesa-electronica.com\/wp-content\/uploads\/2025\/01\/Sonoff-SNZB-02D-Sensor-Inteligente-de-Temperatura-y-Humedad-Zigbee-png.webp","type":"image\/png"}],"twitter_card":"summary_large_image","twitter_misc":{"Est. reading time":"2 minutes"},"schema":{"@context":"https:\/\/schema.org","@graph":[{"@type":"WebPage","@id":"https:\/\/indtesa-electronica.com\/tienda-en-linea\/iot\/domotica\/sonoff-snzb-02d-sensor-inteligente-de-temperatura-y-humedad-zigbee\/","url":"https:\/\/indtesa-electronica.com\/tienda-en-linea\/iot\/domotica\/sonoff-snzb-02d-sensor-inteligente-de-temperatura-y-humedad-zigbee\/","name":"Sonoff SNZB-02D, Sensor Inteligente de Temperatura y Humedad, Zigbee | IndTESA","isPartOf":{"@id":"https:\/\/indtesa-electronica.com\/#website"},"primaryImageOfPage":{"@id":"https:\/\/indtesa-electronica.com\/tienda-en-linea\/iot\/domotica\/sonoff-snzb-02d-sensor-inteligente-de-temperatura-y-humedad-zigbee\/#primaryimage"},"image":{"@id":"https:\/\/indtesa-electronica.com\/tienda-en-linea\/iot\/domotica\/sonoff-snzb-02d-sensor-inteligente-de-temperatura-y-humedad-zigbee\/#primaryimage"},"thumbnailUrl":"https:\/\/indtesa-electronica.com\/wp-content\/uploads\/2025\/01\/Sonoff-SNZB-02D-Sensor-Inteligente-de-Temperatura-y-Humedad-Zigbee-png.webp","datePublished":"2025-01-28T00:53:17+00:00","dateModified":"2025-02-26T00:14:26+00:00","breadcrumb":{"@id":"https:\/\/indtesa-electronica.com\/tienda-en-linea\/iot\/domotica\/sonoff-snzb-02d-sensor-inteligente-de-temperatura-y-humedad-zigbee\/#breadcrumb"},"inLanguage":"en-US","potentialAction":[{"@type":"ReadAction","target":["https:\/\/indtesa-electronica.com\/tienda-en-linea\/iot\/domotica\/sonoff-snzb-02d-sensor-inteligente-de-temperatura-y-humedad-zigbee\/"]}]},{"@type":"ImageObject","inLanguage":"en-US","@id":"https:\/\/indtesa-electronica.com\/tienda-en-linea\/iot\/domotica\/sonoff-snzb-02d-sensor-inteligente-de-temperatura-y-humedad-zigbee\/#primaryimage","url":"https:\/\/indtesa-electronica.com\/wp-content\/uploads\/2025\/01\/Sonoff-SNZB-02D-Sensor-Inteligente-de-Temperatura-y-Humedad-Zigbee-png.webp","contentUrl":"https:\/\/indtesa-electronica.com\/wp-content\/uploads\/2025\/01\/Sonoff-SNZB-02D-Sensor-Inteligente-de-Temperatura-y-Humedad-Zigbee-png.webp","width":500,"height":500},{"@type":"BreadcrumbList","@id":"https:\/\/indtesa-electronica.com\/tienda-en-linea\/iot\/domotica\/sonoff-snzb-02d-sensor-inteligente-de-temperatura-y-humedad-zigbee\/#breadcrumb","itemListElement":[{"@type":"ListItem","position":1,"name":"Inicio","item":"https:\/\/indtesa-electronica.com\/"},{"@type":"ListItem","position":2,"name":"Tienda en linea","item":"https:\/\/indtesa-electronica.com\/tienda-en-linea\/"},{"@type":"ListItem","position":3,"name":"Sonoff SNZB-02D, Sensor Inteligente de Temperatura y Humedad, Zigbee"}]},{"@type":"WebSite","@id":"https:\/\/indtesa-electronica.com\/#website","url":"https:\/\/indtesa-electronica.com\/","name":"Electronica - IndTESA","description":"","publisher":{"@id":"https:\/\/indtesa-electronica.com\/#organization"},"potentialAction":[{"@type":"SearchAction","target":{"@type":"EntryPoint","urlTemplate":"https:\/\/indtesa-electronica.com\/?s={search_term_string}"},"query-input":{"@type":"PropertyValueSpecification","valueRequired":true,"valueName":"search_term_string"}}],"inLanguage":"en-US"},{"@type":"Organization","@id":"https:\/\/indtesa-electronica.com\/#organization","name":"Industrial TESA S.A.S. de C.V.","url":"https:\/\/indtesa-electronica.com\/","logo":{"@type":"ImageObject","inLanguage":"en-US","@id":"https:\/\/indtesa-electronica.com\/#\/schema\/logo\/image\/","url":"","contentUrl":"","caption":"Industrial TESA S.A.S. de C.V."},"image":{"@id":"https:\/\/indtesa-electronica.com\/#\/schema\/logo\/image\/"}}]}},"jetpack_sharing_enabled":true,"tiered_pricing_type":"fixed","tiered_pricing_fixed_rules":[],"tiered_pricing_product_settings":{"layout":"default","base_unit_name":{"singular":null,"plural":null},"default_variation":null},"tiered_pricing_minimum_quantity":null,"tiered_pricing_roles_data":[],"tiered_pricing_percentage_rules":[],"_links":{"self":[{"href":"https:\/\/indtesa-electronica.com\/en\/wp-json\/wp\/v2\/product\/16957","targetHints":{"allow":["GET"]}}],"collection":[{"href":"https:\/\/indtesa-electronica.com\/en\/wp-json\/wp\/v2\/product"}],"about":[{"href":"https:\/\/indtesa-electronica.com\/en\/wp-json\/wp\/v2\/types\/product"}],"wp:featuredmedia":[{"embeddable":true,"href":"https:\/\/indtesa-electronica.com\/en\/wp-json\/wp\/v2\/media\/16960"}],"wp:attachment":[{"href":"https:\/\/indtesa-electronica.com\/en\/wp-json\/wp\/v2\/media?parent=16957"}],"wp:term":[{"taxonomy":"product_brand","embeddable":true,"href":"https:\/\/indtesa-electronica.com\/en\/wp-json\/wp\/v2\/product_brand?post=16957"},{"taxonomy":"product_cat","embeddable":true,"href":"https:\/\/indtesa-electronica.com\/en\/wp-json\/wp\/v2\/product_cat?post=16957"},{"taxonomy":"product_tag","embeddable":true,"href":"https:\/\/indtesa-electronica.com\/en\/wp-json\/wp\/v2\/product_tag?post=16957"}],"curies":[{"name":"wp","href":"https:\/\/api.w.org\/{rel}","templated":true}]}}