{"id":17168,"date":"2025-02-01T18:07:52","date_gmt":"2025-02-01T18:07:52","guid":{"rendered":"https:\/\/indtesa-electronica.com\/?post_type=product&#038;p=17168"},"modified":"2025-03-01T01:58:40","modified_gmt":"2025-03-01T01:58:40","slug":"polymaker-filamento-polylite-petg-5kg","status":"publish","type":"product","link":"https:\/\/indtesa-electronica.com\/en\/tienda-en-linea\/impresion-3d\/material-de-impresion\/polymaker-filamento-polylite-petg-5kg\/","title":{"rendered":"Polymaker, Filamento Polylite PETG, 5kg"},"content":{"rendered":"<p>PETG de PolyLite es un pl\u00e1stico ampliamente utilizado, de pl\u00e1stico transparente natural, que se ha convertido r\u00e1pidamente en un material de impresi\u00f3n en 3D muy popular. PETG de PolyLite\u2122 se encuentra exactamente entre el PLA r\u00edgido y fuerte y el ABS resistente y resistente a los impactos. Tiene una ventaja adicional y es su transparencia. Este filamento es un gran filamento integral.<\/p>\n<p><strong>Claridad \u00f3ptica<\/strong><\/p>\n<p>PETG de PolyLite es un material natural transparente que se utiliza mejor en aplicaciones de iluminaci\u00f3n y agua. PETG es un filamento estable a los rayos UV con propiedades mec\u00e1nicas equilibradas, disponible en muchos colores.<\/p>\n<p><strong>Filamento todoterreno<\/strong><\/p>\n<p>Con sus propiedades f\u00edsicas y su resistencia mec\u00e1nica, que se encuentran entre PLA y ABS en casi todos los aspectos, PETG de PolyLite \u2122 es un gran filamento vers\u00e1til para imprimir diariamente<\/p>\n<p><strong>Informaci\u00f3n t\u00e9cnica:<\/strong><\/p>\n<p>Diametro: 1.75mm<br \/>\nPeso de rollo: 5kg<br \/>\nColor: Negro (Codigo HEX &#8211; #101820)<br \/>\nDensidad: 1.25g\/cm\u00b3<\/p>","protected":false},"excerpt":{"rendered":"<p>Rollo de 5kg<\/p>","protected":false},"featured_media":17169,"template":"","meta":{"_gspb_post_css":""},"product_brand":[],"product_cat":[393],"product_tag":[],"class_list":{"0":"post-17168","1":"product","2":"type-product","3":"status-publish","4":"has-post-thumbnail","6":"product_cat-material-de-impresion","8":"first","9":"instock","10":"taxable","11":"shipping-taxable","12":"purchasable","13":"product-type-simple"},"ct_brands":[],"yoast_head":"<!-- This site is optimized with the Yoast SEO plugin v27.1.1 - https:\/\/yoast.com\/product\/yoast-seo-wordpress\/ -->\n<title>Polymaker, Filamento Polylite PETG, 5kg | IndTESA<\/title>\n<meta name=\"robots\" content=\"index, follow, max-snippet:-1, max-image-preview:large, max-video-preview:-1\" \/>\n<link rel=\"canonical\" href=\"https:\/\/indtesa-electronica.com\/en\/tienda-en-linea\/impresion-3d\/material-de-impresion\/polymaker-filamento-polylite-petg-5kg\/\" \/>\n<meta property=\"og:locale\" content=\"en_US\" \/>\n<meta property=\"og:type\" content=\"article\" \/>\n<meta property=\"og:title\" content=\"Polymaker, Filamento Polylite PETG, 5kg | IndTESA\" \/>\n<meta property=\"og:description\" content=\"Rollo de 5kg\" \/>\n<meta property=\"og:url\" content=\"https:\/\/indtesa-electronica.com\/en\/tienda-en-linea\/impresion-3d\/material-de-impresion\/polymaker-filamento-polylite-petg-5kg\/\" \/>\n<meta property=\"og:site_name\" content=\"IndTESA\" \/>\n<meta property=\"article:modified_time\" content=\"2025-03-01T01:58:40+00:00\" \/>\n<meta property=\"og:image\" content=\"https:\/\/indtesa-electronica.com\/wp-content\/uploads\/2025\/02\/Polymaker-Filamento-Polylite-PETG-5kg-png.webp\" \/>\n\t<meta property=\"og:image:width\" content=\"899\" \/>\n\t<meta property=\"og:image:height\" content=\"898\" \/>\n\t<meta property=\"og:image:type\" content=\"image\/png\" \/>\n<meta name=\"twitter:card\" content=\"summary_large_image\" \/>\n<meta name=\"twitter:label1\" content=\"Est. reading time\" \/>\n\t<meta name=\"twitter:data1\" content=\"1 minute\" \/>\n<script type=\"application\/ld+json\" class=\"yoast-schema-graph\">{\"@context\":\"https:\/\/schema.org\",\"@graph\":[{\"@type\":\"WebPage\",\"@id\":\"https:\/\/indtesa-electronica.com\/tienda-en-linea\/impresion-3d\/material-de-impresion\/polymaker-filamento-polylite-petg-5kg\/\",\"url\":\"https:\/\/indtesa-electronica.com\/tienda-en-linea\/impresion-3d\/material-de-impresion\/polymaker-filamento-polylite-petg-5kg\/\",\"name\":\"Polymaker, Filamento Polylite PETG, 5kg | IndTESA\",\"isPartOf\":{\"@id\":\"https:\/\/indtesa-electronica.com\/#website\"},\"primaryImageOfPage\":{\"@id\":\"https:\/\/indtesa-electronica.com\/tienda-en-linea\/impresion-3d\/material-de-impresion\/polymaker-filamento-polylite-petg-5kg\/#primaryimage\"},\"image\":{\"@id\":\"https:\/\/indtesa-electronica.com\/tienda-en-linea\/impresion-3d\/material-de-impresion\/polymaker-filamento-polylite-petg-5kg\/#primaryimage\"},\"thumbnailUrl\":\"https:\/\/indtesa-electronica.com\/wp-content\/uploads\/2025\/02\/Polymaker-Filamento-Polylite-PETG-5kg-png.webp\",\"datePublished\":\"2025-02-01T18:07:52+00:00\",\"dateModified\":\"2025-03-01T01:58:40+00:00\",\"breadcrumb\":{\"@id\":\"https:\/\/indtesa-electronica.com\/tienda-en-linea\/impresion-3d\/material-de-impresion\/polymaker-filamento-polylite-petg-5kg\/#breadcrumb\"},\"inLanguage\":\"en-US\",\"potentialAction\":[{\"@type\":\"ReadAction\",\"target\":[\"https:\/\/indtesa-electronica.com\/tienda-en-linea\/impresion-3d\/material-de-impresion\/polymaker-filamento-polylite-petg-5kg\/\"]}]},{\"@type\":\"ImageObject\",\"inLanguage\":\"en-US\",\"@id\":\"https:\/\/indtesa-electronica.com\/tienda-en-linea\/impresion-3d\/material-de-impresion\/polymaker-filamento-polylite-petg-5kg\/#primaryimage\",\"url\":\"https:\/\/indtesa-electronica.com\/wp-content\/uploads\/2025\/02\/Polymaker-Filamento-Polylite-PETG-5kg-png.webp\",\"contentUrl\":\"https:\/\/indtesa-electronica.com\/wp-content\/uploads\/2025\/02\/Polymaker-Filamento-Polylite-PETG-5kg-png.webp\",\"width\":899,\"height\":898},{\"@type\":\"BreadcrumbList\",\"@id\":\"https:\/\/indtesa-electronica.com\/tienda-en-linea\/impresion-3d\/material-de-impresion\/polymaker-filamento-polylite-petg-5kg\/#breadcrumb\",\"itemListElement\":[{\"@type\":\"ListItem\",\"position\":1,\"name\":\"Inicio\",\"item\":\"https:\/\/indtesa-electronica.com\/\"},{\"@type\":\"ListItem\",\"position\":2,\"name\":\"Tienda en linea\",\"item\":\"https:\/\/indtesa-electronica.com\/tienda-en-linea\/\"},{\"@type\":\"ListItem\",\"position\":3,\"name\":\"Polymaker, Filamento Polylite PETG, 5kg\"}]},{\"@type\":\"WebSite\",\"@id\":\"https:\/\/indtesa-electronica.com\/#website\",\"url\":\"https:\/\/indtesa-electronica.com\/\",\"name\":\"Electronica - IndTESA\",\"description\":\"\",\"publisher\":{\"@id\":\"https:\/\/indtesa-electronica.com\/#organization\"},\"potentialAction\":[{\"@type\":\"SearchAction\",\"target\":{\"@type\":\"EntryPoint\",\"urlTemplate\":\"https:\/\/indtesa-electronica.com\/?s={search_term_string}\"},\"query-input\":{\"@type\":\"PropertyValueSpecification\",\"valueRequired\":true,\"valueName\":\"search_term_string\"}}],\"inLanguage\":\"en-US\"},{\"@type\":\"Organization\",\"@id\":\"https:\/\/indtesa-electronica.com\/#organization\",\"name\":\"Industrial TESA S.A.S. de C.V.\",\"url\":\"https:\/\/indtesa-electronica.com\/\",\"logo\":{\"@type\":\"ImageObject\",\"inLanguage\":\"en-US\",\"@id\":\"https:\/\/indtesa-electronica.com\/#\/schema\/logo\/image\/\",\"url\":\"\",\"contentUrl\":\"\",\"caption\":\"Industrial TESA S.A.S. de C.V.\"},\"image\":{\"@id\":\"https:\/\/indtesa-electronica.com\/#\/schema\/logo\/image\/\"}}]}<\/script>\n<!-- \/ Yoast SEO plugin. -->","yoast_head_json":{"title":"Polymaker, Filamento Polylite PETG, 5kg | IndTESA","robots":{"index":"index","follow":"follow","max-snippet":"max-snippet:-1","max-image-preview":"max-image-preview:large","max-video-preview":"max-video-preview:-1"},"canonical":"https:\/\/indtesa-electronica.com\/en\/tienda-en-linea\/impresion-3d\/material-de-impresion\/polymaker-filamento-polylite-petg-5kg\/","og_locale":"en_US","og_type":"article","og_title":"Polymaker, Filamento Polylite PETG, 5kg | IndTESA","og_description":"Rollo de 5kg","og_url":"https:\/\/indtesa-electronica.com\/en\/tienda-en-linea\/impresion-3d\/material-de-impresion\/polymaker-filamento-polylite-petg-5kg\/","og_site_name":"IndTESA","article_modified_time":"2025-03-01T01:58:40+00:00","og_image":[{"width":899,"height":898,"url":"https:\/\/indtesa-electronica.com\/wp-content\/uploads\/2025\/02\/Polymaker-Filamento-Polylite-PETG-5kg-png.webp","type":"image\/png"}],"twitter_card":"summary_large_image","twitter_misc":{"Est. reading time":"1 minute"},"schema":{"@context":"https:\/\/schema.org","@graph":[{"@type":"WebPage","@id":"https:\/\/indtesa-electronica.com\/tienda-en-linea\/impresion-3d\/material-de-impresion\/polymaker-filamento-polylite-petg-5kg\/","url":"https:\/\/indtesa-electronica.com\/tienda-en-linea\/impresion-3d\/material-de-impresion\/polymaker-filamento-polylite-petg-5kg\/","name":"Polymaker, Filamento Polylite PETG, 5kg | IndTESA","isPartOf":{"@id":"https:\/\/indtesa-electronica.com\/#website"},"primaryImageOfPage":{"@id":"https:\/\/indtesa-electronica.com\/tienda-en-linea\/impresion-3d\/material-de-impresion\/polymaker-filamento-polylite-petg-5kg\/#primaryimage"},"image":{"@id":"https:\/\/indtesa-electronica.com\/tienda-en-linea\/impresion-3d\/material-de-impresion\/polymaker-filamento-polylite-petg-5kg\/#primaryimage"},"thumbnailUrl":"https:\/\/indtesa-electronica.com\/wp-content\/uploads\/2025\/02\/Polymaker-Filamento-Polylite-PETG-5kg-png.webp","datePublished":"2025-02-01T18:07:52+00:00","dateModified":"2025-03-01T01:58:40+00:00","breadcrumb":{"@id":"https:\/\/indtesa-electronica.com\/tienda-en-linea\/impresion-3d\/material-de-impresion\/polymaker-filamento-polylite-petg-5kg\/#breadcrumb"},"inLanguage":"en-US","potentialAction":[{"@type":"ReadAction","target":["https:\/\/indtesa-electronica.com\/tienda-en-linea\/impresion-3d\/material-de-impresion\/polymaker-filamento-polylite-petg-5kg\/"]}]},{"@type":"ImageObject","inLanguage":"en-US","@id":"https:\/\/indtesa-electronica.com\/tienda-en-linea\/impresion-3d\/material-de-impresion\/polymaker-filamento-polylite-petg-5kg\/#primaryimage","url":"https:\/\/indtesa-electronica.com\/wp-content\/uploads\/2025\/02\/Polymaker-Filamento-Polylite-PETG-5kg-png.webp","contentUrl":"https:\/\/indtesa-electronica.com\/wp-content\/uploads\/2025\/02\/Polymaker-Filamento-Polylite-PETG-5kg-png.webp","width":899,"height":898},{"@type":"BreadcrumbList","@id":"https:\/\/indtesa-electronica.com\/tienda-en-linea\/impresion-3d\/material-de-impresion\/polymaker-filamento-polylite-petg-5kg\/#breadcrumb","itemListElement":[{"@type":"ListItem","position":1,"name":"Inicio","item":"https:\/\/indtesa-electronica.com\/"},{"@type":"ListItem","position":2,"name":"Tienda en linea","item":"https:\/\/indtesa-electronica.com\/tienda-en-linea\/"},{"@type":"ListItem","position":3,"name":"Polymaker, Filamento Polylite PETG, 5kg"}]},{"@type":"WebSite","@id":"https:\/\/indtesa-electronica.com\/#website","url":"https:\/\/indtesa-electronica.com\/","name":"Electronica - IndTESA","description":"","publisher":{"@id":"https:\/\/indtesa-electronica.com\/#organization"},"potentialAction":[{"@type":"SearchAction","target":{"@type":"EntryPoint","urlTemplate":"https:\/\/indtesa-electronica.com\/?s={search_term_string}"},"query-input":{"@type":"PropertyValueSpecification","valueRequired":true,"valueName":"search_term_string"}}],"inLanguage":"en-US"},{"@type":"Organization","@id":"https:\/\/indtesa-electronica.com\/#organization","name":"Industrial TESA S.A.S. de C.V.","url":"https:\/\/indtesa-electronica.com\/","logo":{"@type":"ImageObject","inLanguage":"en-US","@id":"https:\/\/indtesa-electronica.com\/#\/schema\/logo\/image\/","url":"","contentUrl":"","caption":"Industrial TESA S.A.S. de C.V."},"image":{"@id":"https:\/\/indtesa-electronica.com\/#\/schema\/logo\/image\/"}}]}},"jetpack_sharing_enabled":true,"tiered_pricing_type":"fixed","tiered_pricing_fixed_rules":[],"tiered_pricing_product_settings":{"layout":"default","base_unit_name":{"singular":null,"plural":null},"default_variation":null},"tiered_pricing_minimum_quantity":null,"tiered_pricing_roles_data":[],"tiered_pricing_percentage_rules":[],"_links":{"self":[{"href":"https:\/\/indtesa-electronica.com\/en\/wp-json\/wp\/v2\/product\/17168","targetHints":{"allow":["GET"]}}],"collection":[{"href":"https:\/\/indtesa-electronica.com\/en\/wp-json\/wp\/v2\/product"}],"about":[{"href":"https:\/\/indtesa-electronica.com\/en\/wp-json\/wp\/v2\/types\/product"}],"wp:featuredmedia":[{"embeddable":true,"href":"https:\/\/indtesa-electronica.com\/en\/wp-json\/wp\/v2\/media\/17169"}],"wp:attachment":[{"href":"https:\/\/indtesa-electronica.com\/en\/wp-json\/wp\/v2\/media?parent=17168"}],"wp:term":[{"taxonomy":"product_brand","embeddable":true,"href":"https:\/\/indtesa-electronica.com\/en\/wp-json\/wp\/v2\/product_brand?post=17168"},{"taxonomy":"product_cat","embeddable":true,"href":"https:\/\/indtesa-electronica.com\/en\/wp-json\/wp\/v2\/product_cat?post=17168"},{"taxonomy":"product_tag","embeddable":true,"href":"https:\/\/indtesa-electronica.com\/en\/wp-json\/wp\/v2\/product_tag?post=17168"}],"curies":[{"name":"wp","href":"https:\/\/api.w.org\/{rel}","templated":true}]}}