{"id":18085,"date":"2025-03-20T21:54:16","date_gmt":"2025-03-20T21:54:16","guid":{"rendered":"https:\/\/indtesa-electronica.com\/?post_type=product&#038;p=18085"},"modified":"2025-03-20T21:56:01","modified_gmt":"2025-03-20T21:56:01","slug":"filtro-de-aire-neumatico-1-4-bsp-regulador-de-presion-modelo-aw2000-02","status":"publish","type":"product","link":"https:\/\/indtesa-electronica.com\/en\/tienda-en-linea\/neumatico\/componentes-de-flujo\/filtro-de-aire-neumatico-1-4-bsp-regulador-de-presion-modelo-aw2000-02\/","title":{"rendered":"Filtro de Aire Neum\u00e1tico, 1\/4 BSP Regulador de Presi\u00f3n, Modelo AW2000-02"},"content":{"rendered":"<p>Para bajar o mantener la presi\u00f3n del aire; Filtre la humedad y las part\u00edculas finas del aire.<\/p>\n<p>Tama\u00f1o de entrada de aire: 1\/4 PT<br \/>\nFlujo: 500L\/minutos<br \/>\nPresi\u00f3n m\u00e1xima de trabajo: 10bar (1,0MPa)<br \/>\nRango de temperatura de funcionamiento: 0-60\u2103<br \/>\nTipo de drenaje: manual<br \/>\nMaterial del cuerpo: Producto de aluminio<\/p>\n<p><strong>Direcci\u00f3n de uso:<\/strong><\/p>\n<p>Antes de instalar el filtro, preste atenci\u00f3n a limpiar los puertos roscados y los accesorios del filtro para asegurarse de que no entren impurezas en el sistema de aire.<br \/>\nPreste atenci\u00f3n a la direcci\u00f3n del flujo de aire y siga la flecha en el filtro.La direcci\u00f3n incorrecta del flujo de aire har\u00e1 que el filtro no funcione correctamente.<br \/>\nAcerca del drenaje: cuando no hay presi\u00f3n de aire, el agua en la taza del filtro se descargar\u00e1 autom\u00e1ticamente; Cuando haya presi\u00f3n de aire, empuje manualmente la aguja de drenaje debajo de la taza del filtro hacia arriba y se descargar\u00e1 el agua.<\/p>\n<p><strong>Precauciones:<\/strong><\/p>\n<p>Antes de instalar los accesorios, envuelva la cinta de tefl\u00f3n alrededor de los accesorios para evitar fugas de aire.<br \/>\nPuede haber fugas durante la primera instalaci\u00f3n (la presi\u00f3n interna es diferente de la presi\u00f3n externa al principio y se descargar\u00e1 el exceso de presi\u00f3n, espere pacientemente, despu\u00e9s de agotar el exceso de aire, no se producir\u00e1 fugas)<\/p>\n<p><img loading=\"lazy\" decoding=\"async\" class=\"alignnone wp-image-18087 size-full\" src=\"https:\/\/indtesa-electronica.com\/wp-content\/uploads\/2025\/03\/Filtro-de-Aire-Neumatico-14-BSP-Regulador-de-Presion-Modelo-AW2000-02_2-png.webp\" alt=\"\" width=\"1052\" height=\"672\" srcset=\"https:\/\/indtesa-electronica.com\/wp-content\/uploads\/2025\/03\/Filtro-de-Aire-Neumatico-14-BSP-Regulador-de-Presion-Modelo-AW2000-02_2-png.webp 1052w, https:\/\/indtesa-electronica.com\/wp-content\/uploads\/2025\/03\/Filtro-de-Aire-Neumatico-14-BSP-Regulador-de-Presion-Modelo-AW2000-02_2-300x192.webp 300w, https:\/\/indtesa-electronica.com\/wp-content\/uploads\/2025\/03\/Filtro-de-Aire-Neumatico-14-BSP-Regulador-de-Presion-Modelo-AW2000-02_2-1024x654.webp 1024w, https:\/\/indtesa-electronica.com\/wp-content\/uploads\/2025\/03\/Filtro-de-Aire-Neumatico-14-BSP-Regulador-de-Presion-Modelo-AW2000-02_2-768x491.webp 768w, https:\/\/indtesa-electronica.com\/wp-content\/uploads\/2025\/03\/Filtro-de-Aire-Neumatico-14-BSP-Regulador-de-Presion-Modelo-AW2000-02_2-18x12.webp 18w, https:\/\/indtesa-electronica.com\/wp-content\/uploads\/2025\/03\/Filtro-de-Aire-Neumatico-14-BSP-Regulador-de-Presion-Modelo-AW2000-02_2-500x319.webp 500w\" sizes=\"auto, (max-width: 1052px) 100vw, 1052px\" \/><\/p>","protected":false},"excerpt":{"rendered":"<p>Para bajar o mantener la presi\u00f3n del aire; Filtre la humedad y las part\u00edculas finas del aire. Tama\u00f1o de entrada de aire: 1\/4 PT Flujo: 500L\/minutos Presi\u00f3n m\u00e1xima de trabajo: 10bar (1,0MPa) Rango de temperatura de funcionamiento: 0-60\u2103 Tipo de drenaje: manual Material del cuerpo: Producto de aluminio Direcci\u00f3n de uso: Antes de instalar el [&hellip;]<\/p>\n","protected":false},"featured_media":18086,"template":"","meta":{"_gspb_post_css":""},"product_brand":[],"product_cat":[427],"product_tag":[],"class_list":{"0":"post-18085","1":"product","2":"type-product","3":"status-publish","4":"has-post-thumbnail","6":"product_cat-componentes-de-flujo","8":"first","9":"instock","10":"taxable","11":"shipping-taxable","12":"purchasable","13":"product-type-simple"},"ct_brands":[],"yoast_head":"<!-- This site is optimized with the Yoast SEO plugin v27.1.1 - https:\/\/yoast.com\/product\/yoast-seo-wordpress\/ -->\n<title>Filtro de Aire Neum\u00e1tico, 1\/4 BSP Regulador de Presi\u00f3n, Modelo AW2000-02 | IndTESA<\/title>\n<meta name=\"robots\" content=\"index, follow, max-snippet:-1, max-image-preview:large, max-video-preview:-1\" \/>\n<link rel=\"canonical\" href=\"https:\/\/indtesa-electronica.com\/en\/tienda-en-linea\/neumatico\/componentes-de-flujo\/filtro-de-aire-neumatico-1-4-bsp-regulador-de-presion-modelo-aw2000-02\/\" \/>\n<meta property=\"og:locale\" content=\"en_US\" \/>\n<meta property=\"og:type\" content=\"article\" \/>\n<meta property=\"og:title\" content=\"Filtro de Aire Neum\u00e1tico, 1\/4 BSP Regulador de Presi\u00f3n, Modelo AW2000-02 | IndTESA\" \/>\n<meta property=\"og:description\" content=\"Para bajar o mantener la presi\u00f3n del aire; Filtre la humedad y las part\u00edculas finas del aire. Tama\u00f1o de entrada de aire: 1\/4 PT Flujo: 500L\/minutos Presi\u00f3n m\u00e1xima de trabajo: 10bar (1,0MPa) Rango de temperatura de funcionamiento: 0-60\u2103 Tipo de drenaje: manual Material del cuerpo: Producto de aluminio Direcci\u00f3n de uso: Antes de instalar el [&hellip;]\" \/>\n<meta property=\"og:url\" content=\"https:\/\/indtesa-electronica.com\/en\/tienda-en-linea\/neumatico\/componentes-de-flujo\/filtro-de-aire-neumatico-1-4-bsp-regulador-de-presion-modelo-aw2000-02\/\" \/>\n<meta property=\"og:site_name\" content=\"IndTESA\" \/>\n<meta property=\"article:modified_time\" content=\"2025-03-20T21:56:01+00:00\" \/>\n<meta property=\"og:image\" content=\"https:\/\/indtesa-electronica.com\/wp-content\/uploads\/2025\/03\/Filtro-de-Aire-Neumatico-14-BSP-Regulador-de-Presion-Modelo-AW2000-02-png.webp\" \/>\n\t<meta property=\"og:image:width\" content=\"604\" \/>\n\t<meta property=\"og:image:height\" content=\"604\" \/>\n\t<meta property=\"og:image:type\" content=\"image\/png\" \/>\n<meta name=\"twitter:card\" content=\"summary_large_image\" \/>\n<meta name=\"twitter:label1\" content=\"Est. reading time\" \/>\n\t<meta name=\"twitter:data1\" content=\"2 minutes\" \/>\n<script type=\"application\/ld+json\" class=\"yoast-schema-graph\">{\"@context\":\"https:\/\/schema.org\",\"@graph\":[{\"@type\":\"WebPage\",\"@id\":\"https:\/\/indtesa-electronica.com\/tienda-en-linea\/neumatico\/componentes-de-flujo\/filtro-de-aire-neumatico-1-4-bsp-regulador-de-presion-modelo-aw2000-02\/\",\"url\":\"https:\/\/indtesa-electronica.com\/tienda-en-linea\/neumatico\/componentes-de-flujo\/filtro-de-aire-neumatico-1-4-bsp-regulador-de-presion-modelo-aw2000-02\/\",\"name\":\"Filtro de Aire Neum\u00e1tico, 1\/4 BSP Regulador de Presi\u00f3n, Modelo AW2000-02 | IndTESA\",\"isPartOf\":{\"@id\":\"https:\/\/indtesa-electronica.com\/#website\"},\"primaryImageOfPage\":{\"@id\":\"https:\/\/indtesa-electronica.com\/tienda-en-linea\/neumatico\/componentes-de-flujo\/filtro-de-aire-neumatico-1-4-bsp-regulador-de-presion-modelo-aw2000-02\/#primaryimage\"},\"image\":{\"@id\":\"https:\/\/indtesa-electronica.com\/tienda-en-linea\/neumatico\/componentes-de-flujo\/filtro-de-aire-neumatico-1-4-bsp-regulador-de-presion-modelo-aw2000-02\/#primaryimage\"},\"thumbnailUrl\":\"https:\/\/indtesa-electronica.com\/wp-content\/uploads\/2025\/03\/Filtro-de-Aire-Neumatico-14-BSP-Regulador-de-Presion-Modelo-AW2000-02-png.webp\",\"datePublished\":\"2025-03-20T21:54:16+00:00\",\"dateModified\":\"2025-03-20T21:56:01+00:00\",\"breadcrumb\":{\"@id\":\"https:\/\/indtesa-electronica.com\/tienda-en-linea\/neumatico\/componentes-de-flujo\/filtro-de-aire-neumatico-1-4-bsp-regulador-de-presion-modelo-aw2000-02\/#breadcrumb\"},\"inLanguage\":\"en-US\",\"potentialAction\":[{\"@type\":\"ReadAction\",\"target\":[\"https:\/\/indtesa-electronica.com\/tienda-en-linea\/neumatico\/componentes-de-flujo\/filtro-de-aire-neumatico-1-4-bsp-regulador-de-presion-modelo-aw2000-02\/\"]}]},{\"@type\":\"ImageObject\",\"inLanguage\":\"en-US\",\"@id\":\"https:\/\/indtesa-electronica.com\/tienda-en-linea\/neumatico\/componentes-de-flujo\/filtro-de-aire-neumatico-1-4-bsp-regulador-de-presion-modelo-aw2000-02\/#primaryimage\",\"url\":\"https:\/\/indtesa-electronica.com\/wp-content\/uploads\/2025\/03\/Filtro-de-Aire-Neumatico-14-BSP-Regulador-de-Presion-Modelo-AW2000-02-png.webp\",\"contentUrl\":\"https:\/\/indtesa-electronica.com\/wp-content\/uploads\/2025\/03\/Filtro-de-Aire-Neumatico-14-BSP-Regulador-de-Presion-Modelo-AW2000-02-png.webp\",\"width\":604,\"height\":604},{\"@type\":\"BreadcrumbList\",\"@id\":\"https:\/\/indtesa-electronica.com\/tienda-en-linea\/neumatico\/componentes-de-flujo\/filtro-de-aire-neumatico-1-4-bsp-regulador-de-presion-modelo-aw2000-02\/#breadcrumb\",\"itemListElement\":[{\"@type\":\"ListItem\",\"position\":1,\"name\":\"Inicio\",\"item\":\"https:\/\/indtesa-electronica.com\/\"},{\"@type\":\"ListItem\",\"position\":2,\"name\":\"Tienda en linea\",\"item\":\"https:\/\/indtesa-electronica.com\/tienda-en-linea\/\"},{\"@type\":\"ListItem\",\"position\":3,\"name\":\"Filtro de Aire Neum\u00e1tico, 1\/4 BSP Regulador de Presi\u00f3n, Modelo AW2000-02\"}]},{\"@type\":\"WebSite\",\"@id\":\"https:\/\/indtesa-electronica.com\/#website\",\"url\":\"https:\/\/indtesa-electronica.com\/\",\"name\":\"Electronica - IndTESA\",\"description\":\"\",\"publisher\":{\"@id\":\"https:\/\/indtesa-electronica.com\/#organization\"},\"potentialAction\":[{\"@type\":\"SearchAction\",\"target\":{\"@type\":\"EntryPoint\",\"urlTemplate\":\"https:\/\/indtesa-electronica.com\/?s={search_term_string}\"},\"query-input\":{\"@type\":\"PropertyValueSpecification\",\"valueRequired\":true,\"valueName\":\"search_term_string\"}}],\"inLanguage\":\"en-US\"},{\"@type\":\"Organization\",\"@id\":\"https:\/\/indtesa-electronica.com\/#organization\",\"name\":\"Industrial TESA S.A.S. de C.V.\",\"url\":\"https:\/\/indtesa-electronica.com\/\",\"logo\":{\"@type\":\"ImageObject\",\"inLanguage\":\"en-US\",\"@id\":\"https:\/\/indtesa-electronica.com\/#\/schema\/logo\/image\/\",\"url\":\"\",\"contentUrl\":\"\",\"caption\":\"Industrial TESA S.A.S. de C.V.\"},\"image\":{\"@id\":\"https:\/\/indtesa-electronica.com\/#\/schema\/logo\/image\/\"}}]}<\/script>\n<!-- \/ Yoast SEO plugin. -->","yoast_head_json":{"title":"Filtro de Aire Neum\u00e1tico, 1\/4 BSP Regulador de Presi\u00f3n, Modelo AW2000-02 | IndTESA","robots":{"index":"index","follow":"follow","max-snippet":"max-snippet:-1","max-image-preview":"max-image-preview:large","max-video-preview":"max-video-preview:-1"},"canonical":"https:\/\/indtesa-electronica.com\/en\/tienda-en-linea\/neumatico\/componentes-de-flujo\/filtro-de-aire-neumatico-1-4-bsp-regulador-de-presion-modelo-aw2000-02\/","og_locale":"en_US","og_type":"article","og_title":"Filtro de Aire Neum\u00e1tico, 1\/4 BSP Regulador de Presi\u00f3n, Modelo AW2000-02 | IndTESA","og_description":"Para bajar o mantener la presi\u00f3n del aire; Filtre la humedad y las part\u00edculas finas del aire. Tama\u00f1o de entrada de aire: 1\/4 PT Flujo: 500L\/minutos Presi\u00f3n m\u00e1xima de trabajo: 10bar (1,0MPa) Rango de temperatura de funcionamiento: 0-60\u2103 Tipo de drenaje: manual Material del cuerpo: Producto de aluminio Direcci\u00f3n de uso: Antes de instalar el [&hellip;]","og_url":"https:\/\/indtesa-electronica.com\/en\/tienda-en-linea\/neumatico\/componentes-de-flujo\/filtro-de-aire-neumatico-1-4-bsp-regulador-de-presion-modelo-aw2000-02\/","og_site_name":"IndTESA","article_modified_time":"2025-03-20T21:56:01+00:00","og_image":[{"width":604,"height":604,"url":"https:\/\/indtesa-electronica.com\/wp-content\/uploads\/2025\/03\/Filtro-de-Aire-Neumatico-14-BSP-Regulador-de-Presion-Modelo-AW2000-02-png.webp","type":"image\/png"}],"twitter_card":"summary_large_image","twitter_misc":{"Est. reading time":"2 minutes"},"schema":{"@context":"https:\/\/schema.org","@graph":[{"@type":"WebPage","@id":"https:\/\/indtesa-electronica.com\/tienda-en-linea\/neumatico\/componentes-de-flujo\/filtro-de-aire-neumatico-1-4-bsp-regulador-de-presion-modelo-aw2000-02\/","url":"https:\/\/indtesa-electronica.com\/tienda-en-linea\/neumatico\/componentes-de-flujo\/filtro-de-aire-neumatico-1-4-bsp-regulador-de-presion-modelo-aw2000-02\/","name":"Filtro de Aire Neum\u00e1tico, 1\/4 BSP Regulador de Presi\u00f3n, Modelo AW2000-02 | IndTESA","isPartOf":{"@id":"https:\/\/indtesa-electronica.com\/#website"},"primaryImageOfPage":{"@id":"https:\/\/indtesa-electronica.com\/tienda-en-linea\/neumatico\/componentes-de-flujo\/filtro-de-aire-neumatico-1-4-bsp-regulador-de-presion-modelo-aw2000-02\/#primaryimage"},"image":{"@id":"https:\/\/indtesa-electronica.com\/tienda-en-linea\/neumatico\/componentes-de-flujo\/filtro-de-aire-neumatico-1-4-bsp-regulador-de-presion-modelo-aw2000-02\/#primaryimage"},"thumbnailUrl":"https:\/\/indtesa-electronica.com\/wp-content\/uploads\/2025\/03\/Filtro-de-Aire-Neumatico-14-BSP-Regulador-de-Presion-Modelo-AW2000-02-png.webp","datePublished":"2025-03-20T21:54:16+00:00","dateModified":"2025-03-20T21:56:01+00:00","breadcrumb":{"@id":"https:\/\/indtesa-electronica.com\/tienda-en-linea\/neumatico\/componentes-de-flujo\/filtro-de-aire-neumatico-1-4-bsp-regulador-de-presion-modelo-aw2000-02\/#breadcrumb"},"inLanguage":"en-US","potentialAction":[{"@type":"ReadAction","target":["https:\/\/indtesa-electronica.com\/tienda-en-linea\/neumatico\/componentes-de-flujo\/filtro-de-aire-neumatico-1-4-bsp-regulador-de-presion-modelo-aw2000-02\/"]}]},{"@type":"ImageObject","inLanguage":"en-US","@id":"https:\/\/indtesa-electronica.com\/tienda-en-linea\/neumatico\/componentes-de-flujo\/filtro-de-aire-neumatico-1-4-bsp-regulador-de-presion-modelo-aw2000-02\/#primaryimage","url":"https:\/\/indtesa-electronica.com\/wp-content\/uploads\/2025\/03\/Filtro-de-Aire-Neumatico-14-BSP-Regulador-de-Presion-Modelo-AW2000-02-png.webp","contentUrl":"https:\/\/indtesa-electronica.com\/wp-content\/uploads\/2025\/03\/Filtro-de-Aire-Neumatico-14-BSP-Regulador-de-Presion-Modelo-AW2000-02-png.webp","width":604,"height":604},{"@type":"BreadcrumbList","@id":"https:\/\/indtesa-electronica.com\/tienda-en-linea\/neumatico\/componentes-de-flujo\/filtro-de-aire-neumatico-1-4-bsp-regulador-de-presion-modelo-aw2000-02\/#breadcrumb","itemListElement":[{"@type":"ListItem","position":1,"name":"Inicio","item":"https:\/\/indtesa-electronica.com\/"},{"@type":"ListItem","position":2,"name":"Tienda en linea","item":"https:\/\/indtesa-electronica.com\/tienda-en-linea\/"},{"@type":"ListItem","position":3,"name":"Filtro de Aire Neum\u00e1tico, 1\/4 BSP Regulador de Presi\u00f3n, Modelo AW2000-02"}]},{"@type":"WebSite","@id":"https:\/\/indtesa-electronica.com\/#website","url":"https:\/\/indtesa-electronica.com\/","name":"Electronica - IndTESA","description":"","publisher":{"@id":"https:\/\/indtesa-electronica.com\/#organization"},"potentialAction":[{"@type":"SearchAction","target":{"@type":"EntryPoint","urlTemplate":"https:\/\/indtesa-electronica.com\/?s={search_term_string}"},"query-input":{"@type":"PropertyValueSpecification","valueRequired":true,"valueName":"search_term_string"}}],"inLanguage":"en-US"},{"@type":"Organization","@id":"https:\/\/indtesa-electronica.com\/#organization","name":"Industrial TESA S.A.S. de C.V.","url":"https:\/\/indtesa-electronica.com\/","logo":{"@type":"ImageObject","inLanguage":"en-US","@id":"https:\/\/indtesa-electronica.com\/#\/schema\/logo\/image\/","url":"","contentUrl":"","caption":"Industrial TESA S.A.S. de C.V."},"image":{"@id":"https:\/\/indtesa-electronica.com\/#\/schema\/logo\/image\/"}}]}},"jetpack_sharing_enabled":true,"tiered_pricing_type":"fixed","tiered_pricing_fixed_rules":[],"tiered_pricing_product_settings":{"layout":"default","base_unit_name":{"singular":null,"plural":null},"default_variation":null},"tiered_pricing_minimum_quantity":null,"tiered_pricing_roles_data":[],"tiered_pricing_percentage_rules":[],"_links":{"self":[{"href":"https:\/\/indtesa-electronica.com\/en\/wp-json\/wp\/v2\/product\/18085","targetHints":{"allow":["GET"]}}],"collection":[{"href":"https:\/\/indtesa-electronica.com\/en\/wp-json\/wp\/v2\/product"}],"about":[{"href":"https:\/\/indtesa-electronica.com\/en\/wp-json\/wp\/v2\/types\/product"}],"wp:featuredmedia":[{"embeddable":true,"href":"https:\/\/indtesa-electronica.com\/en\/wp-json\/wp\/v2\/media\/18086"}],"wp:attachment":[{"href":"https:\/\/indtesa-electronica.com\/en\/wp-json\/wp\/v2\/media?parent=18085"}],"wp:term":[{"taxonomy":"product_brand","embeddable":true,"href":"https:\/\/indtesa-electronica.com\/en\/wp-json\/wp\/v2\/product_brand?post=18085"},{"taxonomy":"product_cat","embeddable":true,"href":"https:\/\/indtesa-electronica.com\/en\/wp-json\/wp\/v2\/product_cat?post=18085"},{"taxonomy":"product_tag","embeddable":true,"href":"https:\/\/indtesa-electronica.com\/en\/wp-json\/wp\/v2\/product_tag?post=18085"}],"curies":[{"name":"wp","href":"https:\/\/api.w.org\/{rel}","templated":true}]}}