{"id":2017,"date":"2023-05-22T23:26:32","date_gmt":"2023-05-22T23:26:32","guid":{"rendered":"https:\/\/indtesa-electronica.com\/?post_type=product&#038;p=2017"},"modified":"2025-02-20T01:41:20","modified_gmt":"2025-02-20T01:41:20","slug":"terminal-rapida","status":"publish","type":"product","link":"https:\/\/indtesa-electronica.com\/en\/tienda-en-linea\/componentes\/conexion\/terminal-rapida\/","title":{"rendered":"Conectores de Cable Empalme R\u00e1pido 2 Pines (10 piezas)"},"content":{"rendered":"<p>Tipo: conector de 2 pines<br \/>\nColor: blanco<br \/>\nTama\u00f1o: aprox. 20*17.5*13.5mm<\/p>","protected":false},"excerpt":{"rendered":"<p>Conectores de Cable El\u00e9ctrico de 2 Pines, Terminales de Cable de Bloqueo de Empalme R\u00e1pido, CH2.<br \/>\nAmpliamente utilizado en la conexi\u00f3n de cables<br \/>\nEvita que el cable se cortocircuite<br \/>\nIdeal para tocar cables para probar.<br \/>\nUsar con el macho de desconexi\u00f3n r\u00e1pida para un empalme f\u00e1cil y seguro en los cables.<\/p>","protected":false},"featured_media":2737,"template":"","meta":{"_gspb_post_css":""},"product_brand":[],"product_cat":[433],"product_tag":[],"class_list":{"0":"post-2017","1":"product","2":"type-product","3":"status-publish","4":"has-post-thumbnail","6":"product_cat-conexion","8":"first","9":"instock","10":"taxable","11":"shipping-taxable","12":"purchasable","13":"product-type-simple"},"ct_brands":[],"yoast_head":"<!-- This site is optimized with the Yoast SEO plugin v27.1.1 - https:\/\/yoast.com\/product\/yoast-seo-wordpress\/ -->\n<title>Conectores de Cable Empalme R\u00e1pido 2 Pines (10 piezas) | IndTESA<\/title>\n<meta name=\"robots\" content=\"index, follow, max-snippet:-1, max-image-preview:large, max-video-preview:-1\" \/>\n<link rel=\"canonical\" href=\"https:\/\/indtesa-electronica.com\/en\/tienda-en-linea\/componentes\/conexion\/terminal-rapida\/\" \/>\n<meta property=\"og:locale\" content=\"en_US\" \/>\n<meta property=\"og:type\" content=\"article\" \/>\n<meta property=\"og:title\" content=\"Conectores de Cable Empalme R\u00e1pido 2 Pines (10 piezas) | IndTESA\" \/>\n<meta property=\"og:description\" content=\"Conectores de Cable El\u00e9ctrico de 2 Pines, Terminales de Cable de Bloqueo de Empalme R\u00e1pido, CH2. Ampliamente utilizado en la conexi\u00f3n de cables Evita que el cable se cortocircuite Ideal para tocar cables para probar. Usar con el macho de desconexi\u00f3n r\u00e1pida para un empalme f\u00e1cil y seguro en los cables.\" \/>\n<meta property=\"og:url\" content=\"https:\/\/indtesa-electronica.com\/en\/tienda-en-linea\/componentes\/conexion\/terminal-rapida\/\" \/>\n<meta property=\"og:site_name\" content=\"IndTESA\" \/>\n<meta property=\"article:modified_time\" content=\"2025-02-20T01:41:20+00:00\" \/>\n<meta property=\"og:image\" content=\"https:\/\/indtesa-electronica.com\/wp-content\/uploads\/2023\/05\/terminal_rapida_1-1.png\" \/>\n\t<meta property=\"og:image:width\" content=\"500\" \/>\n\t<meta property=\"og:image:height\" content=\"500\" \/>\n\t<meta property=\"og:image:type\" content=\"image\/png\" \/>\n<meta name=\"twitter:card\" content=\"summary_large_image\" \/>\n<meta name=\"twitter:label1\" content=\"Est. reading time\" \/>\n\t<meta name=\"twitter:data1\" content=\"1 minute\" \/>\n<script type=\"application\/ld+json\" class=\"yoast-schema-graph\">{\"@context\":\"https:\/\/schema.org\",\"@graph\":[{\"@type\":\"WebPage\",\"@id\":\"https:\/\/indtesa-electronica.com\/tienda-en-linea\/componentes\/conexion\/terminal-rapida\/\",\"url\":\"https:\/\/indtesa-electronica.com\/tienda-en-linea\/componentes\/conexion\/terminal-rapida\/\",\"name\":\"Conectores de Cable Empalme R\u00e1pido 2 Pines (10 piezas) | IndTESA\",\"isPartOf\":{\"@id\":\"https:\/\/indtesa-electronica.com\/#website\"},\"primaryImageOfPage\":{\"@id\":\"https:\/\/indtesa-electronica.com\/tienda-en-linea\/componentes\/conexion\/terminal-rapida\/#primaryimage\"},\"image\":{\"@id\":\"https:\/\/indtesa-electronica.com\/tienda-en-linea\/componentes\/conexion\/terminal-rapida\/#primaryimage\"},\"thumbnailUrl\":\"https:\/\/indtesa-electronica.com\/wp-content\/uploads\/2023\/05\/terminal_rapida_1-1.png\",\"datePublished\":\"2023-05-22T23:26:32+00:00\",\"dateModified\":\"2025-02-20T01:41:20+00:00\",\"breadcrumb\":{\"@id\":\"https:\/\/indtesa-electronica.com\/tienda-en-linea\/componentes\/conexion\/terminal-rapida\/#breadcrumb\"},\"inLanguage\":\"en-US\",\"potentialAction\":[{\"@type\":\"ReadAction\",\"target\":[\"https:\/\/indtesa-electronica.com\/tienda-en-linea\/componentes\/conexion\/terminal-rapida\/\"]}]},{\"@type\":\"ImageObject\",\"inLanguage\":\"en-US\",\"@id\":\"https:\/\/indtesa-electronica.com\/tienda-en-linea\/componentes\/conexion\/terminal-rapida\/#primaryimage\",\"url\":\"https:\/\/indtesa-electronica.com\/wp-content\/uploads\/2023\/05\/terminal_rapida_1-1.png\",\"contentUrl\":\"https:\/\/indtesa-electronica.com\/wp-content\/uploads\/2023\/05\/terminal_rapida_1-1.png\",\"width\":500,\"height\":500},{\"@type\":\"BreadcrumbList\",\"@id\":\"https:\/\/indtesa-electronica.com\/tienda-en-linea\/componentes\/conexion\/terminal-rapida\/#breadcrumb\",\"itemListElement\":[{\"@type\":\"ListItem\",\"position\":1,\"name\":\"Inicio\",\"item\":\"https:\/\/indtesa-electronica.com\/\"},{\"@type\":\"ListItem\",\"position\":2,\"name\":\"Tienda en linea\",\"item\":\"https:\/\/indtesa-electronica.com\/tienda-en-linea\/\"},{\"@type\":\"ListItem\",\"position\":3,\"name\":\"Conectores de Cable Empalme R\u00e1pido 2 Pines (10 piezas)\"}]},{\"@type\":\"WebSite\",\"@id\":\"https:\/\/indtesa-electronica.com\/#website\",\"url\":\"https:\/\/indtesa-electronica.com\/\",\"name\":\"Electronica - IndTESA\",\"description\":\"\",\"publisher\":{\"@id\":\"https:\/\/indtesa-electronica.com\/#organization\"},\"potentialAction\":[{\"@type\":\"SearchAction\",\"target\":{\"@type\":\"EntryPoint\",\"urlTemplate\":\"https:\/\/indtesa-electronica.com\/?s={search_term_string}\"},\"query-input\":{\"@type\":\"PropertyValueSpecification\",\"valueRequired\":true,\"valueName\":\"search_term_string\"}}],\"inLanguage\":\"en-US\"},{\"@type\":\"Organization\",\"@id\":\"https:\/\/indtesa-electronica.com\/#organization\",\"name\":\"Industrial TESA S.A.S. de C.V.\",\"url\":\"https:\/\/indtesa-electronica.com\/\",\"logo\":{\"@type\":\"ImageObject\",\"inLanguage\":\"en-US\",\"@id\":\"https:\/\/indtesa-electronica.com\/#\/schema\/logo\/image\/\",\"url\":\"\",\"contentUrl\":\"\",\"caption\":\"Industrial TESA S.A.S. de C.V.\"},\"image\":{\"@id\":\"https:\/\/indtesa-electronica.com\/#\/schema\/logo\/image\/\"}}]}<\/script>\n<!-- \/ Yoast SEO plugin. -->","yoast_head_json":{"title":"Conectores de Cable Empalme R\u00e1pido 2 Pines (10 piezas) | IndTESA","robots":{"index":"index","follow":"follow","max-snippet":"max-snippet:-1","max-image-preview":"max-image-preview:large","max-video-preview":"max-video-preview:-1"},"canonical":"https:\/\/indtesa-electronica.com\/en\/tienda-en-linea\/componentes\/conexion\/terminal-rapida\/","og_locale":"en_US","og_type":"article","og_title":"Conectores de Cable Empalme R\u00e1pido 2 Pines (10 piezas) | IndTESA","og_description":"Conectores de Cable El\u00e9ctrico de 2 Pines, Terminales de Cable de Bloqueo de Empalme R\u00e1pido, CH2. Ampliamente utilizado en la conexi\u00f3n de cables Evita que el cable se cortocircuite Ideal para tocar cables para probar. Usar con el macho de desconexi\u00f3n r\u00e1pida para un empalme f\u00e1cil y seguro en los cables.","og_url":"https:\/\/indtesa-electronica.com\/en\/tienda-en-linea\/componentes\/conexion\/terminal-rapida\/","og_site_name":"IndTESA","article_modified_time":"2025-02-20T01:41:20+00:00","og_image":[{"width":500,"height":500,"url":"https:\/\/indtesa-electronica.com\/wp-content\/uploads\/2023\/05\/terminal_rapida_1-1.png","type":"image\/png"}],"twitter_card":"summary_large_image","twitter_misc":{"Est. reading time":"1 minute"},"schema":{"@context":"https:\/\/schema.org","@graph":[{"@type":"WebPage","@id":"https:\/\/indtesa-electronica.com\/tienda-en-linea\/componentes\/conexion\/terminal-rapida\/","url":"https:\/\/indtesa-electronica.com\/tienda-en-linea\/componentes\/conexion\/terminal-rapida\/","name":"Conectores de Cable Empalme R\u00e1pido 2 Pines (10 piezas) | IndTESA","isPartOf":{"@id":"https:\/\/indtesa-electronica.com\/#website"},"primaryImageOfPage":{"@id":"https:\/\/indtesa-electronica.com\/tienda-en-linea\/componentes\/conexion\/terminal-rapida\/#primaryimage"},"image":{"@id":"https:\/\/indtesa-electronica.com\/tienda-en-linea\/componentes\/conexion\/terminal-rapida\/#primaryimage"},"thumbnailUrl":"https:\/\/indtesa-electronica.com\/wp-content\/uploads\/2023\/05\/terminal_rapida_1-1.png","datePublished":"2023-05-22T23:26:32+00:00","dateModified":"2025-02-20T01:41:20+00:00","breadcrumb":{"@id":"https:\/\/indtesa-electronica.com\/tienda-en-linea\/componentes\/conexion\/terminal-rapida\/#breadcrumb"},"inLanguage":"en-US","potentialAction":[{"@type":"ReadAction","target":["https:\/\/indtesa-electronica.com\/tienda-en-linea\/componentes\/conexion\/terminal-rapida\/"]}]},{"@type":"ImageObject","inLanguage":"en-US","@id":"https:\/\/indtesa-electronica.com\/tienda-en-linea\/componentes\/conexion\/terminal-rapida\/#primaryimage","url":"https:\/\/indtesa-electronica.com\/wp-content\/uploads\/2023\/05\/terminal_rapida_1-1.png","contentUrl":"https:\/\/indtesa-electronica.com\/wp-content\/uploads\/2023\/05\/terminal_rapida_1-1.png","width":500,"height":500},{"@type":"BreadcrumbList","@id":"https:\/\/indtesa-electronica.com\/tienda-en-linea\/componentes\/conexion\/terminal-rapida\/#breadcrumb","itemListElement":[{"@type":"ListItem","position":1,"name":"Inicio","item":"https:\/\/indtesa-electronica.com\/"},{"@type":"ListItem","position":2,"name":"Tienda en linea","item":"https:\/\/indtesa-electronica.com\/tienda-en-linea\/"},{"@type":"ListItem","position":3,"name":"Conectores de Cable Empalme R\u00e1pido 2 Pines (10 piezas)"}]},{"@type":"WebSite","@id":"https:\/\/indtesa-electronica.com\/#website","url":"https:\/\/indtesa-electronica.com\/","name":"Electronica - IndTESA","description":"","publisher":{"@id":"https:\/\/indtesa-electronica.com\/#organization"},"potentialAction":[{"@type":"SearchAction","target":{"@type":"EntryPoint","urlTemplate":"https:\/\/indtesa-electronica.com\/?s={search_term_string}"},"query-input":{"@type":"PropertyValueSpecification","valueRequired":true,"valueName":"search_term_string"}}],"inLanguage":"en-US"},{"@type":"Organization","@id":"https:\/\/indtesa-electronica.com\/#organization","name":"Industrial TESA S.A.S. de C.V.","url":"https:\/\/indtesa-electronica.com\/","logo":{"@type":"ImageObject","inLanguage":"en-US","@id":"https:\/\/indtesa-electronica.com\/#\/schema\/logo\/image\/","url":"","contentUrl":"","caption":"Industrial TESA S.A.S. de C.V."},"image":{"@id":"https:\/\/indtesa-electronica.com\/#\/schema\/logo\/image\/"}}]}},"jetpack_sharing_enabled":true,"tiered_pricing_type":"fixed","tiered_pricing_fixed_rules":[],"tiered_pricing_product_settings":{"layout":"default","base_unit_name":{"singular":null,"plural":null},"default_variation":null},"tiered_pricing_minimum_quantity":null,"tiered_pricing_roles_data":[],"tiered_pricing_percentage_rules":[],"_links":{"self":[{"href":"https:\/\/indtesa-electronica.com\/en\/wp-json\/wp\/v2\/product\/2017","targetHints":{"allow":["GET"]}}],"collection":[{"href":"https:\/\/indtesa-electronica.com\/en\/wp-json\/wp\/v2\/product"}],"about":[{"href":"https:\/\/indtesa-electronica.com\/en\/wp-json\/wp\/v2\/types\/product"}],"wp:featuredmedia":[{"embeddable":true,"href":"https:\/\/indtesa-electronica.com\/en\/wp-json\/wp\/v2\/media\/2737"}],"wp:attachment":[{"href":"https:\/\/indtesa-electronica.com\/en\/wp-json\/wp\/v2\/media?parent=2017"}],"wp:term":[{"taxonomy":"product_brand","embeddable":true,"href":"https:\/\/indtesa-electronica.com\/en\/wp-json\/wp\/v2\/product_brand?post=2017"},{"taxonomy":"product_cat","embeddable":true,"href":"https:\/\/indtesa-electronica.com\/en\/wp-json\/wp\/v2\/product_cat?post=2017"},{"taxonomy":"product_tag","embeddable":true,"href":"https:\/\/indtesa-electronica.com\/en\/wp-json\/wp\/v2\/product_tag?post=2017"}],"curies":[{"name":"wp","href":"https:\/\/api.w.org\/{rel}","templated":true}]}}