{"id":2051,"date":"2023-05-23T00:26:45","date_gmt":"2023-05-23T00:26:45","guid":{"rendered":"https:\/\/indtesa-electronica.com\/?post_type=product&#038;p=2051"},"modified":"2025-03-01T17:14:40","modified_gmt":"2025-03-01T17:14:40","slug":"kit-de-llaves-extractoras-para-terminales","status":"publish","type":"product","link":"https:\/\/indtesa-electronica.com\/en\/tienda-en-linea\/herramientas\/herramientas-para-proyectos\/kit-de-llaves-extractoras-para-terminales\/","title":{"rendered":"Juego de Herramientas para Extracci\u00f3n de Terminales"},"content":{"rendered":"<p>Piezas: 11<br \/>\nA). Herramienta para quitar terminales de coche<br \/>\nB). Herramienta de montaje y desmontaje de terminales autom\u00e1ticos<br \/>\nC). Herramientas de extracci\u00f3n de terminales de arn\u00e9s de cableado automotriz<br \/>\nD). Mantenimiento de sonido del coche navegaci\u00f3n herramientas de arn\u00e9s de cable trasero<br \/>\nE). Conector Crimp Pin removedor de Terminal de coche<br \/>\nColor: negro y plata<br \/>\nMaterial: acero<br \/>\nTama\u00f1o: como muestra la imagen<\/p>","protected":false},"excerpt":{"rendered":"<p>Juego de herramientas para Extracci\u00f3n de Terminales es esencial para extracci\u00f3n de terminales de Coches cuenta con herramienta de aguja trasera de terminal\/aguja de recogida de terminal\/Reparaci\u00f3n de arn\u00e9s de cables\/aguja de recogida de terminal\/juego de agujas traseras de pin<\/p>\n<p><span style=\"color: #ff0000;\">Nota: el producto <strong>NO<\/strong> tiene llavero<\/span><\/p>","protected":false},"featured_media":2801,"template":"","meta":{"_gspb_post_css":""},"product_brand":[],"product_cat":[125],"product_tag":[],"class_list":{"0":"post-2051","1":"product","2":"type-product","3":"status-publish","4":"has-post-thumbnail","6":"product_cat-herramientas-para-proyectos","8":"first","9":"onbackorder","10":"taxable","11":"shipping-taxable","12":"purchasable","13":"product-type-simple"},"ct_brands":[],"yoast_head":"<!-- This site is optimized with the Yoast SEO plugin v27.1.1 - https:\/\/yoast.com\/product\/yoast-seo-wordpress\/ -->\n<title>Juego de Herramientas para Extracci\u00f3n de Terminales | IndTESA<\/title>\n<meta name=\"robots\" content=\"index, follow, max-snippet:-1, max-image-preview:large, max-video-preview:-1\" \/>\n<link rel=\"canonical\" href=\"https:\/\/indtesa-electronica.com\/en\/tienda-en-linea\/herramientas\/herramientas-para-proyectos\/kit-de-llaves-extractoras-para-terminales\/\" \/>\n<meta property=\"og:locale\" content=\"en_US\" \/>\n<meta property=\"og:type\" content=\"article\" \/>\n<meta property=\"og:title\" content=\"Juego de Herramientas para Extracci\u00f3n de Terminales | IndTESA\" \/>\n<meta property=\"og:description\" content=\"Juego de herramientas para Extracci\u00f3n de Terminales es esencial para extracci\u00f3n de terminales de Coches cuenta con herramienta de aguja trasera de terminal\/aguja de recogida de terminal\/Reparaci\u00f3n de arn\u00e9s de cables\/aguja de recogida de terminal\/juego de agujas traseras de pin  Nota: el producto NO tiene llavero\" \/>\n<meta property=\"og:url\" content=\"https:\/\/indtesa-electronica.com\/en\/tienda-en-linea\/herramientas\/herramientas-para-proyectos\/kit-de-llaves-extractoras-para-terminales\/\" \/>\n<meta property=\"og:site_name\" content=\"IndTESA\" \/>\n<meta property=\"article:modified_time\" content=\"2025-03-01T17:14:40+00:00\" \/>\n<meta property=\"og:image\" content=\"https:\/\/indtesa-electronica.com\/wp-content\/uploads\/2023\/05\/extractor_1-1.png\" \/>\n\t<meta property=\"og:image:width\" content=\"500\" \/>\n\t<meta property=\"og:image:height\" content=\"500\" \/>\n\t<meta property=\"og:image:type\" content=\"image\/png\" \/>\n<meta name=\"twitter:card\" content=\"summary_large_image\" \/>\n<meta name=\"twitter:label1\" content=\"Est. reading time\" \/>\n\t<meta name=\"twitter:data1\" content=\"1 minute\" \/>\n<script type=\"application\/ld+json\" class=\"yoast-schema-graph\">{\"@context\":\"https:\/\/schema.org\",\"@graph\":[{\"@type\":\"WebPage\",\"@id\":\"https:\/\/indtesa-electronica.com\/tienda-en-linea\/herramientas\/herramientas-para-proyectos\/kit-de-llaves-extractoras-para-terminales\/\",\"url\":\"https:\/\/indtesa-electronica.com\/tienda-en-linea\/herramientas\/herramientas-para-proyectos\/kit-de-llaves-extractoras-para-terminales\/\",\"name\":\"Juego de Herramientas para Extracci\u00f3n de Terminales | IndTESA\",\"isPartOf\":{\"@id\":\"https:\/\/indtesa-electronica.com\/#website\"},\"primaryImageOfPage\":{\"@id\":\"https:\/\/indtesa-electronica.com\/tienda-en-linea\/herramientas\/herramientas-para-proyectos\/kit-de-llaves-extractoras-para-terminales\/#primaryimage\"},\"image\":{\"@id\":\"https:\/\/indtesa-electronica.com\/tienda-en-linea\/herramientas\/herramientas-para-proyectos\/kit-de-llaves-extractoras-para-terminales\/#primaryimage\"},\"thumbnailUrl\":\"https:\/\/indtesa-electronica.com\/wp-content\/uploads\/2023\/05\/extractor_1-1.png\",\"datePublished\":\"2023-05-23T00:26:45+00:00\",\"dateModified\":\"2025-03-01T17:14:40+00:00\",\"breadcrumb\":{\"@id\":\"https:\/\/indtesa-electronica.com\/tienda-en-linea\/herramientas\/herramientas-para-proyectos\/kit-de-llaves-extractoras-para-terminales\/#breadcrumb\"},\"inLanguage\":\"en-US\",\"potentialAction\":[{\"@type\":\"ReadAction\",\"target\":[\"https:\/\/indtesa-electronica.com\/tienda-en-linea\/herramientas\/herramientas-para-proyectos\/kit-de-llaves-extractoras-para-terminales\/\"]}]},{\"@type\":\"ImageObject\",\"inLanguage\":\"en-US\",\"@id\":\"https:\/\/indtesa-electronica.com\/tienda-en-linea\/herramientas\/herramientas-para-proyectos\/kit-de-llaves-extractoras-para-terminales\/#primaryimage\",\"url\":\"https:\/\/indtesa-electronica.com\/wp-content\/uploads\/2023\/05\/extractor_1-1.png\",\"contentUrl\":\"https:\/\/indtesa-electronica.com\/wp-content\/uploads\/2023\/05\/extractor_1-1.png\",\"width\":500,\"height\":500},{\"@type\":\"BreadcrumbList\",\"@id\":\"https:\/\/indtesa-electronica.com\/tienda-en-linea\/herramientas\/herramientas-para-proyectos\/kit-de-llaves-extractoras-para-terminales\/#breadcrumb\",\"itemListElement\":[{\"@type\":\"ListItem\",\"position\":1,\"name\":\"Inicio\",\"item\":\"https:\/\/indtesa-electronica.com\/\"},{\"@type\":\"ListItem\",\"position\":2,\"name\":\"Tienda en linea\",\"item\":\"https:\/\/indtesa-electronica.com\/tienda-en-linea\/\"},{\"@type\":\"ListItem\",\"position\":3,\"name\":\"Juego de Herramientas para Extracci\u00f3n de Terminales\"}]},{\"@type\":\"WebSite\",\"@id\":\"https:\/\/indtesa-electronica.com\/#website\",\"url\":\"https:\/\/indtesa-electronica.com\/\",\"name\":\"Electronica - IndTESA\",\"description\":\"\",\"publisher\":{\"@id\":\"https:\/\/indtesa-electronica.com\/#organization\"},\"potentialAction\":[{\"@type\":\"SearchAction\",\"target\":{\"@type\":\"EntryPoint\",\"urlTemplate\":\"https:\/\/indtesa-electronica.com\/?s={search_term_string}\"},\"query-input\":{\"@type\":\"PropertyValueSpecification\",\"valueRequired\":true,\"valueName\":\"search_term_string\"}}],\"inLanguage\":\"en-US\"},{\"@type\":\"Organization\",\"@id\":\"https:\/\/indtesa-electronica.com\/#organization\",\"name\":\"Industrial TESA S.A.S. de C.V.\",\"url\":\"https:\/\/indtesa-electronica.com\/\",\"logo\":{\"@type\":\"ImageObject\",\"inLanguage\":\"en-US\",\"@id\":\"https:\/\/indtesa-electronica.com\/#\/schema\/logo\/image\/\",\"url\":\"\",\"contentUrl\":\"\",\"caption\":\"Industrial TESA S.A.S. de C.V.\"},\"image\":{\"@id\":\"https:\/\/indtesa-electronica.com\/#\/schema\/logo\/image\/\"}}]}<\/script>\n<!-- \/ Yoast SEO plugin. -->","yoast_head_json":{"title":"Juego de Herramientas para Extracci\u00f3n de Terminales | IndTESA","robots":{"index":"index","follow":"follow","max-snippet":"max-snippet:-1","max-image-preview":"max-image-preview:large","max-video-preview":"max-video-preview:-1"},"canonical":"https:\/\/indtesa-electronica.com\/en\/tienda-en-linea\/herramientas\/herramientas-para-proyectos\/kit-de-llaves-extractoras-para-terminales\/","og_locale":"en_US","og_type":"article","og_title":"Juego de Herramientas para Extracci\u00f3n de Terminales | IndTESA","og_description":"Juego de herramientas para Extracci\u00f3n de Terminales es esencial para extracci\u00f3n de terminales de Coches cuenta con herramienta de aguja trasera de terminal\/aguja de recogida de terminal\/Reparaci\u00f3n de arn\u00e9s de cables\/aguja de recogida de terminal\/juego de agujas traseras de pin  Nota: el producto NO tiene llavero","og_url":"https:\/\/indtesa-electronica.com\/en\/tienda-en-linea\/herramientas\/herramientas-para-proyectos\/kit-de-llaves-extractoras-para-terminales\/","og_site_name":"IndTESA","article_modified_time":"2025-03-01T17:14:40+00:00","og_image":[{"width":500,"height":500,"url":"https:\/\/indtesa-electronica.com\/wp-content\/uploads\/2023\/05\/extractor_1-1.png","type":"image\/png"}],"twitter_card":"summary_large_image","twitter_misc":{"Est. reading time":"1 minute"},"schema":{"@context":"https:\/\/schema.org","@graph":[{"@type":"WebPage","@id":"https:\/\/indtesa-electronica.com\/tienda-en-linea\/herramientas\/herramientas-para-proyectos\/kit-de-llaves-extractoras-para-terminales\/","url":"https:\/\/indtesa-electronica.com\/tienda-en-linea\/herramientas\/herramientas-para-proyectos\/kit-de-llaves-extractoras-para-terminales\/","name":"Juego de Herramientas para Extracci\u00f3n de Terminales | IndTESA","isPartOf":{"@id":"https:\/\/indtesa-electronica.com\/#website"},"primaryImageOfPage":{"@id":"https:\/\/indtesa-electronica.com\/tienda-en-linea\/herramientas\/herramientas-para-proyectos\/kit-de-llaves-extractoras-para-terminales\/#primaryimage"},"image":{"@id":"https:\/\/indtesa-electronica.com\/tienda-en-linea\/herramientas\/herramientas-para-proyectos\/kit-de-llaves-extractoras-para-terminales\/#primaryimage"},"thumbnailUrl":"https:\/\/indtesa-electronica.com\/wp-content\/uploads\/2023\/05\/extractor_1-1.png","datePublished":"2023-05-23T00:26:45+00:00","dateModified":"2025-03-01T17:14:40+00:00","breadcrumb":{"@id":"https:\/\/indtesa-electronica.com\/tienda-en-linea\/herramientas\/herramientas-para-proyectos\/kit-de-llaves-extractoras-para-terminales\/#breadcrumb"},"inLanguage":"en-US","potentialAction":[{"@type":"ReadAction","target":["https:\/\/indtesa-electronica.com\/tienda-en-linea\/herramientas\/herramientas-para-proyectos\/kit-de-llaves-extractoras-para-terminales\/"]}]},{"@type":"ImageObject","inLanguage":"en-US","@id":"https:\/\/indtesa-electronica.com\/tienda-en-linea\/herramientas\/herramientas-para-proyectos\/kit-de-llaves-extractoras-para-terminales\/#primaryimage","url":"https:\/\/indtesa-electronica.com\/wp-content\/uploads\/2023\/05\/extractor_1-1.png","contentUrl":"https:\/\/indtesa-electronica.com\/wp-content\/uploads\/2023\/05\/extractor_1-1.png","width":500,"height":500},{"@type":"BreadcrumbList","@id":"https:\/\/indtesa-electronica.com\/tienda-en-linea\/herramientas\/herramientas-para-proyectos\/kit-de-llaves-extractoras-para-terminales\/#breadcrumb","itemListElement":[{"@type":"ListItem","position":1,"name":"Inicio","item":"https:\/\/indtesa-electronica.com\/"},{"@type":"ListItem","position":2,"name":"Tienda en linea","item":"https:\/\/indtesa-electronica.com\/tienda-en-linea\/"},{"@type":"ListItem","position":3,"name":"Juego de Herramientas para Extracci\u00f3n de Terminales"}]},{"@type":"WebSite","@id":"https:\/\/indtesa-electronica.com\/#website","url":"https:\/\/indtesa-electronica.com\/","name":"Electronica - IndTESA","description":"","publisher":{"@id":"https:\/\/indtesa-electronica.com\/#organization"},"potentialAction":[{"@type":"SearchAction","target":{"@type":"EntryPoint","urlTemplate":"https:\/\/indtesa-electronica.com\/?s={search_term_string}"},"query-input":{"@type":"PropertyValueSpecification","valueRequired":true,"valueName":"search_term_string"}}],"inLanguage":"en-US"},{"@type":"Organization","@id":"https:\/\/indtesa-electronica.com\/#organization","name":"Industrial TESA S.A.S. de C.V.","url":"https:\/\/indtesa-electronica.com\/","logo":{"@type":"ImageObject","inLanguage":"en-US","@id":"https:\/\/indtesa-electronica.com\/#\/schema\/logo\/image\/","url":"","contentUrl":"","caption":"Industrial TESA S.A.S. de C.V."},"image":{"@id":"https:\/\/indtesa-electronica.com\/#\/schema\/logo\/image\/"}}]}},"jetpack_sharing_enabled":true,"tiered_pricing_type":"fixed","tiered_pricing_fixed_rules":[],"tiered_pricing_product_settings":{"layout":"default","base_unit_name":{"singular":null,"plural":null},"default_variation":null},"tiered_pricing_minimum_quantity":null,"tiered_pricing_roles_data":[],"tiered_pricing_percentage_rules":[],"_links":{"self":[{"href":"https:\/\/indtesa-electronica.com\/en\/wp-json\/wp\/v2\/product\/2051","targetHints":{"allow":["GET"]}}],"collection":[{"href":"https:\/\/indtesa-electronica.com\/en\/wp-json\/wp\/v2\/product"}],"about":[{"href":"https:\/\/indtesa-electronica.com\/en\/wp-json\/wp\/v2\/types\/product"}],"wp:featuredmedia":[{"embeddable":true,"href":"https:\/\/indtesa-electronica.com\/en\/wp-json\/wp\/v2\/media\/2801"}],"wp:attachment":[{"href":"https:\/\/indtesa-electronica.com\/en\/wp-json\/wp\/v2\/media?parent=2051"}],"wp:term":[{"taxonomy":"product_brand","embeddable":true,"href":"https:\/\/indtesa-electronica.com\/en\/wp-json\/wp\/v2\/product_brand?post=2051"},{"taxonomy":"product_cat","embeddable":true,"href":"https:\/\/indtesa-electronica.com\/en\/wp-json\/wp\/v2\/product_cat?post=2051"},{"taxonomy":"product_tag","embeddable":true,"href":"https:\/\/indtesa-electronica.com\/en\/wp-json\/wp\/v2\/product_tag?post=2051"}],"curies":[{"name":"wp","href":"https:\/\/api.w.org\/{rel}","templated":true}]}}