{"id":2154,"date":"2023-05-23T23:44:00","date_gmt":"2023-05-23T23:44:00","guid":{"rendered":"https:\/\/indtesa-electronica.com\/?post_type=product&#038;p=2154"},"modified":"2025-02-26T02:22:42","modified_gmt":"2025-02-26T02:22:42","slug":"placa-de-desarrollo-esp-32","status":"publish","type":"product","link":"https:\/\/indtesa-electronica.com\/en\/tienda-en-linea\/iot\/dispositivos-para-redes\/placa-de-desarrollo-esp-32\/","title":{"rendered":"Placa de Desarrollo ESP-32 con Wi-fi"},"content":{"rendered":"<p>Protocolo: LWIP, Freertos<br \/>Admite tres modos: AP, STA y AP + STA<br \/>Entrada: micro usb<\/p>","protected":false},"excerpt":{"rendered":"<p>ESP-32 es una antena integrada y balun RF, amplificador de potencia, amplificadores de bajo ruido, filtros, y m\u00f3dulo de gesti\u00f3n de energ\u00eda. Toda la soluci\u00f3n ocupa la menor cantidad de \u00e1rea de placa de circuito impreso. Esta placa se utiliza con chips Wi-Fi y Bluetooth de modo dual de 2.4 GHz por tecnolog\u00eda de baja potencia TSMC 40nm, Las mejores propiedades de potencia y RF, que son seguras, confiables y escalables para una variedad de aplicaciones.<\/p>","protected":false},"featured_media":2864,"template":"","meta":{"_gspb_post_css":""},"product_brand":[],"product_cat":[384,128],"product_tag":[],"class_list":{"0":"post-2154","1":"product","2":"type-product","3":"status-publish","4":"has-post-thumbnail","6":"product_cat-dispositivos-para-redes","7":"product_cat-placas-de-desarrollo","9":"first","10":"onbackorder","11":"taxable","12":"shipping-taxable","13":"purchasable","14":"product-type-simple"},"ct_brands":[],"yoast_head":"<!-- This site is optimized with the Yoast SEO plugin v27.1.1 - https:\/\/yoast.com\/product\/yoast-seo-wordpress\/ -->\n<title>Placa de Desarrollo ESP-32 con Wi-fi | IndTESA<\/title>\n<meta name=\"robots\" content=\"index, follow, max-snippet:-1, max-image-preview:large, max-video-preview:-1\" \/>\n<link rel=\"canonical\" href=\"https:\/\/indtesa-electronica.com\/en\/tienda-en-linea\/iot\/dispositivos-para-redes\/placa-de-desarrollo-esp-32\/\" \/>\n<meta property=\"og:locale\" content=\"en_US\" \/>\n<meta property=\"og:type\" content=\"article\" \/>\n<meta property=\"og:title\" content=\"Placa de Desarrollo ESP-32 con Wi-fi | IndTESA\" \/>\n<meta property=\"og:description\" content=\"ESP-32 es una antena integrada y balun RF, amplificador de potencia, amplificadores de bajo ruido, filtros, y m\u00f3dulo de gesti\u00f3n de energ\u00eda. Toda la soluci\u00f3n ocupa la menor cantidad de \u00e1rea de placa de circuito impreso. Esta placa se utiliza con chips Wi-Fi y Bluetooth de modo dual de 2.4 GHz por tecnolog\u00eda de baja potencia TSMC 40nm, Las mejores propiedades de potencia y RF, que son seguras, confiables y escalables para una variedad de aplicaciones.\" \/>\n<meta property=\"og:url\" content=\"https:\/\/indtesa-electronica.com\/en\/tienda-en-linea\/iot\/dispositivos-para-redes\/placa-de-desarrollo-esp-32\/\" \/>\n<meta property=\"og:site_name\" content=\"IndTESA\" \/>\n<meta property=\"article:modified_time\" content=\"2025-02-26T02:22:42+00:00\" \/>\n<meta property=\"og:image\" content=\"https:\/\/indtesa-electronica.com\/wp-content\/uploads\/2023\/05\/esp_32_1-1.png\" \/>\n\t<meta property=\"og:image:width\" content=\"500\" \/>\n\t<meta property=\"og:image:height\" content=\"500\" \/>\n\t<meta property=\"og:image:type\" content=\"image\/png\" \/>\n<meta name=\"twitter:card\" content=\"summary_large_image\" \/>\n<meta name=\"twitter:label1\" content=\"Est. reading time\" \/>\n\t<meta name=\"twitter:data1\" content=\"1 minute\" \/>\n<script type=\"application\/ld+json\" class=\"yoast-schema-graph\">{\"@context\":\"https:\/\/schema.org\",\"@graph\":[{\"@type\":\"WebPage\",\"@id\":\"https:\/\/indtesa-electronica.com\/tienda-en-linea\/iot\/dispositivos-para-redes\/placa-de-desarrollo-esp-32\/\",\"url\":\"https:\/\/indtesa-electronica.com\/tienda-en-linea\/iot\/dispositivos-para-redes\/placa-de-desarrollo-esp-32\/\",\"name\":\"Placa de Desarrollo ESP-32 con Wi-fi | IndTESA\",\"isPartOf\":{\"@id\":\"https:\/\/indtesa-electronica.com\/#website\"},\"primaryImageOfPage\":{\"@id\":\"https:\/\/indtesa-electronica.com\/tienda-en-linea\/iot\/dispositivos-para-redes\/placa-de-desarrollo-esp-32\/#primaryimage\"},\"image\":{\"@id\":\"https:\/\/indtesa-electronica.com\/tienda-en-linea\/iot\/dispositivos-para-redes\/placa-de-desarrollo-esp-32\/#primaryimage\"},\"thumbnailUrl\":\"https:\/\/indtesa-electronica.com\/wp-content\/uploads\/2023\/05\/esp_32_1-1.png\",\"datePublished\":\"2023-05-23T23:44:00+00:00\",\"dateModified\":\"2025-02-26T02:22:42+00:00\",\"breadcrumb\":{\"@id\":\"https:\/\/indtesa-electronica.com\/tienda-en-linea\/iot\/dispositivos-para-redes\/placa-de-desarrollo-esp-32\/#breadcrumb\"},\"inLanguage\":\"en-US\",\"potentialAction\":[{\"@type\":\"ReadAction\",\"target\":[\"https:\/\/indtesa-electronica.com\/tienda-en-linea\/iot\/dispositivos-para-redes\/placa-de-desarrollo-esp-32\/\"]}]},{\"@type\":\"ImageObject\",\"inLanguage\":\"en-US\",\"@id\":\"https:\/\/indtesa-electronica.com\/tienda-en-linea\/iot\/dispositivos-para-redes\/placa-de-desarrollo-esp-32\/#primaryimage\",\"url\":\"https:\/\/indtesa-electronica.com\/wp-content\/uploads\/2023\/05\/esp_32_1-1.png\",\"contentUrl\":\"https:\/\/indtesa-electronica.com\/wp-content\/uploads\/2023\/05\/esp_32_1-1.png\",\"width\":500,\"height\":500},{\"@type\":\"BreadcrumbList\",\"@id\":\"https:\/\/indtesa-electronica.com\/tienda-en-linea\/iot\/dispositivos-para-redes\/placa-de-desarrollo-esp-32\/#breadcrumb\",\"itemListElement\":[{\"@type\":\"ListItem\",\"position\":1,\"name\":\"Inicio\",\"item\":\"https:\/\/indtesa-electronica.com\/\"},{\"@type\":\"ListItem\",\"position\":2,\"name\":\"Tienda en linea\",\"item\":\"https:\/\/indtesa-electronica.com\/tienda-en-linea\/\"},{\"@type\":\"ListItem\",\"position\":3,\"name\":\"Placa de Desarrollo ESP-32 con Wi-fi\"}]},{\"@type\":\"WebSite\",\"@id\":\"https:\/\/indtesa-electronica.com\/#website\",\"url\":\"https:\/\/indtesa-electronica.com\/\",\"name\":\"Electronica - IndTESA\",\"description\":\"\",\"publisher\":{\"@id\":\"https:\/\/indtesa-electronica.com\/#organization\"},\"potentialAction\":[{\"@type\":\"SearchAction\",\"target\":{\"@type\":\"EntryPoint\",\"urlTemplate\":\"https:\/\/indtesa-electronica.com\/?s={search_term_string}\"},\"query-input\":{\"@type\":\"PropertyValueSpecification\",\"valueRequired\":true,\"valueName\":\"search_term_string\"}}],\"inLanguage\":\"en-US\"},{\"@type\":\"Organization\",\"@id\":\"https:\/\/indtesa-electronica.com\/#organization\",\"name\":\"Industrial TESA S.A.S. de C.V.\",\"url\":\"https:\/\/indtesa-electronica.com\/\",\"logo\":{\"@type\":\"ImageObject\",\"inLanguage\":\"en-US\",\"@id\":\"https:\/\/indtesa-electronica.com\/#\/schema\/logo\/image\/\",\"url\":\"\",\"contentUrl\":\"\",\"caption\":\"Industrial TESA S.A.S. de C.V.\"},\"image\":{\"@id\":\"https:\/\/indtesa-electronica.com\/#\/schema\/logo\/image\/\"}}]}<\/script>\n<!-- \/ Yoast SEO plugin. -->","yoast_head_json":{"title":"Placa de Desarrollo ESP-32 con Wi-fi | IndTESA","robots":{"index":"index","follow":"follow","max-snippet":"max-snippet:-1","max-image-preview":"max-image-preview:large","max-video-preview":"max-video-preview:-1"},"canonical":"https:\/\/indtesa-electronica.com\/en\/tienda-en-linea\/iot\/dispositivos-para-redes\/placa-de-desarrollo-esp-32\/","og_locale":"en_US","og_type":"article","og_title":"Placa de Desarrollo ESP-32 con Wi-fi | IndTESA","og_description":"ESP-32 es una antena integrada y balun RF, amplificador de potencia, amplificadores de bajo ruido, filtros, y m\u00f3dulo de gesti\u00f3n de energ\u00eda. Toda la soluci\u00f3n ocupa la menor cantidad de \u00e1rea de placa de circuito impreso. Esta placa se utiliza con chips Wi-Fi y Bluetooth de modo dual de 2.4 GHz por tecnolog\u00eda de baja potencia TSMC 40nm, Las mejores propiedades de potencia y RF, que son seguras, confiables y escalables para una variedad de aplicaciones.","og_url":"https:\/\/indtesa-electronica.com\/en\/tienda-en-linea\/iot\/dispositivos-para-redes\/placa-de-desarrollo-esp-32\/","og_site_name":"IndTESA","article_modified_time":"2025-02-26T02:22:42+00:00","og_image":[{"width":500,"height":500,"url":"https:\/\/indtesa-electronica.com\/wp-content\/uploads\/2023\/05\/esp_32_1-1.png","type":"image\/png"}],"twitter_card":"summary_large_image","twitter_misc":{"Est. reading time":"1 minute"},"schema":{"@context":"https:\/\/schema.org","@graph":[{"@type":"WebPage","@id":"https:\/\/indtesa-electronica.com\/tienda-en-linea\/iot\/dispositivos-para-redes\/placa-de-desarrollo-esp-32\/","url":"https:\/\/indtesa-electronica.com\/tienda-en-linea\/iot\/dispositivos-para-redes\/placa-de-desarrollo-esp-32\/","name":"Placa de Desarrollo ESP-32 con Wi-fi | IndTESA","isPartOf":{"@id":"https:\/\/indtesa-electronica.com\/#website"},"primaryImageOfPage":{"@id":"https:\/\/indtesa-electronica.com\/tienda-en-linea\/iot\/dispositivos-para-redes\/placa-de-desarrollo-esp-32\/#primaryimage"},"image":{"@id":"https:\/\/indtesa-electronica.com\/tienda-en-linea\/iot\/dispositivos-para-redes\/placa-de-desarrollo-esp-32\/#primaryimage"},"thumbnailUrl":"https:\/\/indtesa-electronica.com\/wp-content\/uploads\/2023\/05\/esp_32_1-1.png","datePublished":"2023-05-23T23:44:00+00:00","dateModified":"2025-02-26T02:22:42+00:00","breadcrumb":{"@id":"https:\/\/indtesa-electronica.com\/tienda-en-linea\/iot\/dispositivos-para-redes\/placa-de-desarrollo-esp-32\/#breadcrumb"},"inLanguage":"en-US","potentialAction":[{"@type":"ReadAction","target":["https:\/\/indtesa-electronica.com\/tienda-en-linea\/iot\/dispositivos-para-redes\/placa-de-desarrollo-esp-32\/"]}]},{"@type":"ImageObject","inLanguage":"en-US","@id":"https:\/\/indtesa-electronica.com\/tienda-en-linea\/iot\/dispositivos-para-redes\/placa-de-desarrollo-esp-32\/#primaryimage","url":"https:\/\/indtesa-electronica.com\/wp-content\/uploads\/2023\/05\/esp_32_1-1.png","contentUrl":"https:\/\/indtesa-electronica.com\/wp-content\/uploads\/2023\/05\/esp_32_1-1.png","width":500,"height":500},{"@type":"BreadcrumbList","@id":"https:\/\/indtesa-electronica.com\/tienda-en-linea\/iot\/dispositivos-para-redes\/placa-de-desarrollo-esp-32\/#breadcrumb","itemListElement":[{"@type":"ListItem","position":1,"name":"Inicio","item":"https:\/\/indtesa-electronica.com\/"},{"@type":"ListItem","position":2,"name":"Tienda en linea","item":"https:\/\/indtesa-electronica.com\/tienda-en-linea\/"},{"@type":"ListItem","position":3,"name":"Placa de Desarrollo ESP-32 con Wi-fi"}]},{"@type":"WebSite","@id":"https:\/\/indtesa-electronica.com\/#website","url":"https:\/\/indtesa-electronica.com\/","name":"Electronica - IndTESA","description":"","publisher":{"@id":"https:\/\/indtesa-electronica.com\/#organization"},"potentialAction":[{"@type":"SearchAction","target":{"@type":"EntryPoint","urlTemplate":"https:\/\/indtesa-electronica.com\/?s={search_term_string}"},"query-input":{"@type":"PropertyValueSpecification","valueRequired":true,"valueName":"search_term_string"}}],"inLanguage":"en-US"},{"@type":"Organization","@id":"https:\/\/indtesa-electronica.com\/#organization","name":"Industrial TESA S.A.S. de C.V.","url":"https:\/\/indtesa-electronica.com\/","logo":{"@type":"ImageObject","inLanguage":"en-US","@id":"https:\/\/indtesa-electronica.com\/#\/schema\/logo\/image\/","url":"","contentUrl":"","caption":"Industrial TESA S.A.S. de C.V."},"image":{"@id":"https:\/\/indtesa-electronica.com\/#\/schema\/logo\/image\/"}}]}},"jetpack_sharing_enabled":true,"tiered_pricing_type":"fixed","tiered_pricing_fixed_rules":[],"tiered_pricing_product_settings":{"layout":"default","base_unit_name":{"singular":null,"plural":null},"default_variation":null},"tiered_pricing_minimum_quantity":null,"tiered_pricing_roles_data":[],"tiered_pricing_percentage_rules":[],"_links":{"self":[{"href":"https:\/\/indtesa-electronica.com\/en\/wp-json\/wp\/v2\/product\/2154","targetHints":{"allow":["GET"]}}],"collection":[{"href":"https:\/\/indtesa-electronica.com\/en\/wp-json\/wp\/v2\/product"}],"about":[{"href":"https:\/\/indtesa-electronica.com\/en\/wp-json\/wp\/v2\/types\/product"}],"wp:featuredmedia":[{"embeddable":true,"href":"https:\/\/indtesa-electronica.com\/en\/wp-json\/wp\/v2\/media\/2864"}],"wp:attachment":[{"href":"https:\/\/indtesa-electronica.com\/en\/wp-json\/wp\/v2\/media?parent=2154"}],"wp:term":[{"taxonomy":"product_brand","embeddable":true,"href":"https:\/\/indtesa-electronica.com\/en\/wp-json\/wp\/v2\/product_brand?post=2154"},{"taxonomy":"product_cat","embeddable":true,"href":"https:\/\/indtesa-electronica.com\/en\/wp-json\/wp\/v2\/product_cat?post=2154"},{"taxonomy":"product_tag","embeddable":true,"href":"https:\/\/indtesa-electronica.com\/en\/wp-json\/wp\/v2\/product_tag?post=2154"}],"curies":[{"name":"wp","href":"https:\/\/api.w.org\/{rel}","templated":true}]}}