{"id":7483,"date":"2023-05-23T23:39:03","date_gmt":"2023-05-23T23:39:03","guid":{"rendered":"https:\/\/indtesa-electronica.com\/?post_type=product&#038;p=2147"},"modified":"2025-03-08T00:50:24","modified_gmt":"2025-03-08T00:50:24","slug":"conversor-corriente-a-voltaje-2","status":"publish","type":"product","link":"https:\/\/indtesa-electronica.com\/en\/tienda-en-linea\/proyectos-de-electronica\/placas-de-desarrollo\/conversor-corriente-a-voltaje-2\/","title":{"rendered":"Convertidor de Se\u00f1al de Corriente 4-20mA a Voltaje 2.5v\/3.3v\/5v\/10v"},"content":{"rendered":"<p>Temperatura de funcionamiento: -20 -85\u2103<br \/>Rango de convesi\u00f3n: 0\/4 &#8211; 20mA a 0 &#8211; 10V<br \/>Dimensiones: 42mm x 25.20mm<\/p>\r\n<p>Instrucci\u00f3n:<br \/>1. El m\u00f3dulo se conecta de acuerdo con la definici\u00f3n, el voltaje de suministro es de 7-36V (si la salida es A 10V, el voltaje de suministro debe ser superior a 12V)<br \/>2. Despu\u00e9s de encenderla, la luz D2 debe estar brillante, de lo contrario, verifique la conexi\u00f3n de la l\u00ednea. PCB con protecci\u00f3n de conexi\u00f3n inversa.<br \/>3. Cuando la entrada de corriente es m\u00ednima (0mA o 4mA), ajuste el potenci\u00f3metro a CERO, de modo que la salida de VOUT sea m\u00ednima (0,0 V u otro voltaje)<br \/>4. Cuando la entrada de corriente es el m\u00e1ximo (20mA), ajuste el potenci\u00f3metro SPAN, de modo que la salida VOUT sea el valor m\u00e1ximo (3,3 V o 5V o 10V, cuando la entrada es de 4-20mA, la salida m\u00ednima puede ser de 2,5 V).<br \/>Seg\u00fan sus necesidades, seleccione el rango correspondiente via los puentes<br \/>A) Pin 1 y 2 en corto, pin 3 y 4 abiertos con 20mA: 10V<br \/>B) Pin 1 y 2 abiertos, pin 3 y 4 en corto con 20mA: 2.5V<br \/>C) Pin 1 y 2 en corto, pin 3 y 4 en corto con 20mA: 5V<br \/>D) Pin 1 y 2 abiertos, pin 3 y 4 abiertos con 20mA: 3.3V<\/p>\r\n\r\n\r\n\r\n<figure class=\"wp-block-image size-full\"><img loading=\"lazy\" decoding=\"async\" width=\"997\" height=\"719\" class=\"wp-image-7972\" src=\"https:\/\/indtesa-electronica.com\/wp-content\/uploads\/2023\/07\/conversor_1.png\" alt=\"\" srcset=\"https:\/\/indtesa-electronica.com\/wp-content\/uploads\/2023\/07\/conversor_1.png 997w, https:\/\/indtesa-electronica.com\/wp-content\/uploads\/2023\/07\/conversor_1-500x361.png 500w, https:\/\/indtesa-electronica.com\/wp-content\/uploads\/2023\/07\/conversor_1-300x216.png 300w, https:\/\/indtesa-electronica.com\/wp-content\/uploads\/2023\/07\/conversor_1-768x554.png 768w, https:\/\/indtesa-electronica.com\/wp-content\/uploads\/2023\/07\/conversor_1-990x714.png 990w, https:\/\/indtesa-electronica.com\/wp-content\/uploads\/2023\/07\/conversor_1-441x318.png 441w\" sizes=\"auto, (max-width: 997px) 100vw, 997px\" \/><\/figure>","protected":false},"excerpt":{"rendered":"<p>El m\u00f3dulo se utiliza para el final de la transmisi\u00f3n de la se\u00f1al de corriente, la se\u00f1al se convierte en se\u00f1al de voltaje para la detecci\u00f3n de SCM. La entrada de corriente permite 4-20mA y 0-20mA, y la salida de voltaje permite 0-3.3 V 0-5V 0-10V. El rango de voltaje de la fuente de alimentaci\u00f3n es amplio y el voltaje de salida admite m\u00faltiples rangos. Alta estabilidad, buena linealidad, grado industrial; La resistencia de muestreo de la se\u00f1al de corriente adopta una resistencia de anillo de color de alta precisi\u00f3n, que tiene alta precisi\u00f3n, peque\u00f1a deriva de temperatura y alta potencia<\/p>","protected":false},"featured_media":2855,"template":"","meta":{"_gspb_post_css":""},"product_brand":[],"product_cat":[128],"product_tag":[],"class_list":{"0":"post-7483","1":"product","2":"type-product","3":"status-publish","4":"has-post-thumbnail","6":"product_cat-placas-de-desarrollo","8":"first","9":"instock","10":"taxable","11":"shipping-taxable","12":"purchasable","13":"product-type-simple"},"ct_brands":[],"yoast_head":"<!-- This site is optimized with the Yoast SEO plugin v27.1.1 - https:\/\/yoast.com\/product\/yoast-seo-wordpress\/ -->\n<title>Convertidor de Se\u00f1al de Corriente 4-20mA a Voltaje 2.5v\/3.3v\/5v\/10v | IndTESA<\/title>\n<meta name=\"robots\" content=\"index, follow, max-snippet:-1, max-image-preview:large, max-video-preview:-1\" \/>\n<link rel=\"canonical\" href=\"https:\/\/indtesa-electronica.com\/en\/tienda-en-linea\/proyectos-de-electronica\/placas-de-desarrollo\/conversor-corriente-a-voltaje-2\/\" \/>\n<meta property=\"og:locale\" content=\"en_US\" \/>\n<meta property=\"og:type\" content=\"article\" \/>\n<meta property=\"og:title\" content=\"Convertidor de Se\u00f1al de Corriente 4-20mA a Voltaje 2.5v\/3.3v\/5v\/10v | IndTESA\" \/>\n<meta property=\"og:description\" content=\"El m\u00f3dulo se utiliza para el final de la transmisi\u00f3n de la se\u00f1al de corriente, la se\u00f1al se convierte en se\u00f1al de voltaje para la detecci\u00f3n de SCM. La entrada de corriente permite 4-20mA y 0-20mA, y la salida de voltaje permite 0-3.3 V 0-5V 0-10V. El rango de voltaje de la fuente de alimentaci\u00f3n es amplio y el voltaje de salida admite m\u00faltiples rangos. Alta estabilidad, buena linealidad, grado industrial; La resistencia de muestreo de la se\u00f1al de corriente adopta una resistencia de anillo de color de alta precisi\u00f3n, que tiene alta precisi\u00f3n, peque\u00f1a deriva de temperatura y alta potencia\" \/>\n<meta property=\"og:url\" content=\"https:\/\/indtesa-electronica.com\/en\/tienda-en-linea\/proyectos-de-electronica\/placas-de-desarrollo\/conversor-corriente-a-voltaje-2\/\" \/>\n<meta property=\"og:site_name\" content=\"IndTESA\" \/>\n<meta property=\"article:modified_time\" content=\"2025-03-08T00:50:24+00:00\" \/>\n<meta property=\"og:image\" content=\"https:\/\/indtesa-electronica.com\/wp-content\/uploads\/2023\/05\/conversor_2-1.png\" \/>\n\t<meta property=\"og:image:width\" content=\"500\" \/>\n\t<meta property=\"og:image:height\" content=\"500\" \/>\n\t<meta property=\"og:image:type\" content=\"image\/png\" \/>\n<meta name=\"twitter:card\" content=\"summary_large_image\" \/>\n<meta name=\"twitter:label1\" content=\"Est. reading time\" \/>\n\t<meta name=\"twitter:data1\" content=\"2 minutes\" \/>\n<script type=\"application\/ld+json\" class=\"yoast-schema-graph\">{\"@context\":\"https:\/\/schema.org\",\"@graph\":[{\"@type\":\"WebPage\",\"@id\":\"https:\/\/indtesa-electronica.com\/tienda-en-linea\/proyectos-de-electronica\/placas-de-desarrollo\/conversor-corriente-a-voltaje-2\/\",\"url\":\"https:\/\/indtesa-electronica.com\/tienda-en-linea\/proyectos-de-electronica\/placas-de-desarrollo\/conversor-corriente-a-voltaje-2\/\",\"name\":\"Convertidor de Se\u00f1al de Corriente 4-20mA a Voltaje 2.5v\/3.3v\/5v\/10v | IndTESA\",\"isPartOf\":{\"@id\":\"https:\/\/indtesa-electronica.com\/#website\"},\"primaryImageOfPage\":{\"@id\":\"https:\/\/indtesa-electronica.com\/tienda-en-linea\/proyectos-de-electronica\/placas-de-desarrollo\/conversor-corriente-a-voltaje-2\/#primaryimage\"},\"image\":{\"@id\":\"https:\/\/indtesa-electronica.com\/tienda-en-linea\/proyectos-de-electronica\/placas-de-desarrollo\/conversor-corriente-a-voltaje-2\/#primaryimage\"},\"thumbnailUrl\":\"https:\/\/indtesa-electronica.com\/wp-content\/uploads\/2023\/05\/conversor_2-1.png\",\"datePublished\":\"2023-05-23T23:39:03+00:00\",\"dateModified\":\"2025-03-08T00:50:24+00:00\",\"breadcrumb\":{\"@id\":\"https:\/\/indtesa-electronica.com\/tienda-en-linea\/proyectos-de-electronica\/placas-de-desarrollo\/conversor-corriente-a-voltaje-2\/#breadcrumb\"},\"inLanguage\":\"en-US\",\"potentialAction\":[{\"@type\":\"ReadAction\",\"target\":[\"https:\/\/indtesa-electronica.com\/tienda-en-linea\/proyectos-de-electronica\/placas-de-desarrollo\/conversor-corriente-a-voltaje-2\/\"]}]},{\"@type\":\"ImageObject\",\"inLanguage\":\"en-US\",\"@id\":\"https:\/\/indtesa-electronica.com\/tienda-en-linea\/proyectos-de-electronica\/placas-de-desarrollo\/conversor-corriente-a-voltaje-2\/#primaryimage\",\"url\":\"https:\/\/indtesa-electronica.com\/wp-content\/uploads\/2023\/05\/conversor_2-1.png\",\"contentUrl\":\"https:\/\/indtesa-electronica.com\/wp-content\/uploads\/2023\/05\/conversor_2-1.png\",\"width\":500,\"height\":500},{\"@type\":\"BreadcrumbList\",\"@id\":\"https:\/\/indtesa-electronica.com\/tienda-en-linea\/proyectos-de-electronica\/placas-de-desarrollo\/conversor-corriente-a-voltaje-2\/#breadcrumb\",\"itemListElement\":[{\"@type\":\"ListItem\",\"position\":1,\"name\":\"Inicio\",\"item\":\"https:\/\/indtesa-electronica.com\/\"},{\"@type\":\"ListItem\",\"position\":2,\"name\":\"Tienda en linea\",\"item\":\"https:\/\/indtesa-electronica.com\/tienda-en-linea\/\"},{\"@type\":\"ListItem\",\"position\":3,\"name\":\"Convertidor de Se\u00f1al de Corriente 4-20mA a Voltaje 2.5v\/3.3v\/5v\/10v\"}]},{\"@type\":\"WebSite\",\"@id\":\"https:\/\/indtesa-electronica.com\/#website\",\"url\":\"https:\/\/indtesa-electronica.com\/\",\"name\":\"Electronica - IndTESA\",\"description\":\"\",\"publisher\":{\"@id\":\"https:\/\/indtesa-electronica.com\/#organization\"},\"potentialAction\":[{\"@type\":\"SearchAction\",\"target\":{\"@type\":\"EntryPoint\",\"urlTemplate\":\"https:\/\/indtesa-electronica.com\/?s={search_term_string}\"},\"query-input\":{\"@type\":\"PropertyValueSpecification\",\"valueRequired\":true,\"valueName\":\"search_term_string\"}}],\"inLanguage\":\"en-US\"},{\"@type\":\"Organization\",\"@id\":\"https:\/\/indtesa-electronica.com\/#organization\",\"name\":\"Industrial TESA S.A.S. de C.V.\",\"url\":\"https:\/\/indtesa-electronica.com\/\",\"logo\":{\"@type\":\"ImageObject\",\"inLanguage\":\"en-US\",\"@id\":\"https:\/\/indtesa-electronica.com\/#\/schema\/logo\/image\/\",\"url\":\"\",\"contentUrl\":\"\",\"caption\":\"Industrial TESA S.A.S. de C.V.\"},\"image\":{\"@id\":\"https:\/\/indtesa-electronica.com\/#\/schema\/logo\/image\/\"}}]}<\/script>\n<!-- \/ Yoast SEO plugin. -->","yoast_head_json":{"title":"Convertidor de Se\u00f1al de Corriente 4-20mA a Voltaje 2.5v\/3.3v\/5v\/10v | IndTESA","robots":{"index":"index","follow":"follow","max-snippet":"max-snippet:-1","max-image-preview":"max-image-preview:large","max-video-preview":"max-video-preview:-1"},"canonical":"https:\/\/indtesa-electronica.com\/en\/tienda-en-linea\/proyectos-de-electronica\/placas-de-desarrollo\/conversor-corriente-a-voltaje-2\/","og_locale":"en_US","og_type":"article","og_title":"Convertidor de Se\u00f1al de Corriente 4-20mA a Voltaje 2.5v\/3.3v\/5v\/10v | IndTESA","og_description":"El m\u00f3dulo se utiliza para el final de la transmisi\u00f3n de la se\u00f1al de corriente, la se\u00f1al se convierte en se\u00f1al de voltaje para la detecci\u00f3n de SCM. La entrada de corriente permite 4-20mA y 0-20mA, y la salida de voltaje permite 0-3.3 V 0-5V 0-10V. El rango de voltaje de la fuente de alimentaci\u00f3n es amplio y el voltaje de salida admite m\u00faltiples rangos. Alta estabilidad, buena linealidad, grado industrial; La resistencia de muestreo de la se\u00f1al de corriente adopta una resistencia de anillo de color de alta precisi\u00f3n, que tiene alta precisi\u00f3n, peque\u00f1a deriva de temperatura y alta potencia","og_url":"https:\/\/indtesa-electronica.com\/en\/tienda-en-linea\/proyectos-de-electronica\/placas-de-desarrollo\/conversor-corriente-a-voltaje-2\/","og_site_name":"IndTESA","article_modified_time":"2025-03-08T00:50:24+00:00","og_image":[{"width":500,"height":500,"url":"https:\/\/indtesa-electronica.com\/wp-content\/uploads\/2023\/05\/conversor_2-1.png","type":"image\/png"}],"twitter_card":"summary_large_image","twitter_misc":{"Est. reading time":"2 minutes"},"schema":{"@context":"https:\/\/schema.org","@graph":[{"@type":"WebPage","@id":"https:\/\/indtesa-electronica.com\/tienda-en-linea\/proyectos-de-electronica\/placas-de-desarrollo\/conversor-corriente-a-voltaje-2\/","url":"https:\/\/indtesa-electronica.com\/tienda-en-linea\/proyectos-de-electronica\/placas-de-desarrollo\/conversor-corriente-a-voltaje-2\/","name":"Convertidor de Se\u00f1al de Corriente 4-20mA a Voltaje 2.5v\/3.3v\/5v\/10v | IndTESA","isPartOf":{"@id":"https:\/\/indtesa-electronica.com\/#website"},"primaryImageOfPage":{"@id":"https:\/\/indtesa-electronica.com\/tienda-en-linea\/proyectos-de-electronica\/placas-de-desarrollo\/conversor-corriente-a-voltaje-2\/#primaryimage"},"image":{"@id":"https:\/\/indtesa-electronica.com\/tienda-en-linea\/proyectos-de-electronica\/placas-de-desarrollo\/conversor-corriente-a-voltaje-2\/#primaryimage"},"thumbnailUrl":"https:\/\/indtesa-electronica.com\/wp-content\/uploads\/2023\/05\/conversor_2-1.png","datePublished":"2023-05-23T23:39:03+00:00","dateModified":"2025-03-08T00:50:24+00:00","breadcrumb":{"@id":"https:\/\/indtesa-electronica.com\/tienda-en-linea\/proyectos-de-electronica\/placas-de-desarrollo\/conversor-corriente-a-voltaje-2\/#breadcrumb"},"inLanguage":"en-US","potentialAction":[{"@type":"ReadAction","target":["https:\/\/indtesa-electronica.com\/tienda-en-linea\/proyectos-de-electronica\/placas-de-desarrollo\/conversor-corriente-a-voltaje-2\/"]}]},{"@type":"ImageObject","inLanguage":"en-US","@id":"https:\/\/indtesa-electronica.com\/tienda-en-linea\/proyectos-de-electronica\/placas-de-desarrollo\/conversor-corriente-a-voltaje-2\/#primaryimage","url":"https:\/\/indtesa-electronica.com\/wp-content\/uploads\/2023\/05\/conversor_2-1.png","contentUrl":"https:\/\/indtesa-electronica.com\/wp-content\/uploads\/2023\/05\/conversor_2-1.png","width":500,"height":500},{"@type":"BreadcrumbList","@id":"https:\/\/indtesa-electronica.com\/tienda-en-linea\/proyectos-de-electronica\/placas-de-desarrollo\/conversor-corriente-a-voltaje-2\/#breadcrumb","itemListElement":[{"@type":"ListItem","position":1,"name":"Inicio","item":"https:\/\/indtesa-electronica.com\/"},{"@type":"ListItem","position":2,"name":"Tienda en linea","item":"https:\/\/indtesa-electronica.com\/tienda-en-linea\/"},{"@type":"ListItem","position":3,"name":"Convertidor de Se\u00f1al de Corriente 4-20mA a Voltaje 2.5v\/3.3v\/5v\/10v"}]},{"@type":"WebSite","@id":"https:\/\/indtesa-electronica.com\/#website","url":"https:\/\/indtesa-electronica.com\/","name":"Electronica - IndTESA","description":"","publisher":{"@id":"https:\/\/indtesa-electronica.com\/#organization"},"potentialAction":[{"@type":"SearchAction","target":{"@type":"EntryPoint","urlTemplate":"https:\/\/indtesa-electronica.com\/?s={search_term_string}"},"query-input":{"@type":"PropertyValueSpecification","valueRequired":true,"valueName":"search_term_string"}}],"inLanguage":"en-US"},{"@type":"Organization","@id":"https:\/\/indtesa-electronica.com\/#organization","name":"Industrial TESA S.A.S. de C.V.","url":"https:\/\/indtesa-electronica.com\/","logo":{"@type":"ImageObject","inLanguage":"en-US","@id":"https:\/\/indtesa-electronica.com\/#\/schema\/logo\/image\/","url":"","contentUrl":"","caption":"Industrial TESA S.A.S. de C.V."},"image":{"@id":"https:\/\/indtesa-electronica.com\/#\/schema\/logo\/image\/"}}]}},"jetpack_sharing_enabled":true,"tiered_pricing_type":"fixed","tiered_pricing_fixed_rules":[],"tiered_pricing_product_settings":{"layout":"default","base_unit_name":{"singular":null,"plural":null},"default_variation":null},"tiered_pricing_minimum_quantity":null,"tiered_pricing_roles_data":[],"tiered_pricing_percentage_rules":[],"_links":{"self":[{"href":"https:\/\/indtesa-electronica.com\/en\/wp-json\/wp\/v2\/product\/7483","targetHints":{"allow":["GET"]}}],"collection":[{"href":"https:\/\/indtesa-electronica.com\/en\/wp-json\/wp\/v2\/product"}],"about":[{"href":"https:\/\/indtesa-electronica.com\/en\/wp-json\/wp\/v2\/types\/product"}],"wp:featuredmedia":[{"embeddable":true,"href":"https:\/\/indtesa-electronica.com\/en\/wp-json\/wp\/v2\/media\/2855"}],"wp:attachment":[{"href":"https:\/\/indtesa-electronica.com\/en\/wp-json\/wp\/v2\/media?parent=7483"}],"wp:term":[{"taxonomy":"product_brand","embeddable":true,"href":"https:\/\/indtesa-electronica.com\/en\/wp-json\/wp\/v2\/product_brand?post=7483"},{"taxonomy":"product_cat","embeddable":true,"href":"https:\/\/indtesa-electronica.com\/en\/wp-json\/wp\/v2\/product_cat?post=7483"},{"taxonomy":"product_tag","embeddable":true,"href":"https:\/\/indtesa-electronica.com\/en\/wp-json\/wp\/v2\/product_tag?post=7483"}],"curies":[{"name":"wp","href":"https:\/\/api.w.org\/{rel}","templated":true}]}}