{"id":8609,"date":"2023-08-14T22:35:19","date_gmt":"2023-08-14T22:35:19","guid":{"rendered":"https:\/\/indtesa-electronica.com\/?post_type=product&#038;p=8609"},"modified":"2025-03-08T00:39:40","modified_gmt":"2025-03-08T00:39:40","slug":"modulo-inalambrico-wi-fi-esp-01s","status":"publish","type":"product","link":"https:\/\/indtesa-electronica.com\/en\/tienda-en-linea\/iot\/dispositivos-para-redes\/modulo-inalambrico-wi-fi-esp-01s\/","title":{"rendered":"Modulo Inal\u00e1mbrico Wi-Fi ESP-01S"},"content":{"rendered":"<p>Est\u00e1ndar inal\u00e1mbrico: 802.11b\/G\/n<br \/>\nRango de frecuencia: 2,4 GHz-2,5 GHz(2400M-2483,5 M)<br \/>\nInterfaz de datos: UART\/HSPI\/I2C\/I2S\/Control remoto Ir\/GPIO\/PWM<br \/>\nVoltaje de funcionamiento: V 3,0-3,6 (recomendamos 3,3 V)<br \/>\nCorriente de funcionamiento: 80mA<br \/>\nTemperatura de funcionamiento:-40 ~ 125 \u00b0<br \/>\nModo de red inal\u00e1mbrica: estaci\u00f3n\/softAP\/SoftAP +<br \/>\nModo de seguridad: WPA\/WPA2<br \/>\nTipo de cifrado: WEP\/TKIP\/AES<br \/>\nProtocolo de red: IPV4,TCP\/UDP\/HTTP\/FTP<\/p>\n<p><img loading=\"lazy\" decoding=\"async\" class=\"alignnone wp-image-8610\" src=\"https:\/\/indtesa-electronica.com\/wp-content\/uploads\/2023\/08\/ESP-01S_6-300x300.png\" alt=\"\" width=\"552\" height=\"552\" srcset=\"https:\/\/indtesa-electronica.com\/wp-content\/uploads\/2023\/08\/ESP-01S_6-300x300.png 300w, https:\/\/indtesa-electronica.com\/wp-content\/uploads\/2023\/08\/ESP-01S_6-100x100.png 100w, https:\/\/indtesa-electronica.com\/wp-content\/uploads\/2023\/08\/ESP-01S_6-150x150.png 150w, https:\/\/indtesa-electronica.com\/wp-content\/uploads\/2023\/08\/ESP-01S_6-12x12.png 12w, https:\/\/indtesa-electronica.com\/wp-content\/uploads\/2023\/08\/ESP-01S_6.png 470w\" sizes=\"auto, (max-width: 552px) 100vw, 552px\" \/><\/p>","protected":false},"excerpt":{"rendered":"<p>PCB con conexi\u00f3n via wifi compatible con ESP8266<\/p>","protected":false},"featured_media":8611,"template":"","meta":{"_gspb_post_css":""},"product_brand":[],"product_cat":[384,128],"product_tag":[],"class_list":{"0":"post-8609","1":"product","2":"type-product","3":"status-publish","4":"has-post-thumbnail","6":"product_cat-dispositivos-para-redes","7":"product_cat-placas-de-desarrollo","9":"first","10":"instock","11":"taxable","12":"shipping-taxable","13":"purchasable","14":"product-type-simple"},"ct_brands":[],"yoast_head":"<!-- This site is optimized with the Yoast SEO plugin v27.1.1 - https:\/\/yoast.com\/product\/yoast-seo-wordpress\/ -->\n<title>Modulo Inal\u00e1mbrico Wi-Fi ESP-01S | IndTESA<\/title>\n<meta name=\"robots\" content=\"index, follow, max-snippet:-1, max-image-preview:large, max-video-preview:-1\" \/>\n<link rel=\"canonical\" href=\"https:\/\/indtesa-electronica.com\/en\/tienda-en-linea\/iot\/dispositivos-para-redes\/modulo-inalambrico-wi-fi-esp-01s\/\" \/>\n<meta property=\"og:locale\" content=\"en_US\" \/>\n<meta property=\"og:type\" content=\"article\" \/>\n<meta property=\"og:title\" content=\"Modulo Inal\u00e1mbrico Wi-Fi ESP-01S | IndTESA\" \/>\n<meta property=\"og:description\" content=\"PCB con conexi\u00f3n via wifi compatible con ESP8266\" \/>\n<meta property=\"og:url\" content=\"https:\/\/indtesa-electronica.com\/en\/tienda-en-linea\/iot\/dispositivos-para-redes\/modulo-inalambrico-wi-fi-esp-01s\/\" \/>\n<meta property=\"og:site_name\" content=\"IndTESA\" \/>\n<meta property=\"article:modified_time\" content=\"2025-03-08T00:39:40+00:00\" \/>\n<meta property=\"og:image\" content=\"https:\/\/indtesa-electronica.com\/wp-content\/uploads\/2023\/08\/ESP-01S_4.png\" \/>\n\t<meta property=\"og:image:width\" content=\"400\" \/>\n\t<meta property=\"og:image:height\" content=\"400\" \/>\n\t<meta property=\"og:image:type\" content=\"image\/png\" \/>\n<meta name=\"twitter:card\" content=\"summary_large_image\" \/>\n<meta name=\"twitter:label1\" content=\"Est. reading time\" \/>\n\t<meta name=\"twitter:data1\" content=\"1 minute\" \/>\n<script type=\"application\/ld+json\" class=\"yoast-schema-graph\">{\"@context\":\"https:\/\/schema.org\",\"@graph\":[{\"@type\":\"WebPage\",\"@id\":\"https:\/\/indtesa-electronica.com\/tienda-en-linea\/iot\/dispositivos-para-redes\/modulo-inalambrico-wi-fi-esp-01s\/\",\"url\":\"https:\/\/indtesa-electronica.com\/tienda-en-linea\/iot\/dispositivos-para-redes\/modulo-inalambrico-wi-fi-esp-01s\/\",\"name\":\"Modulo Inal\u00e1mbrico Wi-Fi ESP-01S | IndTESA\",\"isPartOf\":{\"@id\":\"https:\/\/indtesa-electronica.com\/#website\"},\"primaryImageOfPage\":{\"@id\":\"https:\/\/indtesa-electronica.com\/tienda-en-linea\/iot\/dispositivos-para-redes\/modulo-inalambrico-wi-fi-esp-01s\/#primaryimage\"},\"image\":{\"@id\":\"https:\/\/indtesa-electronica.com\/tienda-en-linea\/iot\/dispositivos-para-redes\/modulo-inalambrico-wi-fi-esp-01s\/#primaryimage\"},\"thumbnailUrl\":\"https:\/\/indtesa-electronica.com\/wp-content\/uploads\/2023\/08\/ESP-01S_4.png\",\"datePublished\":\"2023-08-14T22:35:19+00:00\",\"dateModified\":\"2025-03-08T00:39:40+00:00\",\"breadcrumb\":{\"@id\":\"https:\/\/indtesa-electronica.com\/tienda-en-linea\/iot\/dispositivos-para-redes\/modulo-inalambrico-wi-fi-esp-01s\/#breadcrumb\"},\"inLanguage\":\"en-US\",\"potentialAction\":[{\"@type\":\"ReadAction\",\"target\":[\"https:\/\/indtesa-electronica.com\/tienda-en-linea\/iot\/dispositivos-para-redes\/modulo-inalambrico-wi-fi-esp-01s\/\"]}]},{\"@type\":\"ImageObject\",\"inLanguage\":\"en-US\",\"@id\":\"https:\/\/indtesa-electronica.com\/tienda-en-linea\/iot\/dispositivos-para-redes\/modulo-inalambrico-wi-fi-esp-01s\/#primaryimage\",\"url\":\"https:\/\/indtesa-electronica.com\/wp-content\/uploads\/2023\/08\/ESP-01S_4.png\",\"contentUrl\":\"https:\/\/indtesa-electronica.com\/wp-content\/uploads\/2023\/08\/ESP-01S_4.png\",\"width\":400,\"height\":400},{\"@type\":\"BreadcrumbList\",\"@id\":\"https:\/\/indtesa-electronica.com\/tienda-en-linea\/iot\/dispositivos-para-redes\/modulo-inalambrico-wi-fi-esp-01s\/#breadcrumb\",\"itemListElement\":[{\"@type\":\"ListItem\",\"position\":1,\"name\":\"Inicio\",\"item\":\"https:\/\/indtesa-electronica.com\/\"},{\"@type\":\"ListItem\",\"position\":2,\"name\":\"Tienda en linea\",\"item\":\"https:\/\/indtesa-electronica.com\/tienda-en-linea\/\"},{\"@type\":\"ListItem\",\"position\":3,\"name\":\"Modulo Inal\u00e1mbrico Wi-Fi ESP-01S\"}]},{\"@type\":\"WebSite\",\"@id\":\"https:\/\/indtesa-electronica.com\/#website\",\"url\":\"https:\/\/indtesa-electronica.com\/\",\"name\":\"Electronica - IndTESA\",\"description\":\"\",\"publisher\":{\"@id\":\"https:\/\/indtesa-electronica.com\/#organization\"},\"potentialAction\":[{\"@type\":\"SearchAction\",\"target\":{\"@type\":\"EntryPoint\",\"urlTemplate\":\"https:\/\/indtesa-electronica.com\/?s={search_term_string}\"},\"query-input\":{\"@type\":\"PropertyValueSpecification\",\"valueRequired\":true,\"valueName\":\"search_term_string\"}}],\"inLanguage\":\"en-US\"},{\"@type\":\"Organization\",\"@id\":\"https:\/\/indtesa-electronica.com\/#organization\",\"name\":\"Industrial TESA S.A.S. de C.V.\",\"url\":\"https:\/\/indtesa-electronica.com\/\",\"logo\":{\"@type\":\"ImageObject\",\"inLanguage\":\"en-US\",\"@id\":\"https:\/\/indtesa-electronica.com\/#\/schema\/logo\/image\/\",\"url\":\"\",\"contentUrl\":\"\",\"caption\":\"Industrial TESA S.A.S. de C.V.\"},\"image\":{\"@id\":\"https:\/\/indtesa-electronica.com\/#\/schema\/logo\/image\/\"}}]}<\/script>\n<!-- \/ Yoast SEO plugin. -->","yoast_head_json":{"title":"Modulo Inal\u00e1mbrico Wi-Fi ESP-01S | IndTESA","robots":{"index":"index","follow":"follow","max-snippet":"max-snippet:-1","max-image-preview":"max-image-preview:large","max-video-preview":"max-video-preview:-1"},"canonical":"https:\/\/indtesa-electronica.com\/en\/tienda-en-linea\/iot\/dispositivos-para-redes\/modulo-inalambrico-wi-fi-esp-01s\/","og_locale":"en_US","og_type":"article","og_title":"Modulo Inal\u00e1mbrico Wi-Fi ESP-01S | IndTESA","og_description":"PCB con conexi\u00f3n via wifi compatible con ESP8266","og_url":"https:\/\/indtesa-electronica.com\/en\/tienda-en-linea\/iot\/dispositivos-para-redes\/modulo-inalambrico-wi-fi-esp-01s\/","og_site_name":"IndTESA","article_modified_time":"2025-03-08T00:39:40+00:00","og_image":[{"width":400,"height":400,"url":"https:\/\/indtesa-electronica.com\/wp-content\/uploads\/2023\/08\/ESP-01S_4.png","type":"image\/png"}],"twitter_card":"summary_large_image","twitter_misc":{"Est. reading time":"1 minute"},"schema":{"@context":"https:\/\/schema.org","@graph":[{"@type":"WebPage","@id":"https:\/\/indtesa-electronica.com\/tienda-en-linea\/iot\/dispositivos-para-redes\/modulo-inalambrico-wi-fi-esp-01s\/","url":"https:\/\/indtesa-electronica.com\/tienda-en-linea\/iot\/dispositivos-para-redes\/modulo-inalambrico-wi-fi-esp-01s\/","name":"Modulo Inal\u00e1mbrico Wi-Fi ESP-01S | IndTESA","isPartOf":{"@id":"https:\/\/indtesa-electronica.com\/#website"},"primaryImageOfPage":{"@id":"https:\/\/indtesa-electronica.com\/tienda-en-linea\/iot\/dispositivos-para-redes\/modulo-inalambrico-wi-fi-esp-01s\/#primaryimage"},"image":{"@id":"https:\/\/indtesa-electronica.com\/tienda-en-linea\/iot\/dispositivos-para-redes\/modulo-inalambrico-wi-fi-esp-01s\/#primaryimage"},"thumbnailUrl":"https:\/\/indtesa-electronica.com\/wp-content\/uploads\/2023\/08\/ESP-01S_4.png","datePublished":"2023-08-14T22:35:19+00:00","dateModified":"2025-03-08T00:39:40+00:00","breadcrumb":{"@id":"https:\/\/indtesa-electronica.com\/tienda-en-linea\/iot\/dispositivos-para-redes\/modulo-inalambrico-wi-fi-esp-01s\/#breadcrumb"},"inLanguage":"en-US","potentialAction":[{"@type":"ReadAction","target":["https:\/\/indtesa-electronica.com\/tienda-en-linea\/iot\/dispositivos-para-redes\/modulo-inalambrico-wi-fi-esp-01s\/"]}]},{"@type":"ImageObject","inLanguage":"en-US","@id":"https:\/\/indtesa-electronica.com\/tienda-en-linea\/iot\/dispositivos-para-redes\/modulo-inalambrico-wi-fi-esp-01s\/#primaryimage","url":"https:\/\/indtesa-electronica.com\/wp-content\/uploads\/2023\/08\/ESP-01S_4.png","contentUrl":"https:\/\/indtesa-electronica.com\/wp-content\/uploads\/2023\/08\/ESP-01S_4.png","width":400,"height":400},{"@type":"BreadcrumbList","@id":"https:\/\/indtesa-electronica.com\/tienda-en-linea\/iot\/dispositivos-para-redes\/modulo-inalambrico-wi-fi-esp-01s\/#breadcrumb","itemListElement":[{"@type":"ListItem","position":1,"name":"Inicio","item":"https:\/\/indtesa-electronica.com\/"},{"@type":"ListItem","position":2,"name":"Tienda en linea","item":"https:\/\/indtesa-electronica.com\/tienda-en-linea\/"},{"@type":"ListItem","position":3,"name":"Modulo Inal\u00e1mbrico Wi-Fi ESP-01S"}]},{"@type":"WebSite","@id":"https:\/\/indtesa-electronica.com\/#website","url":"https:\/\/indtesa-electronica.com\/","name":"Electronica - IndTESA","description":"","publisher":{"@id":"https:\/\/indtesa-electronica.com\/#organization"},"potentialAction":[{"@type":"SearchAction","target":{"@type":"EntryPoint","urlTemplate":"https:\/\/indtesa-electronica.com\/?s={search_term_string}"},"query-input":{"@type":"PropertyValueSpecification","valueRequired":true,"valueName":"search_term_string"}}],"inLanguage":"en-US"},{"@type":"Organization","@id":"https:\/\/indtesa-electronica.com\/#organization","name":"Industrial TESA S.A.S. de C.V.","url":"https:\/\/indtesa-electronica.com\/","logo":{"@type":"ImageObject","inLanguage":"en-US","@id":"https:\/\/indtesa-electronica.com\/#\/schema\/logo\/image\/","url":"","contentUrl":"","caption":"Industrial TESA S.A.S. de C.V."},"image":{"@id":"https:\/\/indtesa-electronica.com\/#\/schema\/logo\/image\/"}}]}},"jetpack_sharing_enabled":true,"tiered_pricing_type":"fixed","tiered_pricing_fixed_rules":[],"tiered_pricing_product_settings":{"layout":"default","base_unit_name":{"singular":null,"plural":null},"default_variation":null},"tiered_pricing_minimum_quantity":null,"tiered_pricing_roles_data":[],"tiered_pricing_percentage_rules":[],"_links":{"self":[{"href":"https:\/\/indtesa-electronica.com\/en\/wp-json\/wp\/v2\/product\/8609","targetHints":{"allow":["GET"]}}],"collection":[{"href":"https:\/\/indtesa-electronica.com\/en\/wp-json\/wp\/v2\/product"}],"about":[{"href":"https:\/\/indtesa-electronica.com\/en\/wp-json\/wp\/v2\/types\/product"}],"wp:featuredmedia":[{"embeddable":true,"href":"https:\/\/indtesa-electronica.com\/en\/wp-json\/wp\/v2\/media\/8611"}],"wp:attachment":[{"href":"https:\/\/indtesa-electronica.com\/en\/wp-json\/wp\/v2\/media?parent=8609"}],"wp:term":[{"taxonomy":"product_brand","embeddable":true,"href":"https:\/\/indtesa-electronica.com\/en\/wp-json\/wp\/v2\/product_brand?post=8609"},{"taxonomy":"product_cat","embeddable":true,"href":"https:\/\/indtesa-electronica.com\/en\/wp-json\/wp\/v2\/product_cat?post=8609"},{"taxonomy":"product_tag","embeddable":true,"href":"https:\/\/indtesa-electronica.com\/en\/wp-json\/wp\/v2\/product_tag?post=8609"}],"curies":[{"name":"wp","href":"https:\/\/api.w.org\/{rel}","templated":true}]}}