{"id":8758,"date":"2023-08-26T17:22:53","date_gmt":"2023-08-26T17:22:53","guid":{"rendered":"https:\/\/indtesa-electronica.com\/?post_type=product&#038;p=8758"},"modified":"2025-03-08T00:37:28","modified_gmt":"2025-03-08T00:37:28","slug":"modulo-de-comunicacion-rs485-para-raspberry-pi-4-interfaz-spi-de-doble-canal","status":"publish","type":"product","link":"https:\/\/indtesa-electronica.com\/en\/tienda-en-linea\/proyectos-de-electronica\/placas-de-desarrollo\/modulo-de-comunicacion-rs485-para-raspberry-pi-4-interfaz-spi-de-doble-canal\/","title":{"rendered":"M\u00f3dulo de Comunicaci\u00f3n RS485 para Raspberry Pi 4, interfaz SPI de Doble Canal"},"content":{"rendered":"<p>Interfaz de expansi\u00f3n: 2 RS485 + 1 CAN<br \/>\nInterfaz de comunicaci\u00f3n: SPI<br \/>\nControlador CAN: MCP2515<br \/>\nTransceptor CAN: SIT65HVD230DR o SN65HVD23D<br \/>\nVelocidad de comunicaci\u00f3n: 1Mbps<br \/>\nChip de expansi\u00f3n del puerto serie: SC16IS752<br \/>\nTransceptor RS485: SP3485<br \/>\nVelocidad de comunicaci\u00f3n RS485: 300 ~ 921600 bps<br \/>\nModo de fuente de alimentaci\u00f3n: terminal de fuente de alimentaci\u00f3n externa o Raspberry Pi<br \/>\nRango de fuente de alimentaci\u00f3n externa: 8 ~ 28V<br \/>\nVoltaje de funcionamiento: 3,3 V<br \/>\nTama\u00f1o del producto: 65 \u00d7 56,5mm<\/p>","protected":false},"excerpt":{"rendered":"<p>Sirve Para Raspberry Pi 4 PCB de expansi\u00f3n RS485 de doble v\u00eda de comunicaci\u00f3n<br \/>\ninterfaz SPI canal Dual aislado tipo H8WD<\/p>","protected":false},"featured_media":8759,"template":"","meta":{"_gspb_post_css":""},"product_brand":[235],"product_cat":[128],"product_tag":[],"class_list":{"0":"post-8758","1":"product","2":"type-product","3":"status-publish","4":"has-post-thumbnail","6":"product_brand-raspberry-pi","7":"product_cat-placas-de-desarrollo","9":"first","10":"instock","11":"taxable","12":"shipping-taxable","13":"purchasable","14":"product-type-simple"},"ct_brands":[{"id":235,"name":"Raspberry Pi","slug":"raspberry-pi"}],"yoast_head":"<!-- This site is optimized with the Yoast SEO plugin v27.1.1 - https:\/\/yoast.com\/product\/yoast-seo-wordpress\/ -->\n<title>M\u00f3dulo de Comunicaci\u00f3n RS485 para Raspberry Pi 4, interfaz SPI de Doble Canal | IndTESA<\/title>\n<meta name=\"robots\" content=\"index, follow, max-snippet:-1, max-image-preview:large, max-video-preview:-1\" \/>\n<link rel=\"canonical\" href=\"https:\/\/indtesa-electronica.com\/en\/tienda-en-linea\/proyectos-de-electronica\/placas-de-desarrollo\/modulo-de-comunicacion-rs485-para-raspberry-pi-4-interfaz-spi-de-doble-canal\/\" \/>\n<meta property=\"og:locale\" content=\"en_US\" \/>\n<meta property=\"og:type\" content=\"article\" \/>\n<meta property=\"og:title\" content=\"M\u00f3dulo de Comunicaci\u00f3n RS485 para Raspberry Pi 4, interfaz SPI de Doble Canal | IndTESA\" \/>\n<meta property=\"og:description\" content=\"Sirve Para Raspberry Pi 4 PCB de expansi\u00f3n RS485 de doble v\u00eda de comunicaci\u00f3n interfaz SPI canal Dual aislado tipo H8WD\" \/>\n<meta property=\"og:url\" content=\"https:\/\/indtesa-electronica.com\/en\/tienda-en-linea\/proyectos-de-electronica\/placas-de-desarrollo\/modulo-de-comunicacion-rs485-para-raspberry-pi-4-interfaz-spi-de-doble-canal\/\" \/>\n<meta property=\"og:site_name\" content=\"IndTESA\" \/>\n<meta property=\"article:modified_time\" content=\"2025-03-08T00:37:28+00:00\" \/>\n<meta property=\"og:image\" content=\"https:\/\/indtesa-electronica.com\/wp-content\/uploads\/2023\/08\/Modulo-Comunicacion.png\" \/>\n\t<meta property=\"og:image:width\" content=\"340\" \/>\n\t<meta property=\"og:image:height\" content=\"340\" \/>\n\t<meta property=\"og:image:type\" content=\"image\/png\" \/>\n<meta name=\"twitter:card\" content=\"summary_large_image\" \/>\n<meta name=\"twitter:label1\" content=\"Est. reading time\" \/>\n\t<meta name=\"twitter:data1\" content=\"1 minute\" \/>\n<script type=\"application\/ld+json\" class=\"yoast-schema-graph\">{\"@context\":\"https:\/\/schema.org\",\"@graph\":[{\"@type\":\"WebPage\",\"@id\":\"https:\/\/indtesa-electronica.com\/tienda-en-linea\/proyectos-de-electronica\/placas-de-desarrollo\/modulo-de-comunicacion-rs485-para-raspberry-pi-4-interfaz-spi-de-doble-canal\/\",\"url\":\"https:\/\/indtesa-electronica.com\/tienda-en-linea\/proyectos-de-electronica\/placas-de-desarrollo\/modulo-de-comunicacion-rs485-para-raspberry-pi-4-interfaz-spi-de-doble-canal\/\",\"name\":\"M\u00f3dulo de Comunicaci\u00f3n RS485 para Raspberry Pi 4, interfaz SPI de Doble Canal | IndTESA\",\"isPartOf\":{\"@id\":\"https:\/\/indtesa-electronica.com\/#website\"},\"primaryImageOfPage\":{\"@id\":\"https:\/\/indtesa-electronica.com\/tienda-en-linea\/proyectos-de-electronica\/placas-de-desarrollo\/modulo-de-comunicacion-rs485-para-raspberry-pi-4-interfaz-spi-de-doble-canal\/#primaryimage\"},\"image\":{\"@id\":\"https:\/\/indtesa-electronica.com\/tienda-en-linea\/proyectos-de-electronica\/placas-de-desarrollo\/modulo-de-comunicacion-rs485-para-raspberry-pi-4-interfaz-spi-de-doble-canal\/#primaryimage\"},\"thumbnailUrl\":\"https:\/\/indtesa-electronica.com\/wp-content\/uploads\/2023\/08\/Modulo-Comunicacion.png\",\"datePublished\":\"2023-08-26T17:22:53+00:00\",\"dateModified\":\"2025-03-08T00:37:28+00:00\",\"breadcrumb\":{\"@id\":\"https:\/\/indtesa-electronica.com\/tienda-en-linea\/proyectos-de-electronica\/placas-de-desarrollo\/modulo-de-comunicacion-rs485-para-raspberry-pi-4-interfaz-spi-de-doble-canal\/#breadcrumb\"},\"inLanguage\":\"en-US\",\"potentialAction\":[{\"@type\":\"ReadAction\",\"target\":[\"https:\/\/indtesa-electronica.com\/tienda-en-linea\/proyectos-de-electronica\/placas-de-desarrollo\/modulo-de-comunicacion-rs485-para-raspberry-pi-4-interfaz-spi-de-doble-canal\/\"]}]},{\"@type\":\"ImageObject\",\"inLanguage\":\"en-US\",\"@id\":\"https:\/\/indtesa-electronica.com\/tienda-en-linea\/proyectos-de-electronica\/placas-de-desarrollo\/modulo-de-comunicacion-rs485-para-raspberry-pi-4-interfaz-spi-de-doble-canal\/#primaryimage\",\"url\":\"https:\/\/indtesa-electronica.com\/wp-content\/uploads\/2023\/08\/Modulo-Comunicacion.png\",\"contentUrl\":\"https:\/\/indtesa-electronica.com\/wp-content\/uploads\/2023\/08\/Modulo-Comunicacion.png\",\"width\":340,\"height\":340},{\"@type\":\"BreadcrumbList\",\"@id\":\"https:\/\/indtesa-electronica.com\/tienda-en-linea\/proyectos-de-electronica\/placas-de-desarrollo\/modulo-de-comunicacion-rs485-para-raspberry-pi-4-interfaz-spi-de-doble-canal\/#breadcrumb\",\"itemListElement\":[{\"@type\":\"ListItem\",\"position\":1,\"name\":\"Inicio\",\"item\":\"https:\/\/indtesa-electronica.com\/\"},{\"@type\":\"ListItem\",\"position\":2,\"name\":\"Tienda en linea\",\"item\":\"https:\/\/indtesa-electronica.com\/tienda-en-linea\/\"},{\"@type\":\"ListItem\",\"position\":3,\"name\":\"M\u00f3dulo de Comunicaci\u00f3n RS485 para Raspberry Pi 4, interfaz SPI de Doble Canal\"}]},{\"@type\":\"WebSite\",\"@id\":\"https:\/\/indtesa-electronica.com\/#website\",\"url\":\"https:\/\/indtesa-electronica.com\/\",\"name\":\"Electronica - IndTESA\",\"description\":\"\",\"publisher\":{\"@id\":\"https:\/\/indtesa-electronica.com\/#organization\"},\"potentialAction\":[{\"@type\":\"SearchAction\",\"target\":{\"@type\":\"EntryPoint\",\"urlTemplate\":\"https:\/\/indtesa-electronica.com\/?s={search_term_string}\"},\"query-input\":{\"@type\":\"PropertyValueSpecification\",\"valueRequired\":true,\"valueName\":\"search_term_string\"}}],\"inLanguage\":\"en-US\"},{\"@type\":\"Organization\",\"@id\":\"https:\/\/indtesa-electronica.com\/#organization\",\"name\":\"Industrial TESA S.A.S. de C.V.\",\"url\":\"https:\/\/indtesa-electronica.com\/\",\"logo\":{\"@type\":\"ImageObject\",\"inLanguage\":\"en-US\",\"@id\":\"https:\/\/indtesa-electronica.com\/#\/schema\/logo\/image\/\",\"url\":\"\",\"contentUrl\":\"\",\"caption\":\"Industrial TESA S.A.S. de C.V.\"},\"image\":{\"@id\":\"https:\/\/indtesa-electronica.com\/#\/schema\/logo\/image\/\"}}]}<\/script>\n<!-- \/ Yoast SEO plugin. -->","yoast_head_json":{"title":"M\u00f3dulo de Comunicaci\u00f3n RS485 para Raspberry Pi 4, interfaz SPI de Doble Canal | IndTESA","robots":{"index":"index","follow":"follow","max-snippet":"max-snippet:-1","max-image-preview":"max-image-preview:large","max-video-preview":"max-video-preview:-1"},"canonical":"https:\/\/indtesa-electronica.com\/en\/tienda-en-linea\/proyectos-de-electronica\/placas-de-desarrollo\/modulo-de-comunicacion-rs485-para-raspberry-pi-4-interfaz-spi-de-doble-canal\/","og_locale":"en_US","og_type":"article","og_title":"M\u00f3dulo de Comunicaci\u00f3n RS485 para Raspberry Pi 4, interfaz SPI de Doble Canal | IndTESA","og_description":"Sirve Para Raspberry Pi 4 PCB de expansi\u00f3n RS485 de doble v\u00eda de comunicaci\u00f3n interfaz SPI canal Dual aislado tipo H8WD","og_url":"https:\/\/indtesa-electronica.com\/en\/tienda-en-linea\/proyectos-de-electronica\/placas-de-desarrollo\/modulo-de-comunicacion-rs485-para-raspberry-pi-4-interfaz-spi-de-doble-canal\/","og_site_name":"IndTESA","article_modified_time":"2025-03-08T00:37:28+00:00","og_image":[{"width":340,"height":340,"url":"https:\/\/indtesa-electronica.com\/wp-content\/uploads\/2023\/08\/Modulo-Comunicacion.png","type":"image\/png"}],"twitter_card":"summary_large_image","twitter_misc":{"Est. reading time":"1 minute"},"schema":{"@context":"https:\/\/schema.org","@graph":[{"@type":"WebPage","@id":"https:\/\/indtesa-electronica.com\/tienda-en-linea\/proyectos-de-electronica\/placas-de-desarrollo\/modulo-de-comunicacion-rs485-para-raspberry-pi-4-interfaz-spi-de-doble-canal\/","url":"https:\/\/indtesa-electronica.com\/tienda-en-linea\/proyectos-de-electronica\/placas-de-desarrollo\/modulo-de-comunicacion-rs485-para-raspberry-pi-4-interfaz-spi-de-doble-canal\/","name":"M\u00f3dulo de Comunicaci\u00f3n RS485 para Raspberry Pi 4, interfaz SPI de Doble Canal | IndTESA","isPartOf":{"@id":"https:\/\/indtesa-electronica.com\/#website"},"primaryImageOfPage":{"@id":"https:\/\/indtesa-electronica.com\/tienda-en-linea\/proyectos-de-electronica\/placas-de-desarrollo\/modulo-de-comunicacion-rs485-para-raspberry-pi-4-interfaz-spi-de-doble-canal\/#primaryimage"},"image":{"@id":"https:\/\/indtesa-electronica.com\/tienda-en-linea\/proyectos-de-electronica\/placas-de-desarrollo\/modulo-de-comunicacion-rs485-para-raspberry-pi-4-interfaz-spi-de-doble-canal\/#primaryimage"},"thumbnailUrl":"https:\/\/indtesa-electronica.com\/wp-content\/uploads\/2023\/08\/Modulo-Comunicacion.png","datePublished":"2023-08-26T17:22:53+00:00","dateModified":"2025-03-08T00:37:28+00:00","breadcrumb":{"@id":"https:\/\/indtesa-electronica.com\/tienda-en-linea\/proyectos-de-electronica\/placas-de-desarrollo\/modulo-de-comunicacion-rs485-para-raspberry-pi-4-interfaz-spi-de-doble-canal\/#breadcrumb"},"inLanguage":"en-US","potentialAction":[{"@type":"ReadAction","target":["https:\/\/indtesa-electronica.com\/tienda-en-linea\/proyectos-de-electronica\/placas-de-desarrollo\/modulo-de-comunicacion-rs485-para-raspberry-pi-4-interfaz-spi-de-doble-canal\/"]}]},{"@type":"ImageObject","inLanguage":"en-US","@id":"https:\/\/indtesa-electronica.com\/tienda-en-linea\/proyectos-de-electronica\/placas-de-desarrollo\/modulo-de-comunicacion-rs485-para-raspberry-pi-4-interfaz-spi-de-doble-canal\/#primaryimage","url":"https:\/\/indtesa-electronica.com\/wp-content\/uploads\/2023\/08\/Modulo-Comunicacion.png","contentUrl":"https:\/\/indtesa-electronica.com\/wp-content\/uploads\/2023\/08\/Modulo-Comunicacion.png","width":340,"height":340},{"@type":"BreadcrumbList","@id":"https:\/\/indtesa-electronica.com\/tienda-en-linea\/proyectos-de-electronica\/placas-de-desarrollo\/modulo-de-comunicacion-rs485-para-raspberry-pi-4-interfaz-spi-de-doble-canal\/#breadcrumb","itemListElement":[{"@type":"ListItem","position":1,"name":"Inicio","item":"https:\/\/indtesa-electronica.com\/"},{"@type":"ListItem","position":2,"name":"Tienda en linea","item":"https:\/\/indtesa-electronica.com\/tienda-en-linea\/"},{"@type":"ListItem","position":3,"name":"M\u00f3dulo de Comunicaci\u00f3n RS485 para Raspberry Pi 4, interfaz SPI de Doble Canal"}]},{"@type":"WebSite","@id":"https:\/\/indtesa-electronica.com\/#website","url":"https:\/\/indtesa-electronica.com\/","name":"Electronica - IndTESA","description":"","publisher":{"@id":"https:\/\/indtesa-electronica.com\/#organization"},"potentialAction":[{"@type":"SearchAction","target":{"@type":"EntryPoint","urlTemplate":"https:\/\/indtesa-electronica.com\/?s={search_term_string}"},"query-input":{"@type":"PropertyValueSpecification","valueRequired":true,"valueName":"search_term_string"}}],"inLanguage":"en-US"},{"@type":"Organization","@id":"https:\/\/indtesa-electronica.com\/#organization","name":"Industrial TESA S.A.S. de C.V.","url":"https:\/\/indtesa-electronica.com\/","logo":{"@type":"ImageObject","inLanguage":"en-US","@id":"https:\/\/indtesa-electronica.com\/#\/schema\/logo\/image\/","url":"","contentUrl":"","caption":"Industrial TESA S.A.S. de C.V."},"image":{"@id":"https:\/\/indtesa-electronica.com\/#\/schema\/logo\/image\/"}}]}},"jetpack_sharing_enabled":true,"tiered_pricing_type":"fixed","tiered_pricing_fixed_rules":[],"tiered_pricing_product_settings":{"layout":"default","base_unit_name":{"singular":null,"plural":null},"default_variation":null},"tiered_pricing_minimum_quantity":null,"tiered_pricing_roles_data":[],"tiered_pricing_percentage_rules":[],"_links":{"self":[{"href":"https:\/\/indtesa-electronica.com\/en\/wp-json\/wp\/v2\/product\/8758","targetHints":{"allow":["GET"]}}],"collection":[{"href":"https:\/\/indtesa-electronica.com\/en\/wp-json\/wp\/v2\/product"}],"about":[{"href":"https:\/\/indtesa-electronica.com\/en\/wp-json\/wp\/v2\/types\/product"}],"wp:featuredmedia":[{"embeddable":true,"href":"https:\/\/indtesa-electronica.com\/en\/wp-json\/wp\/v2\/media\/8759"}],"wp:attachment":[{"href":"https:\/\/indtesa-electronica.com\/en\/wp-json\/wp\/v2\/media?parent=8758"}],"wp:term":[{"taxonomy":"product_brand","embeddable":true,"href":"https:\/\/indtesa-electronica.com\/en\/wp-json\/wp\/v2\/product_brand?post=8758"},{"taxonomy":"product_cat","embeddable":true,"href":"https:\/\/indtesa-electronica.com\/en\/wp-json\/wp\/v2\/product_cat?post=8758"},{"taxonomy":"product_tag","embeddable":true,"href":"https:\/\/indtesa-electronica.com\/en\/wp-json\/wp\/v2\/product_tag?post=8758"}],"curies":[{"name":"wp","href":"https:\/\/api.w.org\/{rel}","templated":true}]}}