{"id":8773,"date":"2023-08-26T18:58:53","date_gmt":"2023-08-26T18:58:53","guid":{"rendered":"https:\/\/indtesa-electronica.com\/?post_type=product&#038;p=8773"},"modified":"2025-03-29T19:31:04","modified_gmt":"2025-03-29T19:31:04","slug":"convertidor-de-interfaz-usb-a-rs232-485-ttl","status":"publish","type":"product","link":"https:\/\/indtesa-electronica.com\/en\/tienda-en-linea\/herramientas\/control\/convertidor-de-interfaz-usb-a-rs232-485-ttl\/","title":{"rendered":"Convertidor (Interface) USB a Rs-232, Rs-485, TTL (UART)"},"content":{"rendered":"<ul>\n<li>USB a RS232, USB a RS485, USB a TTL (UART)<\/li>\n<li>Modelo FT232RL comunicaci\u00f3n r\u00e1pida, estable y confiable, mejor compatibilidad<\/li>\n<li>TVS integrados (supresor de voltaje transitorio), suprime eficazmente el voltaje de sobretensi\u00f3n y el voltaje de pico transitorio en el circuito, a prueba de rayos y antielectrost\u00e1tico<\/li>\n<li>Fusible diodos de protecci\u00f3n integrado y de autorecuperaci\u00f3n, asegura salidas estables de corriente\/voltaje, proporciona a prueba de sobrecorriente\/sobretensi\u00f3n, mejora la resistencia a los golpes.<\/li>\n<li>Circuito transceptor totalmente autom\u00e1tico sin retraso, asegura que el puerto USB se comunique con diferentes interfaces de forma r\u00e1pida y estable, sin interferencias entre s\u00ed.<\/li>\n<li>Traductor de voltaje TTL serial de 3,3 V\/5V a bordo, configure el nivel TTL a trav\u00e9s del interruptor.<\/li>\n<li>Carcasa de aleaci\u00f3n de aluminio con chorro de arena y oxidaci\u00f3n an\u00f3dica, apertura de proceso CNC, s\u00f3lida y duradera.<\/li>\n<li>3 LED para indicar la potencia y el estado del transceptor.<\/li>\n<li>Conectores RS232 de alta calidad, enchufar\/tirar suavemente.<\/li>\n<\/ul>\n<p>Velocidad: 300-921600bps<br \/>\nPuerto host: USB<br \/>\nPuerto del dispositivo: RS485\/RS232\/TTL<\/p>\n<p><strong>USB: <\/strong><br \/>\nVoltaje de funcionamiento: 5V<br \/>\nConector:<br \/>\nProtecci\u00f3n: fusible de autorecuperaci\u00f3n de 200mA, salida aislada<br \/>\nDistancia de transmisi\u00f3n: ~ 5M<\/p>\n<p><strong>RS485: <\/strong><br \/>\nConector: terminal de tornillo<br \/>\nPines: A +, B-, GND<br \/>\nControl de direcci\u00f3n: control autom\u00e1tico de hardware<br \/>\nProtecci\u00f3n: 600W a prueba de rayos y supresi\u00f3n de sobretensiones, protecci\u00f3n ESD de 15KV (almohadillas de soldadura de resistencia de equilibrio 120R reservadas)<br \/>\nDistancia de transmisi\u00f3n: ~ 1200m<br \/>\nModo de transmisi\u00f3n: punto a multipunto (hasta 32 nodos, se recomienda utilizar repetidores para 16 nodos o m\u00e1s)<\/p>\n<p><strong>RS232: <\/strong><br \/>\nConector: DR9 macho<br \/>\nProtecci\u00f3n: Diodo TVS, protecci\u00f3n contra sobretensiones, protecci\u00f3n ESD<br \/>\nDistancia de transmisi\u00f3n: ~ 15M<br \/>\nModo de transmisi\u00f3n: Punto a Punto<\/p>\n<p><strong>TTL (UART): <\/strong><br \/>\nVoltaje de funcionamiento: 3,3 V\/5V<br \/>\nConector: terminal de tornillo<br \/>\nPines: TXD, RXD, GND<br \/>\nProtecci\u00f3n: diodo de protecci\u00f3n de abrazadera, a prueba de sobretensi\u00f3n\/voltaje negativo, resistencia a los golpes<br \/>\nModo de transmisi\u00f3n: Punto a Punto<\/p>\n<p><strong>Indicadores LED: <\/strong><br \/>\nPWR: indicador rojo de encendido, se ilumina cuando hay conexi\u00f3n USB y se detecta voltaje.<br \/>\nTXD: Indicador TX verde, se ilumina cuando el (3). El Puerto USB env\u00eda datos<br \/>\nRXD: Indicador RX azul, se ilumina cuando los puertos del dispositivo devuelven los datos.<\/p>\n<p><strong>Entorno operativo: <\/strong><br \/>\nTemperatura: -15 \u2103 ~ 70 \u2103<br \/>\nHumedad: 5% RH ~ 95% RH<\/p>\n<p>Sistema operativo: Windows 10\/8,1\/8 \/ 7 \/ XP<\/p>\n<p>Recursos:<\/p>\n<p><a class=\"lm231\" href=\"https:\/\/indtesa-electronica.com\/wp-content\/uploads\/2023\/08\/Manual-de-Usuario.pdf\">Manual de Usuario<\/a><\/p>","protected":false},"excerpt":{"rendered":"<p>Convertidor de Interfaz USB a RS232\/485\/TTL<\/p>","protected":false},"featured_media":8774,"template":"","meta":{"_gspb_post_css":""},"product_brand":[],"product_cat":[138],"product_tag":[],"class_list":{"0":"post-8773","1":"product","2":"type-product","3":"status-publish","4":"has-post-thumbnail","6":"product_cat-control","8":"first","9":"instock","10":"taxable","11":"shipping-taxable","12":"purchasable","13":"product-type-simple"},"ct_brands":[],"yoast_head":"<!-- This site is optimized with the Yoast SEO plugin v27.1.1 - https:\/\/yoast.com\/product\/yoast-seo-wordpress\/ -->\n<title>Convertidor (Interface) USB a Rs-232, Rs-485, TTL (UART) | IndTESA<\/title>\n<meta name=\"robots\" content=\"index, follow, max-snippet:-1, max-image-preview:large, max-video-preview:-1\" \/>\n<link rel=\"canonical\" href=\"https:\/\/indtesa-electronica.com\/en\/tienda-en-linea\/herramientas\/control\/convertidor-de-interfaz-usb-a-rs232-485-ttl\/\" \/>\n<meta property=\"og:locale\" content=\"en_US\" \/>\n<meta property=\"og:type\" content=\"article\" \/>\n<meta property=\"og:title\" content=\"Convertidor (Interface) USB a Rs-232, Rs-485, TTL (UART) | IndTESA\" \/>\n<meta property=\"og:description\" content=\"Convertidor de Interfaz USB a RS232\/485\/TTL\" \/>\n<meta property=\"og:url\" content=\"https:\/\/indtesa-electronica.com\/en\/tienda-en-linea\/herramientas\/control\/convertidor-de-interfaz-usb-a-rs232-485-ttl\/\" \/>\n<meta property=\"og:site_name\" content=\"IndTESA\" \/>\n<meta property=\"article:modified_time\" content=\"2025-03-29T19:31:04+00:00\" \/>\n<meta property=\"og:image\" content=\"https:\/\/indtesa-electronica.com\/wp-content\/uploads\/2023\/08\/Convertidor-de-Interfaz-USB-a-RS232-485-TTL.png\" \/>\n\t<meta property=\"og:image:width\" content=\"430\" \/>\n\t<meta property=\"og:image:height\" content=\"430\" \/>\n\t<meta property=\"og:image:type\" content=\"image\/png\" \/>\n<meta name=\"twitter:card\" content=\"summary_large_image\" \/>\n<meta name=\"twitter:label1\" content=\"Est. reading time\" \/>\n\t<meta name=\"twitter:data1\" content=\"2 minutes\" \/>\n<script type=\"application\/ld+json\" class=\"yoast-schema-graph\">{\"@context\":\"https:\/\/schema.org\",\"@graph\":[{\"@type\":\"WebPage\",\"@id\":\"https:\/\/indtesa-electronica.com\/tienda-en-linea\/herramientas\/control\/convertidor-de-interfaz-usb-a-rs232-485-ttl\/\",\"url\":\"https:\/\/indtesa-electronica.com\/tienda-en-linea\/herramientas\/control\/convertidor-de-interfaz-usb-a-rs232-485-ttl\/\",\"name\":\"Convertidor (Interface) USB a Rs-232, Rs-485, TTL (UART) | IndTESA\",\"isPartOf\":{\"@id\":\"https:\/\/indtesa-electronica.com\/#website\"},\"primaryImageOfPage\":{\"@id\":\"https:\/\/indtesa-electronica.com\/tienda-en-linea\/herramientas\/control\/convertidor-de-interfaz-usb-a-rs232-485-ttl\/#primaryimage\"},\"image\":{\"@id\":\"https:\/\/indtesa-electronica.com\/tienda-en-linea\/herramientas\/control\/convertidor-de-interfaz-usb-a-rs232-485-ttl\/#primaryimage\"},\"thumbnailUrl\":\"https:\/\/indtesa-electronica.com\/wp-content\/uploads\/2023\/08\/Convertidor-de-Interfaz-USB-a-RS232-485-TTL.png\",\"datePublished\":\"2023-08-26T18:58:53+00:00\",\"dateModified\":\"2025-03-29T19:31:04+00:00\",\"breadcrumb\":{\"@id\":\"https:\/\/indtesa-electronica.com\/tienda-en-linea\/herramientas\/control\/convertidor-de-interfaz-usb-a-rs232-485-ttl\/#breadcrumb\"},\"inLanguage\":\"en-US\",\"potentialAction\":[{\"@type\":\"ReadAction\",\"target\":[\"https:\/\/indtesa-electronica.com\/tienda-en-linea\/herramientas\/control\/convertidor-de-interfaz-usb-a-rs232-485-ttl\/\"]}]},{\"@type\":\"ImageObject\",\"inLanguage\":\"en-US\",\"@id\":\"https:\/\/indtesa-electronica.com\/tienda-en-linea\/herramientas\/control\/convertidor-de-interfaz-usb-a-rs232-485-ttl\/#primaryimage\",\"url\":\"https:\/\/indtesa-electronica.com\/wp-content\/uploads\/2023\/08\/Convertidor-de-Interfaz-USB-a-RS232-485-TTL.png\",\"contentUrl\":\"https:\/\/indtesa-electronica.com\/wp-content\/uploads\/2023\/08\/Convertidor-de-Interfaz-USB-a-RS232-485-TTL.png\",\"width\":430,\"height\":430},{\"@type\":\"BreadcrumbList\",\"@id\":\"https:\/\/indtesa-electronica.com\/tienda-en-linea\/herramientas\/control\/convertidor-de-interfaz-usb-a-rs232-485-ttl\/#breadcrumb\",\"itemListElement\":[{\"@type\":\"ListItem\",\"position\":1,\"name\":\"Inicio\",\"item\":\"https:\/\/indtesa-electronica.com\/\"},{\"@type\":\"ListItem\",\"position\":2,\"name\":\"Tienda en linea\",\"item\":\"https:\/\/indtesa-electronica.com\/tienda-en-linea\/\"},{\"@type\":\"ListItem\",\"position\":3,\"name\":\"Convertidor (Interface) USB a Rs-232, Rs-485, TTL (UART)\"}]},{\"@type\":\"WebSite\",\"@id\":\"https:\/\/indtesa-electronica.com\/#website\",\"url\":\"https:\/\/indtesa-electronica.com\/\",\"name\":\"Electronica - IndTESA\",\"description\":\"\",\"publisher\":{\"@id\":\"https:\/\/indtesa-electronica.com\/#organization\"},\"potentialAction\":[{\"@type\":\"SearchAction\",\"target\":{\"@type\":\"EntryPoint\",\"urlTemplate\":\"https:\/\/indtesa-electronica.com\/?s={search_term_string}\"},\"query-input\":{\"@type\":\"PropertyValueSpecification\",\"valueRequired\":true,\"valueName\":\"search_term_string\"}}],\"inLanguage\":\"en-US\"},{\"@type\":\"Organization\",\"@id\":\"https:\/\/indtesa-electronica.com\/#organization\",\"name\":\"Industrial TESA S.A.S. de C.V.\",\"url\":\"https:\/\/indtesa-electronica.com\/\",\"logo\":{\"@type\":\"ImageObject\",\"inLanguage\":\"en-US\",\"@id\":\"https:\/\/indtesa-electronica.com\/#\/schema\/logo\/image\/\",\"url\":\"\",\"contentUrl\":\"\",\"caption\":\"Industrial TESA S.A.S. de C.V.\"},\"image\":{\"@id\":\"https:\/\/indtesa-electronica.com\/#\/schema\/logo\/image\/\"}}]}<\/script>\n<!-- \/ Yoast SEO plugin. -->","yoast_head_json":{"title":"Convertidor (Interface) USB a Rs-232, Rs-485, TTL (UART) | IndTESA","robots":{"index":"index","follow":"follow","max-snippet":"max-snippet:-1","max-image-preview":"max-image-preview:large","max-video-preview":"max-video-preview:-1"},"canonical":"https:\/\/indtesa-electronica.com\/en\/tienda-en-linea\/herramientas\/control\/convertidor-de-interfaz-usb-a-rs232-485-ttl\/","og_locale":"en_US","og_type":"article","og_title":"Convertidor (Interface) USB a Rs-232, Rs-485, TTL (UART) | IndTESA","og_description":"Convertidor de Interfaz USB a RS232\/485\/TTL","og_url":"https:\/\/indtesa-electronica.com\/en\/tienda-en-linea\/herramientas\/control\/convertidor-de-interfaz-usb-a-rs232-485-ttl\/","og_site_name":"IndTESA","article_modified_time":"2025-03-29T19:31:04+00:00","og_image":[{"width":430,"height":430,"url":"https:\/\/indtesa-electronica.com\/wp-content\/uploads\/2023\/08\/Convertidor-de-Interfaz-USB-a-RS232-485-TTL.png","type":"image\/png"}],"twitter_card":"summary_large_image","twitter_misc":{"Est. reading time":"2 minutes"},"schema":{"@context":"https:\/\/schema.org","@graph":[{"@type":"WebPage","@id":"https:\/\/indtesa-electronica.com\/tienda-en-linea\/herramientas\/control\/convertidor-de-interfaz-usb-a-rs232-485-ttl\/","url":"https:\/\/indtesa-electronica.com\/tienda-en-linea\/herramientas\/control\/convertidor-de-interfaz-usb-a-rs232-485-ttl\/","name":"Convertidor (Interface) USB a Rs-232, Rs-485, TTL (UART) | IndTESA","isPartOf":{"@id":"https:\/\/indtesa-electronica.com\/#website"},"primaryImageOfPage":{"@id":"https:\/\/indtesa-electronica.com\/tienda-en-linea\/herramientas\/control\/convertidor-de-interfaz-usb-a-rs232-485-ttl\/#primaryimage"},"image":{"@id":"https:\/\/indtesa-electronica.com\/tienda-en-linea\/herramientas\/control\/convertidor-de-interfaz-usb-a-rs232-485-ttl\/#primaryimage"},"thumbnailUrl":"https:\/\/indtesa-electronica.com\/wp-content\/uploads\/2023\/08\/Convertidor-de-Interfaz-USB-a-RS232-485-TTL.png","datePublished":"2023-08-26T18:58:53+00:00","dateModified":"2025-03-29T19:31:04+00:00","breadcrumb":{"@id":"https:\/\/indtesa-electronica.com\/tienda-en-linea\/herramientas\/control\/convertidor-de-interfaz-usb-a-rs232-485-ttl\/#breadcrumb"},"inLanguage":"en-US","potentialAction":[{"@type":"ReadAction","target":["https:\/\/indtesa-electronica.com\/tienda-en-linea\/herramientas\/control\/convertidor-de-interfaz-usb-a-rs232-485-ttl\/"]}]},{"@type":"ImageObject","inLanguage":"en-US","@id":"https:\/\/indtesa-electronica.com\/tienda-en-linea\/herramientas\/control\/convertidor-de-interfaz-usb-a-rs232-485-ttl\/#primaryimage","url":"https:\/\/indtesa-electronica.com\/wp-content\/uploads\/2023\/08\/Convertidor-de-Interfaz-USB-a-RS232-485-TTL.png","contentUrl":"https:\/\/indtesa-electronica.com\/wp-content\/uploads\/2023\/08\/Convertidor-de-Interfaz-USB-a-RS232-485-TTL.png","width":430,"height":430},{"@type":"BreadcrumbList","@id":"https:\/\/indtesa-electronica.com\/tienda-en-linea\/herramientas\/control\/convertidor-de-interfaz-usb-a-rs232-485-ttl\/#breadcrumb","itemListElement":[{"@type":"ListItem","position":1,"name":"Inicio","item":"https:\/\/indtesa-electronica.com\/"},{"@type":"ListItem","position":2,"name":"Tienda en linea","item":"https:\/\/indtesa-electronica.com\/tienda-en-linea\/"},{"@type":"ListItem","position":3,"name":"Convertidor (Interface) USB a Rs-232, Rs-485, TTL (UART)"}]},{"@type":"WebSite","@id":"https:\/\/indtesa-electronica.com\/#website","url":"https:\/\/indtesa-electronica.com\/","name":"Electronica - IndTESA","description":"","publisher":{"@id":"https:\/\/indtesa-electronica.com\/#organization"},"potentialAction":[{"@type":"SearchAction","target":{"@type":"EntryPoint","urlTemplate":"https:\/\/indtesa-electronica.com\/?s={search_term_string}"},"query-input":{"@type":"PropertyValueSpecification","valueRequired":true,"valueName":"search_term_string"}}],"inLanguage":"en-US"},{"@type":"Organization","@id":"https:\/\/indtesa-electronica.com\/#organization","name":"Industrial TESA S.A.S. de C.V.","url":"https:\/\/indtesa-electronica.com\/","logo":{"@type":"ImageObject","inLanguage":"en-US","@id":"https:\/\/indtesa-electronica.com\/#\/schema\/logo\/image\/","url":"","contentUrl":"","caption":"Industrial TESA S.A.S. de C.V."},"image":{"@id":"https:\/\/indtesa-electronica.com\/#\/schema\/logo\/image\/"}}]}},"jetpack_sharing_enabled":true,"tiered_pricing_type":"fixed","tiered_pricing_fixed_rules":[],"tiered_pricing_product_settings":{"layout":"default","base_unit_name":{"singular":null,"plural":null},"default_variation":null},"tiered_pricing_minimum_quantity":null,"tiered_pricing_roles_data":[],"tiered_pricing_percentage_rules":[],"_links":{"self":[{"href":"https:\/\/indtesa-electronica.com\/en\/wp-json\/wp\/v2\/product\/8773","targetHints":{"allow":["GET"]}}],"collection":[{"href":"https:\/\/indtesa-electronica.com\/en\/wp-json\/wp\/v2\/product"}],"about":[{"href":"https:\/\/indtesa-electronica.com\/en\/wp-json\/wp\/v2\/types\/product"}],"wp:featuredmedia":[{"embeddable":true,"href":"https:\/\/indtesa-electronica.com\/en\/wp-json\/wp\/v2\/media\/8774"}],"wp:attachment":[{"href":"https:\/\/indtesa-electronica.com\/en\/wp-json\/wp\/v2\/media?parent=8773"}],"wp:term":[{"taxonomy":"product_brand","embeddable":true,"href":"https:\/\/indtesa-electronica.com\/en\/wp-json\/wp\/v2\/product_brand?post=8773"},{"taxonomy":"product_cat","embeddable":true,"href":"https:\/\/indtesa-electronica.com\/en\/wp-json\/wp\/v2\/product_cat?post=8773"},{"taxonomy":"product_tag","embeddable":true,"href":"https:\/\/indtesa-electronica.com\/en\/wp-json\/wp\/v2\/product_tag?post=8773"}],"curies":[{"name":"wp","href":"https:\/\/api.w.org\/{rel}","templated":true}]}}