{"id":9051,"date":"2023-11-04T22:00:13","date_gmt":"2023-11-04T22:00:13","guid":{"rendered":"https:\/\/indtesa-electronica.com\/?post_type=product&#038;p=9051"},"modified":"2025-02-26T00:41:02","modified_gmt":"2025-02-26T00:41:02","slug":"sonoff-s31-lite-enchufe-inteligente","status":"publish","type":"product","link":"https:\/\/indtesa-electronica.com\/en\/tienda-en-linea\/iot\/domotica\/sonoff-s31-lite-enchufe-inteligente\/","title":{"rendered":"Sonoff S31 Lite Enchufe Inteligente Zigbee"},"content":{"rendered":"<p>Un nuevo enchufe inteligente de tipo estadounidense, SONOFF S31 Lite ZB entra en el sistema de hogar inteligente Zigbee. Este enchufe inteligente Zigbee es compatible con dispositivos Alexa para lograr un hogar controlado por voz, como ZE39KL Echo Plus, Echo Studio, DW84JL 2nd Gen Echo Show y L9D29R 2nd Gen Echo Plus. Al conectar el concentrador SmartThing al enchufe inteligente, controlar\u00e1 sus dispositivos de forma remota a trav\u00e9s de su tel\u00e9fono inteligente y programar\u00e1 el encendido\/apagado de los dispositivos. La rutina de amanecer y atardecer en la aplicaci\u00f3n Alexa puede ayudar a activar la luz conectada cuando sale el sol y a desactivarla cuando se pone el sol siempre que habilites este modo. F\u00e1cil uso sin ninguna instalaci\u00f3n. R\u00e1pido para emparejar con dispositivos Alexa a trav\u00e9s de su recomendaci\u00f3n de voz.<\/p>","protected":false},"excerpt":{"rendered":"<p>Un nuevo enchufe inteligente de tipo estadounidense, SONOFF S31 Lite ZB entra en el sistema de hogar inteligente Zigbee. Este enchufe inteligente Zigbee es compatible con dispositivos Alexa para lograr un hogar controlado por voz, como ZE39KL Echo Plus, Echo Studio, DW84JL 2nd Gen Echo Show y L9D29R 2nd Gen Echo Plus. Al conectar el [&hellip;]<\/p>\n","protected":false},"featured_media":9052,"template":"","meta":{"_gspb_post_css":""},"product_brand":[233],"product_cat":[111],"product_tag":[],"class_list":{"0":"post-9051","1":"product","2":"type-product","3":"status-publish","4":"has-post-thumbnail","6":"product_brand-sonoff","7":"product_cat-domotica","9":"first","10":"instock","11":"taxable","12":"shipping-taxable","13":"purchasable","14":"product-type-simple"},"ct_brands":[{"id":233,"name":"Sonoff","slug":"sonoff"}],"yoast_head":"<!-- This site is optimized with the Yoast SEO plugin v27.1.1 - https:\/\/yoast.com\/product\/yoast-seo-wordpress\/ -->\n<title>Sonoff S31 Lite Enchufe Inteligente Zigbee | IndTESA<\/title>\n<meta name=\"robots\" content=\"index, follow, max-snippet:-1, max-image-preview:large, max-video-preview:-1\" \/>\n<link rel=\"canonical\" href=\"https:\/\/indtesa-electronica.com\/en\/tienda-en-linea\/iot\/domotica\/sonoff-s31-lite-enchufe-inteligente\/\" \/>\n<meta property=\"og:locale\" content=\"en_US\" \/>\n<meta property=\"og:type\" content=\"article\" \/>\n<meta property=\"og:title\" content=\"Sonoff S31 Lite Enchufe Inteligente Zigbee | IndTESA\" \/>\n<meta property=\"og:description\" content=\"Un nuevo enchufe inteligente de tipo estadounidense, SONOFF S31 Lite ZB entra en el sistema de hogar inteligente Zigbee. Este enchufe inteligente Zigbee es compatible con dispositivos Alexa para lograr un hogar controlado por voz, como ZE39KL Echo Plus, Echo Studio, DW84JL 2nd Gen Echo Show y L9D29R 2nd Gen Echo Plus. Al conectar el [&hellip;]\" \/>\n<meta property=\"og:url\" content=\"https:\/\/indtesa-electronica.com\/en\/tienda-en-linea\/iot\/domotica\/sonoff-s31-lite-enchufe-inteligente\/\" \/>\n<meta property=\"og:site_name\" content=\"IndTESA\" \/>\n<meta property=\"article:modified_time\" content=\"2025-02-26T00:41:02+00:00\" \/>\n<meta property=\"og:image\" content=\"https:\/\/indtesa-electronica.com\/wp-content\/uploads\/2023\/11\/Sonoff-S31-Lite-Enchufe-Inteligente.png\" \/>\n\t<meta property=\"og:image:width\" content=\"360\" \/>\n\t<meta property=\"og:image:height\" content=\"360\" \/>\n\t<meta property=\"og:image:type\" content=\"image\/png\" \/>\n<meta name=\"twitter:card\" content=\"summary_large_image\" \/>\n<meta name=\"twitter:label1\" content=\"Est. reading time\" \/>\n\t<meta name=\"twitter:data1\" content=\"1 minute\" \/>\n<script type=\"application\/ld+json\" class=\"yoast-schema-graph\">{\"@context\":\"https:\/\/schema.org\",\"@graph\":[{\"@type\":\"WebPage\",\"@id\":\"https:\/\/indtesa-electronica.com\/tienda-en-linea\/iot\/domotica\/sonoff-s31-lite-enchufe-inteligente\/\",\"url\":\"https:\/\/indtesa-electronica.com\/tienda-en-linea\/iot\/domotica\/sonoff-s31-lite-enchufe-inteligente\/\",\"name\":\"Sonoff S31 Lite Enchufe Inteligente Zigbee | IndTESA\",\"isPartOf\":{\"@id\":\"https:\/\/indtesa-electronica.com\/#website\"},\"primaryImageOfPage\":{\"@id\":\"https:\/\/indtesa-electronica.com\/tienda-en-linea\/iot\/domotica\/sonoff-s31-lite-enchufe-inteligente\/#primaryimage\"},\"image\":{\"@id\":\"https:\/\/indtesa-electronica.com\/tienda-en-linea\/iot\/domotica\/sonoff-s31-lite-enchufe-inteligente\/#primaryimage\"},\"thumbnailUrl\":\"https:\/\/indtesa-electronica.com\/wp-content\/uploads\/2023\/11\/Sonoff-S31-Lite-Enchufe-Inteligente.png\",\"datePublished\":\"2023-11-04T22:00:13+00:00\",\"dateModified\":\"2025-02-26T00:41:02+00:00\",\"breadcrumb\":{\"@id\":\"https:\/\/indtesa-electronica.com\/tienda-en-linea\/iot\/domotica\/sonoff-s31-lite-enchufe-inteligente\/#breadcrumb\"},\"inLanguage\":\"en-US\",\"potentialAction\":[{\"@type\":\"ReadAction\",\"target\":[\"https:\/\/indtesa-electronica.com\/tienda-en-linea\/iot\/domotica\/sonoff-s31-lite-enchufe-inteligente\/\"]}]},{\"@type\":\"ImageObject\",\"inLanguage\":\"en-US\",\"@id\":\"https:\/\/indtesa-electronica.com\/tienda-en-linea\/iot\/domotica\/sonoff-s31-lite-enchufe-inteligente\/#primaryimage\",\"url\":\"https:\/\/indtesa-electronica.com\/wp-content\/uploads\/2023\/11\/Sonoff-S31-Lite-Enchufe-Inteligente.png\",\"contentUrl\":\"https:\/\/indtesa-electronica.com\/wp-content\/uploads\/2023\/11\/Sonoff-S31-Lite-Enchufe-Inteligente.png\",\"width\":360,\"height\":360},{\"@type\":\"BreadcrumbList\",\"@id\":\"https:\/\/indtesa-electronica.com\/tienda-en-linea\/iot\/domotica\/sonoff-s31-lite-enchufe-inteligente\/#breadcrumb\",\"itemListElement\":[{\"@type\":\"ListItem\",\"position\":1,\"name\":\"Inicio\",\"item\":\"https:\/\/indtesa-electronica.com\/\"},{\"@type\":\"ListItem\",\"position\":2,\"name\":\"Tienda en linea\",\"item\":\"https:\/\/indtesa-electronica.com\/tienda-en-linea\/\"},{\"@type\":\"ListItem\",\"position\":3,\"name\":\"Sonoff S31 Lite Enchufe Inteligente Zigbee\"}]},{\"@type\":\"WebSite\",\"@id\":\"https:\/\/indtesa-electronica.com\/#website\",\"url\":\"https:\/\/indtesa-electronica.com\/\",\"name\":\"Electronica - IndTESA\",\"description\":\"\",\"publisher\":{\"@id\":\"https:\/\/indtesa-electronica.com\/#organization\"},\"potentialAction\":[{\"@type\":\"SearchAction\",\"target\":{\"@type\":\"EntryPoint\",\"urlTemplate\":\"https:\/\/indtesa-electronica.com\/?s={search_term_string}\"},\"query-input\":{\"@type\":\"PropertyValueSpecification\",\"valueRequired\":true,\"valueName\":\"search_term_string\"}}],\"inLanguage\":\"en-US\"},{\"@type\":\"Organization\",\"@id\":\"https:\/\/indtesa-electronica.com\/#organization\",\"name\":\"Industrial TESA S.A.S. de C.V.\",\"url\":\"https:\/\/indtesa-electronica.com\/\",\"logo\":{\"@type\":\"ImageObject\",\"inLanguage\":\"en-US\",\"@id\":\"https:\/\/indtesa-electronica.com\/#\/schema\/logo\/image\/\",\"url\":\"\",\"contentUrl\":\"\",\"caption\":\"Industrial TESA S.A.S. de C.V.\"},\"image\":{\"@id\":\"https:\/\/indtesa-electronica.com\/#\/schema\/logo\/image\/\"}}]}<\/script>\n<!-- \/ Yoast SEO plugin. -->","yoast_head_json":{"title":"Sonoff S31 Lite Enchufe Inteligente Zigbee | IndTESA","robots":{"index":"index","follow":"follow","max-snippet":"max-snippet:-1","max-image-preview":"max-image-preview:large","max-video-preview":"max-video-preview:-1"},"canonical":"https:\/\/indtesa-electronica.com\/en\/tienda-en-linea\/iot\/domotica\/sonoff-s31-lite-enchufe-inteligente\/","og_locale":"en_US","og_type":"article","og_title":"Sonoff S31 Lite Enchufe Inteligente Zigbee | IndTESA","og_description":"Un nuevo enchufe inteligente de tipo estadounidense, SONOFF S31 Lite ZB entra en el sistema de hogar inteligente Zigbee. Este enchufe inteligente Zigbee es compatible con dispositivos Alexa para lograr un hogar controlado por voz, como ZE39KL Echo Plus, Echo Studio, DW84JL 2nd Gen Echo Show y L9D29R 2nd Gen Echo Plus. Al conectar el [&hellip;]","og_url":"https:\/\/indtesa-electronica.com\/en\/tienda-en-linea\/iot\/domotica\/sonoff-s31-lite-enchufe-inteligente\/","og_site_name":"IndTESA","article_modified_time":"2025-02-26T00:41:02+00:00","og_image":[{"width":360,"height":360,"url":"https:\/\/indtesa-electronica.com\/wp-content\/uploads\/2023\/11\/Sonoff-S31-Lite-Enchufe-Inteligente.png","type":"image\/png"}],"twitter_card":"summary_large_image","twitter_misc":{"Est. reading time":"1 minute"},"schema":{"@context":"https:\/\/schema.org","@graph":[{"@type":"WebPage","@id":"https:\/\/indtesa-electronica.com\/tienda-en-linea\/iot\/domotica\/sonoff-s31-lite-enchufe-inteligente\/","url":"https:\/\/indtesa-electronica.com\/tienda-en-linea\/iot\/domotica\/sonoff-s31-lite-enchufe-inteligente\/","name":"Sonoff S31 Lite Enchufe Inteligente Zigbee | IndTESA","isPartOf":{"@id":"https:\/\/indtesa-electronica.com\/#website"},"primaryImageOfPage":{"@id":"https:\/\/indtesa-electronica.com\/tienda-en-linea\/iot\/domotica\/sonoff-s31-lite-enchufe-inteligente\/#primaryimage"},"image":{"@id":"https:\/\/indtesa-electronica.com\/tienda-en-linea\/iot\/domotica\/sonoff-s31-lite-enchufe-inteligente\/#primaryimage"},"thumbnailUrl":"https:\/\/indtesa-electronica.com\/wp-content\/uploads\/2023\/11\/Sonoff-S31-Lite-Enchufe-Inteligente.png","datePublished":"2023-11-04T22:00:13+00:00","dateModified":"2025-02-26T00:41:02+00:00","breadcrumb":{"@id":"https:\/\/indtesa-electronica.com\/tienda-en-linea\/iot\/domotica\/sonoff-s31-lite-enchufe-inteligente\/#breadcrumb"},"inLanguage":"en-US","potentialAction":[{"@type":"ReadAction","target":["https:\/\/indtesa-electronica.com\/tienda-en-linea\/iot\/domotica\/sonoff-s31-lite-enchufe-inteligente\/"]}]},{"@type":"ImageObject","inLanguage":"en-US","@id":"https:\/\/indtesa-electronica.com\/tienda-en-linea\/iot\/domotica\/sonoff-s31-lite-enchufe-inteligente\/#primaryimage","url":"https:\/\/indtesa-electronica.com\/wp-content\/uploads\/2023\/11\/Sonoff-S31-Lite-Enchufe-Inteligente.png","contentUrl":"https:\/\/indtesa-electronica.com\/wp-content\/uploads\/2023\/11\/Sonoff-S31-Lite-Enchufe-Inteligente.png","width":360,"height":360},{"@type":"BreadcrumbList","@id":"https:\/\/indtesa-electronica.com\/tienda-en-linea\/iot\/domotica\/sonoff-s31-lite-enchufe-inteligente\/#breadcrumb","itemListElement":[{"@type":"ListItem","position":1,"name":"Inicio","item":"https:\/\/indtesa-electronica.com\/"},{"@type":"ListItem","position":2,"name":"Tienda en linea","item":"https:\/\/indtesa-electronica.com\/tienda-en-linea\/"},{"@type":"ListItem","position":3,"name":"Sonoff S31 Lite Enchufe Inteligente Zigbee"}]},{"@type":"WebSite","@id":"https:\/\/indtesa-electronica.com\/#website","url":"https:\/\/indtesa-electronica.com\/","name":"Electronica - IndTESA","description":"","publisher":{"@id":"https:\/\/indtesa-electronica.com\/#organization"},"potentialAction":[{"@type":"SearchAction","target":{"@type":"EntryPoint","urlTemplate":"https:\/\/indtesa-electronica.com\/?s={search_term_string}"},"query-input":{"@type":"PropertyValueSpecification","valueRequired":true,"valueName":"search_term_string"}}],"inLanguage":"en-US"},{"@type":"Organization","@id":"https:\/\/indtesa-electronica.com\/#organization","name":"Industrial TESA S.A.S. de C.V.","url":"https:\/\/indtesa-electronica.com\/","logo":{"@type":"ImageObject","inLanguage":"en-US","@id":"https:\/\/indtesa-electronica.com\/#\/schema\/logo\/image\/","url":"","contentUrl":"","caption":"Industrial TESA S.A.S. de C.V."},"image":{"@id":"https:\/\/indtesa-electronica.com\/#\/schema\/logo\/image\/"}}]}},"jetpack_sharing_enabled":true,"tiered_pricing_type":"fixed","tiered_pricing_fixed_rules":[],"tiered_pricing_product_settings":{"layout":"default","base_unit_name":{"singular":null,"plural":null},"default_variation":null},"tiered_pricing_minimum_quantity":null,"tiered_pricing_roles_data":[],"tiered_pricing_percentage_rules":[],"_links":{"self":[{"href":"https:\/\/indtesa-electronica.com\/en\/wp-json\/wp\/v2\/product\/9051","targetHints":{"allow":["GET"]}}],"collection":[{"href":"https:\/\/indtesa-electronica.com\/en\/wp-json\/wp\/v2\/product"}],"about":[{"href":"https:\/\/indtesa-electronica.com\/en\/wp-json\/wp\/v2\/types\/product"}],"wp:featuredmedia":[{"embeddable":true,"href":"https:\/\/indtesa-electronica.com\/en\/wp-json\/wp\/v2\/media\/9052"}],"wp:attachment":[{"href":"https:\/\/indtesa-electronica.com\/en\/wp-json\/wp\/v2\/media?parent=9051"}],"wp:term":[{"taxonomy":"product_brand","embeddable":true,"href":"https:\/\/indtesa-electronica.com\/en\/wp-json\/wp\/v2\/product_brand?post=9051"},{"taxonomy":"product_cat","embeddable":true,"href":"https:\/\/indtesa-electronica.com\/en\/wp-json\/wp\/v2\/product_cat?post=9051"},{"taxonomy":"product_tag","embeddable":true,"href":"https:\/\/indtesa-electronica.com\/en\/wp-json\/wp\/v2\/product_tag?post=9051"}],"curies":[{"name":"wp","href":"https:\/\/api.w.org\/{rel}","templated":true}]}}