{"id":9106,"date":"2023-11-19T18:42:48","date_gmt":"2023-11-19T18:42:48","guid":{"rendered":"https:\/\/indtesa-electronica.com\/?post_type=product&#038;p=9106"},"modified":"2025-03-01T02:25:34","modified_gmt":"2025-03-01T02:25:34","slug":"convertidor-rs485-a-wifi-ethernet-modbus-mqtt","status":"publish","type":"product","link":"https:\/\/indtesa-electronica.com\/en\/tienda-en-linea\/herramientas\/control\/convertidor-rs485-a-wifi-ethernet-modbus-mqtt\/","title":{"rendered":"Convertidor (Interface) Rs-485 a WIFI\/Ethernet Modbus, MQTT Gateway"},"content":{"rendered":"<table>\n<tbody>\n<tr>\n<th style=\"text-align: center; background-color: #f4f4f4;\" colspan=\"2\">ESQUEMA<\/th>\n<\/tr>\n<tr>\n<th>Interfaz de comunicaci\u00f3n<\/th>\n<td>RS485, terminal de tornillo<\/td>\n<\/tr>\n<tr>\n<th>Fuente de alimentaci\u00f3n<\/th>\n<td>5 ~ 36V CC, terminal de tornillo<\/td>\n<\/tr>\n<tr>\n<th>Funda<\/th>\n<td>PC + ABS, grado ign\u00edfugo V0<\/td>\n<\/tr>\n<tr>\n<th>Dimensiones<\/th>\n<td>L \u00d7 W \u00d7 H: 109,66 \u00d7 28 \u00d7 64,71mm<\/td>\n<\/tr>\n<tr>\n<th style=\"text-align: center; background-color: #f4f4f4;\" colspan=\"2\">COMUNICACI\u00d3N<\/th>\n<\/tr>\n<tr>\n<th>Ethernet<\/th>\n<td>Conector RJ45 de auto-negociaci\u00f3n 10 \/ 100M<\/td>\n<\/tr>\n<tr>\n<th>WIFI<\/th>\n<td>Compatible con 802.11b\/G\/n<\/td>\n<\/tr>\n<tr>\n<th>Puerto serie<\/th>\n<td>Interfaz RS485 (antisobretensiones, a prueba de rayos, protecci\u00f3n contra sobrecorriente)<\/td>\n<\/tr>\n<tr>\n<th style=\"text-align: center; background-color: #f4f4f4;\" colspan=\"2\">ESPECIFICACI\u00d3N INAL\u00c1MBRICA<\/th>\n<\/tr>\n<tr>\n<th>Banda de frecuencia<\/th>\n<td>2.412 ~ 2.484 GHz<\/td>\n<\/tr>\n<tr>\n<th>Red inal\u00e1mbrica<\/th>\n<td>Estaci\u00f3n\/AP + modo de estaci\u00f3n<\/td>\n<\/tr>\n<tr>\n<th>Mecanismo de seguridad<\/th>\n<td>WPA-PSK \/ WPA2-PSK<\/td>\n<\/tr>\n<tr>\n<th>Tipo de cifrado<\/th>\n<td>TKIP \/ AES<\/td>\n<\/tr>\n<tr>\n<th>Potencia transmisora<\/th>\n<td>802.11b: + 19dBm (m\u00e1x. @ 11Mbps)<br \/>\n802,11g: + 18dBm (m\u00e1x. @ 54Mbps)<br \/>\n802.11n: + 17dBm (m\u00e1x. @ HT20, MCS7); + 17dBm (m\u00e1x. @ HT40, MCS7)<\/td>\n<\/tr>\n<tr>\n<th>Sensibilidad de recepci\u00f3n<\/th>\n<td>802.11b: dBm-89 (@ 11Mbps)<br \/>\n802,11g: dBm-81 (@ 54Mbps)<br \/>\n802.11n: -73dBm (@ HT20, MCS7); -71dBm (@ HT40, MCS7)<\/td>\n<\/tr>\n<tr>\n<th style=\"text-align: center; background-color: #f4f4f4;\" colspan=\"2\">ESPECIFICACI\u00d3N SERIE<\/th>\n<\/tr>\n<tr>\n<th>Baudrate<\/th>\n<td>300 ~ 460800 BPS<\/td>\n<\/tr>\n<tr>\n<th>Bit de paridad<\/th>\n<td>Ninguno, Impar, Par, marca, espacio<\/td>\n<\/tr>\n<tr>\n<th>Bit datos<\/th>\n<td>5 ~ 9 bits<\/td>\n<\/tr>\n<tr>\n<th>Control flujo<\/th>\n<td>N\/A<\/td>\n<\/tr>\n<tr>\n<th style=\"text-align: center; background-color: #f4f4f4;\" colspan=\"2\">SOFTWARE<\/th>\n<\/tr>\n<tr>\n<th>Protocolo<\/th>\n<td>TCP \/ UDP \/ ARP \/ ICMP \/ DHCP \/ DNS \/ HTTP \/ MQTT<\/td>\n<\/tr>\n<tr>\n<th>Configuraci\u00f3n<\/th>\n<td>HOST, navegador web, Comando serial AT<\/td>\n<\/tr>\n<tr>\n<th>M\u00e9todo de comunicaci\u00f3n<\/th>\n<td>Comunicaci\u00f3n directa TCP\/IP, VCOM<\/td>\n<\/tr>\n<tr>\n<th>Modo de funcionamiento<\/th>\n<td>Transmisi\u00f3n transparente, comando serie, cliente HTTPD, Modbus TCP a Modbus RTU<\/td>\n<\/tr>\n<tr>\n<th style=\"text-align: center; background-color: #f4f4f4;\" colspan=\"2\">REQUISITO MEDIO AMBIENTE<\/th>\n<\/tr>\n<tr>\n<th>Temperatura operativa<\/th>\n<td>-40 \u2103 ~ 85 \u2103<\/td>\n<\/tr>\n<tr>\n<th>Temperatura de almacenamiento<\/th>\n<td>-45 \u2103 ~ 125 \u2103<\/td>\n<\/tr>\n<tr>\n<th>Rango de humedad<\/th>\n<td>5% ~ 95% de humedad relativa<\/td>\n<\/tr>\n<\/tbody>\n<\/table>","protected":false},"excerpt":{"rendered":"<p>Convertidor RS485 a WIFI\/Ethernet Modbus MQTT con montaje en carriles DIN<br \/>\nCuenta CON una Antena<\/p>","protected":false},"featured_media":9107,"template":"","meta":{"_gspb_post_css":""},"product_brand":[],"product_cat":[138],"product_tag":[],"class_list":{"0":"post-9106","1":"product","2":"type-product","3":"status-publish","4":"has-post-thumbnail","6":"product_cat-control","8":"first","9":"instock","10":"taxable","11":"shipping-taxable","12":"purchasable","13":"product-type-simple"},"ct_brands":[],"yoast_head":"<!-- This site is optimized with the Yoast SEO plugin v27.1.1 - https:\/\/yoast.com\/product\/yoast-seo-wordpress\/ -->\n<title>Convertidor (Interface) Rs-485 a WIFI\/Ethernet Modbus, MQTT Gateway | IndTESA<\/title>\n<meta name=\"robots\" content=\"index, follow, max-snippet:-1, max-image-preview:large, max-video-preview:-1\" \/>\n<link rel=\"canonical\" href=\"https:\/\/indtesa-electronica.com\/en\/tienda-en-linea\/herramientas\/control\/convertidor-rs485-a-wifi-ethernet-modbus-mqtt\/\" \/>\n<meta property=\"og:locale\" content=\"en_US\" \/>\n<meta property=\"og:type\" content=\"article\" \/>\n<meta property=\"og:title\" content=\"Convertidor (Interface) Rs-485 a WIFI\/Ethernet Modbus, MQTT Gateway | IndTESA\" \/>\n<meta property=\"og:description\" content=\"Convertidor RS485 a WIFI\/Ethernet Modbus MQTT con montaje en carriles DIN Cuenta CON una Antena\" \/>\n<meta property=\"og:url\" content=\"https:\/\/indtesa-electronica.com\/en\/tienda-en-linea\/herramientas\/control\/convertidor-rs485-a-wifi-ethernet-modbus-mqtt\/\" \/>\n<meta property=\"og:site_name\" content=\"IndTESA\" \/>\n<meta property=\"article:modified_time\" content=\"2025-03-01T02:25:34+00:00\" \/>\n<meta property=\"og:image\" content=\"https:\/\/indtesa-electronica.com\/wp-content\/uploads\/2023\/11\/Convertidor-RS485-a-Ethernet-con-antena.png\" \/>\n\t<meta property=\"og:image:width\" content=\"440\" \/>\n\t<meta property=\"og:image:height\" content=\"440\" \/>\n\t<meta property=\"og:image:type\" content=\"image\/png\" \/>\n<meta name=\"twitter:card\" content=\"summary_large_image\" \/>\n<meta name=\"twitter:label1\" content=\"Est. reading time\" \/>\n\t<meta name=\"twitter:data1\" content=\"2 minutes\" \/>\n<script type=\"application\/ld+json\" class=\"yoast-schema-graph\">{\"@context\":\"https:\/\/schema.org\",\"@graph\":[{\"@type\":\"WebPage\",\"@id\":\"https:\/\/indtesa-electronica.com\/tienda-en-linea\/herramientas\/control\/convertidor-rs485-a-wifi-ethernet-modbus-mqtt\/\",\"url\":\"https:\/\/indtesa-electronica.com\/tienda-en-linea\/herramientas\/control\/convertidor-rs485-a-wifi-ethernet-modbus-mqtt\/\",\"name\":\"Convertidor (Interface) Rs-485 a WIFI\/Ethernet Modbus, MQTT Gateway | IndTESA\",\"isPartOf\":{\"@id\":\"https:\/\/indtesa-electronica.com\/#website\"},\"primaryImageOfPage\":{\"@id\":\"https:\/\/indtesa-electronica.com\/tienda-en-linea\/herramientas\/control\/convertidor-rs485-a-wifi-ethernet-modbus-mqtt\/#primaryimage\"},\"image\":{\"@id\":\"https:\/\/indtesa-electronica.com\/tienda-en-linea\/herramientas\/control\/convertidor-rs485-a-wifi-ethernet-modbus-mqtt\/#primaryimage\"},\"thumbnailUrl\":\"https:\/\/indtesa-electronica.com\/wp-content\/uploads\/2023\/11\/Convertidor-RS485-a-Ethernet-con-antena.png\",\"datePublished\":\"2023-11-19T18:42:48+00:00\",\"dateModified\":\"2025-03-01T02:25:34+00:00\",\"breadcrumb\":{\"@id\":\"https:\/\/indtesa-electronica.com\/tienda-en-linea\/herramientas\/control\/convertidor-rs485-a-wifi-ethernet-modbus-mqtt\/#breadcrumb\"},\"inLanguage\":\"en-US\",\"potentialAction\":[{\"@type\":\"ReadAction\",\"target\":[\"https:\/\/indtesa-electronica.com\/tienda-en-linea\/herramientas\/control\/convertidor-rs485-a-wifi-ethernet-modbus-mqtt\/\"]}]},{\"@type\":\"ImageObject\",\"inLanguage\":\"en-US\",\"@id\":\"https:\/\/indtesa-electronica.com\/tienda-en-linea\/herramientas\/control\/convertidor-rs485-a-wifi-ethernet-modbus-mqtt\/#primaryimage\",\"url\":\"https:\/\/indtesa-electronica.com\/wp-content\/uploads\/2023\/11\/Convertidor-RS485-a-Ethernet-con-antena.png\",\"contentUrl\":\"https:\/\/indtesa-electronica.com\/wp-content\/uploads\/2023\/11\/Convertidor-RS485-a-Ethernet-con-antena.png\",\"width\":440,\"height\":440},{\"@type\":\"BreadcrumbList\",\"@id\":\"https:\/\/indtesa-electronica.com\/tienda-en-linea\/herramientas\/control\/convertidor-rs485-a-wifi-ethernet-modbus-mqtt\/#breadcrumb\",\"itemListElement\":[{\"@type\":\"ListItem\",\"position\":1,\"name\":\"Inicio\",\"item\":\"https:\/\/indtesa-electronica.com\/\"},{\"@type\":\"ListItem\",\"position\":2,\"name\":\"Tienda en linea\",\"item\":\"https:\/\/indtesa-electronica.com\/tienda-en-linea\/\"},{\"@type\":\"ListItem\",\"position\":3,\"name\":\"Convertidor (Interface) Rs-485 a WIFI\/Ethernet Modbus, MQTT Gateway\"}]},{\"@type\":\"WebSite\",\"@id\":\"https:\/\/indtesa-electronica.com\/#website\",\"url\":\"https:\/\/indtesa-electronica.com\/\",\"name\":\"Electronica - IndTESA\",\"description\":\"\",\"publisher\":{\"@id\":\"https:\/\/indtesa-electronica.com\/#organization\"},\"potentialAction\":[{\"@type\":\"SearchAction\",\"target\":{\"@type\":\"EntryPoint\",\"urlTemplate\":\"https:\/\/indtesa-electronica.com\/?s={search_term_string}\"},\"query-input\":{\"@type\":\"PropertyValueSpecification\",\"valueRequired\":true,\"valueName\":\"search_term_string\"}}],\"inLanguage\":\"en-US\"},{\"@type\":\"Organization\",\"@id\":\"https:\/\/indtesa-electronica.com\/#organization\",\"name\":\"Industrial TESA S.A.S. de C.V.\",\"url\":\"https:\/\/indtesa-electronica.com\/\",\"logo\":{\"@type\":\"ImageObject\",\"inLanguage\":\"en-US\",\"@id\":\"https:\/\/indtesa-electronica.com\/#\/schema\/logo\/image\/\",\"url\":\"\",\"contentUrl\":\"\",\"caption\":\"Industrial TESA S.A.S. de C.V.\"},\"image\":{\"@id\":\"https:\/\/indtesa-electronica.com\/#\/schema\/logo\/image\/\"}}]}<\/script>\n<!-- \/ Yoast SEO plugin. -->","yoast_head_json":{"title":"Convertidor (Interface) Rs-485 a WIFI\/Ethernet Modbus, MQTT Gateway | IndTESA","robots":{"index":"index","follow":"follow","max-snippet":"max-snippet:-1","max-image-preview":"max-image-preview:large","max-video-preview":"max-video-preview:-1"},"canonical":"https:\/\/indtesa-electronica.com\/en\/tienda-en-linea\/herramientas\/control\/convertidor-rs485-a-wifi-ethernet-modbus-mqtt\/","og_locale":"en_US","og_type":"article","og_title":"Convertidor (Interface) Rs-485 a WIFI\/Ethernet Modbus, MQTT Gateway | IndTESA","og_description":"Convertidor RS485 a WIFI\/Ethernet Modbus MQTT con montaje en carriles DIN Cuenta CON una Antena","og_url":"https:\/\/indtesa-electronica.com\/en\/tienda-en-linea\/herramientas\/control\/convertidor-rs485-a-wifi-ethernet-modbus-mqtt\/","og_site_name":"IndTESA","article_modified_time":"2025-03-01T02:25:34+00:00","og_image":[{"width":440,"height":440,"url":"https:\/\/indtesa-electronica.com\/wp-content\/uploads\/2023\/11\/Convertidor-RS485-a-Ethernet-con-antena.png","type":"image\/png"}],"twitter_card":"summary_large_image","twitter_misc":{"Est. reading time":"2 minutes"},"schema":{"@context":"https:\/\/schema.org","@graph":[{"@type":"WebPage","@id":"https:\/\/indtesa-electronica.com\/tienda-en-linea\/herramientas\/control\/convertidor-rs485-a-wifi-ethernet-modbus-mqtt\/","url":"https:\/\/indtesa-electronica.com\/tienda-en-linea\/herramientas\/control\/convertidor-rs485-a-wifi-ethernet-modbus-mqtt\/","name":"Convertidor (Interface) Rs-485 a WIFI\/Ethernet Modbus, MQTT Gateway | IndTESA","isPartOf":{"@id":"https:\/\/indtesa-electronica.com\/#website"},"primaryImageOfPage":{"@id":"https:\/\/indtesa-electronica.com\/tienda-en-linea\/herramientas\/control\/convertidor-rs485-a-wifi-ethernet-modbus-mqtt\/#primaryimage"},"image":{"@id":"https:\/\/indtesa-electronica.com\/tienda-en-linea\/herramientas\/control\/convertidor-rs485-a-wifi-ethernet-modbus-mqtt\/#primaryimage"},"thumbnailUrl":"https:\/\/indtesa-electronica.com\/wp-content\/uploads\/2023\/11\/Convertidor-RS485-a-Ethernet-con-antena.png","datePublished":"2023-11-19T18:42:48+00:00","dateModified":"2025-03-01T02:25:34+00:00","breadcrumb":{"@id":"https:\/\/indtesa-electronica.com\/tienda-en-linea\/herramientas\/control\/convertidor-rs485-a-wifi-ethernet-modbus-mqtt\/#breadcrumb"},"inLanguage":"en-US","potentialAction":[{"@type":"ReadAction","target":["https:\/\/indtesa-electronica.com\/tienda-en-linea\/herramientas\/control\/convertidor-rs485-a-wifi-ethernet-modbus-mqtt\/"]}]},{"@type":"ImageObject","inLanguage":"en-US","@id":"https:\/\/indtesa-electronica.com\/tienda-en-linea\/herramientas\/control\/convertidor-rs485-a-wifi-ethernet-modbus-mqtt\/#primaryimage","url":"https:\/\/indtesa-electronica.com\/wp-content\/uploads\/2023\/11\/Convertidor-RS485-a-Ethernet-con-antena.png","contentUrl":"https:\/\/indtesa-electronica.com\/wp-content\/uploads\/2023\/11\/Convertidor-RS485-a-Ethernet-con-antena.png","width":440,"height":440},{"@type":"BreadcrumbList","@id":"https:\/\/indtesa-electronica.com\/tienda-en-linea\/herramientas\/control\/convertidor-rs485-a-wifi-ethernet-modbus-mqtt\/#breadcrumb","itemListElement":[{"@type":"ListItem","position":1,"name":"Inicio","item":"https:\/\/indtesa-electronica.com\/"},{"@type":"ListItem","position":2,"name":"Tienda en linea","item":"https:\/\/indtesa-electronica.com\/tienda-en-linea\/"},{"@type":"ListItem","position":3,"name":"Convertidor (Interface) Rs-485 a WIFI\/Ethernet Modbus, MQTT Gateway"}]},{"@type":"WebSite","@id":"https:\/\/indtesa-electronica.com\/#website","url":"https:\/\/indtesa-electronica.com\/","name":"Electronica - IndTESA","description":"","publisher":{"@id":"https:\/\/indtesa-electronica.com\/#organization"},"potentialAction":[{"@type":"SearchAction","target":{"@type":"EntryPoint","urlTemplate":"https:\/\/indtesa-electronica.com\/?s={search_term_string}"},"query-input":{"@type":"PropertyValueSpecification","valueRequired":true,"valueName":"search_term_string"}}],"inLanguage":"en-US"},{"@type":"Organization","@id":"https:\/\/indtesa-electronica.com\/#organization","name":"Industrial TESA S.A.S. de C.V.","url":"https:\/\/indtesa-electronica.com\/","logo":{"@type":"ImageObject","inLanguage":"en-US","@id":"https:\/\/indtesa-electronica.com\/#\/schema\/logo\/image\/","url":"","contentUrl":"","caption":"Industrial TESA S.A.S. de C.V."},"image":{"@id":"https:\/\/indtesa-electronica.com\/#\/schema\/logo\/image\/"}}]}},"jetpack_sharing_enabled":true,"tiered_pricing_type":"fixed","tiered_pricing_fixed_rules":[],"tiered_pricing_product_settings":{"layout":"default","base_unit_name":{"singular":null,"plural":null},"default_variation":null},"tiered_pricing_minimum_quantity":null,"tiered_pricing_roles_data":[],"tiered_pricing_percentage_rules":[],"_links":{"self":[{"href":"https:\/\/indtesa-electronica.com\/en\/wp-json\/wp\/v2\/product\/9106","targetHints":{"allow":["GET"]}}],"collection":[{"href":"https:\/\/indtesa-electronica.com\/en\/wp-json\/wp\/v2\/product"}],"about":[{"href":"https:\/\/indtesa-electronica.com\/en\/wp-json\/wp\/v2\/types\/product"}],"wp:featuredmedia":[{"embeddable":true,"href":"https:\/\/indtesa-electronica.com\/en\/wp-json\/wp\/v2\/media\/9107"}],"wp:attachment":[{"href":"https:\/\/indtesa-electronica.com\/en\/wp-json\/wp\/v2\/media?parent=9106"}],"wp:term":[{"taxonomy":"product_brand","embeddable":true,"href":"https:\/\/indtesa-electronica.com\/en\/wp-json\/wp\/v2\/product_brand?post=9106"},{"taxonomy":"product_cat","embeddable":true,"href":"https:\/\/indtesa-electronica.com\/en\/wp-json\/wp\/v2\/product_cat?post=9106"},{"taxonomy":"product_tag","embeddable":true,"href":"https:\/\/indtesa-electronica.com\/en\/wp-json\/wp\/v2\/product_tag?post=9106"}],"curies":[{"name":"wp","href":"https:\/\/api.w.org\/{rel}","templated":true}]}}