{"id":9223,"date":"2023-12-05T15:42:20","date_gmt":"2023-12-05T15:42:20","guid":{"rendered":"https:\/\/indtesa-electronica.com\/?post_type=product&#038;p=9223"},"modified":"2025-02-26T00:39:05","modified_gmt":"2025-02-26T00:39:05","slug":"mini-interruptor-inteligente-minir4","status":"publish","type":"product","link":"https:\/\/indtesa-electronica.com\/en\/tienda-en-linea\/iot\/domotica\/mini-interruptor-inteligente-minir4\/","title":{"rendered":"Mini Interruptor Inteligente MINIR4"},"content":{"rendered":"<p><img loading=\"lazy\" decoding=\"async\" class=\"wp-image-9225 aligncenter\" src=\"https:\/\/indtesa-electronica.com\/wp-content\/uploads\/2023\/12\/Mini-Interruptor-Inteligente-MINIR4_2-300x174.png\" alt=\"\" width=\"650\" height=\"377\" srcset=\"https:\/\/indtesa-electronica.com\/wp-content\/uploads\/2023\/12\/Mini-Interruptor-Inteligente-MINIR4_2-300x174.png 300w, https:\/\/indtesa-electronica.com\/wp-content\/uploads\/2023\/12\/Mini-Interruptor-Inteligente-MINIR4_2-768x445.png 768w, https:\/\/indtesa-electronica.com\/wp-content\/uploads\/2023\/12\/Mini-Interruptor-Inteligente-MINIR4_2-18x10.png 18w, https:\/\/indtesa-electronica.com\/wp-content\/uploads\/2023\/12\/Mini-Interruptor-Inteligente-MINIR4_2-500x289.png 500w, https:\/\/indtesa-electronica.com\/wp-content\/uploads\/2023\/12\/Mini-Interruptor-Inteligente-MINIR4_2.png 950w\" sizes=\"auto, (max-width: 650px) 100vw, 650px\" \/><\/p>\n<p><img loading=\"lazy\" decoding=\"async\" class=\"wp-image-9226 aligncenter\" src=\"https:\/\/indtesa-electronica.com\/wp-content\/uploads\/2023\/12\/Mini-Interruptor-Inteligente-MINIR4_3-300x142.png\" alt=\"\" width=\"649\" height=\"307\" srcset=\"https:\/\/indtesa-electronica.com\/wp-content\/uploads\/2023\/12\/Mini-Interruptor-Inteligente-MINIR4_3-300x142.png 300w, https:\/\/indtesa-electronica.com\/wp-content\/uploads\/2023\/12\/Mini-Interruptor-Inteligente-MINIR4_3-768x364.png 768w, https:\/\/indtesa-electronica.com\/wp-content\/uploads\/2023\/12\/Mini-Interruptor-Inteligente-MINIR4_3-18x9.png 18w, https:\/\/indtesa-electronica.com\/wp-content\/uploads\/2023\/12\/Mini-Interruptor-Inteligente-MINIR4_3-500x237.png 500w, https:\/\/indtesa-electronica.com\/wp-content\/uploads\/2023\/12\/Mini-Interruptor-Inteligente-MINIR4_3.png 950w\" sizes=\"auto, (max-width: 649px) 100vw, 649px\" \/><\/p>\n<p><img loading=\"lazy\" decoding=\"async\" class=\"wp-image-9227 aligncenter\" src=\"https:\/\/indtesa-electronica.com\/wp-content\/uploads\/2023\/12\/Mini-Interruptor-Inteligente-MINIR4_4-300x178.png\" alt=\"\" width=\"650\" height=\"386\" srcset=\"https:\/\/indtesa-electronica.com\/wp-content\/uploads\/2023\/12\/Mini-Interruptor-Inteligente-MINIR4_4-300x178.png 300w, https:\/\/indtesa-electronica.com\/wp-content\/uploads\/2023\/12\/Mini-Interruptor-Inteligente-MINIR4_4-768x456.png 768w, https:\/\/indtesa-electronica.com\/wp-content\/uploads\/2023\/12\/Mini-Interruptor-Inteligente-MINIR4_4-18x12.png 18w, https:\/\/indtesa-electronica.com\/wp-content\/uploads\/2023\/12\/Mini-Interruptor-Inteligente-MINIR4_4-500x297.png 500w, https:\/\/indtesa-electronica.com\/wp-content\/uploads\/2023\/12\/Mini-Interruptor-Inteligente-MINIR4_4.png 935w\" sizes=\"auto, (max-width: 650px) 100vw, 650px\" \/><\/p>\n<p><img loading=\"lazy\" decoding=\"async\" class=\"wp-image-9228 aligncenter\" src=\"https:\/\/indtesa-electronica.com\/wp-content\/uploads\/2023\/12\/Mini-Interruptor-Inteligente-MINIR4_5-286x300.jpg\" alt=\"\" width=\"649\" height=\"681\" srcset=\"https:\/\/indtesa-electronica.com\/wp-content\/uploads\/2023\/12\/Mini-Interruptor-Inteligente-MINIR4_5-286x300.jpg 286w, https:\/\/indtesa-electronica.com\/wp-content\/uploads\/2023\/12\/Mini-Interruptor-Inteligente-MINIR4_5-11x12.jpg 11w, https:\/\/indtesa-electronica.com\/wp-content\/uploads\/2023\/12\/Mini-Interruptor-Inteligente-MINIR4_5-500x524.jpg 500w, https:\/\/indtesa-electronica.com\/wp-content\/uploads\/2023\/12\/Mini-Interruptor-Inteligente-MINIR4_5.jpg 620w\" sizes=\"auto, (max-width: 649px) 100vw, 649px\" \/><\/p>\n<p><img loading=\"lazy\" decoding=\"async\" class=\"wp-image-9229 aligncenter\" src=\"https:\/\/indtesa-electronica.com\/wp-content\/uploads\/2023\/12\/Mini-Interruptor-Inteligente-MINIR4_6-294x300.jpg\" alt=\"\" width=\"650\" height=\"663\" srcset=\"https:\/\/indtesa-electronica.com\/wp-content\/uploads\/2023\/12\/Mini-Interruptor-Inteligente-MINIR4_6-294x300.jpg 294w, https:\/\/indtesa-electronica.com\/wp-content\/uploads\/2023\/12\/Mini-Interruptor-Inteligente-MINIR4_6-12x12.jpg 12w, https:\/\/indtesa-electronica.com\/wp-content\/uploads\/2023\/12\/Mini-Interruptor-Inteligente-MINIR4_6-500x510.jpg 500w, https:\/\/indtesa-electronica.com\/wp-content\/uploads\/2023\/12\/Mini-Interruptor-Inteligente-MINIR4_6.jpg 720w\" sizes=\"auto, (max-width: 650px) 100vw, 650px\" \/><\/p>\n<p><img loading=\"lazy\" decoding=\"async\" class=\"wp-image-9230 aligncenter\" src=\"https:\/\/indtesa-electronica.com\/wp-content\/uploads\/2023\/12\/Mini-Interruptor-Inteligente-MINIR4_7-300x291.jpg\" alt=\"\" width=\"651\" height=\"631\" srcset=\"https:\/\/indtesa-electronica.com\/wp-content\/uploads\/2023\/12\/Mini-Interruptor-Inteligente-MINIR4_7-300x291.jpg 300w, https:\/\/indtesa-electronica.com\/wp-content\/uploads\/2023\/12\/Mini-Interruptor-Inteligente-MINIR4_7-12x12.jpg 12w, https:\/\/indtesa-electronica.com\/wp-content\/uploads\/2023\/12\/Mini-Interruptor-Inteligente-MINIR4_7-500x486.jpg 500w, https:\/\/indtesa-electronica.com\/wp-content\/uploads\/2023\/12\/Mini-Interruptor-Inteligente-MINIR4_7.jpg 700w\" sizes=\"auto, (max-width: 651px) 100vw, 651px\" \/><\/p>\n<p>&nbsp;<\/p>\n<p>&nbsp;<\/p>\n<p><strong>Tama\u00f1o s\u00faper peque\u00f1o:<\/strong> Su tama\u00f1o compacto le permite instalarse en varias cajas de montaje, incluido el est\u00e1ndar europeo m\u00e1s peque\u00f1o.<br \/>\n<strong>Control de interruptor externo:<\/strong> Con\u00e9ctese f\u00e1cilmente al interruptor moment\u00e1neo, al interruptor de salida de la puerta, al interruptor SPDT, al interruptor de enganche e incluso a los sensores de contacto seco.<br \/>\n<strong>Modo de desconexi\u00f3n de rel\u00e1ctio:<\/strong> MINIR4 tiene modo de &#8220;Desconexi\u00f3n de rel\u00e9&#8221;, lo que significa que los Estados de los interruptores externos y el rel\u00e9 est\u00e1n separados, por lo que operar el bot\u00f3n del interruptor externo no afectar\u00e1 el estado del rel\u00e9.<br \/>\n<strong>Control remoto eWeLink:<\/strong> MINIR4 es un interruptor inteligente con la funci\u00f3n de puerta de enlace de &#8220;eWeLink-Remote&#8221;. Puede agregar subdispositivos &#8220;eWeLink-Remote&#8221;, R5 y 2017, despu\u00e9s de emparejarlos con MINIR4, tanto el R5 como el S-MATE pueden actuar como controladores remotos para controlar el MINIR4 localmente a trav\u00e9s de la se\u00f1al eWeLink-Remote.<br \/>\n<strong>Seguro y confiable:<\/strong> Las certificaciones T\u00dcV, CE y FCC garantizan un producto m\u00e1s seguro y fiable.<\/p>","protected":false},"excerpt":{"rendered":"<p>&nbsp; &nbsp; Tama\u00f1o s\u00faper peque\u00f1o: Su tama\u00f1o compacto le permite instalarse en varias cajas de montaje, incluido el est\u00e1ndar europeo m\u00e1s peque\u00f1o. Control de interruptor externo: Con\u00e9ctese f\u00e1cilmente al interruptor moment\u00e1neo, al interruptor de salida de la puerta, al interruptor SPDT, al interruptor de enganche e incluso a los sensores de contacto seco. Modo de [&hellip;]<\/p>\n","protected":false},"featured_media":9224,"template":"","meta":{"_gspb_post_css":""},"product_brand":[233],"product_cat":[111],"product_tag":[],"class_list":{"0":"post-9223","1":"product","2":"type-product","3":"status-publish","4":"has-post-thumbnail","6":"product_brand-sonoff","7":"product_cat-domotica","9":"first","10":"instock","11":"taxable","12":"shipping-taxable","13":"purchasable","14":"product-type-simple"},"ct_brands":[{"id":233,"name":"Sonoff","slug":"sonoff"}],"yoast_head":"<!-- This site is optimized with the Yoast SEO plugin v27.1.1 - https:\/\/yoast.com\/product\/yoast-seo-wordpress\/ -->\n<title>Mini Interruptor Inteligente MINIR4 | IndTESA<\/title>\n<meta name=\"robots\" content=\"index, follow, max-snippet:-1, max-image-preview:large, max-video-preview:-1\" \/>\n<link rel=\"canonical\" href=\"https:\/\/indtesa-electronica.com\/en\/tienda-en-linea\/iot\/domotica\/mini-interruptor-inteligente-minir4\/\" \/>\n<meta property=\"og:locale\" content=\"en_US\" \/>\n<meta property=\"og:type\" content=\"article\" \/>\n<meta property=\"og:title\" content=\"Mini Interruptor Inteligente MINIR4 | IndTESA\" \/>\n<meta property=\"og:description\" content=\"&nbsp; &nbsp; Tama\u00f1o s\u00faper peque\u00f1o: Su tama\u00f1o compacto le permite instalarse en varias cajas de montaje, incluido el est\u00e1ndar europeo m\u00e1s peque\u00f1o. Control de interruptor externo: Con\u00e9ctese f\u00e1cilmente al interruptor moment\u00e1neo, al interruptor de salida de la puerta, al interruptor SPDT, al interruptor de enganche e incluso a los sensores de contacto seco. Modo de [&hellip;]\" \/>\n<meta property=\"og:url\" content=\"https:\/\/indtesa-electronica.com\/en\/tienda-en-linea\/iot\/domotica\/mini-interruptor-inteligente-minir4\/\" \/>\n<meta property=\"og:site_name\" content=\"IndTESA\" \/>\n<meta property=\"article:modified_time\" content=\"2025-02-26T00:39:05+00:00\" \/>\n<meta property=\"og:image\" content=\"https:\/\/indtesa-electronica.com\/wp-content\/uploads\/2023\/12\/Mini-Interruptor-Inteligente-MINIR4.png\" \/>\n\t<meta property=\"og:image:width\" content=\"300\" \/>\n\t<meta property=\"og:image:height\" content=\"300\" \/>\n\t<meta property=\"og:image:type\" content=\"image\/png\" \/>\n<meta name=\"twitter:card\" content=\"summary_large_image\" \/>\n<meta name=\"twitter:label1\" content=\"Est. reading time\" \/>\n\t<meta name=\"twitter:data1\" content=\"3 minutes\" \/>\n<script type=\"application\/ld+json\" class=\"yoast-schema-graph\">{\"@context\":\"https:\/\/schema.org\",\"@graph\":[{\"@type\":\"WebPage\",\"@id\":\"https:\/\/indtesa-electronica.com\/tienda-en-linea\/iot\/domotica\/mini-interruptor-inteligente-minir4\/\",\"url\":\"https:\/\/indtesa-electronica.com\/tienda-en-linea\/iot\/domotica\/mini-interruptor-inteligente-minir4\/\",\"name\":\"Mini Interruptor Inteligente MINIR4 | IndTESA\",\"isPartOf\":{\"@id\":\"https:\/\/indtesa-electronica.com\/#website\"},\"primaryImageOfPage\":{\"@id\":\"https:\/\/indtesa-electronica.com\/tienda-en-linea\/iot\/domotica\/mini-interruptor-inteligente-minir4\/#primaryimage\"},\"image\":{\"@id\":\"https:\/\/indtesa-electronica.com\/tienda-en-linea\/iot\/domotica\/mini-interruptor-inteligente-minir4\/#primaryimage\"},\"thumbnailUrl\":\"https:\/\/indtesa-electronica.com\/wp-content\/uploads\/2023\/12\/Mini-Interruptor-Inteligente-MINIR4.png\",\"datePublished\":\"2023-12-05T15:42:20+00:00\",\"dateModified\":\"2025-02-26T00:39:05+00:00\",\"breadcrumb\":{\"@id\":\"https:\/\/indtesa-electronica.com\/tienda-en-linea\/iot\/domotica\/mini-interruptor-inteligente-minir4\/#breadcrumb\"},\"inLanguage\":\"en-US\",\"potentialAction\":[{\"@type\":\"ReadAction\",\"target\":[\"https:\/\/indtesa-electronica.com\/tienda-en-linea\/iot\/domotica\/mini-interruptor-inteligente-minir4\/\"]}]},{\"@type\":\"ImageObject\",\"inLanguage\":\"en-US\",\"@id\":\"https:\/\/indtesa-electronica.com\/tienda-en-linea\/iot\/domotica\/mini-interruptor-inteligente-minir4\/#primaryimage\",\"url\":\"https:\/\/indtesa-electronica.com\/wp-content\/uploads\/2023\/12\/Mini-Interruptor-Inteligente-MINIR4.png\",\"contentUrl\":\"https:\/\/indtesa-electronica.com\/wp-content\/uploads\/2023\/12\/Mini-Interruptor-Inteligente-MINIR4.png\",\"width\":300,\"height\":300},{\"@type\":\"BreadcrumbList\",\"@id\":\"https:\/\/indtesa-electronica.com\/tienda-en-linea\/iot\/domotica\/mini-interruptor-inteligente-minir4\/#breadcrumb\",\"itemListElement\":[{\"@type\":\"ListItem\",\"position\":1,\"name\":\"Inicio\",\"item\":\"https:\/\/indtesa-electronica.com\/\"},{\"@type\":\"ListItem\",\"position\":2,\"name\":\"Tienda en linea\",\"item\":\"https:\/\/indtesa-electronica.com\/tienda-en-linea\/\"},{\"@type\":\"ListItem\",\"position\":3,\"name\":\"Mini Interruptor Inteligente MINIR4\"}]},{\"@type\":\"WebSite\",\"@id\":\"https:\/\/indtesa-electronica.com\/#website\",\"url\":\"https:\/\/indtesa-electronica.com\/\",\"name\":\"Electronica - IndTESA\",\"description\":\"\",\"publisher\":{\"@id\":\"https:\/\/indtesa-electronica.com\/#organization\"},\"potentialAction\":[{\"@type\":\"SearchAction\",\"target\":{\"@type\":\"EntryPoint\",\"urlTemplate\":\"https:\/\/indtesa-electronica.com\/?s={search_term_string}\"},\"query-input\":{\"@type\":\"PropertyValueSpecification\",\"valueRequired\":true,\"valueName\":\"search_term_string\"}}],\"inLanguage\":\"en-US\"},{\"@type\":\"Organization\",\"@id\":\"https:\/\/indtesa-electronica.com\/#organization\",\"name\":\"Industrial TESA S.A.S. de C.V.\",\"url\":\"https:\/\/indtesa-electronica.com\/\",\"logo\":{\"@type\":\"ImageObject\",\"inLanguage\":\"en-US\",\"@id\":\"https:\/\/indtesa-electronica.com\/#\/schema\/logo\/image\/\",\"url\":\"\",\"contentUrl\":\"\",\"caption\":\"Industrial TESA S.A.S. de C.V.\"},\"image\":{\"@id\":\"https:\/\/indtesa-electronica.com\/#\/schema\/logo\/image\/\"}}]}<\/script>\n<!-- \/ Yoast SEO plugin. -->","yoast_head_json":{"title":"Mini Interruptor Inteligente MINIR4 | IndTESA","robots":{"index":"index","follow":"follow","max-snippet":"max-snippet:-1","max-image-preview":"max-image-preview:large","max-video-preview":"max-video-preview:-1"},"canonical":"https:\/\/indtesa-electronica.com\/en\/tienda-en-linea\/iot\/domotica\/mini-interruptor-inteligente-minir4\/","og_locale":"en_US","og_type":"article","og_title":"Mini Interruptor Inteligente MINIR4 | IndTESA","og_description":"&nbsp; &nbsp; Tama\u00f1o s\u00faper peque\u00f1o: Su tama\u00f1o compacto le permite instalarse en varias cajas de montaje, incluido el est\u00e1ndar europeo m\u00e1s peque\u00f1o. Control de interruptor externo: Con\u00e9ctese f\u00e1cilmente al interruptor moment\u00e1neo, al interruptor de salida de la puerta, al interruptor SPDT, al interruptor de enganche e incluso a los sensores de contacto seco. Modo de [&hellip;]","og_url":"https:\/\/indtesa-electronica.com\/en\/tienda-en-linea\/iot\/domotica\/mini-interruptor-inteligente-minir4\/","og_site_name":"IndTESA","article_modified_time":"2025-02-26T00:39:05+00:00","og_image":[{"width":300,"height":300,"url":"https:\/\/indtesa-electronica.com\/wp-content\/uploads\/2023\/12\/Mini-Interruptor-Inteligente-MINIR4.png","type":"image\/png"}],"twitter_card":"summary_large_image","twitter_misc":{"Est. reading time":"3 minutes"},"schema":{"@context":"https:\/\/schema.org","@graph":[{"@type":"WebPage","@id":"https:\/\/indtesa-electronica.com\/tienda-en-linea\/iot\/domotica\/mini-interruptor-inteligente-minir4\/","url":"https:\/\/indtesa-electronica.com\/tienda-en-linea\/iot\/domotica\/mini-interruptor-inteligente-minir4\/","name":"Mini Interruptor Inteligente MINIR4 | IndTESA","isPartOf":{"@id":"https:\/\/indtesa-electronica.com\/#website"},"primaryImageOfPage":{"@id":"https:\/\/indtesa-electronica.com\/tienda-en-linea\/iot\/domotica\/mini-interruptor-inteligente-minir4\/#primaryimage"},"image":{"@id":"https:\/\/indtesa-electronica.com\/tienda-en-linea\/iot\/domotica\/mini-interruptor-inteligente-minir4\/#primaryimage"},"thumbnailUrl":"https:\/\/indtesa-electronica.com\/wp-content\/uploads\/2023\/12\/Mini-Interruptor-Inteligente-MINIR4.png","datePublished":"2023-12-05T15:42:20+00:00","dateModified":"2025-02-26T00:39:05+00:00","breadcrumb":{"@id":"https:\/\/indtesa-electronica.com\/tienda-en-linea\/iot\/domotica\/mini-interruptor-inteligente-minir4\/#breadcrumb"},"inLanguage":"en-US","potentialAction":[{"@type":"ReadAction","target":["https:\/\/indtesa-electronica.com\/tienda-en-linea\/iot\/domotica\/mini-interruptor-inteligente-minir4\/"]}]},{"@type":"ImageObject","inLanguage":"en-US","@id":"https:\/\/indtesa-electronica.com\/tienda-en-linea\/iot\/domotica\/mini-interruptor-inteligente-minir4\/#primaryimage","url":"https:\/\/indtesa-electronica.com\/wp-content\/uploads\/2023\/12\/Mini-Interruptor-Inteligente-MINIR4.png","contentUrl":"https:\/\/indtesa-electronica.com\/wp-content\/uploads\/2023\/12\/Mini-Interruptor-Inteligente-MINIR4.png","width":300,"height":300},{"@type":"BreadcrumbList","@id":"https:\/\/indtesa-electronica.com\/tienda-en-linea\/iot\/domotica\/mini-interruptor-inteligente-minir4\/#breadcrumb","itemListElement":[{"@type":"ListItem","position":1,"name":"Inicio","item":"https:\/\/indtesa-electronica.com\/"},{"@type":"ListItem","position":2,"name":"Tienda en linea","item":"https:\/\/indtesa-electronica.com\/tienda-en-linea\/"},{"@type":"ListItem","position":3,"name":"Mini Interruptor Inteligente MINIR4"}]},{"@type":"WebSite","@id":"https:\/\/indtesa-electronica.com\/#website","url":"https:\/\/indtesa-electronica.com\/","name":"Electronica - IndTESA","description":"","publisher":{"@id":"https:\/\/indtesa-electronica.com\/#organization"},"potentialAction":[{"@type":"SearchAction","target":{"@type":"EntryPoint","urlTemplate":"https:\/\/indtesa-electronica.com\/?s={search_term_string}"},"query-input":{"@type":"PropertyValueSpecification","valueRequired":true,"valueName":"search_term_string"}}],"inLanguage":"en-US"},{"@type":"Organization","@id":"https:\/\/indtesa-electronica.com\/#organization","name":"Industrial TESA S.A.S. de C.V.","url":"https:\/\/indtesa-electronica.com\/","logo":{"@type":"ImageObject","inLanguage":"en-US","@id":"https:\/\/indtesa-electronica.com\/#\/schema\/logo\/image\/","url":"","contentUrl":"","caption":"Industrial TESA S.A.S. de C.V."},"image":{"@id":"https:\/\/indtesa-electronica.com\/#\/schema\/logo\/image\/"}}]}},"jetpack_sharing_enabled":true,"tiered_pricing_type":"fixed","tiered_pricing_fixed_rules":[],"tiered_pricing_product_settings":{"layout":"default","base_unit_name":{"singular":null,"plural":null},"default_variation":null},"tiered_pricing_minimum_quantity":null,"tiered_pricing_roles_data":[],"tiered_pricing_percentage_rules":[],"_links":{"self":[{"href":"https:\/\/indtesa-electronica.com\/en\/wp-json\/wp\/v2\/product\/9223","targetHints":{"allow":["GET"]}}],"collection":[{"href":"https:\/\/indtesa-electronica.com\/en\/wp-json\/wp\/v2\/product"}],"about":[{"href":"https:\/\/indtesa-electronica.com\/en\/wp-json\/wp\/v2\/types\/product"}],"wp:featuredmedia":[{"embeddable":true,"href":"https:\/\/indtesa-electronica.com\/en\/wp-json\/wp\/v2\/media\/9224"}],"wp:attachment":[{"href":"https:\/\/indtesa-electronica.com\/en\/wp-json\/wp\/v2\/media?parent=9223"}],"wp:term":[{"taxonomy":"product_brand","embeddable":true,"href":"https:\/\/indtesa-electronica.com\/en\/wp-json\/wp\/v2\/product_brand?post=9223"},{"taxonomy":"product_cat","embeddable":true,"href":"https:\/\/indtesa-electronica.com\/en\/wp-json\/wp\/v2\/product_cat?post=9223"},{"taxonomy":"product_tag","embeddable":true,"href":"https:\/\/indtesa-electronica.com\/en\/wp-json\/wp\/v2\/product_tag?post=9223"}],"curies":[{"name":"wp","href":"https:\/\/api.w.org\/{rel}","templated":true}]}}